
{"id":3,"date":"2020-07-13T18:47:38","date_gmt":"2020-07-13T15:47:38","guid":{"rendered":"http:\/?page_id=3"},"modified":"2025-11-02T16:27:26","modified_gmt":"2025-11-02T14:27:26","slug":"%d7%aa%d7%a7%d7%a0%d7%95%d7%9f","status":"publish","type":"page","link":"https:\/\/glamourshop.co.il\/fr\/%d7%aa%d7%a7%d7%a0%d7%95%d7%9f\/","title":{"rendered":"R\u00e8glement"},"content":{"rendered":"<h3><strong>Conditions g\u00e9n\u00e9rales du site\u00a0<\/strong><\/h3>\n<p>Les conditions g\u00e9n\u00e9rales r\u00e9gissent les relations entre l'acheteur et le site Glamourshop.co.il (ci-apr\u00e8s d\u00e9nomm\u00e9 \" le site \"). Le site est une boutique en ligne d\u00e9tenue exclusivement par l'entreprise \u00ab Nissan Professional-Nails \u00bb (n\u00b0 d'enregistrement 200030872) qui commercialise des produits professionnels pour les ongles et des cosm\u00e9tiques dans le domaine de la beaut\u00e9.<\/p>\n<h3><b>Livraisons\u00a0<i><br \/>\n<\/i><\/b><\/h3>\n<p>Livraison \u00e0 domicile sous 3 \u00e0 5 jours ouvr\u00e9s<br \/>\nLes d\u00e9lais de livraison d\u00e9pendent uniquement de la soci\u00e9t\u00e9 externe qui fournit les services de livraison au site. De plus, des retards peuvent survenir dans les localit\u00e9s \u00e9loign\u00e9es : Eilat, les localit\u00e9s de l'Arava, les localit\u00e9s situ\u00e9es au-del\u00e0 de la Ligne verte et la r\u00e9gion du Golan.<\/p>\n<p>Retrait \u00e0 l'adresse suivante : 2, rue HaBonim, Netanya.<\/p>\n<h3><b>Date de la commande<\/b><\/h3>\n<p>La commande prendra effet le jour o\u00f9 la soci\u00e9t\u00e9 de cr\u00e9dit aura approuv\u00e9 la transaction effectu\u00e9e par le client.<\/p>\n<h3><b>jour ouvrable<\/b><\/h3>\n<p>Les jours ouvrables sont les jours de semaine, du dimanche au jeudi, et n'incluent pas les vendredis, samedis, veilles de jours f\u00e9ri\u00e9s et jours f\u00e9ri\u00e9s.<\/p>\n<h3><b>Retour de produits\/annulation d'une transaction<\/b><\/h3>\n<p>Le client qui passe commande sur le site a le droit de retourner les produits dans un d\u00e9lai de 14 jours ouvrables, \u00e0 condition qu'ils soient dans leur emballage d'origine et en bon \u00e9tat.<\/p>\n<p>***Les produits utilis\u00e9s ne peuvent pas \u00eatre retourn\u00e9s.<\/p>\n<p>***Les frais de retour seront \u00e0 la charge exclusive de l'acheteur. Le site remboursera l'acheteur uniquement pour le co\u00fbt des produits.<\/p>\n<p>***Nous d\u00e9clinons toute responsabilit\u00e9 pour tout dommage caus\u00e9 au produit suite \u00e0 une utilisation incorrecte ou inappropri\u00e9e du produit achet\u00e9.<\/p>\n<h3><b>Responsabilit\u00e9, s\u00e9curit\u00e9 et confidentialit\u00e9<\/b><\/h3>\n<p>La soci\u00e9t\u00e9 d\u00e9clare qu'elle-m\u00eame et\/ou ses repr\u00e9sentants font tout leur possible pour pr\u00e9server la confidentialit\u00e9 des informations en prenant les mesures de pr\u00e9caution habituelles. Il convient de noter que les donn\u00e9es personnelles de l'utilisateur qui s'inscrit et\/ou effectue un achat en saisissant ses coordonn\u00e9es ne sont utilis\u00e9es que pour effectuer le paiement. En outre, la soci\u00e9t\u00e9 ne transmet les donn\u00e9es de paiement \u00e0 aucun tiers, sauf pour effectuer la transaction demand\u00e9e par l'utilisateur.<\/p>\n<p>Les informations relatives aux cartes de cr\u00e9dit saisies par les utilisateurs du site ne sont pas conserv\u00e9es dans les syst\u00e8mes de la soci\u00e9t\u00e9, car le traitement des cartes de cr\u00e9dit est effectu\u00e9 par un organisme externe (indiquer le nom de la soci\u00e9t\u00e9 de traitement).<\/p>\n<p>Lors de l'utilisation du site, des informations seront collect\u00e9es sur les pages, les produits et\/ou les articles et\/ou les publicit\u00e9s et\/ou les contenus qui ont \u00e9t\u00e9 pr\u00e9sent\u00e9s \u00e0 l'utilisateur et\/ou qui ont suscit\u00e9 son int\u00e9r\u00eat. En outre, le temps pass\u00e9 par l'utilisateur sur le site et les actions qu'il a effectu\u00e9es sur le site de la soci\u00e9t\u00e9 seront enregistr\u00e9s, de sorte que la soci\u00e9t\u00e9 est autoris\u00e9e \u00e0 conserver ces informations et \u00e0 les utiliser \u00e0 ses fins, sous r\u00e9serve des restrictions pr\u00e9vues dans les pr\u00e9sentes conditions d'utilisation et des dispositions l\u00e9gales, y compris pour la production et l'analyse d'informations statistiques. La soci\u00e9t\u00e9 est autoris\u00e9e \u00e0 transmettre les donn\u00e9es statistiques susmentionn\u00e9es \u00e0 des tiers, \u00e0 condition que ces donn\u00e9es ne se rapportent pas \u00e0 l'utilisateur personnellement et\/ou ne permettent pas de l'identifier personnellement.<\/p>\n<h3>Conditions g\u00e9n\u00e9rales :<\/h3>\n<p><strong>Conditions d'achat sur le site<\/strong> \u2013 L'acheteur doit \u00eatre \u00e2g\u00e9 de plus de 18 ans et \u00eatre le titulaire de la carte de cr\u00e9dit utilis\u00e9e pour le paiement.<\/p>\n<h3><b>Droits d'auteur et propri\u00e9t\u00e9 intellectuelle<\/b><\/h3>\n<p>La soci\u00e9t\u00e9 pr\u00e9cise que le site, y compris son contenu, sa conception, ses dessins, autres conceptions, images, photographies, cartes, extraits vid\u00e9o\/audio, textes, illustrations, musique, graphiques, etc., sont prot\u00e9g\u00e9s par les lois sur le droit d'auteur de l'\u00c9tat d'Isra\u00ebl, les conventions internationales et les lois sur le droit d'auteur d'autres pays, et appartiennent \u00e0 la soci\u00e9t\u00e9 et\/ou \u00e0 ses repr\u00e9sentants.<\/p>\n<p>Il est strictement interdit de copier et\/ou reproduire et\/ou distribuer et\/ou publier et\/ou afficher et\/ou utiliser les informations et\/ou d'effectuer toute action, directement ou indirectement, qui constitue une violation ou une atteinte \u00e0 la propri\u00e9t\u00e9 intellectuelle de la soci\u00e9t\u00e9, y compris l'utilisation personnelle et\/ou commerciale, sauf si cette utilisation est effectu\u00e9e avec l'autorisation \u00e9crite pr\u00e9alable de la soci\u00e9t\u00e9.<\/p>\n<p>Tous les droits de propri\u00e9t\u00e9 intellectuelle dans la description d\u00e9taill\u00e9e ci-dessus et\/ou le site web (et les droits enregistr\u00e9s et\/ou non encore enregistr\u00e9s), y compris le nom de domaine (\u201c Domain \u201d), les brevets, les marques commerciales, y compris le nom \" Glamour Professional Nails \u201c, les mod\u00e8les, les droits d'auteur, les secrets commerciaux, les m\u00e9thodes, la pr\u00e9sentation et la conception du site, ainsi que tout \u00e9l\u00e9ment ou d\u00e9tail li\u00e9 au site, sont la propri\u00e9t\u00e9 exclusive de la soci\u00e9t\u00e9 et l'utilisation de tous les droits susmentionn\u00e9s est r\u00e9serv\u00e9e \u00e0 l'exploitant du site.<\/p>\n<p>Nous nous r\u00e9servons le droit d'apporter \u00e0 tout moment des modifications au site sans pr\u00e9avis, y compris \u00e0 la liste des produits propos\u00e9s \u00e0 la vente, y compris les prix et les promotions.<\/p>","protected":false},"excerpt":{"rendered":"<p>\u05ea\u05e7\u05e0\u05d5\u05df \u05d0\u05ea\u05e8\u00a0 \u05d4\u05ea\u05e7\u05e0\u05d5\u05df \u05d1\u05d0 \u05dc\u05d4\u05e1\u05d3\u05d9\u05e8 \u05d0\u05ea \u05d4\u05ea\u05e0\u05d0\u05d9\u05dd \u05d1\u05d9\u05df \u05d4\u05e7\u05d5\u05e0\u05d4 \u05dc\u05d0\u05ea\u05e8 Glamourshop.co.il (\u05dc\u05d4\u05dc\u05df \u05d4\u05d0\u05ea\u05e8). \u05d4\u05d0\u05ea\u05e8 \u05d4\u05d9\u05e0\u05d5 \u05d7\u05e0\u05d5\u05ea \u05de\u05e7\u05d5\u05d5\u05e0\u05ea \u05d5\u05e0\u05de\u05e6\u05d0\u05ea \u05d1\u05d1\u05e2\u05dc\u05d5\u05ea \u05d1\u05dc\u05e2\u05d3\u05d9\u05ea \u05e9\u05dc \u05d1\u05e2\u05dc \u05d4\u05e2\u05e1\u05e7 &quot;\u05e0\u05d9\u05e1\u05df \u05e4\u05e8\u05d5\u05e4\u05e9\u05d9\u05d5\u05e0\u05dc-\u05e0\u05d9\u05d9\u05dc\u05e1&quot; (\u05d7.\u05e4 200030872) \u05d4\u05de\u05e9\u05d5\u05d5\u05e7\u05ea \u05de\u05d5\u05e6\u05e8\u05d9 \u05e6\u05d9\u05e4\u05d5\u05e8\u05e0\u05d9\u05d9\u05dd \u05d5\u05ea\u05de\u05e8\u05d5\u05e7\u05d9\u05dd \u05de\u05e7\u05e6\u05d5\u05e2\u05d9\u05d9\u05dd \u05d1\u05ea\u05d7\u05d5\u05dd \u05d4\u05d1\u05d9\u05d5\u05d8\u05d9. \u05de\u05e9\u05dc\u05d5\u05d7\u05d9\u05dd\u00a0 \u05e9\u05dc\u05d9\u05d7 \u05e2\u05d3 \u05d4\u05d1\u05d9\u05ea \u05ea\u05d5\u05da 3-5 \u05d9\u05de\u05d9 \u05e2\u05e1\u05e7\u05d9\u05dd \u05d6\u05de\u05e0\u05d9 \u05d0\u05e1\u05e4\u05e7\u05ea \u05d4\u05de\u05e9\u05dc\u05d5\u05d7\u05d9\u05dd \u05ea\u05dc\u05d5\u05d9\u05d9\u05dd \u05d0\u05da \u05d5\u05e8\u05e7 \u05d1\u05d7\u05d1\u05e8\u05d4 \u05d7\u05d9\u05e6\u05d5\u05e0\u05d9\u05ea \u05d0\u05e9\u05e8 \u05de\u05e1\u05e4\u05e7\u05ea \u05dc\u05d0\u05ea\u05e8 \u05e9\u05d9\u05e8\u05d5\u05ea\u05d9 \u05de\u05e9\u05dc\u05d5\u05d7\u05d9\u05dd. [&hellip;]<\/p>","protected":false},"author":2,"featured_media":0,"parent":0,"menu_order":0,"comment_status":"closed","ping_status":"closed","template":"","meta":{"_uag_custom_page_level_css":"","footnotes":""},"class_list":["post-3","page","type-page","status-publish","hentry","desktop"],"acf":[],"yoast_head":"<!-- This site is optimized with the Yoast SEO plugin v26.0 - https:\/\/yoast.com\/wordpress\/plugins\/seo\/ -->\n<title>\u05ea\u05e7\u05e0\u05d5\u05df | \u05d2\u05dc\u05de\u05d5\u05e8 \u05e9\u05d5\u05e4<\/title>\n<meta name=\"description\" content=\"\u201c\u05d2\u05dc\u05de\u05d5\u05e8\u201d \u05d4\u05d9\u05e0\u05d5 \u05de\u05d5\u05ea\u05d2 \u05d9\u05e9\u05e8\u05d0\u05dc\u05d9 \u05d4\u05de\u05ea\u05de\u05d7\u05d4 \u05d1\u05d9\u05d9\u05e6\u05d5\u05e8 \u05d5\u05e9\u05d9\u05d5\u05d5\u05e7 \u05de\u05d5\u05e6\u05e8\u05d9 \u05d1\u05e0\u05d9\u05d9\u05ea \u05e6\u05d9\u05e4\u05d5\u05e8\u05e0\u05d9\u05d9\u05dd, \u05dc\u05e7 \u05d2\u2019\u05dc \u05d5\u05e6\u05d9\u05d5\u05d3 \u05dc\u05de\u05e0\u05d9\u05e7\u05d5\u05e8.\" \/>\n<meta name=\"robots\" content=\"index, follow, max-snippet:-1, max-image-preview:large, max-video-preview:-1\" \/>\n<link rel=\"canonical\" href=\"https:\/\/glamourshop.co.il\/fr\/\u05ea\u05e7\u05e0\u05d5\u05df\/\" \/>\n<meta property=\"og:locale\" content=\"fr_FR\" \/>\n<meta property=\"og:type\" content=\"article\" \/>\n<meta property=\"og:title\" content=\"\u05ea\u05e7\u05e0\u05d5\u05df | \u05d2\u05dc\u05de\u05d5\u05e8 \u05e9\u05d5\u05e4\" \/>\n<meta property=\"og:description\" content=\"\u201c\u05d2\u05dc\u05de\u05d5\u05e8\u201d \u05d4\u05d9\u05e0\u05d5 \u05de\u05d5\u05ea\u05d2 \u05d9\u05e9\u05e8\u05d0\u05dc\u05d9 \u05d4\u05de\u05ea\u05de\u05d7\u05d4 \u05d1\u05d9\u05d9\u05e6\u05d5\u05e8 \u05d5\u05e9\u05d9\u05d5\u05d5\u05e7 \u05de\u05d5\u05e6\u05e8\u05d9 \u05d1\u05e0\u05d9\u05d9\u05ea \u05e6\u05d9\u05e4\u05d5\u05e8\u05e0\u05d9\u05d9\u05dd, \u05dc\u05e7 \u05d2\u2019\u05dc \u05d5\u05e6\u05d9\u05d5\u05d3 \u05dc\u05de\u05e0\u05d9\u05e7\u05d5\u05e8.\" \/>\n<meta property=\"og:url\" content=\"https:\/\/glamourshop.co.il\/fr\/\u05ea\u05e7\u05e0\u05d5\u05df\/\" \/>\n<meta property=\"og:site_name\" content=\"\u05d2\u05dc\u05de\u05d5\u05e8 \u05e9\u05d5\u05e4\" \/>\n<meta property=\"article:publisher\" content=\"https:\/\/www.facebook.com\/GlamourShopProfessionalNails\" \/>\n<meta property=\"article:modified_time\" content=\"2025-11-02T14:27:26+00:00\" \/>\n<meta property=\"og:image\" content=\"https:\/\/glamourshop.co.il\/wp-content\/uploads\/2022\/04\/seo-logo.jpg\" \/>\n\t<meta property=\"og:image:width\" content=\"1080\" \/>\n\t<meta property=\"og:image:height\" content=\"631\" \/>\n\t<meta property=\"og:image:type\" content=\"image\/jpeg\" \/>\n<meta name=\"twitter:card\" content=\"summary_large_image\" \/>\n<meta name=\"twitter:label1\" content=\"Dur\u00e9e de lecture estim\u00e9e\" \/>\n\t<meta name=\"twitter:data1\" content=\"3 minutes\" \/>\n<script type=\"application\/ld+json\" class=\"yoast-schema-graph\">{\"@context\":\"https:\/\/schema.org\",\"@graph\":[{\"@type\":\"WebPage\",\"@id\":\"https:\/\/glamourshop.co.il\/%d7%aa%d7%a7%d7%a0%d7%95%d7%9f\/\",\"url\":\"https:\/\/glamourshop.co.il\/%d7%aa%d7%a7%d7%a0%d7%95%d7%9f\/\",\"name\":\"\u05ea\u05e7\u05e0\u05d5\u05df | \u05d2\u05dc\u05de\u05d5\u05e8 \u05e9\u05d5\u05e4\",\"isPartOf\":{\"@id\":\"https:\/\/glamourshop.co.il\/#website\"},\"datePublished\":\"2020-07-13T15:47:38+00:00\",\"dateModified\":\"2025-11-02T14:27:26+00:00\",\"description\":\"\u201c\u05d2\u05dc\u05de\u05d5\u05e8\u201d \u05d4\u05d9\u05e0\u05d5 \u05de\u05d5\u05ea\u05d2 \u05d9\u05e9\u05e8\u05d0\u05dc\u05d9 \u05d4\u05de\u05ea\u05de\u05d7\u05d4 \u05d1\u05d9\u05d9\u05e6\u05d5\u05e8 \u05d5\u05e9\u05d9\u05d5\u05d5\u05e7 \u05de\u05d5\u05e6\u05e8\u05d9 \u05d1\u05e0\u05d9\u05d9\u05ea \u05e6\u05d9\u05e4\u05d5\u05e8\u05e0\u05d9\u05d9\u05dd, \u05dc\u05e7 \u05d2\u2019\u05dc \u05d5\u05e6\u05d9\u05d5\u05d3 \u05dc\u05de\u05e0\u05d9\u05e7\u05d5\u05e8.\",\"breadcrumb\":{\"@id\":\"https:\/\/glamourshop.co.il\/%d7%aa%d7%a7%d7%a0%d7%95%d7%9f\/#breadcrumb\"},\"inLanguage\":\"fr-FR\",\"potentialAction\":[{\"@type\":\"ReadAction\",\"target\":[\"https:\/\/glamourshop.co.il\/%d7%aa%d7%a7%d7%a0%d7%95%d7%9f\/\"]}]},{\"@type\":\"BreadcrumbList\",\"@id\":\"https:\/\/glamourshop.co.il\/%d7%aa%d7%a7%d7%a0%d7%95%d7%9f\/#breadcrumb\",\"itemListElement\":[{\"@type\":\"ListItem\",\"position\":1,\"name\":\"\u05d3\u05e3 \u05d4\u05d1\u05d9\u05ea\",\"item\":\"https:\/\/glamourshop.co.il\/\"},{\"@type\":\"ListItem\",\"position\":2,\"name\":\"\u05ea\u05e7\u05e0\u05d5\u05df\"}]},{\"@type\":\"WebSite\",\"@id\":\"https:\/\/glamourshop.co.il\/#website\",\"url\":\"https:\/\/glamourshop.co.il\/\",\"name\":\"\u05d2\u05dc\u05de\u05d5\u05e8 \u05e9\u05d5\u05e4\",\"description\":\"\u201c\u05d2\u05dc\u05de\u05d5\u05e8\u201d \u05d4\u05d9\u05e0\u05d5 \u05de\u05d5\u05ea\u05d2 \u05d9\u05e9\u05e8\u05d0\u05dc\u05d9 \u05d4\u05de\u05ea\u05de\u05d7\u05d4 \u05d1\u05d9\u05d9\u05e6\u05d5\u05e8 \u05d5\u05e9\u05d9\u05d5\u05d5\u05e7 \u05de\u05d5\u05e6\u05e8\u05d9 \u05d1\u05e0\u05d9\u05d9\u05ea \u05e6\u05d9\u05e4\u05d5\u05e8\u05e0\u05d9\u05d9\u05dd, \u05dc\u05e7 \u05d2\u2019\u05dc \u05d5\u05e6\u05d9\u05d5\u05d3 \u05dc\u05de\u05e0\u05d9\u05e7\u05d5\u05e8.\",\"publisher\":{\"@id\":\"https:\/\/glamourshop.co.il\/#organization\"},\"potentialAction\":[{\"@type\":\"SearchAction\",\"target\":{\"@type\":\"EntryPoint\",\"urlTemplate\":\"https:\/\/glamourshop.co.il\/?s={search_term_string}\"},\"query-input\":{\"@type\":\"PropertyValueSpecification\",\"valueRequired\":true,\"valueName\":\"search_term_string\"}}],\"inLanguage\":\"fr-FR\"},{\"@type\":\"Organization\",\"@id\":\"https:\/\/glamourshop.co.il\/#organization\",\"name\":\"Glamour Shop\",\"url\":\"https:\/\/glamourshop.co.il\/\",\"logo\":{\"@type\":\"ImageObject\",\"inLanguage\":\"fr-FR\",\"@id\":\"https:\/\/glamourshop.co.il\/#\/schema\/logo\/image\/\",\"url\":\"https:\/\/glamourshop.co.il\/wp-content\/uploads\/2022\/04\/seo-logo.jpg\",\"contentUrl\":\"https:\/\/glamourshop.co.il\/wp-content\/uploads\/2022\/04\/seo-logo.jpg\",\"width\":1080,\"height\":631,\"caption\":\"Glamour Shop\"},\"image\":{\"@id\":\"https:\/\/glamourshop.co.il\/#\/schema\/logo\/image\/\"},\"sameAs\":[\"https:\/\/www.facebook.com\/GlamourShopProfessionalNails\",\"https:\/\/www.instagram.com\/glamour_professional_nails\/\"]}]}<\/script>\n<!-- \/ Yoast SEO plugin. -->","yoast_head_json":{"title":"\u05ea\u05e7\u05e0\u05d5\u05df | \u05d2\u05dc\u05de\u05d5\u05e8 \u05e9\u05d5\u05e4","description":"\u201c Galmor \u201d est une marque isra\u00e9lienne sp\u00e9cialis\u00e9e dans la fabrication et la commercialisation de produits pour la construction d'ongles, de vernis gel et d'\u00e9quipements pour manucure.","robots":{"index":"index","follow":"follow","max-snippet":"max-snippet:-1","max-image-preview":"max-image-preview:large","max-video-preview":"max-video-preview:-1"},"canonical":"https:\/\/glamourshop.co.il\/fr\/\u05ea\u05e7\u05e0\u05d5\u05df\/","og_locale":"fr_FR","og_type":"article","og_title":"\u05ea\u05e7\u05e0\u05d5\u05df | \u05d2\u05dc\u05de\u05d5\u05e8 \u05e9\u05d5\u05e4","og_description":"\u201c\u05d2\u05dc\u05de\u05d5\u05e8\u201d \u05d4\u05d9\u05e0\u05d5 \u05de\u05d5\u05ea\u05d2 \u05d9\u05e9\u05e8\u05d0\u05dc\u05d9 \u05d4\u05de\u05ea\u05de\u05d7\u05d4 \u05d1\u05d9\u05d9\u05e6\u05d5\u05e8 \u05d5\u05e9\u05d9\u05d5\u05d5\u05e7 \u05de\u05d5\u05e6\u05e8\u05d9 \u05d1\u05e0\u05d9\u05d9\u05ea \u05e6\u05d9\u05e4\u05d5\u05e8\u05e0\u05d9\u05d9\u05dd, \u05dc\u05e7 \u05d2\u2019\u05dc \u05d5\u05e6\u05d9\u05d5\u05d3 \u05dc\u05de\u05e0\u05d9\u05e7\u05d5\u05e8.","og_url":"https:\/\/glamourshop.co.il\/fr\/\u05ea\u05e7\u05e0\u05d5\u05df\/","og_site_name":"\u05d2\u05dc\u05de\u05d5\u05e8 \u05e9\u05d5\u05e4","article_publisher":"https:\/\/www.facebook.com\/GlamourShopProfessionalNails","article_modified_time":"2025-11-02T14:27:26+00:00","og_image":[{"width":1080,"height":631,"url":"https:\/\/glamourshop.co.il\/wp-content\/uploads\/2022\/04\/seo-logo.jpg","type":"image\/jpeg"}],"twitter_card":"summary_large_image","twitter_misc":{"Dur\u00e9e de lecture estim\u00e9e":"3 minutes"},"schema":{"@context":"https:\/\/schema.org","@graph":[{"@type":"WebPage","@id":"https:\/\/glamourshop.co.il\/%d7%aa%d7%a7%d7%a0%d7%95%d7%9f\/","url":"https:\/\/glamourshop.co.il\/%d7%aa%d7%a7%d7%a0%d7%95%d7%9f\/","name":"\u05ea\u05e7\u05e0\u05d5\u05df | \u05d2\u05dc\u05de\u05d5\u05e8 \u05e9\u05d5\u05e4","isPartOf":{"@id":"https:\/\/glamourshop.co.il\/#website"},"datePublished":"2020-07-13T15:47:38+00:00","dateModified":"2025-11-02T14:27:26+00:00","description":"\u201c Galmor \u201d est une marque isra\u00e9lienne sp\u00e9cialis\u00e9e dans la fabrication et la commercialisation de produits pour la construction d'ongles, de vernis gel et d'\u00e9quipements pour manucure.","breadcrumb":{"@id":"https:\/\/glamourshop.co.il\/%d7%aa%d7%a7%d7%a0%d7%95%d7%9f\/#breadcrumb"},"inLanguage":"fr-FR","potentialAction":[{"@type":"ReadAction","target":["https:\/\/glamourshop.co.il\/%d7%aa%d7%a7%d7%a0%d7%95%d7%9f\/"]}]},{"@type":"BreadcrumbList","@id":"https:\/\/glamourshop.co.il\/%d7%aa%d7%a7%d7%a0%d7%95%d7%9f\/#breadcrumb","itemListElement":[{"@type":"ListItem","position":1,"name":"\u05d3\u05e3 \u05d4\u05d1\u05d9\u05ea","item":"https:\/\/glamourshop.co.il\/"},{"@type":"ListItem","position":2,"name":"\u05ea\u05e7\u05e0\u05d5\u05df"}]},{"@type":"WebSite","@id":"https:\/\/glamourshop.co.il\/#website","url":"https:\/\/glamourshop.co.il\/","name":"Galmore Shop","description":"\u201c Galmor \u201d est une marque isra\u00e9lienne sp\u00e9cialis\u00e9e dans la fabrication et la commercialisation de produits pour la construction d'ongles, de vernis gel et d'\u00e9quipements pour manucure.","publisher":{"@id":"https:\/\/glamourshop.co.il\/#organization"},"potentialAction":[{"@type":"SearchAction","target":{"@type":"EntryPoint","urlTemplate":"https:\/\/glamourshop.co.il\/?s={search_term_string}"},"query-input":{"@type":"PropertyValueSpecification","valueRequired":true,"valueName":"search_term_string"}}],"inLanguage":"fr-FR"},{"@type":"Organization","@id":"https:\/\/glamourshop.co.il\/#organization","name":"Boutique Glamour","url":"https:\/\/glamourshop.co.il\/","logo":{"@type":"ImageObject","inLanguage":"fr-FR","@id":"https:\/\/glamourshop.co.il\/#\/schema\/logo\/image\/","url":"https:\/\/glamourshop.co.il\/wp-content\/uploads\/2022\/04\/seo-logo.jpg","contentUrl":"https:\/\/glamourshop.co.il\/wp-content\/uploads\/2022\/04\/seo-logo.jpg","width":1080,"height":631,"caption":"Glamour Shop"},"image":{"@id":"https:\/\/glamourshop.co.il\/#\/schema\/logo\/image\/"},"sameAs":["https:\/\/www.facebook.com\/GlamourShopProfessionalNails","https:\/\/www.instagram.com\/glamour_professional_nails\/"]}]}},"uagb_featured_image_src":{"full":false,"thumbnail":false,"medium":false,"medium_large":false,"large":false,"1536x1536":false,"2048x2048":false,"trp-custom-language-flag":false,"icon":false,"oc-product-thumbnail":false,"oc-product-single-image":false,"oc-product-archive-thumbnail":false,"woocommerce_thumbnail":false,"woocommerce_single":false,"woocommerce_gallery_thumbnail":false},"uagb_author_info":{"display_name":"\u05e0\u05d9\u05e1\u05df \u05de\u05d9\u05db\u05d0\u05dc\u05d5\u05d1","author_link":"https:\/\/glamourshop.co.il\/fr\/author\/nisan241011\/"},"uagb_comment_info":0,"uagb_excerpt":"\u05ea\u05e7\u05e0\u05d5\u05df \u05d0\u05ea\u05e8\u00a0 \u05d4\u05ea\u05e7\u05e0\u05d5\u05df \u05d1\u05d0 \u05dc\u05d4\u05e1\u05d3\u05d9\u05e8 \u05d0\u05ea \u05d4\u05ea\u05e0\u05d0\u05d9\u05dd \u05d1\u05d9\u05df \u05d4\u05e7\u05d5\u05e0\u05d4 \u05dc\u05d0\u05ea\u05e8 Glamourshop.co.il (\u05dc\u05d4\u05dc\u05df \u05d4\u05d0\u05ea\u05e8). \u05d4\u05d0\u05ea\u05e8 \u05d4\u05d9\u05e0\u05d5 \u05d7\u05e0\u05d5\u05ea \u05de\u05e7\u05d5\u05d5\u05e0\u05ea \u05d5\u05e0\u05de\u05e6\u05d0\u05ea \u05d1\u05d1\u05e2\u05dc\u05d5\u05ea \u05d1\u05dc\u05e2\u05d3\u05d9\u05ea \u05e9\u05dc \u05d1\u05e2\u05dc \u05d4\u05e2\u05e1\u05e7 &quot;\u05e0\u05d9\u05e1\u05df \u05e4\u05e8\u05d5\u05e4\u05e9\u05d9\u05d5\u05e0\u05dc-\u05e0\u05d9\u05d9\u05dc\u05e1&quot; (\u05d7.\u05e4 200030872) \u05d4\u05de\u05e9\u05d5\u05d5\u05e7\u05ea \u05de\u05d5\u05e6\u05e8\u05d9 \u05e6\u05d9\u05e4\u05d5\u05e8\u05e0\u05d9\u05d9\u05dd \u05d5\u05ea\u05de\u05e8\u05d5\u05e7\u05d9\u05dd \u05de\u05e7\u05e6\u05d5\u05e2\u05d9\u05d9\u05dd \u05d1\u05ea\u05d7\u05d5\u05dd \u05d4\u05d1\u05d9\u05d5\u05d8\u05d9. \u05de\u05e9\u05dc\u05d5\u05d7\u05d9\u05dd\u00a0 \u05e9\u05dc\u05d9\u05d7 \u05e2\u05d3 \u05d4\u05d1\u05d9\u05ea \u05ea\u05d5\u05da 3-5 \u05d9\u05de\u05d9 \u05e2\u05e1\u05e7\u05d9\u05dd \u05d6\u05de\u05e0\u05d9 \u05d0\u05e1\u05e4\u05e7\u05ea \u05d4\u05de\u05e9\u05dc\u05d5\u05d7\u05d9\u05dd \u05ea\u05dc\u05d5\u05d9\u05d9\u05dd \u05d0\u05da \u05d5\u05e8\u05e7 \u05d1\u05d7\u05d1\u05e8\u05d4 \u05d7\u05d9\u05e6\u05d5\u05e0\u05d9\u05ea \u05d0\u05e9\u05e8 \u05de\u05e1\u05e4\u05e7\u05ea \u05dc\u05d0\u05ea\u05e8 \u05e9\u05d9\u05e8\u05d5\u05ea\u05d9 \u05de\u05e9\u05dc\u05d5\u05d7\u05d9\u05dd.\u2026","_links":{"self":[{"href":"https:\/\/glamourshop.co.il\/fr\/wp-json\/wp\/v2\/pages\/3","targetHints":{"allow":["GET"]}}],"collection":[{"href":"https:\/\/glamourshop.co.il\/fr\/wp-json\/wp\/v2\/pages"}],"about":[{"href":"https:\/\/glamourshop.co.il\/fr\/wp-json\/wp\/v2\/types\/page"}],"author":[{"embeddable":true,"href":"https:\/\/glamourshop.co.il\/fr\/wp-json\/wp\/v2\/users\/2"}],"replies":[{"embeddable":true,"href":"https:\/\/glamourshop.co.il\/fr\/wp-json\/wp\/v2\/comments?post=3"}],"version-history":[{"count":1,"href":"https:\/\/glamourshop.co.il\/fr\/wp-json\/wp\/v2\/pages\/3\/revisions"}],"predecessor-version":[{"id":35368,"href":"https:\/\/glamourshop.co.il\/fr\/wp-json\/wp\/v2\/pages\/3\/revisions\/35368"}],"wp:attachment":[{"href":"https:\/\/glamourshop.co.il\/fr\/wp-json\/wp\/v2\/media?parent=3"}],"curies":[{"name":"wp","href":"https:\/\/api.w.org\/{rel}","templated":true}]}}