
{"id":3554,"date":"2021-02-06T17:19:16","date_gmt":"2021-02-06T15:19:16","guid":{"rendered":"https:\/\/devbee1.glamourshop.co.il.bee1.cloud\/?page_id=3554"},"modified":"2024-04-11T09:55:32","modified_gmt":"2024-04-11T06:55:32","slug":"delivery-policy","status":"publish","type":"page","link":"https:\/\/glamourshop.co.il\/fr\/%d7%aa%d7%a7%d7%a0%d7%95%d7%9f\/delivery-policy\/","title":{"rendered":"Politique d'exp\u00e9dition"},"content":{"rendered":"<h3><strong>Politique d'exp\u00e9dition<\/strong><\/h3>\n<p>Les conditions g\u00e9n\u00e9rales r\u00e9gissent les relations entre l'acheteur et le site Glamourshop.co.il (ci-apr\u00e8s d\u00e9nomm\u00e9 \" le site \"). Le site est une boutique en ligne d\u00e9tenue exclusivement par l'entreprise \u00ab Nissan Professional-Nails \u00bb (n\u00b0 d'enregistrement 200030872) qui commercialise des produits professionnels pour les ongles et des cosm\u00e9tiques dans le domaine de la beaut\u00e9.<\/p>\n<h3><b>Livraisons\u00a0<i><br \/><\/i><\/b><\/h3>\n<p>Livraison \u00e0 domicile sous 3 \u00e0 5 jours ouvr\u00e9s.<br \/>Les d\u00e9lais de livraison d\u00e9pendent uniquement de la soci\u00e9t\u00e9 externe qui fournit les services de livraison au site. De plus, des retards peuvent survenir dans les localit\u00e9s \u00e9loign\u00e9es : Eilat, les localit\u00e9s de l'Arava, les localit\u00e9s situ\u00e9es au-del\u00e0 de la Ligne verte et la r\u00e9gion du Golan.<\/p>\n<p>Retrait \u00e0 l'adresse suivante : 2, rue HaBonim, Netanya.<\/p>\n<h3><b>Date de la commande<\/b><\/h3>\n<p>La commande prendra effet le jour o\u00f9 la soci\u00e9t\u00e9 de cr\u00e9dit aura approuv\u00e9 la transaction effectu\u00e9e par le client.<\/p>\n<h3><b>jour ouvrable<\/b><\/h3>\n<p>Les jours ouvrables sont les jours de semaine, du dimanche au jeudi, et n'incluent pas les vendredis, samedis, veilles de jours f\u00e9ri\u00e9s et jours f\u00e9ri\u00e9s.<\/p>","protected":false},"excerpt":{"rendered":"","protected":false},"author":4,"featured_media":0,"parent":3,"menu_order":0,"comment_status":"closed","ping_status":"closed","template":"","meta":{"_uag_custom_page_level_css":"","footnotes":""},"class_list":["post-3554","page","type-page","status-publish","hentry","desktop"],"acf":[],"yoast_head":"<!-- This site is optimized with the Yoast SEO plugin v26.0 - https:\/\/yoast.com\/wordpress\/plugins\/seo\/ -->\n<title>\u05de\u05d3\u05d9\u05e0\u05d9\u05d5\u05ea \u05de\u05e9\u05dc\u05d5\u05d7\u05d9\u05dd | \u05d2\u05dc\u05de\u05d5\u05e8 \u05e9\u05d5\u05e4<\/title>\n<meta name=\"description\" content=\"\u201c\u05d2\u05dc\u05de\u05d5\u05e8\u201d \u05d4\u05d9\u05e0\u05d5 \u05de\u05d5\u05ea\u05d2 \u05d9\u05e9\u05e8\u05d0\u05dc\u05d9 \u05d4\u05de\u05ea\u05de\u05d7\u05d4 \u05d1\u05d9\u05d9\u05e6\u05d5\u05e8 \u05d5\u05e9\u05d9\u05d5\u05d5\u05e7 \u05de\u05d5\u05e6\u05e8\u05d9 \u05d1\u05e0\u05d9\u05d9\u05ea \u05e6\u05d9\u05e4\u05d5\u05e8\u05e0\u05d9\u05d9\u05dd, \u05dc\u05e7 \u05d2\u2019\u05dc \u05d5\u05e6\u05d9\u05d5\u05d3 \u05dc\u05de\u05e0\u05d9\u05e7\u05d5\u05e8.\" \/>\n<meta name=\"robots\" content=\"index, follow, max-snippet:-1, max-image-preview:large, max-video-preview:-1\" \/>\n<link rel=\"canonical\" href=\"https:\/\/glamourshop.co.il\/fr\/\u05ea\u05e7\u05e0\u05d5\u05df\/delivery-policy\/\" \/>\n<meta property=\"og:locale\" content=\"fr_FR\" \/>\n<meta property=\"og:type\" content=\"article\" \/>\n<meta property=\"og:title\" content=\"\u05de\u05d3\u05d9\u05e0\u05d9\u05d5\u05ea \u05de\u05e9\u05dc\u05d5\u05d7\u05d9\u05dd | \u05d2\u05dc\u05de\u05d5\u05e8 \u05e9\u05d5\u05e4\" \/>\n<meta property=\"og:description\" content=\"\u201c\u05d2\u05dc\u05de\u05d5\u05e8\u201d \u05d4\u05d9\u05e0\u05d5 \u05de\u05d5\u05ea\u05d2 \u05d9\u05e9\u05e8\u05d0\u05dc\u05d9 \u05d4\u05de\u05ea\u05de\u05d7\u05d4 \u05d1\u05d9\u05d9\u05e6\u05d5\u05e8 \u05d5\u05e9\u05d9\u05d5\u05d5\u05e7 \u05de\u05d5\u05e6\u05e8\u05d9 \u05d1\u05e0\u05d9\u05d9\u05ea \u05e6\u05d9\u05e4\u05d5\u05e8\u05e0\u05d9\u05d9\u05dd, \u05dc\u05e7 \u05d2\u2019\u05dc \u05d5\u05e6\u05d9\u05d5\u05d3 \u05dc\u05de\u05e0\u05d9\u05e7\u05d5\u05e8.\" \/>\n<meta property=\"og:url\" content=\"https:\/\/glamourshop.co.il\/fr\/\u05ea\u05e7\u05e0\u05d5\u05df\/delivery-policy\/\" \/>\n<meta property=\"og:site_name\" content=\"\u05d2\u05dc\u05de\u05d5\u05e8 \u05e9\u05d5\u05e4\" \/>\n<meta property=\"article:publisher\" content=\"https:\/\/www.facebook.com\/GlamourShopProfessionalNails\" \/>\n<meta property=\"article:modified_time\" content=\"2024-04-11T06:55:32+00:00\" \/>\n<meta property=\"og:image\" content=\"https:\/\/glamourshop.co.il\/wp-content\/uploads\/2022\/04\/seo-logo.jpg\" \/>\n\t<meta property=\"og:image:width\" content=\"1080\" \/>\n\t<meta property=\"og:image:height\" content=\"631\" \/>\n\t<meta property=\"og:image:type\" content=\"image\/jpeg\" \/>\n<meta name=\"twitter:card\" content=\"summary_large_image\" \/>\n<meta name=\"twitter:label1\" content=\"Dur\u00e9e de lecture estim\u00e9e\" \/>\n\t<meta name=\"twitter:data1\" content=\"1 minute\" \/>\n<script type=\"application\/ld+json\" class=\"yoast-schema-graph\">{\"@context\":\"https:\/\/schema.org\",\"@graph\":[{\"@type\":\"WebPage\",\"@id\":\"https:\/\/glamourshop.co.il\/%d7%aa%d7%a7%d7%a0%d7%95%d7%9f\/delivery-policy\/\",\"url\":\"https:\/\/glamourshop.co.il\/%d7%aa%d7%a7%d7%a0%d7%95%d7%9f\/delivery-policy\/\",\"name\":\"\u05de\u05d3\u05d9\u05e0\u05d9\u05d5\u05ea \u05de\u05e9\u05dc\u05d5\u05d7\u05d9\u05dd | \u05d2\u05dc\u05de\u05d5\u05e8 \u05e9\u05d5\u05e4\",\"isPartOf\":{\"@id\":\"https:\/\/glamourshop.co.il\/#website\"},\"datePublished\":\"2021-02-06T15:19:16+00:00\",\"dateModified\":\"2024-04-11T06:55:32+00:00\",\"description\":\"\u201c\u05d2\u05dc\u05de\u05d5\u05e8\u201d \u05d4\u05d9\u05e0\u05d5 \u05de\u05d5\u05ea\u05d2 \u05d9\u05e9\u05e8\u05d0\u05dc\u05d9 \u05d4\u05de\u05ea\u05de\u05d7\u05d4 \u05d1\u05d9\u05d9\u05e6\u05d5\u05e8 \u05d5\u05e9\u05d9\u05d5\u05d5\u05e7 \u05de\u05d5\u05e6\u05e8\u05d9 \u05d1\u05e0\u05d9\u05d9\u05ea \u05e6\u05d9\u05e4\u05d5\u05e8\u05e0\u05d9\u05d9\u05dd, \u05dc\u05e7 \u05d2\u2019\u05dc \u05d5\u05e6\u05d9\u05d5\u05d3 \u05dc\u05de\u05e0\u05d9\u05e7\u05d5\u05e8.\",\"breadcrumb\":{\"@id\":\"https:\/\/glamourshop.co.il\/%d7%aa%d7%a7%d7%a0%d7%95%d7%9f\/delivery-policy\/#breadcrumb\"},\"inLanguage\":\"fr-FR\",\"potentialAction\":[{\"@type\":\"ReadAction\",\"target\":[\"https:\/\/glamourshop.co.il\/%d7%aa%d7%a7%d7%a0%d7%95%d7%9f\/delivery-policy\/\"]}]},{\"@type\":\"BreadcrumbList\",\"@id\":\"https:\/\/glamourshop.co.il\/%d7%aa%d7%a7%d7%a0%d7%95%d7%9f\/delivery-policy\/#breadcrumb\",\"itemListElement\":[{\"@type\":\"ListItem\",\"position\":1,\"name\":\"\u05d3\u05e3 \u05d4\u05d1\u05d9\u05ea\",\"item\":\"https:\/\/glamourshop.co.il\/\"},{\"@type\":\"ListItem\",\"position\":2,\"name\":\"\u05ea\u05e7\u05e0\u05d5\u05df\",\"item\":\"https:\/\/glamourshop.co.il\/%d7%aa%d7%a7%d7%a0%d7%95%d7%9f\/\"},{\"@type\":\"ListItem\",\"position\":3,\"name\":\"\u05de\u05d3\u05d9\u05e0\u05d9\u05d5\u05ea \u05de\u05e9\u05dc\u05d5\u05d7\u05d9\u05dd\"}]},{\"@type\":\"WebSite\",\"@id\":\"https:\/\/glamourshop.co.il\/#website\",\"url\":\"https:\/\/glamourshop.co.il\/\",\"name\":\"\u05d2\u05dc\u05de\u05d5\u05e8 \u05e9\u05d5\u05e4\",\"description\":\"\u201c\u05d2\u05dc\u05de\u05d5\u05e8\u201d \u05d4\u05d9\u05e0\u05d5 \u05de\u05d5\u05ea\u05d2 \u05d9\u05e9\u05e8\u05d0\u05dc\u05d9 \u05d4\u05de\u05ea\u05de\u05d7\u05d4 \u05d1\u05d9\u05d9\u05e6\u05d5\u05e8 \u05d5\u05e9\u05d9\u05d5\u05d5\u05e7 \u05de\u05d5\u05e6\u05e8\u05d9 \u05d1\u05e0\u05d9\u05d9\u05ea \u05e6\u05d9\u05e4\u05d5\u05e8\u05e0\u05d9\u05d9\u05dd, \u05dc\u05e7 \u05d2\u2019\u05dc \u05d5\u05e6\u05d9\u05d5\u05d3 \u05dc\u05de\u05e0\u05d9\u05e7\u05d5\u05e8.\",\"publisher\":{\"@id\":\"https:\/\/glamourshop.co.il\/#organization\"},\"potentialAction\":[{\"@type\":\"SearchAction\",\"target\":{\"@type\":\"EntryPoint\",\"urlTemplate\":\"https:\/\/glamourshop.co.il\/?s={search_term_string}\"},\"query-input\":{\"@type\":\"PropertyValueSpecification\",\"valueRequired\":true,\"valueName\":\"search_term_string\"}}],\"inLanguage\":\"fr-FR\"},{\"@type\":\"Organization\",\"@id\":\"https:\/\/glamourshop.co.il\/#organization\",\"name\":\"Glamour Shop\",\"url\":\"https:\/\/glamourshop.co.il\/\",\"logo\":{\"@type\":\"ImageObject\",\"inLanguage\":\"fr-FR\",\"@id\":\"https:\/\/glamourshop.co.il\/#\/schema\/logo\/image\/\",\"url\":\"https:\/\/glamourshop.co.il\/wp-content\/uploads\/2022\/04\/seo-logo.jpg\",\"contentUrl\":\"https:\/\/glamourshop.co.il\/wp-content\/uploads\/2022\/04\/seo-logo.jpg\",\"width\":1080,\"height\":631,\"caption\":\"Glamour Shop\"},\"image\":{\"@id\":\"https:\/\/glamourshop.co.il\/#\/schema\/logo\/image\/\"},\"sameAs\":[\"https:\/\/www.facebook.com\/GlamourShopProfessionalNails\",\"https:\/\/www.instagram.com\/glamour_professional_nails\/\"]}]}<\/script>\n<!-- \/ Yoast SEO plugin. -->","yoast_head_json":{"title":"\u05de\u05d3\u05d9\u05e0\u05d9\u05d5\u05ea \u05de\u05e9\u05dc\u05d5\u05d7\u05d9\u05dd | \u05d2\u05dc\u05de\u05d5\u05e8 \u05e9\u05d5\u05e4","description":"\u201c Galmor \u201d est une marque isra\u00e9lienne sp\u00e9cialis\u00e9e dans la fabrication et la commercialisation de produits pour la construction d'ongles, de vernis gel et d'\u00e9quipements pour manucure.","robots":{"index":"index","follow":"follow","max-snippet":"max-snippet:-1","max-image-preview":"max-image-preview:large","max-video-preview":"max-video-preview:-1"},"canonical":"https:\/\/glamourshop.co.il\/fr\/\u05ea\u05e7\u05e0\u05d5\u05df\/delivery-policy\/","og_locale":"fr_FR","og_type":"article","og_title":"\u05de\u05d3\u05d9\u05e0\u05d9\u05d5\u05ea \u05de\u05e9\u05dc\u05d5\u05d7\u05d9\u05dd | \u05d2\u05dc\u05de\u05d5\u05e8 \u05e9\u05d5\u05e4","og_description":"\u201c\u05d2\u05dc\u05de\u05d5\u05e8\u201d \u05d4\u05d9\u05e0\u05d5 \u05de\u05d5\u05ea\u05d2 \u05d9\u05e9\u05e8\u05d0\u05dc\u05d9 \u05d4\u05de\u05ea\u05de\u05d7\u05d4 \u05d1\u05d9\u05d9\u05e6\u05d5\u05e8 \u05d5\u05e9\u05d9\u05d5\u05d5\u05e7 \u05de\u05d5\u05e6\u05e8\u05d9 \u05d1\u05e0\u05d9\u05d9\u05ea \u05e6\u05d9\u05e4\u05d5\u05e8\u05e0\u05d9\u05d9\u05dd, \u05dc\u05e7 \u05d2\u2019\u05dc \u05d5\u05e6\u05d9\u05d5\u05d3 \u05dc\u05de\u05e0\u05d9\u05e7\u05d5\u05e8.","og_url":"https:\/\/glamourshop.co.il\/fr\/\u05ea\u05e7\u05e0\u05d5\u05df\/delivery-policy\/","og_site_name":"\u05d2\u05dc\u05de\u05d5\u05e8 \u05e9\u05d5\u05e4","article_publisher":"https:\/\/www.facebook.com\/GlamourShopProfessionalNails","article_modified_time":"2024-04-11T06:55:32+00:00","og_image":[{"width":1080,"height":631,"url":"https:\/\/glamourshop.co.il\/wp-content\/uploads\/2022\/04\/seo-logo.jpg","type":"image\/jpeg"}],"twitter_card":"summary_large_image","twitter_misc":{"Dur\u00e9e de lecture estim\u00e9e":"1 minute"},"schema":{"@context":"https:\/\/schema.org","@graph":[{"@type":"WebPage","@id":"https:\/\/glamourshop.co.il\/%d7%aa%d7%a7%d7%a0%d7%95%d7%9f\/delivery-policy\/","url":"https:\/\/glamourshop.co.il\/%d7%aa%d7%a7%d7%a0%d7%95%d7%9f\/delivery-policy\/","name":"\u05de\u05d3\u05d9\u05e0\u05d9\u05d5\u05ea \u05de\u05e9\u05dc\u05d5\u05d7\u05d9\u05dd | \u05d2\u05dc\u05de\u05d5\u05e8 \u05e9\u05d5\u05e4","isPartOf":{"@id":"https:\/\/glamourshop.co.il\/#website"},"datePublished":"2021-02-06T15:19:16+00:00","dateModified":"2024-04-11T06:55:32+00:00","description":"\u201c Galmor \u201d est une marque isra\u00e9lienne sp\u00e9cialis\u00e9e dans la fabrication et la commercialisation de produits pour la construction d'ongles, de vernis gel et d'\u00e9quipements pour manucure.","breadcrumb":{"@id":"https:\/\/glamourshop.co.il\/%d7%aa%d7%a7%d7%a0%d7%95%d7%9f\/delivery-policy\/#breadcrumb"},"inLanguage":"fr-FR","potentialAction":[{"@type":"ReadAction","target":["https:\/\/glamourshop.co.il\/%d7%aa%d7%a7%d7%a0%d7%95%d7%9f\/delivery-policy\/"]}]},{"@type":"BreadcrumbList","@id":"https:\/\/glamourshop.co.il\/%d7%aa%d7%a7%d7%a0%d7%95%d7%9f\/delivery-policy\/#breadcrumb","itemListElement":[{"@type":"ListItem","position":1,"name":"\u05d3\u05e3 \u05d4\u05d1\u05d9\u05ea","item":"https:\/\/glamourshop.co.il\/"},{"@type":"ListItem","position":2,"name":"\u05ea\u05e7\u05e0\u05d5\u05df","item":"https:\/\/glamourshop.co.il\/%d7%aa%d7%a7%d7%a0%d7%95%d7%9f\/"},{"@type":"ListItem","position":3,"name":"\u05de\u05d3\u05d9\u05e0\u05d9\u05d5\u05ea \u05de\u05e9\u05dc\u05d5\u05d7\u05d9\u05dd"}]},{"@type":"WebSite","@id":"https:\/\/glamourshop.co.il\/#website","url":"https:\/\/glamourshop.co.il\/","name":"Galmore Shop","description":"\u201c Galmor \u201d est une marque isra\u00e9lienne sp\u00e9cialis\u00e9e dans la fabrication et la commercialisation de produits pour la construction d'ongles, de vernis gel et d'\u00e9quipements pour manucure.","publisher":{"@id":"https:\/\/glamourshop.co.il\/#organization"},"potentialAction":[{"@type":"SearchAction","target":{"@type":"EntryPoint","urlTemplate":"https:\/\/glamourshop.co.il\/?s={search_term_string}"},"query-input":{"@type":"PropertyValueSpecification","valueRequired":true,"valueName":"search_term_string"}}],"inLanguage":"fr-FR"},{"@type":"Organization","@id":"https:\/\/glamourshop.co.il\/#organization","name":"Boutique Glamour","url":"https:\/\/glamourshop.co.il\/","logo":{"@type":"ImageObject","inLanguage":"fr-FR","@id":"https:\/\/glamourshop.co.il\/#\/schema\/logo\/image\/","url":"https:\/\/glamourshop.co.il\/wp-content\/uploads\/2022\/04\/seo-logo.jpg","contentUrl":"https:\/\/glamourshop.co.il\/wp-content\/uploads\/2022\/04\/seo-logo.jpg","width":1080,"height":631,"caption":"Glamour Shop"},"image":{"@id":"https:\/\/glamourshop.co.il\/#\/schema\/logo\/image\/"},"sameAs":["https:\/\/www.facebook.com\/GlamourShopProfessionalNails","https:\/\/www.instagram.com\/glamour_professional_nails\/"]}]}},"uagb_featured_image_src":{"full":false,"thumbnail":false,"medium":false,"medium_large":false,"large":false,"1536x1536":false,"2048x2048":false,"trp-custom-language-flag":false,"icon":false,"oc-product-thumbnail":false,"oc-product-single-image":false,"oc-product-archive-thumbnail":false,"woocommerce_thumbnail":false,"woocommerce_single":false,"woocommerce_gallery_thumbnail":false},"uagb_author_info":{"display_name":"\u05e0\u05d8\u05dc\u05d9","author_link":"https:\/\/glamourshop.co.il\/fr\/author\/natali\/"},"uagb_comment_info":0,"uagb_excerpt":null,"_links":{"self":[{"href":"https:\/\/glamourshop.co.il\/fr\/wp-json\/wp\/v2\/pages\/3554","targetHints":{"allow":["GET"]}}],"collection":[{"href":"https:\/\/glamourshop.co.il\/fr\/wp-json\/wp\/v2\/pages"}],"about":[{"href":"https:\/\/glamourshop.co.il\/fr\/wp-json\/wp\/v2\/types\/page"}],"author":[{"embeddable":true,"href":"https:\/\/glamourshop.co.il\/fr\/wp-json\/wp\/v2\/users\/4"}],"replies":[{"embeddable":true,"href":"https:\/\/glamourshop.co.il\/fr\/wp-json\/wp\/v2\/comments?post=3554"}],"version-history":[{"count":0,"href":"https:\/\/glamourshop.co.il\/fr\/wp-json\/wp\/v2\/pages\/3554\/revisions"}],"up":[{"embeddable":true,"href":"https:\/\/glamourshop.co.il\/fr\/wp-json\/wp\/v2\/pages\/3"}],"wp:attachment":[{"href":"https:\/\/glamourshop.co.il\/fr\/wp-json\/wp\/v2\/media?parent=3554"}],"curies":[{"name":"wp","href":"https:\/\/api.w.org\/{rel}","templated":true}]}}