
{"id":10104,"date":"2022-04-03T11:22:40","date_gmt":"2022-04-03T08:22:40","guid":{"rendered":"https:\/\/devbee1.glamourshop.co.il.bee1.cloud\/?post_type=product&#038;p=10104"},"modified":"2026-04-19T17:07:11","modified_gmt":"2026-04-19T14:07:11","slug":"premium-work-kit-for-beginners","status":"publish","type":"product","link":"https:\/\/glamourshop.co.il\/fr\/produit\/premium-work-kit-for-beginners\/","title":{"rendered":"\u05e2\u05e8\u05db\u05ea \u05e2\u05d1\u05d5\u05d3\u05d4 \u05e4\u05e8\u05d9\u05de\u05d9\u05d5\u05dd \u05dc\u05de\u05ea\u05d7\u05d9\u05dc\u05d5\u05ea"},"content":{"rendered":"<div class=\"container section-title-container\">\n<h3 class=\"section-title section-title-normal\"><span class=\"section-title-main\">Le kit comprend :<\/span><\/h3>\n<\/div>\n<ul>\n<li>\u05de\u05db\u05d5\u05e0\u05ea \u05d9\u05d9\u05d1\u05d5\u05e9 uv\/led SUN X &#8211; \u05d9\u05d1\u05d5\u05d0\u05df \u05e8\u05e9\u05de\u05d9 (\u05de\u05e7\u05d5\u05e8\u05d9) \u05e9\u05e0\u05d4 \u05d0\u05d7\u05e8\u05d9\u05d5\u05ea \u05d9\u05e6\u05e8\u05df<\/li>\n<li>\u05de\u05db\u05d5\u05e0\u05ea \u05e9\u05d9\u05d5\u05e3 NANO &#8211; \u05d9\u05d1\u05d5\u05d0\u05df \u05e8\u05e9\u05de\u05d9 (\u05de\u05e7\u05d5\u05e8\u05d9) \u05e9\u05e0\u05d4 \u05d0\u05d7\u05e8\u05d9\u05d5\u05ea \u05d9\u05e6\u05e8\u05df<\/li>\n<li>\u05e6\u05d1\u05ea\u05d9\u05ea \u05d0\u05dc \u05d7\u05dc\u05d3 \u05de\u05d1\u05d9\u05ea \u05e1\u05d8\u05d0\u05dc\u05e7\u05e1<\/li>\n<li>\u05d3\u05d5\u05d7\u05e3 \u05e2\u05d5\u05e8 \u05d0\u05dc \u05d7\u05dc\u05d3 \u05de\u05d1\u05d9\u05ea \u05e1\u05d8\u05d0\u05dc\u05e7\u05e1<\/li>\n<li>\u05e2\u05e8\u05db\u05ea \u05e9\u05dc 3 \u05e8\u05d0\u05e9\u05d9 \u05e9\u05d9\u05d5\u05e3 \u05dc\u05d4\u05e1\u05e8\u05d4 \u05d5\u05de\u05e0\u05d9\u05e7\u05d5\u05e8 (\u05ea\u05d5\u05e6\u05e8\u05ea \u05e8\u05d5\u05e1\u05d9\u05d4 &#8211; \u05de\u05e7\u05d5\u05e8\u05d9)<br \/>\n\u05e8\u05d0\u05e9 \u05d4\u05e1\u05e8\u05d4 \u05e7\u05e8\u05d1\u05d9\u05d9\u05d3 \u05ea\u05d9\u05e8\u05e1 \u05d0\u05d3\u05d5\u05dd<br \/>\n\u05e8\u05d0\u05e9 \u05dc\u05d4\u05d1\u05d4 023 \u05d1\u05d8\u05d9\u05d7\u05d5\u05ea\u05d9\u05ea \u05d0\u05d3\u05d5\u05dd \u05dc\u05de\u05e0\u05d9\u05e7\u05d5\u05e8<br \/>\n\u05e8\u05d0\u05e9 \u05e6\u05dc\u05d9\u05e0\u05d3\u05e8 023 \u05d0\u05d3\u05d5\u05dd \u05dc\u05e4\u05d9\u05e0\u05d9\u05e9<\/li>\n<li>\u05d1\u05d9\u05d9\u05e1 \u05d0\u05e4\u05e7\u05e1<\/li>\n<li>\u05d8\u05d5\u05e4 \u05d1\u05e8\u05d9\u05dc\u05d9\u05d0\u05e0\u05d8<\/li>\n<li>\u05e4\u05e8\u05d9\u05d9\u05de\u05e8 \u05dc\u05d0 \u05d7\u05d5\u05de\u05e6\u05d9<\/li>\n<li>3 \u05d2\u05d5\u05d5\u05e0\u05d9 \u05dc\u05e7 \u05d2\u2019\u05dc \u05dc\u05d1\u05d7\u05d9\u05e8\u05ea\u05da ( \u05e0\u05d9\u05ea\u05df \u05dc\u05e6\u05d9\u05d9\u05df \u05d1\u05d4\u05e2\u05e8\u05d5\u05ea \u05d0\u05ea \u05d4\u05d2\u05d5\u05d5\u05e0\u05d9\u05dd )<\/li>\n<li>\u05e0\u05d9\u05d9\u05dc \u05e4\u05e8\u05e9 240 \u05de&quot;\u05dc<\/li>\n<li>\u05d2\u05dc\u05d0\u05dd \u05e1\u05e4\u05e8\u05d9\u05d9 200 \u05de&quot;\u05dc<\/li>\n<li>\u05de\u05e8\u05db\u05da \u05d5\u05de\u05e1\u05d9\u05e8 \u05e7\u05d5\u05d8\u05d9\u05e7\u05d5\u05dc\u05d4 125 \u05de&quot;\u05dc<\/li>\n<li>\u05e4\u05e6\u05d9\u05e8\u05d4 100\/180<\/li>\n<li>Lime 180\/180<\/li>\n<li>Baper blanc<\/li>\n<li>Pinceau liner<\/li>\n<li>\u05e4\u05d3 \u05d2\u05d6\u05d4 \u05dc\u05dc\u05d0 \u05e1\u05d9\u05d1\u05d9\u05dd<\/li>\n<li>\u05e2\u05d5\u05e6\u05e8 \u05d3\u05d9\u05de\u05d5\u05dd<\/li>\n<li>\u05d0\u05e4\u05dc\u05d9\u05e7\u05d8\u05d5\u05e8\u05d9\u05dd &#8211; 100 \u05d9\u05d7\u05d9\u05d3\u05d5\u05ea<\/li>\n<li>\u05d7\u05d1\u05d9\u05dc\u05ea \u05de\u05e7\u05dc\u05d5\u05ea \u05e2\u05e5 \u05ea\u05e4\u05d5\u05d6 &#8211; 100 \u05d9\u05d7\u05d9\u05d3\u05d5\u05ea<\/li>\n<li>Brosse \u00e0 pompon pour d\u00e9poussi\u00e9rer<\/li>\n<\/ul>\n<div id=\"text-2095267834\" class=\"text courses-custom-box\">\n<p>\u05d4\u05d7\u05d5\u05de\u05e8\u05d9\u05dd \u05d1\u05d0\u05d9\u05e9\u05d5\u05e8 \u05de\u05e9\u05e8\u05d3 \u05d4\u05d1\u05e8\u05d9\u05d0\u05d5\u05ea \u05d5\u05d1\u05e2\u05dc\u05d9 \u05ea\u05d5 \u05ea\u05e7\u05df<br \/>\n\u05e0\u05d5\u05ea\u05e0\u05d9\u05dd \u05de\u05e2\u05e0\u05d4 \u05dc\u05d0\u05dc\u05e8\u05d2\u05d9\u05d5\u05ea<br \/>\n\u05d5\u05dc\u05d0 \u05e0\u05d5\u05e1\u05d5 \u05e2\u05dc \u05d1\u05e2\u05f4\u05d7<\/p>\n<\/div>","protected":false},"excerpt":{"rendered":"<p>\u05e2\u05e8\u05db\u05ea \u05e2\u05d1\u05d5\u05d3\u05d4 \u05de\u05dc\u05d0\u05d4 \u05dc\u05de\u05e0\u05d9\u05e7\u05d5\u05e8 \u05d2'\u05dc<\/p>\n<p>\u05db\u05dc \u05d4\u05e6\u05d9\u05d5\u05d3 \u05d4\u05e0\u05d3\u05e8\u05e9 \u05dc\u05d4\u05ea\u05d7\u05dc\u05d4<\/p>\n<p>\u05d4\u05e4\u05d9\u05e8\u05d5\u05d8 \u05d4\u05de\u05dc\u05d0 \u05d1\u05d4\u05de\u05e9\u05da \u05d4\u05e2\u05de\u05d5\u05d3<\/p>\n<p>&nbsp;<\/p>\n<p>\u05db\u05dc \u05d4\u05d7\u05d5\u05de\u05e8\u05d9\u05dd \u05d1\u05d0\u05d9\u05e9\u05d5\u05e8 \u05de\u05e9\u05e8\u05d3 \u05d4\u05d1\u05e8\u05d9\u05d0\u05d5\u05ea \u05d5\u05d1\u05e2\u05dc\u05d9 \u05ea\u05d5 \u05ea\u05e7\u05df<br \/>\n\u05e0\u05d5\u05ea\u05e0\u05d9\u05dd \u05de\u05e2\u05e0\u05d4 \u05dc\u05d0\u05dc\u05e8\u05d2\u05d9\u05d5\u05ea<br \/>\n\u05d5\u05dc\u05d0 \u05e0\u05d5\u05e1\u05d5 \u05e2\u05dc \u05d1\u05e2\u05f4\u05d7<\/p>","protected":false},"featured_media":24102,"comment_status":"open","ping_status":"closed","template":"","meta":{"_uag_custom_page_level_css":""},"product_brand":[],"product_cat":[15,474],"product_tag":[72,151,573,574],"class_list":{"0":"post-10104","1":"product","2":"type-product","3":"status-publish","4":"has-post-thumbnail","6":"product_cat-special","7":"product_cat-packs","8":"product_tag-gel","9":"product_tag-glamour","10":"product_tag-beginners","11":"product_tag-kits","12":"desktop","14":"first","15":"outofstock","16":"sale","17":"shipping-taxable","18":"purchasable","19":"product-type-simple"},"acf":[],"yoast_head":"<!-- This site is optimized with the Yoast SEO plugin v26.0 - https:\/\/yoast.com\/wordpress\/plugins\/seo\/ -->\n<title>\u05e2\u05e8\u05db\u05ea \u05e2\u05d1\u05d5\u05d3\u05d4 \u05e4\u05e8\u05d9\u05de\u05d9\u05d5\u05dd \u05dc\u05de\u05ea\u05d7\u05d9\u05dc\u05d5\u05ea | \u05d2\u05dc\u05de\u05d5\u05e8 \u05e9\u05d5\u05e4<\/title>\n<meta name=\"description\" content=\"\u05e2\u05e8\u05db\u05ea \u05e2\u05d1\u05d5\u05d3\u05d4 \u05de\u05dc\u05d0\u05d4 \u05dc\u05de\u05e0\u05d9\u05e7\u05d5\u05e8 \u05d2&#039;\u05dc  \u05db\u05dc \u05d4\u05e6\u05d9\u05d5\u05d3 \u05d4\u05e0\u05d3\u05e8\u05e9 \u05dc\u05d4\u05ea\u05d7\u05dc\u05d4  \u05d4\u05e4\u05d9\u05e8\u05d5\u05d8 \u05d4\u05de\u05dc\u05d0 \u05d1\u05d4\u05de\u05e9\u05da \u05d4\u05e2\u05de\u05d5\u05d3  &nbsp;  \u05db\u05dc \u05d4\u05d7\u05d5\u05de\u05e8\u05d9\u05dd \u05d1\u05d0\u05d9\u05e9\u05d5\u05e8 \u05de\u05e9\u05e8\u05d3 \u05d4\u05d1\u05e8\u05d9\u05d0\u05d5\u05ea \u05d5\u05d1\u05e2\u05dc\u05d9 \u05ea\u05d5 \u05ea\u05e7\u05df \u05e0\u05d5\u05ea\u05e0\u05d9\u05dd \u05de\u05e2\u05e0\u05d4 \u05dc\u05d0\u05dc\u05e8\u05d2\u05d9\u05d5\u05ea \u05d5\u05dc\u05d0 \u05e0\u05d5\u05e1\u05d5 \u05e2\u05dc \u05d1\u05e2\u05f4\u05d7\" \/>\n<meta name=\"robots\" content=\"index, follow, max-snippet:-1, max-image-preview:large, max-video-preview:-1\" \/>\n<link rel=\"canonical\" href=\"https:\/\/glamourshop.co.il\/fr\/produit\/premium-work-kit-for-beginners\/\" \/>\n<meta property=\"og:locale\" content=\"fr_FR\" \/>\n<meta property=\"og:type\" content=\"article\" \/>\n<meta property=\"og:title\" content=\"\u05e2\u05e8\u05db\u05ea \u05e2\u05d1\u05d5\u05d3\u05d4 \u05e4\u05e8\u05d9\u05de\u05d9\u05d5\u05dd \u05dc\u05de\u05ea\u05d7\u05d9\u05dc\u05d5\u05ea | \u05d2\u05dc\u05de\u05d5\u05e8 \u05e9\u05d5\u05e4\" \/>\n<meta property=\"og:description\" content=\"\u05e2\u05e8\u05db\u05ea \u05e2\u05d1\u05d5\u05d3\u05d4 \u05de\u05dc\u05d0\u05d4 \u05dc\u05de\u05e0\u05d9\u05e7\u05d5\u05e8 \u05d2&#039;\u05dc  \u05db\u05dc \u05d4\u05e6\u05d9\u05d5\u05d3 \u05d4\u05e0\u05d3\u05e8\u05e9 \u05dc\u05d4\u05ea\u05d7\u05dc\u05d4  \u05d4\u05e4\u05d9\u05e8\u05d5\u05d8 \u05d4\u05de\u05dc\u05d0 \u05d1\u05d4\u05de\u05e9\u05da \u05d4\u05e2\u05de\u05d5\u05d3  &nbsp;  \u05db\u05dc \u05d4\u05d7\u05d5\u05de\u05e8\u05d9\u05dd \u05d1\u05d0\u05d9\u05e9\u05d5\u05e8 \u05de\u05e9\u05e8\u05d3 \u05d4\u05d1\u05e8\u05d9\u05d0\u05d5\u05ea \u05d5\u05d1\u05e2\u05dc\u05d9 \u05ea\u05d5 \u05ea\u05e7\u05df \u05e0\u05d5\u05ea\u05e0\u05d9\u05dd \u05de\u05e2\u05e0\u05d4 \u05dc\u05d0\u05dc\u05e8\u05d2\u05d9\u05d5\u05ea \u05d5\u05dc\u05d0 \u05e0\u05d5\u05e1\u05d5 \u05e2\u05dc \u05d1\u05e2\u05f4\u05d7\" \/>\n<meta property=\"og:url\" content=\"https:\/\/glamourshop.co.il\/fr\/produit\/premium-work-kit-for-beginners\/\" \/>\n<meta property=\"og:site_name\" content=\"\u05d2\u05dc\u05de\u05d5\u05e8 \u05e9\u05d5\u05e4\" \/>\n<meta property=\"article:publisher\" content=\"https:\/\/www.facebook.com\/GlamourShopProfessionalNails\" \/>\n<meta property=\"article:modified_time\" content=\"2026-04-19T14:07:11+00:00\" \/>\n<meta property=\"og:image\" content=\"https:\/\/glamourshop.co.il\/wp-content\/uploads\/2022\/04\/0G9A1503-1-scaled.jpg\" \/>\n\t<meta property=\"og:image:width\" content=\"1360\" \/>\n\t<meta property=\"og:image:height\" content=\"1360\" \/>\n\t<meta property=\"og:image:type\" content=\"image\/jpeg\" \/>\n<meta name=\"twitter:card\" content=\"summary_large_image\" \/>\n<meta name=\"twitter:label1\" content=\"Dur\u00e9e de lecture estim\u00e9e\" \/>\n\t<meta name=\"twitter:data1\" content=\"1 minute\" \/>\n<script type=\"application\/ld+json\" class=\"yoast-schema-graph\">{\"@context\":\"https:\/\/schema.org\",\"@graph\":[{\"@type\":[\"WebPage\",\"ItemPage\"],\"@id\":\"https:\/\/glamourshop.co.il\/product\/premium-work-kit-for-beginners\/\",\"url\":\"https:\/\/glamourshop.co.il\/product\/premium-work-kit-for-beginners\/\",\"name\":\"\u05e2\u05e8\u05db\u05ea \u05e2\u05d1\u05d5\u05d3\u05d4 \u05e4\u05e8\u05d9\u05de\u05d9\u05d5\u05dd \u05dc\u05de\u05ea\u05d7\u05d9\u05dc\u05d5\u05ea | \u05d2\u05dc\u05de\u05d5\u05e8 \u05e9\u05d5\u05e4\",\"isPartOf\":{\"@id\":\"https:\/\/glamourshop.co.il\/#website\"},\"primaryImageOfPage\":{\"@id\":\"https:\/\/glamourshop.co.il\/product\/premium-work-kit-for-beginners\/#primaryimage\"},\"image\":{\"@id\":\"https:\/\/glamourshop.co.il\/product\/premium-work-kit-for-beginners\/#primaryimage\"},\"thumbnailUrl\":\"https:\/\/glamourshop.co.il\/wp-content\/uploads\/2022\/04\/0G9A1503-1-scaled.jpg\",\"datePublished\":\"2022-04-03T08:22:40+00:00\",\"dateModified\":\"2026-04-19T14:07:11+00:00\",\"description\":\"\u05e2\u05e8\u05db\u05ea \u05e2\u05d1\u05d5\u05d3\u05d4 \u05de\u05dc\u05d0\u05d4 \u05dc\u05de\u05e0\u05d9\u05e7\u05d5\u05e8 \u05d2'\u05dc \u05db\u05dc \u05d4\u05e6\u05d9\u05d5\u05d3 \u05d4\u05e0\u05d3\u05e8\u05e9 \u05dc\u05d4\u05ea\u05d7\u05dc\u05d4 \u05d4\u05e4\u05d9\u05e8\u05d5\u05d8 \u05d4\u05de\u05dc\u05d0 \u05d1\u05d4\u05de\u05e9\u05da \u05d4\u05e2\u05de\u05d5\u05d3 &nbsp; \u05db\u05dc \u05d4\u05d7\u05d5\u05de\u05e8\u05d9\u05dd \u05d1\u05d0\u05d9\u05e9\u05d5\u05e8 \u05de\u05e9\u05e8\u05d3 \u05d4\u05d1\u05e8\u05d9\u05d0\u05d5\u05ea \u05d5\u05d1\u05e2\u05dc\u05d9 \u05ea\u05d5 \u05ea\u05e7\u05df \u05e0\u05d5\u05ea\u05e0\u05d9\u05dd \u05de\u05e2\u05e0\u05d4 \u05dc\u05d0\u05dc\u05e8\u05d2\u05d9\u05d5\u05ea \u05d5\u05dc\u05d0 \u05e0\u05d5\u05e1\u05d5 \u05e2\u05dc \u05d1\u05e2\u05f4\u05d7\",\"breadcrumb\":{\"@id\":\"https:\/\/glamourshop.co.il\/product\/premium-work-kit-for-beginners\/#breadcrumb\"},\"inLanguage\":\"fr-FR\",\"potentialAction\":[{\"@type\":\"ReadAction\",\"target\":[\"https:\/\/glamourshop.co.il\/product\/premium-work-kit-for-beginners\/\"]}]},{\"@type\":\"ImageObject\",\"inLanguage\":\"fr-FR\",\"@id\":\"https:\/\/glamourshop.co.il\/product\/premium-work-kit-for-beginners\/#primaryimage\",\"url\":\"https:\/\/glamourshop.co.il\/wp-content\/uploads\/2022\/04\/0G9A1503-1-scaled.jpg\",\"contentUrl\":\"https:\/\/glamourshop.co.il\/wp-content\/uploads\/2022\/04\/0G9A1503-1-scaled.jpg\",\"width\":1360,\"height\":1360,\"caption\":\"\u05e2\u05e8\u05db\u05ea \u05d4\u05ea\u05e0\u05e1\u05d5\u05ea\"},{\"@type\":\"BreadcrumbList\",\"@id\":\"https:\/\/glamourshop.co.il\/product\/premium-work-kit-for-beginners\/#breadcrumb\",\"itemListElement\":[{\"@type\":\"ListItem\",\"position\":1,\"name\":\"\u05d3\u05e3 \u05d4\u05d1\u05d9\u05ea\",\"item\":\"https:\/\/glamourshop.co.il\/\"},{\"@type\":\"ListItem\",\"position\":2,\"name\":\"\u05de\u05d5\u05e6\u05e8\u05d9\u05dd\",\"item\":\"https:\/\/glamourshop.co.il\/shop\/\"},{\"@type\":\"ListItem\",\"position\":3,\"name\":\"\u05e2\u05e8\u05db\u05ea \u05e2\u05d1\u05d5\u05d3\u05d4 \u05e4\u05e8\u05d9\u05de\u05d9\u05d5\u05dd \u05dc\u05de\u05ea\u05d7\u05d9\u05dc\u05d5\u05ea\"}]},{\"@type\":\"WebSite\",\"@id\":\"https:\/\/glamourshop.co.il\/#website\",\"url\":\"https:\/\/glamourshop.co.il\/\",\"name\":\"\u05d2\u05dc\u05de\u05d5\u05e8 \u05e9\u05d5\u05e4\",\"description\":\"\u201c\u05d2\u05dc\u05de\u05d5\u05e8\u201d \u05d4\u05d9\u05e0\u05d5 \u05de\u05d5\u05ea\u05d2 \u05d9\u05e9\u05e8\u05d0\u05dc\u05d9 \u05d4\u05de\u05ea\u05de\u05d7\u05d4 \u05d1\u05d9\u05d9\u05e6\u05d5\u05e8 \u05d5\u05e9\u05d9\u05d5\u05d5\u05e7 \u05de\u05d5\u05e6\u05e8\u05d9 \u05d1\u05e0\u05d9\u05d9\u05ea \u05e6\u05d9\u05e4\u05d5\u05e8\u05e0\u05d9\u05d9\u05dd, \u05dc\u05e7 \u05d2\u2019\u05dc \u05d5\u05e6\u05d9\u05d5\u05d3 \u05dc\u05de\u05e0\u05d9\u05e7\u05d5\u05e8.\",\"publisher\":{\"@id\":\"https:\/\/glamourshop.co.il\/#organization\"},\"potentialAction\":[{\"@type\":\"SearchAction\",\"target\":{\"@type\":\"EntryPoint\",\"urlTemplate\":\"https:\/\/glamourshop.co.il\/?s={search_term_string}\"},\"query-input\":{\"@type\":\"PropertyValueSpecification\",\"valueRequired\":true,\"valueName\":\"search_term_string\"}}],\"inLanguage\":\"fr-FR\"},{\"@type\":\"Organization\",\"@id\":\"https:\/\/glamourshop.co.il\/#organization\",\"name\":\"Glamour Shop\",\"url\":\"https:\/\/glamourshop.co.il\/\",\"logo\":{\"@type\":\"ImageObject\",\"inLanguage\":\"fr-FR\",\"@id\":\"https:\/\/glamourshop.co.il\/#\/schema\/logo\/image\/\",\"url\":\"https:\/\/glamourshop.co.il\/wp-content\/uploads\/2022\/04\/seo-logo.jpg\",\"contentUrl\":\"https:\/\/glamourshop.co.il\/wp-content\/uploads\/2022\/04\/seo-logo.jpg\",\"width\":1080,\"height\":631,\"caption\":\"Glamour Shop\"},\"image\":{\"@id\":\"https:\/\/glamourshop.co.il\/#\/schema\/logo\/image\/\"},\"sameAs\":[\"https:\/\/www.facebook.com\/GlamourShopProfessionalNails\",\"https:\/\/www.instagram.com\/glamour_professional_nails\/\"]}]}<\/script>\n<!-- \/ Yoast SEO plugin. -->","yoast_head_json":{"title":"\u05e2\u05e8\u05db\u05ea \u05e2\u05d1\u05d5\u05d3\u05d4 \u05e4\u05e8\u05d9\u05de\u05d9\u05d5\u05dd \u05dc\u05de\u05ea\u05d7\u05d9\u05dc\u05d5\u05ea | \u05d2\u05dc\u05de\u05d5\u05e8 \u05e9\u05d5\u05e4","description":"\u05e2\u05e8\u05db\u05ea \u05e2\u05d1\u05d5\u05d3\u05d4 \u05de\u05dc\u05d0\u05d4 \u05dc\u05de\u05e0\u05d9\u05e7\u05d5\u05e8 \u05d2'\u05dc  \u05db\u05dc \u05d4\u05e6\u05d9\u05d5\u05d3 \u05d4\u05e0\u05d3\u05e8\u05e9 \u05dc\u05d4\u05ea\u05d7\u05dc\u05d4  \u05d4\u05e4\u05d9\u05e8\u05d5\u05d8 \u05d4\u05de\u05dc\u05d0 \u05d1\u05d4\u05de\u05e9\u05da \u05d4\u05e2\u05de\u05d5\u05d3  &nbsp;  \u05db\u05dc \u05d4\u05d7\u05d5\u05de\u05e8\u05d9\u05dd \u05d1\u05d0\u05d9\u05e9\u05d5\u05e8 \u05de\u05e9\u05e8\u05d3 \u05d4\u05d1\u05e8\u05d9\u05d0\u05d5\u05ea \u05d5\u05d1\u05e2\u05dc\u05d9 \u05ea\u05d5 \u05ea\u05e7\u05df \u05e0\u05d5\u05ea\u05e0\u05d9\u05dd \u05de\u05e2\u05e0\u05d4 \u05dc\u05d0\u05dc\u05e8\u05d2\u05d9\u05d5\u05ea \u05d5\u05dc\u05d0 \u05e0\u05d5\u05e1\u05d5 \u05e2\u05dc \u05d1\u05e2\u05f4\u05d7","robots":{"index":"index","follow":"follow","max-snippet":"max-snippet:-1","max-image-preview":"max-image-preview:large","max-video-preview":"max-video-preview:-1"},"canonical":"https:\/\/glamourshop.co.il\/fr\/produit\/premium-work-kit-for-beginners\/","og_locale":"fr_FR","og_type":"article","og_title":"\u05e2\u05e8\u05db\u05ea \u05e2\u05d1\u05d5\u05d3\u05d4 \u05e4\u05e8\u05d9\u05de\u05d9\u05d5\u05dd \u05dc\u05de\u05ea\u05d7\u05d9\u05dc\u05d5\u05ea | \u05d2\u05dc\u05de\u05d5\u05e8 \u05e9\u05d5\u05e4","og_description":"\u05e2\u05e8\u05db\u05ea \u05e2\u05d1\u05d5\u05d3\u05d4 \u05de\u05dc\u05d0\u05d4 \u05dc\u05de\u05e0\u05d9\u05e7\u05d5\u05e8 \u05d2'\u05dc  \u05db\u05dc \u05d4\u05e6\u05d9\u05d5\u05d3 \u05d4\u05e0\u05d3\u05e8\u05e9 \u05dc\u05d4\u05ea\u05d7\u05dc\u05d4  \u05d4\u05e4\u05d9\u05e8\u05d5\u05d8 \u05d4\u05de\u05dc\u05d0 \u05d1\u05d4\u05de\u05e9\u05da \u05d4\u05e2\u05de\u05d5\u05d3  &nbsp;  \u05db\u05dc \u05d4\u05d7\u05d5\u05de\u05e8\u05d9\u05dd \u05d1\u05d0\u05d9\u05e9\u05d5\u05e8 \u05de\u05e9\u05e8\u05d3 \u05d4\u05d1\u05e8\u05d9\u05d0\u05d5\u05ea \u05d5\u05d1\u05e2\u05dc\u05d9 \u05ea\u05d5 \u05ea\u05e7\u05df \u05e0\u05d5\u05ea\u05e0\u05d9\u05dd \u05de\u05e2\u05e0\u05d4 \u05dc\u05d0\u05dc\u05e8\u05d2\u05d9\u05d5\u05ea \u05d5\u05dc\u05d0 \u05e0\u05d5\u05e1\u05d5 \u05e2\u05dc \u05d1\u05e2\u05f4\u05d7","og_url":"https:\/\/glamourshop.co.il\/fr\/produit\/premium-work-kit-for-beginners\/","og_site_name":"\u05d2\u05dc\u05de\u05d5\u05e8 \u05e9\u05d5\u05e4","article_publisher":"https:\/\/www.facebook.com\/GlamourShopProfessionalNails","article_modified_time":"2026-04-19T14:07:11+00:00","og_image":[{"width":1360,"height":1360,"url":"https:\/\/glamourshop.co.il\/wp-content\/uploads\/2022\/04\/0G9A1503-1-scaled.jpg","type":"image\/jpeg"}],"twitter_card":"summary_large_image","twitter_misc":{"Dur\u00e9e de lecture estim\u00e9e":"1 minute"},"schema":{"@context":"https:\/\/schema.org","@graph":[{"@type":["WebPage","ItemPage"],"@id":"https:\/\/glamourshop.co.il\/product\/premium-work-kit-for-beginners\/","url":"https:\/\/glamourshop.co.il\/product\/premium-work-kit-for-beginners\/","name":"\u05e2\u05e8\u05db\u05ea \u05e2\u05d1\u05d5\u05d3\u05d4 \u05e4\u05e8\u05d9\u05de\u05d9\u05d5\u05dd \u05dc\u05de\u05ea\u05d7\u05d9\u05dc\u05d5\u05ea | \u05d2\u05dc\u05de\u05d5\u05e8 \u05e9\u05d5\u05e4","isPartOf":{"@id":"https:\/\/glamourshop.co.il\/#website"},"primaryImageOfPage":{"@id":"https:\/\/glamourshop.co.il\/product\/premium-work-kit-for-beginners\/#primaryimage"},"image":{"@id":"https:\/\/glamourshop.co.il\/product\/premium-work-kit-for-beginners\/#primaryimage"},"thumbnailUrl":"https:\/\/glamourshop.co.il\/wp-content\/uploads\/2022\/04\/0G9A1503-1-scaled.jpg","datePublished":"2022-04-03T08:22:40+00:00","dateModified":"2026-04-19T14:07:11+00:00","description":"\u05e2\u05e8\u05db\u05ea \u05e2\u05d1\u05d5\u05d3\u05d4 \u05de\u05dc\u05d0\u05d4 \u05dc\u05de\u05e0\u05d9\u05e7\u05d5\u05e8 \u05d2'\u05dc \u05db\u05dc \u05d4\u05e6\u05d9\u05d5\u05d3 \u05d4\u05e0\u05d3\u05e8\u05e9 \u05dc\u05d4\u05ea\u05d7\u05dc\u05d4 \u05d4\u05e4\u05d9\u05e8\u05d5\u05d8 \u05d4\u05de\u05dc\u05d0 \u05d1\u05d4\u05de\u05e9\u05da \u05d4\u05e2\u05de\u05d5\u05d3 &nbsp; \u05db\u05dc \u05d4\u05d7\u05d5\u05de\u05e8\u05d9\u05dd \u05d1\u05d0\u05d9\u05e9\u05d5\u05e8 \u05de\u05e9\u05e8\u05d3 \u05d4\u05d1\u05e8\u05d9\u05d0\u05d5\u05ea \u05d5\u05d1\u05e2\u05dc\u05d9 \u05ea\u05d5 \u05ea\u05e7\u05df \u05e0\u05d5\u05ea\u05e0\u05d9\u05dd \u05de\u05e2\u05e0\u05d4 \u05dc\u05d0\u05dc\u05e8\u05d2\u05d9\u05d5\u05ea \u05d5\u05dc\u05d0 \u05e0\u05d5\u05e1\u05d5 \u05e2\u05dc \u05d1\u05e2\u05f4\u05d7","breadcrumb":{"@id":"https:\/\/glamourshop.co.il\/product\/premium-work-kit-for-beginners\/#breadcrumb"},"inLanguage":"fr-FR","potentialAction":[{"@type":"ReadAction","target":["https:\/\/glamourshop.co.il\/product\/premium-work-kit-for-beginners\/"]}]},{"@type":"ImageObject","inLanguage":"fr-FR","@id":"https:\/\/glamourshop.co.il\/product\/premium-work-kit-for-beginners\/#primaryimage","url":"https:\/\/glamourshop.co.il\/wp-content\/uploads\/2022\/04\/0G9A1503-1-scaled.jpg","contentUrl":"https:\/\/glamourshop.co.il\/wp-content\/uploads\/2022\/04\/0G9A1503-1-scaled.jpg","width":1360,"height":1360,"caption":"\u05e2\u05e8\u05db\u05ea \u05d4\u05ea\u05e0\u05e1\u05d5\u05ea"},{"@type":"BreadcrumbList","@id":"https:\/\/glamourshop.co.il\/product\/premium-work-kit-for-beginners\/#breadcrumb","itemListElement":[{"@type":"ListItem","position":1,"name":"\u05d3\u05e3 \u05d4\u05d1\u05d9\u05ea","item":"https:\/\/glamourshop.co.il\/"},{"@type":"ListItem","position":2,"name":"\u05de\u05d5\u05e6\u05e8\u05d9\u05dd","item":"https:\/\/glamourshop.co.il\/shop\/"},{"@type":"ListItem","position":3,"name":"\u05e2\u05e8\u05db\u05ea \u05e2\u05d1\u05d5\u05d3\u05d4 \u05e4\u05e8\u05d9\u05de\u05d9\u05d5\u05dd \u05dc\u05de\u05ea\u05d7\u05d9\u05dc\u05d5\u05ea"}]},{"@type":"WebSite","@id":"https:\/\/glamourshop.co.il\/#website","url":"https:\/\/glamourshop.co.il\/","name":"Galmore Shop","description":"\u201c Galmor \u201d est une marque isra\u00e9lienne sp\u00e9cialis\u00e9e dans la fabrication et la commercialisation de produits pour la construction d'ongles, de vernis gel et d'\u00e9quipements pour manucure.","publisher":{"@id":"https:\/\/glamourshop.co.il\/#organization"},"potentialAction":[{"@type":"SearchAction","target":{"@type":"EntryPoint","urlTemplate":"https:\/\/glamourshop.co.il\/?s={search_term_string}"},"query-input":{"@type":"PropertyValueSpecification","valueRequired":true,"valueName":"search_term_string"}}],"inLanguage":"fr-FR"},{"@type":"Organization","@id":"https:\/\/glamourshop.co.il\/#organization","name":"Boutique Glamour","url":"https:\/\/glamourshop.co.il\/","logo":{"@type":"ImageObject","inLanguage":"fr-FR","@id":"https:\/\/glamourshop.co.il\/#\/schema\/logo\/image\/","url":"https:\/\/glamourshop.co.il\/wp-content\/uploads\/2022\/04\/seo-logo.jpg","contentUrl":"https:\/\/glamourshop.co.il\/wp-content\/uploads\/2022\/04\/seo-logo.jpg","width":1080,"height":631,"caption":"Glamour Shop"},"image":{"@id":"https:\/\/glamourshop.co.il\/#\/schema\/logo\/image\/"},"sameAs":["https:\/\/www.facebook.com\/GlamourShopProfessionalNails","https:\/\/www.instagram.com\/glamour_professional_nails\/"]}]}},"uagb_featured_image_src":{"full":["https:\/\/glamourshop.co.il\/wp-content\/uploads\/2022\/04\/0G9A1503-1-scaled.jpg",1360,1360,false],"thumbnail":["https:\/\/glamourshop.co.il\/wp-content\/uploads\/2022\/04\/0G9A1503-1-300x300.jpg",300,300,true],"medium":["https:\/\/glamourshop.co.il\/wp-content\/uploads\/2022\/04\/0G9A1503-1-400x400.jpg",400,400,true],"medium_large":["https:\/\/glamourshop.co.il\/wp-content\/uploads\/2022\/04\/0G9A1503-1-768x768.jpg",768,768,true],"large":["https:\/\/glamourshop.co.il\/wp-content\/uploads\/2022\/04\/0G9A1503-1-800x800.jpg",800,800,true],"1536x1536":["https:\/\/glamourshop.co.il\/wp-content\/uploads\/2022\/04\/0G9A1503-1-scaled.jpg",1360,1360,false],"2048x2048":["https:\/\/glamourshop.co.il\/wp-content\/uploads\/2022\/04\/0G9A1503-1-scaled.jpg",1360,1360,false],"trp-custom-language-flag":["https:\/\/glamourshop.co.il\/wp-content\/uploads\/2022\/04\/0G9A1503-1-scaled.jpg",12,12,false],"icon":["https:\/\/glamourshop.co.il\/wp-content\/uploads\/2022\/04\/0G9A1503-1-scaled.jpg",1360,1360,false],"oc-product-thumbnail":["https:\/\/glamourshop.co.il\/wp-content\/uploads\/2022\/04\/0G9A1503-1-scaled.jpg",149,149,false],"oc-product-single-image":["https:\/\/glamourshop.co.il\/wp-content\/uploads\/2022\/04\/0G9A1503-1-scaled.jpg",727,727,false],"oc-product-archive-thumbnail":["https:\/\/glamourshop.co.il\/wp-content\/uploads\/2022\/04\/0G9A1503-1-scaled.jpg",422,422,false],"woocommerce_thumbnail":["https:\/\/glamourshop.co.il\/wp-content\/uploads\/2022\/04\/0G9A1503-1-scaled-500x500.jpg",500,500,true],"woocommerce_single":["https:\/\/glamourshop.co.il\/wp-content\/uploads\/2022\/04\/0G9A1503-1-scaled-600x600.jpg",600,600,true],"woocommerce_gallery_thumbnail":["https:\/\/glamourshop.co.il\/wp-content\/uploads\/2022\/04\/0G9A1503-1-scaled-100x100.jpg",100,100,true]},"uagb_author_info":{"display_name":"\u05e0\u05d8\u05dc\u05d9","author_link":"https:\/\/glamourshop.co.il\/fr\/author\/"},"uagb_comment_info":0,"uagb_excerpt":"\u05e2\u05e8\u05db\u05ea \u05e2\u05d1\u05d5\u05d3\u05d4 \u05de\u05dc\u05d0\u05d4 \u05dc\u05de\u05e0\u05d9\u05e7\u05d5\u05e8 \u05d2'\u05dc \u05db\u05dc \u05d4\u05e6\u05d9\u05d5\u05d3 \u05d4\u05e0\u05d3\u05e8\u05e9 \u05dc\u05d4\u05ea\u05d7\u05dc\u05d4 \u05d4\u05e4\u05d9\u05e8\u05d5\u05d8 \u05d4\u05de\u05dc\u05d0 \u05d1\u05d4\u05de\u05e9\u05da \u05d4\u05e2\u05de\u05d5\u05d3 &nbsp; \u05db\u05dc \u05d4\u05d7\u05d5\u05de\u05e8\u05d9\u05dd \u05d1\u05d0\u05d9\u05e9\u05d5\u05e8 \u05de\u05e9\u05e8\u05d3 \u05d4\u05d1\u05e8\u05d9\u05d0\u05d5\u05ea \u05d5\u05d1\u05e2\u05dc\u05d9 \u05ea\u05d5 \u05ea\u05e7\u05df \u05e0\u05d5\u05ea\u05e0\u05d9\u05dd \u05de\u05e2\u05e0\u05d4 \u05dc\u05d0\u05dc\u05e8\u05d2\u05d9\u05d5\u05ea \u05d5\u05dc\u05d0 \u05e0\u05d5\u05e1\u05d5 \u05e2\u05dc \u05d1\u05e2\u05f4\u05d7","_links":{"self":[{"href":"https:\/\/glamourshop.co.il\/fr\/wp-json\/wp\/v2\/product\/10104","targetHints":{"allow":["GET"]}}],"collection":[{"href":"https:\/\/glamourshop.co.il\/fr\/wp-json\/wp\/v2\/product"}],"about":[{"href":"https:\/\/glamourshop.co.il\/fr\/wp-json\/wp\/v2\/types\/product"}],"replies":[{"embeddable":true,"href":"https:\/\/glamourshop.co.il\/fr\/wp-json\/wp\/v2\/comments?post=10104"}],"wp:featuredmedia":[{"embeddable":true,"href":"https:\/\/glamourshop.co.il\/fr\/wp-json\/wp\/v2\/media\/24102"}],"wp:attachment":[{"href":"https:\/\/glamourshop.co.il\/fr\/wp-json\/wp\/v2\/media?parent=10104"}],"wp:term":[{"taxonomy":"product_brand","embeddable":true,"href":"https:\/\/glamourshop.co.il\/fr\/wp-json\/wp\/v2\/product_brand?post=10104"},{"taxonomy":"product_cat","embeddable":true,"href":"https:\/\/glamourshop.co.il\/fr\/wp-json\/wp\/v2\/product_cat?post=10104"},{"taxonomy":"product_tag","embeddable":true,"href":"https:\/\/glamourshop.co.il\/fr\/wp-json\/wp\/v2\/product_tag?post=10104"}],"curies":[{"name":"wp","href":"https:\/\/api.w.org\/{rel}","templated":true}]}}