
{"id":10429,"date":"2022-04-17T21:11:22","date_gmt":"2022-04-17T18:11:22","guid":{"rendered":"https:\/\/devbee1.glamourshop.co.il.bee1.cloud\/?post_type=product&#038;p=10429"},"modified":"2026-04-05T02:32:49","modified_gmt":"2026-04-04T23:32:49","slug":"gel-nail-polish-171-17ml-glamour-neon","status":"publish","type":"product","link":"https:\/\/glamourshop.co.il\/fr\/produit\/gel-nail-polish-171-17ml-glamour-neon\/","title":{"rendered":"Gel vernis n\u00b0 171, 17 ml \u2013 Glamour (n\u00e9on)"},"content":{"rendered":"<p style=\"direction: rtl;\">Le vernis gel de Glamour propose plus de 200 nuances \u00e9clatantes.<\/p>\n<p style=\"direction: rtl;\"><span style=\"text-decoration: underline;\">Notre formule :<\/span><br \/>\n1. Riche en pigments de qualit\u00e9<br \/>\n2. Adapt\u00e9e au climat isra\u00e9lien<br \/>\n3. Donne aux ongles force, brillance et r\u00e9sistance \u00e9lev\u00e9e.<br \/>\n4. Capacit\u00e9 d'auto-alignement<\/p>\n<p style=\"direction: rtl;\"><span style=\"text-decoration: underline;\">Comprend :<\/span><br \/>\n\u2714 Pinceau en silicone de qualit\u00e9 sup\u00e9rieure, doux, pour une application parfaite sans traces<br \/>\n\u2714 Flacon de 17 ml<\/p>\n<p>&nbsp;<\/p>\n<p><strong>Les produits Galmore ont \u00e9t\u00e9 d\u00e9velopp\u00e9s dans le but d'apporter des r\u00e9ponses et des solutions aux personnes souffrant de sensibilit\u00e9s et d'allergies.<\/strong><\/p>\n<p>Toutes les mati\u00e8res premi\u00e8res ont \u00e9t\u00e9 soigneusement s\u00e9lectionn\u00e9es. Il est donc recommand\u00e9 de respecter l'ordre des op\u00e9rations.<\/p>\n<p>Pour obtenir des r\u00e9sultats optimaux, il est recommand\u00e9 d'utiliser l'ensemble des produits Glamour.<\/p>\n<p><a href=\"https:\/\/glamourshop.co.il\/fr\/shop\/nail-fresh-liquid-240ml\/\">*Nail Fresh (fortement recommand\u00e9)<\/a><\/p>\n<p><a href=\"https:\/\/glamourshop.co.il\/fr\/shop\/non-acidic-primer-17ml-glamour\/\">*Appr\u00eat (non acide)\/ Ultrabond<\/a><\/p>\n<p><a href=\"https:\/\/glamourshop.co.il\/fr\/categorie-produit\/glamour-nail-polish\/base-top\/\">*Base<\/a><\/p>\n<p><a href=\"https:\/\/glamourshop.co.il\/fr\/categorie-produit\/glamour-nail-polish\/colors\/\">*Couleur<\/a><\/p>\n<p><a href=\"https:\/\/glamourshop.co.il\/fr\/categorie-produit\/glamour-nail-polish\/base-top\/\">*Top<\/a><\/p>","protected":false},"excerpt":{"rendered":"<p style=\"direction: rtl;\">Couleurs de vernis gel de la collection printemps\/\u00e9t\u00e9 2022<\/p>\n<p style=\"direction: rtl;\">\u2714 Adapt\u00e9e au climat isra\u00e9lien<br \/>\n\u2714 Donne aux ongles force, brillance et haute r\u00e9sistance<br \/>\n\u2714 Capacit\u00e9 d'auto-alignement\u2714 Brosse en silicone souple et de haute qualit\u00e9 pour une application parfaite sans traces<br \/>\n\u2714 Flacon de 17 ml<\/p>\n<p><strong>R\u00e9pond aux allergies<\/strong><\/p>\n<p>Avec l'accord du minist\u00e8re de la Sant\u00e9<\/p>\n<p>&nbsp;<\/p>","protected":false},"featured_media":10430,"comment_status":"open","ping_status":"closed","template":"","meta":{"_uag_custom_page_level_css":""},"product_brand":[],"product_cat":[149,153],"product_tag":[72,151,423,426,586],"class_list":{"0":"post-10429","1":"product","2":"type-product","3":"status-publish","4":"has-post-thumbnail","6":"product_cat-glamour-nail-polish","7":"product_cat-glamour-nail-polish-colors","8":"product_tag-gel","9":"product_tag-glamour","10":"product_tag-gel-nail-polish","11":"product_tag-manicure-gel","12":"product_tag-summer-colors-2022","13":"desktop","15":"first","16":"instock","17":"sale","18":"shipping-taxable","19":"purchasable","20":"product-type-simple"},"acf":[],"yoast_head":"<!-- This site is optimized with the Yoast SEO plugin v26.0 - https:\/\/yoast.com\/wordpress\/plugins\/seo\/ -->\n<title>\u05dc\u05e7 \u05d2&#039;\u05dc \u05de\u05e1&#039; 171, 17 \u05de&quot;\u05dc - Glamour (\u05e0\u05d9\u05d0\u05d5\u05df) | \u05d2\u05dc\u05de\u05d5\u05e8 \u05e9\u05d5\u05e4<\/title>\n<meta name=\"description\" content=\"\u05e6\u05d1\u05e2\u05d9 \u05dc\u05e7 \u05d2\u2019\u05dc \u05de\u05e7\u05d5\u05dc\u05e7\u05e6\u05d9\u05d9\u05ea \u05d0\u05d1\u05d9\u05d1 \/ \u05e7\u05d9\u05e5- 2022 \u2714 \u05de\u05d5\u05ea\u05d0\u05de\u05ea \u05dc\u05d0\u05e7\u05dc\u05d9\u05dd \u05d4\u05d9\u05e9\u05e8\u05d0\u05dc\u05d9 \u2714 \u05de\u05e2\u05e0\u05d9\u05e7\u05d4 \u05dc\u05e6\u05d9\u05e4\u05d5\u05e8\u05df \u05d7\u05d5\u05d6\u05e7, \u05d1\u05e8\u05e7 \u05d5\u05e2\u05de\u05d9\u05d3\u05d5\u05ea \u05d2\u05d1\u05d5\u05d4\u05d4 \u2714 \u05d1\u05e2\u05dc \u05d9\u05d9\u05db\u05d5\u05dc\u05ea \u05d9\u05d9\u05e9\u05d5\u05e8 \u05e2\u05e6\u05de\u05d9\u2714 \u05de\u05d1\u05e8\u05e9\u05ea \u05e1\u05d9\u05dc\u05d9\u05e7\u05d5\u05df \u05d0\u05d9\u05db\u05d5\u05ea\u05d9\u05ea \u05d5\u05e8\u05db\u05d4 \u05dc\u05de\u05e8\u05d9\u05d7\u05d4 \u05de\u05d5\u05e9\u05dc\u05de\u05ea \u05dc\u05dc\u05d0 \u05e2\u05e7\u05d1\u05d5\u05ea \u2714 \u05d1\u05e7\u05d1\u05d5\u05e7 17 \u05de\u201d\u05dc \u05e0\u05d5\u05ea\u05df \u05de\u05e2\u05e0\u05d4 \u05dc\u05d0\u05dc\u05e8\u05d2\u05d9\u05d5\u05ea  \u05d1\u05d0\u05d9\u05e9\u05d5\u05e8 \u05de\u05e9\u05e8\u05d3 \u05d4\u05d1\u05e8\u05d9\u05d0\u05d5\u05ea  &nbsp;\" \/>\n<meta name=\"robots\" content=\"index, follow, max-snippet:-1, max-image-preview:large, max-video-preview:-1\" \/>\n<link rel=\"canonical\" href=\"https:\/\/glamourshop.co.il\/fr\/produit\/gel-nail-polish-171-17ml-glamour-neon\/\" \/>\n<meta property=\"og:locale\" content=\"fr_FR\" \/>\n<meta property=\"og:type\" content=\"article\" \/>\n<meta property=\"og:title\" content=\"\u05dc\u05e7 \u05d2&#039;\u05dc \u05de\u05e1&#039; 171, 17 \u05de&quot;\u05dc - Glamour (\u05e0\u05d9\u05d0\u05d5\u05df) | \u05d2\u05dc\u05de\u05d5\u05e8 \u05e9\u05d5\u05e4\" \/>\n<meta property=\"og:description\" content=\"\u05e6\u05d1\u05e2\u05d9 \u05dc\u05e7 \u05d2\u2019\u05dc \u05de\u05e7\u05d5\u05dc\u05e7\u05e6\u05d9\u05d9\u05ea \u05d0\u05d1\u05d9\u05d1 \/ \u05e7\u05d9\u05e5- 2022 \u2714 \u05de\u05d5\u05ea\u05d0\u05de\u05ea \u05dc\u05d0\u05e7\u05dc\u05d9\u05dd \u05d4\u05d9\u05e9\u05e8\u05d0\u05dc\u05d9 \u2714 \u05de\u05e2\u05e0\u05d9\u05e7\u05d4 \u05dc\u05e6\u05d9\u05e4\u05d5\u05e8\u05df \u05d7\u05d5\u05d6\u05e7, \u05d1\u05e8\u05e7 \u05d5\u05e2\u05de\u05d9\u05d3\u05d5\u05ea \u05d2\u05d1\u05d5\u05d4\u05d4 \u2714 \u05d1\u05e2\u05dc \u05d9\u05d9\u05db\u05d5\u05dc\u05ea \u05d9\u05d9\u05e9\u05d5\u05e8 \u05e2\u05e6\u05de\u05d9\u2714 \u05de\u05d1\u05e8\u05e9\u05ea \u05e1\u05d9\u05dc\u05d9\u05e7\u05d5\u05df \u05d0\u05d9\u05db\u05d5\u05ea\u05d9\u05ea \u05d5\u05e8\u05db\u05d4 \u05dc\u05de\u05e8\u05d9\u05d7\u05d4 \u05de\u05d5\u05e9\u05dc\u05de\u05ea \u05dc\u05dc\u05d0 \u05e2\u05e7\u05d1\u05d5\u05ea \u2714 \u05d1\u05e7\u05d1\u05d5\u05e7 17 \u05de\u201d\u05dc \u05e0\u05d5\u05ea\u05df \u05de\u05e2\u05e0\u05d4 \u05dc\u05d0\u05dc\u05e8\u05d2\u05d9\u05d5\u05ea  \u05d1\u05d0\u05d9\u05e9\u05d5\u05e8 \u05de\u05e9\u05e8\u05d3 \u05d4\u05d1\u05e8\u05d9\u05d0\u05d5\u05ea  &nbsp;\" \/>\n<meta property=\"og:url\" content=\"https:\/\/glamourshop.co.il\/fr\/produit\/gel-nail-polish-171-17ml-glamour-neon\/\" \/>\n<meta property=\"og:site_name\" content=\"\u05d2\u05dc\u05de\u05d5\u05e8 \u05e9\u05d5\u05e4\" \/>\n<meta property=\"article:publisher\" content=\"https:\/\/www.facebook.com\/GlamourShopProfessionalNails\" \/>\n<meta property=\"article:modified_time\" content=\"2026-04-04T23:32:49+00:00\" \/>\n<meta property=\"og:image\" content=\"https:\/\/glamourshop.co.il\/wp-content\/uploads\/2022\/04\/GLAMOUR_171_n.png\" \/>\n\t<meta property=\"og:image:width\" content=\"607\" \/>\n\t<meta property=\"og:image:height\" content=\"607\" \/>\n\t<meta property=\"og:image:type\" content=\"image\/png\" \/>\n<meta name=\"twitter:card\" content=\"summary_large_image\" \/>\n<meta name=\"twitter:label1\" content=\"Dur\u00e9e de lecture estim\u00e9e\" \/>\n\t<meta name=\"twitter:data1\" content=\"1 minute\" \/>\n<script type=\"application\/ld+json\" class=\"yoast-schema-graph\">{\"@context\":\"https:\/\/schema.org\",\"@graph\":[{\"@type\":[\"WebPage\",\"ItemPage\"],\"@id\":\"https:\/\/glamourshop.co.il\/product\/gel-nail-polish-171-17ml-glamour-neon\/\",\"url\":\"https:\/\/glamourshop.co.il\/product\/gel-nail-polish-171-17ml-glamour-neon\/\",\"name\":\"\u05dc\u05e7 \u05d2'\u05dc \u05de\u05e1' 171, 17 \u05de\\\"\u05dc - Glamour (\u05e0\u05d9\u05d0\u05d5\u05df) | \u05d2\u05dc\u05de\u05d5\u05e8 \u05e9\u05d5\u05e4\",\"isPartOf\":{\"@id\":\"https:\/\/glamourshop.co.il\/#website\"},\"primaryImageOfPage\":{\"@id\":\"https:\/\/glamourshop.co.il\/product\/gel-nail-polish-171-17ml-glamour-neon\/#primaryimage\"},\"image\":{\"@id\":\"https:\/\/glamourshop.co.il\/product\/gel-nail-polish-171-17ml-glamour-neon\/#primaryimage\"},\"thumbnailUrl\":\"https:\/\/glamourshop.co.il\/wp-content\/uploads\/2022\/04\/GLAMOUR_171_n.png\",\"datePublished\":\"2022-04-17T18:11:22+00:00\",\"dateModified\":\"2026-04-04T23:32:49+00:00\",\"description\":\"\u05e6\u05d1\u05e2\u05d9 \u05dc\u05e7 \u05d2\u2019\u05dc \u05de\u05e7\u05d5\u05dc\u05e7\u05e6\u05d9\u05d9\u05ea \u05d0\u05d1\u05d9\u05d1 \/ \u05e7\u05d9\u05e5- 2022 \u2714 \u05de\u05d5\u05ea\u05d0\u05de\u05ea \u05dc\u05d0\u05e7\u05dc\u05d9\u05dd \u05d4\u05d9\u05e9\u05e8\u05d0\u05dc\u05d9 \u2714 \u05de\u05e2\u05e0\u05d9\u05e7\u05d4 \u05dc\u05e6\u05d9\u05e4\u05d5\u05e8\u05df \u05d7\u05d5\u05d6\u05e7, \u05d1\u05e8\u05e7 \u05d5\u05e2\u05de\u05d9\u05d3\u05d5\u05ea \u05d2\u05d1\u05d5\u05d4\u05d4 \u2714 \u05d1\u05e2\u05dc \u05d9\u05d9\u05db\u05d5\u05dc\u05ea \u05d9\u05d9\u05e9\u05d5\u05e8 \u05e2\u05e6\u05de\u05d9\u2714 \u05de\u05d1\u05e8\u05e9\u05ea \u05e1\u05d9\u05dc\u05d9\u05e7\u05d5\u05df \u05d0\u05d9\u05db\u05d5\u05ea\u05d9\u05ea \u05d5\u05e8\u05db\u05d4 \u05dc\u05de\u05e8\u05d9\u05d7\u05d4 \u05de\u05d5\u05e9\u05dc\u05de\u05ea \u05dc\u05dc\u05d0 \u05e2\u05e7\u05d1\u05d5\u05ea \u2714 \u05d1\u05e7\u05d1\u05d5\u05e7 17 \u05de\u201d\u05dc \u05e0\u05d5\u05ea\u05df \u05de\u05e2\u05e0\u05d4 \u05dc\u05d0\u05dc\u05e8\u05d2\u05d9\u05d5\u05ea \u05d1\u05d0\u05d9\u05e9\u05d5\u05e8 \u05de\u05e9\u05e8\u05d3 \u05d4\u05d1\u05e8\u05d9\u05d0\u05d5\u05ea &nbsp;\",\"breadcrumb\":{\"@id\":\"https:\/\/glamourshop.co.il\/product\/gel-nail-polish-171-17ml-glamour-neon\/#breadcrumb\"},\"inLanguage\":\"fr-FR\",\"potentialAction\":[{\"@type\":\"ReadAction\",\"target\":[\"https:\/\/glamourshop.co.il\/product\/gel-nail-polish-171-17ml-glamour-neon\/\"]}]},{\"@type\":\"ImageObject\",\"inLanguage\":\"fr-FR\",\"@id\":\"https:\/\/glamourshop.co.il\/product\/gel-nail-polish-171-17ml-glamour-neon\/#primaryimage\",\"url\":\"https:\/\/glamourshop.co.il\/wp-content\/uploads\/2022\/04\/GLAMOUR_171_n.png\",\"contentUrl\":\"https:\/\/glamourshop.co.il\/wp-content\/uploads\/2022\/04\/GLAMOUR_171_n.png\",\"width\":607,\"height\":607,\"caption\":\"GLAMOUR 171 n\"},{\"@type\":\"BreadcrumbList\",\"@id\":\"https:\/\/glamourshop.co.il\/product\/gel-nail-polish-171-17ml-glamour-neon\/#breadcrumb\",\"itemListElement\":[{\"@type\":\"ListItem\",\"position\":1,\"name\":\"\u05d3\u05e3 \u05d4\u05d1\u05d9\u05ea\",\"item\":\"https:\/\/glamourshop.co.il\/\"},{\"@type\":\"ListItem\",\"position\":2,\"name\":\"\u05de\u05d5\u05e6\u05e8\u05d9\u05dd\",\"item\":\"https:\/\/glamourshop.co.il\/shop\/\"},{\"@type\":\"ListItem\",\"position\":3,\"name\":\"\u05dc\u05e7 \u05d2'\u05dc \u05de\u05e1' 171, 17 \u05de&quot;\u05dc &#8211; Glamour (\u05e0\u05d9\u05d0\u05d5\u05df)\"}]},{\"@type\":\"WebSite\",\"@id\":\"https:\/\/glamourshop.co.il\/#website\",\"url\":\"https:\/\/glamourshop.co.il\/\",\"name\":\"\u05d2\u05dc\u05de\u05d5\u05e8 \u05e9\u05d5\u05e4\",\"description\":\"\u201c\u05d2\u05dc\u05de\u05d5\u05e8\u201d \u05d4\u05d9\u05e0\u05d5 \u05de\u05d5\u05ea\u05d2 \u05d9\u05e9\u05e8\u05d0\u05dc\u05d9 \u05d4\u05de\u05ea\u05de\u05d7\u05d4 \u05d1\u05d9\u05d9\u05e6\u05d5\u05e8 \u05d5\u05e9\u05d9\u05d5\u05d5\u05e7 \u05de\u05d5\u05e6\u05e8\u05d9 \u05d1\u05e0\u05d9\u05d9\u05ea \u05e6\u05d9\u05e4\u05d5\u05e8\u05e0\u05d9\u05d9\u05dd, \u05dc\u05e7 \u05d2\u2019\u05dc \u05d5\u05e6\u05d9\u05d5\u05d3 \u05dc\u05de\u05e0\u05d9\u05e7\u05d5\u05e8.\",\"publisher\":{\"@id\":\"https:\/\/glamourshop.co.il\/#organization\"},\"potentialAction\":[{\"@type\":\"SearchAction\",\"target\":{\"@type\":\"EntryPoint\",\"urlTemplate\":\"https:\/\/glamourshop.co.il\/?s={search_term_string}\"},\"query-input\":{\"@type\":\"PropertyValueSpecification\",\"valueRequired\":true,\"valueName\":\"search_term_string\"}}],\"inLanguage\":\"fr-FR\"},{\"@type\":\"Organization\",\"@id\":\"https:\/\/glamourshop.co.il\/#organization\",\"name\":\"Glamour Shop\",\"url\":\"https:\/\/glamourshop.co.il\/\",\"logo\":{\"@type\":\"ImageObject\",\"inLanguage\":\"fr-FR\",\"@id\":\"https:\/\/glamourshop.co.il\/#\/schema\/logo\/image\/\",\"url\":\"https:\/\/glamourshop.co.il\/wp-content\/uploads\/2022\/04\/seo-logo.jpg\",\"contentUrl\":\"https:\/\/glamourshop.co.il\/wp-content\/uploads\/2022\/04\/seo-logo.jpg\",\"width\":1080,\"height\":631,\"caption\":\"Glamour Shop\"},\"image\":{\"@id\":\"https:\/\/glamourshop.co.il\/#\/schema\/logo\/image\/\"},\"sameAs\":[\"https:\/\/www.facebook.com\/GlamourShopProfessionalNails\",\"https:\/\/www.instagram.com\/glamour_professional_nails\/\"]}]}<\/script>\n<!-- \/ Yoast SEO plugin. -->","yoast_head_json":{"title":"\u05dc\u05e7 \u05d2'\u05dc \u05de\u05e1' 171, 17 \u05de\"\u05dc - Glamour (\u05e0\u05d9\u05d0\u05d5\u05df) | \u05d2\u05dc\u05de\u05d5\u05e8 \u05e9\u05d5\u05e4","description":"\u05e6\u05d1\u05e2\u05d9 \u05dc\u05e7 \u05d2\u2019\u05dc \u05de\u05e7\u05d5\u05dc\u05e7\u05e6\u05d9\u05d9\u05ea \u05d0\u05d1\u05d9\u05d1 \/ \u05e7\u05d9\u05e5- 2022 \u2714 \u05de\u05d5\u05ea\u05d0\u05de\u05ea \u05dc\u05d0\u05e7\u05dc\u05d9\u05dd \u05d4\u05d9\u05e9\u05e8\u05d0\u05dc\u05d9 \u2714 \u05de\u05e2\u05e0\u05d9\u05e7\u05d4 \u05dc\u05e6\u05d9\u05e4\u05d5\u05e8\u05df \u05d7\u05d5\u05d6\u05e7, \u05d1\u05e8\u05e7 \u05d5\u05e2\u05de\u05d9\u05d3\u05d5\u05ea \u05d2\u05d1\u05d5\u05d4\u05d4 \u2714 \u05d1\u05e2\u05dc \u05d9\u05d9\u05db\u05d5\u05dc\u05ea \u05d9\u05d9\u05e9\u05d5\u05e8 \u05e2\u05e6\u05de\u05d9\u2714 \u05de\u05d1\u05e8\u05e9\u05ea \u05e1\u05d9\u05dc\u05d9\u05e7\u05d5\u05df \u05d0\u05d9\u05db\u05d5\u05ea\u05d9\u05ea \u05d5\u05e8\u05db\u05d4 \u05dc\u05de\u05e8\u05d9\u05d7\u05d4 \u05de\u05d5\u05e9\u05dc\u05de\u05ea \u05dc\u05dc\u05d0 \u05e2\u05e7\u05d1\u05d5\u05ea \u2714 \u05d1\u05e7\u05d1\u05d5\u05e7 17 \u05de\u201d\u05dc \u05e0\u05d5\u05ea\u05df \u05de\u05e2\u05e0\u05d4 \u05dc\u05d0\u05dc\u05e8\u05d2\u05d9\u05d5\u05ea  \u05d1\u05d0\u05d9\u05e9\u05d5\u05e8 \u05de\u05e9\u05e8\u05d3 \u05d4\u05d1\u05e8\u05d9\u05d0\u05d5\u05ea  &nbsp;","robots":{"index":"index","follow":"follow","max-snippet":"max-snippet:-1","max-image-preview":"max-image-preview:large","max-video-preview":"max-video-preview:-1"},"canonical":"https:\/\/glamourshop.co.il\/fr\/produit\/gel-nail-polish-171-17ml-glamour-neon\/","og_locale":"fr_FR","og_type":"article","og_title":"\u05dc\u05e7 \u05d2'\u05dc \u05de\u05e1' 171, 17 \u05de\"\u05dc - Glamour (\u05e0\u05d9\u05d0\u05d5\u05df) | \u05d2\u05dc\u05de\u05d5\u05e8 \u05e9\u05d5\u05e4","og_description":"\u05e6\u05d1\u05e2\u05d9 \u05dc\u05e7 \u05d2\u2019\u05dc \u05de\u05e7\u05d5\u05dc\u05e7\u05e6\u05d9\u05d9\u05ea \u05d0\u05d1\u05d9\u05d1 \/ \u05e7\u05d9\u05e5- 2022 \u2714 \u05de\u05d5\u05ea\u05d0\u05de\u05ea \u05dc\u05d0\u05e7\u05dc\u05d9\u05dd \u05d4\u05d9\u05e9\u05e8\u05d0\u05dc\u05d9 \u2714 \u05de\u05e2\u05e0\u05d9\u05e7\u05d4 \u05dc\u05e6\u05d9\u05e4\u05d5\u05e8\u05df \u05d7\u05d5\u05d6\u05e7, \u05d1\u05e8\u05e7 \u05d5\u05e2\u05de\u05d9\u05d3\u05d5\u05ea \u05d2\u05d1\u05d5\u05d4\u05d4 \u2714 \u05d1\u05e2\u05dc \u05d9\u05d9\u05db\u05d5\u05dc\u05ea \u05d9\u05d9\u05e9\u05d5\u05e8 \u05e2\u05e6\u05de\u05d9\u2714 \u05de\u05d1\u05e8\u05e9\u05ea \u05e1\u05d9\u05dc\u05d9\u05e7\u05d5\u05df \u05d0\u05d9\u05db\u05d5\u05ea\u05d9\u05ea \u05d5\u05e8\u05db\u05d4 \u05dc\u05de\u05e8\u05d9\u05d7\u05d4 \u05de\u05d5\u05e9\u05dc\u05de\u05ea \u05dc\u05dc\u05d0 \u05e2\u05e7\u05d1\u05d5\u05ea \u2714 \u05d1\u05e7\u05d1\u05d5\u05e7 17 \u05de\u201d\u05dc \u05e0\u05d5\u05ea\u05df \u05de\u05e2\u05e0\u05d4 \u05dc\u05d0\u05dc\u05e8\u05d2\u05d9\u05d5\u05ea  \u05d1\u05d0\u05d9\u05e9\u05d5\u05e8 \u05de\u05e9\u05e8\u05d3 \u05d4\u05d1\u05e8\u05d9\u05d0\u05d5\u05ea  &nbsp;","og_url":"https:\/\/glamourshop.co.il\/fr\/produit\/gel-nail-polish-171-17ml-glamour-neon\/","og_site_name":"\u05d2\u05dc\u05de\u05d5\u05e8 \u05e9\u05d5\u05e4","article_publisher":"https:\/\/www.facebook.com\/GlamourShopProfessionalNails","article_modified_time":"2026-04-04T23:32:49+00:00","og_image":[{"width":607,"height":607,"url":"https:\/\/glamourshop.co.il\/wp-content\/uploads\/2022\/04\/GLAMOUR_171_n.png","type":"image\/png"}],"twitter_card":"summary_large_image","twitter_misc":{"Dur\u00e9e de lecture estim\u00e9e":"1 minute"},"schema":{"@context":"https:\/\/schema.org","@graph":[{"@type":["WebPage","ItemPage"],"@id":"https:\/\/glamourshop.co.il\/product\/gel-nail-polish-171-17ml-glamour-neon\/","url":"https:\/\/glamourshop.co.il\/product\/gel-nail-polish-171-17ml-glamour-neon\/","name":"\u05dc\u05e7 \u05d2'\u05dc \u05de\u05e1' 171, 17 \u05de\"\u05dc - Glamour (\u05e0\u05d9\u05d0\u05d5\u05df) | \u05d2\u05dc\u05de\u05d5\u05e8 \u05e9\u05d5\u05e4","isPartOf":{"@id":"https:\/\/glamourshop.co.il\/#website"},"primaryImageOfPage":{"@id":"https:\/\/glamourshop.co.il\/product\/gel-nail-polish-171-17ml-glamour-neon\/#primaryimage"},"image":{"@id":"https:\/\/glamourshop.co.il\/product\/gel-nail-polish-171-17ml-glamour-neon\/#primaryimage"},"thumbnailUrl":"https:\/\/glamourshop.co.il\/wp-content\/uploads\/2022\/04\/GLAMOUR_171_n.png","datePublished":"2022-04-17T18:11:22+00:00","dateModified":"2026-04-04T23:32:49+00:00","description":"\u05e6\u05d1\u05e2\u05d9 \u05dc\u05e7 \u05d2\u2019\u05dc \u05de\u05e7\u05d5\u05dc\u05e7\u05e6\u05d9\u05d9\u05ea \u05d0\u05d1\u05d9\u05d1 \/ \u05e7\u05d9\u05e5- 2022 \u2714 \u05de\u05d5\u05ea\u05d0\u05de\u05ea \u05dc\u05d0\u05e7\u05dc\u05d9\u05dd \u05d4\u05d9\u05e9\u05e8\u05d0\u05dc\u05d9 \u2714 \u05de\u05e2\u05e0\u05d9\u05e7\u05d4 \u05dc\u05e6\u05d9\u05e4\u05d5\u05e8\u05df \u05d7\u05d5\u05d6\u05e7, \u05d1\u05e8\u05e7 \u05d5\u05e2\u05de\u05d9\u05d3\u05d5\u05ea \u05d2\u05d1\u05d5\u05d4\u05d4 \u2714 \u05d1\u05e2\u05dc \u05d9\u05d9\u05db\u05d5\u05dc\u05ea \u05d9\u05d9\u05e9\u05d5\u05e8 \u05e2\u05e6\u05de\u05d9\u2714 \u05de\u05d1\u05e8\u05e9\u05ea \u05e1\u05d9\u05dc\u05d9\u05e7\u05d5\u05df \u05d0\u05d9\u05db\u05d5\u05ea\u05d9\u05ea \u05d5\u05e8\u05db\u05d4 \u05dc\u05de\u05e8\u05d9\u05d7\u05d4 \u05de\u05d5\u05e9\u05dc\u05de\u05ea \u05dc\u05dc\u05d0 \u05e2\u05e7\u05d1\u05d5\u05ea \u2714 \u05d1\u05e7\u05d1\u05d5\u05e7 17 \u05de\u201d\u05dc \u05e0\u05d5\u05ea\u05df \u05de\u05e2\u05e0\u05d4 \u05dc\u05d0\u05dc\u05e8\u05d2\u05d9\u05d5\u05ea \u05d1\u05d0\u05d9\u05e9\u05d5\u05e8 \u05de\u05e9\u05e8\u05d3 \u05d4\u05d1\u05e8\u05d9\u05d0\u05d5\u05ea &nbsp;","breadcrumb":{"@id":"https:\/\/glamourshop.co.il\/product\/gel-nail-polish-171-17ml-glamour-neon\/#breadcrumb"},"inLanguage":"fr-FR","potentialAction":[{"@type":"ReadAction","target":["https:\/\/glamourshop.co.il\/product\/gel-nail-polish-171-17ml-glamour-neon\/"]}]},{"@type":"ImageObject","inLanguage":"fr-FR","@id":"https:\/\/glamourshop.co.il\/product\/gel-nail-polish-171-17ml-glamour-neon\/#primaryimage","url":"https:\/\/glamourshop.co.il\/wp-content\/uploads\/2022\/04\/GLAMOUR_171_n.png","contentUrl":"https:\/\/glamourshop.co.il\/wp-content\/uploads\/2022\/04\/GLAMOUR_171_n.png","width":607,"height":607,"caption":"GLAMOUR 171 n"},{"@type":"BreadcrumbList","@id":"https:\/\/glamourshop.co.il\/product\/gel-nail-polish-171-17ml-glamour-neon\/#breadcrumb","itemListElement":[{"@type":"ListItem","position":1,"name":"\u05d3\u05e3 \u05d4\u05d1\u05d9\u05ea","item":"https:\/\/glamourshop.co.il\/"},{"@type":"ListItem","position":2,"name":"\u05de\u05d5\u05e6\u05e8\u05d9\u05dd","item":"https:\/\/glamourshop.co.il\/shop\/"},{"@type":"ListItem","position":3,"name":"\u05dc\u05e7 \u05d2'\u05dc \u05de\u05e1' 171, 17 \u05de&quot;\u05dc &#8211; Glamour (\u05e0\u05d9\u05d0\u05d5\u05df)"}]},{"@type":"WebSite","@id":"https:\/\/glamourshop.co.il\/#website","url":"https:\/\/glamourshop.co.il\/","name":"Galmore Shop","description":"\u201c Galmor \u201d est une marque isra\u00e9lienne sp\u00e9cialis\u00e9e dans la fabrication et la commercialisation de produits pour la construction d'ongles, de vernis gel et d'\u00e9quipements pour manucure.","publisher":{"@id":"https:\/\/glamourshop.co.il\/#organization"},"potentialAction":[{"@type":"SearchAction","target":{"@type":"EntryPoint","urlTemplate":"https:\/\/glamourshop.co.il\/?s={search_term_string}"},"query-input":{"@type":"PropertyValueSpecification","valueRequired":true,"valueName":"search_term_string"}}],"inLanguage":"fr-FR"},{"@type":"Organization","@id":"https:\/\/glamourshop.co.il\/#organization","name":"Boutique Glamour","url":"https:\/\/glamourshop.co.il\/","logo":{"@type":"ImageObject","inLanguage":"fr-FR","@id":"https:\/\/glamourshop.co.il\/#\/schema\/logo\/image\/","url":"https:\/\/glamourshop.co.il\/wp-content\/uploads\/2022\/04\/seo-logo.jpg","contentUrl":"https:\/\/glamourshop.co.il\/wp-content\/uploads\/2022\/04\/seo-logo.jpg","width":1080,"height":631,"caption":"Glamour Shop"},"image":{"@id":"https:\/\/glamourshop.co.il\/#\/schema\/logo\/image\/"},"sameAs":["https:\/\/www.facebook.com\/GlamourShopProfessionalNails","https:\/\/www.instagram.com\/glamour_professional_nails\/"]}]}},"uagb_featured_image_src":{"full":["https:\/\/glamourshop.co.il\/wp-content\/uploads\/2022\/04\/GLAMOUR_171_n.png",607,607,false],"thumbnail":["https:\/\/glamourshop.co.il\/wp-content\/uploads\/2022\/04\/GLAMOUR_171_n-300x300.png",300,300,true],"medium":["https:\/\/glamourshop.co.il\/wp-content\/uploads\/2022\/04\/GLAMOUR_171_n-400x400.png",400,400,true],"medium_large":["https:\/\/glamourshop.co.il\/wp-content\/uploads\/2022\/04\/GLAMOUR_171_n-768x768.png",768,768,true],"large":["https:\/\/glamourshop.co.il\/wp-content\/uploads\/2022\/04\/GLAMOUR_171_n-800x800.png",800,800,true],"1536x1536":["https:\/\/glamourshop.co.il\/wp-content\/uploads\/2022\/04\/GLAMOUR_171_n.png",607,607,false],"2048x2048":["https:\/\/glamourshop.co.il\/wp-content\/uploads\/2022\/04\/GLAMOUR_171_n.png",607,607,false],"trp-custom-language-flag":["https:\/\/glamourshop.co.il\/wp-content\/uploads\/2022\/04\/GLAMOUR_171_n.png",12,12,false],"icon":["https:\/\/glamourshop.co.il\/wp-content\/uploads\/2022\/04\/GLAMOUR_171_n.png",607,607,false],"oc-product-thumbnail":["https:\/\/glamourshop.co.il\/wp-content\/uploads\/2022\/04\/GLAMOUR_171_n.png",149,149,false],"oc-product-single-image":["https:\/\/glamourshop.co.il\/wp-content\/uploads\/2022\/04\/GLAMOUR_171_n.png",607,607,false],"oc-product-archive-thumbnail":["https:\/\/glamourshop.co.il\/wp-content\/uploads\/2022\/04\/GLAMOUR_171_n.png",422,422,false],"woocommerce_thumbnail":["https:\/\/glamourshop.co.il\/wp-content\/uploads\/2022\/04\/GLAMOUR_171_n-500x500.png",500,500,true],"woocommerce_single":["https:\/\/glamourshop.co.il\/wp-content\/uploads\/2022\/04\/GLAMOUR_171_n-600x600.png",600,600,true],"woocommerce_gallery_thumbnail":["https:\/\/glamourshop.co.il\/wp-content\/uploads\/2022\/04\/GLAMOUR_171_n-100x100.png",100,100,true]},"uagb_author_info":{"display_name":"\u05e0\u05d8\u05dc\u05d9","author_link":"https:\/\/glamourshop.co.il\/fr\/author\/"},"uagb_comment_info":0,"uagb_excerpt":"\u05e6\u05d1\u05e2\u05d9 \u05dc\u05e7 \u05d2\u2019\u05dc \u05de\u05e7\u05d5\u05dc\u05e7\u05e6\u05d9\u05d9\u05ea \u05d0\u05d1\u05d9\u05d1 \/ \u05e7\u05d9\u05e5- 2022 \u2714 \u05de\u05d5\u05ea\u05d0\u05de\u05ea \u05dc\u05d0\u05e7\u05dc\u05d9\u05dd \u05d4\u05d9\u05e9\u05e8\u05d0\u05dc\u05d9 \u2714 \u05de\u05e2\u05e0\u05d9\u05e7\u05d4 \u05dc\u05e6\u05d9\u05e4\u05d5\u05e8\u05df \u05d7\u05d5\u05d6\u05e7, \u05d1\u05e8\u05e7 \u05d5\u05e2\u05de\u05d9\u05d3\u05d5\u05ea \u05d2\u05d1\u05d5\u05d4\u05d4 \u2714 \u05d1\u05e2\u05dc \u05d9\u05d9\u05db\u05d5\u05dc\u05ea \u05d9\u05d9\u05e9\u05d5\u05e8 \u05e2\u05e6\u05de\u05d9\u2714 \u05de\u05d1\u05e8\u05e9\u05ea \u05e1\u05d9\u05dc\u05d9\u05e7\u05d5\u05df \u05d0\u05d9\u05db\u05d5\u05ea\u05d9\u05ea \u05d5\u05e8\u05db\u05d4 \u05dc\u05de\u05e8\u05d9\u05d7\u05d4 \u05de\u05d5\u05e9\u05dc\u05de\u05ea \u05dc\u05dc\u05d0 \u05e2\u05e7\u05d1\u05d5\u05ea \u2714 \u05d1\u05e7\u05d1\u05d5\u05e7 17 \u05de\u201d\u05dc \u05e0\u05d5\u05ea\u05df \u05de\u05e2\u05e0\u05d4 \u05dc\u05d0\u05dc\u05e8\u05d2\u05d9\u05d5\u05ea \u05d1\u05d0\u05d9\u05e9\u05d5\u05e8 \u05de\u05e9\u05e8\u05d3 \u05d4\u05d1\u05e8\u05d9\u05d0\u05d5\u05ea &nbsp;","_links":{"self":[{"href":"https:\/\/glamourshop.co.il\/fr\/wp-json\/wp\/v2\/product\/10429","targetHints":{"allow":["GET"]}}],"collection":[{"href":"https:\/\/glamourshop.co.il\/fr\/wp-json\/wp\/v2\/product"}],"about":[{"href":"https:\/\/glamourshop.co.il\/fr\/wp-json\/wp\/v2\/types\/product"}],"replies":[{"embeddable":true,"href":"https:\/\/glamourshop.co.il\/fr\/wp-json\/wp\/v2\/comments?post=10429"}],"wp:featuredmedia":[{"embeddable":true,"href":"https:\/\/glamourshop.co.il\/fr\/wp-json\/wp\/v2\/media\/10430"}],"wp:attachment":[{"href":"https:\/\/glamourshop.co.il\/fr\/wp-json\/wp\/v2\/media?parent=10429"}],"wp:term":[{"taxonomy":"product_brand","embeddable":true,"href":"https:\/\/glamourshop.co.il\/fr\/wp-json\/wp\/v2\/product_brand?post=10429"},{"taxonomy":"product_cat","embeddable":true,"href":"https:\/\/glamourshop.co.il\/fr\/wp-json\/wp\/v2\/product_cat?post=10429"},{"taxonomy":"product_tag","embeddable":true,"href":"https:\/\/glamourshop.co.il\/fr\/wp-json\/wp\/v2\/product_tag?post=10429"}],"curies":[{"name":"wp","href":"https:\/\/api.w.org\/{rel}","templated":true}]}}