
{"id":11602,"date":"2022-06-26T13:02:12","date_gmt":"2022-06-26T10:02:12","guid":{"rendered":"https:\/\/devbee1.glamourshop.co.il.bee1.cloud\/?post_type=product&#038;p=11602"},"modified":"2026-04-10T02:32:45","modified_gmt":"2026-04-09T23:32:45","slug":"alcohol-pump-with-lid","status":"publish","type":"product","link":"https:\/\/glamourshop.co.il\/fr\/produit\/alcohol-pump-with-lid\/","title":{"rendered":"Pompe \u00e0 alcool avec bouchon"},"content":{"rendered":"","protected":false},"excerpt":{"rendered":"","protected":false},"featured_media":11603,"comment_status":"open","ping_status":"closed","template":"","meta":{"_uag_custom_page_level_css":""},"product_brand":[],"product_cat":[169,768],"product_tag":[],"class_list":{"0":"post-11602","1":"product","2":"type-product","3":"status-publish","4":"has-post-thumbnail","6":"product_cat-hygiene","7":"product_cat-768","8":"desktop","10":"first","11":"instock","12":"sale","13":"shipping-taxable","14":"purchasable","15":"product-type-simple"},"acf":[],"yoast_head":"<!-- This site is optimized with the Yoast SEO plugin v26.0 - https:\/\/yoast.com\/wordpress\/plugins\/seo\/ -->\n<title>\u05de\u05e9\u05d0\u05d1\u05ea \u05d0\u05dc\u05db\u05d4\u05d5\u05dc \u05e2\u05dd \u05de\u05db\u05e1\u05d4 | \u05d2\u05dc\u05de\u05d5\u05e8 \u05e9\u05d5\u05e4<\/title>\n<meta name=\"robots\" content=\"index, follow, max-snippet:-1, max-image-preview:large, max-video-preview:-1\" \/>\n<link rel=\"canonical\" href=\"https:\/\/glamourshop.co.il\/fr\/produit\/alcohol-pump-with-lid\/\" \/>\n<meta property=\"og:locale\" content=\"fr_FR\" \/>\n<meta property=\"og:type\" content=\"article\" \/>\n<meta property=\"og:title\" content=\"\u05de\u05e9\u05d0\u05d1\u05ea \u05d0\u05dc\u05db\u05d4\u05d5\u05dc \u05e2\u05dd \u05de\u05db\u05e1\u05d4 | \u05d2\u05dc\u05de\u05d5\u05e8 \u05e9\u05d5\u05e4\" \/>\n<meta property=\"og:url\" content=\"https:\/\/glamourshop.co.il\/fr\/produit\/alcohol-pump-with-lid\/\" \/>\n<meta property=\"og:site_name\" content=\"\u05d2\u05dc\u05de\u05d5\u05e8 \u05e9\u05d5\u05e4\" \/>\n<meta property=\"article:publisher\" content=\"https:\/\/www.facebook.com\/GlamourShopProfessionalNails\" \/>\n<meta property=\"article:modified_time\" content=\"2026-04-09T23:32:45+00:00\" \/>\n<meta property=\"og:image\" content=\"https:\/\/glamourshop.co.il\/wp-content\/uploads\/2022\/06\/IMG-8151.jpg\" \/>\n\t<meta property=\"og:image:width\" content=\"519\" \/>\n\t<meta property=\"og:image:height\" content=\"742\" \/>\n\t<meta property=\"og:image:type\" content=\"image\/jpeg\" \/>\n<meta name=\"twitter:card\" content=\"summary_large_image\" \/>\n<script type=\"application\/ld+json\" class=\"yoast-schema-graph\">{\"@context\":\"https:\/\/schema.org\",\"@graph\":[{\"@type\":[\"WebPage\",\"ItemPage\"],\"@id\":\"https:\/\/glamourshop.co.il\/product\/alcohol-pump-with-lid\/\",\"url\":\"https:\/\/glamourshop.co.il\/product\/alcohol-pump-with-lid\/\",\"name\":\"\u05de\u05e9\u05d0\u05d1\u05ea \u05d0\u05dc\u05db\u05d4\u05d5\u05dc \u05e2\u05dd \u05de\u05db\u05e1\u05d4 | \u05d2\u05dc\u05de\u05d5\u05e8 \u05e9\u05d5\u05e4\",\"isPartOf\":{\"@id\":\"https:\/\/glamourshop.co.il\/#website\"},\"primaryImageOfPage\":{\"@id\":\"https:\/\/glamourshop.co.il\/product\/alcohol-pump-with-lid\/#primaryimage\"},\"image\":{\"@id\":\"https:\/\/glamourshop.co.il\/product\/alcohol-pump-with-lid\/#primaryimage\"},\"thumbnailUrl\":\"https:\/\/glamourshop.co.il\/wp-content\/uploads\/2022\/06\/IMG-8151.jpg\",\"datePublished\":\"2022-06-26T10:02:12+00:00\",\"dateModified\":\"2026-04-09T23:32:45+00:00\",\"breadcrumb\":{\"@id\":\"https:\/\/glamourshop.co.il\/product\/alcohol-pump-with-lid\/#breadcrumb\"},\"inLanguage\":\"fr-FR\",\"potentialAction\":[{\"@type\":\"ReadAction\",\"target\":[\"https:\/\/glamourshop.co.il\/product\/alcohol-pump-with-lid\/\"]}]},{\"@type\":\"ImageObject\",\"inLanguage\":\"fr-FR\",\"@id\":\"https:\/\/glamourshop.co.il\/product\/alcohol-pump-with-lid\/#primaryimage\",\"url\":\"https:\/\/glamourshop.co.il\/wp-content\/uploads\/2022\/06\/IMG-8151.jpg\",\"contentUrl\":\"https:\/\/glamourshop.co.il\/wp-content\/uploads\/2022\/06\/IMG-8151.jpg\",\"width\":519,\"height\":742,\"caption\":\"IMG 8151\"},{\"@type\":\"BreadcrumbList\",\"@id\":\"https:\/\/glamourshop.co.il\/product\/alcohol-pump-with-lid\/#breadcrumb\",\"itemListElement\":[{\"@type\":\"ListItem\",\"position\":1,\"name\":\"\u05d3\u05e3 \u05d4\u05d1\u05d9\u05ea\",\"item\":\"https:\/\/glamourshop.co.il\/\"},{\"@type\":\"ListItem\",\"position\":2,\"name\":\"\u05de\u05d5\u05e6\u05e8\u05d9\u05dd\",\"item\":\"https:\/\/glamourshop.co.il\/shop\/\"},{\"@type\":\"ListItem\",\"position\":3,\"name\":\"\u05de\u05e9\u05d0\u05d1\u05ea \u05d0\u05dc\u05db\u05d4\u05d5\u05dc \u05e2\u05dd \u05de\u05db\u05e1\u05d4\"}]},{\"@type\":\"WebSite\",\"@id\":\"https:\/\/glamourshop.co.il\/#website\",\"url\":\"https:\/\/glamourshop.co.il\/\",\"name\":\"\u05d2\u05dc\u05de\u05d5\u05e8 \u05e9\u05d5\u05e4\",\"description\":\"\u201c\u05d2\u05dc\u05de\u05d5\u05e8\u201d \u05d4\u05d9\u05e0\u05d5 \u05de\u05d5\u05ea\u05d2 \u05d9\u05e9\u05e8\u05d0\u05dc\u05d9 \u05d4\u05de\u05ea\u05de\u05d7\u05d4 \u05d1\u05d9\u05d9\u05e6\u05d5\u05e8 \u05d5\u05e9\u05d9\u05d5\u05d5\u05e7 \u05de\u05d5\u05e6\u05e8\u05d9 \u05d1\u05e0\u05d9\u05d9\u05ea \u05e6\u05d9\u05e4\u05d5\u05e8\u05e0\u05d9\u05d9\u05dd, \u05dc\u05e7 \u05d2\u2019\u05dc \u05d5\u05e6\u05d9\u05d5\u05d3 \u05dc\u05de\u05e0\u05d9\u05e7\u05d5\u05e8.\",\"publisher\":{\"@id\":\"https:\/\/glamourshop.co.il\/#organization\"},\"potentialAction\":[{\"@type\":\"SearchAction\",\"target\":{\"@type\":\"EntryPoint\",\"urlTemplate\":\"https:\/\/glamourshop.co.il\/?s={search_term_string}\"},\"query-input\":{\"@type\":\"PropertyValueSpecification\",\"valueRequired\":true,\"valueName\":\"search_term_string\"}}],\"inLanguage\":\"fr-FR\"},{\"@type\":\"Organization\",\"@id\":\"https:\/\/glamourshop.co.il\/#organization\",\"name\":\"Glamour Shop\",\"url\":\"https:\/\/glamourshop.co.il\/\",\"logo\":{\"@type\":\"ImageObject\",\"inLanguage\":\"fr-FR\",\"@id\":\"https:\/\/glamourshop.co.il\/#\/schema\/logo\/image\/\",\"url\":\"https:\/\/glamourshop.co.il\/wp-content\/uploads\/2022\/04\/seo-logo.jpg\",\"contentUrl\":\"https:\/\/glamourshop.co.il\/wp-content\/uploads\/2022\/04\/seo-logo.jpg\",\"width\":1080,\"height\":631,\"caption\":\"Glamour Shop\"},\"image\":{\"@id\":\"https:\/\/glamourshop.co.il\/#\/schema\/logo\/image\/\"},\"sameAs\":[\"https:\/\/www.facebook.com\/GlamourShopProfessionalNails\",\"https:\/\/www.instagram.com\/glamour_professional_nails\/\"]}]}<\/script>\n<!-- \/ Yoast SEO plugin. -->","yoast_head_json":{"title":"\u05de\u05e9\u05d0\u05d1\u05ea \u05d0\u05dc\u05db\u05d4\u05d5\u05dc \u05e2\u05dd \u05de\u05db\u05e1\u05d4 | \u05d2\u05dc\u05de\u05d5\u05e8 \u05e9\u05d5\u05e4","robots":{"index":"index","follow":"follow","max-snippet":"max-snippet:-1","max-image-preview":"max-image-preview:large","max-video-preview":"max-video-preview:-1"},"canonical":"https:\/\/glamourshop.co.il\/fr\/produit\/alcohol-pump-with-lid\/","og_locale":"fr_FR","og_type":"article","og_title":"\u05de\u05e9\u05d0\u05d1\u05ea \u05d0\u05dc\u05db\u05d4\u05d5\u05dc \u05e2\u05dd \u05de\u05db\u05e1\u05d4 | \u05d2\u05dc\u05de\u05d5\u05e8 \u05e9\u05d5\u05e4","og_url":"https:\/\/glamourshop.co.il\/fr\/produit\/alcohol-pump-with-lid\/","og_site_name":"\u05d2\u05dc\u05de\u05d5\u05e8 \u05e9\u05d5\u05e4","article_publisher":"https:\/\/www.facebook.com\/GlamourShopProfessionalNails","article_modified_time":"2026-04-09T23:32:45+00:00","og_image":[{"width":519,"height":742,"url":"https:\/\/glamourshop.co.il\/wp-content\/uploads\/2022\/06\/IMG-8151.jpg","type":"image\/jpeg"}],"twitter_card":"summary_large_image","schema":{"@context":"https:\/\/schema.org","@graph":[{"@type":["WebPage","ItemPage"],"@id":"https:\/\/glamourshop.co.il\/product\/alcohol-pump-with-lid\/","url":"https:\/\/glamourshop.co.il\/product\/alcohol-pump-with-lid\/","name":"\u05de\u05e9\u05d0\u05d1\u05ea \u05d0\u05dc\u05db\u05d4\u05d5\u05dc \u05e2\u05dd \u05de\u05db\u05e1\u05d4 | \u05d2\u05dc\u05de\u05d5\u05e8 \u05e9\u05d5\u05e4","isPartOf":{"@id":"https:\/\/glamourshop.co.il\/#website"},"primaryImageOfPage":{"@id":"https:\/\/glamourshop.co.il\/product\/alcohol-pump-with-lid\/#primaryimage"},"image":{"@id":"https:\/\/glamourshop.co.il\/product\/alcohol-pump-with-lid\/#primaryimage"},"thumbnailUrl":"https:\/\/glamourshop.co.il\/wp-content\/uploads\/2022\/06\/IMG-8151.jpg","datePublished":"2022-06-26T10:02:12+00:00","dateModified":"2026-04-09T23:32:45+00:00","breadcrumb":{"@id":"https:\/\/glamourshop.co.il\/product\/alcohol-pump-with-lid\/#breadcrumb"},"inLanguage":"fr-FR","potentialAction":[{"@type":"ReadAction","target":["https:\/\/glamourshop.co.il\/product\/alcohol-pump-with-lid\/"]}]},{"@type":"ImageObject","inLanguage":"fr-FR","@id":"https:\/\/glamourshop.co.il\/product\/alcohol-pump-with-lid\/#primaryimage","url":"https:\/\/glamourshop.co.il\/wp-content\/uploads\/2022\/06\/IMG-8151.jpg","contentUrl":"https:\/\/glamourshop.co.il\/wp-content\/uploads\/2022\/06\/IMG-8151.jpg","width":519,"height":742,"caption":"IMG 8151"},{"@type":"BreadcrumbList","@id":"https:\/\/glamourshop.co.il\/product\/alcohol-pump-with-lid\/#breadcrumb","itemListElement":[{"@type":"ListItem","position":1,"name":"\u05d3\u05e3 \u05d4\u05d1\u05d9\u05ea","item":"https:\/\/glamourshop.co.il\/"},{"@type":"ListItem","position":2,"name":"\u05de\u05d5\u05e6\u05e8\u05d9\u05dd","item":"https:\/\/glamourshop.co.il\/shop\/"},{"@type":"ListItem","position":3,"name":"\u05de\u05e9\u05d0\u05d1\u05ea \u05d0\u05dc\u05db\u05d4\u05d5\u05dc \u05e2\u05dd \u05de\u05db\u05e1\u05d4"}]},{"@type":"WebSite","@id":"https:\/\/glamourshop.co.il\/#website","url":"https:\/\/glamourshop.co.il\/","name":"Galmore Shop","description":"\u201c Galmor \u201d est une marque isra\u00e9lienne sp\u00e9cialis\u00e9e dans la fabrication et la commercialisation de produits pour la construction d'ongles, de vernis gel et d'\u00e9quipements pour manucure.","publisher":{"@id":"https:\/\/glamourshop.co.il\/#organization"},"potentialAction":[{"@type":"SearchAction","target":{"@type":"EntryPoint","urlTemplate":"https:\/\/glamourshop.co.il\/?s={search_term_string}"},"query-input":{"@type":"PropertyValueSpecification","valueRequired":true,"valueName":"search_term_string"}}],"inLanguage":"fr-FR"},{"@type":"Organization","@id":"https:\/\/glamourshop.co.il\/#organization","name":"Boutique Glamour","url":"https:\/\/glamourshop.co.il\/","logo":{"@type":"ImageObject","inLanguage":"fr-FR","@id":"https:\/\/glamourshop.co.il\/#\/schema\/logo\/image\/","url":"https:\/\/glamourshop.co.il\/wp-content\/uploads\/2022\/04\/seo-logo.jpg","contentUrl":"https:\/\/glamourshop.co.il\/wp-content\/uploads\/2022\/04\/seo-logo.jpg","width":1080,"height":631,"caption":"Glamour Shop"},"image":{"@id":"https:\/\/glamourshop.co.il\/#\/schema\/logo\/image\/"},"sameAs":["https:\/\/www.facebook.com\/GlamourShopProfessionalNails","https:\/\/www.instagram.com\/glamour_professional_nails\/"]}]}},"uagb_featured_image_src":{"full":["https:\/\/glamourshop.co.il\/wp-content\/uploads\/2022\/06\/IMG-8151.jpg",519,742,false],"thumbnail":["https:\/\/glamourshop.co.il\/wp-content\/uploads\/2022\/06\/IMG-8151-210x300.jpg",210,300,true],"medium":["https:\/\/glamourshop.co.il\/wp-content\/uploads\/2022\/06\/IMG-8151-280x400.jpg",280,400,true],"medium_large":["https:\/\/glamourshop.co.il\/wp-content\/uploads\/2022\/06\/IMG-8151.jpg",519,742,false],"large":["https:\/\/glamourshop.co.il\/wp-content\/uploads\/2022\/06\/IMG-8151.jpg",519,742,false],"1536x1536":["https:\/\/glamourshop.co.il\/wp-content\/uploads\/2022\/06\/IMG-8151.jpg",519,742,false],"2048x2048":["https:\/\/glamourshop.co.il\/wp-content\/uploads\/2022\/06\/IMG-8151.jpg",519,742,false],"trp-custom-language-flag":["https:\/\/glamourshop.co.il\/wp-content\/uploads\/2022\/06\/IMG-8151.jpg",8,12,false],"icon":["https:\/\/glamourshop.co.il\/wp-content\/uploads\/2022\/06\/IMG-8151.jpg",519,742,false],"oc-product-thumbnail":["https:\/\/glamourshop.co.il\/wp-content\/uploads\/2022\/06\/IMG-8151.jpg",104,149,false],"oc-product-single-image":["https:\/\/glamourshop.co.il\/wp-content\/uploads\/2022\/06\/IMG-8151.jpg",519,742,false],"oc-product-archive-thumbnail":["https:\/\/glamourshop.co.il\/wp-content\/uploads\/2022\/06\/IMG-8151.jpg",295,422,false],"woocommerce_thumbnail":["https:\/\/glamourshop.co.il\/wp-content\/uploads\/2022\/06\/IMG-8151-500x500.jpg",500,500,true],"woocommerce_single":["https:\/\/glamourshop.co.il\/wp-content\/uploads\/2022\/06\/IMG-8151.jpg",519,742,false],"woocommerce_gallery_thumbnail":["https:\/\/glamourshop.co.il\/wp-content\/uploads\/2022\/06\/IMG-8151-100x100.jpg",100,100,true]},"uagb_author_info":{"display_name":"\u05e0\u05d9\u05e1\u05df \u05de\u05d9\u05db\u05d0\u05dc\u05d5\u05d1","author_link":"https:\/\/glamourshop.co.il\/fr\/author\/"},"uagb_comment_info":0,"uagb_excerpt":null,"_links":{"self":[{"href":"https:\/\/glamourshop.co.il\/fr\/wp-json\/wp\/v2\/product\/11602","targetHints":{"allow":["GET"]}}],"collection":[{"href":"https:\/\/glamourshop.co.il\/fr\/wp-json\/wp\/v2\/product"}],"about":[{"href":"https:\/\/glamourshop.co.il\/fr\/wp-json\/wp\/v2\/types\/product"}],"replies":[{"embeddable":true,"href":"https:\/\/glamourshop.co.il\/fr\/wp-json\/wp\/v2\/comments?post=11602"}],"wp:featuredmedia":[{"embeddable":true,"href":"https:\/\/glamourshop.co.il\/fr\/wp-json\/wp\/v2\/media\/11603"}],"wp:attachment":[{"href":"https:\/\/glamourshop.co.il\/fr\/wp-json\/wp\/v2\/media?parent=11602"}],"wp:term":[{"taxonomy":"product_brand","embeddable":true,"href":"https:\/\/glamourshop.co.il\/fr\/wp-json\/wp\/v2\/product_brand?post=11602"},{"taxonomy":"product_cat","embeddable":true,"href":"https:\/\/glamourshop.co.il\/fr\/wp-json\/wp\/v2\/product_cat?post=11602"},{"taxonomy":"product_tag","embeddable":true,"href":"https:\/\/glamourshop.co.il\/fr\/wp-json\/wp\/v2\/product_tag?post=11602"}],"curies":[{"name":"wp","href":"https:\/\/api.w.org\/{rel}","templated":true}]}}