
{"id":12761,"date":"2022-08-10T15:15:00","date_gmt":"2022-08-10T12:15:00","guid":{"rendered":"https:\/\/devbee1.glamourshop.co.il.bee1.cloud\/?post_type=product&#038;p=12761"},"modified":"2026-04-05T02:34:57","modified_gmt":"2026-04-04T23:34:57","slug":"staleks-pro-expert-3040-3-left-handed-skin-pusher","status":"publish","type":"product","link":"https:\/\/glamourshop.co.il\/fr\/produit\/staleks-pro-expert-3040-3-left-handed-skin-pusher\/","title":{"rendered":"Poussoir \u00e0 peau pour gauchers \u2013 Staleks Pro Expert 30|40.3"},"content":{"rendered":"","protected":false},"excerpt":{"rendered":"<div class=\"elementor-element elementor-element-3efa417d elementor-widget elementor-widget-woocommerce-product-short-description\" data-id=\"3efa417d\" data-element_type=\"widget\" data-widget_type=\"woocommerce-product-short-description.default\">\n<div class=\"elementor-widget-container\">\n<div class=\"woocommerce-product-details__short-description\">\n<p><span data-sheets-value=\"{&quot;1&quot;:2,&quot;2&quot;:&quot;\u05d3\u05d5\u05d7\u05e3 \u05e2\u05d5\u05e8 \u05de\u05e7\u05e6\u05d5\u05e2\u05d9 \u05dc\u05e9\u05de\u05d0\u05dc\u05d9\u05d5\u05ea STALEX PRO EXPERT 30\/4.3 &quot;}\" data-sheets-userformat=\"{&quot;2&quot;:513,&quot;3&quot;:{&quot;1&quot;:0},&quot;12&quot;:1}\">\u05d3\u05d5\u05d7\u05e3 \u05e2\u05d5\u05e8 \u05de\u05e7\u05e6\u05d5\u05e2\u05d9 \u05dc\u05e9\u05de\u05d0\u05dc\u05d9\u05d5\u05ea STALEX PRO EXPERT <\/span><span data-sheets-value=\"{&quot;1&quot;:2,&quot;2&quot;:&quot;\u05d3\u05d5\u05d7\u05e3 \u05e2\u05d5\u05e8 \u05de\u05e7\u05e6\u05d5\u05e2\u05d9 \u05dc\u05e9\u05de\u05d0\u05dc\u05d9\u05d5\u05ea STALEX PRO EXPERT 30\/4.3 &quot;}\" data-sheets-userformat=\"{&quot;2&quot;:513,&quot;3&quot;:{&quot;1&quot;:0},&quot;12&quot;:1}\">30\/4.3<\/span><\/p>\n<\/div>\n<\/div>\n<\/div>\n<div class=\"elementor-element elementor-element-7f7a41ab elementor-widget elementor-widget-woocommerce-product-price\" data-id=\"7f7a41ab\" data-element_type=\"widget\" data-widget_type=\"woocommerce-product-price.default\">\n<div class=\"elementor-widget-container\">Cet outil est con\u00e7u pour pr\u00e9parer la cuticule et l'exc\u00e8s de peau \u00e0 retirer.<br \/>\nFabriqu\u00e9 en acier inoxydable m\u00e9dical et aff\u00fbt\u00e9 \u00e0 la main pour un travail facile et professionnel.<\/div>\n<\/div>","protected":false},"featured_media":12762,"comment_status":"open","ping_status":"closed","template":"","meta":{"_uag_custom_page_level_css":""},"product_brand":[],"product_cat":[165,659],"product_tag":[322,636],"class_list":{"0":"post-12761","1":"product","2":"type-product","3":"status-publish","4":"has-post-thumbnail","6":"product_cat-nippers","7":"product_cat-skin-pusher","8":"product_tag-skin-push","9":"product_tag-skin-pushing-tool-for-lefties","10":"desktop","12":"first","13":"outofstock","14":"shipping-taxable","15":"purchasable","16":"product-type-simple"},"acf":[],"yoast_head":"<!-- This site is optimized with the Yoast SEO plugin v26.0 - https:\/\/yoast.com\/wordpress\/plugins\/seo\/ -->\n<title>\u05d3\u05d5\u05d7\u05e3 \u05e2\u05d5\u05e8 \u05dc\u05e9\u05de\u05d0\u05dc\u05d9\u05d5\u05ea \u2013 Staleks Pro Expert 30|40.3 | \u05d2\u05dc\u05de\u05d5\u05e8 \u05e9\u05d5\u05e4<\/title>\n<meta name=\"description\" content=\"\u05d3\u05d5\u05d7\u05e3 \u05e2\u05d5\u05e8 \u05de\u05e7\u05e6\u05d5\u05e2\u05d9 \u05dc\u05e9\u05de\u05d0\u05dc\u05d9\u05d5\u05ea STALEX PRO EXPERT 30\/4.3      \u05d4\u05db\u05dc\u05d9 \u05de\u05d9\u05d5\u05e2\u05d3 \u05dc\u05d4\u05db\u05e0\u05ea \u05d4\u05e7\u05d5\u05d8\u05d9\u05e7\u05d5\u05dc\u05d4 \u05d5\u05d4\u05e2\u05d5\u05e8 \u05d4\u05e2\u05d5\u05d3\u05e3- \u05dc\u05d4\u05e1\u05e8\u05d4. \u05d9\u05d5\u05e6\u05e8 \u05de\u05e4\u05dc\u05d3\u05ea \u05d0\u05dc-\u05d7\u05dc\u05d3 \u05e8\u05e4\u05d5\u05d0\u05d9\u05ea \u05d5\u05d1\u05e2\u05dc \u05d4\u05e9\u05d7\u05d6\u05d4 \u05d9\u05d3\u05e0\u05d9\u05ea \u05dc\u05e2\u05d1\u05d5\u05d3\u05d4 \u05e7\u05dc\u05d4 \u05d5\u05de\u05e7\u05e6\u05d5\u05e2\u05d9\u05ea.\" \/>\n<meta name=\"robots\" content=\"index, follow, max-snippet:-1, max-image-preview:large, max-video-preview:-1\" \/>\n<link rel=\"canonical\" href=\"https:\/\/glamourshop.co.il\/fr\/produit\/staleks-pro-expert-3040-3-left-handed-skin-pusher\/\" \/>\n<meta property=\"og:locale\" content=\"fr_FR\" \/>\n<meta property=\"og:type\" content=\"article\" \/>\n<meta property=\"og:title\" content=\"\u05d3\u05d5\u05d7\u05e3 \u05e2\u05d5\u05e8 \u05dc\u05e9\u05de\u05d0\u05dc\u05d9\u05d5\u05ea \u2013 Staleks Pro Expert 30|40.3 | \u05d2\u05dc\u05de\u05d5\u05e8 \u05e9\u05d5\u05e4\" \/>\n<meta property=\"og:description\" content=\"\u05d3\u05d5\u05d7\u05e3 \u05e2\u05d5\u05e8 \u05de\u05e7\u05e6\u05d5\u05e2\u05d9 \u05dc\u05e9\u05de\u05d0\u05dc\u05d9\u05d5\u05ea STALEX PRO EXPERT 30\/4.3      \u05d4\u05db\u05dc\u05d9 \u05de\u05d9\u05d5\u05e2\u05d3 \u05dc\u05d4\u05db\u05e0\u05ea \u05d4\u05e7\u05d5\u05d8\u05d9\u05e7\u05d5\u05dc\u05d4 \u05d5\u05d4\u05e2\u05d5\u05e8 \u05d4\u05e2\u05d5\u05d3\u05e3- \u05dc\u05d4\u05e1\u05e8\u05d4. \u05d9\u05d5\u05e6\u05e8 \u05de\u05e4\u05dc\u05d3\u05ea \u05d0\u05dc-\u05d7\u05dc\u05d3 \u05e8\u05e4\u05d5\u05d0\u05d9\u05ea \u05d5\u05d1\u05e2\u05dc \u05d4\u05e9\u05d7\u05d6\u05d4 \u05d9\u05d3\u05e0\u05d9\u05ea \u05dc\u05e2\u05d1\u05d5\u05d3\u05d4 \u05e7\u05dc\u05d4 \u05d5\u05de\u05e7\u05e6\u05d5\u05e2\u05d9\u05ea.\" \/>\n<meta property=\"og:url\" content=\"https:\/\/glamourshop.co.il\/fr\/produit\/staleks-pro-expert-3040-3-left-handed-skin-pusher\/\" \/>\n<meta property=\"og:site_name\" content=\"\u05d2\u05dc\u05de\u05d5\u05e8 \u05e9\u05d5\u05e4\" \/>\n<meta property=\"article:publisher\" content=\"https:\/\/www.facebook.com\/GlamourShopProfessionalNails\" \/>\n<meta property=\"article:modified_time\" content=\"2026-04-04T23:34:57+00:00\" \/>\n<meta property=\"og:image\" content=\"https:\/\/glamourshop.co.il\/wp-content\/uploads\/2022\/08\/IMG-1588.jpg\" \/>\n\t<meta property=\"og:image:width\" content=\"1242\" \/>\n\t<meta property=\"og:image:height\" content=\"1223\" \/>\n\t<meta property=\"og:image:type\" content=\"image\/jpeg\" \/>\n<meta name=\"twitter:card\" content=\"summary_large_image\" \/>\n<script type=\"application\/ld+json\" class=\"yoast-schema-graph\">{\"@context\":\"https:\/\/schema.org\",\"@graph\":[{\"@type\":[\"WebPage\",\"ItemPage\"],\"@id\":\"https:\/\/glamourshop.co.il\/product\/staleks-pro-expert-3040-3-left-handed-skin-pusher\/\",\"url\":\"https:\/\/glamourshop.co.il\/product\/staleks-pro-expert-3040-3-left-handed-skin-pusher\/\",\"name\":\"\u05d3\u05d5\u05d7\u05e3 \u05e2\u05d5\u05e8 \u05dc\u05e9\u05de\u05d0\u05dc\u05d9\u05d5\u05ea \u2013 Staleks Pro Expert 30|40.3 | \u05d2\u05dc\u05de\u05d5\u05e8 \u05e9\u05d5\u05e4\",\"isPartOf\":{\"@id\":\"https:\/\/glamourshop.co.il\/#website\"},\"primaryImageOfPage\":{\"@id\":\"https:\/\/glamourshop.co.il\/product\/staleks-pro-expert-3040-3-left-handed-skin-pusher\/#primaryimage\"},\"image\":{\"@id\":\"https:\/\/glamourshop.co.il\/product\/staleks-pro-expert-3040-3-left-handed-skin-pusher\/#primaryimage\"},\"thumbnailUrl\":\"https:\/\/glamourshop.co.il\/wp-content\/uploads\/2022\/08\/IMG-1588.jpg\",\"datePublished\":\"2022-08-10T12:15:00+00:00\",\"dateModified\":\"2026-04-04T23:34:57+00:00\",\"description\":\"\u05d3\u05d5\u05d7\u05e3 \u05e2\u05d5\u05e8 \u05de\u05e7\u05e6\u05d5\u05e2\u05d9 \u05dc\u05e9\u05de\u05d0\u05dc\u05d9\u05d5\u05ea STALEX PRO EXPERT 30\/4.3 \u05d4\u05db\u05dc\u05d9 \u05de\u05d9\u05d5\u05e2\u05d3 \u05dc\u05d4\u05db\u05e0\u05ea \u05d4\u05e7\u05d5\u05d8\u05d9\u05e7\u05d5\u05dc\u05d4 \u05d5\u05d4\u05e2\u05d5\u05e8 \u05d4\u05e2\u05d5\u05d3\u05e3- \u05dc\u05d4\u05e1\u05e8\u05d4. \u05d9\u05d5\u05e6\u05e8 \u05de\u05e4\u05dc\u05d3\u05ea \u05d0\u05dc-\u05d7\u05dc\u05d3 \u05e8\u05e4\u05d5\u05d0\u05d9\u05ea \u05d5\u05d1\u05e2\u05dc \u05d4\u05e9\u05d7\u05d6\u05d4 \u05d9\u05d3\u05e0\u05d9\u05ea \u05dc\u05e2\u05d1\u05d5\u05d3\u05d4 \u05e7\u05dc\u05d4 \u05d5\u05de\u05e7\u05e6\u05d5\u05e2\u05d9\u05ea.\",\"breadcrumb\":{\"@id\":\"https:\/\/glamourshop.co.il\/product\/staleks-pro-expert-3040-3-left-handed-skin-pusher\/#breadcrumb\"},\"inLanguage\":\"fr-FR\",\"potentialAction\":[{\"@type\":\"ReadAction\",\"target\":[\"https:\/\/glamourshop.co.il\/product\/staleks-pro-expert-3040-3-left-handed-skin-pusher\/\"]}]},{\"@type\":\"ImageObject\",\"inLanguage\":\"fr-FR\",\"@id\":\"https:\/\/glamourshop.co.il\/product\/staleks-pro-expert-3040-3-left-handed-skin-pusher\/#primaryimage\",\"url\":\"https:\/\/glamourshop.co.il\/wp-content\/uploads\/2022\/08\/IMG-1588.jpg\",\"contentUrl\":\"https:\/\/glamourshop.co.il\/wp-content\/uploads\/2022\/08\/IMG-1588.jpg\",\"width\":1242,\"height\":1223,\"caption\":\"IMG 1588\"},{\"@type\":\"BreadcrumbList\",\"@id\":\"https:\/\/glamourshop.co.il\/product\/staleks-pro-expert-3040-3-left-handed-skin-pusher\/#breadcrumb\",\"itemListElement\":[{\"@type\":\"ListItem\",\"position\":1,\"name\":\"\u05d3\u05e3 \u05d4\u05d1\u05d9\u05ea\",\"item\":\"https:\/\/glamourshop.co.il\/\"},{\"@type\":\"ListItem\",\"position\":2,\"name\":\"\u05de\u05d5\u05e6\u05e8\u05d9\u05dd\",\"item\":\"https:\/\/glamourshop.co.il\/shop\/\"},{\"@type\":\"ListItem\",\"position\":3,\"name\":\"\u05d3\u05d5\u05d7\u05e3 \u05e2\u05d5\u05e8 \u05dc\u05e9\u05de\u05d0\u05dc\u05d9\u05d5\u05ea \u2013 Staleks Pro Expert 30|40.3\"}]},{\"@type\":\"WebSite\",\"@id\":\"https:\/\/glamourshop.co.il\/#website\",\"url\":\"https:\/\/glamourshop.co.il\/\",\"name\":\"\u05d2\u05dc\u05de\u05d5\u05e8 \u05e9\u05d5\u05e4\",\"description\":\"\u201c\u05d2\u05dc\u05de\u05d5\u05e8\u201d \u05d4\u05d9\u05e0\u05d5 \u05de\u05d5\u05ea\u05d2 \u05d9\u05e9\u05e8\u05d0\u05dc\u05d9 \u05d4\u05de\u05ea\u05de\u05d7\u05d4 \u05d1\u05d9\u05d9\u05e6\u05d5\u05e8 \u05d5\u05e9\u05d9\u05d5\u05d5\u05e7 \u05de\u05d5\u05e6\u05e8\u05d9 \u05d1\u05e0\u05d9\u05d9\u05ea \u05e6\u05d9\u05e4\u05d5\u05e8\u05e0\u05d9\u05d9\u05dd, \u05dc\u05e7 \u05d2\u2019\u05dc \u05d5\u05e6\u05d9\u05d5\u05d3 \u05dc\u05de\u05e0\u05d9\u05e7\u05d5\u05e8.\",\"publisher\":{\"@id\":\"https:\/\/glamourshop.co.il\/#organization\"},\"potentialAction\":[{\"@type\":\"SearchAction\",\"target\":{\"@type\":\"EntryPoint\",\"urlTemplate\":\"https:\/\/glamourshop.co.il\/?s={search_term_string}\"},\"query-input\":{\"@type\":\"PropertyValueSpecification\",\"valueRequired\":true,\"valueName\":\"search_term_string\"}}],\"inLanguage\":\"fr-FR\"},{\"@type\":\"Organization\",\"@id\":\"https:\/\/glamourshop.co.il\/#organization\",\"name\":\"Glamour Shop\",\"url\":\"https:\/\/glamourshop.co.il\/\",\"logo\":{\"@type\":\"ImageObject\",\"inLanguage\":\"fr-FR\",\"@id\":\"https:\/\/glamourshop.co.il\/#\/schema\/logo\/image\/\",\"url\":\"https:\/\/glamourshop.co.il\/wp-content\/uploads\/2022\/04\/seo-logo.jpg\",\"contentUrl\":\"https:\/\/glamourshop.co.il\/wp-content\/uploads\/2022\/04\/seo-logo.jpg\",\"width\":1080,\"height\":631,\"caption\":\"Glamour Shop\"},\"image\":{\"@id\":\"https:\/\/glamourshop.co.il\/#\/schema\/logo\/image\/\"},\"sameAs\":[\"https:\/\/www.facebook.com\/GlamourShopProfessionalNails\",\"https:\/\/www.instagram.com\/glamour_professional_nails\/\"]}]}<\/script>\n<!-- \/ Yoast SEO plugin. -->","yoast_head_json":{"title":"\u05d3\u05d5\u05d7\u05e3 \u05e2\u05d5\u05e8 \u05dc\u05e9\u05de\u05d0\u05dc\u05d9\u05d5\u05ea \u2013 Staleks Pro Expert 30|40.3 | \u05d2\u05dc\u05de\u05d5\u05e8 \u05e9\u05d5\u05e4","description":"\u05d3\u05d5\u05d7\u05e3 \u05e2\u05d5\u05e8 \u05de\u05e7\u05e6\u05d5\u05e2\u05d9 \u05dc\u05e9\u05de\u05d0\u05dc\u05d9\u05d5\u05ea STALEX PRO EXPERT 30\/4.3      \u05d4\u05db\u05dc\u05d9 \u05de\u05d9\u05d5\u05e2\u05d3 \u05dc\u05d4\u05db\u05e0\u05ea \u05d4\u05e7\u05d5\u05d8\u05d9\u05e7\u05d5\u05dc\u05d4 \u05d5\u05d4\u05e2\u05d5\u05e8 \u05d4\u05e2\u05d5\u05d3\u05e3- \u05dc\u05d4\u05e1\u05e8\u05d4. \u05d9\u05d5\u05e6\u05e8 \u05de\u05e4\u05dc\u05d3\u05ea \u05d0\u05dc-\u05d7\u05dc\u05d3 \u05e8\u05e4\u05d5\u05d0\u05d9\u05ea \u05d5\u05d1\u05e2\u05dc \u05d4\u05e9\u05d7\u05d6\u05d4 \u05d9\u05d3\u05e0\u05d9\u05ea \u05dc\u05e2\u05d1\u05d5\u05d3\u05d4 \u05e7\u05dc\u05d4 \u05d5\u05de\u05e7\u05e6\u05d5\u05e2\u05d9\u05ea.","robots":{"index":"index","follow":"follow","max-snippet":"max-snippet:-1","max-image-preview":"max-image-preview:large","max-video-preview":"max-video-preview:-1"},"canonical":"https:\/\/glamourshop.co.il\/fr\/produit\/staleks-pro-expert-3040-3-left-handed-skin-pusher\/","og_locale":"fr_FR","og_type":"article","og_title":"\u05d3\u05d5\u05d7\u05e3 \u05e2\u05d5\u05e8 \u05dc\u05e9\u05de\u05d0\u05dc\u05d9\u05d5\u05ea \u2013 Staleks Pro Expert 30|40.3 | \u05d2\u05dc\u05de\u05d5\u05e8 \u05e9\u05d5\u05e4","og_description":"\u05d3\u05d5\u05d7\u05e3 \u05e2\u05d5\u05e8 \u05de\u05e7\u05e6\u05d5\u05e2\u05d9 \u05dc\u05e9\u05de\u05d0\u05dc\u05d9\u05d5\u05ea STALEX PRO EXPERT 30\/4.3      \u05d4\u05db\u05dc\u05d9 \u05de\u05d9\u05d5\u05e2\u05d3 \u05dc\u05d4\u05db\u05e0\u05ea \u05d4\u05e7\u05d5\u05d8\u05d9\u05e7\u05d5\u05dc\u05d4 \u05d5\u05d4\u05e2\u05d5\u05e8 \u05d4\u05e2\u05d5\u05d3\u05e3- \u05dc\u05d4\u05e1\u05e8\u05d4. \u05d9\u05d5\u05e6\u05e8 \u05de\u05e4\u05dc\u05d3\u05ea \u05d0\u05dc-\u05d7\u05dc\u05d3 \u05e8\u05e4\u05d5\u05d0\u05d9\u05ea \u05d5\u05d1\u05e2\u05dc \u05d4\u05e9\u05d7\u05d6\u05d4 \u05d9\u05d3\u05e0\u05d9\u05ea \u05dc\u05e2\u05d1\u05d5\u05d3\u05d4 \u05e7\u05dc\u05d4 \u05d5\u05de\u05e7\u05e6\u05d5\u05e2\u05d9\u05ea.","og_url":"https:\/\/glamourshop.co.il\/fr\/produit\/staleks-pro-expert-3040-3-left-handed-skin-pusher\/","og_site_name":"\u05d2\u05dc\u05de\u05d5\u05e8 \u05e9\u05d5\u05e4","article_publisher":"https:\/\/www.facebook.com\/GlamourShopProfessionalNails","article_modified_time":"2026-04-04T23:34:57+00:00","og_image":[{"width":1242,"height":1223,"url":"https:\/\/glamourshop.co.il\/wp-content\/uploads\/2022\/08\/IMG-1588.jpg","type":"image\/jpeg"}],"twitter_card":"summary_large_image","schema":{"@context":"https:\/\/schema.org","@graph":[{"@type":["WebPage","ItemPage"],"@id":"https:\/\/glamourshop.co.il\/product\/staleks-pro-expert-3040-3-left-handed-skin-pusher\/","url":"https:\/\/glamourshop.co.il\/product\/staleks-pro-expert-3040-3-left-handed-skin-pusher\/","name":"\u05d3\u05d5\u05d7\u05e3 \u05e2\u05d5\u05e8 \u05dc\u05e9\u05de\u05d0\u05dc\u05d9\u05d5\u05ea \u2013 Staleks Pro Expert 30|40.3 | \u05d2\u05dc\u05de\u05d5\u05e8 \u05e9\u05d5\u05e4","isPartOf":{"@id":"https:\/\/glamourshop.co.il\/#website"},"primaryImageOfPage":{"@id":"https:\/\/glamourshop.co.il\/product\/staleks-pro-expert-3040-3-left-handed-skin-pusher\/#primaryimage"},"image":{"@id":"https:\/\/glamourshop.co.il\/product\/staleks-pro-expert-3040-3-left-handed-skin-pusher\/#primaryimage"},"thumbnailUrl":"https:\/\/glamourshop.co.il\/wp-content\/uploads\/2022\/08\/IMG-1588.jpg","datePublished":"2022-08-10T12:15:00+00:00","dateModified":"2026-04-04T23:34:57+00:00","description":"\u05d3\u05d5\u05d7\u05e3 \u05e2\u05d5\u05e8 \u05de\u05e7\u05e6\u05d5\u05e2\u05d9 \u05dc\u05e9\u05de\u05d0\u05dc\u05d9\u05d5\u05ea STALEX PRO EXPERT 30\/4.3 \u05d4\u05db\u05dc\u05d9 \u05de\u05d9\u05d5\u05e2\u05d3 \u05dc\u05d4\u05db\u05e0\u05ea \u05d4\u05e7\u05d5\u05d8\u05d9\u05e7\u05d5\u05dc\u05d4 \u05d5\u05d4\u05e2\u05d5\u05e8 \u05d4\u05e2\u05d5\u05d3\u05e3- \u05dc\u05d4\u05e1\u05e8\u05d4. \u05d9\u05d5\u05e6\u05e8 \u05de\u05e4\u05dc\u05d3\u05ea \u05d0\u05dc-\u05d7\u05dc\u05d3 \u05e8\u05e4\u05d5\u05d0\u05d9\u05ea \u05d5\u05d1\u05e2\u05dc \u05d4\u05e9\u05d7\u05d6\u05d4 \u05d9\u05d3\u05e0\u05d9\u05ea \u05dc\u05e2\u05d1\u05d5\u05d3\u05d4 \u05e7\u05dc\u05d4 \u05d5\u05de\u05e7\u05e6\u05d5\u05e2\u05d9\u05ea.","breadcrumb":{"@id":"https:\/\/glamourshop.co.il\/product\/staleks-pro-expert-3040-3-left-handed-skin-pusher\/#breadcrumb"},"inLanguage":"fr-FR","potentialAction":[{"@type":"ReadAction","target":["https:\/\/glamourshop.co.il\/product\/staleks-pro-expert-3040-3-left-handed-skin-pusher\/"]}]},{"@type":"ImageObject","inLanguage":"fr-FR","@id":"https:\/\/glamourshop.co.il\/product\/staleks-pro-expert-3040-3-left-handed-skin-pusher\/#primaryimage","url":"https:\/\/glamourshop.co.il\/wp-content\/uploads\/2022\/08\/IMG-1588.jpg","contentUrl":"https:\/\/glamourshop.co.il\/wp-content\/uploads\/2022\/08\/IMG-1588.jpg","width":1242,"height":1223,"caption":"IMG 1588"},{"@type":"BreadcrumbList","@id":"https:\/\/glamourshop.co.il\/product\/staleks-pro-expert-3040-3-left-handed-skin-pusher\/#breadcrumb","itemListElement":[{"@type":"ListItem","position":1,"name":"\u05d3\u05e3 \u05d4\u05d1\u05d9\u05ea","item":"https:\/\/glamourshop.co.il\/"},{"@type":"ListItem","position":2,"name":"\u05de\u05d5\u05e6\u05e8\u05d9\u05dd","item":"https:\/\/glamourshop.co.il\/shop\/"},{"@type":"ListItem","position":3,"name":"\u05d3\u05d5\u05d7\u05e3 \u05e2\u05d5\u05e8 \u05dc\u05e9\u05de\u05d0\u05dc\u05d9\u05d5\u05ea \u2013 Staleks Pro Expert 30|40.3"}]},{"@type":"WebSite","@id":"https:\/\/glamourshop.co.il\/#website","url":"https:\/\/glamourshop.co.il\/","name":"Galmore Shop","description":"\u201c Galmor \u201d est une marque isra\u00e9lienne sp\u00e9cialis\u00e9e dans la fabrication et la commercialisation de produits pour la construction d'ongles, de vernis gel et d'\u00e9quipements pour manucure.","publisher":{"@id":"https:\/\/glamourshop.co.il\/#organization"},"potentialAction":[{"@type":"SearchAction","target":{"@type":"EntryPoint","urlTemplate":"https:\/\/glamourshop.co.il\/?s={search_term_string}"},"query-input":{"@type":"PropertyValueSpecification","valueRequired":true,"valueName":"search_term_string"}}],"inLanguage":"fr-FR"},{"@type":"Organization","@id":"https:\/\/glamourshop.co.il\/#organization","name":"Boutique Glamour","url":"https:\/\/glamourshop.co.il\/","logo":{"@type":"ImageObject","inLanguage":"fr-FR","@id":"https:\/\/glamourshop.co.il\/#\/schema\/logo\/image\/","url":"https:\/\/glamourshop.co.il\/wp-content\/uploads\/2022\/04\/seo-logo.jpg","contentUrl":"https:\/\/glamourshop.co.il\/wp-content\/uploads\/2022\/04\/seo-logo.jpg","width":1080,"height":631,"caption":"Glamour Shop"},"image":{"@id":"https:\/\/glamourshop.co.il\/#\/schema\/logo\/image\/"},"sameAs":["https:\/\/www.facebook.com\/GlamourShopProfessionalNails","https:\/\/www.instagram.com\/glamour_professional_nails\/"]}]}},"uagb_featured_image_src":{"full":["https:\/\/glamourshop.co.il\/wp-content\/uploads\/2022\/08\/IMG-1588.jpg",1242,1223,false],"thumbnail":["https:\/\/glamourshop.co.il\/wp-content\/uploads\/2022\/08\/IMG-1588-300x295.jpg",300,295,true],"medium":["https:\/\/glamourshop.co.il\/wp-content\/uploads\/2022\/08\/IMG-1588-406x400.jpg",406,400,true],"medium_large":["https:\/\/glamourshop.co.il\/wp-content\/uploads\/2022\/08\/IMG-1588-768x756.jpg",768,756,true],"large":["https:\/\/glamourshop.co.il\/wp-content\/uploads\/2022\/08\/IMG-1588-812x800.jpg",812,800,true],"1536x1536":["https:\/\/glamourshop.co.il\/wp-content\/uploads\/2022\/08\/IMG-1588.jpg",1242,1223,false],"2048x2048":["https:\/\/glamourshop.co.il\/wp-content\/uploads\/2022\/08\/IMG-1588.jpg",1242,1223,false],"trp-custom-language-flag":["https:\/\/glamourshop.co.il\/wp-content\/uploads\/2022\/08\/IMG-1588.jpg",12,12,false],"icon":["https:\/\/glamourshop.co.il\/wp-content\/uploads\/2022\/08\/IMG-1588.jpg",1242,1223,false],"oc-product-thumbnail":["https:\/\/glamourshop.co.il\/wp-content\/uploads\/2022\/08\/IMG-1588.jpg",149,147,false],"oc-product-single-image":["https:\/\/glamourshop.co.il\/wp-content\/uploads\/2022\/08\/IMG-1588.jpg",727,716,false],"oc-product-archive-thumbnail":["https:\/\/glamourshop.co.il\/wp-content\/uploads\/2022\/08\/IMG-1588.jpg",422,416,false],"woocommerce_thumbnail":["https:\/\/glamourshop.co.il\/wp-content\/uploads\/2022\/08\/IMG-1588-500x500.jpg",500,500,true],"woocommerce_single":["https:\/\/glamourshop.co.il\/wp-content\/uploads\/2022\/08\/IMG-1588-600x591.jpg",600,591,true],"woocommerce_gallery_thumbnail":["https:\/\/glamourshop.co.il\/wp-content\/uploads\/2022\/08\/IMG-1588-100x100.jpg",100,100,true]},"uagb_author_info":{"display_name":"\u05e0\u05d9\u05e1\u05df \u05de\u05d9\u05db\u05d0\u05dc\u05d5\u05d1","author_link":"https:\/\/glamourshop.co.il\/fr\/author\/"},"uagb_comment_info":0,"uagb_excerpt":"\u05d3\u05d5\u05d7\u05e3 \u05e2\u05d5\u05e8 \u05de\u05e7\u05e6\u05d5\u05e2\u05d9 \u05dc\u05e9\u05de\u05d0\u05dc\u05d9\u05d5\u05ea STALEX PRO EXPERT 30\/4.3 \u05d4\u05db\u05dc\u05d9 \u05de\u05d9\u05d5\u05e2\u05d3 \u05dc\u05d4\u05db\u05e0\u05ea \u05d4\u05e7\u05d5\u05d8\u05d9\u05e7\u05d5\u05dc\u05d4 \u05d5\u05d4\u05e2\u05d5\u05e8 \u05d4\u05e2\u05d5\u05d3\u05e3- \u05dc\u05d4\u05e1\u05e8\u05d4. \u05d9\u05d5\u05e6\u05e8 \u05de\u05e4\u05dc\u05d3\u05ea \u05d0\u05dc-\u05d7\u05dc\u05d3 \u05e8\u05e4\u05d5\u05d0\u05d9\u05ea \u05d5\u05d1\u05e2\u05dc \u05d4\u05e9\u05d7\u05d6\u05d4 \u05d9\u05d3\u05e0\u05d9\u05ea \u05dc\u05e2\u05d1\u05d5\u05d3\u05d4 \u05e7\u05dc\u05d4 \u05d5\u05de\u05e7\u05e6\u05d5\u05e2\u05d9\u05ea.","_links":{"self":[{"href":"https:\/\/glamourshop.co.il\/fr\/wp-json\/wp\/v2\/product\/12761","targetHints":{"allow":["GET"]}}],"collection":[{"href":"https:\/\/glamourshop.co.il\/fr\/wp-json\/wp\/v2\/product"}],"about":[{"href":"https:\/\/glamourshop.co.il\/fr\/wp-json\/wp\/v2\/types\/product"}],"replies":[{"embeddable":true,"href":"https:\/\/glamourshop.co.il\/fr\/wp-json\/wp\/v2\/comments?post=12761"}],"wp:featuredmedia":[{"embeddable":true,"href":"https:\/\/glamourshop.co.il\/fr\/wp-json\/wp\/v2\/media\/12762"}],"wp:attachment":[{"href":"https:\/\/glamourshop.co.il\/fr\/wp-json\/wp\/v2\/media?parent=12761"}],"wp:term":[{"taxonomy":"product_brand","embeddable":true,"href":"https:\/\/glamourshop.co.il\/fr\/wp-json\/wp\/v2\/product_brand?post=12761"},{"taxonomy":"product_cat","embeddable":true,"href":"https:\/\/glamourshop.co.il\/fr\/wp-json\/wp\/v2\/product_cat?post=12761"},{"taxonomy":"product_tag","embeddable":true,"href":"https:\/\/glamourshop.co.il\/fr\/wp-json\/wp\/v2\/product_tag?post=12761"}],"curies":[{"name":"wp","href":"https:\/\/api.w.org\/{rel}","templated":true}]}}