
{"id":14046,"date":"2022-09-22T16:27:08","date_gmt":"2022-09-22T13:27:08","guid":{"rendered":"https:\/\/devbee1.glamourshop.co.il.bee1.cloud\/?post_type=product&#038;p=14046"},"modified":"2026-04-09T17:04:31","modified_gmt":"2026-04-09T14:04:31","slug":"fall-collection-14-2022-glamour","status":"publish","type":"product","link":"https:\/\/glamourshop.co.il\/fr\/produit\/fall-collection-14-2022-glamour\/","title":{"rendered":"Vernis gel collection automne #14 \u2013 Glamour"},"content":{"rendered":"<p>Avez-vous d\u00e9j\u00e0 essay\u00e9 les pigments Glamour ?<\/p>\n<p>\u2714 Formule et pigments riches.<br \/>\n\u2714 Application agr\u00e9able et facile gr\u00e2ce \u00e0 la texture du gel et \u00e0 la brosse en silicone unique.<br \/>\n\u2714 Les gels conviennent aux personnes allergiques et sensibles.<br \/>\n\u2714 Flacon luxueux de 17 ml.<br \/>\n\u2714 Non test\u00e9 sur les animaux.<\/p>","protected":false},"excerpt":{"rendered":"<p>Une collection estivale sp\u00e9cialement pour toi,<\/p>\n<p>Nous avons compos\u00e9 des combinaisons de couleurs tendance qui vous \u00e9viteront les dilemmes et vous offriront une multitude de combinaisons pour une manucure parfaite !<\/p>\n<p>Ce kit comprend 5 couleurs tendance qui nous accompagneront \u00e9galement au printemps\/\u00e9t\u00e9 2022 :<\/p>\n<p>Nuances :<\/p>\n<p><a href=\"https:\/\/glamourshop.co.il\/fr\/shop\/glamour-%d7%9c%d7%a7-%d7%92%d7%9c-%d7%9e%d7%a1-034\/\">NON.<\/a>121| <a href=\"https:\/\/glamourshop.co.il\/fr\/shop\/glamour-no-116\/\">NON.<\/a>124 | <a href=\"https:\/\/glamourshop.co.il\/fr\/shop\/glamour-gel-122\/\">NON.<\/a>123| <a href=\"https:\/\/glamourshop.co.il\/fr\/shop\/glamour-%d7%9c%d7%a7-%d7%92%d7%9c-%d7%9e%d7%a1-122\/\">NON.<\/a>122| <a href=\"https:\/\/glamourshop.co.il\/fr\/shop\/glamour-%d7%9c%d7%a7-%d7%92%d7%9c-%d7%9e%d7%a1-125\/\">NON.<\/a>126<\/p>","protected":false},"featured_media":14047,"comment_status":"open","ping_status":"closed","template":"","meta":{"_uag_custom_page_level_css":""},"product_brand":[],"product_cat":[517],"product_tag":[76,72,151,69,321,422,419,423,173,426,325],"class_list":{"0":"post-14046","1":"product","2":"type-product","3":"status-publish","4":"has-post-thumbnail","6":"product_cat-collections","7":"product_tag-nail-construction","8":"product_tag-gel","9":"product_tag-glamour","10":"product_tag-young-nails","11":"product_tag-tools","12":"product_tag-manicure-tools","13":"product_tag-nail-tools","14":"product_tag-gel-nail-polish","15":"product_tag-manicure","16":"product_tag-manicure-gel","17":"product_tag-staleks","18":"desktop","20":"first","21":"instock","22":"sale","23":"shipping-taxable","24":"purchasable","25":"product-type-simple"},"acf":[],"yoast_head":"<!-- This site is optimized with the Yoast SEO plugin v26.0 - https:\/\/yoast.com\/wordpress\/plugins\/seo\/ -->\n<title>\u05dc\u05e7 \u05d2&#039;\u05dc \u05e7\u05d5\u05dc\u05e7\u05e6\u05d9\u05d9\u05ea \u05e6\u05d1\u05e2\u05d9 \u05e1\u05ea\u05d9\u05d5 #14 \u2013 Glamour | \u05d2\u05dc\u05de\u05d5\u05e8 \u05e9\u05d5\u05e4<\/title>\n<meta name=\"description\" content=\"\u05e7\u05d5\u05dc\u05e7\u05e6\u05d9\u05d9\u05ea \u05e7\u05d9\u05e5 \u05d1\u05de\u05d9\u05d5\u05d7\u05d3 \u05d1\u05e9\u05d1\u05d9\u05dc\u05da,  \u05d4\u05e8\u05db\u05d1\u05e0\u05d5 \u05e9\u05d9\u05dc\u05d5\u05d1\u05d9 \u05e6\u05d1\u05e2\u05d9\u05dd \u05d8\u05e8\u05e0\u05d3\u05d9\u05d9\u05dd \u05e9\u05d9\u05d7\u05e1\u05db\u05d5 \u05dc\u05db\u05da \u05d0\u05ea \u05d4\u05d3\u05d9\u05dc\u05de\u05d5\u05ea \u05d5\u05d9\u05d9\u05ea\u05e0\u05d5 \u05de\u05d2\u05d5\u05d5\u05df \u05e9\u05d9\u05dc\u05d5\u05d1\u05d9\u05dd \u05dc\u05de\u05e0\u05d9\u05e7\u05d5\u05e8 \u05d4\u05de\u05d5\u05e9\u05dc\u05dd!  \u05e2\u05e8\u05db\u05d4 \u05d6\u05d5 \u05db\u05d5\u05dc\u05dc\u05ea 5 \u05de\u05e8\u05d4\u05d1\u05d9\u05dd \u05d5\u05d8\u05e8\u05e0\u05d3\u05d9\u05d9\u05dd \u05e9\u05d9\u05dc\u05d5\u05d5 \u05d0\u05d5\u05ea\u05e0\u05d5 \u05d2\u05dd \u05d1\u05e2\u05d5\u05e0\u05ea \u05d0\u05d1\u05d9\u05d1\/\u05e7\u05d9\u05e5 2022:  \u05d2\u05d5\u05d5\u05e0\u05d9\u05dd:  NO.121| NO.124 | NO.123| NO.122| NO.126\" \/>\n<meta name=\"robots\" content=\"index, follow, max-snippet:-1, max-image-preview:large, max-video-preview:-1\" \/>\n<link rel=\"canonical\" href=\"https:\/\/glamourshop.co.il\/fr\/produit\/fall-collection-14-2022-glamour\/\" \/>\n<meta property=\"og:locale\" content=\"fr_FR\" \/>\n<meta property=\"og:type\" content=\"article\" \/>\n<meta property=\"og:title\" content=\"\u05dc\u05e7 \u05d2&#039;\u05dc \u05e7\u05d5\u05dc\u05e7\u05e6\u05d9\u05d9\u05ea \u05e6\u05d1\u05e2\u05d9 \u05e1\u05ea\u05d9\u05d5 #14 \u2013 Glamour | \u05d2\u05dc\u05de\u05d5\u05e8 \u05e9\u05d5\u05e4\" \/>\n<meta property=\"og:description\" content=\"\u05e7\u05d5\u05dc\u05e7\u05e6\u05d9\u05d9\u05ea \u05e7\u05d9\u05e5 \u05d1\u05de\u05d9\u05d5\u05d7\u05d3 \u05d1\u05e9\u05d1\u05d9\u05dc\u05da,  \u05d4\u05e8\u05db\u05d1\u05e0\u05d5 \u05e9\u05d9\u05dc\u05d5\u05d1\u05d9 \u05e6\u05d1\u05e2\u05d9\u05dd \u05d8\u05e8\u05e0\u05d3\u05d9\u05d9\u05dd \u05e9\u05d9\u05d7\u05e1\u05db\u05d5 \u05dc\u05db\u05da \u05d0\u05ea \u05d4\u05d3\u05d9\u05dc\u05de\u05d5\u05ea \u05d5\u05d9\u05d9\u05ea\u05e0\u05d5 \u05de\u05d2\u05d5\u05d5\u05df \u05e9\u05d9\u05dc\u05d5\u05d1\u05d9\u05dd \u05dc\u05de\u05e0\u05d9\u05e7\u05d5\u05e8 \u05d4\u05de\u05d5\u05e9\u05dc\u05dd!  \u05e2\u05e8\u05db\u05d4 \u05d6\u05d5 \u05db\u05d5\u05dc\u05dc\u05ea 5 \u05de\u05e8\u05d4\u05d1\u05d9\u05dd \u05d5\u05d8\u05e8\u05e0\u05d3\u05d9\u05d9\u05dd \u05e9\u05d9\u05dc\u05d5\u05d5 \u05d0\u05d5\u05ea\u05e0\u05d5 \u05d2\u05dd \u05d1\u05e2\u05d5\u05e0\u05ea \u05d0\u05d1\u05d9\u05d1\/\u05e7\u05d9\u05e5 2022:  \u05d2\u05d5\u05d5\u05e0\u05d9\u05dd:  NO.121| NO.124 | NO.123| NO.122| NO.126\" \/>\n<meta property=\"og:url\" content=\"https:\/\/glamourshop.co.il\/fr\/produit\/fall-collection-14-2022-glamour\/\" \/>\n<meta property=\"og:site_name\" content=\"\u05d2\u05dc\u05de\u05d5\u05e8 \u05e9\u05d5\u05e4\" \/>\n<meta property=\"article:publisher\" content=\"https:\/\/www.facebook.com\/GlamourShopProfessionalNails\" \/>\n<meta property=\"article:modified_time\" content=\"2026-04-09T14:04:31+00:00\" \/>\n<meta property=\"og:image\" content=\"https:\/\/glamourshop.co.il\/wp-content\/uploads\/2022\/09\/IMG-2345-scaled.jpg\" \/>\n\t<meta property=\"og:image:width\" content=\"829\" \/>\n\t<meta property=\"og:image:height\" content=\"1107\" \/>\n\t<meta property=\"og:image:type\" content=\"image\/jpeg\" \/>\n<meta name=\"twitter:card\" content=\"summary_large_image\" \/>\n<meta name=\"twitter:label1\" content=\"Dur\u00e9e de lecture estim\u00e9e\" \/>\n\t<meta name=\"twitter:data1\" content=\"1 minute\" \/>\n<script type=\"application\/ld+json\" class=\"yoast-schema-graph\">{\"@context\":\"https:\/\/schema.org\",\"@graph\":[{\"@type\":[\"WebPage\",\"ItemPage\"],\"@id\":\"https:\/\/glamourshop.co.il\/product\/fall-collection-14-2022-glamour\/\",\"url\":\"https:\/\/glamourshop.co.il\/product\/fall-collection-14-2022-glamour\/\",\"name\":\"\u05dc\u05e7 \u05d2'\u05dc \u05e7\u05d5\u05dc\u05e7\u05e6\u05d9\u05d9\u05ea \u05e6\u05d1\u05e2\u05d9 \u05e1\u05ea\u05d9\u05d5 #14 \u2013 Glamour | \u05d2\u05dc\u05de\u05d5\u05e8 \u05e9\u05d5\u05e4\",\"isPartOf\":{\"@id\":\"https:\/\/glamourshop.co.il\/#website\"},\"primaryImageOfPage\":{\"@id\":\"https:\/\/glamourshop.co.il\/product\/fall-collection-14-2022-glamour\/#primaryimage\"},\"image\":{\"@id\":\"https:\/\/glamourshop.co.il\/product\/fall-collection-14-2022-glamour\/#primaryimage\"},\"thumbnailUrl\":\"https:\/\/glamourshop.co.il\/wp-content\/uploads\/2022\/09\/IMG-2345-scaled.jpg\",\"datePublished\":\"2022-09-22T13:27:08+00:00\",\"dateModified\":\"2026-04-09T14:04:31+00:00\",\"description\":\"\u05e7\u05d5\u05dc\u05e7\u05e6\u05d9\u05d9\u05ea \u05e7\u05d9\u05e5 \u05d1\u05de\u05d9\u05d5\u05d7\u05d3 \u05d1\u05e9\u05d1\u05d9\u05dc\u05da, \u05d4\u05e8\u05db\u05d1\u05e0\u05d5 \u05e9\u05d9\u05dc\u05d5\u05d1\u05d9 \u05e6\u05d1\u05e2\u05d9\u05dd \u05d8\u05e8\u05e0\u05d3\u05d9\u05d9\u05dd \u05e9\u05d9\u05d7\u05e1\u05db\u05d5 \u05dc\u05db\u05da \u05d0\u05ea \u05d4\u05d3\u05d9\u05dc\u05de\u05d5\u05ea \u05d5\u05d9\u05d9\u05ea\u05e0\u05d5 \u05de\u05d2\u05d5\u05d5\u05df \u05e9\u05d9\u05dc\u05d5\u05d1\u05d9\u05dd \u05dc\u05de\u05e0\u05d9\u05e7\u05d5\u05e8 \u05d4\u05de\u05d5\u05e9\u05dc\u05dd! \u05e2\u05e8\u05db\u05d4 \u05d6\u05d5 \u05db\u05d5\u05dc\u05dc\u05ea 5 \u05de\u05e8\u05d4\u05d1\u05d9\u05dd \u05d5\u05d8\u05e8\u05e0\u05d3\u05d9\u05d9\u05dd \u05e9\u05d9\u05dc\u05d5\u05d5 \u05d0\u05d5\u05ea\u05e0\u05d5 \u05d2\u05dd \u05d1\u05e2\u05d5\u05e0\u05ea \u05d0\u05d1\u05d9\u05d1\/\u05e7\u05d9\u05e5 2022: \u05d2\u05d5\u05d5\u05e0\u05d9\u05dd: NO.121| NO.124 | NO.123| NO.122| NO.126\",\"breadcrumb\":{\"@id\":\"https:\/\/glamourshop.co.il\/product\/fall-collection-14-2022-glamour\/#breadcrumb\"},\"inLanguage\":\"fr-FR\",\"potentialAction\":[{\"@type\":\"ReadAction\",\"target\":[\"https:\/\/glamourshop.co.il\/product\/fall-collection-14-2022-glamour\/\"]}]},{\"@type\":\"ImageObject\",\"inLanguage\":\"fr-FR\",\"@id\":\"https:\/\/glamourshop.co.il\/product\/fall-collection-14-2022-glamour\/#primaryimage\",\"url\":\"https:\/\/glamourshop.co.il\/wp-content\/uploads\/2022\/09\/IMG-2345-scaled.jpg\",\"contentUrl\":\"https:\/\/glamourshop.co.il\/wp-content\/uploads\/2022\/09\/IMG-2345-scaled.jpg\",\"width\":829,\"height\":1107,\"caption\":\"IMG 2345 scaled\"},{\"@type\":\"BreadcrumbList\",\"@id\":\"https:\/\/glamourshop.co.il\/product\/fall-collection-14-2022-glamour\/#breadcrumb\",\"itemListElement\":[{\"@type\":\"ListItem\",\"position\":1,\"name\":\"\u05d3\u05e3 \u05d4\u05d1\u05d9\u05ea\",\"item\":\"https:\/\/glamourshop.co.il\/\"},{\"@type\":\"ListItem\",\"position\":2,\"name\":\"\u05de\u05d5\u05e6\u05e8\u05d9\u05dd\",\"item\":\"https:\/\/glamourshop.co.il\/shop\/\"},{\"@type\":\"ListItem\",\"position\":3,\"name\":\"\u05dc\u05e7 \u05d2'\u05dc \u05e7\u05d5\u05dc\u05e7\u05e6\u05d9\u05d9\u05ea \u05e6\u05d1\u05e2\u05d9 \u05e1\u05ea\u05d9\u05d5 #14 \u2013 Glamour\"}]},{\"@type\":\"WebSite\",\"@id\":\"https:\/\/glamourshop.co.il\/#website\",\"url\":\"https:\/\/glamourshop.co.il\/\",\"name\":\"\u05d2\u05dc\u05de\u05d5\u05e8 \u05e9\u05d5\u05e4\",\"description\":\"\u201c\u05d2\u05dc\u05de\u05d5\u05e8\u201d \u05d4\u05d9\u05e0\u05d5 \u05de\u05d5\u05ea\u05d2 \u05d9\u05e9\u05e8\u05d0\u05dc\u05d9 \u05d4\u05de\u05ea\u05de\u05d7\u05d4 \u05d1\u05d9\u05d9\u05e6\u05d5\u05e8 \u05d5\u05e9\u05d9\u05d5\u05d5\u05e7 \u05de\u05d5\u05e6\u05e8\u05d9 \u05d1\u05e0\u05d9\u05d9\u05ea \u05e6\u05d9\u05e4\u05d5\u05e8\u05e0\u05d9\u05d9\u05dd, \u05dc\u05e7 \u05d2\u2019\u05dc \u05d5\u05e6\u05d9\u05d5\u05d3 \u05dc\u05de\u05e0\u05d9\u05e7\u05d5\u05e8.\",\"publisher\":{\"@id\":\"https:\/\/glamourshop.co.il\/#organization\"},\"potentialAction\":[{\"@type\":\"SearchAction\",\"target\":{\"@type\":\"EntryPoint\",\"urlTemplate\":\"https:\/\/glamourshop.co.il\/?s={search_term_string}\"},\"query-input\":{\"@type\":\"PropertyValueSpecification\",\"valueRequired\":true,\"valueName\":\"search_term_string\"}}],\"inLanguage\":\"fr-FR\"},{\"@type\":\"Organization\",\"@id\":\"https:\/\/glamourshop.co.il\/#organization\",\"name\":\"Glamour Shop\",\"url\":\"https:\/\/glamourshop.co.il\/\",\"logo\":{\"@type\":\"ImageObject\",\"inLanguage\":\"fr-FR\",\"@id\":\"https:\/\/glamourshop.co.il\/#\/schema\/logo\/image\/\",\"url\":\"https:\/\/glamourshop.co.il\/wp-content\/uploads\/2022\/04\/seo-logo.jpg\",\"contentUrl\":\"https:\/\/glamourshop.co.il\/wp-content\/uploads\/2022\/04\/seo-logo.jpg\",\"width\":1080,\"height\":631,\"caption\":\"Glamour Shop\"},\"image\":{\"@id\":\"https:\/\/glamourshop.co.il\/#\/schema\/logo\/image\/\"},\"sameAs\":[\"https:\/\/www.facebook.com\/GlamourShopProfessionalNails\",\"https:\/\/www.instagram.com\/glamour_professional_nails\/\"]}]}<\/script>\n<!-- \/ Yoast SEO plugin. -->","yoast_head_json":{"title":"\u05dc\u05e7 \u05d2'\u05dc \u05e7\u05d5\u05dc\u05e7\u05e6\u05d9\u05d9\u05ea \u05e6\u05d1\u05e2\u05d9 \u05e1\u05ea\u05d9\u05d5 #14 \u2013 Glamour | \u05d2\u05dc\u05de\u05d5\u05e8 \u05e9\u05d5\u05e4","description":"\u05e7\u05d5\u05dc\u05e7\u05e6\u05d9\u05d9\u05ea \u05e7\u05d9\u05e5 \u05d1\u05de\u05d9\u05d5\u05d7\u05d3 \u05d1\u05e9\u05d1\u05d9\u05dc\u05da,  \u05d4\u05e8\u05db\u05d1\u05e0\u05d5 \u05e9\u05d9\u05dc\u05d5\u05d1\u05d9 \u05e6\u05d1\u05e2\u05d9\u05dd \u05d8\u05e8\u05e0\u05d3\u05d9\u05d9\u05dd \u05e9\u05d9\u05d7\u05e1\u05db\u05d5 \u05dc\u05db\u05da \u05d0\u05ea \u05d4\u05d3\u05d9\u05dc\u05de\u05d5\u05ea \u05d5\u05d9\u05d9\u05ea\u05e0\u05d5 \u05de\u05d2\u05d5\u05d5\u05df \u05e9\u05d9\u05dc\u05d5\u05d1\u05d9\u05dd \u05dc\u05de\u05e0\u05d9\u05e7\u05d5\u05e8 \u05d4\u05de\u05d5\u05e9\u05dc\u05dd!  \u05e2\u05e8\u05db\u05d4 \u05d6\u05d5 \u05db\u05d5\u05dc\u05dc\u05ea 5 \u05de\u05e8\u05d4\u05d1\u05d9\u05dd \u05d5\u05d8\u05e8\u05e0\u05d3\u05d9\u05d9\u05dd \u05e9\u05d9\u05dc\u05d5\u05d5 \u05d0\u05d5\u05ea\u05e0\u05d5 \u05d2\u05dd \u05d1\u05e2\u05d5\u05e0\u05ea \u05d0\u05d1\u05d9\u05d1\/\u05e7\u05d9\u05e5 2022:  \u05d2\u05d5\u05d5\u05e0\u05d9\u05dd:  NO.121| NO.124 | NO.123| NO.122| NO.126","robots":{"index":"index","follow":"follow","max-snippet":"max-snippet:-1","max-image-preview":"max-image-preview:large","max-video-preview":"max-video-preview:-1"},"canonical":"https:\/\/glamourshop.co.il\/fr\/produit\/fall-collection-14-2022-glamour\/","og_locale":"fr_FR","og_type":"article","og_title":"\u05dc\u05e7 \u05d2'\u05dc \u05e7\u05d5\u05dc\u05e7\u05e6\u05d9\u05d9\u05ea \u05e6\u05d1\u05e2\u05d9 \u05e1\u05ea\u05d9\u05d5 #14 \u2013 Glamour | \u05d2\u05dc\u05de\u05d5\u05e8 \u05e9\u05d5\u05e4","og_description":"\u05e7\u05d5\u05dc\u05e7\u05e6\u05d9\u05d9\u05ea \u05e7\u05d9\u05e5 \u05d1\u05de\u05d9\u05d5\u05d7\u05d3 \u05d1\u05e9\u05d1\u05d9\u05dc\u05da,  \u05d4\u05e8\u05db\u05d1\u05e0\u05d5 \u05e9\u05d9\u05dc\u05d5\u05d1\u05d9 \u05e6\u05d1\u05e2\u05d9\u05dd \u05d8\u05e8\u05e0\u05d3\u05d9\u05d9\u05dd \u05e9\u05d9\u05d7\u05e1\u05db\u05d5 \u05dc\u05db\u05da \u05d0\u05ea \u05d4\u05d3\u05d9\u05dc\u05de\u05d5\u05ea \u05d5\u05d9\u05d9\u05ea\u05e0\u05d5 \u05de\u05d2\u05d5\u05d5\u05df \u05e9\u05d9\u05dc\u05d5\u05d1\u05d9\u05dd \u05dc\u05de\u05e0\u05d9\u05e7\u05d5\u05e8 \u05d4\u05de\u05d5\u05e9\u05dc\u05dd!  \u05e2\u05e8\u05db\u05d4 \u05d6\u05d5 \u05db\u05d5\u05dc\u05dc\u05ea 5 \u05de\u05e8\u05d4\u05d1\u05d9\u05dd \u05d5\u05d8\u05e8\u05e0\u05d3\u05d9\u05d9\u05dd \u05e9\u05d9\u05dc\u05d5\u05d5 \u05d0\u05d5\u05ea\u05e0\u05d5 \u05d2\u05dd \u05d1\u05e2\u05d5\u05e0\u05ea \u05d0\u05d1\u05d9\u05d1\/\u05e7\u05d9\u05e5 2022:  \u05d2\u05d5\u05d5\u05e0\u05d9\u05dd:  NO.121| NO.124 | NO.123| NO.122| NO.126","og_url":"https:\/\/glamourshop.co.il\/fr\/produit\/fall-collection-14-2022-glamour\/","og_site_name":"\u05d2\u05dc\u05de\u05d5\u05e8 \u05e9\u05d5\u05e4","article_publisher":"https:\/\/www.facebook.com\/GlamourShopProfessionalNails","article_modified_time":"2026-04-09T14:04:31+00:00","og_image":[{"width":829,"height":1107,"url":"https:\/\/glamourshop.co.il\/wp-content\/uploads\/2022\/09\/IMG-2345-scaled.jpg","type":"image\/jpeg"}],"twitter_card":"summary_large_image","twitter_misc":{"Dur\u00e9e de lecture estim\u00e9e":"1 minute"},"schema":{"@context":"https:\/\/schema.org","@graph":[{"@type":["WebPage","ItemPage"],"@id":"https:\/\/glamourshop.co.il\/product\/fall-collection-14-2022-glamour\/","url":"https:\/\/glamourshop.co.il\/product\/fall-collection-14-2022-glamour\/","name":"\u05dc\u05e7 \u05d2'\u05dc \u05e7\u05d5\u05dc\u05e7\u05e6\u05d9\u05d9\u05ea \u05e6\u05d1\u05e2\u05d9 \u05e1\u05ea\u05d9\u05d5 #14 \u2013 Glamour | \u05d2\u05dc\u05de\u05d5\u05e8 \u05e9\u05d5\u05e4","isPartOf":{"@id":"https:\/\/glamourshop.co.il\/#website"},"primaryImageOfPage":{"@id":"https:\/\/glamourshop.co.il\/product\/fall-collection-14-2022-glamour\/#primaryimage"},"image":{"@id":"https:\/\/glamourshop.co.il\/product\/fall-collection-14-2022-glamour\/#primaryimage"},"thumbnailUrl":"https:\/\/glamourshop.co.il\/wp-content\/uploads\/2022\/09\/IMG-2345-scaled.jpg","datePublished":"2022-09-22T13:27:08+00:00","dateModified":"2026-04-09T14:04:31+00:00","description":"\u05e7\u05d5\u05dc\u05e7\u05e6\u05d9\u05d9\u05ea \u05e7\u05d9\u05e5 \u05d1\u05de\u05d9\u05d5\u05d7\u05d3 \u05d1\u05e9\u05d1\u05d9\u05dc\u05da, \u05d4\u05e8\u05db\u05d1\u05e0\u05d5 \u05e9\u05d9\u05dc\u05d5\u05d1\u05d9 \u05e6\u05d1\u05e2\u05d9\u05dd \u05d8\u05e8\u05e0\u05d3\u05d9\u05d9\u05dd \u05e9\u05d9\u05d7\u05e1\u05db\u05d5 \u05dc\u05db\u05da \u05d0\u05ea \u05d4\u05d3\u05d9\u05dc\u05de\u05d5\u05ea \u05d5\u05d9\u05d9\u05ea\u05e0\u05d5 \u05de\u05d2\u05d5\u05d5\u05df \u05e9\u05d9\u05dc\u05d5\u05d1\u05d9\u05dd \u05dc\u05de\u05e0\u05d9\u05e7\u05d5\u05e8 \u05d4\u05de\u05d5\u05e9\u05dc\u05dd! \u05e2\u05e8\u05db\u05d4 \u05d6\u05d5 \u05db\u05d5\u05dc\u05dc\u05ea 5 \u05de\u05e8\u05d4\u05d1\u05d9\u05dd \u05d5\u05d8\u05e8\u05e0\u05d3\u05d9\u05d9\u05dd \u05e9\u05d9\u05dc\u05d5\u05d5 \u05d0\u05d5\u05ea\u05e0\u05d5 \u05d2\u05dd \u05d1\u05e2\u05d5\u05e0\u05ea \u05d0\u05d1\u05d9\u05d1\/\u05e7\u05d9\u05e5 2022: \u05d2\u05d5\u05d5\u05e0\u05d9\u05dd: NO.121| NO.124 | NO.123| NO.122| NO.126","breadcrumb":{"@id":"https:\/\/glamourshop.co.il\/product\/fall-collection-14-2022-glamour\/#breadcrumb"},"inLanguage":"fr-FR","potentialAction":[{"@type":"ReadAction","target":["https:\/\/glamourshop.co.il\/product\/fall-collection-14-2022-glamour\/"]}]},{"@type":"ImageObject","inLanguage":"fr-FR","@id":"https:\/\/glamourshop.co.il\/product\/fall-collection-14-2022-glamour\/#primaryimage","url":"https:\/\/glamourshop.co.il\/wp-content\/uploads\/2022\/09\/IMG-2345-scaled.jpg","contentUrl":"https:\/\/glamourshop.co.il\/wp-content\/uploads\/2022\/09\/IMG-2345-scaled.jpg","width":829,"height":1107,"caption":"IMG 2345 scaled"},{"@type":"BreadcrumbList","@id":"https:\/\/glamourshop.co.il\/product\/fall-collection-14-2022-glamour\/#breadcrumb","itemListElement":[{"@type":"ListItem","position":1,"name":"\u05d3\u05e3 \u05d4\u05d1\u05d9\u05ea","item":"https:\/\/glamourshop.co.il\/"},{"@type":"ListItem","position":2,"name":"\u05de\u05d5\u05e6\u05e8\u05d9\u05dd","item":"https:\/\/glamourshop.co.il\/shop\/"},{"@type":"ListItem","position":3,"name":"\u05dc\u05e7 \u05d2'\u05dc \u05e7\u05d5\u05dc\u05e7\u05e6\u05d9\u05d9\u05ea \u05e6\u05d1\u05e2\u05d9 \u05e1\u05ea\u05d9\u05d5 #14 \u2013 Glamour"}]},{"@type":"WebSite","@id":"https:\/\/glamourshop.co.il\/#website","url":"https:\/\/glamourshop.co.il\/","name":"Galmore Shop","description":"\u201c Galmor \u201d est une marque isra\u00e9lienne sp\u00e9cialis\u00e9e dans la fabrication et la commercialisation de produits pour la construction d'ongles, de vernis gel et d'\u00e9quipements pour manucure.","publisher":{"@id":"https:\/\/glamourshop.co.il\/#organization"},"potentialAction":[{"@type":"SearchAction","target":{"@type":"EntryPoint","urlTemplate":"https:\/\/glamourshop.co.il\/?s={search_term_string}"},"query-input":{"@type":"PropertyValueSpecification","valueRequired":true,"valueName":"search_term_string"}}],"inLanguage":"fr-FR"},{"@type":"Organization","@id":"https:\/\/glamourshop.co.il\/#organization","name":"Boutique Glamour","url":"https:\/\/glamourshop.co.il\/","logo":{"@type":"ImageObject","inLanguage":"fr-FR","@id":"https:\/\/glamourshop.co.il\/#\/schema\/logo\/image\/","url":"https:\/\/glamourshop.co.il\/wp-content\/uploads\/2022\/04\/seo-logo.jpg","contentUrl":"https:\/\/glamourshop.co.il\/wp-content\/uploads\/2022\/04\/seo-logo.jpg","width":1080,"height":631,"caption":"Glamour Shop"},"image":{"@id":"https:\/\/glamourshop.co.il\/#\/schema\/logo\/image\/"},"sameAs":["https:\/\/www.facebook.com\/GlamourShopProfessionalNails","https:\/\/www.instagram.com\/glamour_professional_nails\/"]}]}},"uagb_featured_image_src":{"full":["https:\/\/glamourshop.co.il\/wp-content\/uploads\/2022\/09\/IMG-2345-scaled.jpg",829,1107,false],"thumbnail":["https:\/\/glamourshop.co.il\/wp-content\/uploads\/2022\/09\/IMG-2345-scaled-225x300.jpg",225,300,true],"medium":["https:\/\/glamourshop.co.il\/wp-content\/uploads\/2022\/09\/IMG-2345-scaled-300x400.jpg",300,400,true],"medium_large":["https:\/\/glamourshop.co.il\/wp-content\/uploads\/2022\/09\/IMG-2345-scaled-768x1026.jpg",768,1026,true],"large":["https:\/\/glamourshop.co.il\/wp-content\/uploads\/2022\/09\/IMG-2345-scaled-599x800.jpg",599,800,true],"1536x1536":["https:\/\/glamourshop.co.il\/wp-content\/uploads\/2022\/09\/IMG-2345-1152x1536.jpg",1152,1536,true],"2048x2048":["https:\/\/glamourshop.co.il\/wp-content\/uploads\/2022\/09\/IMG-2345-1536x2048.jpg",1536,2048,true],"trp-custom-language-flag":["https:\/\/glamourshop.co.il\/wp-content\/uploads\/2022\/09\/IMG-2345-scaled.jpg",9,12,false],"icon":["https:\/\/glamourshop.co.il\/wp-content\/uploads\/2022\/09\/IMG-2345-scaled.jpg",829,1107,false],"oc-product-thumbnail":["https:\/\/glamourshop.co.il\/wp-content\/uploads\/2022\/09\/IMG-2345-scaled.jpg",112,149,false],"oc-product-single-image":["https:\/\/glamourshop.co.il\/wp-content\/uploads\/2022\/09\/IMG-2345-scaled.jpg",599,800,false],"oc-product-archive-thumbnail":["https:\/\/glamourshop.co.il\/wp-content\/uploads\/2022\/09\/IMG-2345-scaled.jpg",316,422,false],"woocommerce_thumbnail":["https:\/\/glamourshop.co.il\/wp-content\/uploads\/2022\/09\/IMG-2345-scaled-500x500.jpg",500,500,true],"woocommerce_single":["https:\/\/glamourshop.co.il\/wp-content\/uploads\/2022\/09\/IMG-2345-scaled-600x801.jpg",600,801,true],"woocommerce_gallery_thumbnail":["https:\/\/glamourshop.co.il\/wp-content\/uploads\/2022\/09\/IMG-2345-scaled-100x100.jpg",100,100,true]},"uagb_author_info":{"display_name":"\u05e0\u05d9\u05e1\u05df \u05de\u05d9\u05db\u05d0\u05dc\u05d5\u05d1","author_link":"https:\/\/glamourshop.co.il\/fr\/author\/"},"uagb_comment_info":0,"uagb_excerpt":"\u05e7\u05d5\u05dc\u05e7\u05e6\u05d9\u05d9\u05ea \u05e7\u05d9\u05e5 \u05d1\u05de\u05d9\u05d5\u05d7\u05d3 \u05d1\u05e9\u05d1\u05d9\u05dc\u05da, \u05d4\u05e8\u05db\u05d1\u05e0\u05d5 \u05e9\u05d9\u05dc\u05d5\u05d1\u05d9 \u05e6\u05d1\u05e2\u05d9\u05dd \u05d8\u05e8\u05e0\u05d3\u05d9\u05d9\u05dd \u05e9\u05d9\u05d7\u05e1\u05db\u05d5 \u05dc\u05db\u05da \u05d0\u05ea \u05d4\u05d3\u05d9\u05dc\u05de\u05d5\u05ea \u05d5\u05d9\u05d9\u05ea\u05e0\u05d5 \u05de\u05d2\u05d5\u05d5\u05df \u05e9\u05d9\u05dc\u05d5\u05d1\u05d9\u05dd \u05dc\u05de\u05e0\u05d9\u05e7\u05d5\u05e8 \u05d4\u05de\u05d5\u05e9\u05dc\u05dd! \u05e2\u05e8\u05db\u05d4 \u05d6\u05d5 \u05db\u05d5\u05dc\u05dc\u05ea 5 \u05de\u05e8\u05d4\u05d1\u05d9\u05dd \u05d5\u05d8\u05e8\u05e0\u05d3\u05d9\u05d9\u05dd \u05e9\u05d9\u05dc\u05d5\u05d5 \u05d0\u05d5\u05ea\u05e0\u05d5 \u05d2\u05dd \u05d1\u05e2\u05d5\u05e0\u05ea \u05d0\u05d1\u05d9\u05d1\/\u05e7\u05d9\u05e5 2022: \u05d2\u05d5\u05d5\u05e0\u05d9\u05dd: NO.121| NO.124 | NO.123| NO.122| NO.126","_links":{"self":[{"href":"https:\/\/glamourshop.co.il\/fr\/wp-json\/wp\/v2\/product\/14046","targetHints":{"allow":["GET"]}}],"collection":[{"href":"https:\/\/glamourshop.co.il\/fr\/wp-json\/wp\/v2\/product"}],"about":[{"href":"https:\/\/glamourshop.co.il\/fr\/wp-json\/wp\/v2\/types\/product"}],"replies":[{"embeddable":true,"href":"https:\/\/glamourshop.co.il\/fr\/wp-json\/wp\/v2\/comments?post=14046"}],"wp:featuredmedia":[{"embeddable":true,"href":"https:\/\/glamourshop.co.il\/fr\/wp-json\/wp\/v2\/media\/14047"}],"wp:attachment":[{"href":"https:\/\/glamourshop.co.il\/fr\/wp-json\/wp\/v2\/media?parent=14046"}],"wp:term":[{"taxonomy":"product_brand","embeddable":true,"href":"https:\/\/glamourshop.co.il\/fr\/wp-json\/wp\/v2\/product_brand?post=14046"},{"taxonomy":"product_cat","embeddable":true,"href":"https:\/\/glamourshop.co.il\/fr\/wp-json\/wp\/v2\/product_cat?post=14046"},{"taxonomy":"product_tag","embeddable":true,"href":"https:\/\/glamourshop.co.il\/fr\/wp-json\/wp\/v2\/product_tag?post=14046"}],"curies":[{"name":"wp","href":"https:\/\/api.w.org\/{rel}","templated":true}]}}