
{"id":15915,"date":"2022-12-20T19:18:49","date_gmt":"2022-12-20T17:18:49","guid":{"rendered":"https:\/\/devbee1.glamourshop.co.il.bee1.cloud\/?post_type=product&#038;p=15915"},"modified":"2026-04-10T02:34:58","modified_gmt":"2026-04-09T23:34:58","slug":"base-gel-18-17ml-glamour","status":"publish","type":"product","link":"https:\/\/glamourshop.co.il\/fr\/produit\/base-gel-18-17ml-glamour\/","title":{"rendered":"\u05d2'\u05dc \u05d1\u05e1\u05d9\u05e1 \u05de\u05e1' 18, 17 \u05de&quot;\u05dc &#8211; Glamour"},"content":{"rendered":"<p style=\"direction: rtl\"><strong style=\"font-size: 14.4px\">Processus de travail correct avec une base color\u00e9e<\/strong><\/p>\n<p style=\"direction: rtl\"><span style=\"font-size: 14.4px\">1. Pr\u00e9paration des ongles (comme d'habitude)<\/span><\/p>\n<p style=\"direction: rtl\"><span style=\"font-size: 14.4px\">2. Neutralisation de la plaque de l'ongle avec <\/span><a style=\"font-size: 14.4px\" href=\"https:\/\/glamourshop.co.il\/fr\/shop\/nail-fresh-liquid-240ml\/\">Liquide sp\u00e9cial<\/a><span style=\"font-size: 14.4px\"> Pour \u00e9quilibrer le niveau d'acidit\u00e9 et de gras, et bien s\u00fbr les r\u00e9sidus de poussi\u00e8re provenant de la pr\u00e9paration.<\/span><\/p>\n<p style=\"direction: rtl\"><span style=\"font-size: 14.4px\">3. <\/span><a style=\"font-size: 14.4px\" href=\"https:\/\/glamourshop.co.il\/fr\/shop\/non-acidic-primer-17ml-glamour\/\">appr\u00eat<\/a><span style=\"font-size: 14.4px\"> Non acide (liant)<\/span><\/p>\n<p style=\"direction: rtl\"><span style=\"font-size: 14.4px\">4. Une fine couche de <\/span><a style=\"font-size: 14.4px\" href=\"https:\/\/glamourshop.co.il\/fr\/shop\/glamour-power-base\/\">Base rigide (Power)<\/a><\/p>\n<p style=\"direction: rtl\"><span style=\"font-size: 14.4px\">5. Effectuer une correction anatomique avec le raber base dans la teinte choisie - s\u00e9chage final 60 secondes.<\/span><\/p>\n<p style=\"direction: rtl\"><span style=\"font-size: 14.4px\">6. Haut<\/span><\/p>\n<p>&nbsp;<\/p>\n<p style=\"direction: rtl\">Le vernis gel de Glamour propose plus de 200 nuances \u00e9clatantes.<\/p>\n<p style=\"direction: rtl\"><span style=\"text-decoration: underline\">Notre formule :<\/span><br \/>\n1. Riche en pigments de qualit\u00e9<br \/>\n2. Adapt\u00e9e au climat isra\u00e9lien<br \/>\n3. Donne aux ongles force, brillance et r\u00e9sistance \u00e9lev\u00e9e.<br \/>\n4. Capacit\u00e9 d'auto-alignement<\/p>\n<p style=\"direction: rtl\"><span style=\"text-decoration: underline\">Comprend :<\/span><br \/>\n\u2714 Pinceau en silicone de qualit\u00e9 sup\u00e9rieure, doux, pour une application parfaite sans traces<br \/>\n\u2714 Flacon de 17 ml<\/p>\n<p>&nbsp;<\/p>\n<p><strong>Les produits Galmore ont \u00e9t\u00e9 d\u00e9velopp\u00e9s dans le but d'apporter des r\u00e9ponses et des solutions aux personnes souffrant de sensibilit\u00e9s et d'allergies.<\/strong><\/p>\n<p>Toutes les mati\u00e8res premi\u00e8res ont \u00e9t\u00e9 soigneusement s\u00e9lectionn\u00e9es. Il est donc recommand\u00e9 de respecter l'ordre des op\u00e9rations.<\/p>\n<p>Pour obtenir des r\u00e9sultats optimaux, il est recommand\u00e9 d'utiliser l'ensemble des produits Glamour.<\/p>\n<p><a href=\"https:\/\/glamourshop.co.il\/fr\/shop\/nail-fresh-liquid-240ml\/\">*Nail Fresh (fortement recommand\u00e9)<\/a><\/p>\n<p><a href=\"https:\/\/glamourshop.co.il\/fr\/shop\/non-acidic-primer-17ml-glamour\/\">*Appr\u00eat (non acide)\/ Ultrabond<\/a><\/p>\n<p><a href=\"https:\/\/glamourshop.co.il\/fr\/categorie-produit\/glamour-nail-polish\/base-top\/\">*Base<\/a><\/p>\n<p><a href=\"https:\/\/glamourshop.co.il\/fr\/categorie-produit\/glamour-nail-polish\/colors\/\">*Couleur<\/a><\/p>\n<p><a href=\"https:\/\/glamourshop.co.il\/fr\/categorie-produit\/glamour-nail-polish\/base-top\/\">*Top<\/a><\/p>\n<p style=\"direction: rtl\">","protected":false},"excerpt":{"rendered":"<p style=\"direction: rtl\">\u05d7\u05d3\u05e9!<\/p>\n<p style=\"direction: rtl\">\u05d2\u2019\u05dc \u05d1\u05e1\u05d9\u05e1 \u05de\u05e1\u2019 18 BASE TONE \u05e9\u05dc \u05d7\u05d1\u05e8\u05ea Glamour \u05d4\u05d5\u05d0 \u05d2\u2019\u05dc \u05d1\u05e1\u05d9\u05e1 \u05e2\u05dd \u05e6\u05d1\u05e2<\/p>\n<p style=\"direction: rtl\"><span style=\"font-size: 14.4px\">\u2714 Haute capacit\u00e9 d'adh\u00e9rence<br \/>\n<\/span><span style=\"font-size: 14.4px\">\u2714 D'une viscosit\u00e9 moyenne, il permet d'\u00e9paissir l'ongle naturel (structure anatomique).<\/span><\/p>\n<p style=\"direction: rtl\">Ce gel permet de lisser la surface de l'ongle pour obtenir un aspect parfait et lisse.<\/p>\n<p style=\"direction: rtl\">*Disponible en 20 nuances*<\/p>","protected":false},"featured_media":21348,"comment_status":"open","ping_status":"closed","template":"","meta":{"_uag_custom_page_level_css":""},"product_brand":[],"product_cat":[324],"product_tag":[583,151,423,425,626],"class_list":{"0":"post-15915","1":"product","2":"type-product","3":"status-publish","4":"has-post-thumbnail","6":"product_cat-base-tone","7":"product_tag-basetone","8":"product_tag-glamour","9":"product_tag-gel-nail-polish","10":"product_tag-sale","11":"product_tag-cover-base","12":"desktop","14":"first","15":"instock","16":"sale","17":"shipping-taxable","18":"purchasable","19":"product-type-simple"},"acf":[],"yoast_head":"<!-- This site is optimized with the Yoast SEO plugin v26.0 - https:\/\/yoast.com\/wordpress\/plugins\/seo\/ -->\n<title>\u05d2&#039;\u05dc \u05d1\u05e1\u05d9\u05e1 \u05de\u05e1&#039; 18, 17 \u05de&quot;\u05dc - Glamour | \u05d2\u05dc\u05de\u05d5\u05e8 \u05e9\u05d5\u05e4<\/title>\n<meta name=\"description\" content=\"\u05d7\u05d3\u05e9! \u05d2\u2019\u05dc \u05d1\u05e1\u05d9\u05e1 \u05de\u05e1\u2019 18 BASE TONE \u05e9\u05dc \u05d7\u05d1\u05e8\u05ea Glamour \u05d4\u05d5\u05d0 \u05d2\u2019\u05dc \u05d1\u05e1\u05d9\u05e1 \u05e2\u05dd \u05e6\u05d1\u05e2 \u2714 \u05d1\u05e2\u05dc \u05d9\u05db\u05d5\u05dc\u05ea \u05d4\u05d9\u05e6\u05de\u05d3\u05d5\u05ea \u05d2\u05d1\u05d5\u05d4\u05d4 \u2714 \u05d1\u05e2\u05dc \u05e1\u05de\u05d9\u05db\u05d5\u05ea \u05d1\u05d9\u05e0\u05d5\u05e0\u05d9\u05ea \u05d4\u05de\u05d0\u05e4\u05e9\u05e8 \u05dc\u05e2\u05d1\u05d5\u05ea \u05d0\u05ea \u05d4\u05e6\u05d9\u05e4\u05d5\u05e8\u05df \u05d4\u05d8\u05d1\u05e2\u05d9\u05ea (\u05de\u05d1\u05e0\u05d4 \u05d0\u05e0\u05d8\u05d5\u05de\u05d9) \u05d1\u05e2\u05d6\u05e8\u05ea \u05d2\u2019\u05dc \u05d6\u05d4 \u05e0\u05d9\u05ea\u05df \u05dc\u05d9\u05d9\u05e9\u05e8 \u05d0\u05ea \u05de\u05e9\u05d8\u05d7 \u05d4\u05e6\u05d9\u05e4\u05d5\u05e8\u05df \u05e2\u05d3 \u05dc\u05de\u05e8\u05d0\u05d4 \u05de\u05d5\u05e9\u05dc\u05dd \u05d5\u05d7\u05dc\u05e7. *\u05e7\u05d9\u05d9\u05dd \u05d120\u05d2\u05d5\u05d5\u05e0\u05d9\u05dd*\" \/>\n<meta name=\"robots\" content=\"index, follow, max-snippet:-1, max-image-preview:large, max-video-preview:-1\" \/>\n<link rel=\"canonical\" href=\"https:\/\/glamourshop.co.il\/fr\/produit\/base-gel-18-17ml-glamour\/\" \/>\n<meta property=\"og:locale\" content=\"fr_FR\" \/>\n<meta property=\"og:type\" content=\"article\" \/>\n<meta property=\"og:title\" content=\"\u05d2&#039;\u05dc \u05d1\u05e1\u05d9\u05e1 \u05de\u05e1&#039; 18, 17 \u05de&quot;\u05dc - Glamour | \u05d2\u05dc\u05de\u05d5\u05e8 \u05e9\u05d5\u05e4\" \/>\n<meta property=\"og:description\" content=\"\u05d7\u05d3\u05e9! \u05d2\u2019\u05dc \u05d1\u05e1\u05d9\u05e1 \u05de\u05e1\u2019 18 BASE TONE \u05e9\u05dc \u05d7\u05d1\u05e8\u05ea Glamour \u05d4\u05d5\u05d0 \u05d2\u2019\u05dc \u05d1\u05e1\u05d9\u05e1 \u05e2\u05dd \u05e6\u05d1\u05e2 \u2714 \u05d1\u05e2\u05dc \u05d9\u05db\u05d5\u05dc\u05ea \u05d4\u05d9\u05e6\u05de\u05d3\u05d5\u05ea \u05d2\u05d1\u05d5\u05d4\u05d4 \u2714 \u05d1\u05e2\u05dc \u05e1\u05de\u05d9\u05db\u05d5\u05ea \u05d1\u05d9\u05e0\u05d5\u05e0\u05d9\u05ea \u05d4\u05de\u05d0\u05e4\u05e9\u05e8 \u05dc\u05e2\u05d1\u05d5\u05ea \u05d0\u05ea \u05d4\u05e6\u05d9\u05e4\u05d5\u05e8\u05df \u05d4\u05d8\u05d1\u05e2\u05d9\u05ea (\u05de\u05d1\u05e0\u05d4 \u05d0\u05e0\u05d8\u05d5\u05de\u05d9) \u05d1\u05e2\u05d6\u05e8\u05ea \u05d2\u2019\u05dc \u05d6\u05d4 \u05e0\u05d9\u05ea\u05df \u05dc\u05d9\u05d9\u05e9\u05e8 \u05d0\u05ea \u05de\u05e9\u05d8\u05d7 \u05d4\u05e6\u05d9\u05e4\u05d5\u05e8\u05df \u05e2\u05d3 \u05dc\u05de\u05e8\u05d0\u05d4 \u05de\u05d5\u05e9\u05dc\u05dd \u05d5\u05d7\u05dc\u05e7. *\u05e7\u05d9\u05d9\u05dd \u05d120\u05d2\u05d5\u05d5\u05e0\u05d9\u05dd*\" \/>\n<meta property=\"og:url\" content=\"https:\/\/glamourshop.co.il\/fr\/produit\/base-gel-18-17ml-glamour\/\" \/>\n<meta property=\"og:site_name\" content=\"\u05d2\u05dc\u05de\u05d5\u05e8 \u05e9\u05d5\u05e4\" \/>\n<meta property=\"article:publisher\" content=\"https:\/\/www.facebook.com\/GlamourShopProfessionalNails\" \/>\n<meta property=\"article:modified_time\" content=\"2026-04-09T23:34:58+00:00\" \/>\n<meta property=\"og:image\" content=\"https:\/\/glamourshop.co.il\/wp-content\/uploads\/2022\/12\/BT-18-2.png\" \/>\n\t<meta property=\"og:image:width\" content=\"566\" \/>\n\t<meta property=\"og:image:height\" content=\"566\" \/>\n\t<meta property=\"og:image:type\" content=\"image\/png\" \/>\n<meta name=\"twitter:card\" content=\"summary_large_image\" \/>\n<meta name=\"twitter:label1\" content=\"Dur\u00e9e de lecture estim\u00e9e\" \/>\n\t<meta name=\"twitter:data1\" content=\"1 minute\" \/>\n<script type=\"application\/ld+json\" class=\"yoast-schema-graph\">{\"@context\":\"https:\/\/schema.org\",\"@graph\":[{\"@type\":[\"WebPage\",\"ItemPage\"],\"@id\":\"https:\/\/glamourshop.co.il\/product\/base-gel-18-17ml-glamour\/\",\"url\":\"https:\/\/glamourshop.co.il\/product\/base-gel-18-17ml-glamour\/\",\"name\":\"\u05d2'\u05dc \u05d1\u05e1\u05d9\u05e1 \u05de\u05e1' 18, 17 \u05de\\\"\u05dc - Glamour | \u05d2\u05dc\u05de\u05d5\u05e8 \u05e9\u05d5\u05e4\",\"isPartOf\":{\"@id\":\"https:\/\/glamourshop.co.il\/#website\"},\"primaryImageOfPage\":{\"@id\":\"https:\/\/glamourshop.co.il\/product\/base-gel-18-17ml-glamour\/#primaryimage\"},\"image\":{\"@id\":\"https:\/\/glamourshop.co.il\/product\/base-gel-18-17ml-glamour\/#primaryimage\"},\"thumbnailUrl\":\"https:\/\/glamourshop.co.il\/wp-content\/uploads\/2022\/12\/BT-18-2.png\",\"datePublished\":\"2022-12-20T17:18:49+00:00\",\"dateModified\":\"2026-04-09T23:34:58+00:00\",\"description\":\"\u05d7\u05d3\u05e9! \u05d2\u2019\u05dc \u05d1\u05e1\u05d9\u05e1 \u05de\u05e1\u2019 18 BASE TONE \u05e9\u05dc \u05d7\u05d1\u05e8\u05ea Glamour \u05d4\u05d5\u05d0 \u05d2\u2019\u05dc \u05d1\u05e1\u05d9\u05e1 \u05e2\u05dd \u05e6\u05d1\u05e2 \u2714 \u05d1\u05e2\u05dc \u05d9\u05db\u05d5\u05dc\u05ea \u05d4\u05d9\u05e6\u05de\u05d3\u05d5\u05ea \u05d2\u05d1\u05d5\u05d4\u05d4 \u2714 \u05d1\u05e2\u05dc \u05e1\u05de\u05d9\u05db\u05d5\u05ea \u05d1\u05d9\u05e0\u05d5\u05e0\u05d9\u05ea \u05d4\u05de\u05d0\u05e4\u05e9\u05e8 \u05dc\u05e2\u05d1\u05d5\u05ea \u05d0\u05ea \u05d4\u05e6\u05d9\u05e4\u05d5\u05e8\u05df \u05d4\u05d8\u05d1\u05e2\u05d9\u05ea (\u05de\u05d1\u05e0\u05d4 \u05d0\u05e0\u05d8\u05d5\u05de\u05d9) \u05d1\u05e2\u05d6\u05e8\u05ea \u05d2\u2019\u05dc \u05d6\u05d4 \u05e0\u05d9\u05ea\u05df \u05dc\u05d9\u05d9\u05e9\u05e8 \u05d0\u05ea \u05de\u05e9\u05d8\u05d7 \u05d4\u05e6\u05d9\u05e4\u05d5\u05e8\u05df \u05e2\u05d3 \u05dc\u05de\u05e8\u05d0\u05d4 \u05de\u05d5\u05e9\u05dc\u05dd \u05d5\u05d7\u05dc\u05e7. *\u05e7\u05d9\u05d9\u05dd \u05d120\u05d2\u05d5\u05d5\u05e0\u05d9\u05dd*\",\"breadcrumb\":{\"@id\":\"https:\/\/glamourshop.co.il\/product\/base-gel-18-17ml-glamour\/#breadcrumb\"},\"inLanguage\":\"fr-FR\",\"potentialAction\":[{\"@type\":\"ReadAction\",\"target\":[\"https:\/\/glamourshop.co.il\/product\/base-gel-18-17ml-glamour\/\"]}]},{\"@type\":\"ImageObject\",\"inLanguage\":\"fr-FR\",\"@id\":\"https:\/\/glamourshop.co.il\/product\/base-gel-18-17ml-glamour\/#primaryimage\",\"url\":\"https:\/\/glamourshop.co.il\/wp-content\/uploads\/2022\/12\/BT-18-2.png\",\"contentUrl\":\"https:\/\/glamourshop.co.il\/wp-content\/uploads\/2022\/12\/BT-18-2.png\",\"width\":566,\"height\":566,\"caption\":\"BT 18 2\"},{\"@type\":\"BreadcrumbList\",\"@id\":\"https:\/\/glamourshop.co.il\/product\/base-gel-18-17ml-glamour\/#breadcrumb\",\"itemListElement\":[{\"@type\":\"ListItem\",\"position\":1,\"name\":\"\u05d3\u05e3 \u05d4\u05d1\u05d9\u05ea\",\"item\":\"https:\/\/glamourshop.co.il\/\"},{\"@type\":\"ListItem\",\"position\":2,\"name\":\"\u05de\u05d5\u05e6\u05e8\u05d9\u05dd\",\"item\":\"https:\/\/glamourshop.co.il\/shop\/\"},{\"@type\":\"ListItem\",\"position\":3,\"name\":\"\u05d2'\u05dc \u05d1\u05e1\u05d9\u05e1 \u05de\u05e1' 18, 17 \u05de&quot;\u05dc &#8211; Glamour\"}]},{\"@type\":\"WebSite\",\"@id\":\"https:\/\/glamourshop.co.il\/#website\",\"url\":\"https:\/\/glamourshop.co.il\/\",\"name\":\"\u05d2\u05dc\u05de\u05d5\u05e8 \u05e9\u05d5\u05e4\",\"description\":\"\u201c\u05d2\u05dc\u05de\u05d5\u05e8\u201d \u05d4\u05d9\u05e0\u05d5 \u05de\u05d5\u05ea\u05d2 \u05d9\u05e9\u05e8\u05d0\u05dc\u05d9 \u05d4\u05de\u05ea\u05de\u05d7\u05d4 \u05d1\u05d9\u05d9\u05e6\u05d5\u05e8 \u05d5\u05e9\u05d9\u05d5\u05d5\u05e7 \u05de\u05d5\u05e6\u05e8\u05d9 \u05d1\u05e0\u05d9\u05d9\u05ea \u05e6\u05d9\u05e4\u05d5\u05e8\u05e0\u05d9\u05d9\u05dd, \u05dc\u05e7 \u05d2\u2019\u05dc \u05d5\u05e6\u05d9\u05d5\u05d3 \u05dc\u05de\u05e0\u05d9\u05e7\u05d5\u05e8.\",\"publisher\":{\"@id\":\"https:\/\/glamourshop.co.il\/#organization\"},\"potentialAction\":[{\"@type\":\"SearchAction\",\"target\":{\"@type\":\"EntryPoint\",\"urlTemplate\":\"https:\/\/glamourshop.co.il\/?s={search_term_string}\"},\"query-input\":{\"@type\":\"PropertyValueSpecification\",\"valueRequired\":true,\"valueName\":\"search_term_string\"}}],\"inLanguage\":\"fr-FR\"},{\"@type\":\"Organization\",\"@id\":\"https:\/\/glamourshop.co.il\/#organization\",\"name\":\"Glamour Shop\",\"url\":\"https:\/\/glamourshop.co.il\/\",\"logo\":{\"@type\":\"ImageObject\",\"inLanguage\":\"fr-FR\",\"@id\":\"https:\/\/glamourshop.co.il\/#\/schema\/logo\/image\/\",\"url\":\"https:\/\/glamourshop.co.il\/wp-content\/uploads\/2022\/04\/seo-logo.jpg\",\"contentUrl\":\"https:\/\/glamourshop.co.il\/wp-content\/uploads\/2022\/04\/seo-logo.jpg\",\"width\":1080,\"height\":631,\"caption\":\"Glamour Shop\"},\"image\":{\"@id\":\"https:\/\/glamourshop.co.il\/#\/schema\/logo\/image\/\"},\"sameAs\":[\"https:\/\/www.facebook.com\/GlamourShopProfessionalNails\",\"https:\/\/www.instagram.com\/glamour_professional_nails\/\"]}]}<\/script>\n<!-- \/ Yoast SEO plugin. -->","yoast_head_json":{"title":"\u05d2'\u05dc \u05d1\u05e1\u05d9\u05e1 \u05de\u05e1' 18, 17 \u05de\"\u05dc - Glamour | \u05d2\u05dc\u05de\u05d5\u05e8 \u05e9\u05d5\u05e4","description":"\u05d7\u05d3\u05e9! \u05d2\u2019\u05dc \u05d1\u05e1\u05d9\u05e1 \u05de\u05e1\u2019 18 BASE TONE \u05e9\u05dc \u05d7\u05d1\u05e8\u05ea Glamour \u05d4\u05d5\u05d0 \u05d2\u2019\u05dc \u05d1\u05e1\u05d9\u05e1 \u05e2\u05dd \u05e6\u05d1\u05e2 \u2714 \u05d1\u05e2\u05dc \u05d9\u05db\u05d5\u05dc\u05ea \u05d4\u05d9\u05e6\u05de\u05d3\u05d5\u05ea \u05d2\u05d1\u05d5\u05d4\u05d4 \u2714 \u05d1\u05e2\u05dc \u05e1\u05de\u05d9\u05db\u05d5\u05ea \u05d1\u05d9\u05e0\u05d5\u05e0\u05d9\u05ea \u05d4\u05de\u05d0\u05e4\u05e9\u05e8 \u05dc\u05e2\u05d1\u05d5\u05ea \u05d0\u05ea \u05d4\u05e6\u05d9\u05e4\u05d5\u05e8\u05df \u05d4\u05d8\u05d1\u05e2\u05d9\u05ea (\u05de\u05d1\u05e0\u05d4 \u05d0\u05e0\u05d8\u05d5\u05de\u05d9) \u05d1\u05e2\u05d6\u05e8\u05ea \u05d2\u2019\u05dc \u05d6\u05d4 \u05e0\u05d9\u05ea\u05df \u05dc\u05d9\u05d9\u05e9\u05e8 \u05d0\u05ea \u05de\u05e9\u05d8\u05d7 \u05d4\u05e6\u05d9\u05e4\u05d5\u05e8\u05df \u05e2\u05d3 \u05dc\u05de\u05e8\u05d0\u05d4 \u05de\u05d5\u05e9\u05dc\u05dd \u05d5\u05d7\u05dc\u05e7. *\u05e7\u05d9\u05d9\u05dd \u05d120\u05d2\u05d5\u05d5\u05e0\u05d9\u05dd*","robots":{"index":"index","follow":"follow","max-snippet":"max-snippet:-1","max-image-preview":"max-image-preview:large","max-video-preview":"max-video-preview:-1"},"canonical":"https:\/\/glamourshop.co.il\/fr\/produit\/base-gel-18-17ml-glamour\/","og_locale":"fr_FR","og_type":"article","og_title":"\u05d2'\u05dc \u05d1\u05e1\u05d9\u05e1 \u05de\u05e1' 18, 17 \u05de\"\u05dc - Glamour | \u05d2\u05dc\u05de\u05d5\u05e8 \u05e9\u05d5\u05e4","og_description":"\u05d7\u05d3\u05e9! \u05d2\u2019\u05dc \u05d1\u05e1\u05d9\u05e1 \u05de\u05e1\u2019 18 BASE TONE \u05e9\u05dc \u05d7\u05d1\u05e8\u05ea Glamour \u05d4\u05d5\u05d0 \u05d2\u2019\u05dc \u05d1\u05e1\u05d9\u05e1 \u05e2\u05dd \u05e6\u05d1\u05e2 \u2714 \u05d1\u05e2\u05dc \u05d9\u05db\u05d5\u05dc\u05ea \u05d4\u05d9\u05e6\u05de\u05d3\u05d5\u05ea \u05d2\u05d1\u05d5\u05d4\u05d4 \u2714 \u05d1\u05e2\u05dc \u05e1\u05de\u05d9\u05db\u05d5\u05ea \u05d1\u05d9\u05e0\u05d5\u05e0\u05d9\u05ea \u05d4\u05de\u05d0\u05e4\u05e9\u05e8 \u05dc\u05e2\u05d1\u05d5\u05ea \u05d0\u05ea \u05d4\u05e6\u05d9\u05e4\u05d5\u05e8\u05df \u05d4\u05d8\u05d1\u05e2\u05d9\u05ea (\u05de\u05d1\u05e0\u05d4 \u05d0\u05e0\u05d8\u05d5\u05de\u05d9) \u05d1\u05e2\u05d6\u05e8\u05ea \u05d2\u2019\u05dc \u05d6\u05d4 \u05e0\u05d9\u05ea\u05df \u05dc\u05d9\u05d9\u05e9\u05e8 \u05d0\u05ea \u05de\u05e9\u05d8\u05d7 \u05d4\u05e6\u05d9\u05e4\u05d5\u05e8\u05df \u05e2\u05d3 \u05dc\u05de\u05e8\u05d0\u05d4 \u05de\u05d5\u05e9\u05dc\u05dd \u05d5\u05d7\u05dc\u05e7. *\u05e7\u05d9\u05d9\u05dd \u05d120\u05d2\u05d5\u05d5\u05e0\u05d9\u05dd*","og_url":"https:\/\/glamourshop.co.il\/fr\/produit\/base-gel-18-17ml-glamour\/","og_site_name":"\u05d2\u05dc\u05de\u05d5\u05e8 \u05e9\u05d5\u05e4","article_publisher":"https:\/\/www.facebook.com\/GlamourShopProfessionalNails","article_modified_time":"2026-04-09T23:34:58+00:00","og_image":[{"width":566,"height":566,"url":"https:\/\/glamourshop.co.il\/wp-content\/uploads\/2022\/12\/BT-18-2.png","type":"image\/png"}],"twitter_card":"summary_large_image","twitter_misc":{"Dur\u00e9e de lecture estim\u00e9e":"1 minute"},"schema":{"@context":"https:\/\/schema.org","@graph":[{"@type":["WebPage","ItemPage"],"@id":"https:\/\/glamourshop.co.il\/product\/base-gel-18-17ml-glamour\/","url":"https:\/\/glamourshop.co.il\/product\/base-gel-18-17ml-glamour\/","name":"\u05d2'\u05dc \u05d1\u05e1\u05d9\u05e1 \u05de\u05e1' 18, 17 \u05de\"\u05dc - Glamour | \u05d2\u05dc\u05de\u05d5\u05e8 \u05e9\u05d5\u05e4","isPartOf":{"@id":"https:\/\/glamourshop.co.il\/#website"},"primaryImageOfPage":{"@id":"https:\/\/glamourshop.co.il\/product\/base-gel-18-17ml-glamour\/#primaryimage"},"image":{"@id":"https:\/\/glamourshop.co.il\/product\/base-gel-18-17ml-glamour\/#primaryimage"},"thumbnailUrl":"https:\/\/glamourshop.co.il\/wp-content\/uploads\/2022\/12\/BT-18-2.png","datePublished":"2022-12-20T17:18:49+00:00","dateModified":"2026-04-09T23:34:58+00:00","description":"\u05d7\u05d3\u05e9! \u05d2\u2019\u05dc \u05d1\u05e1\u05d9\u05e1 \u05de\u05e1\u2019 18 BASE TONE \u05e9\u05dc \u05d7\u05d1\u05e8\u05ea Glamour \u05d4\u05d5\u05d0 \u05d2\u2019\u05dc \u05d1\u05e1\u05d9\u05e1 \u05e2\u05dd \u05e6\u05d1\u05e2 \u2714 \u05d1\u05e2\u05dc \u05d9\u05db\u05d5\u05dc\u05ea \u05d4\u05d9\u05e6\u05de\u05d3\u05d5\u05ea \u05d2\u05d1\u05d5\u05d4\u05d4 \u2714 \u05d1\u05e2\u05dc \u05e1\u05de\u05d9\u05db\u05d5\u05ea \u05d1\u05d9\u05e0\u05d5\u05e0\u05d9\u05ea \u05d4\u05de\u05d0\u05e4\u05e9\u05e8 \u05dc\u05e2\u05d1\u05d5\u05ea \u05d0\u05ea \u05d4\u05e6\u05d9\u05e4\u05d5\u05e8\u05df \u05d4\u05d8\u05d1\u05e2\u05d9\u05ea (\u05de\u05d1\u05e0\u05d4 \u05d0\u05e0\u05d8\u05d5\u05de\u05d9) \u05d1\u05e2\u05d6\u05e8\u05ea \u05d2\u2019\u05dc \u05d6\u05d4 \u05e0\u05d9\u05ea\u05df \u05dc\u05d9\u05d9\u05e9\u05e8 \u05d0\u05ea \u05de\u05e9\u05d8\u05d7 \u05d4\u05e6\u05d9\u05e4\u05d5\u05e8\u05df \u05e2\u05d3 \u05dc\u05de\u05e8\u05d0\u05d4 \u05de\u05d5\u05e9\u05dc\u05dd \u05d5\u05d7\u05dc\u05e7. *\u05e7\u05d9\u05d9\u05dd \u05d120\u05d2\u05d5\u05d5\u05e0\u05d9\u05dd*","breadcrumb":{"@id":"https:\/\/glamourshop.co.il\/product\/base-gel-18-17ml-glamour\/#breadcrumb"},"inLanguage":"fr-FR","potentialAction":[{"@type":"ReadAction","target":["https:\/\/glamourshop.co.il\/product\/base-gel-18-17ml-glamour\/"]}]},{"@type":"ImageObject","inLanguage":"fr-FR","@id":"https:\/\/glamourshop.co.il\/product\/base-gel-18-17ml-glamour\/#primaryimage","url":"https:\/\/glamourshop.co.il\/wp-content\/uploads\/2022\/12\/BT-18-2.png","contentUrl":"https:\/\/glamourshop.co.il\/wp-content\/uploads\/2022\/12\/BT-18-2.png","width":566,"height":566,"caption":"BT 18 2"},{"@type":"BreadcrumbList","@id":"https:\/\/glamourshop.co.il\/product\/base-gel-18-17ml-glamour\/#breadcrumb","itemListElement":[{"@type":"ListItem","position":1,"name":"\u05d3\u05e3 \u05d4\u05d1\u05d9\u05ea","item":"https:\/\/glamourshop.co.il\/"},{"@type":"ListItem","position":2,"name":"\u05de\u05d5\u05e6\u05e8\u05d9\u05dd","item":"https:\/\/glamourshop.co.il\/shop\/"},{"@type":"ListItem","position":3,"name":"\u05d2'\u05dc \u05d1\u05e1\u05d9\u05e1 \u05de\u05e1' 18, 17 \u05de&quot;\u05dc &#8211; Glamour"}]},{"@type":"WebSite","@id":"https:\/\/glamourshop.co.il\/#website","url":"https:\/\/glamourshop.co.il\/","name":"Galmore Shop","description":"\u201c Galmor \u201d est une marque isra\u00e9lienne sp\u00e9cialis\u00e9e dans la fabrication et la commercialisation de produits pour la construction d'ongles, de vernis gel et d'\u00e9quipements pour manucure.","publisher":{"@id":"https:\/\/glamourshop.co.il\/#organization"},"potentialAction":[{"@type":"SearchAction","target":{"@type":"EntryPoint","urlTemplate":"https:\/\/glamourshop.co.il\/?s={search_term_string}"},"query-input":{"@type":"PropertyValueSpecification","valueRequired":true,"valueName":"search_term_string"}}],"inLanguage":"fr-FR"},{"@type":"Organization","@id":"https:\/\/glamourshop.co.il\/#organization","name":"Boutique Glamour","url":"https:\/\/glamourshop.co.il\/","logo":{"@type":"ImageObject","inLanguage":"fr-FR","@id":"https:\/\/glamourshop.co.il\/#\/schema\/logo\/image\/","url":"https:\/\/glamourshop.co.il\/wp-content\/uploads\/2022\/04\/seo-logo.jpg","contentUrl":"https:\/\/glamourshop.co.il\/wp-content\/uploads\/2022\/04\/seo-logo.jpg","width":1080,"height":631,"caption":"Glamour Shop"},"image":{"@id":"https:\/\/glamourshop.co.il\/#\/schema\/logo\/image\/"},"sameAs":["https:\/\/www.facebook.com\/GlamourShopProfessionalNails","https:\/\/www.instagram.com\/glamour_professional_nails\/"]}]}},"uagb_featured_image_src":{"full":["https:\/\/glamourshop.co.il\/wp-content\/uploads\/2022\/12\/BT-18-2.png",566,566,false],"thumbnail":["https:\/\/glamourshop.co.il\/wp-content\/uploads\/2022\/12\/BT-18-2-300x300.png",300,300,true],"medium":["https:\/\/glamourshop.co.il\/wp-content\/uploads\/2022\/12\/BT-18-2-400x400.png",400,400,true],"medium_large":["https:\/\/glamourshop.co.il\/wp-content\/uploads\/2022\/12\/BT-18-2-768x768.png",768,768,true],"large":["https:\/\/glamourshop.co.il\/wp-content\/uploads\/2022\/12\/BT-18-2-800x800.png",800,800,true],"1536x1536":["https:\/\/glamourshop.co.il\/wp-content\/uploads\/2022\/12\/BT-18-2.png",566,566,false],"2048x2048":["https:\/\/glamourshop.co.il\/wp-content\/uploads\/2022\/12\/BT-18-2.png",566,566,false],"trp-custom-language-flag":["https:\/\/glamourshop.co.il\/wp-content\/uploads\/2022\/12\/BT-18-2.png",12,12,false],"icon":["https:\/\/glamourshop.co.il\/wp-content\/uploads\/2022\/12\/BT-18-2.png",566,566,false],"oc-product-thumbnail":["https:\/\/glamourshop.co.il\/wp-content\/uploads\/2022\/12\/BT-18-2.png",149,149,false],"oc-product-single-image":["https:\/\/glamourshop.co.il\/wp-content\/uploads\/2022\/12\/BT-18-2.png",566,566,false],"oc-product-archive-thumbnail":["https:\/\/glamourshop.co.il\/wp-content\/uploads\/2022\/12\/BT-18-2.png",422,422,false],"woocommerce_thumbnail":["https:\/\/glamourshop.co.il\/wp-content\/uploads\/2022\/12\/BT-18-2-500x500.png",500,500,true],"woocommerce_single":["https:\/\/glamourshop.co.il\/wp-content\/uploads\/2022\/12\/BT-18-2-768x768.png",600,600,true],"woocommerce_gallery_thumbnail":["https:\/\/glamourshop.co.il\/wp-content\/uploads\/2022\/12\/BT-18-2-100x100.png",100,100,true]},"uagb_author_info":{"display_name":"","author_link":"https:\/\/glamourshop.co.il\/fr\/author\/"},"uagb_comment_info":0,"uagb_excerpt":"\u05d7\u05d3\u05e9! \u05d2\u2019\u05dc \u05d1\u05e1\u05d9\u05e1 \u05de\u05e1\u2019 18 BASE TONE \u05e9\u05dc \u05d7\u05d1\u05e8\u05ea Glamour \u05d4\u05d5\u05d0 \u05d2\u2019\u05dc \u05d1\u05e1\u05d9\u05e1 \u05e2\u05dd \u05e6\u05d1\u05e2 \u2714 \u05d1\u05e2\u05dc \u05d9\u05db\u05d5\u05dc\u05ea \u05d4\u05d9\u05e6\u05de\u05d3\u05d5\u05ea \u05d2\u05d1\u05d5\u05d4\u05d4 \u2714 \u05d1\u05e2\u05dc \u05e1\u05de\u05d9\u05db\u05d5\u05ea \u05d1\u05d9\u05e0\u05d5\u05e0\u05d9\u05ea \u05d4\u05de\u05d0\u05e4\u05e9\u05e8 \u05dc\u05e2\u05d1\u05d5\u05ea \u05d0\u05ea \u05d4\u05e6\u05d9\u05e4\u05d5\u05e8\u05df \u05d4\u05d8\u05d1\u05e2\u05d9\u05ea (\u05de\u05d1\u05e0\u05d4 \u05d0\u05e0\u05d8\u05d5\u05de\u05d9) \u05d1\u05e2\u05d6\u05e8\u05ea \u05d2\u2019\u05dc \u05d6\u05d4 \u05e0\u05d9\u05ea\u05df \u05dc\u05d9\u05d9\u05e9\u05e8 \u05d0\u05ea \u05de\u05e9\u05d8\u05d7 \u05d4\u05e6\u05d9\u05e4\u05d5\u05e8\u05df \u05e2\u05d3 \u05dc\u05de\u05e8\u05d0\u05d4 \u05de\u05d5\u05e9\u05dc\u05dd \u05d5\u05d7\u05dc\u05e7. *\u05e7\u05d9\u05d9\u05dd \u05d120\u05d2\u05d5\u05d5\u05e0\u05d9\u05dd*","_links":{"self":[{"href":"https:\/\/glamourshop.co.il\/fr\/wp-json\/wp\/v2\/product\/15915","targetHints":{"allow":["GET"]}}],"collection":[{"href":"https:\/\/glamourshop.co.il\/fr\/wp-json\/wp\/v2\/product"}],"about":[{"href":"https:\/\/glamourshop.co.il\/fr\/wp-json\/wp\/v2\/types\/product"}],"replies":[{"embeddable":true,"href":"https:\/\/glamourshop.co.il\/fr\/wp-json\/wp\/v2\/comments?post=15915"}],"wp:featuredmedia":[{"embeddable":true,"href":"https:\/\/glamourshop.co.il\/fr\/wp-json\/wp\/v2\/media\/21348"}],"wp:attachment":[{"href":"https:\/\/glamourshop.co.il\/fr\/wp-json\/wp\/v2\/media?parent=15915"}],"wp:term":[{"taxonomy":"product_brand","embeddable":true,"href":"https:\/\/glamourshop.co.il\/fr\/wp-json\/wp\/v2\/product_brand?post=15915"},{"taxonomy":"product_cat","embeddable":true,"href":"https:\/\/glamourshop.co.il\/fr\/wp-json\/wp\/v2\/product_cat?post=15915"},{"taxonomy":"product_tag","embeddable":true,"href":"https:\/\/glamourshop.co.il\/fr\/wp-json\/wp\/v2\/product_tag?post=15915"}],"curies":[{"name":"wp","href":"https:\/\/api.w.org\/{rel}","templated":true}]}}