
{"id":17782,"date":"2023-03-13T15:27:52","date_gmt":"2023-03-13T13:27:52","guid":{"rendered":"https:\/\/devbee1.glamourshop.co.il.bee1.cloud\/?post_type=product&#038;p=17782"},"modified":"2026-04-03T02:34:19","modified_gmt":"2026-04-02T23:34:19","slug":"wooden-armrest-for-manicure-white","status":"publish","type":"product","link":"https:\/\/glamourshop.co.il\/fr\/produit\/wooden-armrest-for-manicure-white\/","title":{"rendered":"\u05de\u05e9\u05e2\u05e0\u05ea \u05d9\u05d3\u05d9\u05d9\u05dd \u05de\u05e8\u05d5\u05e4\u05d3\u05ea (\u05dc\u05d1\u05e0\u05d4)"},"content":{"rendered":"<p>Accoudoir rembourr\u00e9 avec pieds argent\u00e9s<\/p>\n<p>Le dossier pr\u00e9vient les douleurs au dos et au cou, et facilite grandement le travail de la manucure.<\/p>\n<p>Le coussin du dossier est recouvert d'un rev\u00eatement en plastique imitation cuir, qui peut \u00eatre nettoy\u00e9 rapidement \u00e0 l'aide d'une lingette humide.<\/p>\n<p>Convient \u00e0 toutes les lampes de s\u00e9chage.<\/p>","protected":false},"excerpt":{"rendered":"<p>Accoudoir rembourr\u00e9 avec pieds argent\u00e9s<\/p>\n<p>Le dossier pr\u00e9vient les douleurs au dos et au cou, et facilite grandement le travail de la manucure.<\/p>\n<p>Le coussin du dossier est recouvert d'un rev\u00eatement en plastique imitation cuir, qui peut \u00eatre nettoy\u00e9 rapidement \u00e0 l'aide d'une lingette humide.<\/p>\n<p>Convient \u00e0 toutes les lampes de s\u00e9chage.<\/p>","protected":false},"featured_media":21382,"comment_status":"open","ping_status":"closed","template":"","meta":{"_uag_custom_page_level_css":""},"product_brand":[],"product_cat":[835,674],"product_tag":[542],"class_list":{"0":"post-17782","1":"product","2":"type-product","3":"status-publish","4":"has-post-thumbnail","6":"product_cat-835","7":"product_cat-elevating-armrests","8":"product_tag-manicure-backrest","9":"desktop","11":"first","12":"instock","13":"sale","14":"shipping-taxable","15":"purchasable","16":"product-type-simple"},"acf":[],"yoast_head":"<!-- This site is optimized with the Yoast SEO plugin v26.0 - https:\/\/yoast.com\/wordpress\/plugins\/seo\/ -->\n<title>\u05de\u05e9\u05e2\u05e0\u05ea \u05d9\u05d3\u05d9\u05d9\u05dd \u05de\u05e8\u05d5\u05e4\u05d3\u05ea (\u05dc\u05d1\u05e0\u05d4) | \u05d2\u05dc\u05de\u05d5\u05e8 \u05e9\u05d5\u05e4<\/title>\n<meta name=\"description\" content=\"\u05de\u05e9\u05e2\u05e0\u05ea \u05d4\u05d2\u05d1\u05d4\u05d4 \u05dc\u05d9\u05d3 \u05de\u05e8\u05d5\u05e4\u05d3\u05ea \u05e2\u05dd \u05e8\u05d2\u05dc\u05d9\u05d5\u05ea \u05db\u05e1\u05d5\u05e4\u05d5\u05ea  \u05d4\u05de\u05e9\u05e2\u05e0\u05ea \u05de\u05d5\u05e0\u05e2\u05ea \u05db\u05d0\u05d1\u05d9 \u05d2\u05d1 \u05d5\u05e6\u05d5\u05d5\u05d0\u05e8, \u05d5\u05de\u05e7\u05dc\u05d4 \u05de\u05d0\u05d5\u05d3 \u05e2\u05dc \u05e2\u05d1\u05d5\u05d3\u05ea \u05d4\u05de\u05e0\u05d9\u05e7\u05d5\u05e8\u05d9\u05e1\u05d8\u05d9\u05ea.  \u05dc\u05db\u05e8\u05d9\u05ea \u05d4\u05de\u05e9\u05e2\u05e0\u05ea \u05e6\u05d9\u05e4\u05d5\u05d9 \u05e4\u05dc\u05e1\u05d8\u05d9 \u05d3\u05de\u05d5\u05d9 \u05e2\u05d5\u05e8, \u05e0\u05d9\u05ea\u05e0\u05ea \u05dc\u05e0\u05d9\u05e7\u05d5\u05d9 \u05de\u05d4\u05d9\u05e8 \u05d1\u05d0\u05de\u05e6\u05e2\u05d5\u05ea \u05de\u05d2\u05d1\u05d5\u05df \u05dc\u05d7.  \u05de\u05ea\u05d0\u05d9\u05de\u05d4 \u05dc\u05db\u05dc \u05de\u05e0\u05d5\u05e8\u05d5\u05ea \u05d4\u05d9\u05d9\u05d1\u05d5\u05e9.\" \/>\n<meta name=\"robots\" content=\"index, follow, max-snippet:-1, max-image-preview:large, max-video-preview:-1\" \/>\n<link rel=\"canonical\" href=\"https:\/\/glamourshop.co.il\/fr\/produit\/wooden-armrest-for-manicure-white\/\" \/>\n<meta property=\"og:locale\" content=\"fr_FR\" \/>\n<meta property=\"og:type\" content=\"article\" \/>\n<meta property=\"og:title\" content=\"\u05de\u05e9\u05e2\u05e0\u05ea \u05d9\u05d3\u05d9\u05d9\u05dd \u05de\u05e8\u05d5\u05e4\u05d3\u05ea (\u05dc\u05d1\u05e0\u05d4) | \u05d2\u05dc\u05de\u05d5\u05e8 \u05e9\u05d5\u05e4\" \/>\n<meta property=\"og:description\" content=\"\u05de\u05e9\u05e2\u05e0\u05ea \u05d4\u05d2\u05d1\u05d4\u05d4 \u05dc\u05d9\u05d3 \u05de\u05e8\u05d5\u05e4\u05d3\u05ea \u05e2\u05dd \u05e8\u05d2\u05dc\u05d9\u05d5\u05ea \u05db\u05e1\u05d5\u05e4\u05d5\u05ea  \u05d4\u05de\u05e9\u05e2\u05e0\u05ea \u05de\u05d5\u05e0\u05e2\u05ea \u05db\u05d0\u05d1\u05d9 \u05d2\u05d1 \u05d5\u05e6\u05d5\u05d5\u05d0\u05e8, \u05d5\u05de\u05e7\u05dc\u05d4 \u05de\u05d0\u05d5\u05d3 \u05e2\u05dc \u05e2\u05d1\u05d5\u05d3\u05ea \u05d4\u05de\u05e0\u05d9\u05e7\u05d5\u05e8\u05d9\u05e1\u05d8\u05d9\u05ea.  \u05dc\u05db\u05e8\u05d9\u05ea \u05d4\u05de\u05e9\u05e2\u05e0\u05ea \u05e6\u05d9\u05e4\u05d5\u05d9 \u05e4\u05dc\u05e1\u05d8\u05d9 \u05d3\u05de\u05d5\u05d9 \u05e2\u05d5\u05e8, \u05e0\u05d9\u05ea\u05e0\u05ea \u05dc\u05e0\u05d9\u05e7\u05d5\u05d9 \u05de\u05d4\u05d9\u05e8 \u05d1\u05d0\u05de\u05e6\u05e2\u05d5\u05ea \u05de\u05d2\u05d1\u05d5\u05df \u05dc\u05d7.  \u05de\u05ea\u05d0\u05d9\u05de\u05d4 \u05dc\u05db\u05dc \u05de\u05e0\u05d5\u05e8\u05d5\u05ea \u05d4\u05d9\u05d9\u05d1\u05d5\u05e9.\" \/>\n<meta property=\"og:url\" content=\"https:\/\/glamourshop.co.il\/fr\/produit\/wooden-armrest-for-manicure-white\/\" \/>\n<meta property=\"og:site_name\" content=\"\u05d2\u05dc\u05de\u05d5\u05e8 \u05e9\u05d5\u05e4\" \/>\n<meta property=\"article:publisher\" content=\"https:\/\/www.facebook.com\/GlamourShopProfessionalNails\" \/>\n<meta property=\"article:modified_time\" content=\"2026-04-02T23:34:19+00:00\" \/>\n<meta property=\"og:image\" content=\"https:\/\/glamourshop.co.il\/wp-content\/uploads\/2023\/08\/\u05de\u05e9\u05e2\u05e0\u05ea-\u05d9\u05d3-\u05de\u05e8\u05d5\u05e4\u05d3\u05ea-\u05dc\u05d1\u05e0\u05d4\u05e8\u05d2\u05dc\u05d9\u05ea-\u05db\u05e1\u05d5\u05e4\u05d4.jpg\" \/>\n\t<meta property=\"og:image:width\" content=\"1350\" \/>\n\t<meta property=\"og:image:height\" content=\"1350\" \/>\n\t<meta property=\"og:image:type\" content=\"image\/jpeg\" \/>\n<meta name=\"twitter:card\" content=\"summary_large_image\" \/>\n<meta name=\"twitter:label1\" content=\"Dur\u00e9e de lecture estim\u00e9e\" \/>\n\t<meta name=\"twitter:data1\" content=\"1 minute\" \/>\n<script type=\"application\/ld+json\" class=\"yoast-schema-graph\">{\"@context\":\"https:\/\/schema.org\",\"@graph\":[{\"@type\":[\"WebPage\",\"ItemPage\"],\"@id\":\"https:\/\/glamourshop.co.il\/product\/wooden-armrest-for-manicure-white\/\",\"url\":\"https:\/\/glamourshop.co.il\/product\/wooden-armrest-for-manicure-white\/\",\"name\":\"\u05de\u05e9\u05e2\u05e0\u05ea \u05d9\u05d3\u05d9\u05d9\u05dd \u05de\u05e8\u05d5\u05e4\u05d3\u05ea (\u05dc\u05d1\u05e0\u05d4) | \u05d2\u05dc\u05de\u05d5\u05e8 \u05e9\u05d5\u05e4\",\"isPartOf\":{\"@id\":\"https:\/\/glamourshop.co.il\/#website\"},\"primaryImageOfPage\":{\"@id\":\"https:\/\/glamourshop.co.il\/product\/wooden-armrest-for-manicure-white\/#primaryimage\"},\"image\":{\"@id\":\"https:\/\/glamourshop.co.il\/product\/wooden-armrest-for-manicure-white\/#primaryimage\"},\"thumbnailUrl\":\"https:\/\/glamourshop.co.il\/wp-content\/uploads\/2023\/08\/\u05de\u05e9\u05e2\u05e0\u05ea-\u05d9\u05d3-\u05de\u05e8\u05d5\u05e4\u05d3\u05ea-\u05dc\u05d1\u05e0\u05d4\u05e8\u05d2\u05dc\u05d9\u05ea-\u05db\u05e1\u05d5\u05e4\u05d4.jpg\",\"datePublished\":\"2023-03-13T13:27:52+00:00\",\"dateModified\":\"2026-04-02T23:34:19+00:00\",\"description\":\"\u05de\u05e9\u05e2\u05e0\u05ea \u05d4\u05d2\u05d1\u05d4\u05d4 \u05dc\u05d9\u05d3 \u05de\u05e8\u05d5\u05e4\u05d3\u05ea \u05e2\u05dd \u05e8\u05d2\u05dc\u05d9\u05d5\u05ea \u05db\u05e1\u05d5\u05e4\u05d5\u05ea \u05d4\u05de\u05e9\u05e2\u05e0\u05ea \u05de\u05d5\u05e0\u05e2\u05ea \u05db\u05d0\u05d1\u05d9 \u05d2\u05d1 \u05d5\u05e6\u05d5\u05d5\u05d0\u05e8, \u05d5\u05de\u05e7\u05dc\u05d4 \u05de\u05d0\u05d5\u05d3 \u05e2\u05dc \u05e2\u05d1\u05d5\u05d3\u05ea \u05d4\u05de\u05e0\u05d9\u05e7\u05d5\u05e8\u05d9\u05e1\u05d8\u05d9\u05ea. \u05dc\u05db\u05e8\u05d9\u05ea \u05d4\u05de\u05e9\u05e2\u05e0\u05ea \u05e6\u05d9\u05e4\u05d5\u05d9 \u05e4\u05dc\u05e1\u05d8\u05d9 \u05d3\u05de\u05d5\u05d9 \u05e2\u05d5\u05e8, \u05e0\u05d9\u05ea\u05e0\u05ea \u05dc\u05e0\u05d9\u05e7\u05d5\u05d9 \u05de\u05d4\u05d9\u05e8 \u05d1\u05d0\u05de\u05e6\u05e2\u05d5\u05ea \u05de\u05d2\u05d1\u05d5\u05df \u05dc\u05d7. \u05de\u05ea\u05d0\u05d9\u05de\u05d4 \u05dc\u05db\u05dc \u05de\u05e0\u05d5\u05e8\u05d5\u05ea \u05d4\u05d9\u05d9\u05d1\u05d5\u05e9.\",\"breadcrumb\":{\"@id\":\"https:\/\/glamourshop.co.il\/product\/wooden-armrest-for-manicure-white\/#breadcrumb\"},\"inLanguage\":\"fr-FR\",\"potentialAction\":[{\"@type\":\"ReadAction\",\"target\":[\"https:\/\/glamourshop.co.il\/product\/wooden-armrest-for-manicure-white\/\"]}]},{\"@type\":\"ImageObject\",\"inLanguage\":\"fr-FR\",\"@id\":\"https:\/\/glamourshop.co.il\/product\/wooden-armrest-for-manicure-white\/#primaryimage\",\"url\":\"https:\/\/glamourshop.co.il\/wp-content\/uploads\/2023\/08\/\u05de\u05e9\u05e2\u05e0\u05ea-\u05d9\u05d3-\u05de\u05e8\u05d5\u05e4\u05d3\u05ea-\u05dc\u05d1\u05e0\u05d4\u05e8\u05d2\u05dc\u05d9\u05ea-\u05db\u05e1\u05d5\u05e4\u05d4.jpg\",\"contentUrl\":\"https:\/\/glamourshop.co.il\/wp-content\/uploads\/2023\/08\/\u05de\u05e9\u05e2\u05e0\u05ea-\u05d9\u05d3-\u05de\u05e8\u05d5\u05e4\u05d3\u05ea-\u05dc\u05d1\u05e0\u05d4\u05e8\u05d2\u05dc\u05d9\u05ea-\u05db\u05e1\u05d5\u05e4\u05d4.jpg\",\"width\":1350,\"height\":1350,\"caption\":\"\u05d9\u05d3 \u05de\u05e8\u05d5\u05e4\u05d3\u05ea \u05dc\u05d1\u05e0\u05d4\u05e8\u05d2\u05dc\u05d9\u05ea \u05db\u05e1\u05d5\u05e4\u05d4\"},{\"@type\":\"BreadcrumbList\",\"@id\":\"https:\/\/glamourshop.co.il\/product\/wooden-armrest-for-manicure-white\/#breadcrumb\",\"itemListElement\":[{\"@type\":\"ListItem\",\"position\":1,\"name\":\"\u05d3\u05e3 \u05d4\u05d1\u05d9\u05ea\",\"item\":\"https:\/\/glamourshop.co.il\/\"},{\"@type\":\"ListItem\",\"position\":2,\"name\":\"\u05de\u05d5\u05e6\u05e8\u05d9\u05dd\",\"item\":\"https:\/\/glamourshop.co.il\/shop\/\"},{\"@type\":\"ListItem\",\"position\":3,\"name\":\"\u05de\u05e9\u05e2\u05e0\u05ea \u05d9\u05d3\u05d9\u05d9\u05dd \u05de\u05e8\u05d5\u05e4\u05d3\u05ea (\u05dc\u05d1\u05e0\u05d4)\"}]},{\"@type\":\"WebSite\",\"@id\":\"https:\/\/glamourshop.co.il\/#website\",\"url\":\"https:\/\/glamourshop.co.il\/\",\"name\":\"\u05d2\u05dc\u05de\u05d5\u05e8 \u05e9\u05d5\u05e4\",\"description\":\"\u201c\u05d2\u05dc\u05de\u05d5\u05e8\u201d \u05d4\u05d9\u05e0\u05d5 \u05de\u05d5\u05ea\u05d2 \u05d9\u05e9\u05e8\u05d0\u05dc\u05d9 \u05d4\u05de\u05ea\u05de\u05d7\u05d4 \u05d1\u05d9\u05d9\u05e6\u05d5\u05e8 \u05d5\u05e9\u05d9\u05d5\u05d5\u05e7 \u05de\u05d5\u05e6\u05e8\u05d9 \u05d1\u05e0\u05d9\u05d9\u05ea \u05e6\u05d9\u05e4\u05d5\u05e8\u05e0\u05d9\u05d9\u05dd, \u05dc\u05e7 \u05d2\u2019\u05dc \u05d5\u05e6\u05d9\u05d5\u05d3 \u05dc\u05de\u05e0\u05d9\u05e7\u05d5\u05e8.\",\"publisher\":{\"@id\":\"https:\/\/glamourshop.co.il\/#organization\"},\"potentialAction\":[{\"@type\":\"SearchAction\",\"target\":{\"@type\":\"EntryPoint\",\"urlTemplate\":\"https:\/\/glamourshop.co.il\/?s={search_term_string}\"},\"query-input\":{\"@type\":\"PropertyValueSpecification\",\"valueRequired\":true,\"valueName\":\"search_term_string\"}}],\"inLanguage\":\"fr-FR\"},{\"@type\":\"Organization\",\"@id\":\"https:\/\/glamourshop.co.il\/#organization\",\"name\":\"Glamour Shop\",\"url\":\"https:\/\/glamourshop.co.il\/\",\"logo\":{\"@type\":\"ImageObject\",\"inLanguage\":\"fr-FR\",\"@id\":\"https:\/\/glamourshop.co.il\/#\/schema\/logo\/image\/\",\"url\":\"https:\/\/glamourshop.co.il\/wp-content\/uploads\/2022\/04\/seo-logo.jpg\",\"contentUrl\":\"https:\/\/glamourshop.co.il\/wp-content\/uploads\/2022\/04\/seo-logo.jpg\",\"width\":1080,\"height\":631,\"caption\":\"Glamour Shop\"},\"image\":{\"@id\":\"https:\/\/glamourshop.co.il\/#\/schema\/logo\/image\/\"},\"sameAs\":[\"https:\/\/www.facebook.com\/GlamourShopProfessionalNails\",\"https:\/\/www.instagram.com\/glamour_professional_nails\/\"]}]}<\/script>\n<!-- \/ Yoast SEO plugin. -->","yoast_head_json":{"title":"\u05de\u05e9\u05e2\u05e0\u05ea \u05d9\u05d3\u05d9\u05d9\u05dd \u05de\u05e8\u05d5\u05e4\u05d3\u05ea (\u05dc\u05d1\u05e0\u05d4) | \u05d2\u05dc\u05de\u05d5\u05e8 \u05e9\u05d5\u05e4","description":"\u05de\u05e9\u05e2\u05e0\u05ea \u05d4\u05d2\u05d1\u05d4\u05d4 \u05dc\u05d9\u05d3 \u05de\u05e8\u05d5\u05e4\u05d3\u05ea \u05e2\u05dd \u05e8\u05d2\u05dc\u05d9\u05d5\u05ea \u05db\u05e1\u05d5\u05e4\u05d5\u05ea  \u05d4\u05de\u05e9\u05e2\u05e0\u05ea \u05de\u05d5\u05e0\u05e2\u05ea \u05db\u05d0\u05d1\u05d9 \u05d2\u05d1 \u05d5\u05e6\u05d5\u05d5\u05d0\u05e8, \u05d5\u05de\u05e7\u05dc\u05d4 \u05de\u05d0\u05d5\u05d3 \u05e2\u05dc \u05e2\u05d1\u05d5\u05d3\u05ea \u05d4\u05de\u05e0\u05d9\u05e7\u05d5\u05e8\u05d9\u05e1\u05d8\u05d9\u05ea.  \u05dc\u05db\u05e8\u05d9\u05ea \u05d4\u05de\u05e9\u05e2\u05e0\u05ea \u05e6\u05d9\u05e4\u05d5\u05d9 \u05e4\u05dc\u05e1\u05d8\u05d9 \u05d3\u05de\u05d5\u05d9 \u05e2\u05d5\u05e8, \u05e0\u05d9\u05ea\u05e0\u05ea \u05dc\u05e0\u05d9\u05e7\u05d5\u05d9 \u05de\u05d4\u05d9\u05e8 \u05d1\u05d0\u05de\u05e6\u05e2\u05d5\u05ea \u05de\u05d2\u05d1\u05d5\u05df \u05dc\u05d7.  \u05de\u05ea\u05d0\u05d9\u05de\u05d4 \u05dc\u05db\u05dc \u05de\u05e0\u05d5\u05e8\u05d5\u05ea \u05d4\u05d9\u05d9\u05d1\u05d5\u05e9.","robots":{"index":"index","follow":"follow","max-snippet":"max-snippet:-1","max-image-preview":"max-image-preview:large","max-video-preview":"max-video-preview:-1"},"canonical":"https:\/\/glamourshop.co.il\/fr\/produit\/wooden-armrest-for-manicure-white\/","og_locale":"fr_FR","og_type":"article","og_title":"\u05de\u05e9\u05e2\u05e0\u05ea \u05d9\u05d3\u05d9\u05d9\u05dd \u05de\u05e8\u05d5\u05e4\u05d3\u05ea (\u05dc\u05d1\u05e0\u05d4) | \u05d2\u05dc\u05de\u05d5\u05e8 \u05e9\u05d5\u05e4","og_description":"\u05de\u05e9\u05e2\u05e0\u05ea \u05d4\u05d2\u05d1\u05d4\u05d4 \u05dc\u05d9\u05d3 \u05de\u05e8\u05d5\u05e4\u05d3\u05ea \u05e2\u05dd \u05e8\u05d2\u05dc\u05d9\u05d5\u05ea \u05db\u05e1\u05d5\u05e4\u05d5\u05ea  \u05d4\u05de\u05e9\u05e2\u05e0\u05ea \u05de\u05d5\u05e0\u05e2\u05ea \u05db\u05d0\u05d1\u05d9 \u05d2\u05d1 \u05d5\u05e6\u05d5\u05d5\u05d0\u05e8, \u05d5\u05de\u05e7\u05dc\u05d4 \u05de\u05d0\u05d5\u05d3 \u05e2\u05dc \u05e2\u05d1\u05d5\u05d3\u05ea \u05d4\u05de\u05e0\u05d9\u05e7\u05d5\u05e8\u05d9\u05e1\u05d8\u05d9\u05ea.  \u05dc\u05db\u05e8\u05d9\u05ea \u05d4\u05de\u05e9\u05e2\u05e0\u05ea \u05e6\u05d9\u05e4\u05d5\u05d9 \u05e4\u05dc\u05e1\u05d8\u05d9 \u05d3\u05de\u05d5\u05d9 \u05e2\u05d5\u05e8, \u05e0\u05d9\u05ea\u05e0\u05ea \u05dc\u05e0\u05d9\u05e7\u05d5\u05d9 \u05de\u05d4\u05d9\u05e8 \u05d1\u05d0\u05de\u05e6\u05e2\u05d5\u05ea \u05de\u05d2\u05d1\u05d5\u05df \u05dc\u05d7.  \u05de\u05ea\u05d0\u05d9\u05de\u05d4 \u05dc\u05db\u05dc \u05de\u05e0\u05d5\u05e8\u05d5\u05ea \u05d4\u05d9\u05d9\u05d1\u05d5\u05e9.","og_url":"https:\/\/glamourshop.co.il\/fr\/produit\/wooden-armrest-for-manicure-white\/","og_site_name":"\u05d2\u05dc\u05de\u05d5\u05e8 \u05e9\u05d5\u05e4","article_publisher":"https:\/\/www.facebook.com\/GlamourShopProfessionalNails","article_modified_time":"2026-04-02T23:34:19+00:00","og_image":[{"width":1350,"height":1350,"url":"https:\/\/glamourshop.co.il\/wp-content\/uploads\/2023\/08\/\u05de\u05e9\u05e2\u05e0\u05ea-\u05d9\u05d3-\u05de\u05e8\u05d5\u05e4\u05d3\u05ea-\u05dc\u05d1\u05e0\u05d4\u05e8\u05d2\u05dc\u05d9\u05ea-\u05db\u05e1\u05d5\u05e4\u05d4.jpg","type":"image\/jpeg"}],"twitter_card":"summary_large_image","twitter_misc":{"Dur\u00e9e de lecture estim\u00e9e":"1 minute"},"schema":{"@context":"https:\/\/schema.org","@graph":[{"@type":["WebPage","ItemPage"],"@id":"https:\/\/glamourshop.co.il\/product\/wooden-armrest-for-manicure-white\/","url":"https:\/\/glamourshop.co.il\/product\/wooden-armrest-for-manicure-white\/","name":"\u05de\u05e9\u05e2\u05e0\u05ea \u05d9\u05d3\u05d9\u05d9\u05dd \u05de\u05e8\u05d5\u05e4\u05d3\u05ea (\u05dc\u05d1\u05e0\u05d4) | \u05d2\u05dc\u05de\u05d5\u05e8 \u05e9\u05d5\u05e4","isPartOf":{"@id":"https:\/\/glamourshop.co.il\/#website"},"primaryImageOfPage":{"@id":"https:\/\/glamourshop.co.il\/product\/wooden-armrest-for-manicure-white\/#primaryimage"},"image":{"@id":"https:\/\/glamourshop.co.il\/product\/wooden-armrest-for-manicure-white\/#primaryimage"},"thumbnailUrl":"https:\/\/glamourshop.co.il\/wp-content\/uploads\/2023\/08\/\u05de\u05e9\u05e2\u05e0\u05ea-\u05d9\u05d3-\u05de\u05e8\u05d5\u05e4\u05d3\u05ea-\u05dc\u05d1\u05e0\u05d4\u05e8\u05d2\u05dc\u05d9\u05ea-\u05db\u05e1\u05d5\u05e4\u05d4.jpg","datePublished":"2023-03-13T13:27:52+00:00","dateModified":"2026-04-02T23:34:19+00:00","description":"\u05de\u05e9\u05e2\u05e0\u05ea \u05d4\u05d2\u05d1\u05d4\u05d4 \u05dc\u05d9\u05d3 \u05de\u05e8\u05d5\u05e4\u05d3\u05ea \u05e2\u05dd \u05e8\u05d2\u05dc\u05d9\u05d5\u05ea \u05db\u05e1\u05d5\u05e4\u05d5\u05ea \u05d4\u05de\u05e9\u05e2\u05e0\u05ea \u05de\u05d5\u05e0\u05e2\u05ea \u05db\u05d0\u05d1\u05d9 \u05d2\u05d1 \u05d5\u05e6\u05d5\u05d5\u05d0\u05e8, \u05d5\u05de\u05e7\u05dc\u05d4 \u05de\u05d0\u05d5\u05d3 \u05e2\u05dc \u05e2\u05d1\u05d5\u05d3\u05ea \u05d4\u05de\u05e0\u05d9\u05e7\u05d5\u05e8\u05d9\u05e1\u05d8\u05d9\u05ea. \u05dc\u05db\u05e8\u05d9\u05ea \u05d4\u05de\u05e9\u05e2\u05e0\u05ea \u05e6\u05d9\u05e4\u05d5\u05d9 \u05e4\u05dc\u05e1\u05d8\u05d9 \u05d3\u05de\u05d5\u05d9 \u05e2\u05d5\u05e8, \u05e0\u05d9\u05ea\u05e0\u05ea \u05dc\u05e0\u05d9\u05e7\u05d5\u05d9 \u05de\u05d4\u05d9\u05e8 \u05d1\u05d0\u05de\u05e6\u05e2\u05d5\u05ea \u05de\u05d2\u05d1\u05d5\u05df \u05dc\u05d7. \u05de\u05ea\u05d0\u05d9\u05de\u05d4 \u05dc\u05db\u05dc \u05de\u05e0\u05d5\u05e8\u05d5\u05ea \u05d4\u05d9\u05d9\u05d1\u05d5\u05e9.","breadcrumb":{"@id":"https:\/\/glamourshop.co.il\/product\/wooden-armrest-for-manicure-white\/#breadcrumb"},"inLanguage":"fr-FR","potentialAction":[{"@type":"ReadAction","target":["https:\/\/glamourshop.co.il\/product\/wooden-armrest-for-manicure-white\/"]}]},{"@type":"ImageObject","inLanguage":"fr-FR","@id":"https:\/\/glamourshop.co.il\/product\/wooden-armrest-for-manicure-white\/#primaryimage","url":"https:\/\/glamourshop.co.il\/wp-content\/uploads\/2023\/08\/\u05de\u05e9\u05e2\u05e0\u05ea-\u05d9\u05d3-\u05de\u05e8\u05d5\u05e4\u05d3\u05ea-\u05dc\u05d1\u05e0\u05d4\u05e8\u05d2\u05dc\u05d9\u05ea-\u05db\u05e1\u05d5\u05e4\u05d4.jpg","contentUrl":"https:\/\/glamourshop.co.il\/wp-content\/uploads\/2023\/08\/\u05de\u05e9\u05e2\u05e0\u05ea-\u05d9\u05d3-\u05de\u05e8\u05d5\u05e4\u05d3\u05ea-\u05dc\u05d1\u05e0\u05d4\u05e8\u05d2\u05dc\u05d9\u05ea-\u05db\u05e1\u05d5\u05e4\u05d4.jpg","width":1350,"height":1350,"caption":"\u05d9\u05d3 \u05de\u05e8\u05d5\u05e4\u05d3\u05ea \u05dc\u05d1\u05e0\u05d4\u05e8\u05d2\u05dc\u05d9\u05ea \u05db\u05e1\u05d5\u05e4\u05d4"},{"@type":"BreadcrumbList","@id":"https:\/\/glamourshop.co.il\/product\/wooden-armrest-for-manicure-white\/#breadcrumb","itemListElement":[{"@type":"ListItem","position":1,"name":"\u05d3\u05e3 \u05d4\u05d1\u05d9\u05ea","item":"https:\/\/glamourshop.co.il\/"},{"@type":"ListItem","position":2,"name":"\u05de\u05d5\u05e6\u05e8\u05d9\u05dd","item":"https:\/\/glamourshop.co.il\/shop\/"},{"@type":"ListItem","position":3,"name":"\u05de\u05e9\u05e2\u05e0\u05ea \u05d9\u05d3\u05d9\u05d9\u05dd \u05de\u05e8\u05d5\u05e4\u05d3\u05ea (\u05dc\u05d1\u05e0\u05d4)"}]},{"@type":"WebSite","@id":"https:\/\/glamourshop.co.il\/#website","url":"https:\/\/glamourshop.co.il\/","name":"Galmore Shop","description":"\u201c Galmor \u201d est une marque isra\u00e9lienne sp\u00e9cialis\u00e9e dans la fabrication et la commercialisation de produits pour la construction d'ongles, de vernis gel et d'\u00e9quipements pour manucure.","publisher":{"@id":"https:\/\/glamourshop.co.il\/#organization"},"potentialAction":[{"@type":"SearchAction","target":{"@type":"EntryPoint","urlTemplate":"https:\/\/glamourshop.co.il\/?s={search_term_string}"},"query-input":{"@type":"PropertyValueSpecification","valueRequired":true,"valueName":"search_term_string"}}],"inLanguage":"fr-FR"},{"@type":"Organization","@id":"https:\/\/glamourshop.co.il\/#organization","name":"Boutique Glamour","url":"https:\/\/glamourshop.co.il\/","logo":{"@type":"ImageObject","inLanguage":"fr-FR","@id":"https:\/\/glamourshop.co.il\/#\/schema\/logo\/image\/","url":"https:\/\/glamourshop.co.il\/wp-content\/uploads\/2022\/04\/seo-logo.jpg","contentUrl":"https:\/\/glamourshop.co.il\/wp-content\/uploads\/2022\/04\/seo-logo.jpg","width":1080,"height":631,"caption":"Glamour Shop"},"image":{"@id":"https:\/\/glamourshop.co.il\/#\/schema\/logo\/image\/"},"sameAs":["https:\/\/www.facebook.com\/GlamourShopProfessionalNails","https:\/\/www.instagram.com\/glamour_professional_nails\/"]}]}},"uagb_featured_image_src":{"full":["https:\/\/glamourshop.co.il\/wp-content\/uploads\/2023\/08\/\u05de\u05e9\u05e2\u05e0\u05ea-\u05d9\u05d3-\u05de\u05e8\u05d5\u05e4\u05d3\u05ea-\u05dc\u05d1\u05e0\u05d4\u05e8\u05d2\u05dc\u05d9\u05ea-\u05db\u05e1\u05d5\u05e4\u05d4.jpg",1350,1350,false],"thumbnail":["https:\/\/glamourshop.co.il\/wp-content\/uploads\/2023\/08\/\u05de\u05e9\u05e2\u05e0\u05ea-\u05d9\u05d3-\u05de\u05e8\u05d5\u05e4\u05d3\u05ea-\u05dc\u05d1\u05e0\u05d4\u05e8\u05d2\u05dc\u05d9\u05ea-\u05db\u05e1\u05d5\u05e4\u05d4-300x300.jpg",300,300,true],"medium":["https:\/\/glamourshop.co.il\/wp-content\/uploads\/2023\/08\/\u05de\u05e9\u05e2\u05e0\u05ea-\u05d9\u05d3-\u05de\u05e8\u05d5\u05e4\u05d3\u05ea-\u05dc\u05d1\u05e0\u05d4\u05e8\u05d2\u05dc\u05d9\u05ea-\u05db\u05e1\u05d5\u05e4\u05d4-400x400.jpg",400,400,true],"medium_large":["https:\/\/glamourshop.co.il\/wp-content\/uploads\/2023\/08\/\u05de\u05e9\u05e2\u05e0\u05ea-\u05d9\u05d3-\u05de\u05e8\u05d5\u05e4\u05d3\u05ea-\u05dc\u05d1\u05e0\u05d4\u05e8\u05d2\u05dc\u05d9\u05ea-\u05db\u05e1\u05d5\u05e4\u05d4-768x768.jpg",768,768,true],"large":["https:\/\/glamourshop.co.il\/wp-content\/uploads\/2023\/08\/\u05de\u05e9\u05e2\u05e0\u05ea-\u05d9\u05d3-\u05de\u05e8\u05d5\u05e4\u05d3\u05ea-\u05dc\u05d1\u05e0\u05d4\u05e8\u05d2\u05dc\u05d9\u05ea-\u05db\u05e1\u05d5\u05e4\u05d4-800x800.jpg",800,800,true],"1536x1536":["https:\/\/glamourshop.co.il\/wp-content\/uploads\/2023\/08\/\u05de\u05e9\u05e2\u05e0\u05ea-\u05d9\u05d3-\u05de\u05e8\u05d5\u05e4\u05d3\u05ea-\u05dc\u05d1\u05e0\u05d4\u05e8\u05d2\u05dc\u05d9\u05ea-\u05db\u05e1\u05d5\u05e4\u05d4.jpg",1350,1350,false],"2048x2048":["https:\/\/glamourshop.co.il\/wp-content\/uploads\/2023\/08\/\u05de\u05e9\u05e2\u05e0\u05ea-\u05d9\u05d3-\u05de\u05e8\u05d5\u05e4\u05d3\u05ea-\u05dc\u05d1\u05e0\u05d4\u05e8\u05d2\u05dc\u05d9\u05ea-\u05db\u05e1\u05d5\u05e4\u05d4.jpg",1350,1350,false],"trp-custom-language-flag":["https:\/\/glamourshop.co.il\/wp-content\/uploads\/2023\/08\/\u05de\u05e9\u05e2\u05e0\u05ea-\u05d9\u05d3-\u05de\u05e8\u05d5\u05e4\u05d3\u05ea-\u05dc\u05d1\u05e0\u05d4\u05e8\u05d2\u05dc\u05d9\u05ea-\u05db\u05e1\u05d5\u05e4\u05d4.jpg",12,12,false],"icon":["https:\/\/glamourshop.co.il\/wp-content\/uploads\/2023\/08\/\u05de\u05e9\u05e2\u05e0\u05ea-\u05d9\u05d3-\u05de\u05e8\u05d5\u05e4\u05d3\u05ea-\u05dc\u05d1\u05e0\u05d4\u05e8\u05d2\u05dc\u05d9\u05ea-\u05db\u05e1\u05d5\u05e4\u05d4.jpg",1350,1350,false],"oc-product-thumbnail":["https:\/\/glamourshop.co.il\/wp-content\/uploads\/2023\/08\/\u05de\u05e9\u05e2\u05e0\u05ea-\u05d9\u05d3-\u05de\u05e8\u05d5\u05e4\u05d3\u05ea-\u05dc\u05d1\u05e0\u05d4\u05e8\u05d2\u05dc\u05d9\u05ea-\u05db\u05e1\u05d5\u05e4\u05d4.jpg",149,149,false],"oc-product-single-image":["https:\/\/glamourshop.co.il\/wp-content\/uploads\/2023\/08\/\u05de\u05e9\u05e2\u05e0\u05ea-\u05d9\u05d3-\u05de\u05e8\u05d5\u05e4\u05d3\u05ea-\u05dc\u05d1\u05e0\u05d4\u05e8\u05d2\u05dc\u05d9\u05ea-\u05db\u05e1\u05d5\u05e4\u05d4.jpg",727,727,false],"oc-product-archive-thumbnail":["https:\/\/glamourshop.co.il\/wp-content\/uploads\/2023\/08\/\u05de\u05e9\u05e2\u05e0\u05ea-\u05d9\u05d3-\u05de\u05e8\u05d5\u05e4\u05d3\u05ea-\u05dc\u05d1\u05e0\u05d4\u05e8\u05d2\u05dc\u05d9\u05ea-\u05db\u05e1\u05d5\u05e4\u05d4.jpg",422,422,false],"woocommerce_thumbnail":["https:\/\/glamourshop.co.il\/wp-content\/uploads\/2023\/08\/\u05de\u05e9\u05e2\u05e0\u05ea-\u05d9\u05d3-\u05de\u05e8\u05d5\u05e4\u05d3\u05ea-\u05dc\u05d1\u05e0\u05d4\u05e8\u05d2\u05dc\u05d9\u05ea-\u05db\u05e1\u05d5\u05e4\u05d4-500x500.jpg",500,500,true],"woocommerce_single":["https:\/\/glamourshop.co.il\/wp-content\/uploads\/2023\/08\/\u05de\u05e9\u05e2\u05e0\u05ea-\u05d9\u05d3-\u05de\u05e8\u05d5\u05e4\u05d3\u05ea-\u05dc\u05d1\u05e0\u05d4\u05e8\u05d2\u05dc\u05d9\u05ea-\u05db\u05e1\u05d5\u05e4\u05d4-600x600.jpg",600,600,true],"woocommerce_gallery_thumbnail":["https:\/\/glamourshop.co.il\/wp-content\/uploads\/2023\/08\/\u05de\u05e9\u05e2\u05e0\u05ea-\u05d9\u05d3-\u05de\u05e8\u05d5\u05e4\u05d3\u05ea-\u05dc\u05d1\u05e0\u05d4\u05e8\u05d2\u05dc\u05d9\u05ea-\u05db\u05e1\u05d5\u05e4\u05d4-100x100.jpg",100,100,true]},"uagb_author_info":{"display_name":"","author_link":"https:\/\/glamourshop.co.il\/fr\/author\/"},"uagb_comment_info":0,"uagb_excerpt":"\u05de\u05e9\u05e2\u05e0\u05ea \u05d4\u05d2\u05d1\u05d4\u05d4 \u05dc\u05d9\u05d3 \u05de\u05e8\u05d5\u05e4\u05d3\u05ea \u05e2\u05dd \u05e8\u05d2\u05dc\u05d9\u05d5\u05ea \u05db\u05e1\u05d5\u05e4\u05d5\u05ea \u05d4\u05de\u05e9\u05e2\u05e0\u05ea \u05de\u05d5\u05e0\u05e2\u05ea \u05db\u05d0\u05d1\u05d9 \u05d2\u05d1 \u05d5\u05e6\u05d5\u05d5\u05d0\u05e8, \u05d5\u05de\u05e7\u05dc\u05d4 \u05de\u05d0\u05d5\u05d3 \u05e2\u05dc \u05e2\u05d1\u05d5\u05d3\u05ea \u05d4\u05de\u05e0\u05d9\u05e7\u05d5\u05e8\u05d9\u05e1\u05d8\u05d9\u05ea. \u05dc\u05db\u05e8\u05d9\u05ea \u05d4\u05de\u05e9\u05e2\u05e0\u05ea \u05e6\u05d9\u05e4\u05d5\u05d9 \u05e4\u05dc\u05e1\u05d8\u05d9 \u05d3\u05de\u05d5\u05d9 \u05e2\u05d5\u05e8, \u05e0\u05d9\u05ea\u05e0\u05ea \u05dc\u05e0\u05d9\u05e7\u05d5\u05d9 \u05de\u05d4\u05d9\u05e8 \u05d1\u05d0\u05de\u05e6\u05e2\u05d5\u05ea \u05de\u05d2\u05d1\u05d5\u05df \u05dc\u05d7. \u05de\u05ea\u05d0\u05d9\u05de\u05d4 \u05dc\u05db\u05dc \u05de\u05e0\u05d5\u05e8\u05d5\u05ea \u05d4\u05d9\u05d9\u05d1\u05d5\u05e9.","_links":{"self":[{"href":"https:\/\/glamourshop.co.il\/fr\/wp-json\/wp\/v2\/product\/17782","targetHints":{"allow":["GET"]}}],"collection":[{"href":"https:\/\/glamourshop.co.il\/fr\/wp-json\/wp\/v2\/product"}],"about":[{"href":"https:\/\/glamourshop.co.il\/fr\/wp-json\/wp\/v2\/types\/product"}],"replies":[{"embeddable":true,"href":"https:\/\/glamourshop.co.il\/fr\/wp-json\/wp\/v2\/comments?post=17782"}],"wp:featuredmedia":[{"embeddable":true,"href":"https:\/\/glamourshop.co.il\/fr\/wp-json\/wp\/v2\/media\/21382"}],"wp:attachment":[{"href":"https:\/\/glamourshop.co.il\/fr\/wp-json\/wp\/v2\/media?parent=17782"}],"wp:term":[{"taxonomy":"product_brand","embeddable":true,"href":"https:\/\/glamourshop.co.il\/fr\/wp-json\/wp\/v2\/product_brand?post=17782"},{"taxonomy":"product_cat","embeddable":true,"href":"https:\/\/glamourshop.co.il\/fr\/wp-json\/wp\/v2\/product_cat?post=17782"},{"taxonomy":"product_tag","embeddable":true,"href":"https:\/\/glamourshop.co.il\/fr\/wp-json\/wp\/v2\/product_tag?post=17782"}],"curies":[{"name":"wp","href":"https:\/\/api.w.org\/{rel}","templated":true}]}}