
{"id":17923,"date":"2023-03-16T16:32:30","date_gmt":"2023-03-16T14:32:30","guid":{"rendered":"https:\/\/devbee1.glamourshop.co.il.bee1.cloud\/?post_type=product&#038;p=17923"},"modified":"2026-04-09T02:34:22","modified_gmt":"2026-04-08T23:34:22","slug":"professional-gel-for-building-50ml-glamour-clear-2","status":"publish","type":"product","link":"https:\/\/glamourshop.co.il\/fr\/produit\/professional-gel-for-building-50ml-glamour-clear-2\/","title":{"rendered":"\u05d2'\u05dc \u05dc\u05d1\u05e0\u05d9\u05d4 \u05de\u05e7\u05e6\u05d5\u05e2\u05d9 50 \u05de&quot;\u05dc &#8211; Glamour | Clear (\u05e1\u05de\u05d9\u05db\u05d5\u05ea \u05d2\u05d5\u05d1\u05d4\u05d4)"},"content":{"rendered":"<p style=\"direction: rtl;\"><strong>\u05d2'\u05dc \u05de\u05e7\u05e6\u05d5\u05e2\u05d9 \u05dc\u05d1\u05e0\u05d9\u05d4 | Clear &#8211; \u05e1\u05de\u05d9\u05db\u05d5\u05ea \u05d2\u05d5\u05d1\u05d4\u05d4<\/strong><\/p>\n<p style=\"direction: rtl;\">De texture lisse et cr\u00e9meuse, stable, avec une capacit\u00e9 d'auto-alignement et une forte adh\u00e9rence.<br \/>\nNotre gel de construction est monophas\u00e9 et ne n\u00e9cessite donc pas de produits pr\u00e9paratoires sp\u00e9ciaux.<\/p>\n<p style=\"direction: rtl;\">\u2714 S\u00e8che sous une lampe <strong>UV\/LED<br \/>\n<\/strong>\u2714 Autoris\u00e9 par le minist\u00e8re de la Sant\u00e9<\/p>\n<p style=\"direction: rtl;\">Contenance 50 ml<\/p>","protected":false},"excerpt":{"rendered":"<p style=\"direction: rtl;\"><strong>\u05d2'\u05dc \u05de\u05e7\u05e6\u05d5\u05e2\u05d9 \u05dc\u05d1\u05e0\u05d9\u05d4 | Clear &#8211; \u05e1\u05de\u05d9\u05db\u05d5\u05ea \u05d2\u05d5\u05d1\u05d4\u05d4<\/strong><\/p>\n<p style=\"direction: rtl;\">Gel de construction professionnel, puissant et de haute qualit\u00e9.<br \/>\nId\u00e9al pour la construction des ongles, sans besoin de limage.<\/p>\n<p style=\"direction: rtl;\">","protected":false},"featured_media":21470,"comment_status":"open","ping_status":"closed","template":"","meta":{"_uag_custom_page_level_css":""},"product_brand":[],"product_cat":[470,838],"product_tag":[],"class_list":{"0":"post-17923","1":"product","2":"type-product","3":"status-publish","4":"has-post-thumbnail","6":"product_cat-professional-gel-for-construction","7":"product_cat-----50---","8":"desktop","10":"first","11":"instock","12":"sale","13":"shipping-taxable","14":"purchasable","15":"product-type-simple"},"acf":[],"yoast_head":"<!-- This site is optimized with the Yoast SEO plugin v26.0 - https:\/\/yoast.com\/wordpress\/plugins\/seo\/ -->\n<title>\u05d2&#039;\u05dc \u05dc\u05d1\u05e0\u05d9\u05d4 \u05de\u05e7\u05e6\u05d5\u05e2\u05d9 50 \u05de&quot;\u05dc - Glamour | Clear (\u05e1\u05de\u05d9\u05db\u05d5\u05ea \u05d2\u05d5\u05d1\u05d4\u05d4) | \u05d2\u05dc\u05de\u05d5\u05e8 \u05e9\u05d5\u05e4<\/title>\n<meta name=\"description\" content=\"\u05d2&#039;\u05dc \u05de\u05e7\u05e6\u05d5\u05e2\u05d9 \u05dc\u05d1\u05e0\u05d9\u05d4 | Clear - \u05e1\u05de\u05d9\u05db\u05d5\u05ea \u05d2\u05d5\u05d1\u05d4\u05d4 \u05d2\u2019\u05dc \u05d1\u05e0\u05d9\u05d9\u05d4 \u05de\u05e7\u05e6\u05d5\u05e2\u05d9, \u05d7\u05d6\u05e7 \u05d5\u05d0\u05d9\u05db\u05d5\u05ea\u05d9. \u05d0\u05d9\u05d3\u05d9\u05d0\u05dc\u05d9 \u05dc\u05d1\u05e0\u05d9\u05d9\u05ea \u05e6\u05d9\u05e4\u05d5\u05e8\u05e0\u05d9\u05d9\u05dd, \u05dc\u05dc\u05d0 \u05e6\u05d5\u05e8\u05da \u05d1\u05e9\u05d9\u05d5\u05e4\u05d9\u05dd.\" \/>\n<meta name=\"robots\" content=\"index, follow, max-snippet:-1, max-image-preview:large, max-video-preview:-1\" \/>\n<link rel=\"canonical\" href=\"https:\/\/glamourshop.co.il\/fr\/produit\/professional-gel-for-building-50ml-glamour-clear-2\/\" \/>\n<meta property=\"og:locale\" content=\"fr_FR\" \/>\n<meta property=\"og:type\" content=\"article\" \/>\n<meta property=\"og:title\" content=\"\u05d2&#039;\u05dc \u05dc\u05d1\u05e0\u05d9\u05d4 \u05de\u05e7\u05e6\u05d5\u05e2\u05d9 50 \u05de&quot;\u05dc - Glamour | Clear (\u05e1\u05de\u05d9\u05db\u05d5\u05ea \u05d2\u05d5\u05d1\u05d4\u05d4) | \u05d2\u05dc\u05de\u05d5\u05e8 \u05e9\u05d5\u05e4\" \/>\n<meta property=\"og:description\" content=\"\u05d2&#039;\u05dc \u05de\u05e7\u05e6\u05d5\u05e2\u05d9 \u05dc\u05d1\u05e0\u05d9\u05d4 | Clear - \u05e1\u05de\u05d9\u05db\u05d5\u05ea \u05d2\u05d5\u05d1\u05d4\u05d4 \u05d2\u2019\u05dc \u05d1\u05e0\u05d9\u05d9\u05d4 \u05de\u05e7\u05e6\u05d5\u05e2\u05d9, \u05d7\u05d6\u05e7 \u05d5\u05d0\u05d9\u05db\u05d5\u05ea\u05d9. \u05d0\u05d9\u05d3\u05d9\u05d0\u05dc\u05d9 \u05dc\u05d1\u05e0\u05d9\u05d9\u05ea \u05e6\u05d9\u05e4\u05d5\u05e8\u05e0\u05d9\u05d9\u05dd, \u05dc\u05dc\u05d0 \u05e6\u05d5\u05e8\u05da \u05d1\u05e9\u05d9\u05d5\u05e4\u05d9\u05dd.\" \/>\n<meta property=\"og:url\" content=\"https:\/\/glamourshop.co.il\/fr\/produit\/professional-gel-for-building-50ml-glamour-clear-2\/\" \/>\n<meta property=\"og:site_name\" content=\"\u05d2\u05dc\u05de\u05d5\u05e8 \u05e9\u05d5\u05e4\" \/>\n<meta property=\"article:publisher\" content=\"https:\/\/www.facebook.com\/GlamourShopProfessionalNails\" \/>\n<meta property=\"article:modified_time\" content=\"2026-04-08T23:34:22+00:00\" \/>\n<meta property=\"og:image\" content=\"https:\/\/glamourshop.co.il\/wp-content\/uploads\/2023\/03\/\u05d2\u05dc-\u05d1\u05e0\u05d9\u05d4-\u05e7\u05dc\u05d9\u05e8-\u05d2\u05dc\u05de\u05d5\u05e8-scaled.jpg\" \/>\n\t<meta property=\"og:image:width\" content=\"1665\" \/>\n\t<meta property=\"og:image:height\" content=\"1665\" \/>\n\t<meta property=\"og:image:type\" content=\"image\/jpeg\" \/>\n<meta name=\"twitter:card\" content=\"summary_large_image\" \/>\n<meta name=\"twitter:label1\" content=\"Dur\u00e9e de lecture estim\u00e9e\" \/>\n\t<meta name=\"twitter:data1\" content=\"1 minute\" \/>\n<script type=\"application\/ld+json\" class=\"yoast-schema-graph\">{\"@context\":\"https:\/\/schema.org\",\"@graph\":[{\"@type\":[\"WebPage\",\"ItemPage\"],\"@id\":\"https:\/\/glamourshop.co.il\/product\/professional-gel-for-building-50ml-glamour-clear-2\/\",\"url\":\"https:\/\/glamourshop.co.il\/product\/professional-gel-for-building-50ml-glamour-clear-2\/\",\"name\":\"\u05d2'\u05dc \u05dc\u05d1\u05e0\u05d9\u05d4 \u05de\u05e7\u05e6\u05d5\u05e2\u05d9 50 \u05de\\\"\u05dc - Glamour | Clear (\u05e1\u05de\u05d9\u05db\u05d5\u05ea \u05d2\u05d5\u05d1\u05d4\u05d4) | \u05d2\u05dc\u05de\u05d5\u05e8 \u05e9\u05d5\u05e4\",\"isPartOf\":{\"@id\":\"https:\/\/glamourshop.co.il\/#website\"},\"primaryImageOfPage\":{\"@id\":\"https:\/\/glamourshop.co.il\/product\/professional-gel-for-building-50ml-glamour-clear-2\/#primaryimage\"},\"image\":{\"@id\":\"https:\/\/glamourshop.co.il\/product\/professional-gel-for-building-50ml-glamour-clear-2\/#primaryimage\"},\"thumbnailUrl\":\"https:\/\/glamourshop.co.il\/wp-content\/uploads\/2023\/03\/\u05d2\u05dc-\u05d1\u05e0\u05d9\u05d4-\u05e7\u05dc\u05d9\u05e8-\u05d2\u05dc\u05de\u05d5\u05e8-scaled.jpg\",\"datePublished\":\"2023-03-16T14:32:30+00:00\",\"dateModified\":\"2026-04-08T23:34:22+00:00\",\"description\":\"\u05d2'\u05dc \u05de\u05e7\u05e6\u05d5\u05e2\u05d9 \u05dc\u05d1\u05e0\u05d9\u05d4 | Clear - \u05e1\u05de\u05d9\u05db\u05d5\u05ea \u05d2\u05d5\u05d1\u05d4\u05d4 \u05d2\u2019\u05dc \u05d1\u05e0\u05d9\u05d9\u05d4 \u05de\u05e7\u05e6\u05d5\u05e2\u05d9, \u05d7\u05d6\u05e7 \u05d5\u05d0\u05d9\u05db\u05d5\u05ea\u05d9. \u05d0\u05d9\u05d3\u05d9\u05d0\u05dc\u05d9 \u05dc\u05d1\u05e0\u05d9\u05d9\u05ea \u05e6\u05d9\u05e4\u05d5\u05e8\u05e0\u05d9\u05d9\u05dd, \u05dc\u05dc\u05d0 \u05e6\u05d5\u05e8\u05da \u05d1\u05e9\u05d9\u05d5\u05e4\u05d9\u05dd.\",\"breadcrumb\":{\"@id\":\"https:\/\/glamourshop.co.il\/product\/professional-gel-for-building-50ml-glamour-clear-2\/#breadcrumb\"},\"inLanguage\":\"fr-FR\",\"potentialAction\":[{\"@type\":\"ReadAction\",\"target\":[\"https:\/\/glamourshop.co.il\/product\/professional-gel-for-building-50ml-glamour-clear-2\/\"]}]},{\"@type\":\"ImageObject\",\"inLanguage\":\"fr-FR\",\"@id\":\"https:\/\/glamourshop.co.il\/product\/professional-gel-for-building-50ml-glamour-clear-2\/#primaryimage\",\"url\":\"https:\/\/glamourshop.co.il\/wp-content\/uploads\/2023\/03\/\u05d2\u05dc-\u05d1\u05e0\u05d9\u05d4-\u05e7\u05dc\u05d9\u05e8-\u05d2\u05dc\u05de\u05d5\u05e8-scaled.jpg\",\"contentUrl\":\"https:\/\/glamourshop.co.il\/wp-content\/uploads\/2023\/03\/\u05d2\u05dc-\u05d1\u05e0\u05d9\u05d4-\u05e7\u05dc\u05d9\u05e8-\u05d2\u05dc\u05de\u05d5\u05e8-scaled.jpg\",\"width\":1665,\"height\":1665,\"caption\":\"\u05d1\u05e0\u05d9\u05d4 \u05e7\u05dc\u05d9\u05e8 \u05d2\u05dc\u05de\u05d5\u05e8 scaled\"},{\"@type\":\"BreadcrumbList\",\"@id\":\"https:\/\/glamourshop.co.il\/product\/professional-gel-for-building-50ml-glamour-clear-2\/#breadcrumb\",\"itemListElement\":[{\"@type\":\"ListItem\",\"position\":1,\"name\":\"\u05d3\u05e3 \u05d4\u05d1\u05d9\u05ea\",\"item\":\"https:\/\/glamourshop.co.il\/\"},{\"@type\":\"ListItem\",\"position\":2,\"name\":\"\u05de\u05d5\u05e6\u05e8\u05d9\u05dd\",\"item\":\"https:\/\/glamourshop.co.il\/shop\/\"},{\"@type\":\"ListItem\",\"position\":3,\"name\":\"\u05d2'\u05dc \u05dc\u05d1\u05e0\u05d9\u05d4 \u05de\u05e7\u05e6\u05d5\u05e2\u05d9 50 \u05de&quot;\u05dc &#8211; Glamour | Clear (\u05e1\u05de\u05d9\u05db\u05d5\u05ea \u05d2\u05d5\u05d1\u05d4\u05d4)\"}]},{\"@type\":\"WebSite\",\"@id\":\"https:\/\/glamourshop.co.il\/#website\",\"url\":\"https:\/\/glamourshop.co.il\/\",\"name\":\"\u05d2\u05dc\u05de\u05d5\u05e8 \u05e9\u05d5\u05e4\",\"description\":\"\u201c\u05d2\u05dc\u05de\u05d5\u05e8\u201d \u05d4\u05d9\u05e0\u05d5 \u05de\u05d5\u05ea\u05d2 \u05d9\u05e9\u05e8\u05d0\u05dc\u05d9 \u05d4\u05de\u05ea\u05de\u05d7\u05d4 \u05d1\u05d9\u05d9\u05e6\u05d5\u05e8 \u05d5\u05e9\u05d9\u05d5\u05d5\u05e7 \u05de\u05d5\u05e6\u05e8\u05d9 \u05d1\u05e0\u05d9\u05d9\u05ea \u05e6\u05d9\u05e4\u05d5\u05e8\u05e0\u05d9\u05d9\u05dd, \u05dc\u05e7 \u05d2\u2019\u05dc \u05d5\u05e6\u05d9\u05d5\u05d3 \u05dc\u05de\u05e0\u05d9\u05e7\u05d5\u05e8.\",\"publisher\":{\"@id\":\"https:\/\/glamourshop.co.il\/#organization\"},\"potentialAction\":[{\"@type\":\"SearchAction\",\"target\":{\"@type\":\"EntryPoint\",\"urlTemplate\":\"https:\/\/glamourshop.co.il\/?s={search_term_string}\"},\"query-input\":{\"@type\":\"PropertyValueSpecification\",\"valueRequired\":true,\"valueName\":\"search_term_string\"}}],\"inLanguage\":\"fr-FR\"},{\"@type\":\"Organization\",\"@id\":\"https:\/\/glamourshop.co.il\/#organization\",\"name\":\"Glamour Shop\",\"url\":\"https:\/\/glamourshop.co.il\/\",\"logo\":{\"@type\":\"ImageObject\",\"inLanguage\":\"fr-FR\",\"@id\":\"https:\/\/glamourshop.co.il\/#\/schema\/logo\/image\/\",\"url\":\"https:\/\/glamourshop.co.il\/wp-content\/uploads\/2022\/04\/seo-logo.jpg\",\"contentUrl\":\"https:\/\/glamourshop.co.il\/wp-content\/uploads\/2022\/04\/seo-logo.jpg\",\"width\":1080,\"height\":631,\"caption\":\"Glamour Shop\"},\"image\":{\"@id\":\"https:\/\/glamourshop.co.il\/#\/schema\/logo\/image\/\"},\"sameAs\":[\"https:\/\/www.facebook.com\/GlamourShopProfessionalNails\",\"https:\/\/www.instagram.com\/glamour_professional_nails\/\"]}]}<\/script>\n<!-- \/ Yoast SEO plugin. -->","yoast_head_json":{"title":"\u05d2'\u05dc \u05dc\u05d1\u05e0\u05d9\u05d4 \u05de\u05e7\u05e6\u05d5\u05e2\u05d9 50 \u05de\"\u05dc - Glamour | Clear (\u05e1\u05de\u05d9\u05db\u05d5\u05ea \u05d2\u05d5\u05d1\u05d4\u05d4) | \u05d2\u05dc\u05de\u05d5\u05e8 \u05e9\u05d5\u05e4","description":"\u05d2'\u05dc \u05de\u05e7\u05e6\u05d5\u05e2\u05d9 \u05dc\u05d1\u05e0\u05d9\u05d4 | Clear - \u05e1\u05de\u05d9\u05db\u05d5\u05ea \u05d2\u05d5\u05d1\u05d4\u05d4 \u05d2\u2019\u05dc \u05d1\u05e0\u05d9\u05d9\u05d4 \u05de\u05e7\u05e6\u05d5\u05e2\u05d9, \u05d7\u05d6\u05e7 \u05d5\u05d0\u05d9\u05db\u05d5\u05ea\u05d9. \u05d0\u05d9\u05d3\u05d9\u05d0\u05dc\u05d9 \u05dc\u05d1\u05e0\u05d9\u05d9\u05ea \u05e6\u05d9\u05e4\u05d5\u05e8\u05e0\u05d9\u05d9\u05dd, \u05dc\u05dc\u05d0 \u05e6\u05d5\u05e8\u05da \u05d1\u05e9\u05d9\u05d5\u05e4\u05d9\u05dd.","robots":{"index":"index","follow":"follow","max-snippet":"max-snippet:-1","max-image-preview":"max-image-preview:large","max-video-preview":"max-video-preview:-1"},"canonical":"https:\/\/glamourshop.co.il\/fr\/produit\/professional-gel-for-building-50ml-glamour-clear-2\/","og_locale":"fr_FR","og_type":"article","og_title":"\u05d2'\u05dc \u05dc\u05d1\u05e0\u05d9\u05d4 \u05de\u05e7\u05e6\u05d5\u05e2\u05d9 50 \u05de\"\u05dc - Glamour | Clear (\u05e1\u05de\u05d9\u05db\u05d5\u05ea \u05d2\u05d5\u05d1\u05d4\u05d4) | \u05d2\u05dc\u05de\u05d5\u05e8 \u05e9\u05d5\u05e4","og_description":"\u05d2'\u05dc \u05de\u05e7\u05e6\u05d5\u05e2\u05d9 \u05dc\u05d1\u05e0\u05d9\u05d4 | Clear - \u05e1\u05de\u05d9\u05db\u05d5\u05ea \u05d2\u05d5\u05d1\u05d4\u05d4 \u05d2\u2019\u05dc \u05d1\u05e0\u05d9\u05d9\u05d4 \u05de\u05e7\u05e6\u05d5\u05e2\u05d9, \u05d7\u05d6\u05e7 \u05d5\u05d0\u05d9\u05db\u05d5\u05ea\u05d9. \u05d0\u05d9\u05d3\u05d9\u05d0\u05dc\u05d9 \u05dc\u05d1\u05e0\u05d9\u05d9\u05ea \u05e6\u05d9\u05e4\u05d5\u05e8\u05e0\u05d9\u05d9\u05dd, \u05dc\u05dc\u05d0 \u05e6\u05d5\u05e8\u05da \u05d1\u05e9\u05d9\u05d5\u05e4\u05d9\u05dd.","og_url":"https:\/\/glamourshop.co.il\/fr\/produit\/professional-gel-for-building-50ml-glamour-clear-2\/","og_site_name":"\u05d2\u05dc\u05de\u05d5\u05e8 \u05e9\u05d5\u05e4","article_publisher":"https:\/\/www.facebook.com\/GlamourShopProfessionalNails","article_modified_time":"2026-04-08T23:34:22+00:00","og_image":[{"width":1665,"height":1665,"url":"https:\/\/glamourshop.co.il\/wp-content\/uploads\/2023\/03\/\u05d2\u05dc-\u05d1\u05e0\u05d9\u05d4-\u05e7\u05dc\u05d9\u05e8-\u05d2\u05dc\u05de\u05d5\u05e8-scaled.jpg","type":"image\/jpeg"}],"twitter_card":"summary_large_image","twitter_misc":{"Dur\u00e9e de lecture estim\u00e9e":"1 minute"},"schema":{"@context":"https:\/\/schema.org","@graph":[{"@type":["WebPage","ItemPage"],"@id":"https:\/\/glamourshop.co.il\/product\/professional-gel-for-building-50ml-glamour-clear-2\/","url":"https:\/\/glamourshop.co.il\/product\/professional-gel-for-building-50ml-glamour-clear-2\/","name":"\u05d2'\u05dc \u05dc\u05d1\u05e0\u05d9\u05d4 \u05de\u05e7\u05e6\u05d5\u05e2\u05d9 50 \u05de\"\u05dc - Glamour | Clear (\u05e1\u05de\u05d9\u05db\u05d5\u05ea \u05d2\u05d5\u05d1\u05d4\u05d4) | \u05d2\u05dc\u05de\u05d5\u05e8 \u05e9\u05d5\u05e4","isPartOf":{"@id":"https:\/\/glamourshop.co.il\/#website"},"primaryImageOfPage":{"@id":"https:\/\/glamourshop.co.il\/product\/professional-gel-for-building-50ml-glamour-clear-2\/#primaryimage"},"image":{"@id":"https:\/\/glamourshop.co.il\/product\/professional-gel-for-building-50ml-glamour-clear-2\/#primaryimage"},"thumbnailUrl":"https:\/\/glamourshop.co.il\/wp-content\/uploads\/2023\/03\/\u05d2\u05dc-\u05d1\u05e0\u05d9\u05d4-\u05e7\u05dc\u05d9\u05e8-\u05d2\u05dc\u05de\u05d5\u05e8-scaled.jpg","datePublished":"2023-03-16T14:32:30+00:00","dateModified":"2026-04-08T23:34:22+00:00","description":"\u05d2'\u05dc \u05de\u05e7\u05e6\u05d5\u05e2\u05d9 \u05dc\u05d1\u05e0\u05d9\u05d4 | Clear - \u05e1\u05de\u05d9\u05db\u05d5\u05ea \u05d2\u05d5\u05d1\u05d4\u05d4 \u05d2\u2019\u05dc \u05d1\u05e0\u05d9\u05d9\u05d4 \u05de\u05e7\u05e6\u05d5\u05e2\u05d9, \u05d7\u05d6\u05e7 \u05d5\u05d0\u05d9\u05db\u05d5\u05ea\u05d9. \u05d0\u05d9\u05d3\u05d9\u05d0\u05dc\u05d9 \u05dc\u05d1\u05e0\u05d9\u05d9\u05ea \u05e6\u05d9\u05e4\u05d5\u05e8\u05e0\u05d9\u05d9\u05dd, \u05dc\u05dc\u05d0 \u05e6\u05d5\u05e8\u05da \u05d1\u05e9\u05d9\u05d5\u05e4\u05d9\u05dd.","breadcrumb":{"@id":"https:\/\/glamourshop.co.il\/product\/professional-gel-for-building-50ml-glamour-clear-2\/#breadcrumb"},"inLanguage":"fr-FR","potentialAction":[{"@type":"ReadAction","target":["https:\/\/glamourshop.co.il\/product\/professional-gel-for-building-50ml-glamour-clear-2\/"]}]},{"@type":"ImageObject","inLanguage":"fr-FR","@id":"https:\/\/glamourshop.co.il\/product\/professional-gel-for-building-50ml-glamour-clear-2\/#primaryimage","url":"https:\/\/glamourshop.co.il\/wp-content\/uploads\/2023\/03\/\u05d2\u05dc-\u05d1\u05e0\u05d9\u05d4-\u05e7\u05dc\u05d9\u05e8-\u05d2\u05dc\u05de\u05d5\u05e8-scaled.jpg","contentUrl":"https:\/\/glamourshop.co.il\/wp-content\/uploads\/2023\/03\/\u05d2\u05dc-\u05d1\u05e0\u05d9\u05d4-\u05e7\u05dc\u05d9\u05e8-\u05d2\u05dc\u05de\u05d5\u05e8-scaled.jpg","width":1665,"height":1665,"caption":"\u05d1\u05e0\u05d9\u05d4 \u05e7\u05dc\u05d9\u05e8 \u05d2\u05dc\u05de\u05d5\u05e8 scaled"},{"@type":"BreadcrumbList","@id":"https:\/\/glamourshop.co.il\/product\/professional-gel-for-building-50ml-glamour-clear-2\/#breadcrumb","itemListElement":[{"@type":"ListItem","position":1,"name":"\u05d3\u05e3 \u05d4\u05d1\u05d9\u05ea","item":"https:\/\/glamourshop.co.il\/"},{"@type":"ListItem","position":2,"name":"\u05de\u05d5\u05e6\u05e8\u05d9\u05dd","item":"https:\/\/glamourshop.co.il\/shop\/"},{"@type":"ListItem","position":3,"name":"\u05d2'\u05dc \u05dc\u05d1\u05e0\u05d9\u05d4 \u05de\u05e7\u05e6\u05d5\u05e2\u05d9 50 \u05de&quot;\u05dc &#8211; Glamour | Clear (\u05e1\u05de\u05d9\u05db\u05d5\u05ea \u05d2\u05d5\u05d1\u05d4\u05d4)"}]},{"@type":"WebSite","@id":"https:\/\/glamourshop.co.il\/#website","url":"https:\/\/glamourshop.co.il\/","name":"Galmore Shop","description":"\u201c Galmor \u201d est une marque isra\u00e9lienne sp\u00e9cialis\u00e9e dans la fabrication et la commercialisation de produits pour la construction d'ongles, de vernis gel et d'\u00e9quipements pour manucure.","publisher":{"@id":"https:\/\/glamourshop.co.il\/#organization"},"potentialAction":[{"@type":"SearchAction","target":{"@type":"EntryPoint","urlTemplate":"https:\/\/glamourshop.co.il\/?s={search_term_string}"},"query-input":{"@type":"PropertyValueSpecification","valueRequired":true,"valueName":"search_term_string"}}],"inLanguage":"fr-FR"},{"@type":"Organization","@id":"https:\/\/glamourshop.co.il\/#organization","name":"Boutique Glamour","url":"https:\/\/glamourshop.co.il\/","logo":{"@type":"ImageObject","inLanguage":"fr-FR","@id":"https:\/\/glamourshop.co.il\/#\/schema\/logo\/image\/","url":"https:\/\/glamourshop.co.il\/wp-content\/uploads\/2022\/04\/seo-logo.jpg","contentUrl":"https:\/\/glamourshop.co.il\/wp-content\/uploads\/2022\/04\/seo-logo.jpg","width":1080,"height":631,"caption":"Glamour Shop"},"image":{"@id":"https:\/\/glamourshop.co.il\/#\/schema\/logo\/image\/"},"sameAs":["https:\/\/www.facebook.com\/GlamourShopProfessionalNails","https:\/\/www.instagram.com\/glamour_professional_nails\/"]}]}},"uagb_featured_image_src":{"full":["https:\/\/glamourshop.co.il\/wp-content\/uploads\/2023\/03\/\u05d2\u05dc-\u05d1\u05e0\u05d9\u05d4-\u05e7\u05dc\u05d9\u05e8-\u05d2\u05dc\u05de\u05d5\u05e8-scaled.jpg",1665,1665,false],"thumbnail":["https:\/\/glamourshop.co.il\/wp-content\/uploads\/2023\/03\/\u05d2\u05dc-\u05d1\u05e0\u05d9\u05d4-\u05e7\u05dc\u05d9\u05e8-\u05d2\u05dc\u05de\u05d5\u05e8-300x300.jpg",300,300,true],"medium":["https:\/\/glamourshop.co.il\/wp-content\/uploads\/2023\/03\/\u05d2\u05dc-\u05d1\u05e0\u05d9\u05d4-\u05e7\u05dc\u05d9\u05e8-\u05d2\u05dc\u05de\u05d5\u05e8-400x400.jpg",400,400,true],"medium_large":["https:\/\/glamourshop.co.il\/wp-content\/uploads\/2023\/03\/\u05d2\u05dc-\u05d1\u05e0\u05d9\u05d4-\u05e7\u05dc\u05d9\u05e8-\u05d2\u05dc\u05de\u05d5\u05e8-768x768.jpg",768,768,true],"large":["https:\/\/glamourshop.co.il\/wp-content\/uploads\/2023\/03\/\u05d2\u05dc-\u05d1\u05e0\u05d9\u05d4-\u05e7\u05dc\u05d9\u05e8-\u05d2\u05dc\u05de\u05d5\u05e8-800x800.jpg",800,800,true],"1536x1536":["https:\/\/glamourshop.co.il\/wp-content\/uploads\/2023\/03\/\u05d2\u05dc-\u05d1\u05e0\u05d9\u05d4-\u05e7\u05dc\u05d9\u05e8-\u05d2\u05dc\u05de\u05d5\u05e8-1536x1536.jpg",1536,1536,true],"2048x2048":["https:\/\/glamourshop.co.il\/wp-content\/uploads\/2023\/03\/\u05d2\u05dc-\u05d1\u05e0\u05d9\u05d4-\u05e7\u05dc\u05d9\u05e8-\u05d2\u05dc\u05de\u05d5\u05e8-2048x2048.jpg",2048,2048,true],"trp-custom-language-flag":["https:\/\/glamourshop.co.il\/wp-content\/uploads\/2023\/03\/\u05d2\u05dc-\u05d1\u05e0\u05d9\u05d4-\u05e7\u05dc\u05d9\u05e8-\u05d2\u05dc\u05de\u05d5\u05e8-scaled.jpg",12,12,false],"icon":["https:\/\/glamourshop.co.il\/wp-content\/uploads\/2023\/03\/\u05d2\u05dc-\u05d1\u05e0\u05d9\u05d4-\u05e7\u05dc\u05d9\u05e8-\u05d2\u05dc\u05de\u05d5\u05e8-scaled.jpg",1665,1665,false],"oc-product-thumbnail":["https:\/\/glamourshop.co.il\/wp-content\/uploads\/2023\/03\/\u05d2\u05dc-\u05d1\u05e0\u05d9\u05d4-\u05e7\u05dc\u05d9\u05e8-\u05d2\u05dc\u05de\u05d5\u05e8-scaled.jpg",149,149,false],"oc-product-single-image":["https:\/\/glamourshop.co.il\/wp-content\/uploads\/2023\/03\/\u05d2\u05dc-\u05d1\u05e0\u05d9\u05d4-\u05e7\u05dc\u05d9\u05e8-\u05d2\u05dc\u05de\u05d5\u05e8-scaled.jpg",727,727,false],"oc-product-archive-thumbnail":["https:\/\/glamourshop.co.il\/wp-content\/uploads\/2023\/03\/\u05d2\u05dc-\u05d1\u05e0\u05d9\u05d4-\u05e7\u05dc\u05d9\u05e8-\u05d2\u05dc\u05de\u05d5\u05e8-scaled.jpg",422,422,false],"woocommerce_thumbnail":["https:\/\/glamourshop.co.il\/wp-content\/uploads\/2023\/03\/\u05d2\u05dc-\u05d1\u05e0\u05d9\u05d4-\u05e7\u05dc\u05d9\u05e8-\u05d2\u05dc\u05de\u05d5\u05e8-scaled-500x500.jpg",500,500,true],"woocommerce_single":["https:\/\/glamourshop.co.il\/wp-content\/uploads\/2023\/03\/\u05d2\u05dc-\u05d1\u05e0\u05d9\u05d4-\u05e7\u05dc\u05d9\u05e8-\u05d2\u05dc\u05de\u05d5\u05e8-scaled-600x600.jpg",600,600,true],"woocommerce_gallery_thumbnail":["https:\/\/glamourshop.co.il\/wp-content\/uploads\/2023\/03\/\u05d2\u05dc-\u05d1\u05e0\u05d9\u05d4-\u05e7\u05dc\u05d9\u05e8-\u05d2\u05dc\u05de\u05d5\u05e8-scaled-100x100.jpg",100,100,true]},"uagb_author_info":{"display_name":"","author_link":"https:\/\/glamourshop.co.il\/fr\/author\/"},"uagb_comment_info":0,"uagb_excerpt":"\u05d2'\u05dc \u05de\u05e7\u05e6\u05d5\u05e2\u05d9 \u05dc\u05d1\u05e0\u05d9\u05d4 | Clear - \u05e1\u05de\u05d9\u05db\u05d5\u05ea \u05d2\u05d5\u05d1\u05d4\u05d4 \u05d2\u2019\u05dc \u05d1\u05e0\u05d9\u05d9\u05d4 \u05de\u05e7\u05e6\u05d5\u05e2\u05d9, \u05d7\u05d6\u05e7 \u05d5\u05d0\u05d9\u05db\u05d5\u05ea\u05d9. \u05d0\u05d9\u05d3\u05d9\u05d0\u05dc\u05d9 \u05dc\u05d1\u05e0\u05d9\u05d9\u05ea \u05e6\u05d9\u05e4\u05d5\u05e8\u05e0\u05d9\u05d9\u05dd, \u05dc\u05dc\u05d0 \u05e6\u05d5\u05e8\u05da \u05d1\u05e9\u05d9\u05d5\u05e4\u05d9\u05dd.","_links":{"self":[{"href":"https:\/\/glamourshop.co.il\/fr\/wp-json\/wp\/v2\/product\/17923","targetHints":{"allow":["GET"]}}],"collection":[{"href":"https:\/\/glamourshop.co.il\/fr\/wp-json\/wp\/v2\/product"}],"about":[{"href":"https:\/\/glamourshop.co.il\/fr\/wp-json\/wp\/v2\/types\/product"}],"replies":[{"embeddable":true,"href":"https:\/\/glamourshop.co.il\/fr\/wp-json\/wp\/v2\/comments?post=17923"}],"wp:featuredmedia":[{"embeddable":true,"href":"https:\/\/glamourshop.co.il\/fr\/wp-json\/wp\/v2\/media\/21470"}],"wp:attachment":[{"href":"https:\/\/glamourshop.co.il\/fr\/wp-json\/wp\/v2\/media?parent=17923"}],"wp:term":[{"taxonomy":"product_brand","embeddable":true,"href":"https:\/\/glamourshop.co.il\/fr\/wp-json\/wp\/v2\/product_brand?post=17923"},{"taxonomy":"product_cat","embeddable":true,"href":"https:\/\/glamourshop.co.il\/fr\/wp-json\/wp\/v2\/product_cat?post=17923"},{"taxonomy":"product_tag","embeddable":true,"href":"https:\/\/glamourshop.co.il\/fr\/wp-json\/wp\/v2\/product_tag?post=17923"}],"curies":[{"name":"wp","href":"https:\/\/api.w.org\/{rel}","templated":true}]}}