
{"id":1821,"date":"2020-10-10T19:00:12","date_gmt":"2020-10-10T16:00:12","guid":{"rendered":"https:\/\/devbee1.glamourshop.co.il.bee1.cloud\/shop\/%d7%90%d7%91%d7%a7%d7%aa-%d7%90%d7%a7%d7%a8%d7%99%d7%9c-85-%d7%92-pink-cover\/"},"modified":"2026-04-10T02:31:13","modified_gmt":"2026-04-09T23:31:13","slug":"acrylic-powder-85g-pink-cover","status":"publish","type":"product","link":"https:\/\/glamourshop.co.il\/fr\/produit\/acrylic-powder-85g-pink-cover\/","title":{"rendered":"Poudre acrylique 85 g (Pink Cover)"},"content":{"rendered":"<p style=\"direction: rtl;text-align: right\">Explication des nuances des poudres :<\/p>\n<ul>\n<li style=\"direction: rtl;text-align: right\">XXX White \u2013 Blanc neige<\/li>\n<li style=\"direction: rtl;text-align: right\">XXX Pink \u2013 rose semi-transparent<\/li>\n<li style=\"direction: rtl;text-align: right\">Pink Core \u2013 Rose transparent<\/li>\n<li style=\"direction: rtl;text-align: right\">Pink Cover \u2013 Rose opaque<\/li>\n<li style=\"direction: rtl;text-align: right\">Clear \u2013 Transparent<\/li>\n<li style=\"direction: rtl;text-align: right\">Peach Cover \u2013 P\u00eache opaque<\/li>\n<li style=\"direction: rtl;text-align: right\">Blush \u2013 Blush d\u00e9licat<\/li>\n<\/ul>","protected":false},"excerpt":{"rendered":"<p style=\"direction: rtl\">Poudre acrylique 85 g de Young Nails.<\/p>\n<p style=\"direction: rtl\">Disponible en plusieurs couleurs :<br \/>\n<a href=\"https:\/\/glamourshop.co.il\/fr\/shop\/acrylic-powder-85g-natural\/\">Naturel<\/a> | <a href=\"https:\/\/glamourshop.co.il\/fr\/shop\/acrylic-powder-85g-xxx-white\/\">XXX Blanc<\/a> | <a href=\"https:\/\/glamourshop.co.il\/fr\/shop\/acrylic-powder-85g-xxx-pink\/\">XXX Rose<\/a> | <a href=\"https:\/\/glamourshop.co.il\/fr\/shop\/acrylic-powder-85g-pink-core\/\">Pink Core<\/a> | <a href=\"https:\/\/glamourshop.co.il\/fr\/shop\/acrylic-powder-85g-pink-cover\/\">Couverture rose<\/a> | <a href=\"https:\/\/glamourshop.co.il\/fr\/shop\/acrylic-powder-85g-clear\/\">Effacer<\/a> | <a href=\"https:\/\/glamourshop.co.il\/fr\/shop\/acrylic-powder-85g-peach-cover\/\">Couverture Peach<\/a> | <a href=\"https:\/\/glamourshop.co.il\/fr\/shop\/acrylic-powder-85g-blash\/\">Blush<\/a><\/p>\n<p style=\"direction: rtl\">","protected":false},"featured_media":22587,"comment_status":"open","ping_status":"closed","template":"","meta":{"_uag_custom_page_level_css":""},"product_brand":[],"product_cat":[101],"product_tag":[66,76,69],"class_list":{"0":"post-1821","1":"product","2":"type-product","3":"status-publish","4":"has-post-thumbnail","6":"product_cat-young-nails","7":"product_tag-acrylic","8":"product_tag-nail-construction","9":"product_tag-young-nails","10":"desktop","12":"first","13":"outofstock","14":"shipping-taxable","15":"purchasable","16":"product-type-simple"},"acf":[],"yoast_head":"<!-- This site is optimized with the Yoast SEO plugin v26.0 - https:\/\/yoast.com\/wordpress\/plugins\/seo\/ -->\n<title>\u05d0\u05d1\u05e7\u05ea \u05d0\u05e7\u05e8\u05d9\u05dc 85 \u05d2&#039; (Pink Cover) | \u05d2\u05dc\u05de\u05d5\u05e8 \u05e9\u05d5\u05e4<\/title>\n<meta name=\"description\" content=\"\u05d0\u05d1\u05e7\u05ea \u05d0\u05e7\u05e8\u05d9\u05dc 85\u05d2&#039; \u05de\u05d1\u05d9\u05ea \u05d9\u05d0\u05e0\u05d2 \u05e0\u05d9\u05d9\u05dc\u05e1. \u05e7\u05d9\u05d9\u05dd \u05d1\u05de\u05e1&#039; \u05d2\u05d5\u05d5\u05e0\u05d9\u05dd: Natural | XXX White | XXX Pink | Pink Core | Pink Cover | Clear | Peach Cover | Blush\" \/>\n<meta name=\"robots\" content=\"index, follow, max-snippet:-1, max-image-preview:large, max-video-preview:-1\" \/>\n<link rel=\"canonical\" href=\"https:\/\/glamourshop.co.il\/fr\/produit\/acrylic-powder-85g-pink-cover\/\" \/>\n<meta property=\"og:locale\" content=\"fr_FR\" \/>\n<meta property=\"og:type\" content=\"article\" \/>\n<meta property=\"og:title\" content=\"\u05d0\u05d1\u05e7\u05ea \u05d0\u05e7\u05e8\u05d9\u05dc 85 \u05d2&#039; (Pink Cover) | \u05d2\u05dc\u05de\u05d5\u05e8 \u05e9\u05d5\u05e4\" \/>\n<meta property=\"og:description\" content=\"\u05d0\u05d1\u05e7\u05ea \u05d0\u05e7\u05e8\u05d9\u05dc 85\u05d2&#039; \u05de\u05d1\u05d9\u05ea \u05d9\u05d0\u05e0\u05d2 \u05e0\u05d9\u05d9\u05dc\u05e1. \u05e7\u05d9\u05d9\u05dd \u05d1\u05de\u05e1&#039; \u05d2\u05d5\u05d5\u05e0\u05d9\u05dd: Natural | XXX White | XXX Pink | Pink Core | Pink Cover | Clear | Peach Cover | Blush\" \/>\n<meta property=\"og:url\" content=\"https:\/\/glamourshop.co.il\/fr\/produit\/acrylic-powder-85g-pink-cover\/\" \/>\n<meta property=\"og:site_name\" content=\"\u05d2\u05dc\u05de\u05d5\u05e8 \u05e9\u05d5\u05e4\" \/>\n<meta property=\"article:publisher\" content=\"https:\/\/www.facebook.com\/GlamourShopProfessionalNails\" \/>\n<meta property=\"article:modified_time\" content=\"2026-04-09T23:31:13+00:00\" \/>\n<meta property=\"og:image\" content=\"https:\/\/glamourshop.co.il\/wp-content\/uploads\/2020\/10\/unnamed-2022-04-18T145508.068.jpg\" \/>\n\t<meta property=\"og:image:width\" content=\"1125\" \/>\n\t<meta property=\"og:image:height\" content=\"1226\" \/>\n\t<meta property=\"og:image:type\" content=\"image\/jpeg\" \/>\n<meta name=\"twitter:card\" content=\"summary_large_image\" \/>\n<meta name=\"twitter:label1\" content=\"Dur\u00e9e de lecture estim\u00e9e\" \/>\n\t<meta name=\"twitter:data1\" content=\"1 minute\" \/>\n<script type=\"application\/ld+json\" class=\"yoast-schema-graph\">{\"@context\":\"https:\/\/schema.org\",\"@graph\":[{\"@type\":[\"WebPage\",\"ItemPage\"],\"@id\":\"https:\/\/glamourshop.co.il\/product\/acrylic-powder-85g-pink-cover\/\",\"url\":\"https:\/\/glamourshop.co.il\/product\/acrylic-powder-85g-pink-cover\/\",\"name\":\"\u05d0\u05d1\u05e7\u05ea \u05d0\u05e7\u05e8\u05d9\u05dc 85 \u05d2' (Pink Cover) | \u05d2\u05dc\u05de\u05d5\u05e8 \u05e9\u05d5\u05e4\",\"isPartOf\":{\"@id\":\"https:\/\/glamourshop.co.il\/#website\"},\"primaryImageOfPage\":{\"@id\":\"https:\/\/glamourshop.co.il\/product\/acrylic-powder-85g-pink-cover\/#primaryimage\"},\"image\":{\"@id\":\"https:\/\/glamourshop.co.il\/product\/acrylic-powder-85g-pink-cover\/#primaryimage\"},\"thumbnailUrl\":\"https:\/\/glamourshop.co.il\/wp-content\/uploads\/2020\/10\/unnamed-2022-04-18T145508.068.jpg\",\"datePublished\":\"2020-10-10T16:00:12+00:00\",\"dateModified\":\"2026-04-09T23:31:13+00:00\",\"description\":\"\u05d0\u05d1\u05e7\u05ea \u05d0\u05e7\u05e8\u05d9\u05dc 85\u05d2' \u05de\u05d1\u05d9\u05ea \u05d9\u05d0\u05e0\u05d2 \u05e0\u05d9\u05d9\u05dc\u05e1. \u05e7\u05d9\u05d9\u05dd \u05d1\u05de\u05e1' \u05d2\u05d5\u05d5\u05e0\u05d9\u05dd: Natural | XXX White | XXX Pink | Pink Core | Pink Cover | Clear | Peach Cover | Blush\",\"breadcrumb\":{\"@id\":\"https:\/\/glamourshop.co.il\/product\/acrylic-powder-85g-pink-cover\/#breadcrumb\"},\"inLanguage\":\"fr-FR\",\"potentialAction\":[{\"@type\":\"ReadAction\",\"target\":[\"https:\/\/glamourshop.co.il\/product\/acrylic-powder-85g-pink-cover\/\"]}]},{\"@type\":\"ImageObject\",\"inLanguage\":\"fr-FR\",\"@id\":\"https:\/\/glamourshop.co.il\/product\/acrylic-powder-85g-pink-cover\/#primaryimage\",\"url\":\"https:\/\/glamourshop.co.il\/wp-content\/uploads\/2020\/10\/unnamed-2022-04-18T145508.068.jpg\",\"contentUrl\":\"https:\/\/glamourshop.co.il\/wp-content\/uploads\/2020\/10\/unnamed-2022-04-18T145508.068.jpg\",\"width\":1125,\"height\":1226,\"caption\":\"\u05d0\u05d1\u05e7\u05ea \u05d0\u05e7\u05e8\u05d9\u05dc 85 \u05d2' (Pink Cover)\"},{\"@type\":\"BreadcrumbList\",\"@id\":\"https:\/\/glamourshop.co.il\/product\/acrylic-powder-85g-pink-cover\/#breadcrumb\",\"itemListElement\":[{\"@type\":\"ListItem\",\"position\":1,\"name\":\"\u05d3\u05e3 \u05d4\u05d1\u05d9\u05ea\",\"item\":\"https:\/\/glamourshop.co.il\/\"},{\"@type\":\"ListItem\",\"position\":2,\"name\":\"\u05de\u05d5\u05e6\u05e8\u05d9\u05dd\",\"item\":\"https:\/\/glamourshop.co.il\/shop\/\"},{\"@type\":\"ListItem\",\"position\":3,\"name\":\"\u05d0\u05d1\u05e7\u05ea \u05d0\u05e7\u05e8\u05d9\u05dc 85 \u05d2' (Pink Cover)\"}]},{\"@type\":\"WebSite\",\"@id\":\"https:\/\/glamourshop.co.il\/#website\",\"url\":\"https:\/\/glamourshop.co.il\/\",\"name\":\"\u05d2\u05dc\u05de\u05d5\u05e8 \u05e9\u05d5\u05e4\",\"description\":\"\u201c\u05d2\u05dc\u05de\u05d5\u05e8\u201d \u05d4\u05d9\u05e0\u05d5 \u05de\u05d5\u05ea\u05d2 \u05d9\u05e9\u05e8\u05d0\u05dc\u05d9 \u05d4\u05de\u05ea\u05de\u05d7\u05d4 \u05d1\u05d9\u05d9\u05e6\u05d5\u05e8 \u05d5\u05e9\u05d9\u05d5\u05d5\u05e7 \u05de\u05d5\u05e6\u05e8\u05d9 \u05d1\u05e0\u05d9\u05d9\u05ea \u05e6\u05d9\u05e4\u05d5\u05e8\u05e0\u05d9\u05d9\u05dd, \u05dc\u05e7 \u05d2\u2019\u05dc \u05d5\u05e6\u05d9\u05d5\u05d3 \u05dc\u05de\u05e0\u05d9\u05e7\u05d5\u05e8.\",\"publisher\":{\"@id\":\"https:\/\/glamourshop.co.il\/#organization\"},\"potentialAction\":[{\"@type\":\"SearchAction\",\"target\":{\"@type\":\"EntryPoint\",\"urlTemplate\":\"https:\/\/glamourshop.co.il\/?s={search_term_string}\"},\"query-input\":{\"@type\":\"PropertyValueSpecification\",\"valueRequired\":true,\"valueName\":\"search_term_string\"}}],\"inLanguage\":\"fr-FR\"},{\"@type\":\"Organization\",\"@id\":\"https:\/\/glamourshop.co.il\/#organization\",\"name\":\"Glamour Shop\",\"url\":\"https:\/\/glamourshop.co.il\/\",\"logo\":{\"@type\":\"ImageObject\",\"inLanguage\":\"fr-FR\",\"@id\":\"https:\/\/glamourshop.co.il\/#\/schema\/logo\/image\/\",\"url\":\"https:\/\/glamourshop.co.il\/wp-content\/uploads\/2022\/04\/seo-logo.jpg\",\"contentUrl\":\"https:\/\/glamourshop.co.il\/wp-content\/uploads\/2022\/04\/seo-logo.jpg\",\"width\":1080,\"height\":631,\"caption\":\"Glamour Shop\"},\"image\":{\"@id\":\"https:\/\/glamourshop.co.il\/#\/schema\/logo\/image\/\"},\"sameAs\":[\"https:\/\/www.facebook.com\/GlamourShopProfessionalNails\",\"https:\/\/www.instagram.com\/glamour_professional_nails\/\"]}]}<\/script>\n<!-- \/ Yoast SEO plugin. -->","yoast_head_json":{"title":"\u05d0\u05d1\u05e7\u05ea \u05d0\u05e7\u05e8\u05d9\u05dc 85 \u05d2' (Pink Cover) | \u05d2\u05dc\u05de\u05d5\u05e8 \u05e9\u05d5\u05e4","description":"\u05d0\u05d1\u05e7\u05ea \u05d0\u05e7\u05e8\u05d9\u05dc 85\u05d2' \u05de\u05d1\u05d9\u05ea \u05d9\u05d0\u05e0\u05d2 \u05e0\u05d9\u05d9\u05dc\u05e1. \u05e7\u05d9\u05d9\u05dd \u05d1\u05de\u05e1' \u05d2\u05d5\u05d5\u05e0\u05d9\u05dd: Natural | XXX White | XXX Pink | Pink Core | Pink Cover | Clear | Peach Cover | Blush","robots":{"index":"index","follow":"follow","max-snippet":"max-snippet:-1","max-image-preview":"max-image-preview:large","max-video-preview":"max-video-preview:-1"},"canonical":"https:\/\/glamourshop.co.il\/fr\/produit\/acrylic-powder-85g-pink-cover\/","og_locale":"fr_FR","og_type":"article","og_title":"\u05d0\u05d1\u05e7\u05ea \u05d0\u05e7\u05e8\u05d9\u05dc 85 \u05d2' (Pink Cover) | \u05d2\u05dc\u05de\u05d5\u05e8 \u05e9\u05d5\u05e4","og_description":"\u05d0\u05d1\u05e7\u05ea \u05d0\u05e7\u05e8\u05d9\u05dc 85\u05d2' \u05de\u05d1\u05d9\u05ea \u05d9\u05d0\u05e0\u05d2 \u05e0\u05d9\u05d9\u05dc\u05e1. \u05e7\u05d9\u05d9\u05dd \u05d1\u05de\u05e1' \u05d2\u05d5\u05d5\u05e0\u05d9\u05dd: Natural | XXX White | XXX Pink | Pink Core | Pink Cover | Clear | Peach Cover | Blush","og_url":"https:\/\/glamourshop.co.il\/fr\/produit\/acrylic-powder-85g-pink-cover\/","og_site_name":"\u05d2\u05dc\u05de\u05d5\u05e8 \u05e9\u05d5\u05e4","article_publisher":"https:\/\/www.facebook.com\/GlamourShopProfessionalNails","article_modified_time":"2026-04-09T23:31:13+00:00","og_image":[{"width":1125,"height":1226,"url":"https:\/\/glamourshop.co.il\/wp-content\/uploads\/2020\/10\/unnamed-2022-04-18T145508.068.jpg","type":"image\/jpeg"}],"twitter_card":"summary_large_image","twitter_misc":{"Dur\u00e9e de lecture estim\u00e9e":"1 minute"},"schema":{"@context":"https:\/\/schema.org","@graph":[{"@type":["WebPage","ItemPage"],"@id":"https:\/\/glamourshop.co.il\/product\/acrylic-powder-85g-pink-cover\/","url":"https:\/\/glamourshop.co.il\/product\/acrylic-powder-85g-pink-cover\/","name":"\u05d0\u05d1\u05e7\u05ea \u05d0\u05e7\u05e8\u05d9\u05dc 85 \u05d2' (Pink Cover) | \u05d2\u05dc\u05de\u05d5\u05e8 \u05e9\u05d5\u05e4","isPartOf":{"@id":"https:\/\/glamourshop.co.il\/#website"},"primaryImageOfPage":{"@id":"https:\/\/glamourshop.co.il\/product\/acrylic-powder-85g-pink-cover\/#primaryimage"},"image":{"@id":"https:\/\/glamourshop.co.il\/product\/acrylic-powder-85g-pink-cover\/#primaryimage"},"thumbnailUrl":"https:\/\/glamourshop.co.il\/wp-content\/uploads\/2020\/10\/unnamed-2022-04-18T145508.068.jpg","datePublished":"2020-10-10T16:00:12+00:00","dateModified":"2026-04-09T23:31:13+00:00","description":"\u05d0\u05d1\u05e7\u05ea \u05d0\u05e7\u05e8\u05d9\u05dc 85\u05d2' \u05de\u05d1\u05d9\u05ea \u05d9\u05d0\u05e0\u05d2 \u05e0\u05d9\u05d9\u05dc\u05e1. \u05e7\u05d9\u05d9\u05dd \u05d1\u05de\u05e1' \u05d2\u05d5\u05d5\u05e0\u05d9\u05dd: Natural | XXX White | XXX Pink | Pink Core | Pink Cover | Clear | Peach Cover | Blush","breadcrumb":{"@id":"https:\/\/glamourshop.co.il\/product\/acrylic-powder-85g-pink-cover\/#breadcrumb"},"inLanguage":"fr-FR","potentialAction":[{"@type":"ReadAction","target":["https:\/\/glamourshop.co.il\/product\/acrylic-powder-85g-pink-cover\/"]}]},{"@type":"ImageObject","inLanguage":"fr-FR","@id":"https:\/\/glamourshop.co.il\/product\/acrylic-powder-85g-pink-cover\/#primaryimage","url":"https:\/\/glamourshop.co.il\/wp-content\/uploads\/2020\/10\/unnamed-2022-04-18T145508.068.jpg","contentUrl":"https:\/\/glamourshop.co.il\/wp-content\/uploads\/2020\/10\/unnamed-2022-04-18T145508.068.jpg","width":1125,"height":1226,"caption":"\u05d0\u05d1\u05e7\u05ea \u05d0\u05e7\u05e8\u05d9\u05dc 85 \u05d2' (Pink Cover)"},{"@type":"BreadcrumbList","@id":"https:\/\/glamourshop.co.il\/product\/acrylic-powder-85g-pink-cover\/#breadcrumb","itemListElement":[{"@type":"ListItem","position":1,"name":"\u05d3\u05e3 \u05d4\u05d1\u05d9\u05ea","item":"https:\/\/glamourshop.co.il\/"},{"@type":"ListItem","position":2,"name":"\u05de\u05d5\u05e6\u05e8\u05d9\u05dd","item":"https:\/\/glamourshop.co.il\/shop\/"},{"@type":"ListItem","position":3,"name":"\u05d0\u05d1\u05e7\u05ea \u05d0\u05e7\u05e8\u05d9\u05dc 85 \u05d2' (Pink Cover)"}]},{"@type":"WebSite","@id":"https:\/\/glamourshop.co.il\/#website","url":"https:\/\/glamourshop.co.il\/","name":"Galmore Shop","description":"\u201c Galmor \u201d est une marque isra\u00e9lienne sp\u00e9cialis\u00e9e dans la fabrication et la commercialisation de produits pour la construction d'ongles, de vernis gel et d'\u00e9quipements pour manucure.","publisher":{"@id":"https:\/\/glamourshop.co.il\/#organization"},"potentialAction":[{"@type":"SearchAction","target":{"@type":"EntryPoint","urlTemplate":"https:\/\/glamourshop.co.il\/?s={search_term_string}"},"query-input":{"@type":"PropertyValueSpecification","valueRequired":true,"valueName":"search_term_string"}}],"inLanguage":"fr-FR"},{"@type":"Organization","@id":"https:\/\/glamourshop.co.il\/#organization","name":"Boutique Glamour","url":"https:\/\/glamourshop.co.il\/","logo":{"@type":"ImageObject","inLanguage":"fr-FR","@id":"https:\/\/glamourshop.co.il\/#\/schema\/logo\/image\/","url":"https:\/\/glamourshop.co.il\/wp-content\/uploads\/2022\/04\/seo-logo.jpg","contentUrl":"https:\/\/glamourshop.co.il\/wp-content\/uploads\/2022\/04\/seo-logo.jpg","width":1080,"height":631,"caption":"Glamour Shop"},"image":{"@id":"https:\/\/glamourshop.co.il\/#\/schema\/logo\/image\/"},"sameAs":["https:\/\/www.facebook.com\/GlamourShopProfessionalNails","https:\/\/www.instagram.com\/glamour_professional_nails\/"]}]}},"uagb_featured_image_src":{"full":["https:\/\/glamourshop.co.il\/wp-content\/uploads\/2020\/10\/unnamed-2022-04-18T145508.068.jpg",1125,1226,false],"thumbnail":["https:\/\/glamourshop.co.il\/wp-content\/uploads\/2020\/10\/unnamed-2022-04-18T145508.068-275x300.jpg",275,300,true],"medium":["https:\/\/glamourshop.co.il\/wp-content\/uploads\/2020\/10\/unnamed-2022-04-18T145508.068-367x400.jpg",367,400,true],"medium_large":["https:\/\/glamourshop.co.il\/wp-content\/uploads\/2020\/10\/unnamed-2022-04-18T145508.068-768x837.jpg",768,837,true],"large":["https:\/\/glamourshop.co.il\/wp-content\/uploads\/2020\/10\/unnamed-2022-04-18T145508.068-734x800.jpg",734,800,true],"1536x1536":["https:\/\/glamourshop.co.il\/wp-content\/uploads\/2020\/10\/unnamed-2022-04-18T145508.068.jpg",1125,1226,false],"2048x2048":["https:\/\/glamourshop.co.il\/wp-content\/uploads\/2020\/10\/unnamed-2022-04-18T145508.068.jpg",1125,1226,false],"trp-custom-language-flag":["https:\/\/glamourshop.co.il\/wp-content\/uploads\/2020\/10\/unnamed-2022-04-18T145508.068.jpg",11,12,false],"icon":["https:\/\/glamourshop.co.il\/wp-content\/uploads\/2020\/10\/unnamed-2022-04-18T145508.068.jpg",1125,1226,false],"oc-product-thumbnail":["https:\/\/glamourshop.co.il\/wp-content\/uploads\/2020\/10\/unnamed-2022-04-18T145508.068.jpg",137,149,false],"oc-product-single-image":["https:\/\/glamourshop.co.il\/wp-content\/uploads\/2020\/10\/unnamed-2022-04-18T145508.068.jpg",727,792,false],"oc-product-archive-thumbnail":["https:\/\/glamourshop.co.il\/wp-content\/uploads\/2020\/10\/unnamed-2022-04-18T145508.068.jpg",387,422,false],"woocommerce_thumbnail":["https:\/\/glamourshop.co.il\/wp-content\/uploads\/2020\/10\/unnamed-2022-04-18T145508.068-500x500.jpg",500,500,true],"woocommerce_single":["https:\/\/glamourshop.co.il\/wp-content\/uploads\/2020\/10\/unnamed-2022-04-18T145508.068-600x654.jpg",600,654,true],"woocommerce_gallery_thumbnail":["https:\/\/glamourshop.co.il\/wp-content\/uploads\/2020\/10\/unnamed-2022-04-18T145508.068-100x100.jpg",100,100,true]},"uagb_author_info":{"display_name":"\u05e0\u05d9\u05e1\u05df \u05de\u05d9\u05db\u05d0\u05dc\u05d5\u05d1","author_link":"https:\/\/glamourshop.co.il\/fr\/author\/"},"uagb_comment_info":0,"uagb_excerpt":"\u05d0\u05d1\u05e7\u05ea \u05d0\u05e7\u05e8\u05d9\u05dc 85\u05d2' \u05de\u05d1\u05d9\u05ea \u05d9\u05d0\u05e0\u05d2 \u05e0\u05d9\u05d9\u05dc\u05e1. \u05e7\u05d9\u05d9\u05dd \u05d1\u05de\u05e1' \u05d2\u05d5\u05d5\u05e0\u05d9\u05dd: Natural | XXX White | XXX Pink | Pink Core | Pink Cover | Clear | Peach Cover | Blush","_links":{"self":[{"href":"https:\/\/glamourshop.co.il\/fr\/wp-json\/wp\/v2\/product\/1821","targetHints":{"allow":["GET"]}}],"collection":[{"href":"https:\/\/glamourshop.co.il\/fr\/wp-json\/wp\/v2\/product"}],"about":[{"href":"https:\/\/glamourshop.co.il\/fr\/wp-json\/wp\/v2\/types\/product"}],"replies":[{"embeddable":true,"href":"https:\/\/glamourshop.co.il\/fr\/wp-json\/wp\/v2\/comments?post=1821"}],"wp:featuredmedia":[{"embeddable":true,"href":"https:\/\/glamourshop.co.il\/fr\/wp-json\/wp\/v2\/media\/22587"}],"wp:attachment":[{"href":"https:\/\/glamourshop.co.il\/fr\/wp-json\/wp\/v2\/media?parent=1821"}],"wp:term":[{"taxonomy":"product_brand","embeddable":true,"href":"https:\/\/glamourshop.co.il\/fr\/wp-json\/wp\/v2\/product_brand?post=1821"},{"taxonomy":"product_cat","embeddable":true,"href":"https:\/\/glamourshop.co.il\/fr\/wp-json\/wp\/v2\/product_cat?post=1821"},{"taxonomy":"product_tag","embeddable":true,"href":"https:\/\/glamourshop.co.il\/fr\/wp-json\/wp\/v2\/product_tag?post=1821"}],"curies":[{"name":"wp","href":"https:\/\/api.w.org\/{rel}","templated":true}]}}