
{"id":18561,"date":"2023-04-18T16:49:38","date_gmt":"2023-04-18T13:49:38","guid":{"rendered":"https:\/\/devbee1.glamourshop.co.il.bee1.cloud\/?post_type=product&#038;p=18561"},"modified":"2026-04-06T02:34:11","modified_gmt":"2026-04-05T23:34:11","slug":"set-6-transparent-acrylic-shelves","status":"publish","type":"product","link":"https:\/\/glamourshop.co.il\/fr\/produit\/set-6-transparent-acrylic-shelves\/","title":{"rendered":"Set de 6 \u00e9tag\u00e8res pour vernis acryliques transparents"},"content":{"rendered":"<p>Ensemble complet de 6 \u00e9tag\u00e8res pour vernis \u00e0 ongles, pouvant contenir 11 \u00e0 12 flacons de 15 ml et jusqu'\u00e0 20 flacons de 7 ml (selon la forme du flacon).<\/p>\n<p>\u00c9tag\u00e8res de qualit\u00e9 fabriqu\u00e9es en acrylique ultra-r\u00e9sistant.<\/p>\n<p>Longueur totale de chaque \u00e9tag\u00e8re : 38 cm<\/p>","protected":false},"excerpt":{"rendered":"<p>Ensemble complet de 6 \u00e9tag\u00e8res pour vernis \u00e0 ongles, pouvant contenir 11 \u00e0 12 flacons de 15 ml et jusqu'\u00e0 20 flacons de 7 ml (selon la forme du flacon).<\/p>\n<p>\u00c9tag\u00e8res de qualit\u00e9 fabriqu\u00e9es en acrylique ultra-r\u00e9sistant.<\/p>\n<p>Livr\u00e9 avec un jeu de vis pour chaque \u00e9tag\u00e8re. .<\/p>\n<p>La longueur totale de chaque \u00e9tag\u00e8re est de 38 cm.<\/p>","protected":false},"featured_media":25758,"comment_status":"open","ping_status":"closed","template":"","meta":{"_uag_custom_page_level_css":""},"product_brand":[],"product_cat":[809,763,766],"product_tag":[683],"class_list":{"0":"post-18561","1":"product","2":"type-product","3":"status-publish","4":"has-post-thumbnail","6":"product_cat-new-in-glamour","7":"product_cat-763","8":"product_cat-766","9":"product_tag-nail-polish-shelves","10":"desktop","12":"first","13":"instock","14":"shipping-taxable","15":"purchasable","16":"product-type-simple"},"acf":[],"yoast_head":"<!-- This site is optimized with the Yoast SEO plugin v26.0 - https:\/\/yoast.com\/wordpress\/plugins\/seo\/ -->\n<title>\u05e1\u05d8 6 \u05de\u05d3\u05e4\u05d9\u05dd \u05dc\u05dc\u05e7\u05d9\u05dd \u05e9\u05e7\u05d5\u05e4\u05d9\u05dd \u05d0\u05e7\u05e8\u05dc\u05d9\u05d9\u05dd | \u05d2\u05dc\u05de\u05d5\u05e8 \u05e9\u05d5\u05e4<\/title>\n<meta name=\"description\" content=\"\u05e1\u05d8 \u05de\u05d5\u05e9\u05dc\u05dd \u05e9\u05dc 6 \u05de\u05d3\u05e4\u05d9\u05dd \u05dc\u05dc\u05e7\u05d9\u05dd , \u05e0\u05d9\u05ea\u05df \u05dc\u05e9\u05d9\u05dd 11-12 \u05d1\u05e7\u05d1\u05d5\u05e7\u05d9\u05dd \u05e9\u05dc 15\u05de&quot;\u05dc \u05d5\u05e2\u05d3 20 \u05d1\u05e7\u05d1\u05d5\u05e7\u05d9\u05dd \u05e9\u05dc 7 \u05de&quot;\u05dc (\u05ea\u05dc\u05d5\u05d9 \u05d1\u05e6\u05d5\u05e8\u05d4 \u05e9\u05dc \u05d4\u05d1\u05e7\u05d1\u05d5\u05e7)  \u05de\u05d3\u05e4\u05d9\u05dd \u05d0\u05d9\u05db\u05d5\u05ea\u05d9\u05d9\u05dd \u05e2\u05e9\u05d5\u05d9\u05d9\u05dd \u05de\u05d7\u05d5\u05de\u05e8 \u05d0\u05e7\u05e8\u05d9\u05dc\u05d9 \u05e2\u05de\u05d9\u05d3 \u05d1\u05de\u05d9\u05d5\u05d7\u05d3.  \u05de\u05d2\u05d9\u05e2\u05d9\u05dd \u05e2\u05dd \u05e1\u05d8 \u05d1\u05e8\u05d2\u05d9\u05dd \u05dc\u05db\u05dc \u05de\u05d3\u05e3 .  \u05d0\u05d5\u05e8\u05da \u05db\u05dc \u05de\u05d3\u05e3 38 \u05e1&quot;\u05de.\" \/>\n<meta name=\"robots\" content=\"index, follow, max-snippet:-1, max-image-preview:large, max-video-preview:-1\" \/>\n<link rel=\"canonical\" href=\"https:\/\/glamourshop.co.il\/fr\/produit\/set-6-transparent-acrylic-shelves\/\" \/>\n<meta property=\"og:locale\" content=\"fr_FR\" \/>\n<meta property=\"og:type\" content=\"article\" \/>\n<meta property=\"og:title\" content=\"\u05e1\u05d8 6 \u05de\u05d3\u05e4\u05d9\u05dd \u05dc\u05dc\u05e7\u05d9\u05dd \u05e9\u05e7\u05d5\u05e4\u05d9\u05dd \u05d0\u05e7\u05e8\u05dc\u05d9\u05d9\u05dd | \u05d2\u05dc\u05de\u05d5\u05e8 \u05e9\u05d5\u05e4\" \/>\n<meta property=\"og:description\" content=\"\u05e1\u05d8 \u05de\u05d5\u05e9\u05dc\u05dd \u05e9\u05dc 6 \u05de\u05d3\u05e4\u05d9\u05dd \u05dc\u05dc\u05e7\u05d9\u05dd , \u05e0\u05d9\u05ea\u05df \u05dc\u05e9\u05d9\u05dd 11-12 \u05d1\u05e7\u05d1\u05d5\u05e7\u05d9\u05dd \u05e9\u05dc 15\u05de&quot;\u05dc \u05d5\u05e2\u05d3 20 \u05d1\u05e7\u05d1\u05d5\u05e7\u05d9\u05dd \u05e9\u05dc 7 \u05de&quot;\u05dc (\u05ea\u05dc\u05d5\u05d9 \u05d1\u05e6\u05d5\u05e8\u05d4 \u05e9\u05dc \u05d4\u05d1\u05e7\u05d1\u05d5\u05e7)  \u05de\u05d3\u05e4\u05d9\u05dd \u05d0\u05d9\u05db\u05d5\u05ea\u05d9\u05d9\u05dd \u05e2\u05e9\u05d5\u05d9\u05d9\u05dd \u05de\u05d7\u05d5\u05de\u05e8 \u05d0\u05e7\u05e8\u05d9\u05dc\u05d9 \u05e2\u05de\u05d9\u05d3 \u05d1\u05de\u05d9\u05d5\u05d7\u05d3.  \u05de\u05d2\u05d9\u05e2\u05d9\u05dd \u05e2\u05dd \u05e1\u05d8 \u05d1\u05e8\u05d2\u05d9\u05dd \u05dc\u05db\u05dc \u05de\u05d3\u05e3 .  \u05d0\u05d5\u05e8\u05da \u05db\u05dc \u05de\u05d3\u05e3 38 \u05e1&quot;\u05de.\" \/>\n<meta property=\"og:url\" content=\"https:\/\/glamourshop.co.il\/fr\/produit\/set-6-transparent-acrylic-shelves\/\" \/>\n<meta property=\"og:site_name\" content=\"\u05d2\u05dc\u05de\u05d5\u05e8 \u05e9\u05d5\u05e4\" \/>\n<meta property=\"article:publisher\" content=\"https:\/\/www.facebook.com\/GlamourShopProfessionalNails\" \/>\n<meta property=\"article:modified_time\" content=\"2026-04-05T23:34:11+00:00\" \/>\n<meta property=\"og:image\" content=\"https:\/\/glamourshop.co.il\/wp-content\/uploads\/2023\/04\/\u05de\u05d3\u05e4\u05d9\u05dd-\u05e9\u05e7\u05d5\u05e4\u05d9\u05dd-.jpg\" \/>\n\t<meta property=\"og:image:width\" content=\"800\" \/>\n\t<meta property=\"og:image:height\" content=\"800\" \/>\n\t<meta property=\"og:image:type\" content=\"image\/jpeg\" \/>\n<meta name=\"twitter:card\" content=\"summary_large_image\" \/>\n<meta name=\"twitter:label1\" content=\"Dur\u00e9e de lecture estim\u00e9e\" \/>\n\t<meta name=\"twitter:data1\" content=\"1 minute\" \/>\n<script type=\"application\/ld+json\" class=\"yoast-schema-graph\">{\"@context\":\"https:\/\/schema.org\",\"@graph\":[{\"@type\":[\"WebPage\",\"ItemPage\"],\"@id\":\"https:\/\/glamourshop.co.il\/product\/set-6-transparent-acrylic-shelves\/\",\"url\":\"https:\/\/glamourshop.co.il\/product\/set-6-transparent-acrylic-shelves\/\",\"name\":\"\u05e1\u05d8 6 \u05de\u05d3\u05e4\u05d9\u05dd \u05dc\u05dc\u05e7\u05d9\u05dd \u05e9\u05e7\u05d5\u05e4\u05d9\u05dd \u05d0\u05e7\u05e8\u05dc\u05d9\u05d9\u05dd | \u05d2\u05dc\u05de\u05d5\u05e8 \u05e9\u05d5\u05e4\",\"isPartOf\":{\"@id\":\"https:\/\/glamourshop.co.il\/#website\"},\"primaryImageOfPage\":{\"@id\":\"https:\/\/glamourshop.co.il\/product\/set-6-transparent-acrylic-shelves\/#primaryimage\"},\"image\":{\"@id\":\"https:\/\/glamourshop.co.il\/product\/set-6-transparent-acrylic-shelves\/#primaryimage\"},\"thumbnailUrl\":\"https:\/\/glamourshop.co.il\/wp-content\/uploads\/2023\/04\/\u05de\u05d3\u05e4\u05d9\u05dd-\u05e9\u05e7\u05d5\u05e4\u05d9\u05dd-.jpg\",\"datePublished\":\"2023-04-18T13:49:38+00:00\",\"dateModified\":\"2026-04-05T23:34:11+00:00\",\"description\":\"\u05e1\u05d8 \u05de\u05d5\u05e9\u05dc\u05dd \u05e9\u05dc 6 \u05de\u05d3\u05e4\u05d9\u05dd \u05dc\u05dc\u05e7\u05d9\u05dd , \u05e0\u05d9\u05ea\u05df \u05dc\u05e9\u05d9\u05dd 11-12 \u05d1\u05e7\u05d1\u05d5\u05e7\u05d9\u05dd \u05e9\u05dc 15\u05de\\\"\u05dc \u05d5\u05e2\u05d3 20 \u05d1\u05e7\u05d1\u05d5\u05e7\u05d9\u05dd \u05e9\u05dc 7 \u05de\\\"\u05dc (\u05ea\u05dc\u05d5\u05d9 \u05d1\u05e6\u05d5\u05e8\u05d4 \u05e9\u05dc \u05d4\u05d1\u05e7\u05d1\u05d5\u05e7) \u05de\u05d3\u05e4\u05d9\u05dd \u05d0\u05d9\u05db\u05d5\u05ea\u05d9\u05d9\u05dd \u05e2\u05e9\u05d5\u05d9\u05d9\u05dd \u05de\u05d7\u05d5\u05de\u05e8 \u05d0\u05e7\u05e8\u05d9\u05dc\u05d9 \u05e2\u05de\u05d9\u05d3 \u05d1\u05de\u05d9\u05d5\u05d7\u05d3. \u05de\u05d2\u05d9\u05e2\u05d9\u05dd \u05e2\u05dd \u05e1\u05d8 \u05d1\u05e8\u05d2\u05d9\u05dd \u05dc\u05db\u05dc \u05de\u05d3\u05e3 . \u05d0\u05d5\u05e8\u05da \u05db\u05dc \u05de\u05d3\u05e3 38 \u05e1\\\"\u05de.\",\"breadcrumb\":{\"@id\":\"https:\/\/glamourshop.co.il\/product\/set-6-transparent-acrylic-shelves\/#breadcrumb\"},\"inLanguage\":\"fr-FR\",\"potentialAction\":[{\"@type\":\"ReadAction\",\"target\":[\"https:\/\/glamourshop.co.il\/product\/set-6-transparent-acrylic-shelves\/\"]}]},{\"@type\":\"ImageObject\",\"inLanguage\":\"fr-FR\",\"@id\":\"https:\/\/glamourshop.co.il\/product\/set-6-transparent-acrylic-shelves\/#primaryimage\",\"url\":\"https:\/\/glamourshop.co.il\/wp-content\/uploads\/2023\/04\/\u05de\u05d3\u05e4\u05d9\u05dd-\u05e9\u05e7\u05d5\u05e4\u05d9\u05dd-.jpg\",\"contentUrl\":\"https:\/\/glamourshop.co.il\/wp-content\/uploads\/2023\/04\/\u05de\u05d3\u05e4\u05d9\u05dd-\u05e9\u05e7\u05d5\u05e4\u05d9\u05dd-.jpg\",\"width\":800,\"height\":800,\"caption\":\"\u05e1\u05d8 6 \u05de\u05d3\u05e4\u05d9\u05dd \u05dc\u05dc\u05e7\u05d9\u05dd \u05e9\u05e7\u05d5\u05e4\u05d9\u05dd \u05d0\u05e7\u05e8\u05dc\u05d9\u05d9\u05dd\"},{\"@type\":\"BreadcrumbList\",\"@id\":\"https:\/\/glamourshop.co.il\/product\/set-6-transparent-acrylic-shelves\/#breadcrumb\",\"itemListElement\":[{\"@type\":\"ListItem\",\"position\":1,\"name\":\"\u05d3\u05e3 \u05d4\u05d1\u05d9\u05ea\",\"item\":\"https:\/\/glamourshop.co.il\/\"},{\"@type\":\"ListItem\",\"position\":2,\"name\":\"\u05de\u05d5\u05e6\u05e8\u05d9\u05dd\",\"item\":\"https:\/\/glamourshop.co.il\/shop\/\"},{\"@type\":\"ListItem\",\"position\":3,\"name\":\"\u05e1\u05d8 6 \u05de\u05d3\u05e4\u05d9\u05dd \u05dc\u05dc\u05e7\u05d9\u05dd \u05e9\u05e7\u05d5\u05e4\u05d9\u05dd \u05d0\u05e7\u05e8\u05dc\u05d9\u05d9\u05dd\"}]},{\"@type\":\"WebSite\",\"@id\":\"https:\/\/glamourshop.co.il\/#website\",\"url\":\"https:\/\/glamourshop.co.il\/\",\"name\":\"\u05d2\u05dc\u05de\u05d5\u05e8 \u05e9\u05d5\u05e4\",\"description\":\"\u201c\u05d2\u05dc\u05de\u05d5\u05e8\u201d \u05d4\u05d9\u05e0\u05d5 \u05de\u05d5\u05ea\u05d2 \u05d9\u05e9\u05e8\u05d0\u05dc\u05d9 \u05d4\u05de\u05ea\u05de\u05d7\u05d4 \u05d1\u05d9\u05d9\u05e6\u05d5\u05e8 \u05d5\u05e9\u05d9\u05d5\u05d5\u05e7 \u05de\u05d5\u05e6\u05e8\u05d9 \u05d1\u05e0\u05d9\u05d9\u05ea \u05e6\u05d9\u05e4\u05d5\u05e8\u05e0\u05d9\u05d9\u05dd, \u05dc\u05e7 \u05d2\u2019\u05dc \u05d5\u05e6\u05d9\u05d5\u05d3 \u05dc\u05de\u05e0\u05d9\u05e7\u05d5\u05e8.\",\"publisher\":{\"@id\":\"https:\/\/glamourshop.co.il\/#organization\"},\"potentialAction\":[{\"@type\":\"SearchAction\",\"target\":{\"@type\":\"EntryPoint\",\"urlTemplate\":\"https:\/\/glamourshop.co.il\/?s={search_term_string}\"},\"query-input\":{\"@type\":\"PropertyValueSpecification\",\"valueRequired\":true,\"valueName\":\"search_term_string\"}}],\"inLanguage\":\"fr-FR\"},{\"@type\":\"Organization\",\"@id\":\"https:\/\/glamourshop.co.il\/#organization\",\"name\":\"Glamour Shop\",\"url\":\"https:\/\/glamourshop.co.il\/\",\"logo\":{\"@type\":\"ImageObject\",\"inLanguage\":\"fr-FR\",\"@id\":\"https:\/\/glamourshop.co.il\/#\/schema\/logo\/image\/\",\"url\":\"https:\/\/glamourshop.co.il\/wp-content\/uploads\/2022\/04\/seo-logo.jpg\",\"contentUrl\":\"https:\/\/glamourshop.co.il\/wp-content\/uploads\/2022\/04\/seo-logo.jpg\",\"width\":1080,\"height\":631,\"caption\":\"Glamour Shop\"},\"image\":{\"@id\":\"https:\/\/glamourshop.co.il\/#\/schema\/logo\/image\/\"},\"sameAs\":[\"https:\/\/www.facebook.com\/GlamourShopProfessionalNails\",\"https:\/\/www.instagram.com\/glamour_professional_nails\/\"]}]}<\/script>\n<!-- \/ Yoast SEO plugin. -->","yoast_head_json":{"title":"\u05e1\u05d8 6 \u05de\u05d3\u05e4\u05d9\u05dd \u05dc\u05dc\u05e7\u05d9\u05dd \u05e9\u05e7\u05d5\u05e4\u05d9\u05dd \u05d0\u05e7\u05e8\u05dc\u05d9\u05d9\u05dd | \u05d2\u05dc\u05de\u05d5\u05e8 \u05e9\u05d5\u05e4","description":"\u05e1\u05d8 \u05de\u05d5\u05e9\u05dc\u05dd \u05e9\u05dc 6 \u05de\u05d3\u05e4\u05d9\u05dd \u05dc\u05dc\u05e7\u05d9\u05dd , \u05e0\u05d9\u05ea\u05df \u05dc\u05e9\u05d9\u05dd 11-12 \u05d1\u05e7\u05d1\u05d5\u05e7\u05d9\u05dd \u05e9\u05dc 15\u05de\"\u05dc \u05d5\u05e2\u05d3 20 \u05d1\u05e7\u05d1\u05d5\u05e7\u05d9\u05dd \u05e9\u05dc 7 \u05de\"\u05dc (\u05ea\u05dc\u05d5\u05d9 \u05d1\u05e6\u05d5\u05e8\u05d4 \u05e9\u05dc \u05d4\u05d1\u05e7\u05d1\u05d5\u05e7)  \u05de\u05d3\u05e4\u05d9\u05dd \u05d0\u05d9\u05db\u05d5\u05ea\u05d9\u05d9\u05dd \u05e2\u05e9\u05d5\u05d9\u05d9\u05dd \u05de\u05d7\u05d5\u05de\u05e8 \u05d0\u05e7\u05e8\u05d9\u05dc\u05d9 \u05e2\u05de\u05d9\u05d3 \u05d1\u05de\u05d9\u05d5\u05d7\u05d3.  \u05de\u05d2\u05d9\u05e2\u05d9\u05dd \u05e2\u05dd \u05e1\u05d8 \u05d1\u05e8\u05d2\u05d9\u05dd \u05dc\u05db\u05dc \u05de\u05d3\u05e3 .  \u05d0\u05d5\u05e8\u05da \u05db\u05dc \u05de\u05d3\u05e3 38 \u05e1\"\u05de.","robots":{"index":"index","follow":"follow","max-snippet":"max-snippet:-1","max-image-preview":"max-image-preview:large","max-video-preview":"max-video-preview:-1"},"canonical":"https:\/\/glamourshop.co.il\/fr\/produit\/set-6-transparent-acrylic-shelves\/","og_locale":"fr_FR","og_type":"article","og_title":"\u05e1\u05d8 6 \u05de\u05d3\u05e4\u05d9\u05dd \u05dc\u05dc\u05e7\u05d9\u05dd \u05e9\u05e7\u05d5\u05e4\u05d9\u05dd \u05d0\u05e7\u05e8\u05dc\u05d9\u05d9\u05dd | \u05d2\u05dc\u05de\u05d5\u05e8 \u05e9\u05d5\u05e4","og_description":"\u05e1\u05d8 \u05de\u05d5\u05e9\u05dc\u05dd \u05e9\u05dc 6 \u05de\u05d3\u05e4\u05d9\u05dd \u05dc\u05dc\u05e7\u05d9\u05dd , \u05e0\u05d9\u05ea\u05df \u05dc\u05e9\u05d9\u05dd 11-12 \u05d1\u05e7\u05d1\u05d5\u05e7\u05d9\u05dd \u05e9\u05dc 15\u05de\"\u05dc \u05d5\u05e2\u05d3 20 \u05d1\u05e7\u05d1\u05d5\u05e7\u05d9\u05dd \u05e9\u05dc 7 \u05de\"\u05dc (\u05ea\u05dc\u05d5\u05d9 \u05d1\u05e6\u05d5\u05e8\u05d4 \u05e9\u05dc \u05d4\u05d1\u05e7\u05d1\u05d5\u05e7)  \u05de\u05d3\u05e4\u05d9\u05dd \u05d0\u05d9\u05db\u05d5\u05ea\u05d9\u05d9\u05dd \u05e2\u05e9\u05d5\u05d9\u05d9\u05dd \u05de\u05d7\u05d5\u05de\u05e8 \u05d0\u05e7\u05e8\u05d9\u05dc\u05d9 \u05e2\u05de\u05d9\u05d3 \u05d1\u05de\u05d9\u05d5\u05d7\u05d3.  \u05de\u05d2\u05d9\u05e2\u05d9\u05dd \u05e2\u05dd \u05e1\u05d8 \u05d1\u05e8\u05d2\u05d9\u05dd \u05dc\u05db\u05dc \u05de\u05d3\u05e3 .  \u05d0\u05d5\u05e8\u05da \u05db\u05dc \u05de\u05d3\u05e3 38 \u05e1\"\u05de.","og_url":"https:\/\/glamourshop.co.il\/fr\/produit\/set-6-transparent-acrylic-shelves\/","og_site_name":"\u05d2\u05dc\u05de\u05d5\u05e8 \u05e9\u05d5\u05e4","article_publisher":"https:\/\/www.facebook.com\/GlamourShopProfessionalNails","article_modified_time":"2026-04-05T23:34:11+00:00","og_image":[{"width":800,"height":800,"url":"https:\/\/glamourshop.co.il\/wp-content\/uploads\/2023\/04\/\u05de\u05d3\u05e4\u05d9\u05dd-\u05e9\u05e7\u05d5\u05e4\u05d9\u05dd-.jpg","type":"image\/jpeg"}],"twitter_card":"summary_large_image","twitter_misc":{"Dur\u00e9e de lecture estim\u00e9e":"1 minute"},"schema":{"@context":"https:\/\/schema.org","@graph":[{"@type":["WebPage","ItemPage"],"@id":"https:\/\/glamourshop.co.il\/product\/set-6-transparent-acrylic-shelves\/","url":"https:\/\/glamourshop.co.il\/product\/set-6-transparent-acrylic-shelves\/","name":"\u05e1\u05d8 6 \u05de\u05d3\u05e4\u05d9\u05dd \u05dc\u05dc\u05e7\u05d9\u05dd \u05e9\u05e7\u05d5\u05e4\u05d9\u05dd \u05d0\u05e7\u05e8\u05dc\u05d9\u05d9\u05dd | \u05d2\u05dc\u05de\u05d5\u05e8 \u05e9\u05d5\u05e4","isPartOf":{"@id":"https:\/\/glamourshop.co.il\/#website"},"primaryImageOfPage":{"@id":"https:\/\/glamourshop.co.il\/product\/set-6-transparent-acrylic-shelves\/#primaryimage"},"image":{"@id":"https:\/\/glamourshop.co.il\/product\/set-6-transparent-acrylic-shelves\/#primaryimage"},"thumbnailUrl":"https:\/\/glamourshop.co.il\/wp-content\/uploads\/2023\/04\/\u05de\u05d3\u05e4\u05d9\u05dd-\u05e9\u05e7\u05d5\u05e4\u05d9\u05dd-.jpg","datePublished":"2023-04-18T13:49:38+00:00","dateModified":"2026-04-05T23:34:11+00:00","description":"\u05e1\u05d8 \u05de\u05d5\u05e9\u05dc\u05dd \u05e9\u05dc 6 \u05de\u05d3\u05e4\u05d9\u05dd \u05dc\u05dc\u05e7\u05d9\u05dd , \u05e0\u05d9\u05ea\u05df \u05dc\u05e9\u05d9\u05dd 11-12 \u05d1\u05e7\u05d1\u05d5\u05e7\u05d9\u05dd \u05e9\u05dc 15\u05de\"\u05dc \u05d5\u05e2\u05d3 20 \u05d1\u05e7\u05d1\u05d5\u05e7\u05d9\u05dd \u05e9\u05dc 7 \u05de\"\u05dc (\u05ea\u05dc\u05d5\u05d9 \u05d1\u05e6\u05d5\u05e8\u05d4 \u05e9\u05dc \u05d4\u05d1\u05e7\u05d1\u05d5\u05e7) \u05de\u05d3\u05e4\u05d9\u05dd \u05d0\u05d9\u05db\u05d5\u05ea\u05d9\u05d9\u05dd \u05e2\u05e9\u05d5\u05d9\u05d9\u05dd \u05de\u05d7\u05d5\u05de\u05e8 \u05d0\u05e7\u05e8\u05d9\u05dc\u05d9 \u05e2\u05de\u05d9\u05d3 \u05d1\u05de\u05d9\u05d5\u05d7\u05d3. \u05de\u05d2\u05d9\u05e2\u05d9\u05dd \u05e2\u05dd \u05e1\u05d8 \u05d1\u05e8\u05d2\u05d9\u05dd \u05dc\u05db\u05dc \u05de\u05d3\u05e3 . \u05d0\u05d5\u05e8\u05da \u05db\u05dc \u05de\u05d3\u05e3 38 \u05e1\"\u05de.","breadcrumb":{"@id":"https:\/\/glamourshop.co.il\/product\/set-6-transparent-acrylic-shelves\/#breadcrumb"},"inLanguage":"fr-FR","potentialAction":[{"@type":"ReadAction","target":["https:\/\/glamourshop.co.il\/product\/set-6-transparent-acrylic-shelves\/"]}]},{"@type":"ImageObject","inLanguage":"fr-FR","@id":"https:\/\/glamourshop.co.il\/product\/set-6-transparent-acrylic-shelves\/#primaryimage","url":"https:\/\/glamourshop.co.il\/wp-content\/uploads\/2023\/04\/\u05de\u05d3\u05e4\u05d9\u05dd-\u05e9\u05e7\u05d5\u05e4\u05d9\u05dd-.jpg","contentUrl":"https:\/\/glamourshop.co.il\/wp-content\/uploads\/2023\/04\/\u05de\u05d3\u05e4\u05d9\u05dd-\u05e9\u05e7\u05d5\u05e4\u05d9\u05dd-.jpg","width":800,"height":800,"caption":"\u05e1\u05d8 6 \u05de\u05d3\u05e4\u05d9\u05dd \u05dc\u05dc\u05e7\u05d9\u05dd \u05e9\u05e7\u05d5\u05e4\u05d9\u05dd \u05d0\u05e7\u05e8\u05dc\u05d9\u05d9\u05dd"},{"@type":"BreadcrumbList","@id":"https:\/\/glamourshop.co.il\/product\/set-6-transparent-acrylic-shelves\/#breadcrumb","itemListElement":[{"@type":"ListItem","position":1,"name":"\u05d3\u05e3 \u05d4\u05d1\u05d9\u05ea","item":"https:\/\/glamourshop.co.il\/"},{"@type":"ListItem","position":2,"name":"\u05de\u05d5\u05e6\u05e8\u05d9\u05dd","item":"https:\/\/glamourshop.co.il\/shop\/"},{"@type":"ListItem","position":3,"name":"\u05e1\u05d8 6 \u05de\u05d3\u05e4\u05d9\u05dd \u05dc\u05dc\u05e7\u05d9\u05dd \u05e9\u05e7\u05d5\u05e4\u05d9\u05dd \u05d0\u05e7\u05e8\u05dc\u05d9\u05d9\u05dd"}]},{"@type":"WebSite","@id":"https:\/\/glamourshop.co.il\/#website","url":"https:\/\/glamourshop.co.il\/","name":"Galmore Shop","description":"\u201c Galmor \u201d est une marque isra\u00e9lienne sp\u00e9cialis\u00e9e dans la fabrication et la commercialisation de produits pour la construction d'ongles, de vernis gel et d'\u00e9quipements pour manucure.","publisher":{"@id":"https:\/\/glamourshop.co.il\/#organization"},"potentialAction":[{"@type":"SearchAction","target":{"@type":"EntryPoint","urlTemplate":"https:\/\/glamourshop.co.il\/?s={search_term_string}"},"query-input":{"@type":"PropertyValueSpecification","valueRequired":true,"valueName":"search_term_string"}}],"inLanguage":"fr-FR"},{"@type":"Organization","@id":"https:\/\/glamourshop.co.il\/#organization","name":"Boutique Glamour","url":"https:\/\/glamourshop.co.il\/","logo":{"@type":"ImageObject","inLanguage":"fr-FR","@id":"https:\/\/glamourshop.co.il\/#\/schema\/logo\/image\/","url":"https:\/\/glamourshop.co.il\/wp-content\/uploads\/2022\/04\/seo-logo.jpg","contentUrl":"https:\/\/glamourshop.co.il\/wp-content\/uploads\/2022\/04\/seo-logo.jpg","width":1080,"height":631,"caption":"Glamour Shop"},"image":{"@id":"https:\/\/glamourshop.co.il\/#\/schema\/logo\/image\/"},"sameAs":["https:\/\/www.facebook.com\/GlamourShopProfessionalNails","https:\/\/www.instagram.com\/glamour_professional_nails\/"]}]}},"uagb_featured_image_src":{"full":["https:\/\/glamourshop.co.il\/wp-content\/uploads\/2023\/04\/\u05de\u05d3\u05e4\u05d9\u05dd-\u05e9\u05e7\u05d5\u05e4\u05d9\u05dd-.jpg",800,800,false],"thumbnail":["https:\/\/glamourshop.co.il\/wp-content\/uploads\/2023\/04\/\u05de\u05d3\u05e4\u05d9\u05dd-\u05e9\u05e7\u05d5\u05e4\u05d9\u05dd--300x300.jpg",300,300,true],"medium":["https:\/\/glamourshop.co.il\/wp-content\/uploads\/2023\/04\/\u05de\u05d3\u05e4\u05d9\u05dd-\u05e9\u05e7\u05d5\u05e4\u05d9\u05dd--400x400.jpg",400,400,true],"medium_large":["https:\/\/glamourshop.co.il\/wp-content\/uploads\/2023\/04\/\u05de\u05d3\u05e4\u05d9\u05dd-\u05e9\u05e7\u05d5\u05e4\u05d9\u05dd--768x768.jpg",768,768,true],"large":["https:\/\/glamourshop.co.il\/wp-content\/uploads\/2023\/04\/\u05de\u05d3\u05e4\u05d9\u05dd-\u05e9\u05e7\u05d5\u05e4\u05d9\u05dd-.jpg",800,800,false],"1536x1536":["https:\/\/glamourshop.co.il\/wp-content\/uploads\/2023\/04\/\u05de\u05d3\u05e4\u05d9\u05dd-\u05e9\u05e7\u05d5\u05e4\u05d9\u05dd-.jpg",800,800,false],"2048x2048":["https:\/\/glamourshop.co.il\/wp-content\/uploads\/2023\/04\/\u05de\u05d3\u05e4\u05d9\u05dd-\u05e9\u05e7\u05d5\u05e4\u05d9\u05dd-.jpg",800,800,false],"trp-custom-language-flag":["https:\/\/glamourshop.co.il\/wp-content\/uploads\/2023\/04\/\u05de\u05d3\u05e4\u05d9\u05dd-\u05e9\u05e7\u05d5\u05e4\u05d9\u05dd-.jpg",12,12,false],"icon":["https:\/\/glamourshop.co.il\/wp-content\/uploads\/2023\/04\/\u05de\u05d3\u05e4\u05d9\u05dd-\u05e9\u05e7\u05d5\u05e4\u05d9\u05dd-.jpg",800,800,false],"oc-product-thumbnail":["https:\/\/glamourshop.co.il\/wp-content\/uploads\/2023\/04\/\u05de\u05d3\u05e4\u05d9\u05dd-\u05e9\u05e7\u05d5\u05e4\u05d9\u05dd-.jpg",149,149,false],"oc-product-single-image":["https:\/\/glamourshop.co.il\/wp-content\/uploads\/2023\/04\/\u05de\u05d3\u05e4\u05d9\u05dd-\u05e9\u05e7\u05d5\u05e4\u05d9\u05dd-.jpg",727,727,false],"oc-product-archive-thumbnail":["https:\/\/glamourshop.co.il\/wp-content\/uploads\/2023\/04\/\u05de\u05d3\u05e4\u05d9\u05dd-\u05e9\u05e7\u05d5\u05e4\u05d9\u05dd-.jpg",422,422,false],"woocommerce_thumbnail":["https:\/\/glamourshop.co.il\/wp-content\/uploads\/2023\/04\/\u05de\u05d3\u05e4\u05d9\u05dd-\u05e9\u05e7\u05d5\u05e4\u05d9\u05dd--500x500.jpg",500,500,true],"woocommerce_single":["https:\/\/glamourshop.co.il\/wp-content\/uploads\/2023\/04\/\u05de\u05d3\u05e4\u05d9\u05dd-\u05e9\u05e7\u05d5\u05e4\u05d9\u05dd--600x600.jpg",600,600,true],"woocommerce_gallery_thumbnail":["https:\/\/glamourshop.co.il\/wp-content\/uploads\/2023\/04\/\u05de\u05d3\u05e4\u05d9\u05dd-\u05e9\u05e7\u05d5\u05e4\u05d9\u05dd--100x100.jpg",100,100,true]},"uagb_author_info":{"display_name":"","author_link":"https:\/\/glamourshop.co.il\/fr\/author\/"},"uagb_comment_info":0,"uagb_excerpt":"\u05e1\u05d8 \u05de\u05d5\u05e9\u05dc\u05dd \u05e9\u05dc 6 \u05de\u05d3\u05e4\u05d9\u05dd \u05dc\u05dc\u05e7\u05d9\u05dd , \u05e0\u05d9\u05ea\u05df \u05dc\u05e9\u05d9\u05dd 11-12 \u05d1\u05e7\u05d1\u05d5\u05e7\u05d9\u05dd \u05e9\u05dc 15\u05de\"\u05dc \u05d5\u05e2\u05d3 20 \u05d1\u05e7\u05d1\u05d5\u05e7\u05d9\u05dd \u05e9\u05dc 7 \u05de\"\u05dc (\u05ea\u05dc\u05d5\u05d9 \u05d1\u05e6\u05d5\u05e8\u05d4 \u05e9\u05dc \u05d4\u05d1\u05e7\u05d1\u05d5\u05e7) \u05de\u05d3\u05e4\u05d9\u05dd \u05d0\u05d9\u05db\u05d5\u05ea\u05d9\u05d9\u05dd \u05e2\u05e9\u05d5\u05d9\u05d9\u05dd \u05de\u05d7\u05d5\u05de\u05e8 \u05d0\u05e7\u05e8\u05d9\u05dc\u05d9 \u05e2\u05de\u05d9\u05d3 \u05d1\u05de\u05d9\u05d5\u05d7\u05d3. \u05de\u05d2\u05d9\u05e2\u05d9\u05dd \u05e2\u05dd \u05e1\u05d8 \u05d1\u05e8\u05d2\u05d9\u05dd \u05dc\u05db\u05dc \u05de\u05d3\u05e3 . \u05d0\u05d5\u05e8\u05da \u05db\u05dc \u05de\u05d3\u05e3 38 \u05e1\"\u05de.","_links":{"self":[{"href":"https:\/\/glamourshop.co.il\/fr\/wp-json\/wp\/v2\/product\/18561","targetHints":{"allow":["GET"]}}],"collection":[{"href":"https:\/\/glamourshop.co.il\/fr\/wp-json\/wp\/v2\/product"}],"about":[{"href":"https:\/\/glamourshop.co.il\/fr\/wp-json\/wp\/v2\/types\/product"}],"replies":[{"embeddable":true,"href":"https:\/\/glamourshop.co.il\/fr\/wp-json\/wp\/v2\/comments?post=18561"}],"wp:featuredmedia":[{"embeddable":true,"href":"https:\/\/glamourshop.co.il\/fr\/wp-json\/wp\/v2\/media\/25758"}],"wp:attachment":[{"href":"https:\/\/glamourshop.co.il\/fr\/wp-json\/wp\/v2\/media?parent=18561"}],"wp:term":[{"taxonomy":"product_brand","embeddable":true,"href":"https:\/\/glamourshop.co.il\/fr\/wp-json\/wp\/v2\/product_brand?post=18561"},{"taxonomy":"product_cat","embeddable":true,"href":"https:\/\/glamourshop.co.il\/fr\/wp-json\/wp\/v2\/product_cat?post=18561"},{"taxonomy":"product_tag","embeddable":true,"href":"https:\/\/glamourshop.co.il\/fr\/wp-json\/wp\/v2\/product_tag?post=18561"}],"curies":[{"name":"wp","href":"https:\/\/api.w.org\/{rel}","templated":true}]}}