
{"id":19681,"date":"2023-06-04T13:16:42","date_gmt":"2023-06-04T10:16:42","guid":{"rendered":"https:\/\/devbee1.glamourshop.co.il.bee1.cloud\/?post_type=product&#038;p=19681"},"modified":"2026-04-10T02:35:02","modified_gmt":"2026-04-09T23:35:02","slug":"pad-nitrol-alma","status":"publish","type":"product","link":"https:\/\/glamourshop.co.il\/fr\/produit\/pad-nitrol-alma\/","title":{"rendered":"\u05e4\u05d3 \u05e0\u05d9\u05d8\u05e8\u05d5\u05dc \u05dc\u05dc\u05d0 \u05e1\u05d9\u05d1\u05d9\u05dd \u05e2\u05dc\u05de\u05d4 &#8211; 500 \u05d9\u05d7\u05d9\u05d3\u05d5\u05ea"},"content":{"rendered":"","protected":false},"excerpt":{"rendered":"<p style=\"direction: rtl\">\u05e4\u05d3 \u05e0\u05d9\u05d8\u05e8\u05d5\u05dc \u05dc\u05dc\u05d0 \u05e1\u05d9\u05d1\u05d9\u05dd 5*5 \u05e1\u05de.<\/p>\n<p>\u05dc\u05dc\u05d0 \u05e1\u05d9\u05d1\u05d9\u05dd<\/p>\n<p>\u05e0\u05d5\u05d7 \u05dc\u05e9\u05dc\u05d9\u05e4\u05d4 \u05e2\u05dd \u05e4\u05e8\u05e4\u05d5\u05e8\u05e6\u05d9\u05d4<\/p>\n<p>500 \u05d9\u05d7\u05d9\u05d3\u05d5\u05ea<\/p>","protected":false},"featured_media":21439,"comment_status":"open","ping_status":"closed","template":"","meta":{"_uag_custom_page_level_css":""},"product_brand":[],"product_cat":[169,768],"product_tag":[151,178,327,148,94,173,431],"class_list":{"0":"post-19681","1":"product","2":"type-product","3":"status-publish","4":"has-post-thumbnail","6":"product_cat-hygiene","7":"product_cat-768","8":"product_tag-glamour","9":"product_tag-hygiene","10":"product_tag-sharp","11":"product_tag-one-time","12":"product_tag-disinfection-and-sterilization","13":"product_tag-manicure","14":"product_tag-gauze","15":"desktop","17":"first","18":"instock","19":"shipping-taxable","20":"purchasable","21":"product-type-simple"},"acf":[],"yoast_head":"<!-- This site is optimized with the Yoast SEO plugin v26.0 - https:\/\/yoast.com\/wordpress\/plugins\/seo\/ -->\n<title>\u05e4\u05d3 \u05e0\u05d9\u05d8\u05e8\u05d5\u05dc \u05dc\u05dc\u05d0 \u05e1\u05d9\u05d1\u05d9\u05dd \u05e2\u05dc\u05de\u05d4 - 500 \u05d9\u05d7\u05d9\u05d3\u05d5\u05ea | \u05d2\u05dc\u05de\u05d5\u05e8 \u05e9\u05d5\u05e4<\/title>\n<meta name=\"description\" content=\"\u05e4\u05d3 \u05e0\u05d9\u05d8\u05e8\u05d5\u05dc \u05dc\u05dc\u05d0 \u05e1\u05d9\u05d1\u05d9\u05dd 5*5 \u05e1\u05de. \u05dc\u05dc\u05d0 \u05e1\u05d9\u05d1\u05d9\u05dd  \u05e0\u05d5\u05d7 \u05dc\u05e9\u05dc\u05d9\u05e4\u05d4 \u05e2\u05dd \u05e4\u05e8\u05e4\u05d5\u05e8\u05e6\u05d9\u05d4  500 \u05d9\u05d7\u05d9\u05d3\u05d5\u05ea\" \/>\n<meta name=\"robots\" content=\"index, follow, max-snippet:-1, max-image-preview:large, max-video-preview:-1\" \/>\n<link rel=\"canonical\" href=\"https:\/\/glamourshop.co.il\/fr\/produit\/pad-nitrol-alma\/\" \/>\n<meta property=\"og:locale\" content=\"fr_FR\" \/>\n<meta property=\"og:type\" content=\"article\" \/>\n<meta property=\"og:title\" content=\"\u05e4\u05d3 \u05e0\u05d9\u05d8\u05e8\u05d5\u05dc \u05dc\u05dc\u05d0 \u05e1\u05d9\u05d1\u05d9\u05dd \u05e2\u05dc\u05de\u05d4 - 500 \u05d9\u05d7\u05d9\u05d3\u05d5\u05ea | \u05d2\u05dc\u05de\u05d5\u05e8 \u05e9\u05d5\u05e4\" \/>\n<meta property=\"og:description\" content=\"\u05e4\u05d3 \u05e0\u05d9\u05d8\u05e8\u05d5\u05dc \u05dc\u05dc\u05d0 \u05e1\u05d9\u05d1\u05d9\u05dd 5*5 \u05e1\u05de. \u05dc\u05dc\u05d0 \u05e1\u05d9\u05d1\u05d9\u05dd  \u05e0\u05d5\u05d7 \u05dc\u05e9\u05dc\u05d9\u05e4\u05d4 \u05e2\u05dd \u05e4\u05e8\u05e4\u05d5\u05e8\u05e6\u05d9\u05d4  500 \u05d9\u05d7\u05d9\u05d3\u05d5\u05ea\" \/>\n<meta property=\"og:url\" content=\"https:\/\/glamourshop.co.il\/fr\/produit\/pad-nitrol-alma\/\" \/>\n<meta property=\"og:site_name\" content=\"\u05d2\u05dc\u05de\u05d5\u05e8 \u05e9\u05d5\u05e4\" \/>\n<meta property=\"article:publisher\" content=\"https:\/\/www.facebook.com\/GlamourShopProfessionalNails\" \/>\n<meta property=\"article:modified_time\" content=\"2026-04-09T23:35:02+00:00\" \/>\n<meta property=\"og:image\" content=\"https:\/\/glamourshop.co.il\/wp-content\/uploads\/2023\/06\/\u05e4\u05d3-\u05dc\u05dc\u05d0-\u05e1\u05d9\u05d1\u05d9\u05dd-\u05e2\u05dc\u05de\u05d4.jpg\" \/>\n\t<meta property=\"og:image:width\" content=\"1080\" \/>\n\t<meta property=\"og:image:height\" content=\"1080\" \/>\n\t<meta property=\"og:image:type\" content=\"image\/jpeg\" \/>\n<meta name=\"twitter:card\" content=\"summary_large_image\" \/>\n<script type=\"application\/ld+json\" class=\"yoast-schema-graph\">{\"@context\":\"https:\/\/schema.org\",\"@graph\":[{\"@type\":[\"WebPage\",\"ItemPage\"],\"@id\":\"https:\/\/glamourshop.co.il\/product\/pad-nitrol-alma\/\",\"url\":\"https:\/\/glamourshop.co.il\/product\/pad-nitrol-alma\/\",\"name\":\"\u05e4\u05d3 \u05e0\u05d9\u05d8\u05e8\u05d5\u05dc \u05dc\u05dc\u05d0 \u05e1\u05d9\u05d1\u05d9\u05dd \u05e2\u05dc\u05de\u05d4 - 500 \u05d9\u05d7\u05d9\u05d3\u05d5\u05ea | \u05d2\u05dc\u05de\u05d5\u05e8 \u05e9\u05d5\u05e4\",\"isPartOf\":{\"@id\":\"https:\/\/glamourshop.co.il\/#website\"},\"primaryImageOfPage\":{\"@id\":\"https:\/\/glamourshop.co.il\/product\/pad-nitrol-alma\/#primaryimage\"},\"image\":{\"@id\":\"https:\/\/glamourshop.co.il\/product\/pad-nitrol-alma\/#primaryimage\"},\"thumbnailUrl\":\"https:\/\/glamourshop.co.il\/wp-content\/uploads\/2023\/06\/\u05e4\u05d3-\u05dc\u05dc\u05d0-\u05e1\u05d9\u05d1\u05d9\u05dd-\u05e2\u05dc\u05de\u05d4.jpg\",\"datePublished\":\"2023-06-04T10:16:42+00:00\",\"dateModified\":\"2026-04-09T23:35:02+00:00\",\"description\":\"\u05e4\u05d3 \u05e0\u05d9\u05d8\u05e8\u05d5\u05dc \u05dc\u05dc\u05d0 \u05e1\u05d9\u05d1\u05d9\u05dd 5*5 \u05e1\u05de. \u05dc\u05dc\u05d0 \u05e1\u05d9\u05d1\u05d9\u05dd \u05e0\u05d5\u05d7 \u05dc\u05e9\u05dc\u05d9\u05e4\u05d4 \u05e2\u05dd \u05e4\u05e8\u05e4\u05d5\u05e8\u05e6\u05d9\u05d4 500 \u05d9\u05d7\u05d9\u05d3\u05d5\u05ea\",\"breadcrumb\":{\"@id\":\"https:\/\/glamourshop.co.il\/product\/pad-nitrol-alma\/#breadcrumb\"},\"inLanguage\":\"fr-FR\",\"potentialAction\":[{\"@type\":\"ReadAction\",\"target\":[\"https:\/\/glamourshop.co.il\/product\/pad-nitrol-alma\/\"]}]},{\"@type\":\"ImageObject\",\"inLanguage\":\"fr-FR\",\"@id\":\"https:\/\/glamourshop.co.il\/product\/pad-nitrol-alma\/#primaryimage\",\"url\":\"https:\/\/glamourshop.co.il\/wp-content\/uploads\/2023\/06\/\u05e4\u05d3-\u05dc\u05dc\u05d0-\u05e1\u05d9\u05d1\u05d9\u05dd-\u05e2\u05dc\u05de\u05d4.jpg\",\"contentUrl\":\"https:\/\/glamourshop.co.il\/wp-content\/uploads\/2023\/06\/\u05e4\u05d3-\u05dc\u05dc\u05d0-\u05e1\u05d9\u05d1\u05d9\u05dd-\u05e2\u05dc\u05de\u05d4.jpg\",\"width\":1080,\"height\":1080,\"caption\":\"\u05dc\u05dc\u05d0 \u05e1\u05d9\u05d1\u05d9\u05dd \u05e2\u05dc\u05de\u05d4\"},{\"@type\":\"BreadcrumbList\",\"@id\":\"https:\/\/glamourshop.co.il\/product\/pad-nitrol-alma\/#breadcrumb\",\"itemListElement\":[{\"@type\":\"ListItem\",\"position\":1,\"name\":\"\u05d3\u05e3 \u05d4\u05d1\u05d9\u05ea\",\"item\":\"https:\/\/glamourshop.co.il\/\"},{\"@type\":\"ListItem\",\"position\":2,\"name\":\"\u05de\u05d5\u05e6\u05e8\u05d9\u05dd\",\"item\":\"https:\/\/glamourshop.co.il\/shop\/\"},{\"@type\":\"ListItem\",\"position\":3,\"name\":\"\u05e4\u05d3 \u05e0\u05d9\u05d8\u05e8\u05d5\u05dc \u05dc\u05dc\u05d0 \u05e1\u05d9\u05d1\u05d9\u05dd \u05e2\u05dc\u05de\u05d4 &#8211; 500 \u05d9\u05d7\u05d9\u05d3\u05d5\u05ea\"}]},{\"@type\":\"WebSite\",\"@id\":\"https:\/\/glamourshop.co.il\/#website\",\"url\":\"https:\/\/glamourshop.co.il\/\",\"name\":\"\u05d2\u05dc\u05de\u05d5\u05e8 \u05e9\u05d5\u05e4\",\"description\":\"\u201c\u05d2\u05dc\u05de\u05d5\u05e8\u201d \u05d4\u05d9\u05e0\u05d5 \u05de\u05d5\u05ea\u05d2 \u05d9\u05e9\u05e8\u05d0\u05dc\u05d9 \u05d4\u05de\u05ea\u05de\u05d7\u05d4 \u05d1\u05d9\u05d9\u05e6\u05d5\u05e8 \u05d5\u05e9\u05d9\u05d5\u05d5\u05e7 \u05de\u05d5\u05e6\u05e8\u05d9 \u05d1\u05e0\u05d9\u05d9\u05ea \u05e6\u05d9\u05e4\u05d5\u05e8\u05e0\u05d9\u05d9\u05dd, \u05dc\u05e7 \u05d2\u2019\u05dc \u05d5\u05e6\u05d9\u05d5\u05d3 \u05dc\u05de\u05e0\u05d9\u05e7\u05d5\u05e8.\",\"publisher\":{\"@id\":\"https:\/\/glamourshop.co.il\/#organization\"},\"potentialAction\":[{\"@type\":\"SearchAction\",\"target\":{\"@type\":\"EntryPoint\",\"urlTemplate\":\"https:\/\/glamourshop.co.il\/?s={search_term_string}\"},\"query-input\":{\"@type\":\"PropertyValueSpecification\",\"valueRequired\":true,\"valueName\":\"search_term_string\"}}],\"inLanguage\":\"fr-FR\"},{\"@type\":\"Organization\",\"@id\":\"https:\/\/glamourshop.co.il\/#organization\",\"name\":\"Glamour Shop\",\"url\":\"https:\/\/glamourshop.co.il\/\",\"logo\":{\"@type\":\"ImageObject\",\"inLanguage\":\"fr-FR\",\"@id\":\"https:\/\/glamourshop.co.il\/#\/schema\/logo\/image\/\",\"url\":\"https:\/\/glamourshop.co.il\/wp-content\/uploads\/2022\/04\/seo-logo.jpg\",\"contentUrl\":\"https:\/\/glamourshop.co.il\/wp-content\/uploads\/2022\/04\/seo-logo.jpg\",\"width\":1080,\"height\":631,\"caption\":\"Glamour Shop\"},\"image\":{\"@id\":\"https:\/\/glamourshop.co.il\/#\/schema\/logo\/image\/\"},\"sameAs\":[\"https:\/\/www.facebook.com\/GlamourShopProfessionalNails\",\"https:\/\/www.instagram.com\/glamour_professional_nails\/\"]}]}<\/script>\n<!-- \/ Yoast SEO plugin. -->","yoast_head_json":{"title":"\u05e4\u05d3 \u05e0\u05d9\u05d8\u05e8\u05d5\u05dc \u05dc\u05dc\u05d0 \u05e1\u05d9\u05d1\u05d9\u05dd \u05e2\u05dc\u05de\u05d4 - 500 \u05d9\u05d7\u05d9\u05d3\u05d5\u05ea | \u05d2\u05dc\u05de\u05d5\u05e8 \u05e9\u05d5\u05e4","description":"\u05e4\u05d3 \u05e0\u05d9\u05d8\u05e8\u05d5\u05dc \u05dc\u05dc\u05d0 \u05e1\u05d9\u05d1\u05d9\u05dd 5*5 \u05e1\u05de. \u05dc\u05dc\u05d0 \u05e1\u05d9\u05d1\u05d9\u05dd  \u05e0\u05d5\u05d7 \u05dc\u05e9\u05dc\u05d9\u05e4\u05d4 \u05e2\u05dd \u05e4\u05e8\u05e4\u05d5\u05e8\u05e6\u05d9\u05d4  500 \u05d9\u05d7\u05d9\u05d3\u05d5\u05ea","robots":{"index":"index","follow":"follow","max-snippet":"max-snippet:-1","max-image-preview":"max-image-preview:large","max-video-preview":"max-video-preview:-1"},"canonical":"https:\/\/glamourshop.co.il\/fr\/produit\/pad-nitrol-alma\/","og_locale":"fr_FR","og_type":"article","og_title":"\u05e4\u05d3 \u05e0\u05d9\u05d8\u05e8\u05d5\u05dc \u05dc\u05dc\u05d0 \u05e1\u05d9\u05d1\u05d9\u05dd \u05e2\u05dc\u05de\u05d4 - 500 \u05d9\u05d7\u05d9\u05d3\u05d5\u05ea | \u05d2\u05dc\u05de\u05d5\u05e8 \u05e9\u05d5\u05e4","og_description":"\u05e4\u05d3 \u05e0\u05d9\u05d8\u05e8\u05d5\u05dc \u05dc\u05dc\u05d0 \u05e1\u05d9\u05d1\u05d9\u05dd 5*5 \u05e1\u05de. \u05dc\u05dc\u05d0 \u05e1\u05d9\u05d1\u05d9\u05dd  \u05e0\u05d5\u05d7 \u05dc\u05e9\u05dc\u05d9\u05e4\u05d4 \u05e2\u05dd \u05e4\u05e8\u05e4\u05d5\u05e8\u05e6\u05d9\u05d4  500 \u05d9\u05d7\u05d9\u05d3\u05d5\u05ea","og_url":"https:\/\/glamourshop.co.il\/fr\/produit\/pad-nitrol-alma\/","og_site_name":"\u05d2\u05dc\u05de\u05d5\u05e8 \u05e9\u05d5\u05e4","article_publisher":"https:\/\/www.facebook.com\/GlamourShopProfessionalNails","article_modified_time":"2026-04-09T23:35:02+00:00","og_image":[{"width":1080,"height":1080,"url":"https:\/\/glamourshop.co.il\/wp-content\/uploads\/2023\/06\/\u05e4\u05d3-\u05dc\u05dc\u05d0-\u05e1\u05d9\u05d1\u05d9\u05dd-\u05e2\u05dc\u05de\u05d4.jpg","type":"image\/jpeg"}],"twitter_card":"summary_large_image","schema":{"@context":"https:\/\/schema.org","@graph":[{"@type":["WebPage","ItemPage"],"@id":"https:\/\/glamourshop.co.il\/product\/pad-nitrol-alma\/","url":"https:\/\/glamourshop.co.il\/product\/pad-nitrol-alma\/","name":"\u05e4\u05d3 \u05e0\u05d9\u05d8\u05e8\u05d5\u05dc \u05dc\u05dc\u05d0 \u05e1\u05d9\u05d1\u05d9\u05dd \u05e2\u05dc\u05de\u05d4 - 500 \u05d9\u05d7\u05d9\u05d3\u05d5\u05ea | \u05d2\u05dc\u05de\u05d5\u05e8 \u05e9\u05d5\u05e4","isPartOf":{"@id":"https:\/\/glamourshop.co.il\/#website"},"primaryImageOfPage":{"@id":"https:\/\/glamourshop.co.il\/product\/pad-nitrol-alma\/#primaryimage"},"image":{"@id":"https:\/\/glamourshop.co.il\/product\/pad-nitrol-alma\/#primaryimage"},"thumbnailUrl":"https:\/\/glamourshop.co.il\/wp-content\/uploads\/2023\/06\/\u05e4\u05d3-\u05dc\u05dc\u05d0-\u05e1\u05d9\u05d1\u05d9\u05dd-\u05e2\u05dc\u05de\u05d4.jpg","datePublished":"2023-06-04T10:16:42+00:00","dateModified":"2026-04-09T23:35:02+00:00","description":"\u05e4\u05d3 \u05e0\u05d9\u05d8\u05e8\u05d5\u05dc \u05dc\u05dc\u05d0 \u05e1\u05d9\u05d1\u05d9\u05dd 5*5 \u05e1\u05de. \u05dc\u05dc\u05d0 \u05e1\u05d9\u05d1\u05d9\u05dd \u05e0\u05d5\u05d7 \u05dc\u05e9\u05dc\u05d9\u05e4\u05d4 \u05e2\u05dd \u05e4\u05e8\u05e4\u05d5\u05e8\u05e6\u05d9\u05d4 500 \u05d9\u05d7\u05d9\u05d3\u05d5\u05ea","breadcrumb":{"@id":"https:\/\/glamourshop.co.il\/product\/pad-nitrol-alma\/#breadcrumb"},"inLanguage":"fr-FR","potentialAction":[{"@type":"ReadAction","target":["https:\/\/glamourshop.co.il\/product\/pad-nitrol-alma\/"]}]},{"@type":"ImageObject","inLanguage":"fr-FR","@id":"https:\/\/glamourshop.co.il\/product\/pad-nitrol-alma\/#primaryimage","url":"https:\/\/glamourshop.co.il\/wp-content\/uploads\/2023\/06\/\u05e4\u05d3-\u05dc\u05dc\u05d0-\u05e1\u05d9\u05d1\u05d9\u05dd-\u05e2\u05dc\u05de\u05d4.jpg","contentUrl":"https:\/\/glamourshop.co.il\/wp-content\/uploads\/2023\/06\/\u05e4\u05d3-\u05dc\u05dc\u05d0-\u05e1\u05d9\u05d1\u05d9\u05dd-\u05e2\u05dc\u05de\u05d4.jpg","width":1080,"height":1080,"caption":"\u05dc\u05dc\u05d0 \u05e1\u05d9\u05d1\u05d9\u05dd \u05e2\u05dc\u05de\u05d4"},{"@type":"BreadcrumbList","@id":"https:\/\/glamourshop.co.il\/product\/pad-nitrol-alma\/#breadcrumb","itemListElement":[{"@type":"ListItem","position":1,"name":"\u05d3\u05e3 \u05d4\u05d1\u05d9\u05ea","item":"https:\/\/glamourshop.co.il\/"},{"@type":"ListItem","position":2,"name":"\u05de\u05d5\u05e6\u05e8\u05d9\u05dd","item":"https:\/\/glamourshop.co.il\/shop\/"},{"@type":"ListItem","position":3,"name":"\u05e4\u05d3 \u05e0\u05d9\u05d8\u05e8\u05d5\u05dc \u05dc\u05dc\u05d0 \u05e1\u05d9\u05d1\u05d9\u05dd \u05e2\u05dc\u05de\u05d4 &#8211; 500 \u05d9\u05d7\u05d9\u05d3\u05d5\u05ea"}]},{"@type":"WebSite","@id":"https:\/\/glamourshop.co.il\/#website","url":"https:\/\/glamourshop.co.il\/","name":"Galmore Shop","description":"\u201c Galmor \u201d est une marque isra\u00e9lienne sp\u00e9cialis\u00e9e dans la fabrication et la commercialisation de produits pour la construction d'ongles, de vernis gel et d'\u00e9quipements pour manucure.","publisher":{"@id":"https:\/\/glamourshop.co.il\/#organization"},"potentialAction":[{"@type":"SearchAction","target":{"@type":"EntryPoint","urlTemplate":"https:\/\/glamourshop.co.il\/?s={search_term_string}"},"query-input":{"@type":"PropertyValueSpecification","valueRequired":true,"valueName":"search_term_string"}}],"inLanguage":"fr-FR"},{"@type":"Organization","@id":"https:\/\/glamourshop.co.il\/#organization","name":"Boutique Glamour","url":"https:\/\/glamourshop.co.il\/","logo":{"@type":"ImageObject","inLanguage":"fr-FR","@id":"https:\/\/glamourshop.co.il\/#\/schema\/logo\/image\/","url":"https:\/\/glamourshop.co.il\/wp-content\/uploads\/2022\/04\/seo-logo.jpg","contentUrl":"https:\/\/glamourshop.co.il\/wp-content\/uploads\/2022\/04\/seo-logo.jpg","width":1080,"height":631,"caption":"Glamour Shop"},"image":{"@id":"https:\/\/glamourshop.co.il\/#\/schema\/logo\/image\/"},"sameAs":["https:\/\/www.facebook.com\/GlamourShopProfessionalNails","https:\/\/www.instagram.com\/glamour_professional_nails\/"]}]}},"uagb_featured_image_src":{"full":["https:\/\/glamourshop.co.il\/wp-content\/uploads\/2023\/06\/\u05e4\u05d3-\u05dc\u05dc\u05d0-\u05e1\u05d9\u05d1\u05d9\u05dd-\u05e2\u05dc\u05de\u05d4.jpg",1080,1080,false],"thumbnail":["https:\/\/glamourshop.co.il\/wp-content\/uploads\/2023\/06\/\u05e4\u05d3-\u05dc\u05dc\u05d0-\u05e1\u05d9\u05d1\u05d9\u05dd-\u05e2\u05dc\u05de\u05d4-300x300.jpg",300,300,true],"medium":["https:\/\/glamourshop.co.il\/wp-content\/uploads\/2023\/06\/\u05e4\u05d3-\u05dc\u05dc\u05d0-\u05e1\u05d9\u05d1\u05d9\u05dd-\u05e2\u05dc\u05de\u05d4-400x400.jpg",400,400,true],"medium_large":["https:\/\/glamourshop.co.il\/wp-content\/uploads\/2023\/06\/\u05e4\u05d3-\u05dc\u05dc\u05d0-\u05e1\u05d9\u05d1\u05d9\u05dd-\u05e2\u05dc\u05de\u05d4-768x768.jpg",768,768,true],"large":["https:\/\/glamourshop.co.il\/wp-content\/uploads\/2023\/06\/\u05e4\u05d3-\u05dc\u05dc\u05d0-\u05e1\u05d9\u05d1\u05d9\u05dd-\u05e2\u05dc\u05de\u05d4-800x800.jpg",800,800,true],"1536x1536":["https:\/\/glamourshop.co.il\/wp-content\/uploads\/2023\/06\/\u05e4\u05d3-\u05dc\u05dc\u05d0-\u05e1\u05d9\u05d1\u05d9\u05dd-\u05e2\u05dc\u05de\u05d4.jpg",1080,1080,false],"2048x2048":["https:\/\/glamourshop.co.il\/wp-content\/uploads\/2023\/06\/\u05e4\u05d3-\u05dc\u05dc\u05d0-\u05e1\u05d9\u05d1\u05d9\u05dd-\u05e2\u05dc\u05de\u05d4.jpg",1080,1080,false],"trp-custom-language-flag":["https:\/\/glamourshop.co.il\/wp-content\/uploads\/2023\/06\/\u05e4\u05d3-\u05dc\u05dc\u05d0-\u05e1\u05d9\u05d1\u05d9\u05dd-\u05e2\u05dc\u05de\u05d4.jpg",12,12,false],"icon":["https:\/\/glamourshop.co.il\/wp-content\/uploads\/2023\/06\/\u05e4\u05d3-\u05dc\u05dc\u05d0-\u05e1\u05d9\u05d1\u05d9\u05dd-\u05e2\u05dc\u05de\u05d4.jpg",1080,1080,false],"oc-product-thumbnail":["https:\/\/glamourshop.co.il\/wp-content\/uploads\/2023\/06\/\u05e4\u05d3-\u05dc\u05dc\u05d0-\u05e1\u05d9\u05d1\u05d9\u05dd-\u05e2\u05dc\u05de\u05d4.jpg",149,149,false],"oc-product-single-image":["https:\/\/glamourshop.co.il\/wp-content\/uploads\/2023\/06\/\u05e4\u05d3-\u05dc\u05dc\u05d0-\u05e1\u05d9\u05d1\u05d9\u05dd-\u05e2\u05dc\u05de\u05d4.jpg",727,727,false],"oc-product-archive-thumbnail":["https:\/\/glamourshop.co.il\/wp-content\/uploads\/2023\/06\/\u05e4\u05d3-\u05dc\u05dc\u05d0-\u05e1\u05d9\u05d1\u05d9\u05dd-\u05e2\u05dc\u05de\u05d4.jpg",422,422,false],"woocommerce_thumbnail":["https:\/\/glamourshop.co.il\/wp-content\/uploads\/2023\/06\/\u05e4\u05d3-\u05dc\u05dc\u05d0-\u05e1\u05d9\u05d1\u05d9\u05dd-\u05e2\u05dc\u05de\u05d4-500x500.jpg",500,500,true],"woocommerce_single":["https:\/\/glamourshop.co.il\/wp-content\/uploads\/2023\/06\/\u05e4\u05d3-\u05dc\u05dc\u05d0-\u05e1\u05d9\u05d1\u05d9\u05dd-\u05e2\u05dc\u05de\u05d4-600x600.jpg",600,600,true],"woocommerce_gallery_thumbnail":["https:\/\/glamourshop.co.il\/wp-content\/uploads\/2023\/06\/\u05e4\u05d3-\u05dc\u05dc\u05d0-\u05e1\u05d9\u05d1\u05d9\u05dd-\u05e2\u05dc\u05de\u05d4-100x100.jpg",100,100,true]},"uagb_author_info":{"display_name":"","author_link":"https:\/\/glamourshop.co.il\/fr\/author\/"},"uagb_comment_info":0,"uagb_excerpt":"\u05e4\u05d3 \u05e0\u05d9\u05d8\u05e8\u05d5\u05dc \u05dc\u05dc\u05d0 \u05e1\u05d9\u05d1\u05d9\u05dd 5*5 \u05e1\u05de. \u05dc\u05dc\u05d0 \u05e1\u05d9\u05d1\u05d9\u05dd \u05e0\u05d5\u05d7 \u05dc\u05e9\u05dc\u05d9\u05e4\u05d4 \u05e2\u05dd \u05e4\u05e8\u05e4\u05d5\u05e8\u05e6\u05d9\u05d4 500 \u05d9\u05d7\u05d9\u05d3\u05d5\u05ea","_links":{"self":[{"href":"https:\/\/glamourshop.co.il\/fr\/wp-json\/wp\/v2\/product\/19681","targetHints":{"allow":["GET"]}}],"collection":[{"href":"https:\/\/glamourshop.co.il\/fr\/wp-json\/wp\/v2\/product"}],"about":[{"href":"https:\/\/glamourshop.co.il\/fr\/wp-json\/wp\/v2\/types\/product"}],"replies":[{"embeddable":true,"href":"https:\/\/glamourshop.co.il\/fr\/wp-json\/wp\/v2\/comments?post=19681"}],"wp:featuredmedia":[{"embeddable":true,"href":"https:\/\/glamourshop.co.il\/fr\/wp-json\/wp\/v2\/media\/21439"}],"wp:attachment":[{"href":"https:\/\/glamourshop.co.il\/fr\/wp-json\/wp\/v2\/media?parent=19681"}],"wp:term":[{"taxonomy":"product_brand","embeddable":true,"href":"https:\/\/glamourshop.co.il\/fr\/wp-json\/wp\/v2\/product_brand?post=19681"},{"taxonomy":"product_cat","embeddable":true,"href":"https:\/\/glamourshop.co.il\/fr\/wp-json\/wp\/v2\/product_cat?post=19681"},{"taxonomy":"product_tag","embeddable":true,"href":"https:\/\/glamourshop.co.il\/fr\/wp-json\/wp\/v2\/product_tag?post=19681"}],"curies":[{"name":"wp","href":"https:\/\/api.w.org\/{rel}","templated":true}]}}