
{"id":21094,"date":"2023-08-09T17:49:39","date_gmt":"2023-08-09T14:49:39","guid":{"rendered":"https:\/\/devbee1.glamourshop.co.il.bee1.cloud\/?post_type=product&#038;p=21094"},"modified":"2026-04-04T02:34:19","modified_gmt":"2026-04-03T23:34:19","slug":"gel-polish-color-collection-42-toffy","status":"publish","type":"product","link":"https:\/\/glamourshop.co.il\/fr\/produit\/gel-polish-color-collection-42-toffy\/","title":{"rendered":"\u05dc\u05e7 \u05d2'\u05dc \u05e7\u05d5\u05dc\u05e7\u05e6\u05d9\u05d9\u05ea \u05e6\u05d1\u05e2\u05d9 \u05e0\u05d9\u05d5\u05d3 #42 &#8211; (144-147)"},"content":{"rendered":"<p style=\"direction: rtl\">Avez-vous d\u00e9j\u00e0 essay\u00e9 les pigments Glamour ?<\/p>\n<p style=\"direction: rtl\">\u2714 Formule et pigments riches.<br \/>\n\u2714 Application agr\u00e9able et facile gr\u00e2ce \u00e0 la texture du gel et \u00e0 la brosse en silicone unique.<br \/>\n\u2714 Les gels conviennent aux personnes allergiques et sensibles.<br \/>\n\u2714 Flacon luxueux de 17 ml.<br \/>\n\u2714 Non test\u00e9 sur les animaux.<\/p>","protected":false},"excerpt":{"rendered":"<p style=\"direction: rtl\">Sp\u00e9cialement pour vous,<br \/>\nNous avons compos\u00e9 des combinaisons de couleurs gagnantes qui vous \u00e9viteront les dilemmes et vous offriront une multitude de combinaisons pour une manucure parfaite !<\/p>\n<p>\u05e2\u05e8\u05db\u05d4 \u05d6\u05d5 \u05db\u05d5\u05dc\u05dc\u05ea 4 \u05d2\u05d5\u05d5\u05e0\u05d9 \u05d8\u05d5\u05e4\u05d9 \u05e7\u05e8\u05de\u05dc :<br \/>\n<a href=\"https:\/\/glamourshop.co.il\/fr\/shop\/%d7%9c%d7%a7-%d7%92%d7%9c-%d7%9e%d7%a1-144-17-%d7%9e%d7%9c-glamour\/\">NO.144<\/a> | <a href=\"https:\/\/glamourshop.co.il\/fr\/shop\/%d7%9c%d7%a7-%d7%92%d7%9c-%d7%9e%d7%a1-145-17-%d7%9e%d7%9c-glamour\/\">NO.145<\/a> | <a href=\"https:\/\/glamourshop.co.il\/fr\/shop\/%d7%9c%d7%a7-%d7%92%d7%9c-%d7%9e%d7%a1-146-17-%d7%9e%d7%9c-glamour\/\">NO.146<\/a> | <a href=\"https:\/\/glamourshop.co.il\/fr\/shop\/%d7%9c%d7%a7-%d7%92%d7%9c-%d7%9e%d7%a1-147-17-%d7%9e%d7%9c-glamour\/\">NO.147<\/a><\/p>","protected":false},"featured_media":21396,"comment_status":"open","ping_status":"closed","template":"","meta":{"_uag_custom_page_level_css":""},"product_brand":[],"product_cat":[830,831,517],"product_tag":[151,739,440],"class_list":{"0":"post-21094","1":"product","2":"type-product","3":"status-publish","4":"has-post-thumbnail","6":"product_cat-830","7":"product_cat-831","8":"product_cat-collections","9":"product_tag-glamour","10":"product_tag-739","11":"product_tag-mobility","12":"desktop","14":"first","15":"instock","16":"sale","17":"shipping-taxable","18":"purchasable","19":"product-type-simple"},"acf":[],"yoast_head":"<!-- This site is optimized with the Yoast SEO plugin v26.0 - https:\/\/yoast.com\/wordpress\/plugins\/seo\/ -->\n<title>\u05dc\u05e7 \u05d2&#039;\u05dc \u05e7\u05d5\u05dc\u05e7\u05e6\u05d9\u05d9\u05ea \u05e6\u05d1\u05e2\u05d9 \u05e0\u05d9\u05d5\u05d3 #42 - (144-147) | \u05d2\u05dc\u05de\u05d5\u05e8 \u05e9\u05d5\u05e4<\/title>\n<meta name=\"description\" content=\"\u05d1\u05de\u05d9\u05d5\u05d7\u05d3 \u05d1\u05e9\u05d1\u05d9\u05dc\u05da, \u05d4\u05e8\u05db\u05d1\u05e0\u05d5 \u05e9\u05d9\u05dc\u05d5\u05d1\u05d9 \u05e6\u05d1\u05e2\u05d9\u05dd \u05de\u05e0\u05e6\u05d7\u05d9\u05dd \u05e9\u05d9\u05d7\u05e1\u05db\u05d5 \u05dc\u05db\u05da \u05d0\u05ea \u05d4\u05d3\u05d9\u05dc\u05de\u05d5\u05ea \u05d5\u05d9\u05d9\u05ea\u05e0\u05d5 \u05de\u05d2\u05d5\u05d5\u05df \u05e9\u05d9\u05dc\u05d5\u05d1\u05d9\u05dd \u05dc\u05de\u05e0\u05d9\u05e7\u05d5\u05e8 \u05d4\u05de\u05d5\u05e9\u05dc\u05dd! \u05e2\u05e8\u05db\u05d4 \u05d6\u05d5 \u05db\u05d5\u05dc\u05dc\u05ea 4 \u05d2\u05d5\u05d5\u05e0\u05d9 \u05d8\u05d5\u05e4\u05d9 \u05e7\u05e8\u05de\u05dc : NO.144 | NO.145 | NO.146 | NO.147\" \/>\n<meta name=\"robots\" content=\"index, follow, max-snippet:-1, max-image-preview:large, max-video-preview:-1\" \/>\n<link rel=\"canonical\" href=\"https:\/\/glamourshop.co.il\/fr\/produit\/gel-polish-color-collection-42-toffy\/\" \/>\n<meta property=\"og:locale\" content=\"fr_FR\" \/>\n<meta property=\"og:type\" content=\"article\" \/>\n<meta property=\"og:title\" content=\"\u05dc\u05e7 \u05d2&#039;\u05dc \u05e7\u05d5\u05dc\u05e7\u05e6\u05d9\u05d9\u05ea \u05e6\u05d1\u05e2\u05d9 \u05e0\u05d9\u05d5\u05d3 #42 - (144-147) | \u05d2\u05dc\u05de\u05d5\u05e8 \u05e9\u05d5\u05e4\" \/>\n<meta property=\"og:description\" content=\"\u05d1\u05de\u05d9\u05d5\u05d7\u05d3 \u05d1\u05e9\u05d1\u05d9\u05dc\u05da, \u05d4\u05e8\u05db\u05d1\u05e0\u05d5 \u05e9\u05d9\u05dc\u05d5\u05d1\u05d9 \u05e6\u05d1\u05e2\u05d9\u05dd \u05de\u05e0\u05e6\u05d7\u05d9\u05dd \u05e9\u05d9\u05d7\u05e1\u05db\u05d5 \u05dc\u05db\u05da \u05d0\u05ea \u05d4\u05d3\u05d9\u05dc\u05de\u05d5\u05ea \u05d5\u05d9\u05d9\u05ea\u05e0\u05d5 \u05de\u05d2\u05d5\u05d5\u05df \u05e9\u05d9\u05dc\u05d5\u05d1\u05d9\u05dd \u05dc\u05de\u05e0\u05d9\u05e7\u05d5\u05e8 \u05d4\u05de\u05d5\u05e9\u05dc\u05dd! \u05e2\u05e8\u05db\u05d4 \u05d6\u05d5 \u05db\u05d5\u05dc\u05dc\u05ea 4 \u05d2\u05d5\u05d5\u05e0\u05d9 \u05d8\u05d5\u05e4\u05d9 \u05e7\u05e8\u05de\u05dc : NO.144 | NO.145 | NO.146 | NO.147\" \/>\n<meta property=\"og:url\" content=\"https:\/\/glamourshop.co.il\/fr\/produit\/gel-polish-color-collection-42-toffy\/\" \/>\n<meta property=\"og:site_name\" content=\"\u05d2\u05dc\u05de\u05d5\u05e8 \u05e9\u05d5\u05e4\" \/>\n<meta property=\"article:publisher\" content=\"https:\/\/www.facebook.com\/GlamourShopProfessionalNails\" \/>\n<meta property=\"article:modified_time\" content=\"2026-04-03T23:34:19+00:00\" \/>\n<meta property=\"og:image\" content=\"https:\/\/glamourshop.co.il\/wp-content\/uploads\/2023\/08\/\u05e7\u05d5\u05dc\u05e7\u05e6\u05d9\u05d9\u05ea-\u05d8\u05d5\u05e4\u05d9144-147-scaled.jpg\" \/>\n\t<meta property=\"og:image:width\" content=\"820\" \/>\n\t<meta property=\"og:image:height\" content=\"820\" \/>\n\t<meta property=\"og:image:type\" content=\"image\/jpeg\" \/>\n<meta name=\"twitter:card\" content=\"summary_large_image\" \/>\n<meta name=\"twitter:label1\" content=\"Dur\u00e9e de lecture estim\u00e9e\" \/>\n\t<meta name=\"twitter:data1\" content=\"1 minute\" \/>\n<script type=\"application\/ld+json\" class=\"yoast-schema-graph\">{\"@context\":\"https:\/\/schema.org\",\"@graph\":[{\"@type\":[\"WebPage\",\"ItemPage\"],\"@id\":\"https:\/\/glamourshop.co.il\/product\/gel-polish-color-collection-42-toffy\/\",\"url\":\"https:\/\/glamourshop.co.il\/product\/gel-polish-color-collection-42-toffy\/\",\"name\":\"\u05dc\u05e7 \u05d2'\u05dc \u05e7\u05d5\u05dc\u05e7\u05e6\u05d9\u05d9\u05ea \u05e6\u05d1\u05e2\u05d9 \u05e0\u05d9\u05d5\u05d3 #42 - (144-147) | \u05d2\u05dc\u05de\u05d5\u05e8 \u05e9\u05d5\u05e4\",\"isPartOf\":{\"@id\":\"https:\/\/glamourshop.co.il\/#website\"},\"primaryImageOfPage\":{\"@id\":\"https:\/\/glamourshop.co.il\/product\/gel-polish-color-collection-42-toffy\/#primaryimage\"},\"image\":{\"@id\":\"https:\/\/glamourshop.co.il\/product\/gel-polish-color-collection-42-toffy\/#primaryimage\"},\"thumbnailUrl\":\"https:\/\/glamourshop.co.il\/wp-content\/uploads\/2023\/08\/\u05e7\u05d5\u05dc\u05e7\u05e6\u05d9\u05d9\u05ea-\u05d8\u05d5\u05e4\u05d9144-147-scaled.jpg\",\"datePublished\":\"2023-08-09T14:49:39+00:00\",\"dateModified\":\"2026-04-03T23:34:19+00:00\",\"description\":\"\u05d1\u05de\u05d9\u05d5\u05d7\u05d3 \u05d1\u05e9\u05d1\u05d9\u05dc\u05da, \u05d4\u05e8\u05db\u05d1\u05e0\u05d5 \u05e9\u05d9\u05dc\u05d5\u05d1\u05d9 \u05e6\u05d1\u05e2\u05d9\u05dd \u05de\u05e0\u05e6\u05d7\u05d9\u05dd \u05e9\u05d9\u05d7\u05e1\u05db\u05d5 \u05dc\u05db\u05da \u05d0\u05ea \u05d4\u05d3\u05d9\u05dc\u05de\u05d5\u05ea \u05d5\u05d9\u05d9\u05ea\u05e0\u05d5 \u05de\u05d2\u05d5\u05d5\u05df \u05e9\u05d9\u05dc\u05d5\u05d1\u05d9\u05dd \u05dc\u05de\u05e0\u05d9\u05e7\u05d5\u05e8 \u05d4\u05de\u05d5\u05e9\u05dc\u05dd! \u05e2\u05e8\u05db\u05d4 \u05d6\u05d5 \u05db\u05d5\u05dc\u05dc\u05ea 4 \u05d2\u05d5\u05d5\u05e0\u05d9 \u05d8\u05d5\u05e4\u05d9 \u05e7\u05e8\u05de\u05dc : NO.144 | NO.145 | NO.146 | NO.147\",\"breadcrumb\":{\"@id\":\"https:\/\/glamourshop.co.il\/product\/gel-polish-color-collection-42-toffy\/#breadcrumb\"},\"inLanguage\":\"fr-FR\",\"potentialAction\":[{\"@type\":\"ReadAction\",\"target\":[\"https:\/\/glamourshop.co.il\/product\/gel-polish-color-collection-42-toffy\/\"]}]},{\"@type\":\"ImageObject\",\"inLanguage\":\"fr-FR\",\"@id\":\"https:\/\/glamourshop.co.il\/product\/gel-polish-color-collection-42-toffy\/#primaryimage\",\"url\":\"https:\/\/glamourshop.co.il\/wp-content\/uploads\/2023\/08\/\u05e7\u05d5\u05dc\u05e7\u05e6\u05d9\u05d9\u05ea-\u05d8\u05d5\u05e4\u05d9144-147-scaled.jpg\",\"contentUrl\":\"https:\/\/glamourshop.co.il\/wp-content\/uploads\/2023\/08\/\u05e7\u05d5\u05dc\u05e7\u05e6\u05d9\u05d9\u05ea-\u05d8\u05d5\u05e4\u05d9144-147-scaled.jpg\",\"width\":820,\"height\":820,\"caption\":\"\u05d8\u05d5\u05e4\u05d9144 147 scaled\"},{\"@type\":\"BreadcrumbList\",\"@id\":\"https:\/\/glamourshop.co.il\/product\/gel-polish-color-collection-42-toffy\/#breadcrumb\",\"itemListElement\":[{\"@type\":\"ListItem\",\"position\":1,\"name\":\"\u05d3\u05e3 \u05d4\u05d1\u05d9\u05ea\",\"item\":\"https:\/\/glamourshop.co.il\/\"},{\"@type\":\"ListItem\",\"position\":2,\"name\":\"\u05de\u05d5\u05e6\u05e8\u05d9\u05dd\",\"item\":\"https:\/\/glamourshop.co.il\/shop\/\"},{\"@type\":\"ListItem\",\"position\":3,\"name\":\"\u05dc\u05e7 \u05d2'\u05dc \u05e7\u05d5\u05dc\u05e7\u05e6\u05d9\u05d9\u05ea \u05e6\u05d1\u05e2\u05d9 \u05e0\u05d9\u05d5\u05d3 #42 &#8211; (144-147)\"}]},{\"@type\":\"WebSite\",\"@id\":\"https:\/\/glamourshop.co.il\/#website\",\"url\":\"https:\/\/glamourshop.co.il\/\",\"name\":\"\u05d2\u05dc\u05de\u05d5\u05e8 \u05e9\u05d5\u05e4\",\"description\":\"\u201c\u05d2\u05dc\u05de\u05d5\u05e8\u201d \u05d4\u05d9\u05e0\u05d5 \u05de\u05d5\u05ea\u05d2 \u05d9\u05e9\u05e8\u05d0\u05dc\u05d9 \u05d4\u05de\u05ea\u05de\u05d7\u05d4 \u05d1\u05d9\u05d9\u05e6\u05d5\u05e8 \u05d5\u05e9\u05d9\u05d5\u05d5\u05e7 \u05de\u05d5\u05e6\u05e8\u05d9 \u05d1\u05e0\u05d9\u05d9\u05ea \u05e6\u05d9\u05e4\u05d5\u05e8\u05e0\u05d9\u05d9\u05dd, \u05dc\u05e7 \u05d2\u2019\u05dc \u05d5\u05e6\u05d9\u05d5\u05d3 \u05dc\u05de\u05e0\u05d9\u05e7\u05d5\u05e8.\",\"publisher\":{\"@id\":\"https:\/\/glamourshop.co.il\/#organization\"},\"potentialAction\":[{\"@type\":\"SearchAction\",\"target\":{\"@type\":\"EntryPoint\",\"urlTemplate\":\"https:\/\/glamourshop.co.il\/?s={search_term_string}\"},\"query-input\":{\"@type\":\"PropertyValueSpecification\",\"valueRequired\":true,\"valueName\":\"search_term_string\"}}],\"inLanguage\":\"fr-FR\"},{\"@type\":\"Organization\",\"@id\":\"https:\/\/glamourshop.co.il\/#organization\",\"name\":\"Glamour Shop\",\"url\":\"https:\/\/glamourshop.co.il\/\",\"logo\":{\"@type\":\"ImageObject\",\"inLanguage\":\"fr-FR\",\"@id\":\"https:\/\/glamourshop.co.il\/#\/schema\/logo\/image\/\",\"url\":\"https:\/\/glamourshop.co.il\/wp-content\/uploads\/2022\/04\/seo-logo.jpg\",\"contentUrl\":\"https:\/\/glamourshop.co.il\/wp-content\/uploads\/2022\/04\/seo-logo.jpg\",\"width\":1080,\"height\":631,\"caption\":\"Glamour Shop\"},\"image\":{\"@id\":\"https:\/\/glamourshop.co.il\/#\/schema\/logo\/image\/\"},\"sameAs\":[\"https:\/\/www.facebook.com\/GlamourShopProfessionalNails\",\"https:\/\/www.instagram.com\/glamour_professional_nails\/\"]}]}<\/script>\n<!-- \/ Yoast SEO plugin. -->","yoast_head_json":{"title":"\u05dc\u05e7 \u05d2'\u05dc \u05e7\u05d5\u05dc\u05e7\u05e6\u05d9\u05d9\u05ea \u05e6\u05d1\u05e2\u05d9 \u05e0\u05d9\u05d5\u05d3 #42 - (144-147) | \u05d2\u05dc\u05de\u05d5\u05e8 \u05e9\u05d5\u05e4","description":"\u05d1\u05de\u05d9\u05d5\u05d7\u05d3 \u05d1\u05e9\u05d1\u05d9\u05dc\u05da, \u05d4\u05e8\u05db\u05d1\u05e0\u05d5 \u05e9\u05d9\u05dc\u05d5\u05d1\u05d9 \u05e6\u05d1\u05e2\u05d9\u05dd \u05de\u05e0\u05e6\u05d7\u05d9\u05dd \u05e9\u05d9\u05d7\u05e1\u05db\u05d5 \u05dc\u05db\u05da \u05d0\u05ea \u05d4\u05d3\u05d9\u05dc\u05de\u05d5\u05ea \u05d5\u05d9\u05d9\u05ea\u05e0\u05d5 \u05de\u05d2\u05d5\u05d5\u05df \u05e9\u05d9\u05dc\u05d5\u05d1\u05d9\u05dd \u05dc\u05de\u05e0\u05d9\u05e7\u05d5\u05e8 \u05d4\u05de\u05d5\u05e9\u05dc\u05dd! \u05e2\u05e8\u05db\u05d4 \u05d6\u05d5 \u05db\u05d5\u05dc\u05dc\u05ea 4 \u05d2\u05d5\u05d5\u05e0\u05d9 \u05d8\u05d5\u05e4\u05d9 \u05e7\u05e8\u05de\u05dc : NO.144 | NO.145 | NO.146 | NO.147","robots":{"index":"index","follow":"follow","max-snippet":"max-snippet:-1","max-image-preview":"max-image-preview:large","max-video-preview":"max-video-preview:-1"},"canonical":"https:\/\/glamourshop.co.il\/fr\/produit\/gel-polish-color-collection-42-toffy\/","og_locale":"fr_FR","og_type":"article","og_title":"\u05dc\u05e7 \u05d2'\u05dc \u05e7\u05d5\u05dc\u05e7\u05e6\u05d9\u05d9\u05ea \u05e6\u05d1\u05e2\u05d9 \u05e0\u05d9\u05d5\u05d3 #42 - (144-147) | \u05d2\u05dc\u05de\u05d5\u05e8 \u05e9\u05d5\u05e4","og_description":"\u05d1\u05de\u05d9\u05d5\u05d7\u05d3 \u05d1\u05e9\u05d1\u05d9\u05dc\u05da, \u05d4\u05e8\u05db\u05d1\u05e0\u05d5 \u05e9\u05d9\u05dc\u05d5\u05d1\u05d9 \u05e6\u05d1\u05e2\u05d9\u05dd \u05de\u05e0\u05e6\u05d7\u05d9\u05dd \u05e9\u05d9\u05d7\u05e1\u05db\u05d5 \u05dc\u05db\u05da \u05d0\u05ea \u05d4\u05d3\u05d9\u05dc\u05de\u05d5\u05ea \u05d5\u05d9\u05d9\u05ea\u05e0\u05d5 \u05de\u05d2\u05d5\u05d5\u05df \u05e9\u05d9\u05dc\u05d5\u05d1\u05d9\u05dd \u05dc\u05de\u05e0\u05d9\u05e7\u05d5\u05e8 \u05d4\u05de\u05d5\u05e9\u05dc\u05dd! \u05e2\u05e8\u05db\u05d4 \u05d6\u05d5 \u05db\u05d5\u05dc\u05dc\u05ea 4 \u05d2\u05d5\u05d5\u05e0\u05d9 \u05d8\u05d5\u05e4\u05d9 \u05e7\u05e8\u05de\u05dc : NO.144 | NO.145 | NO.146 | NO.147","og_url":"https:\/\/glamourshop.co.il\/fr\/produit\/gel-polish-color-collection-42-toffy\/","og_site_name":"\u05d2\u05dc\u05de\u05d5\u05e8 \u05e9\u05d5\u05e4","article_publisher":"https:\/\/www.facebook.com\/GlamourShopProfessionalNails","article_modified_time":"2026-04-03T23:34:19+00:00","og_image":[{"width":820,"height":820,"url":"https:\/\/glamourshop.co.il\/wp-content\/uploads\/2023\/08\/\u05e7\u05d5\u05dc\u05e7\u05e6\u05d9\u05d9\u05ea-\u05d8\u05d5\u05e4\u05d9144-147-scaled.jpg","type":"image\/jpeg"}],"twitter_card":"summary_large_image","twitter_misc":{"Dur\u00e9e de lecture estim\u00e9e":"1 minute"},"schema":{"@context":"https:\/\/schema.org","@graph":[{"@type":["WebPage","ItemPage"],"@id":"https:\/\/glamourshop.co.il\/product\/gel-polish-color-collection-42-toffy\/","url":"https:\/\/glamourshop.co.il\/product\/gel-polish-color-collection-42-toffy\/","name":"\u05dc\u05e7 \u05d2'\u05dc \u05e7\u05d5\u05dc\u05e7\u05e6\u05d9\u05d9\u05ea \u05e6\u05d1\u05e2\u05d9 \u05e0\u05d9\u05d5\u05d3 #42 - (144-147) | \u05d2\u05dc\u05de\u05d5\u05e8 \u05e9\u05d5\u05e4","isPartOf":{"@id":"https:\/\/glamourshop.co.il\/#website"},"primaryImageOfPage":{"@id":"https:\/\/glamourshop.co.il\/product\/gel-polish-color-collection-42-toffy\/#primaryimage"},"image":{"@id":"https:\/\/glamourshop.co.il\/product\/gel-polish-color-collection-42-toffy\/#primaryimage"},"thumbnailUrl":"https:\/\/glamourshop.co.il\/wp-content\/uploads\/2023\/08\/\u05e7\u05d5\u05dc\u05e7\u05e6\u05d9\u05d9\u05ea-\u05d8\u05d5\u05e4\u05d9144-147-scaled.jpg","datePublished":"2023-08-09T14:49:39+00:00","dateModified":"2026-04-03T23:34:19+00:00","description":"\u05d1\u05de\u05d9\u05d5\u05d7\u05d3 \u05d1\u05e9\u05d1\u05d9\u05dc\u05da, \u05d4\u05e8\u05db\u05d1\u05e0\u05d5 \u05e9\u05d9\u05dc\u05d5\u05d1\u05d9 \u05e6\u05d1\u05e2\u05d9\u05dd \u05de\u05e0\u05e6\u05d7\u05d9\u05dd \u05e9\u05d9\u05d7\u05e1\u05db\u05d5 \u05dc\u05db\u05da \u05d0\u05ea \u05d4\u05d3\u05d9\u05dc\u05de\u05d5\u05ea \u05d5\u05d9\u05d9\u05ea\u05e0\u05d5 \u05de\u05d2\u05d5\u05d5\u05df \u05e9\u05d9\u05dc\u05d5\u05d1\u05d9\u05dd \u05dc\u05de\u05e0\u05d9\u05e7\u05d5\u05e8 \u05d4\u05de\u05d5\u05e9\u05dc\u05dd! \u05e2\u05e8\u05db\u05d4 \u05d6\u05d5 \u05db\u05d5\u05dc\u05dc\u05ea 4 \u05d2\u05d5\u05d5\u05e0\u05d9 \u05d8\u05d5\u05e4\u05d9 \u05e7\u05e8\u05de\u05dc : NO.144 | NO.145 | NO.146 | NO.147","breadcrumb":{"@id":"https:\/\/glamourshop.co.il\/product\/gel-polish-color-collection-42-toffy\/#breadcrumb"},"inLanguage":"fr-FR","potentialAction":[{"@type":"ReadAction","target":["https:\/\/glamourshop.co.il\/product\/gel-polish-color-collection-42-toffy\/"]}]},{"@type":"ImageObject","inLanguage":"fr-FR","@id":"https:\/\/glamourshop.co.il\/product\/gel-polish-color-collection-42-toffy\/#primaryimage","url":"https:\/\/glamourshop.co.il\/wp-content\/uploads\/2023\/08\/\u05e7\u05d5\u05dc\u05e7\u05e6\u05d9\u05d9\u05ea-\u05d8\u05d5\u05e4\u05d9144-147-scaled.jpg","contentUrl":"https:\/\/glamourshop.co.il\/wp-content\/uploads\/2023\/08\/\u05e7\u05d5\u05dc\u05e7\u05e6\u05d9\u05d9\u05ea-\u05d8\u05d5\u05e4\u05d9144-147-scaled.jpg","width":820,"height":820,"caption":"\u05d8\u05d5\u05e4\u05d9144 147 scaled"},{"@type":"BreadcrumbList","@id":"https:\/\/glamourshop.co.il\/product\/gel-polish-color-collection-42-toffy\/#breadcrumb","itemListElement":[{"@type":"ListItem","position":1,"name":"\u05d3\u05e3 \u05d4\u05d1\u05d9\u05ea","item":"https:\/\/glamourshop.co.il\/"},{"@type":"ListItem","position":2,"name":"\u05de\u05d5\u05e6\u05e8\u05d9\u05dd","item":"https:\/\/glamourshop.co.il\/shop\/"},{"@type":"ListItem","position":3,"name":"\u05dc\u05e7 \u05d2'\u05dc \u05e7\u05d5\u05dc\u05e7\u05e6\u05d9\u05d9\u05ea \u05e6\u05d1\u05e2\u05d9 \u05e0\u05d9\u05d5\u05d3 #42 &#8211; (144-147)"}]},{"@type":"WebSite","@id":"https:\/\/glamourshop.co.il\/#website","url":"https:\/\/glamourshop.co.il\/","name":"Galmore Shop","description":"\u201c Galmor \u201d est une marque isra\u00e9lienne sp\u00e9cialis\u00e9e dans la fabrication et la commercialisation de produits pour la construction d'ongles, de vernis gel et d'\u00e9quipements pour manucure.","publisher":{"@id":"https:\/\/glamourshop.co.il\/#organization"},"potentialAction":[{"@type":"SearchAction","target":{"@type":"EntryPoint","urlTemplate":"https:\/\/glamourshop.co.il\/?s={search_term_string}"},"query-input":{"@type":"PropertyValueSpecification","valueRequired":true,"valueName":"search_term_string"}}],"inLanguage":"fr-FR"},{"@type":"Organization","@id":"https:\/\/glamourshop.co.il\/#organization","name":"Boutique Glamour","url":"https:\/\/glamourshop.co.il\/","logo":{"@type":"ImageObject","inLanguage":"fr-FR","@id":"https:\/\/glamourshop.co.il\/#\/schema\/logo\/image\/","url":"https:\/\/glamourshop.co.il\/wp-content\/uploads\/2022\/04\/seo-logo.jpg","contentUrl":"https:\/\/glamourshop.co.il\/wp-content\/uploads\/2022\/04\/seo-logo.jpg","width":1080,"height":631,"caption":"Glamour Shop"},"image":{"@id":"https:\/\/glamourshop.co.il\/#\/schema\/logo\/image\/"},"sameAs":["https:\/\/www.facebook.com\/GlamourShopProfessionalNails","https:\/\/www.instagram.com\/glamour_professional_nails\/"]}]}},"uagb_featured_image_src":{"full":["https:\/\/glamourshop.co.il\/wp-content\/uploads\/2023\/08\/\u05e7\u05d5\u05dc\u05e7\u05e6\u05d9\u05d9\u05ea-\u05d8\u05d5\u05e4\u05d9144-147-scaled.jpg",820,820,false],"thumbnail":["https:\/\/glamourshop.co.il\/wp-content\/uploads\/2023\/08\/\u05e7\u05d5\u05dc\u05e7\u05e6\u05d9\u05d9\u05ea-\u05d8\u05d5\u05e4\u05d9144-147-300x300.jpg",300,300,true],"medium":["https:\/\/glamourshop.co.il\/wp-content\/uploads\/2023\/08\/\u05e7\u05d5\u05dc\u05e7\u05e6\u05d9\u05d9\u05ea-\u05d8\u05d5\u05e4\u05d9144-147-400x400.jpg",400,400,true],"medium_large":["https:\/\/glamourshop.co.il\/wp-content\/uploads\/2023\/08\/\u05e7\u05d5\u05dc\u05e7\u05e6\u05d9\u05d9\u05ea-\u05d8\u05d5\u05e4\u05d9144-147-768x768.jpg",768,768,true],"large":["https:\/\/glamourshop.co.il\/wp-content\/uploads\/2023\/08\/\u05e7\u05d5\u05dc\u05e7\u05e6\u05d9\u05d9\u05ea-\u05d8\u05d5\u05e4\u05d9144-147-800x800.jpg",800,800,true],"1536x1536":["https:\/\/glamourshop.co.il\/wp-content\/uploads\/2023\/08\/\u05e7\u05d5\u05dc\u05e7\u05e6\u05d9\u05d9\u05ea-\u05d8\u05d5\u05e4\u05d9144-147-1536x1536.jpg",1536,1536,true],"2048x2048":["https:\/\/glamourshop.co.il\/wp-content\/uploads\/2023\/08\/\u05e7\u05d5\u05dc\u05e7\u05e6\u05d9\u05d9\u05ea-\u05d8\u05d5\u05e4\u05d9144-147-2048x2048.jpg",2048,2048,true],"trp-custom-language-flag":["https:\/\/glamourshop.co.il\/wp-content\/uploads\/2023\/08\/\u05e7\u05d5\u05dc\u05e7\u05e6\u05d9\u05d9\u05ea-\u05d8\u05d5\u05e4\u05d9144-147-scaled.jpg",12,12,false],"icon":["https:\/\/glamourshop.co.il\/wp-content\/uploads\/2023\/08\/\u05e7\u05d5\u05dc\u05e7\u05e6\u05d9\u05d9\u05ea-\u05d8\u05d5\u05e4\u05d9144-147-scaled.jpg",820,820,false],"oc-product-thumbnail":["https:\/\/glamourshop.co.il\/wp-content\/uploads\/2023\/08\/\u05e7\u05d5\u05dc\u05e7\u05e6\u05d9\u05d9\u05ea-\u05d8\u05d5\u05e4\u05d9144-147-scaled.jpg",149,149,false],"oc-product-single-image":["https:\/\/glamourshop.co.il\/wp-content\/uploads\/2023\/08\/\u05e7\u05d5\u05dc\u05e7\u05e6\u05d9\u05d9\u05ea-\u05d8\u05d5\u05e4\u05d9144-147-scaled.jpg",727,727,false],"oc-product-archive-thumbnail":["https:\/\/glamourshop.co.il\/wp-content\/uploads\/2023\/08\/\u05e7\u05d5\u05dc\u05e7\u05e6\u05d9\u05d9\u05ea-\u05d8\u05d5\u05e4\u05d9144-147-scaled.jpg",422,422,false],"woocommerce_thumbnail":["https:\/\/glamourshop.co.il\/wp-content\/uploads\/2023\/08\/\u05e7\u05d5\u05dc\u05e7\u05e6\u05d9\u05d9\u05ea-\u05d8\u05d5\u05e4\u05d9144-147-scaled-500x500.jpg",500,500,true],"woocommerce_single":["https:\/\/glamourshop.co.il\/wp-content\/uploads\/2023\/08\/\u05e7\u05d5\u05dc\u05e7\u05e6\u05d9\u05d9\u05ea-\u05d8\u05d5\u05e4\u05d9144-147-scaled-600x600.jpg",600,600,true],"woocommerce_gallery_thumbnail":["https:\/\/glamourshop.co.il\/wp-content\/uploads\/2023\/08\/\u05e7\u05d5\u05dc\u05e7\u05e6\u05d9\u05d9\u05ea-\u05d8\u05d5\u05e4\u05d9144-147-scaled-100x100.jpg",100,100,true]},"uagb_author_info":{"display_name":"","author_link":"https:\/\/glamourshop.co.il\/fr\/author\/"},"uagb_comment_info":0,"uagb_excerpt":"\u05d1\u05de\u05d9\u05d5\u05d7\u05d3 \u05d1\u05e9\u05d1\u05d9\u05dc\u05da, \u05d4\u05e8\u05db\u05d1\u05e0\u05d5 \u05e9\u05d9\u05dc\u05d5\u05d1\u05d9 \u05e6\u05d1\u05e2\u05d9\u05dd \u05de\u05e0\u05e6\u05d7\u05d9\u05dd \u05e9\u05d9\u05d7\u05e1\u05db\u05d5 \u05dc\u05db\u05da \u05d0\u05ea \u05d4\u05d3\u05d9\u05dc\u05de\u05d5\u05ea \u05d5\u05d9\u05d9\u05ea\u05e0\u05d5 \u05de\u05d2\u05d5\u05d5\u05df \u05e9\u05d9\u05dc\u05d5\u05d1\u05d9\u05dd \u05dc\u05de\u05e0\u05d9\u05e7\u05d5\u05e8 \u05d4\u05de\u05d5\u05e9\u05dc\u05dd! \u05e2\u05e8\u05db\u05d4 \u05d6\u05d5 \u05db\u05d5\u05dc\u05dc\u05ea 4 \u05d2\u05d5\u05d5\u05e0\u05d9 \u05d8\u05d5\u05e4\u05d9 \u05e7\u05e8\u05de\u05dc : NO.144 | NO.145 | NO.146 | NO.147","_links":{"self":[{"href":"https:\/\/glamourshop.co.il\/fr\/wp-json\/wp\/v2\/product\/21094","targetHints":{"allow":["GET"]}}],"collection":[{"href":"https:\/\/glamourshop.co.il\/fr\/wp-json\/wp\/v2\/product"}],"about":[{"href":"https:\/\/glamourshop.co.il\/fr\/wp-json\/wp\/v2\/types\/product"}],"replies":[{"embeddable":true,"href":"https:\/\/glamourshop.co.il\/fr\/wp-json\/wp\/v2\/comments?post=21094"}],"wp:featuredmedia":[{"embeddable":true,"href":"https:\/\/glamourshop.co.il\/fr\/wp-json\/wp\/v2\/media\/21396"}],"wp:attachment":[{"href":"https:\/\/glamourshop.co.il\/fr\/wp-json\/wp\/v2\/media?parent=21094"}],"wp:term":[{"taxonomy":"product_brand","embeddable":true,"href":"https:\/\/glamourshop.co.il\/fr\/wp-json\/wp\/v2\/product_brand?post=21094"},{"taxonomy":"product_cat","embeddable":true,"href":"https:\/\/glamourshop.co.il\/fr\/wp-json\/wp\/v2\/product_cat?post=21094"},{"taxonomy":"product_tag","embeddable":true,"href":"https:\/\/glamourshop.co.il\/fr\/wp-json\/wp\/v2\/product_tag?post=21094"}],"curies":[{"name":"wp","href":"https:\/\/api.w.org\/{rel}","templated":true}]}}