
{"id":23339,"date":"2023-10-06T09:18:06","date_gmt":"2023-10-06T06:18:06","guid":{"rendered":"https:\/\/devbee1.glamourshop.co.il\/?post_type=product&#038;p=23339"},"modified":"2026-04-09T17:04:39","modified_gmt":"2026-04-09T14:04:39","slug":"collection-colors-nail-polish-wave-glamour-40","status":"publish","type":"product","link":"https:\/\/glamourshop.co.il\/fr\/produit\/collection-colors-nail-polish-wave-glamour-40\/","title":{"rendered":"Vernis gel Collection couleurs d'hiver #40 \u2013 Glamour (216-220)"},"content":{"rendered":"<p>Avez-vous d\u00e9j\u00e0 essay\u00e9 les pigments Glamour ?<\/p>\n<p>\u2714 Formule et pigments riches.<br \/>\n\u2714 Application agr\u00e9able et facile gr\u00e2ce \u00e0 la texture du gel et \u00e0 la brosse en silicone unique.<br \/>\n\u2714 Les gels conviennent aux personnes allergiques et sensibles.<br \/>\n\u2714 Flacon luxueux de 17 ml.<br \/>\n\u2714 Non test\u00e9 sur les animaux.<\/p>","protected":false},"excerpt":{"rendered":"<p>Une collection estivale sp\u00e9cialement pour toi,<\/p>\n<p>Nous avons compos\u00e9 des combinaisons de couleurs tendance qui vous \u00e9viteront les dilemmes et vous offriront une multitude de combinaisons pour une manucure parfaite !<\/p>\n<p>Ce kit comprend 5 couleurs tendance qui nous accompagneront \u00e9galement au printemps\/hiver 2023 :<\/p>\n<p>Nuances :<\/p>\n<p>N0216|NO217|NO218|NO219|NO220|<\/p>","protected":false},"featured_media":23340,"comment_status":"open","ping_status":"closed","template":"","meta":{"_uag_custom_page_level_css":""},"product_brand":[],"product_cat":[830,517],"product_tag":[76,72,151,69,321,422,419,739,173,426,325],"class_list":{"0":"post-23339","1":"product","2":"type-product","3":"status-publish","4":"has-post-thumbnail","6":"product_cat-830","7":"product_cat-collections","8":"product_tag-nail-construction","9":"product_tag-gel","10":"product_tag-glamour","11":"product_tag-young-nails","12":"product_tag-tools","13":"product_tag-manicure-tools","14":"product_tag-nail-tools","15":"product_tag-739","16":"product_tag-manicure","17":"product_tag-manicure-gel","18":"product_tag-staleks","19":"desktop","21":"first","22":"instock","23":"sale","24":"shipping-taxable","25":"purchasable","26":"product-type-simple"},"acf":[],"yoast_head":"<!-- This site is optimized with the Yoast SEO plugin v26.0 - https:\/\/yoast.com\/wordpress\/plugins\/seo\/ -->\n<title>\u05dc\u05e7 \u05d2&#039;\u05dc \u05e7\u05d5\u05dc\u05e7\u05e6\u05d9\u05d9\u05ea \u05e6\u05d1\u05e2\u05d9 \u05d7\u05d5\u05e8\u05e3 #40 - Glamour (216-220) | \u05d2\u05dc\u05de\u05d5\u05e8 \u05e9\u05d5\u05e4<\/title>\n<meta name=\"description\" content=\"\u05e7\u05d5\u05dc\u05e7\u05e6\u05d9\u05d9\u05ea \u05e7\u05d9\u05e5 \u05d1\u05de\u05d9\u05d5\u05d7\u05d3 \u05d1\u05e9\u05d1\u05d9\u05dc\u05da,  \u05d4\u05e8\u05db\u05d1\u05e0\u05d5 \u05e9\u05d9\u05dc\u05d5\u05d1\u05d9 \u05e6\u05d1\u05e2\u05d9\u05dd \u05d8\u05e8\u05e0\u05d3\u05d9\u05d9\u05dd \u05e9\u05d9\u05d7\u05e1\u05db\u05d5 \u05dc\u05db\u05da \u05d0\u05ea \u05d4\u05d3\u05d9\u05dc\u05de\u05d5\u05ea \u05d5\u05d9\u05d9\u05ea\u05e0\u05d5 \u05de\u05d2\u05d5\u05d5\u05df \u05e9\u05d9\u05dc\u05d5\u05d1\u05d9\u05dd \u05dc\u05de\u05e0\u05d9\u05e7\u05d5\u05e8 \u05d4\u05de\u05d5\u05e9\u05dc\u05dd!  \u05e2\u05e8\u05db\u05d4 \u05d6\u05d5 \u05db\u05d5\u05dc\u05dc\u05ea 5 \u05de\u05e8\u05d4\u05d1\u05d9\u05dd \u05d5\u05d8\u05e8\u05e0\u05d3\u05d9\u05d9\u05dd \u05e9\u05d9\u05dc\u05d5\u05d5 \u05d0\u05d5\u05ea\u05e0\u05d5 \u05d2\u05dd \u05d1\u05e2\u05d5\u05e0\u05ea \u05d0\u05d1\u05d9\u05d1\/\u05d7\u05d5\u05e8\u05e3 2023:  \u05d2\u05d5\u05d5\u05e0\u05d9\u05dd:  N0216|NO217|NO218|NO219|NO220|\" \/>\n<meta name=\"robots\" content=\"index, follow, max-snippet:-1, max-image-preview:large, max-video-preview:-1\" \/>\n<link rel=\"canonical\" href=\"https:\/\/glamourshop.co.il\/fr\/produit\/collection-colors-nail-polish-wave-glamour-40\/\" \/>\n<meta property=\"og:locale\" content=\"fr_FR\" \/>\n<meta property=\"og:type\" content=\"article\" \/>\n<meta property=\"og:title\" content=\"\u05dc\u05e7 \u05d2&#039;\u05dc \u05e7\u05d5\u05dc\u05e7\u05e6\u05d9\u05d9\u05ea \u05e6\u05d1\u05e2\u05d9 \u05d7\u05d5\u05e8\u05e3 #40 - Glamour (216-220) | \u05d2\u05dc\u05de\u05d5\u05e8 \u05e9\u05d5\u05e4\" \/>\n<meta property=\"og:description\" content=\"\u05e7\u05d5\u05dc\u05e7\u05e6\u05d9\u05d9\u05ea \u05e7\u05d9\u05e5 \u05d1\u05de\u05d9\u05d5\u05d7\u05d3 \u05d1\u05e9\u05d1\u05d9\u05dc\u05da,  \u05d4\u05e8\u05db\u05d1\u05e0\u05d5 \u05e9\u05d9\u05dc\u05d5\u05d1\u05d9 \u05e6\u05d1\u05e2\u05d9\u05dd \u05d8\u05e8\u05e0\u05d3\u05d9\u05d9\u05dd \u05e9\u05d9\u05d7\u05e1\u05db\u05d5 \u05dc\u05db\u05da \u05d0\u05ea \u05d4\u05d3\u05d9\u05dc\u05de\u05d5\u05ea \u05d5\u05d9\u05d9\u05ea\u05e0\u05d5 \u05de\u05d2\u05d5\u05d5\u05df \u05e9\u05d9\u05dc\u05d5\u05d1\u05d9\u05dd \u05dc\u05de\u05e0\u05d9\u05e7\u05d5\u05e8 \u05d4\u05de\u05d5\u05e9\u05dc\u05dd!  \u05e2\u05e8\u05db\u05d4 \u05d6\u05d5 \u05db\u05d5\u05dc\u05dc\u05ea 5 \u05de\u05e8\u05d4\u05d1\u05d9\u05dd \u05d5\u05d8\u05e8\u05e0\u05d3\u05d9\u05d9\u05dd \u05e9\u05d9\u05dc\u05d5\u05d5 \u05d0\u05d5\u05ea\u05e0\u05d5 \u05d2\u05dd \u05d1\u05e2\u05d5\u05e0\u05ea \u05d0\u05d1\u05d9\u05d1\/\u05d7\u05d5\u05e8\u05e3 2023:  \u05d2\u05d5\u05d5\u05e0\u05d9\u05dd:  N0216|NO217|NO218|NO219|NO220|\" \/>\n<meta property=\"og:url\" content=\"https:\/\/glamourshop.co.il\/fr\/produit\/collection-colors-nail-polish-wave-glamour-40\/\" \/>\n<meta property=\"og:site_name\" content=\"\u05d2\u05dc\u05de\u05d5\u05e8 \u05e9\u05d5\u05e4\" \/>\n<meta property=\"article:publisher\" content=\"https:\/\/www.facebook.com\/GlamourShopProfessionalNails\" \/>\n<meta property=\"article:modified_time\" content=\"2026-04-09T14:04:39+00:00\" \/>\n<meta property=\"og:image\" content=\"https:\/\/glamourshop.co.il\/wp-content\/uploads\/2023\/10\/IMG-9323-scaled.jpg\" \/>\n\t<meta property=\"og:image:width\" content=\"645\" \/>\n\t<meta property=\"og:image:height\" content=\"860\" \/>\n\t<meta property=\"og:image:type\" content=\"image\/jpeg\" \/>\n<meta name=\"twitter:card\" content=\"summary_large_image\" \/>\n<meta name=\"twitter:label1\" content=\"Dur\u00e9e de lecture estim\u00e9e\" \/>\n\t<meta name=\"twitter:data1\" content=\"1 minute\" \/>\n<script type=\"application\/ld+json\" class=\"yoast-schema-graph\">{\"@context\":\"https:\/\/schema.org\",\"@graph\":[{\"@type\":[\"WebPage\",\"ItemPage\"],\"@id\":\"https:\/\/glamourshop.co.il\/product\/collection-colors-nail-polish-wave-glamour-40\/\",\"url\":\"https:\/\/glamourshop.co.il\/product\/collection-colors-nail-polish-wave-glamour-40\/\",\"name\":\"\u05dc\u05e7 \u05d2'\u05dc \u05e7\u05d5\u05dc\u05e7\u05e6\u05d9\u05d9\u05ea \u05e6\u05d1\u05e2\u05d9 \u05d7\u05d5\u05e8\u05e3 #40 - Glamour (216-220) | \u05d2\u05dc\u05de\u05d5\u05e8 \u05e9\u05d5\u05e4\",\"isPartOf\":{\"@id\":\"https:\/\/glamourshop.co.il\/#website\"},\"primaryImageOfPage\":{\"@id\":\"https:\/\/glamourshop.co.il\/product\/collection-colors-nail-polish-wave-glamour-40\/#primaryimage\"},\"image\":{\"@id\":\"https:\/\/glamourshop.co.il\/product\/collection-colors-nail-polish-wave-glamour-40\/#primaryimage\"},\"thumbnailUrl\":\"https:\/\/glamourshop.co.il\/wp-content\/uploads\/2023\/10\/IMG-9323-scaled.jpg\",\"datePublished\":\"2023-10-06T06:18:06+00:00\",\"dateModified\":\"2026-04-09T14:04:39+00:00\",\"description\":\"\u05e7\u05d5\u05dc\u05e7\u05e6\u05d9\u05d9\u05ea \u05e7\u05d9\u05e5 \u05d1\u05de\u05d9\u05d5\u05d7\u05d3 \u05d1\u05e9\u05d1\u05d9\u05dc\u05da, \u05d4\u05e8\u05db\u05d1\u05e0\u05d5 \u05e9\u05d9\u05dc\u05d5\u05d1\u05d9 \u05e6\u05d1\u05e2\u05d9\u05dd \u05d8\u05e8\u05e0\u05d3\u05d9\u05d9\u05dd \u05e9\u05d9\u05d7\u05e1\u05db\u05d5 \u05dc\u05db\u05da \u05d0\u05ea \u05d4\u05d3\u05d9\u05dc\u05de\u05d5\u05ea \u05d5\u05d9\u05d9\u05ea\u05e0\u05d5 \u05de\u05d2\u05d5\u05d5\u05df \u05e9\u05d9\u05dc\u05d5\u05d1\u05d9\u05dd \u05dc\u05de\u05e0\u05d9\u05e7\u05d5\u05e8 \u05d4\u05de\u05d5\u05e9\u05dc\u05dd! \u05e2\u05e8\u05db\u05d4 \u05d6\u05d5 \u05db\u05d5\u05dc\u05dc\u05ea 5 \u05de\u05e8\u05d4\u05d1\u05d9\u05dd \u05d5\u05d8\u05e8\u05e0\u05d3\u05d9\u05d9\u05dd \u05e9\u05d9\u05dc\u05d5\u05d5 \u05d0\u05d5\u05ea\u05e0\u05d5 \u05d2\u05dd \u05d1\u05e2\u05d5\u05e0\u05ea \u05d0\u05d1\u05d9\u05d1\/\u05d7\u05d5\u05e8\u05e3 2023: \u05d2\u05d5\u05d5\u05e0\u05d9\u05dd: N0216|NO217|NO218|NO219|NO220|\",\"breadcrumb\":{\"@id\":\"https:\/\/glamourshop.co.il\/product\/collection-colors-nail-polish-wave-glamour-40\/#breadcrumb\"},\"inLanguage\":\"fr-FR\",\"potentialAction\":[{\"@type\":\"ReadAction\",\"target\":[\"https:\/\/glamourshop.co.il\/product\/collection-colors-nail-polish-wave-glamour-40\/\"]}]},{\"@type\":\"ImageObject\",\"inLanguage\":\"fr-FR\",\"@id\":\"https:\/\/glamourshop.co.il\/product\/collection-colors-nail-polish-wave-glamour-40\/#primaryimage\",\"url\":\"https:\/\/glamourshop.co.il\/wp-content\/uploads\/2023\/10\/IMG-9323-scaled.jpg\",\"contentUrl\":\"https:\/\/glamourshop.co.il\/wp-content\/uploads\/2023\/10\/IMG-9323-scaled.jpg\",\"width\":645,\"height\":860,\"caption\":\"\u05e7\u05d5\u05dc\u05e7\u05e6\u05d9\u05d9\u05ea \u05e6\u05d1\u05e2\u05d9 \u05dc\u05e7 \u05d2'\u05dc #40 - Glamour (216-220)\"},{\"@type\":\"BreadcrumbList\",\"@id\":\"https:\/\/glamourshop.co.il\/product\/collection-colors-nail-polish-wave-glamour-40\/#breadcrumb\",\"itemListElement\":[{\"@type\":\"ListItem\",\"position\":1,\"name\":\"\u05d3\u05e3 \u05d4\u05d1\u05d9\u05ea\",\"item\":\"https:\/\/glamourshop.co.il\/\"},{\"@type\":\"ListItem\",\"position\":2,\"name\":\"\u05de\u05d5\u05e6\u05e8\u05d9\u05dd\",\"item\":\"https:\/\/glamourshop.co.il\/shop\/\"},{\"@type\":\"ListItem\",\"position\":3,\"name\":\"\u05dc\u05e7 \u05d2'\u05dc \u05e7\u05d5\u05dc\u05e7\u05e6\u05d9\u05d9\u05ea \u05e6\u05d1\u05e2\u05d9 \u05d7\u05d5\u05e8\u05e3 #40 &#8211; Glamour (216-220)\"}]},{\"@type\":\"WebSite\",\"@id\":\"https:\/\/glamourshop.co.il\/#website\",\"url\":\"https:\/\/glamourshop.co.il\/\",\"name\":\"\u05d2\u05dc\u05de\u05d5\u05e8 \u05e9\u05d5\u05e4\",\"description\":\"\u201c\u05d2\u05dc\u05de\u05d5\u05e8\u201d \u05d4\u05d9\u05e0\u05d5 \u05de\u05d5\u05ea\u05d2 \u05d9\u05e9\u05e8\u05d0\u05dc\u05d9 \u05d4\u05de\u05ea\u05de\u05d7\u05d4 \u05d1\u05d9\u05d9\u05e6\u05d5\u05e8 \u05d5\u05e9\u05d9\u05d5\u05d5\u05e7 \u05de\u05d5\u05e6\u05e8\u05d9 \u05d1\u05e0\u05d9\u05d9\u05ea \u05e6\u05d9\u05e4\u05d5\u05e8\u05e0\u05d9\u05d9\u05dd, \u05dc\u05e7 \u05d2\u2019\u05dc \u05d5\u05e6\u05d9\u05d5\u05d3 \u05dc\u05de\u05e0\u05d9\u05e7\u05d5\u05e8.\",\"publisher\":{\"@id\":\"https:\/\/glamourshop.co.il\/#organization\"},\"potentialAction\":[{\"@type\":\"SearchAction\",\"target\":{\"@type\":\"EntryPoint\",\"urlTemplate\":\"https:\/\/glamourshop.co.il\/?s={search_term_string}\"},\"query-input\":{\"@type\":\"PropertyValueSpecification\",\"valueRequired\":true,\"valueName\":\"search_term_string\"}}],\"inLanguage\":\"fr-FR\"},{\"@type\":\"Organization\",\"@id\":\"https:\/\/glamourshop.co.il\/#organization\",\"name\":\"Glamour Shop\",\"url\":\"https:\/\/glamourshop.co.il\/\",\"logo\":{\"@type\":\"ImageObject\",\"inLanguage\":\"fr-FR\",\"@id\":\"https:\/\/glamourshop.co.il\/#\/schema\/logo\/image\/\",\"url\":\"https:\/\/glamourshop.co.il\/wp-content\/uploads\/2022\/04\/seo-logo.jpg\",\"contentUrl\":\"https:\/\/glamourshop.co.il\/wp-content\/uploads\/2022\/04\/seo-logo.jpg\",\"width\":1080,\"height\":631,\"caption\":\"Glamour Shop\"},\"image\":{\"@id\":\"https:\/\/glamourshop.co.il\/#\/schema\/logo\/image\/\"},\"sameAs\":[\"https:\/\/www.facebook.com\/GlamourShopProfessionalNails\",\"https:\/\/www.instagram.com\/glamour_professional_nails\/\"]}]}<\/script>\n<!-- \/ Yoast SEO plugin. -->","yoast_head_json":{"title":"\u05dc\u05e7 \u05d2'\u05dc \u05e7\u05d5\u05dc\u05e7\u05e6\u05d9\u05d9\u05ea \u05e6\u05d1\u05e2\u05d9 \u05d7\u05d5\u05e8\u05e3 #40 - Glamour (216-220) | \u05d2\u05dc\u05de\u05d5\u05e8 \u05e9\u05d5\u05e4","description":"\u05e7\u05d5\u05dc\u05e7\u05e6\u05d9\u05d9\u05ea \u05e7\u05d9\u05e5 \u05d1\u05de\u05d9\u05d5\u05d7\u05d3 \u05d1\u05e9\u05d1\u05d9\u05dc\u05da,  \u05d4\u05e8\u05db\u05d1\u05e0\u05d5 \u05e9\u05d9\u05dc\u05d5\u05d1\u05d9 \u05e6\u05d1\u05e2\u05d9\u05dd \u05d8\u05e8\u05e0\u05d3\u05d9\u05d9\u05dd \u05e9\u05d9\u05d7\u05e1\u05db\u05d5 \u05dc\u05db\u05da \u05d0\u05ea \u05d4\u05d3\u05d9\u05dc\u05de\u05d5\u05ea \u05d5\u05d9\u05d9\u05ea\u05e0\u05d5 \u05de\u05d2\u05d5\u05d5\u05df \u05e9\u05d9\u05dc\u05d5\u05d1\u05d9\u05dd \u05dc\u05de\u05e0\u05d9\u05e7\u05d5\u05e8 \u05d4\u05de\u05d5\u05e9\u05dc\u05dd!  \u05e2\u05e8\u05db\u05d4 \u05d6\u05d5 \u05db\u05d5\u05dc\u05dc\u05ea 5 \u05de\u05e8\u05d4\u05d1\u05d9\u05dd \u05d5\u05d8\u05e8\u05e0\u05d3\u05d9\u05d9\u05dd \u05e9\u05d9\u05dc\u05d5\u05d5 \u05d0\u05d5\u05ea\u05e0\u05d5 \u05d2\u05dd \u05d1\u05e2\u05d5\u05e0\u05ea \u05d0\u05d1\u05d9\u05d1\/\u05d7\u05d5\u05e8\u05e3 2023:  \u05d2\u05d5\u05d5\u05e0\u05d9\u05dd:  N0216|NO217|NO218|NO219|NO220|","robots":{"index":"index","follow":"follow","max-snippet":"max-snippet:-1","max-image-preview":"max-image-preview:large","max-video-preview":"max-video-preview:-1"},"canonical":"https:\/\/glamourshop.co.il\/fr\/produit\/collection-colors-nail-polish-wave-glamour-40\/","og_locale":"fr_FR","og_type":"article","og_title":"\u05dc\u05e7 \u05d2'\u05dc \u05e7\u05d5\u05dc\u05e7\u05e6\u05d9\u05d9\u05ea \u05e6\u05d1\u05e2\u05d9 \u05d7\u05d5\u05e8\u05e3 #40 - Glamour (216-220) | \u05d2\u05dc\u05de\u05d5\u05e8 \u05e9\u05d5\u05e4","og_description":"\u05e7\u05d5\u05dc\u05e7\u05e6\u05d9\u05d9\u05ea \u05e7\u05d9\u05e5 \u05d1\u05de\u05d9\u05d5\u05d7\u05d3 \u05d1\u05e9\u05d1\u05d9\u05dc\u05da,  \u05d4\u05e8\u05db\u05d1\u05e0\u05d5 \u05e9\u05d9\u05dc\u05d5\u05d1\u05d9 \u05e6\u05d1\u05e2\u05d9\u05dd \u05d8\u05e8\u05e0\u05d3\u05d9\u05d9\u05dd \u05e9\u05d9\u05d7\u05e1\u05db\u05d5 \u05dc\u05db\u05da \u05d0\u05ea \u05d4\u05d3\u05d9\u05dc\u05de\u05d5\u05ea \u05d5\u05d9\u05d9\u05ea\u05e0\u05d5 \u05de\u05d2\u05d5\u05d5\u05df \u05e9\u05d9\u05dc\u05d5\u05d1\u05d9\u05dd \u05dc\u05de\u05e0\u05d9\u05e7\u05d5\u05e8 \u05d4\u05de\u05d5\u05e9\u05dc\u05dd!  \u05e2\u05e8\u05db\u05d4 \u05d6\u05d5 \u05db\u05d5\u05dc\u05dc\u05ea 5 \u05de\u05e8\u05d4\u05d1\u05d9\u05dd \u05d5\u05d8\u05e8\u05e0\u05d3\u05d9\u05d9\u05dd \u05e9\u05d9\u05dc\u05d5\u05d5 \u05d0\u05d5\u05ea\u05e0\u05d5 \u05d2\u05dd \u05d1\u05e2\u05d5\u05e0\u05ea \u05d0\u05d1\u05d9\u05d1\/\u05d7\u05d5\u05e8\u05e3 2023:  \u05d2\u05d5\u05d5\u05e0\u05d9\u05dd:  N0216|NO217|NO218|NO219|NO220|","og_url":"https:\/\/glamourshop.co.il\/fr\/produit\/collection-colors-nail-polish-wave-glamour-40\/","og_site_name":"\u05d2\u05dc\u05de\u05d5\u05e8 \u05e9\u05d5\u05e4","article_publisher":"https:\/\/www.facebook.com\/GlamourShopProfessionalNails","article_modified_time":"2026-04-09T14:04:39+00:00","og_image":[{"width":645,"height":860,"url":"https:\/\/glamourshop.co.il\/wp-content\/uploads\/2023\/10\/IMG-9323-scaled.jpg","type":"image\/jpeg"}],"twitter_card":"summary_large_image","twitter_misc":{"Dur\u00e9e de lecture estim\u00e9e":"1 minute"},"schema":{"@context":"https:\/\/schema.org","@graph":[{"@type":["WebPage","ItemPage"],"@id":"https:\/\/glamourshop.co.il\/product\/collection-colors-nail-polish-wave-glamour-40\/","url":"https:\/\/glamourshop.co.il\/product\/collection-colors-nail-polish-wave-glamour-40\/","name":"\u05dc\u05e7 \u05d2'\u05dc \u05e7\u05d5\u05dc\u05e7\u05e6\u05d9\u05d9\u05ea \u05e6\u05d1\u05e2\u05d9 \u05d7\u05d5\u05e8\u05e3 #40 - Glamour (216-220) | \u05d2\u05dc\u05de\u05d5\u05e8 \u05e9\u05d5\u05e4","isPartOf":{"@id":"https:\/\/glamourshop.co.il\/#website"},"primaryImageOfPage":{"@id":"https:\/\/glamourshop.co.il\/product\/collection-colors-nail-polish-wave-glamour-40\/#primaryimage"},"image":{"@id":"https:\/\/glamourshop.co.il\/product\/collection-colors-nail-polish-wave-glamour-40\/#primaryimage"},"thumbnailUrl":"https:\/\/glamourshop.co.il\/wp-content\/uploads\/2023\/10\/IMG-9323-scaled.jpg","datePublished":"2023-10-06T06:18:06+00:00","dateModified":"2026-04-09T14:04:39+00:00","description":"\u05e7\u05d5\u05dc\u05e7\u05e6\u05d9\u05d9\u05ea \u05e7\u05d9\u05e5 \u05d1\u05de\u05d9\u05d5\u05d7\u05d3 \u05d1\u05e9\u05d1\u05d9\u05dc\u05da, \u05d4\u05e8\u05db\u05d1\u05e0\u05d5 \u05e9\u05d9\u05dc\u05d5\u05d1\u05d9 \u05e6\u05d1\u05e2\u05d9\u05dd \u05d8\u05e8\u05e0\u05d3\u05d9\u05d9\u05dd \u05e9\u05d9\u05d7\u05e1\u05db\u05d5 \u05dc\u05db\u05da \u05d0\u05ea \u05d4\u05d3\u05d9\u05dc\u05de\u05d5\u05ea \u05d5\u05d9\u05d9\u05ea\u05e0\u05d5 \u05de\u05d2\u05d5\u05d5\u05df \u05e9\u05d9\u05dc\u05d5\u05d1\u05d9\u05dd \u05dc\u05de\u05e0\u05d9\u05e7\u05d5\u05e8 \u05d4\u05de\u05d5\u05e9\u05dc\u05dd! \u05e2\u05e8\u05db\u05d4 \u05d6\u05d5 \u05db\u05d5\u05dc\u05dc\u05ea 5 \u05de\u05e8\u05d4\u05d1\u05d9\u05dd \u05d5\u05d8\u05e8\u05e0\u05d3\u05d9\u05d9\u05dd \u05e9\u05d9\u05dc\u05d5\u05d5 \u05d0\u05d5\u05ea\u05e0\u05d5 \u05d2\u05dd \u05d1\u05e2\u05d5\u05e0\u05ea \u05d0\u05d1\u05d9\u05d1\/\u05d7\u05d5\u05e8\u05e3 2023: \u05d2\u05d5\u05d5\u05e0\u05d9\u05dd: N0216|NO217|NO218|NO219|NO220|","breadcrumb":{"@id":"https:\/\/glamourshop.co.il\/product\/collection-colors-nail-polish-wave-glamour-40\/#breadcrumb"},"inLanguage":"fr-FR","potentialAction":[{"@type":"ReadAction","target":["https:\/\/glamourshop.co.il\/product\/collection-colors-nail-polish-wave-glamour-40\/"]}]},{"@type":"ImageObject","inLanguage":"fr-FR","@id":"https:\/\/glamourshop.co.il\/product\/collection-colors-nail-polish-wave-glamour-40\/#primaryimage","url":"https:\/\/glamourshop.co.il\/wp-content\/uploads\/2023\/10\/IMG-9323-scaled.jpg","contentUrl":"https:\/\/glamourshop.co.il\/wp-content\/uploads\/2023\/10\/IMG-9323-scaled.jpg","width":645,"height":860,"caption":"\u05e7\u05d5\u05dc\u05e7\u05e6\u05d9\u05d9\u05ea \u05e6\u05d1\u05e2\u05d9 \u05dc\u05e7 \u05d2'\u05dc #40 - Glamour (216-220)"},{"@type":"BreadcrumbList","@id":"https:\/\/glamourshop.co.il\/product\/collection-colors-nail-polish-wave-glamour-40\/#breadcrumb","itemListElement":[{"@type":"ListItem","position":1,"name":"\u05d3\u05e3 \u05d4\u05d1\u05d9\u05ea","item":"https:\/\/glamourshop.co.il\/"},{"@type":"ListItem","position":2,"name":"\u05de\u05d5\u05e6\u05e8\u05d9\u05dd","item":"https:\/\/glamourshop.co.il\/shop\/"},{"@type":"ListItem","position":3,"name":"\u05dc\u05e7 \u05d2'\u05dc \u05e7\u05d5\u05dc\u05e7\u05e6\u05d9\u05d9\u05ea \u05e6\u05d1\u05e2\u05d9 \u05d7\u05d5\u05e8\u05e3 #40 &#8211; Glamour (216-220)"}]},{"@type":"WebSite","@id":"https:\/\/glamourshop.co.il\/#website","url":"https:\/\/glamourshop.co.il\/","name":"Galmore Shop","description":"\u201c Galmor \u201d est une marque isra\u00e9lienne sp\u00e9cialis\u00e9e dans la fabrication et la commercialisation de produits pour la construction d'ongles, de vernis gel et d'\u00e9quipements pour manucure.","publisher":{"@id":"https:\/\/glamourshop.co.il\/#organization"},"potentialAction":[{"@type":"SearchAction","target":{"@type":"EntryPoint","urlTemplate":"https:\/\/glamourshop.co.il\/?s={search_term_string}"},"query-input":{"@type":"PropertyValueSpecification","valueRequired":true,"valueName":"search_term_string"}}],"inLanguage":"fr-FR"},{"@type":"Organization","@id":"https:\/\/glamourshop.co.il\/#organization","name":"Boutique Glamour","url":"https:\/\/glamourshop.co.il\/","logo":{"@type":"ImageObject","inLanguage":"fr-FR","@id":"https:\/\/glamourshop.co.il\/#\/schema\/logo\/image\/","url":"https:\/\/glamourshop.co.il\/wp-content\/uploads\/2022\/04\/seo-logo.jpg","contentUrl":"https:\/\/glamourshop.co.il\/wp-content\/uploads\/2022\/04\/seo-logo.jpg","width":1080,"height":631,"caption":"Glamour Shop"},"image":{"@id":"https:\/\/glamourshop.co.il\/#\/schema\/logo\/image\/"},"sameAs":["https:\/\/www.facebook.com\/GlamourShopProfessionalNails","https:\/\/www.instagram.com\/glamour_professional_nails\/"]}]}},"uagb_featured_image_src":{"full":["https:\/\/glamourshop.co.il\/wp-content\/uploads\/2023\/10\/IMG-9323-scaled.jpg",645,860,false],"thumbnail":["https:\/\/glamourshop.co.il\/wp-content\/uploads\/2023\/10\/IMG-9323-225x300.jpg",225,300,true],"medium":["https:\/\/glamourshop.co.il\/wp-content\/uploads\/2023\/10\/IMG-9323-300x400.jpg",300,400,true],"medium_large":["https:\/\/glamourshop.co.il\/wp-content\/uploads\/2023\/10\/IMG-9323-scaled.jpg",645,860,false],"large":["https:\/\/glamourshop.co.il\/wp-content\/uploads\/2023\/10\/IMG-9323-600x800.jpg",600,800,true],"1536x1536":["https:\/\/glamourshop.co.il\/wp-content\/uploads\/2023\/10\/IMG-9323-scaled.jpg",645,860,false],"2048x2048":["https:\/\/glamourshop.co.il\/wp-content\/uploads\/2023\/10\/IMG-9323-scaled.jpg",645,860,false],"trp-custom-language-flag":["https:\/\/glamourshop.co.il\/wp-content\/uploads\/2023\/10\/IMG-9323-scaled.jpg",9,12,false],"icon":["https:\/\/glamourshop.co.il\/wp-content\/uploads\/2023\/10\/IMG-9323-scaled.jpg",645,860,false],"oc-product-thumbnail":["https:\/\/glamourshop.co.il\/wp-content\/uploads\/2023\/10\/IMG-9323-scaled.jpg",112,149,false],"oc-product-single-image":["https:\/\/glamourshop.co.il\/wp-content\/uploads\/2023\/10\/IMG-9323-scaled.jpg",600,800,false],"oc-product-archive-thumbnail":["https:\/\/glamourshop.co.il\/wp-content\/uploads\/2023\/10\/IMG-9323-scaled.jpg",317,422,false],"woocommerce_thumbnail":["https:\/\/glamourshop.co.il\/wp-content\/uploads\/2023\/10\/IMG-9323-scaled-500x500.jpg",500,500,true],"woocommerce_single":["https:\/\/glamourshop.co.il\/wp-content\/uploads\/2023\/10\/IMG-9323-600x800.jpg",600,800,true],"woocommerce_gallery_thumbnail":["https:\/\/glamourshop.co.il\/wp-content\/uploads\/2023\/10\/IMG-9323-scaled-100x100.jpg",100,100,true]},"uagb_author_info":{"display_name":"\u05e0\u05d8\u05dc\u05d9 \u05d0\u05d6\u05d5\u05dc\u05d0\u05d9","author_link":"https:\/\/glamourshop.co.il\/fr\/author\/"},"uagb_comment_info":0,"uagb_excerpt":"\u05e7\u05d5\u05dc\u05e7\u05e6\u05d9\u05d9\u05ea \u05e7\u05d9\u05e5 \u05d1\u05de\u05d9\u05d5\u05d7\u05d3 \u05d1\u05e9\u05d1\u05d9\u05dc\u05da, \u05d4\u05e8\u05db\u05d1\u05e0\u05d5 \u05e9\u05d9\u05dc\u05d5\u05d1\u05d9 \u05e6\u05d1\u05e2\u05d9\u05dd \u05d8\u05e8\u05e0\u05d3\u05d9\u05d9\u05dd \u05e9\u05d9\u05d7\u05e1\u05db\u05d5 \u05dc\u05db\u05da \u05d0\u05ea \u05d4\u05d3\u05d9\u05dc\u05de\u05d5\u05ea \u05d5\u05d9\u05d9\u05ea\u05e0\u05d5 \u05de\u05d2\u05d5\u05d5\u05df \u05e9\u05d9\u05dc\u05d5\u05d1\u05d9\u05dd \u05dc\u05de\u05e0\u05d9\u05e7\u05d5\u05e8 \u05d4\u05de\u05d5\u05e9\u05dc\u05dd! \u05e2\u05e8\u05db\u05d4 \u05d6\u05d5 \u05db\u05d5\u05dc\u05dc\u05ea 5 \u05de\u05e8\u05d4\u05d1\u05d9\u05dd \u05d5\u05d8\u05e8\u05e0\u05d3\u05d9\u05d9\u05dd \u05e9\u05d9\u05dc\u05d5\u05d5 \u05d0\u05d5\u05ea\u05e0\u05d5 \u05d2\u05dd \u05d1\u05e2\u05d5\u05e0\u05ea \u05d0\u05d1\u05d9\u05d1\/\u05d7\u05d5\u05e8\u05e3 2023: \u05d2\u05d5\u05d5\u05e0\u05d9\u05dd: N0216|NO217|NO218|NO219|NO220|","_links":{"self":[{"href":"https:\/\/glamourshop.co.il\/fr\/wp-json\/wp\/v2\/product\/23339","targetHints":{"allow":["GET"]}}],"collection":[{"href":"https:\/\/glamourshop.co.il\/fr\/wp-json\/wp\/v2\/product"}],"about":[{"href":"https:\/\/glamourshop.co.il\/fr\/wp-json\/wp\/v2\/types\/product"}],"replies":[{"embeddable":true,"href":"https:\/\/glamourshop.co.il\/fr\/wp-json\/wp\/v2\/comments?post=23339"}],"wp:featuredmedia":[{"embeddable":true,"href":"https:\/\/glamourshop.co.il\/fr\/wp-json\/wp\/v2\/media\/23340"}],"wp:attachment":[{"href":"https:\/\/glamourshop.co.il\/fr\/wp-json\/wp\/v2\/media?parent=23339"}],"wp:term":[{"taxonomy":"product_brand","embeddable":true,"href":"https:\/\/glamourshop.co.il\/fr\/wp-json\/wp\/v2\/product_brand?post=23339"},{"taxonomy":"product_cat","embeddable":true,"href":"https:\/\/glamourshop.co.il\/fr\/wp-json\/wp\/v2\/product_cat?post=23339"},{"taxonomy":"product_tag","embeddable":true,"href":"https:\/\/glamourshop.co.il\/fr\/wp-json\/wp\/v2\/product_tag?post=23339"}],"curies":[{"name":"wp","href":"https:\/\/api.w.org\/{rel}","templated":true}]}}