
{"id":24085,"date":"2023-10-25T16:48:23","date_gmt":"2023-10-25T13:48:23","guid":{"rendered":"https:\/\/devbee1.glamourshop.co.il\/?post_type=product&#038;p=24085"},"modified":"2026-04-10T02:35:37","modified_gmt":"2026-04-09T23:35:37","slug":"%d7%9e%d7%93%d7%91%d7%a7%d7%95%d7%aa-%d7%a4%d7%a6%d7%99%d7%a8%d7%94-%d7%97%d7%93-%d7%a4%d7%a2%d7%9e%d7%99%d7%aa-%d7%9c%d7%93%d7%95%d7%97%d7%a3-%d7%a2%d7%95%d7%a8","status":"publish","type":"product","link":"https:\/\/glamourshop.co.il\/fr\/produit\/%d7%9e%d7%93%d7%91%d7%a7%d7%95%d7%aa-%d7%a4%d7%a6%d7%99%d7%a8%d7%94-%d7%97%d7%93-%d7%a4%d7%a2%d7%9e%d7%99%d7%aa-%d7%9c%d7%93%d7%95%d7%97%d7%a3-%d7%a2%d7%95%d7%a8\/","title":{"rendered":"Autocollants \u00e0 usage unique pour repoussoir \u00e0 cuticules"},"content":{"rendered":"<p><strong>\u00c0 quoi servent-ils ?<\/strong><br \/>\n1. Un pon\u00e7age plus pr\u00e9cis au niveau des rainures et de la cuticule (zones parfois difficiles \u00e0 atteindre avec une t\u00eate de pon\u00e7age ou m\u00eame une lime).<br \/>\n2. R\u00e9alisation d'une manucure manuelle minutieuse sans \u00e9quipement - une m\u00e9thode unique qui gagne en popularit\u00e9 en Russie, la \" manucure \u00e0 la lime \".\"<br \/>\nUne excellente m\u00e9thode pour les personnes qui se rongent les ongles, les diab\u00e9tiques ou comme alternative \u00e0 la manucure m\u00e9canique pour les clientes qui sont r\u00e9ticentes \u00e0 la m\u00e9thode moderne de manucure m\u00e9canique.<br \/>\n3. Remplace le manucure m\u00e9canique en cas de coupure de courant ou de travail sans machine.<br \/>\n4. Pon\u00e7age de la plaque de l'ongle et \u00e9limination des cr\u00e8mes grasses pr\u00e9sentes sur l'ongle naturel pour une pr\u00e9paration parfaite de l'ongle avant l'application du produit.<\/p>\n<p><strong>Mode d'emploi<\/strong><br \/>\nApr\u00e8s avoir retir\u00e9 l'ancien mat\u00e9riau, nous repousserons la peau \u00e0 l'aide d'un repousse-peau classique ou d'un b\u00e2ton en bois.<br \/>\nApr\u00e8s avoir repouss\u00e9 la peau pour exposer le cuticule (membrane blanche adh\u00e9rant \u00e0 la plaque de l'ongle), collez l'autocollant sur le repousse-cuticule ou sur le c\u00f4t\u00e9 large du b\u00e2tonnet en bois.<br \/>\nPlacez le poussoir avec l'autocollant dans la zone des rainures et, dans un mouvement de va-et-vient, commencez \u00e0 limer l\u00e9g\u00e8rement\/poncer l'ongle, puis continuez vers la cuticule pour enlever la membrane - \" pterygium \".\"<\/p>\n<p>En plus, tu peux continuer \u00e0 poncer toute la plaque de l'ongle, m\u00eame dans les zones les plus petites et difficiles d'acc\u00e8s o\u00f9 la lime ne peut pas aller, pour obtenir une \u00e9limination parfaite des tissus adipeux de l'ongle naturel et une pr\u00e9paration id\u00e9ale pour le gel\/la pose.<\/p>","protected":false},"excerpt":{"rendered":"<p>Autocollants \u00e0 ongles ronds jetables qui se collent sur un repousse-cuticules m\u00e9tallique sp\u00e9cial ou sur<strong><a href=\"https:\/\/glamourshop.co.il\/fr\/shop\/pedicure\/pedicure-accessories\/orange-wooden-sticks-for-cleaning-liquid-100-pcs\/\"> B\u00e2ton en bois\/orange<\/a>.<\/strong><br \/>\n50 \u05d9\u05d7' \u05d1\u05d7\u05d1\u05d9\u05dc\u05d4<br \/>\n150 \u05d2\u05e8\u05d9\u05d3<\/p>\n<p>\u05d3\u05d5\u05d7\u05e4\u05d9 \u05d4\u05e2\u05d5\u05e8 \u05d4\u05de\u05d5\u05ea\u05d0\u05de\u05d9\u05dd \u05d4\u05dd-<\/p>\n<p><strong><a href=\"https:\/\/glamourshop.co.il\/fr\/shop\/manicure-accessories\/nippers\/skin-pusher\/pusher-leather-staleks-pro-smart-512\/\">expert 51\/2<\/a><\/strong><\/p>\n<p><strong><a href=\"https:\/\/glamourshop.co.il\/fr\/shop\/manicure-accessories\/nippers\/skin-pusher\/skin-pusher-staleks-pro-expert-02-90\/\">expert 90\/2<\/a><\/strong><\/p>\n<p><strong><a href=\"https:\/\/glamourshop.co.il\/fr\/shop\/manicure-accessories\/nippers\/skin-pusher\/skin-pusher-staleks-pro-expert-03-90\/\">expert 90\/3<\/a><\/strong><\/p>\n<p>\u05d0\u05d5\u05e4\u05df \u05d4\u05e9\u05d9\u05de\u05d5\u05e9 \u05d1\u05d4\u05de\u05e9\u05da \u05d4\u05e2\u05de\u05d5\u05d3.<\/p>\n<p>&nbsp;<\/p>","protected":false},"featured_media":24088,"comment_status":"open","ping_status":"closed","template":"","meta":{"_uag_custom_page_level_css":""},"product_brand":[],"product_cat":[142,159,768],"product_tag":[322,148,321,424],"class_list":{"0":"post-24085","1":"product","2":"type-product","3":"status-publish","4":"has-post-thumbnail","6":"product_cat-polish-builder-accessories","7":"product_cat-filings-buffers","8":"product_cat-768","9":"product_tag-skin-push","10":"product_tag-one-time","11":"product_tag-tools","12":"product_tag-manicure-aids","13":"desktop","15":"first","16":"instock","17":"shipping-taxable","18":"purchasable","19":"product-type-simple"},"acf":[],"yoast_head":"<!-- This site is optimized with the Yoast SEO plugin v26.0 - https:\/\/yoast.com\/wordpress\/plugins\/seo\/ -->\n<title>\u05de\u05d3\u05d1\u05e7\u05d5\u05ea \u05e4\u05e6\u05d9\u05e8\u05d4 \u05d7\u05d3 \u05e4\u05e2\u05de\u05d9\u05ea \u05dc\u05d3\u05d5\u05d7\u05e3 \u05e2\u05d5\u05e8 | \u05d2\u05dc\u05de\u05d5\u05e8 \u05e9\u05d5\u05e4<\/title>\n<meta name=\"description\" content=\"\u05de\u05d3\u05d1\u05e7\u05d5\u05ea \u05e4\u05e6\u05d9\u05e8\u05d4 \u05e2\u05d2\u05d5\u05dc\u05d5\u05ea \u05d7\u05d3 \u05e4\u05e2\u05de\u05d9\u05d5\u05ea \u05d4\u05e0\u05d3\u05d1\u05e7\u05d5\u05ea \u05e2\u05dc \u05d3\u05d5\u05d7\u05e3 \u05e2\u05d5\u05e8 \u05de\u05ea\u05db\u05ea\u05d9 \u05d9\u05d9\u05e2\u05d5\u05d3\u05d9 \u05d0\u05d5 \u05e2\u05dc \u05de\u05e7\u05dc \u05e2\u05e5\/\u05ea\u05e4\u05d5\u05d6. 50 \u05d9\u05d7&#039; \u05d1\u05d7\u05d1\u05d9\u05dc\u05d4 150 \u05d2\u05e8\u05d9\u05d3  \u05d3\u05d5\u05d7\u05e4\u05d9 \u05d4\u05e2\u05d5\u05e8 \u05d4\u05de\u05d5\u05ea\u05d0\u05de\u05d9\u05dd \u05d4\u05dd-  expert 51\/2  expert 90\/2  expert 90\/3  \u05d0\u05d5\u05e4\u05df \u05d4\u05e9\u05d9\u05de\u05d5\u05e9 \u05d1\u05d4\u05de\u05e9\u05da \u05d4\u05e2\u05de\u05d5\u05d3.  &nbsp;\" \/>\n<meta name=\"robots\" content=\"index, follow, max-snippet:-1, max-image-preview:large, max-video-preview:-1\" \/>\n<link rel=\"canonical\" href=\"https:\/\/glamourshop.co.il\/fr\/produit\/\u05de\u05d3\u05d1\u05e7\u05d5\u05ea-\u05e4\u05e6\u05d9\u05e8\u05d4-\u05d7\u05d3-\u05e4\u05e2\u05de\u05d9\u05ea-\u05dc\u05d3\u05d5\u05d7\u05e3-\u05e2\u05d5\u05e8\/\" \/>\n<meta property=\"og:locale\" content=\"fr_FR\" \/>\n<meta property=\"og:type\" content=\"article\" \/>\n<meta property=\"og:title\" content=\"\u05de\u05d3\u05d1\u05e7\u05d5\u05ea \u05e4\u05e6\u05d9\u05e8\u05d4 \u05d7\u05d3 \u05e4\u05e2\u05de\u05d9\u05ea \u05dc\u05d3\u05d5\u05d7\u05e3 \u05e2\u05d5\u05e8 | \u05d2\u05dc\u05de\u05d5\u05e8 \u05e9\u05d5\u05e4\" \/>\n<meta property=\"og:description\" content=\"\u05de\u05d3\u05d1\u05e7\u05d5\u05ea \u05e4\u05e6\u05d9\u05e8\u05d4 \u05e2\u05d2\u05d5\u05dc\u05d5\u05ea \u05d7\u05d3 \u05e4\u05e2\u05de\u05d9\u05d5\u05ea \u05d4\u05e0\u05d3\u05d1\u05e7\u05d5\u05ea \u05e2\u05dc \u05d3\u05d5\u05d7\u05e3 \u05e2\u05d5\u05e8 \u05de\u05ea\u05db\u05ea\u05d9 \u05d9\u05d9\u05e2\u05d5\u05d3\u05d9 \u05d0\u05d5 \u05e2\u05dc \u05de\u05e7\u05dc \u05e2\u05e5\/\u05ea\u05e4\u05d5\u05d6. 50 \u05d9\u05d7&#039; \u05d1\u05d7\u05d1\u05d9\u05dc\u05d4 150 \u05d2\u05e8\u05d9\u05d3  \u05d3\u05d5\u05d7\u05e4\u05d9 \u05d4\u05e2\u05d5\u05e8 \u05d4\u05de\u05d5\u05ea\u05d0\u05de\u05d9\u05dd \u05d4\u05dd-  expert 51\/2  expert 90\/2  expert 90\/3  \u05d0\u05d5\u05e4\u05df \u05d4\u05e9\u05d9\u05de\u05d5\u05e9 \u05d1\u05d4\u05de\u05e9\u05da \u05d4\u05e2\u05de\u05d5\u05d3.  &nbsp;\" \/>\n<meta property=\"og:url\" content=\"https:\/\/glamourshop.co.il\/fr\/produit\/\u05de\u05d3\u05d1\u05e7\u05d5\u05ea-\u05e4\u05e6\u05d9\u05e8\u05d4-\u05d7\u05d3-\u05e4\u05e2\u05de\u05d9\u05ea-\u05dc\u05d3\u05d5\u05d7\u05e3-\u05e2\u05d5\u05e8\/\" \/>\n<meta property=\"og:site_name\" content=\"\u05d2\u05dc\u05de\u05d5\u05e8 \u05e9\u05d5\u05e4\" \/>\n<meta property=\"article:publisher\" content=\"https:\/\/www.facebook.com\/GlamourShopProfessionalNails\" \/>\n<meta property=\"article:modified_time\" content=\"2026-04-09T23:35:37+00:00\" \/>\n<meta property=\"og:image\" content=\"https:\/\/glamourshop.co.il\/wp-content\/uploads\/2023\/10\/12.jpg\" \/>\n\t<meta property=\"og:image:width\" content=\"1000\" \/>\n\t<meta property=\"og:image:height\" content=\"1000\" \/>\n\t<meta property=\"og:image:type\" content=\"image\/jpeg\" \/>\n<meta name=\"twitter:card\" content=\"summary_large_image\" \/>\n<meta name=\"twitter:label1\" content=\"Dur\u00e9e de lecture estim\u00e9e\" \/>\n\t<meta name=\"twitter:data1\" content=\"1 minute\" \/>\n<script type=\"application\/ld+json\" class=\"yoast-schema-graph\">{\"@context\":\"https:\/\/schema.org\",\"@graph\":[{\"@type\":[\"WebPage\",\"ItemPage\"],\"@id\":\"https:\/\/glamourshop.co.il\/product\/%d7%9e%d7%93%d7%91%d7%a7%d7%95%d7%aa-%d7%a4%d7%a6%d7%99%d7%a8%d7%94-%d7%97%d7%93-%d7%a4%d7%a2%d7%9e%d7%99%d7%aa-%d7%9c%d7%93%d7%95%d7%97%d7%a3-%d7%a2%d7%95%d7%a8\/\",\"url\":\"https:\/\/glamourshop.co.il\/product\/%d7%9e%d7%93%d7%91%d7%a7%d7%95%d7%aa-%d7%a4%d7%a6%d7%99%d7%a8%d7%94-%d7%97%d7%93-%d7%a4%d7%a2%d7%9e%d7%99%d7%aa-%d7%9c%d7%93%d7%95%d7%97%d7%a3-%d7%a2%d7%95%d7%a8\/\",\"name\":\"\u05de\u05d3\u05d1\u05e7\u05d5\u05ea \u05e4\u05e6\u05d9\u05e8\u05d4 \u05d7\u05d3 \u05e4\u05e2\u05de\u05d9\u05ea \u05dc\u05d3\u05d5\u05d7\u05e3 \u05e2\u05d5\u05e8 | \u05d2\u05dc\u05de\u05d5\u05e8 \u05e9\u05d5\u05e4\",\"isPartOf\":{\"@id\":\"https:\/\/glamourshop.co.il\/#website\"},\"primaryImageOfPage\":{\"@id\":\"https:\/\/glamourshop.co.il\/product\/%d7%9e%d7%93%d7%91%d7%a7%d7%95%d7%aa-%d7%a4%d7%a6%d7%99%d7%a8%d7%94-%d7%97%d7%93-%d7%a4%d7%a2%d7%9e%d7%99%d7%aa-%d7%9c%d7%93%d7%95%d7%97%d7%a3-%d7%a2%d7%95%d7%a8\/#primaryimage\"},\"image\":{\"@id\":\"https:\/\/glamourshop.co.il\/product\/%d7%9e%d7%93%d7%91%d7%a7%d7%95%d7%aa-%d7%a4%d7%a6%d7%99%d7%a8%d7%94-%d7%97%d7%93-%d7%a4%d7%a2%d7%9e%d7%99%d7%aa-%d7%9c%d7%93%d7%95%d7%97%d7%a3-%d7%a2%d7%95%d7%a8\/#primaryimage\"},\"thumbnailUrl\":\"https:\/\/glamourshop.co.il\/wp-content\/uploads\/2023\/10\/12.jpg\",\"datePublished\":\"2023-10-25T13:48:23+00:00\",\"dateModified\":\"2026-04-09T23:35:37+00:00\",\"description\":\"\u05de\u05d3\u05d1\u05e7\u05d5\u05ea \u05e4\u05e6\u05d9\u05e8\u05d4 \u05e2\u05d2\u05d5\u05dc\u05d5\u05ea \u05d7\u05d3 \u05e4\u05e2\u05de\u05d9\u05d5\u05ea \u05d4\u05e0\u05d3\u05d1\u05e7\u05d5\u05ea \u05e2\u05dc \u05d3\u05d5\u05d7\u05e3 \u05e2\u05d5\u05e8 \u05de\u05ea\u05db\u05ea\u05d9 \u05d9\u05d9\u05e2\u05d5\u05d3\u05d9 \u05d0\u05d5 \u05e2\u05dc \u05de\u05e7\u05dc \u05e2\u05e5\/\u05ea\u05e4\u05d5\u05d6. 50 \u05d9\u05d7' \u05d1\u05d7\u05d1\u05d9\u05dc\u05d4 150 \u05d2\u05e8\u05d9\u05d3 \u05d3\u05d5\u05d7\u05e4\u05d9 \u05d4\u05e2\u05d5\u05e8 \u05d4\u05de\u05d5\u05ea\u05d0\u05de\u05d9\u05dd \u05d4\u05dd- expert 51\/2 expert 90\/2 expert 90\/3 \u05d0\u05d5\u05e4\u05df \u05d4\u05e9\u05d9\u05de\u05d5\u05e9 \u05d1\u05d4\u05de\u05e9\u05da \u05d4\u05e2\u05de\u05d5\u05d3. &nbsp;\",\"breadcrumb\":{\"@id\":\"https:\/\/glamourshop.co.il\/product\/%d7%9e%d7%93%d7%91%d7%a7%d7%95%d7%aa-%d7%a4%d7%a6%d7%99%d7%a8%d7%94-%d7%97%d7%93-%d7%a4%d7%a2%d7%9e%d7%99%d7%aa-%d7%9c%d7%93%d7%95%d7%97%d7%a3-%d7%a2%d7%95%d7%a8\/#breadcrumb\"},\"inLanguage\":\"fr-FR\",\"potentialAction\":[{\"@type\":\"ReadAction\",\"target\":[\"https:\/\/glamourshop.co.il\/product\/%d7%9e%d7%93%d7%91%d7%a7%d7%95%d7%aa-%d7%a4%d7%a6%d7%99%d7%a8%d7%94-%d7%97%d7%93-%d7%a4%d7%a2%d7%9e%d7%99%d7%aa-%d7%9c%d7%93%d7%95%d7%97%d7%a3-%d7%a2%d7%95%d7%a8\/\"]}]},{\"@type\":\"ImageObject\",\"inLanguage\":\"fr-FR\",\"@id\":\"https:\/\/glamourshop.co.il\/product\/%d7%9e%d7%93%d7%91%d7%a7%d7%95%d7%aa-%d7%a4%d7%a6%d7%99%d7%a8%d7%94-%d7%97%d7%93-%d7%a4%d7%a2%d7%9e%d7%99%d7%aa-%d7%9c%d7%93%d7%95%d7%97%d7%a3-%d7%a2%d7%95%d7%a8\/#primaryimage\",\"url\":\"https:\/\/glamourshop.co.il\/wp-content\/uploads\/2023\/10\/12.jpg\",\"contentUrl\":\"https:\/\/glamourshop.co.il\/wp-content\/uploads\/2023\/10\/12.jpg\",\"width\":1000,\"height\":1000,\"caption\":\"\u05de\u05d3\u05d1\u05e7\u05d5\u05ea \u05e4\u05e6\u05d9\u05e8\u05d4 \u05d7\u05d3 \u05e4\u05e2\u05de\u05d9\u05ea \u05dc\u05d3\u05d5\u05d7\u05e3 \u05e2\u05d5\u05e8\"},{\"@type\":\"BreadcrumbList\",\"@id\":\"https:\/\/glamourshop.co.il\/product\/%d7%9e%d7%93%d7%91%d7%a7%d7%95%d7%aa-%d7%a4%d7%a6%d7%99%d7%a8%d7%94-%d7%97%d7%93-%d7%a4%d7%a2%d7%9e%d7%99%d7%aa-%d7%9c%d7%93%d7%95%d7%97%d7%a3-%d7%a2%d7%95%d7%a8\/#breadcrumb\",\"itemListElement\":[{\"@type\":\"ListItem\",\"position\":1,\"name\":\"\u05d3\u05e3 \u05d4\u05d1\u05d9\u05ea\",\"item\":\"https:\/\/glamourshop.co.il\/\"},{\"@type\":\"ListItem\",\"position\":2,\"name\":\"\u05de\u05d5\u05e6\u05e8\u05d9\u05dd\",\"item\":\"https:\/\/glamourshop.co.il\/shop\/\"},{\"@type\":\"ListItem\",\"position\":3,\"name\":\"\u05de\u05d3\u05d1\u05e7\u05d5\u05ea \u05e4\u05e6\u05d9\u05e8\u05d4 \u05d7\u05d3 \u05e4\u05e2\u05de\u05d9\u05ea \u05dc\u05d3\u05d5\u05d7\u05e3 \u05e2\u05d5\u05e8\"}]},{\"@type\":\"WebSite\",\"@id\":\"https:\/\/glamourshop.co.il\/#website\",\"url\":\"https:\/\/glamourshop.co.il\/\",\"name\":\"\u05d2\u05dc\u05de\u05d5\u05e8 \u05e9\u05d5\u05e4\",\"description\":\"\u201c\u05d2\u05dc\u05de\u05d5\u05e8\u201d \u05d4\u05d9\u05e0\u05d5 \u05de\u05d5\u05ea\u05d2 \u05d9\u05e9\u05e8\u05d0\u05dc\u05d9 \u05d4\u05de\u05ea\u05de\u05d7\u05d4 \u05d1\u05d9\u05d9\u05e6\u05d5\u05e8 \u05d5\u05e9\u05d9\u05d5\u05d5\u05e7 \u05de\u05d5\u05e6\u05e8\u05d9 \u05d1\u05e0\u05d9\u05d9\u05ea \u05e6\u05d9\u05e4\u05d5\u05e8\u05e0\u05d9\u05d9\u05dd, \u05dc\u05e7 \u05d2\u2019\u05dc \u05d5\u05e6\u05d9\u05d5\u05d3 \u05dc\u05de\u05e0\u05d9\u05e7\u05d5\u05e8.\",\"publisher\":{\"@id\":\"https:\/\/glamourshop.co.il\/#organization\"},\"potentialAction\":[{\"@type\":\"SearchAction\",\"target\":{\"@type\":\"EntryPoint\",\"urlTemplate\":\"https:\/\/glamourshop.co.il\/?s={search_term_string}\"},\"query-input\":{\"@type\":\"PropertyValueSpecification\",\"valueRequired\":true,\"valueName\":\"search_term_string\"}}],\"inLanguage\":\"fr-FR\"},{\"@type\":\"Organization\",\"@id\":\"https:\/\/glamourshop.co.il\/#organization\",\"name\":\"Glamour Shop\",\"url\":\"https:\/\/glamourshop.co.il\/\",\"logo\":{\"@type\":\"ImageObject\",\"inLanguage\":\"fr-FR\",\"@id\":\"https:\/\/glamourshop.co.il\/#\/schema\/logo\/image\/\",\"url\":\"https:\/\/glamourshop.co.il\/wp-content\/uploads\/2022\/04\/seo-logo.jpg\",\"contentUrl\":\"https:\/\/glamourshop.co.il\/wp-content\/uploads\/2022\/04\/seo-logo.jpg\",\"width\":1080,\"height\":631,\"caption\":\"Glamour Shop\"},\"image\":{\"@id\":\"https:\/\/glamourshop.co.il\/#\/schema\/logo\/image\/\"},\"sameAs\":[\"https:\/\/www.facebook.com\/GlamourShopProfessionalNails\",\"https:\/\/www.instagram.com\/glamour_professional_nails\/\"]}]}<\/script>\n<!-- \/ Yoast SEO plugin. -->","yoast_head_json":{"title":"\u05de\u05d3\u05d1\u05e7\u05d5\u05ea \u05e4\u05e6\u05d9\u05e8\u05d4 \u05d7\u05d3 \u05e4\u05e2\u05de\u05d9\u05ea \u05dc\u05d3\u05d5\u05d7\u05e3 \u05e2\u05d5\u05e8 | \u05d2\u05dc\u05de\u05d5\u05e8 \u05e9\u05d5\u05e4","description":"\u05de\u05d3\u05d1\u05e7\u05d5\u05ea \u05e4\u05e6\u05d9\u05e8\u05d4 \u05e2\u05d2\u05d5\u05dc\u05d5\u05ea \u05d7\u05d3 \u05e4\u05e2\u05de\u05d9\u05d5\u05ea \u05d4\u05e0\u05d3\u05d1\u05e7\u05d5\u05ea \u05e2\u05dc \u05d3\u05d5\u05d7\u05e3 \u05e2\u05d5\u05e8 \u05de\u05ea\u05db\u05ea\u05d9 \u05d9\u05d9\u05e2\u05d5\u05d3\u05d9 \u05d0\u05d5 \u05e2\u05dc \u05de\u05e7\u05dc \u05e2\u05e5\/\u05ea\u05e4\u05d5\u05d6. 50 \u05d9\u05d7' \u05d1\u05d7\u05d1\u05d9\u05dc\u05d4 150 \u05d2\u05e8\u05d9\u05d3  \u05d3\u05d5\u05d7\u05e4\u05d9 \u05d4\u05e2\u05d5\u05e8 \u05d4\u05de\u05d5\u05ea\u05d0\u05de\u05d9\u05dd \u05d4\u05dd-  expert 51\/2  expert 90\/2  expert 90\/3  \u05d0\u05d5\u05e4\u05df \u05d4\u05e9\u05d9\u05de\u05d5\u05e9 \u05d1\u05d4\u05de\u05e9\u05da \u05d4\u05e2\u05de\u05d5\u05d3.  &nbsp;","robots":{"index":"index","follow":"follow","max-snippet":"max-snippet:-1","max-image-preview":"max-image-preview:large","max-video-preview":"max-video-preview:-1"},"canonical":"https:\/\/glamourshop.co.il\/fr\/produit\/\u05de\u05d3\u05d1\u05e7\u05d5\u05ea-\u05e4\u05e6\u05d9\u05e8\u05d4-\u05d7\u05d3-\u05e4\u05e2\u05de\u05d9\u05ea-\u05dc\u05d3\u05d5\u05d7\u05e3-\u05e2\u05d5\u05e8\/","og_locale":"fr_FR","og_type":"article","og_title":"\u05de\u05d3\u05d1\u05e7\u05d5\u05ea \u05e4\u05e6\u05d9\u05e8\u05d4 \u05d7\u05d3 \u05e4\u05e2\u05de\u05d9\u05ea \u05dc\u05d3\u05d5\u05d7\u05e3 \u05e2\u05d5\u05e8 | \u05d2\u05dc\u05de\u05d5\u05e8 \u05e9\u05d5\u05e4","og_description":"\u05de\u05d3\u05d1\u05e7\u05d5\u05ea \u05e4\u05e6\u05d9\u05e8\u05d4 \u05e2\u05d2\u05d5\u05dc\u05d5\u05ea \u05d7\u05d3 \u05e4\u05e2\u05de\u05d9\u05d5\u05ea \u05d4\u05e0\u05d3\u05d1\u05e7\u05d5\u05ea \u05e2\u05dc \u05d3\u05d5\u05d7\u05e3 \u05e2\u05d5\u05e8 \u05de\u05ea\u05db\u05ea\u05d9 \u05d9\u05d9\u05e2\u05d5\u05d3\u05d9 \u05d0\u05d5 \u05e2\u05dc \u05de\u05e7\u05dc \u05e2\u05e5\/\u05ea\u05e4\u05d5\u05d6. 50 \u05d9\u05d7' \u05d1\u05d7\u05d1\u05d9\u05dc\u05d4 150 \u05d2\u05e8\u05d9\u05d3  \u05d3\u05d5\u05d7\u05e4\u05d9 \u05d4\u05e2\u05d5\u05e8 \u05d4\u05de\u05d5\u05ea\u05d0\u05de\u05d9\u05dd \u05d4\u05dd-  expert 51\/2  expert 90\/2  expert 90\/3  \u05d0\u05d5\u05e4\u05df \u05d4\u05e9\u05d9\u05de\u05d5\u05e9 \u05d1\u05d4\u05de\u05e9\u05da \u05d4\u05e2\u05de\u05d5\u05d3.  &nbsp;","og_url":"https:\/\/glamourshop.co.il\/fr\/produit\/\u05de\u05d3\u05d1\u05e7\u05d5\u05ea-\u05e4\u05e6\u05d9\u05e8\u05d4-\u05d7\u05d3-\u05e4\u05e2\u05de\u05d9\u05ea-\u05dc\u05d3\u05d5\u05d7\u05e3-\u05e2\u05d5\u05e8\/","og_site_name":"\u05d2\u05dc\u05de\u05d5\u05e8 \u05e9\u05d5\u05e4","article_publisher":"https:\/\/www.facebook.com\/GlamourShopProfessionalNails","article_modified_time":"2026-04-09T23:35:37+00:00","og_image":[{"width":1000,"height":1000,"url":"https:\/\/glamourshop.co.il\/wp-content\/uploads\/2023\/10\/12.jpg","type":"image\/jpeg"}],"twitter_card":"summary_large_image","twitter_misc":{"Dur\u00e9e de lecture estim\u00e9e":"1 minute"},"schema":{"@context":"https:\/\/schema.org","@graph":[{"@type":["WebPage","ItemPage"],"@id":"https:\/\/glamourshop.co.il\/product\/%d7%9e%d7%93%d7%91%d7%a7%d7%95%d7%aa-%d7%a4%d7%a6%d7%99%d7%a8%d7%94-%d7%97%d7%93-%d7%a4%d7%a2%d7%9e%d7%99%d7%aa-%d7%9c%d7%93%d7%95%d7%97%d7%a3-%d7%a2%d7%95%d7%a8\/","url":"https:\/\/glamourshop.co.il\/product\/%d7%9e%d7%93%d7%91%d7%a7%d7%95%d7%aa-%d7%a4%d7%a6%d7%99%d7%a8%d7%94-%d7%97%d7%93-%d7%a4%d7%a2%d7%9e%d7%99%d7%aa-%d7%9c%d7%93%d7%95%d7%97%d7%a3-%d7%a2%d7%95%d7%a8\/","name":"\u05de\u05d3\u05d1\u05e7\u05d5\u05ea \u05e4\u05e6\u05d9\u05e8\u05d4 \u05d7\u05d3 \u05e4\u05e2\u05de\u05d9\u05ea \u05dc\u05d3\u05d5\u05d7\u05e3 \u05e2\u05d5\u05e8 | \u05d2\u05dc\u05de\u05d5\u05e8 \u05e9\u05d5\u05e4","isPartOf":{"@id":"https:\/\/glamourshop.co.il\/#website"},"primaryImageOfPage":{"@id":"https:\/\/glamourshop.co.il\/product\/%d7%9e%d7%93%d7%91%d7%a7%d7%95%d7%aa-%d7%a4%d7%a6%d7%99%d7%a8%d7%94-%d7%97%d7%93-%d7%a4%d7%a2%d7%9e%d7%99%d7%aa-%d7%9c%d7%93%d7%95%d7%97%d7%a3-%d7%a2%d7%95%d7%a8\/#primaryimage"},"image":{"@id":"https:\/\/glamourshop.co.il\/product\/%d7%9e%d7%93%d7%91%d7%a7%d7%95%d7%aa-%d7%a4%d7%a6%d7%99%d7%a8%d7%94-%d7%97%d7%93-%d7%a4%d7%a2%d7%9e%d7%99%d7%aa-%d7%9c%d7%93%d7%95%d7%97%d7%a3-%d7%a2%d7%95%d7%a8\/#primaryimage"},"thumbnailUrl":"https:\/\/glamourshop.co.il\/wp-content\/uploads\/2023\/10\/12.jpg","datePublished":"2023-10-25T13:48:23+00:00","dateModified":"2026-04-09T23:35:37+00:00","description":"\u05de\u05d3\u05d1\u05e7\u05d5\u05ea \u05e4\u05e6\u05d9\u05e8\u05d4 \u05e2\u05d2\u05d5\u05dc\u05d5\u05ea \u05d7\u05d3 \u05e4\u05e2\u05de\u05d9\u05d5\u05ea \u05d4\u05e0\u05d3\u05d1\u05e7\u05d5\u05ea \u05e2\u05dc \u05d3\u05d5\u05d7\u05e3 \u05e2\u05d5\u05e8 \u05de\u05ea\u05db\u05ea\u05d9 \u05d9\u05d9\u05e2\u05d5\u05d3\u05d9 \u05d0\u05d5 \u05e2\u05dc \u05de\u05e7\u05dc \u05e2\u05e5\/\u05ea\u05e4\u05d5\u05d6. 50 \u05d9\u05d7' \u05d1\u05d7\u05d1\u05d9\u05dc\u05d4 150 \u05d2\u05e8\u05d9\u05d3 \u05d3\u05d5\u05d7\u05e4\u05d9 \u05d4\u05e2\u05d5\u05e8 \u05d4\u05de\u05d5\u05ea\u05d0\u05de\u05d9\u05dd \u05d4\u05dd- expert 51\/2 expert 90\/2 expert 90\/3 \u05d0\u05d5\u05e4\u05df \u05d4\u05e9\u05d9\u05de\u05d5\u05e9 \u05d1\u05d4\u05de\u05e9\u05da \u05d4\u05e2\u05de\u05d5\u05d3. &nbsp;","breadcrumb":{"@id":"https:\/\/glamourshop.co.il\/product\/%d7%9e%d7%93%d7%91%d7%a7%d7%95%d7%aa-%d7%a4%d7%a6%d7%99%d7%a8%d7%94-%d7%97%d7%93-%d7%a4%d7%a2%d7%9e%d7%99%d7%aa-%d7%9c%d7%93%d7%95%d7%97%d7%a3-%d7%a2%d7%95%d7%a8\/#breadcrumb"},"inLanguage":"fr-FR","potentialAction":[{"@type":"ReadAction","target":["https:\/\/glamourshop.co.il\/product\/%d7%9e%d7%93%d7%91%d7%a7%d7%95%d7%aa-%d7%a4%d7%a6%d7%99%d7%a8%d7%94-%d7%97%d7%93-%d7%a4%d7%a2%d7%9e%d7%99%d7%aa-%d7%9c%d7%93%d7%95%d7%97%d7%a3-%d7%a2%d7%95%d7%a8\/"]}]},{"@type":"ImageObject","inLanguage":"fr-FR","@id":"https:\/\/glamourshop.co.il\/product\/%d7%9e%d7%93%d7%91%d7%a7%d7%95%d7%aa-%d7%a4%d7%a6%d7%99%d7%a8%d7%94-%d7%97%d7%93-%d7%a4%d7%a2%d7%9e%d7%99%d7%aa-%d7%9c%d7%93%d7%95%d7%97%d7%a3-%d7%a2%d7%95%d7%a8\/#primaryimage","url":"https:\/\/glamourshop.co.il\/wp-content\/uploads\/2023\/10\/12.jpg","contentUrl":"https:\/\/glamourshop.co.il\/wp-content\/uploads\/2023\/10\/12.jpg","width":1000,"height":1000,"caption":"\u05de\u05d3\u05d1\u05e7\u05d5\u05ea \u05e4\u05e6\u05d9\u05e8\u05d4 \u05d7\u05d3 \u05e4\u05e2\u05de\u05d9\u05ea \u05dc\u05d3\u05d5\u05d7\u05e3 \u05e2\u05d5\u05e8"},{"@type":"BreadcrumbList","@id":"https:\/\/glamourshop.co.il\/product\/%d7%9e%d7%93%d7%91%d7%a7%d7%95%d7%aa-%d7%a4%d7%a6%d7%99%d7%a8%d7%94-%d7%97%d7%93-%d7%a4%d7%a2%d7%9e%d7%99%d7%aa-%d7%9c%d7%93%d7%95%d7%97%d7%a3-%d7%a2%d7%95%d7%a8\/#breadcrumb","itemListElement":[{"@type":"ListItem","position":1,"name":"\u05d3\u05e3 \u05d4\u05d1\u05d9\u05ea","item":"https:\/\/glamourshop.co.il\/"},{"@type":"ListItem","position":2,"name":"\u05de\u05d5\u05e6\u05e8\u05d9\u05dd","item":"https:\/\/glamourshop.co.il\/shop\/"},{"@type":"ListItem","position":3,"name":"\u05de\u05d3\u05d1\u05e7\u05d5\u05ea \u05e4\u05e6\u05d9\u05e8\u05d4 \u05d7\u05d3 \u05e4\u05e2\u05de\u05d9\u05ea \u05dc\u05d3\u05d5\u05d7\u05e3 \u05e2\u05d5\u05e8"}]},{"@type":"WebSite","@id":"https:\/\/glamourshop.co.il\/#website","url":"https:\/\/glamourshop.co.il\/","name":"Galmore Shop","description":"\u201c Galmor \u201d est une marque isra\u00e9lienne sp\u00e9cialis\u00e9e dans la fabrication et la commercialisation de produits pour la construction d'ongles, de vernis gel et d'\u00e9quipements pour manucure.","publisher":{"@id":"https:\/\/glamourshop.co.il\/#organization"},"potentialAction":[{"@type":"SearchAction","target":{"@type":"EntryPoint","urlTemplate":"https:\/\/glamourshop.co.il\/?s={search_term_string}"},"query-input":{"@type":"PropertyValueSpecification","valueRequired":true,"valueName":"search_term_string"}}],"inLanguage":"fr-FR"},{"@type":"Organization","@id":"https:\/\/glamourshop.co.il\/#organization","name":"Boutique Glamour","url":"https:\/\/glamourshop.co.il\/","logo":{"@type":"ImageObject","inLanguage":"fr-FR","@id":"https:\/\/glamourshop.co.il\/#\/schema\/logo\/image\/","url":"https:\/\/glamourshop.co.il\/wp-content\/uploads\/2022\/04\/seo-logo.jpg","contentUrl":"https:\/\/glamourshop.co.il\/wp-content\/uploads\/2022\/04\/seo-logo.jpg","width":1080,"height":631,"caption":"Glamour Shop"},"image":{"@id":"https:\/\/glamourshop.co.il\/#\/schema\/logo\/image\/"},"sameAs":["https:\/\/www.facebook.com\/GlamourShopProfessionalNails","https:\/\/www.instagram.com\/glamour_professional_nails\/"]}]}},"uagb_featured_image_src":{"full":["https:\/\/glamourshop.co.il\/wp-content\/uploads\/2023\/10\/12.jpg",1000,1000,false],"thumbnail":["https:\/\/glamourshop.co.il\/wp-content\/uploads\/2023\/10\/12-300x300.jpg",300,300,true],"medium":["https:\/\/glamourshop.co.il\/wp-content\/uploads\/2023\/10\/12-400x400.jpg",400,400,true],"medium_large":["https:\/\/glamourshop.co.il\/wp-content\/uploads\/2023\/10\/12-768x768.jpg",768,768,true],"large":["https:\/\/glamourshop.co.il\/wp-content\/uploads\/2023\/10\/12-800x800.jpg",800,800,true],"1536x1536":["https:\/\/glamourshop.co.il\/wp-content\/uploads\/2023\/10\/12.jpg",1000,1000,false],"2048x2048":["https:\/\/glamourshop.co.il\/wp-content\/uploads\/2023\/10\/12.jpg",1000,1000,false],"trp-custom-language-flag":["https:\/\/glamourshop.co.il\/wp-content\/uploads\/2023\/10\/12.jpg",12,12,false],"icon":["https:\/\/glamourshop.co.il\/wp-content\/uploads\/2023\/10\/12.jpg",1000,1000,false],"oc-product-thumbnail":["https:\/\/glamourshop.co.il\/wp-content\/uploads\/2023\/10\/12.jpg",149,149,false],"oc-product-single-image":["https:\/\/glamourshop.co.il\/wp-content\/uploads\/2023\/10\/12.jpg",727,727,false],"oc-product-archive-thumbnail":["https:\/\/glamourshop.co.il\/wp-content\/uploads\/2023\/10\/12.jpg",422,422,false],"woocommerce_thumbnail":["https:\/\/glamourshop.co.il\/wp-content\/uploads\/2023\/10\/12-500x500.jpg",500,500,true],"woocommerce_single":["https:\/\/glamourshop.co.il\/wp-content\/uploads\/2023\/10\/12-600x600.jpg",600,600,true],"woocommerce_gallery_thumbnail":["https:\/\/glamourshop.co.il\/wp-content\/uploads\/2023\/10\/12-100x100.jpg",100,100,true]},"uagb_author_info":{"display_name":"tzlilz2512","author_link":"https:\/\/glamourshop.co.il\/fr\/author\/"},"uagb_comment_info":0,"uagb_excerpt":"\u05de\u05d3\u05d1\u05e7\u05d5\u05ea \u05e4\u05e6\u05d9\u05e8\u05d4 \u05e2\u05d2\u05d5\u05dc\u05d5\u05ea \u05d7\u05d3 \u05e4\u05e2\u05de\u05d9\u05d5\u05ea \u05d4\u05e0\u05d3\u05d1\u05e7\u05d5\u05ea \u05e2\u05dc \u05d3\u05d5\u05d7\u05e3 \u05e2\u05d5\u05e8 \u05de\u05ea\u05db\u05ea\u05d9 \u05d9\u05d9\u05e2\u05d5\u05d3\u05d9 \u05d0\u05d5 \u05e2\u05dc \u05de\u05e7\u05dc \u05e2\u05e5\/\u05ea\u05e4\u05d5\u05d6. 50 \u05d9\u05d7' \u05d1\u05d7\u05d1\u05d9\u05dc\u05d4 150 \u05d2\u05e8\u05d9\u05d3 \u05d3\u05d5\u05d7\u05e4\u05d9 \u05d4\u05e2\u05d5\u05e8 \u05d4\u05de\u05d5\u05ea\u05d0\u05de\u05d9\u05dd \u05d4\u05dd- expert 51\/2 expert 90\/2 expert 90\/3 \u05d0\u05d5\u05e4\u05df \u05d4\u05e9\u05d9\u05de\u05d5\u05e9 \u05d1\u05d4\u05de\u05e9\u05da \u05d4\u05e2\u05de\u05d5\u05d3. &nbsp;","_links":{"self":[{"href":"https:\/\/glamourshop.co.il\/fr\/wp-json\/wp\/v2\/product\/24085","targetHints":{"allow":["GET"]}}],"collection":[{"href":"https:\/\/glamourshop.co.il\/fr\/wp-json\/wp\/v2\/product"}],"about":[{"href":"https:\/\/glamourshop.co.il\/fr\/wp-json\/wp\/v2\/types\/product"}],"replies":[{"embeddable":true,"href":"https:\/\/glamourshop.co.il\/fr\/wp-json\/wp\/v2\/comments?post=24085"}],"wp:featuredmedia":[{"embeddable":true,"href":"https:\/\/glamourshop.co.il\/fr\/wp-json\/wp\/v2\/media\/24088"}],"wp:attachment":[{"href":"https:\/\/glamourshop.co.il\/fr\/wp-json\/wp\/v2\/media?parent=24085"}],"wp:term":[{"taxonomy":"product_brand","embeddable":true,"href":"https:\/\/glamourshop.co.il\/fr\/wp-json\/wp\/v2\/product_brand?post=24085"},{"taxonomy":"product_cat","embeddable":true,"href":"https:\/\/glamourshop.co.il\/fr\/wp-json\/wp\/v2\/product_cat?post=24085"},{"taxonomy":"product_tag","embeddable":true,"href":"https:\/\/glamourshop.co.il\/fr\/wp-json\/wp\/v2\/product_tag?post=24085"}],"curies":[{"name":"wp","href":"https:\/\/api.w.org\/{rel}","templated":true}]}}