
{"id":2796,"date":"2020-11-23T16:58:26","date_gmt":"2020-11-23T14:58:26","guid":{"rendered":"https:\/\/devbee1.glamourshop.co.il.bee1.cloud\/shop\/%d7%9e%d7%9b%d7%95%d7%a0%d7%aa-%d7%a9%d7%99%d7%95%d7%a3-vivdril\/"},"modified":"2026-04-10T02:31:14","modified_gmt":"2026-04-09T23:31:14","slug":"sanding-machine-vivdril","status":"publish","type":"product","link":"https:\/\/glamourshop.co.il\/fr\/produit\/sanding-machine-vivdril\/","title":{"rendered":"\u05de\u05db\u05d5\u05e0\u05ea \u05e9\u05d9\u05d5\u05e3 &#8211; Vivdril"},"content":{"rendered":"<p>\u05d0\u05ea \u05de\u05db\u05d5\u05e0\u05ea \u05d4\u05e9\u05d9\u05d5\u05e3 \u05d4\u05d7\u05d3\u05e9\u05d4 \u05e9\u05dc\u05e0\u05d5 \u05d0\u05ea \u05d7\u05d9\u05d9\u05d1\u05ea\u05ea\u05ea\u05ea \u05dc\u05e2\u05e6\u05de\u05da!!!<br \/>\n\u05e7\u05d1\u05dc\u05d9 \u05d0\u05ea \u05d4-VIVIDRILL 106!<br \/>\n?35,000 \u05e1\u05d9\u05d1\u05d5\u05d1\u05d9\u05dd \u05d1\u05d3\u05e7\u05d4<br \/>\n?\u05d3\u05d5\u05d5\u05e9\u05ea \u05d4\u05e4\u05e2\u05dc\u05d4<br \/>\n?\u05db\u05d5\u05d7 65w<\/p>","protected":false},"excerpt":{"rendered":"<p>\u05de\u05db\u05d5\u05e0\u05ea \u05e9\u05d9\u05d5\u05e3 \u05de\u05e7\u05e6\u05d5\u05e2\u05d9\u05ea \u05d5\u05d9\u05d5\u05d9\u05d3\u05e8\u05d9\u05dc \u05d3\u05d2\u05dd 106<\/p>\n<p>-35,000 \u05e1\u05d9\u05d1\u05d5\u05d1\u05d9\u05dd \u05d1\u05d3\u05e7\u05d4<\/p>\n<p>-\u05d3\u05d5\u05d5\u05e9\u05ea \u05d4\u05e4\u05e2\u05dc\u05d4<\/p>\n<p>-\u05db\u05d5\u05d7: 65W<\/p>\n<p>\u05d0\u05d7\u05e8\u05d9\u05d5\u05ea \u05dc\u05e9\u05e0\u05d4<\/p>","protected":false},"featured_media":6570,"comment_status":"open","ping_status":"closed","template":"","meta":{"_uag_custom_page_level_css":""},"product_brand":[],"product_cat":[86,87],"product_tag":[157,76,151,739,88],"class_list":{"0":"post-2796","1":"product","2":"type-product","3":"status-publish","4":"has-post-thumbnail","6":"product_cat-electronics","7":"product_cat-lamps-grinders","8":"product_tag-acrygel","9":"product_tag-nail-construction","10":"product_tag-glamour","11":"product_tag-739","12":"product_tag-sanding","13":"desktop","15":"first","16":"outofstock","17":"sale","18":"shipping-taxable","19":"purchasable","20":"product-type-simple"},"acf":[],"yoast_head":"<!-- This site is optimized with the Yoast SEO plugin v26.0 - https:\/\/yoast.com\/wordpress\/plugins\/seo\/ -->\n<title>\u05de\u05db\u05d5\u05e0\u05ea \u05e9\u05d9\u05d5\u05e3 - Vivdril | \u05d2\u05dc\u05de\u05d5\u05e8 \u05e9\u05d5\u05e4<\/title>\n<meta name=\"description\" content=\"\u05de\u05db\u05d5\u05e0\u05ea \u05e9\u05d9\u05d5\u05e3 \u05de\u05e7\u05e6\u05d5\u05e2\u05d9\u05ea \u05d5\u05d9\u05d5\u05d9\u05d3\u05e8\u05d9\u05dc \u05d3\u05d2\u05dd 106  -35,000 \u05e1\u05d9\u05d1\u05d5\u05d1\u05d9\u05dd \u05d1\u05d3\u05e7\u05d4  -\u05d3\u05d5\u05d5\u05e9\u05ea \u05d4\u05e4\u05e2\u05dc\u05d4  -\u05db\u05d5\u05d7: 65W  \u05d0\u05d7\u05e8\u05d9\u05d5\u05ea \u05dc\u05e9\u05e0\u05d4\" \/>\n<meta name=\"robots\" content=\"index, follow, max-snippet:-1, max-image-preview:large, max-video-preview:-1\" \/>\n<link rel=\"canonical\" href=\"https:\/\/glamourshop.co.il\/fr\/produit\/sanding-machine-vivdril\/\" \/>\n<meta property=\"og:locale\" content=\"fr_FR\" \/>\n<meta property=\"og:type\" content=\"article\" \/>\n<meta property=\"og:title\" content=\"\u05de\u05db\u05d5\u05e0\u05ea \u05e9\u05d9\u05d5\u05e3 - Vivdril | \u05d2\u05dc\u05de\u05d5\u05e8 \u05e9\u05d5\u05e4\" \/>\n<meta property=\"og:description\" content=\"\u05de\u05db\u05d5\u05e0\u05ea \u05e9\u05d9\u05d5\u05e3 \u05de\u05e7\u05e6\u05d5\u05e2\u05d9\u05ea \u05d5\u05d9\u05d5\u05d9\u05d3\u05e8\u05d9\u05dc \u05d3\u05d2\u05dd 106  -35,000 \u05e1\u05d9\u05d1\u05d5\u05d1\u05d9\u05dd \u05d1\u05d3\u05e7\u05d4  -\u05d3\u05d5\u05d5\u05e9\u05ea \u05d4\u05e4\u05e2\u05dc\u05d4  -\u05db\u05d5\u05d7: 65W  \u05d0\u05d7\u05e8\u05d9\u05d5\u05ea \u05dc\u05e9\u05e0\u05d4\" \/>\n<meta property=\"og:url\" content=\"https:\/\/glamourshop.co.il\/fr\/produit\/sanding-machine-vivdril\/\" \/>\n<meta property=\"og:site_name\" content=\"\u05d2\u05dc\u05de\u05d5\u05e8 \u05e9\u05d5\u05e4\" \/>\n<meta property=\"article:publisher\" content=\"https:\/\/www.facebook.com\/GlamourShopProfessionalNails\" \/>\n<meta property=\"article:modified_time\" content=\"2026-04-09T23:31:14+00:00\" \/>\n<meta property=\"og:image\" content=\"https:\/\/glamourshop.co.il\/wp-content\/uploads\/2020\/11\/\u05de\u05db\u05d5\u05e0\u05ea-\u05e9\u05d9\u05d5\u05e3-1-768x768-1.jpg\" \/>\n\t<meta property=\"og:image:width\" content=\"768\" \/>\n\t<meta property=\"og:image:height\" content=\"768\" \/>\n\t<meta property=\"og:image:type\" content=\"image\/jpeg\" \/>\n<meta name=\"twitter:card\" content=\"summary_large_image\" \/>\n<meta name=\"twitter:label1\" content=\"Dur\u00e9e de lecture estim\u00e9e\" \/>\n\t<meta name=\"twitter:data1\" content=\"1 minute\" \/>\n<script type=\"application\/ld+json\" class=\"yoast-schema-graph\">{\"@context\":\"https:\/\/schema.org\",\"@graph\":[{\"@type\":[\"WebPage\",\"ItemPage\"],\"@id\":\"https:\/\/glamourshop.co.il\/product\/sanding-machine-vivdril\/\",\"url\":\"https:\/\/glamourshop.co.il\/product\/sanding-machine-vivdril\/\",\"name\":\"\u05de\u05db\u05d5\u05e0\u05ea \u05e9\u05d9\u05d5\u05e3 - Vivdril | \u05d2\u05dc\u05de\u05d5\u05e8 \u05e9\u05d5\u05e4\",\"isPartOf\":{\"@id\":\"https:\/\/glamourshop.co.il\/#website\"},\"primaryImageOfPage\":{\"@id\":\"https:\/\/glamourshop.co.il\/product\/sanding-machine-vivdril\/#primaryimage\"},\"image\":{\"@id\":\"https:\/\/glamourshop.co.il\/product\/sanding-machine-vivdril\/#primaryimage\"},\"thumbnailUrl\":\"https:\/\/glamourshop.co.il\/wp-content\/uploads\/2020\/11\/\u05de\u05db\u05d5\u05e0\u05ea-\u05e9\u05d9\u05d5\u05e3-1-768x768-1.jpg\",\"datePublished\":\"2020-11-23T14:58:26+00:00\",\"dateModified\":\"2026-04-09T23:31:14+00:00\",\"description\":\"\u05de\u05db\u05d5\u05e0\u05ea \u05e9\u05d9\u05d5\u05e3 \u05de\u05e7\u05e6\u05d5\u05e2\u05d9\u05ea \u05d5\u05d9\u05d5\u05d9\u05d3\u05e8\u05d9\u05dc \u05d3\u05d2\u05dd 106 -35,000 \u05e1\u05d9\u05d1\u05d5\u05d1\u05d9\u05dd \u05d1\u05d3\u05e7\u05d4 -\u05d3\u05d5\u05d5\u05e9\u05ea \u05d4\u05e4\u05e2\u05dc\u05d4 -\u05db\u05d5\u05d7: 65W \u05d0\u05d7\u05e8\u05d9\u05d5\u05ea \u05dc\u05e9\u05e0\u05d4\",\"breadcrumb\":{\"@id\":\"https:\/\/glamourshop.co.il\/product\/sanding-machine-vivdril\/#breadcrumb\"},\"inLanguage\":\"fr-FR\",\"potentialAction\":[{\"@type\":\"ReadAction\",\"target\":[\"https:\/\/glamourshop.co.il\/product\/sanding-machine-vivdril\/\"]}]},{\"@type\":\"ImageObject\",\"inLanguage\":\"fr-FR\",\"@id\":\"https:\/\/glamourshop.co.il\/product\/sanding-machine-vivdril\/#primaryimage\",\"url\":\"https:\/\/glamourshop.co.il\/wp-content\/uploads\/2020\/11\/\u05de\u05db\u05d5\u05e0\u05ea-\u05e9\u05d9\u05d5\u05e3-1-768x768-1.jpg\",\"contentUrl\":\"https:\/\/glamourshop.co.il\/wp-content\/uploads\/2020\/11\/\u05de\u05db\u05d5\u05e0\u05ea-\u05e9\u05d9\u05d5\u05e3-1-768x768-1.jpg\",\"width\":768,\"height\":768,\"caption\":\"\u05e9\u05d9\u05d5\u05e3 1 768x768 1\"},{\"@type\":\"BreadcrumbList\",\"@id\":\"https:\/\/glamourshop.co.il\/product\/sanding-machine-vivdril\/#breadcrumb\",\"itemListElement\":[{\"@type\":\"ListItem\",\"position\":1,\"name\":\"\u05d3\u05e3 \u05d4\u05d1\u05d9\u05ea\",\"item\":\"https:\/\/glamourshop.co.il\/\"},{\"@type\":\"ListItem\",\"position\":2,\"name\":\"\u05de\u05d5\u05e6\u05e8\u05d9\u05dd\",\"item\":\"https:\/\/glamourshop.co.il\/shop\/\"},{\"@type\":\"ListItem\",\"position\":3,\"name\":\"\u05de\u05db\u05d5\u05e0\u05ea \u05e9\u05d9\u05d5\u05e3 &#8211; Vivdril\"}]},{\"@type\":\"WebSite\",\"@id\":\"https:\/\/glamourshop.co.il\/#website\",\"url\":\"https:\/\/glamourshop.co.il\/\",\"name\":\"\u05d2\u05dc\u05de\u05d5\u05e8 \u05e9\u05d5\u05e4\",\"description\":\"\u201c\u05d2\u05dc\u05de\u05d5\u05e8\u201d \u05d4\u05d9\u05e0\u05d5 \u05de\u05d5\u05ea\u05d2 \u05d9\u05e9\u05e8\u05d0\u05dc\u05d9 \u05d4\u05de\u05ea\u05de\u05d7\u05d4 \u05d1\u05d9\u05d9\u05e6\u05d5\u05e8 \u05d5\u05e9\u05d9\u05d5\u05d5\u05e7 \u05de\u05d5\u05e6\u05e8\u05d9 \u05d1\u05e0\u05d9\u05d9\u05ea \u05e6\u05d9\u05e4\u05d5\u05e8\u05e0\u05d9\u05d9\u05dd, \u05dc\u05e7 \u05d2\u2019\u05dc \u05d5\u05e6\u05d9\u05d5\u05d3 \u05dc\u05de\u05e0\u05d9\u05e7\u05d5\u05e8.\",\"publisher\":{\"@id\":\"https:\/\/glamourshop.co.il\/#organization\"},\"potentialAction\":[{\"@type\":\"SearchAction\",\"target\":{\"@type\":\"EntryPoint\",\"urlTemplate\":\"https:\/\/glamourshop.co.il\/?s={search_term_string}\"},\"query-input\":{\"@type\":\"PropertyValueSpecification\",\"valueRequired\":true,\"valueName\":\"search_term_string\"}}],\"inLanguage\":\"fr-FR\"},{\"@type\":\"Organization\",\"@id\":\"https:\/\/glamourshop.co.il\/#organization\",\"name\":\"Glamour Shop\",\"url\":\"https:\/\/glamourshop.co.il\/\",\"logo\":{\"@type\":\"ImageObject\",\"inLanguage\":\"fr-FR\",\"@id\":\"https:\/\/glamourshop.co.il\/#\/schema\/logo\/image\/\",\"url\":\"https:\/\/glamourshop.co.il\/wp-content\/uploads\/2022\/04\/seo-logo.jpg\",\"contentUrl\":\"https:\/\/glamourshop.co.il\/wp-content\/uploads\/2022\/04\/seo-logo.jpg\",\"width\":1080,\"height\":631,\"caption\":\"Glamour Shop\"},\"image\":{\"@id\":\"https:\/\/glamourshop.co.il\/#\/schema\/logo\/image\/\"},\"sameAs\":[\"https:\/\/www.facebook.com\/GlamourShopProfessionalNails\",\"https:\/\/www.instagram.com\/glamour_professional_nails\/\"]}]}<\/script>\n<!-- \/ Yoast SEO plugin. -->","yoast_head_json":{"title":"\u05de\u05db\u05d5\u05e0\u05ea \u05e9\u05d9\u05d5\u05e3 - Vivdril | \u05d2\u05dc\u05de\u05d5\u05e8 \u05e9\u05d5\u05e4","description":"\u05de\u05db\u05d5\u05e0\u05ea \u05e9\u05d9\u05d5\u05e3 \u05de\u05e7\u05e6\u05d5\u05e2\u05d9\u05ea \u05d5\u05d9\u05d5\u05d9\u05d3\u05e8\u05d9\u05dc \u05d3\u05d2\u05dd 106  -35,000 \u05e1\u05d9\u05d1\u05d5\u05d1\u05d9\u05dd \u05d1\u05d3\u05e7\u05d4  -\u05d3\u05d5\u05d5\u05e9\u05ea \u05d4\u05e4\u05e2\u05dc\u05d4  -\u05db\u05d5\u05d7: 65W  \u05d0\u05d7\u05e8\u05d9\u05d5\u05ea \u05dc\u05e9\u05e0\u05d4","robots":{"index":"index","follow":"follow","max-snippet":"max-snippet:-1","max-image-preview":"max-image-preview:large","max-video-preview":"max-video-preview:-1"},"canonical":"https:\/\/glamourshop.co.il\/fr\/produit\/sanding-machine-vivdril\/","og_locale":"fr_FR","og_type":"article","og_title":"\u05de\u05db\u05d5\u05e0\u05ea \u05e9\u05d9\u05d5\u05e3 - Vivdril | \u05d2\u05dc\u05de\u05d5\u05e8 \u05e9\u05d5\u05e4","og_description":"\u05de\u05db\u05d5\u05e0\u05ea \u05e9\u05d9\u05d5\u05e3 \u05de\u05e7\u05e6\u05d5\u05e2\u05d9\u05ea \u05d5\u05d9\u05d5\u05d9\u05d3\u05e8\u05d9\u05dc \u05d3\u05d2\u05dd 106  -35,000 \u05e1\u05d9\u05d1\u05d5\u05d1\u05d9\u05dd \u05d1\u05d3\u05e7\u05d4  -\u05d3\u05d5\u05d5\u05e9\u05ea \u05d4\u05e4\u05e2\u05dc\u05d4  -\u05db\u05d5\u05d7: 65W  \u05d0\u05d7\u05e8\u05d9\u05d5\u05ea \u05dc\u05e9\u05e0\u05d4","og_url":"https:\/\/glamourshop.co.il\/fr\/produit\/sanding-machine-vivdril\/","og_site_name":"\u05d2\u05dc\u05de\u05d5\u05e8 \u05e9\u05d5\u05e4","article_publisher":"https:\/\/www.facebook.com\/GlamourShopProfessionalNails","article_modified_time":"2026-04-09T23:31:14+00:00","og_image":[{"width":768,"height":768,"url":"https:\/\/glamourshop.co.il\/wp-content\/uploads\/2020\/11\/\u05de\u05db\u05d5\u05e0\u05ea-\u05e9\u05d9\u05d5\u05e3-1-768x768-1.jpg","type":"image\/jpeg"}],"twitter_card":"summary_large_image","twitter_misc":{"Dur\u00e9e de lecture estim\u00e9e":"1 minute"},"schema":{"@context":"https:\/\/schema.org","@graph":[{"@type":["WebPage","ItemPage"],"@id":"https:\/\/glamourshop.co.il\/product\/sanding-machine-vivdril\/","url":"https:\/\/glamourshop.co.il\/product\/sanding-machine-vivdril\/","name":"\u05de\u05db\u05d5\u05e0\u05ea \u05e9\u05d9\u05d5\u05e3 - Vivdril | \u05d2\u05dc\u05de\u05d5\u05e8 \u05e9\u05d5\u05e4","isPartOf":{"@id":"https:\/\/glamourshop.co.il\/#website"},"primaryImageOfPage":{"@id":"https:\/\/glamourshop.co.il\/product\/sanding-machine-vivdril\/#primaryimage"},"image":{"@id":"https:\/\/glamourshop.co.il\/product\/sanding-machine-vivdril\/#primaryimage"},"thumbnailUrl":"https:\/\/glamourshop.co.il\/wp-content\/uploads\/2020\/11\/\u05de\u05db\u05d5\u05e0\u05ea-\u05e9\u05d9\u05d5\u05e3-1-768x768-1.jpg","datePublished":"2020-11-23T14:58:26+00:00","dateModified":"2026-04-09T23:31:14+00:00","description":"\u05de\u05db\u05d5\u05e0\u05ea \u05e9\u05d9\u05d5\u05e3 \u05de\u05e7\u05e6\u05d5\u05e2\u05d9\u05ea \u05d5\u05d9\u05d5\u05d9\u05d3\u05e8\u05d9\u05dc \u05d3\u05d2\u05dd 106 -35,000 \u05e1\u05d9\u05d1\u05d5\u05d1\u05d9\u05dd \u05d1\u05d3\u05e7\u05d4 -\u05d3\u05d5\u05d5\u05e9\u05ea \u05d4\u05e4\u05e2\u05dc\u05d4 -\u05db\u05d5\u05d7: 65W \u05d0\u05d7\u05e8\u05d9\u05d5\u05ea \u05dc\u05e9\u05e0\u05d4","breadcrumb":{"@id":"https:\/\/glamourshop.co.il\/product\/sanding-machine-vivdril\/#breadcrumb"},"inLanguage":"fr-FR","potentialAction":[{"@type":"ReadAction","target":["https:\/\/glamourshop.co.il\/product\/sanding-machine-vivdril\/"]}]},{"@type":"ImageObject","inLanguage":"fr-FR","@id":"https:\/\/glamourshop.co.il\/product\/sanding-machine-vivdril\/#primaryimage","url":"https:\/\/glamourshop.co.il\/wp-content\/uploads\/2020\/11\/\u05de\u05db\u05d5\u05e0\u05ea-\u05e9\u05d9\u05d5\u05e3-1-768x768-1.jpg","contentUrl":"https:\/\/glamourshop.co.il\/wp-content\/uploads\/2020\/11\/\u05de\u05db\u05d5\u05e0\u05ea-\u05e9\u05d9\u05d5\u05e3-1-768x768-1.jpg","width":768,"height":768,"caption":"\u05e9\u05d9\u05d5\u05e3 1 768x768 1"},{"@type":"BreadcrumbList","@id":"https:\/\/glamourshop.co.il\/product\/sanding-machine-vivdril\/#breadcrumb","itemListElement":[{"@type":"ListItem","position":1,"name":"\u05d3\u05e3 \u05d4\u05d1\u05d9\u05ea","item":"https:\/\/glamourshop.co.il\/"},{"@type":"ListItem","position":2,"name":"\u05de\u05d5\u05e6\u05e8\u05d9\u05dd","item":"https:\/\/glamourshop.co.il\/shop\/"},{"@type":"ListItem","position":3,"name":"\u05de\u05db\u05d5\u05e0\u05ea \u05e9\u05d9\u05d5\u05e3 &#8211; Vivdril"}]},{"@type":"WebSite","@id":"https:\/\/glamourshop.co.il\/#website","url":"https:\/\/glamourshop.co.il\/","name":"Galmore Shop","description":"\u201c Galmor \u201d est une marque isra\u00e9lienne sp\u00e9cialis\u00e9e dans la fabrication et la commercialisation de produits pour la construction d'ongles, de vernis gel et d'\u00e9quipements pour manucure.","publisher":{"@id":"https:\/\/glamourshop.co.il\/#organization"},"potentialAction":[{"@type":"SearchAction","target":{"@type":"EntryPoint","urlTemplate":"https:\/\/glamourshop.co.il\/?s={search_term_string}"},"query-input":{"@type":"PropertyValueSpecification","valueRequired":true,"valueName":"search_term_string"}}],"inLanguage":"fr-FR"},{"@type":"Organization","@id":"https:\/\/glamourshop.co.il\/#organization","name":"Boutique Glamour","url":"https:\/\/glamourshop.co.il\/","logo":{"@type":"ImageObject","inLanguage":"fr-FR","@id":"https:\/\/glamourshop.co.il\/#\/schema\/logo\/image\/","url":"https:\/\/glamourshop.co.il\/wp-content\/uploads\/2022\/04\/seo-logo.jpg","contentUrl":"https:\/\/glamourshop.co.il\/wp-content\/uploads\/2022\/04\/seo-logo.jpg","width":1080,"height":631,"caption":"Glamour Shop"},"image":{"@id":"https:\/\/glamourshop.co.il\/#\/schema\/logo\/image\/"},"sameAs":["https:\/\/www.facebook.com\/GlamourShopProfessionalNails","https:\/\/www.instagram.com\/glamour_professional_nails\/"]}]}},"uagb_featured_image_src":{"full":["https:\/\/glamourshop.co.il\/wp-content\/uploads\/2020\/11\/\u05de\u05db\u05d5\u05e0\u05ea-\u05e9\u05d9\u05d5\u05e3-1-768x768-1.jpg",768,768,false],"thumbnail":["https:\/\/glamourshop.co.il\/wp-content\/uploads\/2020\/11\/\u05de\u05db\u05d5\u05e0\u05ea-\u05e9\u05d9\u05d5\u05e3-1-768x768-1-300x300.jpg",300,300,true],"medium":["https:\/\/glamourshop.co.il\/wp-content\/uploads\/2020\/11\/\u05de\u05db\u05d5\u05e0\u05ea-\u05e9\u05d9\u05d5\u05e3-1-768x768-1-400x400.jpg",400,400,true],"medium_large":["https:\/\/glamourshop.co.il\/wp-content\/uploads\/2020\/11\/\u05de\u05db\u05d5\u05e0\u05ea-\u05e9\u05d9\u05d5\u05e3-1-768x768-1.jpg",768,768,false],"large":["https:\/\/glamourshop.co.il\/wp-content\/uploads\/2020\/11\/\u05de\u05db\u05d5\u05e0\u05ea-\u05e9\u05d9\u05d5\u05e3-1-768x768-1.jpg",768,768,false],"1536x1536":["https:\/\/glamourshop.co.il\/wp-content\/uploads\/2020\/11\/\u05de\u05db\u05d5\u05e0\u05ea-\u05e9\u05d9\u05d5\u05e3-1-768x768-1.jpg",768,768,false],"2048x2048":["https:\/\/glamourshop.co.il\/wp-content\/uploads\/2020\/11\/\u05de\u05db\u05d5\u05e0\u05ea-\u05e9\u05d9\u05d5\u05e3-1-768x768-1.jpg",768,768,false],"trp-custom-language-flag":["https:\/\/glamourshop.co.il\/wp-content\/uploads\/2020\/11\/\u05de\u05db\u05d5\u05e0\u05ea-\u05e9\u05d9\u05d5\u05e3-1-768x768-1.jpg",12,12,false],"icon":["https:\/\/glamourshop.co.il\/wp-content\/uploads\/2020\/11\/\u05de\u05db\u05d5\u05e0\u05ea-\u05e9\u05d9\u05d5\u05e3-1-768x768-1.jpg",768,768,false],"oc-product-thumbnail":["https:\/\/glamourshop.co.il\/wp-content\/uploads\/2020\/11\/\u05de\u05db\u05d5\u05e0\u05ea-\u05e9\u05d9\u05d5\u05e3-1-768x768-1.jpg",149,149,false],"oc-product-single-image":["https:\/\/glamourshop.co.il\/wp-content\/uploads\/2020\/11\/\u05de\u05db\u05d5\u05e0\u05ea-\u05e9\u05d9\u05d5\u05e3-1-768x768-1.jpg",727,727,false],"oc-product-archive-thumbnail":["https:\/\/glamourshop.co.il\/wp-content\/uploads\/2020\/11\/\u05de\u05db\u05d5\u05e0\u05ea-\u05e9\u05d9\u05d5\u05e3-1-768x768-1.jpg",422,422,false],"woocommerce_thumbnail":["https:\/\/glamourshop.co.il\/wp-content\/uploads\/2020\/11\/\u05de\u05db\u05d5\u05e0\u05ea-\u05e9\u05d9\u05d5\u05e3-1-768x768-1-500x500.jpg",500,500,true],"woocommerce_single":["https:\/\/glamourshop.co.il\/wp-content\/uploads\/2020\/11\/\u05de\u05db\u05d5\u05e0\u05ea-\u05e9\u05d9\u05d5\u05e3-1-768x768-1-600x600.jpg",600,600,true],"woocommerce_gallery_thumbnail":["https:\/\/glamourshop.co.il\/wp-content\/uploads\/2020\/11\/\u05de\u05db\u05d5\u05e0\u05ea-\u05e9\u05d9\u05d5\u05e3-1-768x768-1-100x100.jpg",100,100,true]},"uagb_author_info":{"display_name":"\u05e0\u05d8\u05dc\u05d9","author_link":"https:\/\/glamourshop.co.il\/fr\/author\/"},"uagb_comment_info":0,"uagb_excerpt":"\u05de\u05db\u05d5\u05e0\u05ea \u05e9\u05d9\u05d5\u05e3 \u05de\u05e7\u05e6\u05d5\u05e2\u05d9\u05ea \u05d5\u05d9\u05d5\u05d9\u05d3\u05e8\u05d9\u05dc \u05d3\u05d2\u05dd 106 -35,000 \u05e1\u05d9\u05d1\u05d5\u05d1\u05d9\u05dd \u05d1\u05d3\u05e7\u05d4 -\u05d3\u05d5\u05d5\u05e9\u05ea \u05d4\u05e4\u05e2\u05dc\u05d4 -\u05db\u05d5\u05d7: 65W \u05d0\u05d7\u05e8\u05d9\u05d5\u05ea \u05dc\u05e9\u05e0\u05d4","_links":{"self":[{"href":"https:\/\/glamourshop.co.il\/fr\/wp-json\/wp\/v2\/product\/2796","targetHints":{"allow":["GET"]}}],"collection":[{"href":"https:\/\/glamourshop.co.il\/fr\/wp-json\/wp\/v2\/product"}],"about":[{"href":"https:\/\/glamourshop.co.il\/fr\/wp-json\/wp\/v2\/types\/product"}],"replies":[{"embeddable":true,"href":"https:\/\/glamourshop.co.il\/fr\/wp-json\/wp\/v2\/comments?post=2796"}],"wp:featuredmedia":[{"embeddable":true,"href":"https:\/\/glamourshop.co.il\/fr\/wp-json\/wp\/v2\/media\/6570"}],"wp:attachment":[{"href":"https:\/\/glamourshop.co.il\/fr\/wp-json\/wp\/v2\/media?parent=2796"}],"wp:term":[{"taxonomy":"product_brand","embeddable":true,"href":"https:\/\/glamourshop.co.il\/fr\/wp-json\/wp\/v2\/product_brand?post=2796"},{"taxonomy":"product_cat","embeddable":true,"href":"https:\/\/glamourshop.co.il\/fr\/wp-json\/wp\/v2\/product_cat?post=2796"},{"taxonomy":"product_tag","embeddable":true,"href":"https:\/\/glamourshop.co.il\/fr\/wp-json\/wp\/v2\/product_tag?post=2796"}],"curies":[{"name":"wp","href":"https:\/\/api.w.org\/{rel}","templated":true}]}}