
{"id":34798,"date":"2024-08-27T10:33:14","date_gmt":"2024-08-27T07:33:14","guid":{"rendered":"https:\/\/glamourshop.co.il\/product\/%d7%92%d7%9c-%d7%9c%d7%99%d7%99%d7%a0%d7%a8-%d7%9c%d7%91%d7%9f-8-%d7%9e%d7%9c-glamour-magic-liner-white\/"},"modified":"2026-04-10T08:52:28","modified_gmt":"2026-04-10T05:52:28","slug":"%d7%92%d7%9c-%d7%9c%d7%99%d7%99%d7%a0%d7%a8-%d7%9c%d7%91%d7%9f-8-%d7%9e%d7%9c-glamour-magic-liner-white","status":"publish","type":"product","link":"https:\/\/glamourshop.co.il\/fr\/produit\/%d7%92%d7%9c-%d7%9c%d7%99%d7%99%d7%a0%d7%a8-%d7%9c%d7%91%d7%9f-8-%d7%9e%d7%9c-glamour-magic-liner-white\/","title":{"rendered":"Gel liner blanc, 8 ml | Glamour \u2013 Magic Liner White"},"content":{"rendered":"","protected":false},"excerpt":{"rendered":"<p>Magic Liner \u2013 Vernis gel blanc avec pinceau fin, id\u00e9al pour les French manucures, avec une formule adapt\u00e9e pour une application pr\u00e9cise et sans traces. Opacit\u00e9 parfaite et texture facile \u00e0 travailler.<\/p>\n<p>(Existe \u00e9galement en noir)<\/p>","protected":false},"featured_media":34893,"comment_status":"open","ping_status":"closed","template":"","meta":{"_uag_custom_page_level_css":""},"product_brand":[],"product_cat":[831,809,149,764],"product_tag":[],"class_list":{"0":"post-34798","1":"product","2":"type-product","3":"status-publish","4":"has-post-thumbnail","6":"product_cat-831","7":"product_cat-new-in-glamour","8":"product_cat-glamour-nail-polish","9":"product_cat-764","10":"desktop","12":"first","13":"instock","14":"sale","15":"shipping-taxable","16":"purchasable","17":"product-type-simple"},"acf":[],"yoast_head":"<!-- This site is optimized with the Yoast SEO plugin v26.0 - https:\/\/yoast.com\/wordpress\/plugins\/seo\/ -->\n<title>\u05d2&#039;\u05dc \u05dc\u05d9\u05d9\u05e0\u05e8 \u05dc\u05d1\u05df , 8 \u05de&quot;\u05dc | Glamour - Magic Liner White | \u05d2\u05dc\u05de\u05d5\u05e8 \u05e9\u05d5\u05e4<\/title>\n<meta name=\"description\" content=\"\u05de\u05d2\u05f3\u05d9\u05e7 \u05dc\u05d9\u05d9\u05e0\u05e8 - \u05dc\u05e7 \u05d2&#039;\u05dc \u05dc\u05d1\u05df \u05e2\u05dd \u05de\u05db\u05d7\u05d5\u05dc \u05d3\u05e7 \u05d4\u05de\u05d5\u05e9\u05dc\u05dd \u05dc\u05e4\u05e8\u05e0\u05e5&#039;, \u05e2\u05dd \u05e4\u05d5\u05e8\u05de\u05d5\u05dc\u05d4 \u05de\u05d5\u05ea\u05d0\u05de\u05ea \u05dc\u05de\u05e8\u05d9\u05d7\u05d4 \u05de\u05d3\u05d5\u05d9\u05e7\u05ea \u05d5\u05dc\u05dc\u05d0 \u05e1\u05d9\u05de\u05e0\u05d9 \u05de\u05e8\u05d9\u05d7\u05d4. \u05d0\u05d8\u05d9\u05de\u05d5\u05ea \u05de\u05d5\u05e9\u05dc\u05de\u05ea \u05d5\u05de\u05e8\u05e7\u05dd \u05e0\u05d5\u05d7 \u05dc\u05e2\u05d1\u05d5\u05d3\u05d4.  (\u05e7\u05d9\u05d9\u05dd \u05d2\u05dd \u05d1\u05e6\u05d1\u05e2 \u05e9\u05d7\u05d5\u05e8)\" \/>\n<meta name=\"robots\" content=\"index, follow, max-snippet:-1, max-image-preview:large, max-video-preview:-1\" \/>\n<link rel=\"canonical\" href=\"https:\/\/glamourshop.co.il\/fr\/produit\/\u05d2\u05dc-\u05dc\u05d9\u05d9\u05e0\u05e8-\u05dc\u05d1\u05df-8-\u05de\u05dc-glamour-magic-liner-white\/\" \/>\n<meta property=\"og:locale\" content=\"fr_FR\" \/>\n<meta property=\"og:type\" content=\"article\" \/>\n<meta property=\"og:title\" content=\"\u05d2&#039;\u05dc \u05dc\u05d9\u05d9\u05e0\u05e8 \u05dc\u05d1\u05df , 8 \u05de&quot;\u05dc | Glamour - Magic Liner White | \u05d2\u05dc\u05de\u05d5\u05e8 \u05e9\u05d5\u05e4\" \/>\n<meta property=\"og:description\" content=\"\u05de\u05d2\u05f3\u05d9\u05e7 \u05dc\u05d9\u05d9\u05e0\u05e8 - \u05dc\u05e7 \u05d2&#039;\u05dc \u05dc\u05d1\u05df \u05e2\u05dd \u05de\u05db\u05d7\u05d5\u05dc \u05d3\u05e7 \u05d4\u05de\u05d5\u05e9\u05dc\u05dd \u05dc\u05e4\u05e8\u05e0\u05e5&#039;, \u05e2\u05dd \u05e4\u05d5\u05e8\u05de\u05d5\u05dc\u05d4 \u05de\u05d5\u05ea\u05d0\u05de\u05ea \u05dc\u05de\u05e8\u05d9\u05d7\u05d4 \u05de\u05d3\u05d5\u05d9\u05e7\u05ea \u05d5\u05dc\u05dc\u05d0 \u05e1\u05d9\u05de\u05e0\u05d9 \u05de\u05e8\u05d9\u05d7\u05d4. \u05d0\u05d8\u05d9\u05de\u05d5\u05ea \u05de\u05d5\u05e9\u05dc\u05de\u05ea \u05d5\u05de\u05e8\u05e7\u05dd \u05e0\u05d5\u05d7 \u05dc\u05e2\u05d1\u05d5\u05d3\u05d4.  (\u05e7\u05d9\u05d9\u05dd \u05d2\u05dd \u05d1\u05e6\u05d1\u05e2 \u05e9\u05d7\u05d5\u05e8)\" \/>\n<meta property=\"og:url\" content=\"https:\/\/glamourshop.co.il\/fr\/produit\/\u05d2\u05dc-\u05dc\u05d9\u05d9\u05e0\u05e8-\u05dc\u05d1\u05df-8-\u05de\u05dc-glamour-magic-liner-white\/\" \/>\n<meta property=\"og:site_name\" content=\"\u05d2\u05dc\u05de\u05d5\u05e8 \u05e9\u05d5\u05e4\" \/>\n<meta property=\"article:publisher\" content=\"https:\/\/www.facebook.com\/GlamourShopProfessionalNails\" \/>\n<meta property=\"article:modified_time\" content=\"2026-04-10T05:52:28+00:00\" \/>\n<meta property=\"og:image\" content=\"https:\/\/glamourshop.co.il\/wp-content\/uploads\/2020\/08\/IMG_0030.jpeg\" \/>\n\t<meta property=\"og:image:width\" content=\"1000\" \/>\n\t<meta property=\"og:image:height\" content=\"1000\" \/>\n\t<meta property=\"og:image:type\" content=\"image\/jpeg\" \/>\n<meta name=\"twitter:card\" content=\"summary_large_image\" \/>\n<meta name=\"twitter:label1\" content=\"Dur\u00e9e de lecture estim\u00e9e\" \/>\n\t<meta name=\"twitter:data1\" content=\"1 minute\" \/>\n<script type=\"application\/ld+json\" class=\"yoast-schema-graph\">{\"@context\":\"https:\/\/schema.org\",\"@graph\":[{\"@type\":[\"WebPage\",\"ItemPage\"],\"@id\":\"https:\/\/glamourshop.co.il\/product\/%d7%92%d7%9c-%d7%9c%d7%99%d7%99%d7%a0%d7%a8-%d7%9c%d7%91%d7%9f-8-%d7%9e%d7%9c-glamour-magic-liner-white\/\",\"url\":\"https:\/\/glamourshop.co.il\/product\/%d7%92%d7%9c-%d7%9c%d7%99%d7%99%d7%a0%d7%a8-%d7%9c%d7%91%d7%9f-8-%d7%9e%d7%9c-glamour-magic-liner-white\/\",\"name\":\"\u05d2'\u05dc \u05dc\u05d9\u05d9\u05e0\u05e8 \u05dc\u05d1\u05df , 8 \u05de\\\"\u05dc | Glamour - Magic Liner White | \u05d2\u05dc\u05de\u05d5\u05e8 \u05e9\u05d5\u05e4\",\"isPartOf\":{\"@id\":\"https:\/\/glamourshop.co.il\/#website\"},\"primaryImageOfPage\":{\"@id\":\"https:\/\/glamourshop.co.il\/product\/%d7%92%d7%9c-%d7%9c%d7%99%d7%99%d7%a0%d7%a8-%d7%9c%d7%91%d7%9f-8-%d7%9e%d7%9c-glamour-magic-liner-white\/#primaryimage\"},\"image\":{\"@id\":\"https:\/\/glamourshop.co.il\/product\/%d7%92%d7%9c-%d7%9c%d7%99%d7%99%d7%a0%d7%a8-%d7%9c%d7%91%d7%9f-8-%d7%9e%d7%9c-glamour-magic-liner-white\/#primaryimage\"},\"thumbnailUrl\":\"https:\/\/glamourshop.co.il\/wp-content\/uploads\/2020\/08\/IMG_0030.jpeg\",\"datePublished\":\"2024-08-27T07:33:14+00:00\",\"dateModified\":\"2026-04-10T05:52:28+00:00\",\"description\":\"\u05de\u05d2\u05f3\u05d9\u05e7 \u05dc\u05d9\u05d9\u05e0\u05e8 - \u05dc\u05e7 \u05d2'\u05dc \u05dc\u05d1\u05df \u05e2\u05dd \u05de\u05db\u05d7\u05d5\u05dc \u05d3\u05e7 \u05d4\u05de\u05d5\u05e9\u05dc\u05dd \u05dc\u05e4\u05e8\u05e0\u05e5', \u05e2\u05dd \u05e4\u05d5\u05e8\u05de\u05d5\u05dc\u05d4 \u05de\u05d5\u05ea\u05d0\u05de\u05ea \u05dc\u05de\u05e8\u05d9\u05d7\u05d4 \u05de\u05d3\u05d5\u05d9\u05e7\u05ea \u05d5\u05dc\u05dc\u05d0 \u05e1\u05d9\u05de\u05e0\u05d9 \u05de\u05e8\u05d9\u05d7\u05d4. \u05d0\u05d8\u05d9\u05de\u05d5\u05ea \u05de\u05d5\u05e9\u05dc\u05de\u05ea \u05d5\u05de\u05e8\u05e7\u05dd \u05e0\u05d5\u05d7 \u05dc\u05e2\u05d1\u05d5\u05d3\u05d4. (\u05e7\u05d9\u05d9\u05dd \u05d2\u05dd \u05d1\u05e6\u05d1\u05e2 \u05e9\u05d7\u05d5\u05e8)\",\"breadcrumb\":{\"@id\":\"https:\/\/glamourshop.co.il\/product\/%d7%92%d7%9c-%d7%9c%d7%99%d7%99%d7%a0%d7%a8-%d7%9c%d7%91%d7%9f-8-%d7%9e%d7%9c-glamour-magic-liner-white\/#breadcrumb\"},\"inLanguage\":\"fr-FR\",\"potentialAction\":[{\"@type\":\"ReadAction\",\"target\":[\"https:\/\/glamourshop.co.il\/product\/%d7%92%d7%9c-%d7%9c%d7%99%d7%99%d7%a0%d7%a8-%d7%9c%d7%91%d7%9f-8-%d7%9e%d7%9c-glamour-magic-liner-white\/\"]}]},{\"@type\":\"ImageObject\",\"inLanguage\":\"fr-FR\",\"@id\":\"https:\/\/glamourshop.co.il\/product\/%d7%92%d7%9c-%d7%9c%d7%99%d7%99%d7%a0%d7%a8-%d7%9c%d7%91%d7%9f-8-%d7%9e%d7%9c-glamour-magic-liner-white\/#primaryimage\",\"url\":\"https:\/\/glamourshop.co.il\/wp-content\/uploads\/2020\/08\/IMG_0030.jpeg\",\"contentUrl\":\"https:\/\/glamourshop.co.il\/wp-content\/uploads\/2020\/08\/IMG_0030.jpeg\",\"width\":1000,\"height\":1000},{\"@type\":\"BreadcrumbList\",\"@id\":\"https:\/\/glamourshop.co.il\/product\/%d7%92%d7%9c-%d7%9c%d7%99%d7%99%d7%a0%d7%a8-%d7%9c%d7%91%d7%9f-8-%d7%9e%d7%9c-glamour-magic-liner-white\/#breadcrumb\",\"itemListElement\":[{\"@type\":\"ListItem\",\"position\":1,\"name\":\"\u05d3\u05e3 \u05d4\u05d1\u05d9\u05ea\",\"item\":\"https:\/\/glamourshop.co.il\/\"},{\"@type\":\"ListItem\",\"position\":2,\"name\":\"\u05de\u05d5\u05e6\u05e8\u05d9\u05dd\",\"item\":\"https:\/\/glamourshop.co.il\/shop\/\"},{\"@type\":\"ListItem\",\"position\":3,\"name\":\"\u05d2'\u05dc \u05dc\u05d9\u05d9\u05e0\u05e8 \u05dc\u05d1\u05df , 8 \u05de&quot;\u05dc | Glamour &#8211; Magic Liner White\"}]},{\"@type\":\"WebSite\",\"@id\":\"https:\/\/glamourshop.co.il\/#website\",\"url\":\"https:\/\/glamourshop.co.il\/\",\"name\":\"\u05d2\u05dc\u05de\u05d5\u05e8 \u05e9\u05d5\u05e4\",\"description\":\"\u201c\u05d2\u05dc\u05de\u05d5\u05e8\u201d \u05d4\u05d9\u05e0\u05d5 \u05de\u05d5\u05ea\u05d2 \u05d9\u05e9\u05e8\u05d0\u05dc\u05d9 \u05d4\u05de\u05ea\u05de\u05d7\u05d4 \u05d1\u05d9\u05d9\u05e6\u05d5\u05e8 \u05d5\u05e9\u05d9\u05d5\u05d5\u05e7 \u05de\u05d5\u05e6\u05e8\u05d9 \u05d1\u05e0\u05d9\u05d9\u05ea \u05e6\u05d9\u05e4\u05d5\u05e8\u05e0\u05d9\u05d9\u05dd, \u05dc\u05e7 \u05d2\u2019\u05dc \u05d5\u05e6\u05d9\u05d5\u05d3 \u05dc\u05de\u05e0\u05d9\u05e7\u05d5\u05e8.\",\"publisher\":{\"@id\":\"https:\/\/glamourshop.co.il\/#organization\"},\"potentialAction\":[{\"@type\":\"SearchAction\",\"target\":{\"@type\":\"EntryPoint\",\"urlTemplate\":\"https:\/\/glamourshop.co.il\/?s={search_term_string}\"},\"query-input\":{\"@type\":\"PropertyValueSpecification\",\"valueRequired\":true,\"valueName\":\"search_term_string\"}}],\"inLanguage\":\"fr-FR\"},{\"@type\":\"Organization\",\"@id\":\"https:\/\/glamourshop.co.il\/#organization\",\"name\":\"Glamour Shop\",\"url\":\"https:\/\/glamourshop.co.il\/\",\"logo\":{\"@type\":\"ImageObject\",\"inLanguage\":\"fr-FR\",\"@id\":\"https:\/\/glamourshop.co.il\/#\/schema\/logo\/image\/\",\"url\":\"https:\/\/glamourshop.co.il\/wp-content\/uploads\/2022\/04\/seo-logo.jpg\",\"contentUrl\":\"https:\/\/glamourshop.co.il\/wp-content\/uploads\/2022\/04\/seo-logo.jpg\",\"width\":1080,\"height\":631,\"caption\":\"Glamour Shop\"},\"image\":{\"@id\":\"https:\/\/glamourshop.co.il\/#\/schema\/logo\/image\/\"},\"sameAs\":[\"https:\/\/www.facebook.com\/GlamourShopProfessionalNails\",\"https:\/\/www.instagram.com\/glamour_professional_nails\/\"]}]}<\/script>\n<!-- \/ Yoast SEO plugin. -->","yoast_head_json":{"title":"\u05d2'\u05dc \u05dc\u05d9\u05d9\u05e0\u05e8 \u05dc\u05d1\u05df , 8 \u05de\"\u05dc | Glamour - Magic Liner White | \u05d2\u05dc\u05de\u05d5\u05e8 \u05e9\u05d5\u05e4","description":"\u05de\u05d2\u05f3\u05d9\u05e7 \u05dc\u05d9\u05d9\u05e0\u05e8 - \u05dc\u05e7 \u05d2'\u05dc \u05dc\u05d1\u05df \u05e2\u05dd \u05de\u05db\u05d7\u05d5\u05dc \u05d3\u05e7 \u05d4\u05de\u05d5\u05e9\u05dc\u05dd \u05dc\u05e4\u05e8\u05e0\u05e5', \u05e2\u05dd \u05e4\u05d5\u05e8\u05de\u05d5\u05dc\u05d4 \u05de\u05d5\u05ea\u05d0\u05de\u05ea \u05dc\u05de\u05e8\u05d9\u05d7\u05d4 \u05de\u05d3\u05d5\u05d9\u05e7\u05ea \u05d5\u05dc\u05dc\u05d0 \u05e1\u05d9\u05de\u05e0\u05d9 \u05de\u05e8\u05d9\u05d7\u05d4. \u05d0\u05d8\u05d9\u05de\u05d5\u05ea \u05de\u05d5\u05e9\u05dc\u05de\u05ea \u05d5\u05de\u05e8\u05e7\u05dd \u05e0\u05d5\u05d7 \u05dc\u05e2\u05d1\u05d5\u05d3\u05d4.  (\u05e7\u05d9\u05d9\u05dd \u05d2\u05dd \u05d1\u05e6\u05d1\u05e2 \u05e9\u05d7\u05d5\u05e8)","robots":{"index":"index","follow":"follow","max-snippet":"max-snippet:-1","max-image-preview":"max-image-preview:large","max-video-preview":"max-video-preview:-1"},"canonical":"https:\/\/glamourshop.co.il\/fr\/produit\/\u05d2\u05dc-\u05dc\u05d9\u05d9\u05e0\u05e8-\u05dc\u05d1\u05df-8-\u05de\u05dc-glamour-magic-liner-white\/","og_locale":"fr_FR","og_type":"article","og_title":"\u05d2'\u05dc \u05dc\u05d9\u05d9\u05e0\u05e8 \u05dc\u05d1\u05df , 8 \u05de\"\u05dc | Glamour - Magic Liner White | \u05d2\u05dc\u05de\u05d5\u05e8 \u05e9\u05d5\u05e4","og_description":"\u05de\u05d2\u05f3\u05d9\u05e7 \u05dc\u05d9\u05d9\u05e0\u05e8 - \u05dc\u05e7 \u05d2'\u05dc \u05dc\u05d1\u05df \u05e2\u05dd \u05de\u05db\u05d7\u05d5\u05dc \u05d3\u05e7 \u05d4\u05de\u05d5\u05e9\u05dc\u05dd \u05dc\u05e4\u05e8\u05e0\u05e5', \u05e2\u05dd \u05e4\u05d5\u05e8\u05de\u05d5\u05dc\u05d4 \u05de\u05d5\u05ea\u05d0\u05de\u05ea \u05dc\u05de\u05e8\u05d9\u05d7\u05d4 \u05de\u05d3\u05d5\u05d9\u05e7\u05ea \u05d5\u05dc\u05dc\u05d0 \u05e1\u05d9\u05de\u05e0\u05d9 \u05de\u05e8\u05d9\u05d7\u05d4. \u05d0\u05d8\u05d9\u05de\u05d5\u05ea \u05de\u05d5\u05e9\u05dc\u05de\u05ea \u05d5\u05de\u05e8\u05e7\u05dd \u05e0\u05d5\u05d7 \u05dc\u05e2\u05d1\u05d5\u05d3\u05d4.  (\u05e7\u05d9\u05d9\u05dd \u05d2\u05dd \u05d1\u05e6\u05d1\u05e2 \u05e9\u05d7\u05d5\u05e8)","og_url":"https:\/\/glamourshop.co.il\/fr\/produit\/\u05d2\u05dc-\u05dc\u05d9\u05d9\u05e0\u05e8-\u05dc\u05d1\u05df-8-\u05de\u05dc-glamour-magic-liner-white\/","og_site_name":"\u05d2\u05dc\u05de\u05d5\u05e8 \u05e9\u05d5\u05e4","article_publisher":"https:\/\/www.facebook.com\/GlamourShopProfessionalNails","article_modified_time":"2026-04-10T05:52:28+00:00","og_image":[{"width":1000,"height":1000,"url":"https:\/\/glamourshop.co.il\/wp-content\/uploads\/2020\/08\/IMG_0030.jpeg","type":"image\/jpeg"}],"twitter_card":"summary_large_image","twitter_misc":{"Dur\u00e9e de lecture estim\u00e9e":"1 minute"},"schema":{"@context":"https:\/\/schema.org","@graph":[{"@type":["WebPage","ItemPage"],"@id":"https:\/\/glamourshop.co.il\/product\/%d7%92%d7%9c-%d7%9c%d7%99%d7%99%d7%a0%d7%a8-%d7%9c%d7%91%d7%9f-8-%d7%9e%d7%9c-glamour-magic-liner-white\/","url":"https:\/\/glamourshop.co.il\/product\/%d7%92%d7%9c-%d7%9c%d7%99%d7%99%d7%a0%d7%a8-%d7%9c%d7%91%d7%9f-8-%d7%9e%d7%9c-glamour-magic-liner-white\/","name":"\u05d2'\u05dc \u05dc\u05d9\u05d9\u05e0\u05e8 \u05dc\u05d1\u05df , 8 \u05de\"\u05dc | Glamour - Magic Liner White | \u05d2\u05dc\u05de\u05d5\u05e8 \u05e9\u05d5\u05e4","isPartOf":{"@id":"https:\/\/glamourshop.co.il\/#website"},"primaryImageOfPage":{"@id":"https:\/\/glamourshop.co.il\/product\/%d7%92%d7%9c-%d7%9c%d7%99%d7%99%d7%a0%d7%a8-%d7%9c%d7%91%d7%9f-8-%d7%9e%d7%9c-glamour-magic-liner-white\/#primaryimage"},"image":{"@id":"https:\/\/glamourshop.co.il\/product\/%d7%92%d7%9c-%d7%9c%d7%99%d7%99%d7%a0%d7%a8-%d7%9c%d7%91%d7%9f-8-%d7%9e%d7%9c-glamour-magic-liner-white\/#primaryimage"},"thumbnailUrl":"https:\/\/glamourshop.co.il\/wp-content\/uploads\/2020\/08\/IMG_0030.jpeg","datePublished":"2024-08-27T07:33:14+00:00","dateModified":"2026-04-10T05:52:28+00:00","description":"\u05de\u05d2\u05f3\u05d9\u05e7 \u05dc\u05d9\u05d9\u05e0\u05e8 - \u05dc\u05e7 \u05d2'\u05dc \u05dc\u05d1\u05df \u05e2\u05dd \u05de\u05db\u05d7\u05d5\u05dc \u05d3\u05e7 \u05d4\u05de\u05d5\u05e9\u05dc\u05dd \u05dc\u05e4\u05e8\u05e0\u05e5', \u05e2\u05dd \u05e4\u05d5\u05e8\u05de\u05d5\u05dc\u05d4 \u05de\u05d5\u05ea\u05d0\u05de\u05ea \u05dc\u05de\u05e8\u05d9\u05d7\u05d4 \u05de\u05d3\u05d5\u05d9\u05e7\u05ea \u05d5\u05dc\u05dc\u05d0 \u05e1\u05d9\u05de\u05e0\u05d9 \u05de\u05e8\u05d9\u05d7\u05d4. \u05d0\u05d8\u05d9\u05de\u05d5\u05ea \u05de\u05d5\u05e9\u05dc\u05de\u05ea \u05d5\u05de\u05e8\u05e7\u05dd \u05e0\u05d5\u05d7 \u05dc\u05e2\u05d1\u05d5\u05d3\u05d4. (\u05e7\u05d9\u05d9\u05dd \u05d2\u05dd \u05d1\u05e6\u05d1\u05e2 \u05e9\u05d7\u05d5\u05e8)","breadcrumb":{"@id":"https:\/\/glamourshop.co.il\/product\/%d7%92%d7%9c-%d7%9c%d7%99%d7%99%d7%a0%d7%a8-%d7%9c%d7%91%d7%9f-8-%d7%9e%d7%9c-glamour-magic-liner-white\/#breadcrumb"},"inLanguage":"fr-FR","potentialAction":[{"@type":"ReadAction","target":["https:\/\/glamourshop.co.il\/product\/%d7%92%d7%9c-%d7%9c%d7%99%d7%99%d7%a0%d7%a8-%d7%9c%d7%91%d7%9f-8-%d7%9e%d7%9c-glamour-magic-liner-white\/"]}]},{"@type":"ImageObject","inLanguage":"fr-FR","@id":"https:\/\/glamourshop.co.il\/product\/%d7%92%d7%9c-%d7%9c%d7%99%d7%99%d7%a0%d7%a8-%d7%9c%d7%91%d7%9f-8-%d7%9e%d7%9c-glamour-magic-liner-white\/#primaryimage","url":"https:\/\/glamourshop.co.il\/wp-content\/uploads\/2020\/08\/IMG_0030.jpeg","contentUrl":"https:\/\/glamourshop.co.il\/wp-content\/uploads\/2020\/08\/IMG_0030.jpeg","width":1000,"height":1000},{"@type":"BreadcrumbList","@id":"https:\/\/glamourshop.co.il\/product\/%d7%92%d7%9c-%d7%9c%d7%99%d7%99%d7%a0%d7%a8-%d7%9c%d7%91%d7%9f-8-%d7%9e%d7%9c-glamour-magic-liner-white\/#breadcrumb","itemListElement":[{"@type":"ListItem","position":1,"name":"\u05d3\u05e3 \u05d4\u05d1\u05d9\u05ea","item":"https:\/\/glamourshop.co.il\/"},{"@type":"ListItem","position":2,"name":"\u05de\u05d5\u05e6\u05e8\u05d9\u05dd","item":"https:\/\/glamourshop.co.il\/shop\/"},{"@type":"ListItem","position":3,"name":"\u05d2'\u05dc \u05dc\u05d9\u05d9\u05e0\u05e8 \u05dc\u05d1\u05df , 8 \u05de&quot;\u05dc | Glamour &#8211; Magic Liner White"}]},{"@type":"WebSite","@id":"https:\/\/glamourshop.co.il\/#website","url":"https:\/\/glamourshop.co.il\/","name":"Galmore Shop","description":"\u201c Galmor \u201d est une marque isra\u00e9lienne sp\u00e9cialis\u00e9e dans la fabrication et la commercialisation de produits pour la construction d'ongles, de vernis gel et d'\u00e9quipements pour manucure.","publisher":{"@id":"https:\/\/glamourshop.co.il\/#organization"},"potentialAction":[{"@type":"SearchAction","target":{"@type":"EntryPoint","urlTemplate":"https:\/\/glamourshop.co.il\/?s={search_term_string}"},"query-input":{"@type":"PropertyValueSpecification","valueRequired":true,"valueName":"search_term_string"}}],"inLanguage":"fr-FR"},{"@type":"Organization","@id":"https:\/\/glamourshop.co.il\/#organization","name":"Boutique Glamour","url":"https:\/\/glamourshop.co.il\/","logo":{"@type":"ImageObject","inLanguage":"fr-FR","@id":"https:\/\/glamourshop.co.il\/#\/schema\/logo\/image\/","url":"https:\/\/glamourshop.co.il\/wp-content\/uploads\/2022\/04\/seo-logo.jpg","contentUrl":"https:\/\/glamourshop.co.il\/wp-content\/uploads\/2022\/04\/seo-logo.jpg","width":1080,"height":631,"caption":"Glamour Shop"},"image":{"@id":"https:\/\/glamourshop.co.il\/#\/schema\/logo\/image\/"},"sameAs":["https:\/\/www.facebook.com\/GlamourShopProfessionalNails","https:\/\/www.instagram.com\/glamour_professional_nails\/"]}]}},"uagb_featured_image_src":{"full":["https:\/\/glamourshop.co.il\/wp-content\/uploads\/2020\/08\/IMG_0030.jpeg",1000,1000,false],"thumbnail":["https:\/\/glamourshop.co.il\/wp-content\/uploads\/2020\/08\/IMG_0030-300x300.jpeg",300,300,true],"medium":["https:\/\/glamourshop.co.il\/wp-content\/uploads\/2020\/08\/IMG_0030-400x400.jpeg",400,400,true],"medium_large":["https:\/\/glamourshop.co.il\/wp-content\/uploads\/2020\/08\/IMG_0030-768x768.jpeg",768,768,true],"large":["https:\/\/glamourshop.co.il\/wp-content\/uploads\/2020\/08\/IMG_0030-800x800.jpeg",800,800,true],"1536x1536":["https:\/\/glamourshop.co.il\/wp-content\/uploads\/2020\/08\/IMG_0030.jpeg",1000,1000,false],"2048x2048":["https:\/\/glamourshop.co.il\/wp-content\/uploads\/2020\/08\/IMG_0030.jpeg",1000,1000,false],"trp-custom-language-flag":["https:\/\/glamourshop.co.il\/wp-content\/uploads\/2020\/08\/IMG_0030.jpeg",12,12,false],"icon":["https:\/\/glamourshop.co.il\/wp-content\/uploads\/2020\/08\/IMG_0030.jpeg",1000,1000,false],"oc-product-thumbnail":["https:\/\/glamourshop.co.il\/wp-content\/uploads\/2020\/08\/IMG_0030-149x149.jpeg",149,149,true],"oc-product-single-image":["https:\/\/glamourshop.co.il\/wp-content\/uploads\/2020\/08\/IMG_0030-727x800.jpeg",727,800,true],"oc-product-archive-thumbnail":["https:\/\/glamourshop.co.il\/wp-content\/uploads\/2020\/08\/IMG_0030-422x422.jpeg",422,422,true],"woocommerce_thumbnail":["https:\/\/glamourshop.co.il\/wp-content\/uploads\/2020\/08\/IMG_0030-500x500.jpeg",500,500,true],"woocommerce_single":["https:\/\/glamourshop.co.il\/wp-content\/uploads\/2020\/08\/IMG_0030-600x600.jpeg",600,600,true],"woocommerce_gallery_thumbnail":["https:\/\/glamourshop.co.il\/wp-content\/uploads\/2020\/08\/IMG_0030-100x100.jpeg",100,100,true]},"uagb_author_info":{"display_name":"\u05e0\u05d9\u05e1\u05df \u05de\u05d9\u05db\u05d0\u05dc\u05d5\u05d1","author_link":"https:\/\/glamourshop.co.il\/fr\/author\/"},"uagb_comment_info":0,"uagb_excerpt":"\u05de\u05d2\u05f3\u05d9\u05e7 \u05dc\u05d9\u05d9\u05e0\u05e8 - \u05dc\u05e7 \u05d2'\u05dc \u05dc\u05d1\u05df \u05e2\u05dd \u05de\u05db\u05d7\u05d5\u05dc \u05d3\u05e7 \u05d4\u05de\u05d5\u05e9\u05dc\u05dd \u05dc\u05e4\u05e8\u05e0\u05e5', \u05e2\u05dd \u05e4\u05d5\u05e8\u05de\u05d5\u05dc\u05d4 \u05de\u05d5\u05ea\u05d0\u05de\u05ea \u05dc\u05de\u05e8\u05d9\u05d7\u05d4 \u05de\u05d3\u05d5\u05d9\u05e7\u05ea \u05d5\u05dc\u05dc\u05d0 \u05e1\u05d9\u05de\u05e0\u05d9 \u05de\u05e8\u05d9\u05d7\u05d4. \u05d0\u05d8\u05d9\u05de\u05d5\u05ea \u05de\u05d5\u05e9\u05dc\u05de\u05ea \u05d5\u05de\u05e8\u05e7\u05dd \u05e0\u05d5\u05d7 \u05dc\u05e2\u05d1\u05d5\u05d3\u05d4. (\u05e7\u05d9\u05d9\u05dd \u05d2\u05dd \u05d1\u05e6\u05d1\u05e2 \u05e9\u05d7\u05d5\u05e8)","_links":{"self":[{"href":"https:\/\/glamourshop.co.il\/fr\/wp-json\/wp\/v2\/product\/34798","targetHints":{"allow":["GET"]}}],"collection":[{"href":"https:\/\/glamourshop.co.il\/fr\/wp-json\/wp\/v2\/product"}],"about":[{"href":"https:\/\/glamourshop.co.il\/fr\/wp-json\/wp\/v2\/types\/product"}],"replies":[{"embeddable":true,"href":"https:\/\/glamourshop.co.il\/fr\/wp-json\/wp\/v2\/comments?post=34798"}],"wp:featuredmedia":[{"embeddable":true,"href":"https:\/\/glamourshop.co.il\/fr\/wp-json\/wp\/v2\/media\/34893"}],"wp:attachment":[{"href":"https:\/\/glamourshop.co.il\/fr\/wp-json\/wp\/v2\/media?parent=34798"}],"wp:term":[{"taxonomy":"product_brand","embeddable":true,"href":"https:\/\/glamourshop.co.il\/fr\/wp-json\/wp\/v2\/product_brand?post=34798"},{"taxonomy":"product_cat","embeddable":true,"href":"https:\/\/glamourshop.co.il\/fr\/wp-json\/wp\/v2\/product_cat?post=34798"},{"taxonomy":"product_tag","embeddable":true,"href":"https:\/\/glamourshop.co.il\/fr\/wp-json\/wp\/v2\/product_tag?post=34798"}],"curies":[{"name":"wp","href":"https:\/\/api.w.org\/{rel}","templated":true}]}}