
{"id":3701,"date":"2021-02-12T16:21:36","date_gmt":"2021-02-12T14:21:36","guid":{"rendered":"https:\/\/devbee1.glamourshop.co.il.bee1.cloud\/?post_type=product&#038;p=3701"},"modified":"2026-05-04T02:33:57","modified_gmt":"2026-05-03T23:33:57","slug":"combo-lamp-sun-2-uv-led","status":"publish","type":"product","link":"https:\/\/glamourshop.co.il\/fr\/produit\/combo-lamp-sun-2-uv-led\/","title":{"rendered":"Lampe de s\u00e9chage SUN 2 | 48W \u2013 2"},"content":{"rendered":"<div>\n<p style=\"direction: rtl;\">\u2714 \u00c9quip\u00e9 d'un capteur automatique et d'un socle amovible pour s\u00e9cher les ongles des pieds.<br \/>\n\u2714 Connexion \u00e0 l'aide d'un aimant.<br \/>\n\u2714 Contient 3 coussins en silicone color\u00e9s amovibles.<\/p>\n<p style=\"direction: rtl;\">Programme \"<strong>Chauffage faible<\/strong>\" Unique, s\u00e8che le gel de construction en 90 secondes, sans chauffer les mains.<br \/>\n\u2714 50 000 heures de travail<br \/>\n\u2714 48 W<\/p>\n<\/div>\n<div style=\"direction: rtl;\">Les ampoules sont r\u00e9parties sur tous les c\u00f4t\u00e9s, de sorte que le s\u00e9chage s'effectue de mani\u00e8re uniforme sur tous les doigts.<\/div>\n<div style=\"direction: rtl;\"><\/div>\n<div style=\"direction: rtl;\">Avec l'approbation de l'Institut des normes.<\/p>\n<p>Disponible en violet<\/p><\/div>","protected":false},"excerpt":{"rendered":"<div>\n<p style=\"direction: rtl;\">Lampe de s\u00e9chage Sun 2 \u2013 Lampe combin\u00e9e UV\/LED<br \/>\n\u00c9clairage combin\u00e9 dans deux longueurs de gel<br \/>\n\u2714 Convient pour s\u00e9cher tous les types de vernis gel et de gel de construction<br \/>\n\u2714 Lumi\u00e8re blanche \u2013 n'irrite pas la peau ni les yeux et ne br\u00fble pas<br \/>\n\u2714 Sans zones mortes<br \/>\n\u2714 Ne chauffe pas<br \/>\nDisponible en violet<\/p>\n<\/div>","protected":false},"featured_media":44707,"comment_status":"open","ping_status":"closed","template":"","meta":{"_uag_custom_page_level_css":""},"product_brand":[],"product_cat":[835,86,833],"product_tag":[157,151,739,89],"class_list":{"0":"post-3701","1":"product","2":"type-product","3":"status-publish","4":"has-post-thumbnail","6":"product_cat-835","7":"product_cat-electronics","8":"product_cat-833","9":"product_tag-acrygel","10":"product_tag-glamour","11":"product_tag-739","12":"product_tag-uv-led-drying-lamp","13":"desktop","15":"first","16":"instock","17":"sale","18":"shipping-taxable","19":"purchasable","20":"product-type-simple"},"acf":[],"yoast_head":"<!-- This site is optimized with the Yoast SEO plugin v26.0 - https:\/\/yoast.com\/wordpress\/plugins\/seo\/ -->\n<title>\u05de\u05e0\u05d5\u05e8\u05ea \u05d9\u05d9\u05d1\u05d5\u05e9 \u05e1\u05d0\u05df SUN 2 | 48W - 2 | \u05d2\u05dc\u05de\u05d5\u05e8 \u05e9\u05d5\u05e4<\/title>\n<meta name=\"description\" content=\"\u05de\u05e0\u05d5\u05e8\u05ea \u05d9\u05d9\u05d1\u05d5\u05e9 \u05e1\u05d0\u05df 2 - \u05de\u05e0\u05d5\u05e8\u05d4 \u05de\u05e9\u05dc\u05d5\u05d1\u05ea UV\/LED \u05ea\u05d0\u05d5\u05e8\u05d4 \u05de\u05e9\u05d5\u05dc\u05d1\u05ea \u05d1\u05e9\u05e0\u05d9 \u05d0\u05d5\u05e8\u05db\u05d9 \u05d2&#039;\u05dc \u2714 \u05de\u05ea\u05d0\u05d9\u05de\u05d4 \u05dc\u05d9\u05d9\u05d1\u05d5\u05e9 \u05db\u05dc \u05e1\u05d5\u05d2\u05d9 \u05d4\u05dc\u05e7 \u05d2&#039;\u05dc \u05d5\u05d2&#039;\u05dc \u05d1\u05e0\u05d9\u05d9\u05d4 \u2714 \u05d0\u05d5\u05e8 \u05dc\u05d1\u05df \u2013 \u05dc\u05d0 \u05e4\u05d5\u05d2\u05e2 \u05d1\u05e2\u05d5\u05e8 \u05d5\u05d1\u05e2\u05d9\u05e0\u05d9\u05d9\u05dd \u05d5\u05dc\u05d0 \u05e6\u05d5\u05e8\u05d1 \u2714 \u05dc\u05dc\u05d0 \u05d0\u05d6\u05d5\u05e8\u05d9\u05dd \u05de\u05ea\u05d9\u05dd \u2714 \u05dc\u05d0 \u05de\u05d7\u05de\u05de\u05ea \u05de\u05d2\u05d9\u05e2 \u05d1\u05e6\u05d1\u05e2 \u05e1\u05d2\u05d5\u05dc\" \/>\n<meta name=\"robots\" content=\"index, follow, max-snippet:-1, max-image-preview:large, max-video-preview:-1\" \/>\n<link rel=\"canonical\" href=\"https:\/\/glamourshop.co.il\/fr\/produit\/combo-lamp-sun-2-uv-led\/\" \/>\n<meta property=\"og:locale\" content=\"fr_FR\" \/>\n<meta property=\"og:type\" content=\"article\" \/>\n<meta property=\"og:title\" content=\"\u05de\u05e0\u05d5\u05e8\u05ea \u05d9\u05d9\u05d1\u05d5\u05e9 \u05e1\u05d0\u05df SUN 2 | 48W - 2 | \u05d2\u05dc\u05de\u05d5\u05e8 \u05e9\u05d5\u05e4\" \/>\n<meta property=\"og:description\" content=\"\u05de\u05e0\u05d5\u05e8\u05ea \u05d9\u05d9\u05d1\u05d5\u05e9 \u05e1\u05d0\u05df 2 - \u05de\u05e0\u05d5\u05e8\u05d4 \u05de\u05e9\u05dc\u05d5\u05d1\u05ea UV\/LED \u05ea\u05d0\u05d5\u05e8\u05d4 \u05de\u05e9\u05d5\u05dc\u05d1\u05ea \u05d1\u05e9\u05e0\u05d9 \u05d0\u05d5\u05e8\u05db\u05d9 \u05d2&#039;\u05dc \u2714 \u05de\u05ea\u05d0\u05d9\u05de\u05d4 \u05dc\u05d9\u05d9\u05d1\u05d5\u05e9 \u05db\u05dc \u05e1\u05d5\u05d2\u05d9 \u05d4\u05dc\u05e7 \u05d2&#039;\u05dc \u05d5\u05d2&#039;\u05dc \u05d1\u05e0\u05d9\u05d9\u05d4 \u2714 \u05d0\u05d5\u05e8 \u05dc\u05d1\u05df \u2013 \u05dc\u05d0 \u05e4\u05d5\u05d2\u05e2 \u05d1\u05e2\u05d5\u05e8 \u05d5\u05d1\u05e2\u05d9\u05e0\u05d9\u05d9\u05dd \u05d5\u05dc\u05d0 \u05e6\u05d5\u05e8\u05d1 \u2714 \u05dc\u05dc\u05d0 \u05d0\u05d6\u05d5\u05e8\u05d9\u05dd \u05de\u05ea\u05d9\u05dd \u2714 \u05dc\u05d0 \u05de\u05d7\u05de\u05de\u05ea \u05de\u05d2\u05d9\u05e2 \u05d1\u05e6\u05d1\u05e2 \u05e1\u05d2\u05d5\u05dc\" \/>\n<meta property=\"og:url\" content=\"https:\/\/glamourshop.co.il\/fr\/produit\/combo-lamp-sun-2-uv-led\/\" \/>\n<meta property=\"og:site_name\" content=\"\u05d2\u05dc\u05de\u05d5\u05e8 \u05e9\u05d5\u05e4\" \/>\n<meta property=\"article:publisher\" content=\"https:\/\/www.facebook.com\/GlamourShopProfessionalNails\" \/>\n<meta property=\"article:modified_time\" content=\"2026-05-03T23:33:57+00:00\" \/>\n<meta property=\"og:image\" content=\"https:\/\/glamourshop.co.il\/wp-content\/uploads\/2021\/02\/\u05e1\u05d0\u05df-2-\u05e1\u05d2\u05d5\u05dc-.jpg\" \/>\n\t<meta property=\"og:image:width\" content=\"800\" \/>\n\t<meta property=\"og:image:height\" content=\"800\" \/>\n\t<meta property=\"og:image:type\" content=\"image\/jpeg\" \/>\n<meta name=\"twitter:card\" content=\"summary_large_image\" \/>\n<meta name=\"twitter:label1\" content=\"Dur\u00e9e de lecture estim\u00e9e\" \/>\n\t<meta name=\"twitter:data1\" content=\"1 minute\" \/>\n<script type=\"application\/ld+json\" class=\"yoast-schema-graph\">{\"@context\":\"https:\/\/schema.org\",\"@graph\":[{\"@type\":[\"WebPage\",\"ItemPage\"],\"@id\":\"https:\/\/glamourshop.co.il\/product\/combo-lamp-sun-2-uv-led\/\",\"url\":\"https:\/\/glamourshop.co.il\/product\/combo-lamp-sun-2-uv-led\/\",\"name\":\"\u05de\u05e0\u05d5\u05e8\u05ea \u05d9\u05d9\u05d1\u05d5\u05e9 \u05e1\u05d0\u05df SUN 2 | 48W - 2 | \u05d2\u05dc\u05de\u05d5\u05e8 \u05e9\u05d5\u05e4\",\"isPartOf\":{\"@id\":\"https:\/\/glamourshop.co.il\/#website\"},\"primaryImageOfPage\":{\"@id\":\"https:\/\/glamourshop.co.il\/product\/combo-lamp-sun-2-uv-led\/#primaryimage\"},\"image\":{\"@id\":\"https:\/\/glamourshop.co.il\/product\/combo-lamp-sun-2-uv-led\/#primaryimage\"},\"thumbnailUrl\":\"https:\/\/glamourshop.co.il\/wp-content\/uploads\/2021\/02\/\u05e1\u05d0\u05df-2-\u05e1\u05d2\u05d5\u05dc-.jpg\",\"datePublished\":\"2021-02-12T14:21:36+00:00\",\"dateModified\":\"2026-05-03T23:33:57+00:00\",\"description\":\"\u05de\u05e0\u05d5\u05e8\u05ea \u05d9\u05d9\u05d1\u05d5\u05e9 \u05e1\u05d0\u05df 2 - \u05de\u05e0\u05d5\u05e8\u05d4 \u05de\u05e9\u05dc\u05d5\u05d1\u05ea UV\/LED \u05ea\u05d0\u05d5\u05e8\u05d4 \u05de\u05e9\u05d5\u05dc\u05d1\u05ea \u05d1\u05e9\u05e0\u05d9 \u05d0\u05d5\u05e8\u05db\u05d9 \u05d2'\u05dc \u2714 \u05de\u05ea\u05d0\u05d9\u05de\u05d4 \u05dc\u05d9\u05d9\u05d1\u05d5\u05e9 \u05db\u05dc \u05e1\u05d5\u05d2\u05d9 \u05d4\u05dc\u05e7 \u05d2'\u05dc \u05d5\u05d2'\u05dc \u05d1\u05e0\u05d9\u05d9\u05d4 \u2714 \u05d0\u05d5\u05e8 \u05dc\u05d1\u05df \u2013 \u05dc\u05d0 \u05e4\u05d5\u05d2\u05e2 \u05d1\u05e2\u05d5\u05e8 \u05d5\u05d1\u05e2\u05d9\u05e0\u05d9\u05d9\u05dd \u05d5\u05dc\u05d0 \u05e6\u05d5\u05e8\u05d1 \u2714 \u05dc\u05dc\u05d0 \u05d0\u05d6\u05d5\u05e8\u05d9\u05dd \u05de\u05ea\u05d9\u05dd \u2714 \u05dc\u05d0 \u05de\u05d7\u05de\u05de\u05ea \u05de\u05d2\u05d9\u05e2 \u05d1\u05e6\u05d1\u05e2 \u05e1\u05d2\u05d5\u05dc\",\"breadcrumb\":{\"@id\":\"https:\/\/glamourshop.co.il\/product\/combo-lamp-sun-2-uv-led\/#breadcrumb\"},\"inLanguage\":\"fr-FR\",\"potentialAction\":[{\"@type\":\"ReadAction\",\"target\":[\"https:\/\/glamourshop.co.il\/product\/combo-lamp-sun-2-uv-led\/\"]}]},{\"@type\":\"ImageObject\",\"inLanguage\":\"fr-FR\",\"@id\":\"https:\/\/glamourshop.co.il\/product\/combo-lamp-sun-2-uv-led\/#primaryimage\",\"url\":\"https:\/\/glamourshop.co.il\/wp-content\/uploads\/2021\/02\/\u05e1\u05d0\u05df-2-\u05e1\u05d2\u05d5\u05dc-.jpg\",\"contentUrl\":\"https:\/\/glamourshop.co.il\/wp-content\/uploads\/2021\/02\/\u05e1\u05d0\u05df-2-\u05e1\u05d2\u05d5\u05dc-.jpg\",\"width\":800,\"height\":800},{\"@type\":\"BreadcrumbList\",\"@id\":\"https:\/\/glamourshop.co.il\/product\/combo-lamp-sun-2-uv-led\/#breadcrumb\",\"itemListElement\":[{\"@type\":\"ListItem\",\"position\":1,\"name\":\"\u05d3\u05e3 \u05d4\u05d1\u05d9\u05ea\",\"item\":\"https:\/\/glamourshop.co.il\/\"},{\"@type\":\"ListItem\",\"position\":2,\"name\":\"\u05de\u05d5\u05e6\u05e8\u05d9\u05dd\",\"item\":\"https:\/\/glamourshop.co.il\/shop\/\"},{\"@type\":\"ListItem\",\"position\":3,\"name\":\"\u05de\u05e0\u05d5\u05e8\u05ea \u05d9\u05d9\u05d1\u05d5\u05e9 \u05e1\u05d0\u05df SUN 2 | 48W &#8211; 2\"}]},{\"@type\":\"WebSite\",\"@id\":\"https:\/\/glamourshop.co.il\/#website\",\"url\":\"https:\/\/glamourshop.co.il\/\",\"name\":\"\u05d2\u05dc\u05de\u05d5\u05e8 \u05e9\u05d5\u05e4\",\"description\":\"\u201c\u05d2\u05dc\u05de\u05d5\u05e8\u201d \u05d4\u05d9\u05e0\u05d5 \u05de\u05d5\u05ea\u05d2 \u05d9\u05e9\u05e8\u05d0\u05dc\u05d9 \u05d4\u05de\u05ea\u05de\u05d7\u05d4 \u05d1\u05d9\u05d9\u05e6\u05d5\u05e8 \u05d5\u05e9\u05d9\u05d5\u05d5\u05e7 \u05de\u05d5\u05e6\u05e8\u05d9 \u05d1\u05e0\u05d9\u05d9\u05ea \u05e6\u05d9\u05e4\u05d5\u05e8\u05e0\u05d9\u05d9\u05dd, \u05dc\u05e7 \u05d2\u2019\u05dc \u05d5\u05e6\u05d9\u05d5\u05d3 \u05dc\u05de\u05e0\u05d9\u05e7\u05d5\u05e8.\",\"publisher\":{\"@id\":\"https:\/\/glamourshop.co.il\/#organization\"},\"potentialAction\":[{\"@type\":\"SearchAction\",\"target\":{\"@type\":\"EntryPoint\",\"urlTemplate\":\"https:\/\/glamourshop.co.il\/?s={search_term_string}\"},\"query-input\":{\"@type\":\"PropertyValueSpecification\",\"valueRequired\":true,\"valueName\":\"search_term_string\"}}],\"inLanguage\":\"fr-FR\"},{\"@type\":\"Organization\",\"@id\":\"https:\/\/glamourshop.co.il\/#organization\",\"name\":\"Glamour Shop\",\"url\":\"https:\/\/glamourshop.co.il\/\",\"logo\":{\"@type\":\"ImageObject\",\"inLanguage\":\"fr-FR\",\"@id\":\"https:\/\/glamourshop.co.il\/#\/schema\/logo\/image\/\",\"url\":\"https:\/\/glamourshop.co.il\/wp-content\/uploads\/2022\/04\/seo-logo.jpg\",\"contentUrl\":\"https:\/\/glamourshop.co.il\/wp-content\/uploads\/2022\/04\/seo-logo.jpg\",\"width\":1080,\"height\":631,\"caption\":\"Glamour Shop\"},\"image\":{\"@id\":\"https:\/\/glamourshop.co.il\/#\/schema\/logo\/image\/\"},\"sameAs\":[\"https:\/\/www.facebook.com\/GlamourShopProfessionalNails\",\"https:\/\/www.instagram.com\/glamour_professional_nails\/\"]}]}<\/script>\n<!-- \/ Yoast SEO plugin. -->","yoast_head_json":{"title":"\u05de\u05e0\u05d5\u05e8\u05ea \u05d9\u05d9\u05d1\u05d5\u05e9 \u05e1\u05d0\u05df SUN 2 | 48W - 2 | \u05d2\u05dc\u05de\u05d5\u05e8 \u05e9\u05d5\u05e4","description":"\u05de\u05e0\u05d5\u05e8\u05ea \u05d9\u05d9\u05d1\u05d5\u05e9 \u05e1\u05d0\u05df 2 - \u05de\u05e0\u05d5\u05e8\u05d4 \u05de\u05e9\u05dc\u05d5\u05d1\u05ea UV\/LED \u05ea\u05d0\u05d5\u05e8\u05d4 \u05de\u05e9\u05d5\u05dc\u05d1\u05ea \u05d1\u05e9\u05e0\u05d9 \u05d0\u05d5\u05e8\u05db\u05d9 \u05d2'\u05dc \u2714 \u05de\u05ea\u05d0\u05d9\u05de\u05d4 \u05dc\u05d9\u05d9\u05d1\u05d5\u05e9 \u05db\u05dc \u05e1\u05d5\u05d2\u05d9 \u05d4\u05dc\u05e7 \u05d2'\u05dc \u05d5\u05d2'\u05dc \u05d1\u05e0\u05d9\u05d9\u05d4 \u2714 \u05d0\u05d5\u05e8 \u05dc\u05d1\u05df \u2013 \u05dc\u05d0 \u05e4\u05d5\u05d2\u05e2 \u05d1\u05e2\u05d5\u05e8 \u05d5\u05d1\u05e2\u05d9\u05e0\u05d9\u05d9\u05dd \u05d5\u05dc\u05d0 \u05e6\u05d5\u05e8\u05d1 \u2714 \u05dc\u05dc\u05d0 \u05d0\u05d6\u05d5\u05e8\u05d9\u05dd \u05de\u05ea\u05d9\u05dd \u2714 \u05dc\u05d0 \u05de\u05d7\u05de\u05de\u05ea \u05de\u05d2\u05d9\u05e2 \u05d1\u05e6\u05d1\u05e2 \u05e1\u05d2\u05d5\u05dc","robots":{"index":"index","follow":"follow","max-snippet":"max-snippet:-1","max-image-preview":"max-image-preview:large","max-video-preview":"max-video-preview:-1"},"canonical":"https:\/\/glamourshop.co.il\/fr\/produit\/combo-lamp-sun-2-uv-led\/","og_locale":"fr_FR","og_type":"article","og_title":"\u05de\u05e0\u05d5\u05e8\u05ea \u05d9\u05d9\u05d1\u05d5\u05e9 \u05e1\u05d0\u05df SUN 2 | 48W - 2 | \u05d2\u05dc\u05de\u05d5\u05e8 \u05e9\u05d5\u05e4","og_description":"\u05de\u05e0\u05d5\u05e8\u05ea \u05d9\u05d9\u05d1\u05d5\u05e9 \u05e1\u05d0\u05df 2 - \u05de\u05e0\u05d5\u05e8\u05d4 \u05de\u05e9\u05dc\u05d5\u05d1\u05ea UV\/LED \u05ea\u05d0\u05d5\u05e8\u05d4 \u05de\u05e9\u05d5\u05dc\u05d1\u05ea \u05d1\u05e9\u05e0\u05d9 \u05d0\u05d5\u05e8\u05db\u05d9 \u05d2'\u05dc \u2714 \u05de\u05ea\u05d0\u05d9\u05de\u05d4 \u05dc\u05d9\u05d9\u05d1\u05d5\u05e9 \u05db\u05dc \u05e1\u05d5\u05d2\u05d9 \u05d4\u05dc\u05e7 \u05d2'\u05dc \u05d5\u05d2'\u05dc \u05d1\u05e0\u05d9\u05d9\u05d4 \u2714 \u05d0\u05d5\u05e8 \u05dc\u05d1\u05df \u2013 \u05dc\u05d0 \u05e4\u05d5\u05d2\u05e2 \u05d1\u05e2\u05d5\u05e8 \u05d5\u05d1\u05e2\u05d9\u05e0\u05d9\u05d9\u05dd \u05d5\u05dc\u05d0 \u05e6\u05d5\u05e8\u05d1 \u2714 \u05dc\u05dc\u05d0 \u05d0\u05d6\u05d5\u05e8\u05d9\u05dd \u05de\u05ea\u05d9\u05dd \u2714 \u05dc\u05d0 \u05de\u05d7\u05de\u05de\u05ea \u05de\u05d2\u05d9\u05e2 \u05d1\u05e6\u05d1\u05e2 \u05e1\u05d2\u05d5\u05dc","og_url":"https:\/\/glamourshop.co.il\/fr\/produit\/combo-lamp-sun-2-uv-led\/","og_site_name":"\u05d2\u05dc\u05de\u05d5\u05e8 \u05e9\u05d5\u05e4","article_publisher":"https:\/\/www.facebook.com\/GlamourShopProfessionalNails","article_modified_time":"2026-05-03T23:33:57+00:00","og_image":[{"width":800,"height":800,"url":"https:\/\/glamourshop.co.il\/wp-content\/uploads\/2021\/02\/\u05e1\u05d0\u05df-2-\u05e1\u05d2\u05d5\u05dc-.jpg","type":"image\/jpeg"}],"twitter_card":"summary_large_image","twitter_misc":{"Dur\u00e9e de lecture estim\u00e9e":"1 minute"},"schema":{"@context":"https:\/\/schema.org","@graph":[{"@type":["WebPage","ItemPage"],"@id":"https:\/\/glamourshop.co.il\/product\/combo-lamp-sun-2-uv-led\/","url":"https:\/\/glamourshop.co.il\/product\/combo-lamp-sun-2-uv-led\/","name":"\u05de\u05e0\u05d5\u05e8\u05ea \u05d9\u05d9\u05d1\u05d5\u05e9 \u05e1\u05d0\u05df SUN 2 | 48W - 2 | \u05d2\u05dc\u05de\u05d5\u05e8 \u05e9\u05d5\u05e4","isPartOf":{"@id":"https:\/\/glamourshop.co.il\/#website"},"primaryImageOfPage":{"@id":"https:\/\/glamourshop.co.il\/product\/combo-lamp-sun-2-uv-led\/#primaryimage"},"image":{"@id":"https:\/\/glamourshop.co.il\/product\/combo-lamp-sun-2-uv-led\/#primaryimage"},"thumbnailUrl":"https:\/\/glamourshop.co.il\/wp-content\/uploads\/2021\/02\/\u05e1\u05d0\u05df-2-\u05e1\u05d2\u05d5\u05dc-.jpg","datePublished":"2021-02-12T14:21:36+00:00","dateModified":"2026-05-03T23:33:57+00:00","description":"\u05de\u05e0\u05d5\u05e8\u05ea \u05d9\u05d9\u05d1\u05d5\u05e9 \u05e1\u05d0\u05df 2 - \u05de\u05e0\u05d5\u05e8\u05d4 \u05de\u05e9\u05dc\u05d5\u05d1\u05ea UV\/LED \u05ea\u05d0\u05d5\u05e8\u05d4 \u05de\u05e9\u05d5\u05dc\u05d1\u05ea \u05d1\u05e9\u05e0\u05d9 \u05d0\u05d5\u05e8\u05db\u05d9 \u05d2'\u05dc \u2714 \u05de\u05ea\u05d0\u05d9\u05de\u05d4 \u05dc\u05d9\u05d9\u05d1\u05d5\u05e9 \u05db\u05dc \u05e1\u05d5\u05d2\u05d9 \u05d4\u05dc\u05e7 \u05d2'\u05dc \u05d5\u05d2'\u05dc \u05d1\u05e0\u05d9\u05d9\u05d4 \u2714 \u05d0\u05d5\u05e8 \u05dc\u05d1\u05df \u2013 \u05dc\u05d0 \u05e4\u05d5\u05d2\u05e2 \u05d1\u05e2\u05d5\u05e8 \u05d5\u05d1\u05e2\u05d9\u05e0\u05d9\u05d9\u05dd \u05d5\u05dc\u05d0 \u05e6\u05d5\u05e8\u05d1 \u2714 \u05dc\u05dc\u05d0 \u05d0\u05d6\u05d5\u05e8\u05d9\u05dd \u05de\u05ea\u05d9\u05dd \u2714 \u05dc\u05d0 \u05de\u05d7\u05de\u05de\u05ea \u05de\u05d2\u05d9\u05e2 \u05d1\u05e6\u05d1\u05e2 \u05e1\u05d2\u05d5\u05dc","breadcrumb":{"@id":"https:\/\/glamourshop.co.il\/product\/combo-lamp-sun-2-uv-led\/#breadcrumb"},"inLanguage":"fr-FR","potentialAction":[{"@type":"ReadAction","target":["https:\/\/glamourshop.co.il\/product\/combo-lamp-sun-2-uv-led\/"]}]},{"@type":"ImageObject","inLanguage":"fr-FR","@id":"https:\/\/glamourshop.co.il\/product\/combo-lamp-sun-2-uv-led\/#primaryimage","url":"https:\/\/glamourshop.co.il\/wp-content\/uploads\/2021\/02\/\u05e1\u05d0\u05df-2-\u05e1\u05d2\u05d5\u05dc-.jpg","contentUrl":"https:\/\/glamourshop.co.il\/wp-content\/uploads\/2021\/02\/\u05e1\u05d0\u05df-2-\u05e1\u05d2\u05d5\u05dc-.jpg","width":800,"height":800},{"@type":"BreadcrumbList","@id":"https:\/\/glamourshop.co.il\/product\/combo-lamp-sun-2-uv-led\/#breadcrumb","itemListElement":[{"@type":"ListItem","position":1,"name":"\u05d3\u05e3 \u05d4\u05d1\u05d9\u05ea","item":"https:\/\/glamourshop.co.il\/"},{"@type":"ListItem","position":2,"name":"\u05de\u05d5\u05e6\u05e8\u05d9\u05dd","item":"https:\/\/glamourshop.co.il\/shop\/"},{"@type":"ListItem","position":3,"name":"\u05de\u05e0\u05d5\u05e8\u05ea \u05d9\u05d9\u05d1\u05d5\u05e9 \u05e1\u05d0\u05df SUN 2 | 48W &#8211; 2"}]},{"@type":"WebSite","@id":"https:\/\/glamourshop.co.il\/#website","url":"https:\/\/glamourshop.co.il\/","name":"Galmore Shop","description":"\u201c Galmor \u201d est une marque isra\u00e9lienne sp\u00e9cialis\u00e9e dans la fabrication et la commercialisation de produits pour la construction d'ongles, de vernis gel et d'\u00e9quipements pour manucure.","publisher":{"@id":"https:\/\/glamourshop.co.il\/#organization"},"potentialAction":[{"@type":"SearchAction","target":{"@type":"EntryPoint","urlTemplate":"https:\/\/glamourshop.co.il\/?s={search_term_string}"},"query-input":{"@type":"PropertyValueSpecification","valueRequired":true,"valueName":"search_term_string"}}],"inLanguage":"fr-FR"},{"@type":"Organization","@id":"https:\/\/glamourshop.co.il\/#organization","name":"Boutique Glamour","url":"https:\/\/glamourshop.co.il\/","logo":{"@type":"ImageObject","inLanguage":"fr-FR","@id":"https:\/\/glamourshop.co.il\/#\/schema\/logo\/image\/","url":"https:\/\/glamourshop.co.il\/wp-content\/uploads\/2022\/04\/seo-logo.jpg","contentUrl":"https:\/\/glamourshop.co.il\/wp-content\/uploads\/2022\/04\/seo-logo.jpg","width":1080,"height":631,"caption":"Glamour Shop"},"image":{"@id":"https:\/\/glamourshop.co.il\/#\/schema\/logo\/image\/"},"sameAs":["https:\/\/www.facebook.com\/GlamourShopProfessionalNails","https:\/\/www.instagram.com\/glamour_professional_nails\/"]}]}},"uagb_featured_image_src":{"full":["https:\/\/glamourshop.co.il\/wp-content\/uploads\/2021\/02\/\u05e1\u05d0\u05df-2-\u05e1\u05d2\u05d5\u05dc-.jpg",800,800,false],"thumbnail":["https:\/\/glamourshop.co.il\/wp-content\/uploads\/2021\/02\/\u05e1\u05d0\u05df-2-\u05e1\u05d2\u05d5\u05dc--300x300.jpg",300,300,true],"medium":["https:\/\/glamourshop.co.il\/wp-content\/uploads\/2021\/02\/\u05e1\u05d0\u05df-2-\u05e1\u05d2\u05d5\u05dc--400x400.jpg",400,400,true],"medium_large":["https:\/\/glamourshop.co.il\/wp-content\/uploads\/2021\/02\/\u05e1\u05d0\u05df-2-\u05e1\u05d2\u05d5\u05dc--768x768.jpg",768,768,true],"large":["https:\/\/glamourshop.co.il\/wp-content\/uploads\/2021\/02\/\u05e1\u05d0\u05df-2-\u05e1\u05d2\u05d5\u05dc-.jpg",800,800,false],"1536x1536":["https:\/\/glamourshop.co.il\/wp-content\/uploads\/2021\/02\/\u05e1\u05d0\u05df-2-\u05e1\u05d2\u05d5\u05dc-.jpg",800,800,false],"2048x2048":["https:\/\/glamourshop.co.il\/wp-content\/uploads\/2021\/02\/\u05e1\u05d0\u05df-2-\u05e1\u05d2\u05d5\u05dc-.jpg",800,800,false],"trp-custom-language-flag":["https:\/\/glamourshop.co.il\/wp-content\/uploads\/2021\/02\/\u05e1\u05d0\u05df-2-\u05e1\u05d2\u05d5\u05dc-.jpg",12,12,false],"icon":["https:\/\/glamourshop.co.il\/wp-content\/uploads\/2021\/02\/\u05e1\u05d0\u05df-2-\u05e1\u05d2\u05d5\u05dc-.jpg",800,800,false],"oc-product-thumbnail":["https:\/\/glamourshop.co.il\/wp-content\/uploads\/2021\/02\/\u05e1\u05d0\u05df-2-\u05e1\u05d2\u05d5\u05dc--149x149.jpg",149,149,true],"oc-product-single-image":["https:\/\/glamourshop.co.il\/wp-content\/uploads\/2021\/02\/\u05e1\u05d0\u05df-2-\u05e1\u05d2\u05d5\u05dc--727x800.jpg",727,800,true],"oc-product-archive-thumbnail":["https:\/\/glamourshop.co.il\/wp-content\/uploads\/2021\/02\/\u05e1\u05d0\u05df-2-\u05e1\u05d2\u05d5\u05dc--422x422.jpg",422,422,true],"woocommerce_thumbnail":["https:\/\/glamourshop.co.il\/wp-content\/uploads\/2021\/02\/\u05e1\u05d0\u05df-2-\u05e1\u05d2\u05d5\u05dc--500x500.jpg",500,500,true],"woocommerce_single":["https:\/\/glamourshop.co.il\/wp-content\/uploads\/2021\/02\/\u05e1\u05d0\u05df-2-\u05e1\u05d2\u05d5\u05dc--600x600.jpg",600,600,true],"woocommerce_gallery_thumbnail":["https:\/\/glamourshop.co.il\/wp-content\/uploads\/2021\/02\/\u05e1\u05d0\u05df-2-\u05e1\u05d2\u05d5\u05dc--100x100.jpg",100,100,true]},"uagb_author_info":{"display_name":"\u05e0\u05d8\u05dc\u05d9","author_link":"https:\/\/glamourshop.co.il\/fr\/author\/"},"uagb_comment_info":0,"uagb_excerpt":"\u05de\u05e0\u05d5\u05e8\u05ea \u05d9\u05d9\u05d1\u05d5\u05e9 \u05e1\u05d0\u05df 2 - \u05de\u05e0\u05d5\u05e8\u05d4 \u05de\u05e9\u05dc\u05d5\u05d1\u05ea UV\/LED \u05ea\u05d0\u05d5\u05e8\u05d4 \u05de\u05e9\u05d5\u05dc\u05d1\u05ea \u05d1\u05e9\u05e0\u05d9 \u05d0\u05d5\u05e8\u05db\u05d9 \u05d2'\u05dc \u2714 \u05de\u05ea\u05d0\u05d9\u05de\u05d4 \u05dc\u05d9\u05d9\u05d1\u05d5\u05e9 \u05db\u05dc \u05e1\u05d5\u05d2\u05d9 \u05d4\u05dc\u05e7 \u05d2'\u05dc \u05d5\u05d2'\u05dc \u05d1\u05e0\u05d9\u05d9\u05d4 \u2714 \u05d0\u05d5\u05e8 \u05dc\u05d1\u05df \u2013 \u05dc\u05d0 \u05e4\u05d5\u05d2\u05e2 \u05d1\u05e2\u05d5\u05e8 \u05d5\u05d1\u05e2\u05d9\u05e0\u05d9\u05d9\u05dd \u05d5\u05dc\u05d0 \u05e6\u05d5\u05e8\u05d1 \u2714 \u05dc\u05dc\u05d0 \u05d0\u05d6\u05d5\u05e8\u05d9\u05dd \u05de\u05ea\u05d9\u05dd \u2714 \u05dc\u05d0 \u05de\u05d7\u05de\u05de\u05ea \u05de\u05d2\u05d9\u05e2 \u05d1\u05e6\u05d1\u05e2 \u05e1\u05d2\u05d5\u05dc","_links":{"self":[{"href":"https:\/\/glamourshop.co.il\/fr\/wp-json\/wp\/v2\/product\/3701","targetHints":{"allow":["GET"]}}],"collection":[{"href":"https:\/\/glamourshop.co.il\/fr\/wp-json\/wp\/v2\/product"}],"about":[{"href":"https:\/\/glamourshop.co.il\/fr\/wp-json\/wp\/v2\/types\/product"}],"replies":[{"embeddable":true,"href":"https:\/\/glamourshop.co.il\/fr\/wp-json\/wp\/v2\/comments?post=3701"}],"wp:featuredmedia":[{"embeddable":true,"href":"https:\/\/glamourshop.co.il\/fr\/wp-json\/wp\/v2\/media\/44707"}],"wp:attachment":[{"href":"https:\/\/glamourshop.co.il\/fr\/wp-json\/wp\/v2\/media?parent=3701"}],"wp:term":[{"taxonomy":"product_brand","embeddable":true,"href":"https:\/\/glamourshop.co.il\/fr\/wp-json\/wp\/v2\/product_brand?post=3701"},{"taxonomy":"product_cat","embeddable":true,"href":"https:\/\/glamourshop.co.il\/fr\/wp-json\/wp\/v2\/product_cat?post=3701"},{"taxonomy":"product_tag","embeddable":true,"href":"https:\/\/glamourshop.co.il\/fr\/wp-json\/wp\/v2\/product_tag?post=3701"}],"curies":[{"name":"wp","href":"https:\/\/api.w.org\/{rel}","templated":true}]}}