
{"id":44255,"date":"2025-07-08T14:33:07","date_gmt":"2025-07-08T11:33:07","guid":{"rendered":"https:\/\/glamourshop.co.il\/?post_type=product&#038;p=44255"},"modified":"2026-04-06T02:37:06","modified_gmt":"2026-04-05T23:37:06","slug":"%d7%a7%d7%a8%d7%9d-%d7%94%d7%a7%d7%a1%d7%9d-%d7%99%d7%93%d7%99%d7%99%d7%9d-%d7%a8%d7%92%d7%9c%d7%99%d7%99%d7%9d-glamour-magic-cream-hands-feet","status":"publish","type":"product","link":"https:\/\/glamourshop.co.il\/fr\/produit\/%d7%a7%d7%a8%d7%9d-%d7%94%d7%a7%d7%a1%d7%9d-%d7%99%d7%93%d7%99%d7%99%d7%9d-%d7%a8%d7%92%d7%9c%d7%99%d7%99%d7%9d-glamour-magic-cream-hands-feet\/","title":{"rendered":"\u05e7\u05e8\u05dd \u05d4\u05e7\u05e1\u05dd &#8211; \u05d9\u05d3\u05d9\u05d9\u05dd &#038; \u05e8\u05d2\u05dc\u05d9\u05d9\u05dd | 1 \u05dc\u05d9\u05d8\u05e8 | Magic Cream Hands &#038; Feet"},"content":{"rendered":"<p>Cr\u00e8me magique \u2013 mains et pieds | Glamour \u2013 Magic Cream Hands &amp; Feet<br \/>\nCr\u00e8me pour les mains et les pieds au parfum unique de Galmore. ,<br \/>\nProcure une sensation agr\u00e9able sur la peau apr\u00e8s application. ,<br \/>\nIl a une texture nourrissante et riche. .<br \/>\n<strong>Contenance : 1 litre\u00a0<\/strong><\/p>\n<p>Mode d'emploi :<br \/>\nAppliquez sur la peau \u2013 pieds \/ mains et faites p\u00e9n\u00e9trer la cr\u00e8me en massant doucement. .<\/p>","protected":false},"excerpt":{"rendered":"<p>Cr\u00e8me magique \u2013 mains et pieds | Glamour \u2013 Magic Cream Hands &amp; Feet<br \/>\nCr\u00e8me pour les mains et les pieds au parfum unique de Galmore. ,<br \/>\nProcure une sensation agr\u00e9able sur la peau apr\u00e8s application. ,<br \/>\nIl a une texture nourrissante et riche. .<br \/>\n<strong>Contenance : 1 litre\u00a0<\/strong><\/p>","protected":false},"featured_media":46086,"comment_status":"open","ping_status":"closed","template":"","meta":{"_uag_custom_page_level_css":""},"product_brand":[],"product_cat":[691,708],"product_tag":[],"class_list":{"0":"post-44255","1":"product","2":"type-product","3":"status-publish","4":"has-post-thumbnail","6":"product_cat-pedicure","7":"product_cat-magic-foot","8":"desktop","10":"first","11":"instock","12":"shipping-taxable","13":"purchasable","14":"product-type-simple"},"acf":[],"yoast_head":"<!-- This site is optimized with the Yoast SEO plugin v26.0 - https:\/\/yoast.com\/wordpress\/plugins\/seo\/ -->\n<title>\u05e7\u05e8\u05dd \u05d4\u05e7\u05e1\u05dd - \u05d9\u05d3\u05d9\u05d9\u05dd &amp; \u05e8\u05d2\u05dc\u05d9\u05d9\u05dd | 1 \u05dc\u05d9\u05d8\u05e8 | Magic Cream Hands &amp; Feet | \u05d2\u05dc\u05de\u05d5\u05e8 \u05e9\u05d5\u05e4<\/title>\n<meta name=\"description\" content=\"\u05e7\u05e8\u05dd \u05d4\u05e7\u05e1\u05dd - \u05d9\u05d3\u05d9\u05d9\u05dd &amp; \u05e8\u05d2\u05dc\u05d9\u05d9\u05dd | Glamour - Magic Cream Hands &amp; Feet \u05e7\u05e8\u05dd \u05dc\u05d9\u05d3\u05d9\u05d9\u05dd \u05d5\u05e8\u05d2\u05dc\u05d9\u05dd \u05d1\u05e0\u05d9\u05d7\u05d5\u05d7 \u05d9\u05d9\u05d7\u05d5\u05d3\u05d9 \u05e9\u05dc \u05d2\u05dc\u05de\u05d5\u05e8 , \u05de\u05e2\u05e0\u05d9\u05e7 \u05ea\u05d7\u05d5\u05e9\u05d4 \u05e0\u05e2\u05d9\u05de\u05d4 \u05dc\u05e2\u05d5\u05e8 \u05dc\u05d0\u05d7\u05e8 \u05d4\u05d7\u05d3\u05e8\u05ea\u05d5 , \u05d1\u05e2\u05dc \u05de\u05e8\u05e7\u05dd \u05de\u05d6\u05d9\u05df \u05d5\u05e2\u05e9\u05d9\u05e8 . \u05de\u05db\u05d9\u05dc : 1 \u05dc\u05d9\u05d8\u05e8\u00a0\" \/>\n<meta name=\"robots\" content=\"index, follow, max-snippet:-1, max-image-preview:large, max-video-preview:-1\" \/>\n<link rel=\"canonical\" href=\"https:\/\/glamourshop.co.il\/fr\/produit\/\u05e7\u05e8\u05dd-\u05d4\u05e7\u05e1\u05dd-\u05d9\u05d3\u05d9\u05d9\u05dd-\u05e8\u05d2\u05dc\u05d9\u05d9\u05dd-glamour-magic-cream-hands-feet\/\" \/>\n<meta property=\"og:locale\" content=\"fr_FR\" \/>\n<meta property=\"og:type\" content=\"article\" \/>\n<meta property=\"og:title\" content=\"\u05e7\u05e8\u05dd \u05d4\u05e7\u05e1\u05dd - \u05d9\u05d3\u05d9\u05d9\u05dd &amp; \u05e8\u05d2\u05dc\u05d9\u05d9\u05dd | 1 \u05dc\u05d9\u05d8\u05e8 | Magic Cream Hands &amp; Feet | \u05d2\u05dc\u05de\u05d5\u05e8 \u05e9\u05d5\u05e4\" \/>\n<meta property=\"og:description\" content=\"\u05e7\u05e8\u05dd \u05d4\u05e7\u05e1\u05dd - \u05d9\u05d3\u05d9\u05d9\u05dd &amp; \u05e8\u05d2\u05dc\u05d9\u05d9\u05dd | Glamour - Magic Cream Hands &amp; Feet \u05e7\u05e8\u05dd \u05dc\u05d9\u05d3\u05d9\u05d9\u05dd \u05d5\u05e8\u05d2\u05dc\u05d9\u05dd \u05d1\u05e0\u05d9\u05d7\u05d5\u05d7 \u05d9\u05d9\u05d7\u05d5\u05d3\u05d9 \u05e9\u05dc \u05d2\u05dc\u05de\u05d5\u05e8 , \u05de\u05e2\u05e0\u05d9\u05e7 \u05ea\u05d7\u05d5\u05e9\u05d4 \u05e0\u05e2\u05d9\u05de\u05d4 \u05dc\u05e2\u05d5\u05e8 \u05dc\u05d0\u05d7\u05e8 \u05d4\u05d7\u05d3\u05e8\u05ea\u05d5 , \u05d1\u05e2\u05dc \u05de\u05e8\u05e7\u05dd \u05de\u05d6\u05d9\u05df \u05d5\u05e2\u05e9\u05d9\u05e8 . \u05de\u05db\u05d9\u05dc : 1 \u05dc\u05d9\u05d8\u05e8\u00a0\" \/>\n<meta property=\"og:url\" content=\"https:\/\/glamourshop.co.il\/fr\/produit\/\u05e7\u05e8\u05dd-\u05d4\u05e7\u05e1\u05dd-\u05d9\u05d3\u05d9\u05d9\u05dd-\u05e8\u05d2\u05dc\u05d9\u05d9\u05dd-glamour-magic-cream-hands-feet\/\" \/>\n<meta property=\"og:site_name\" content=\"\u05d2\u05dc\u05de\u05d5\u05e8 \u05e9\u05d5\u05e4\" \/>\n<meta property=\"article:publisher\" content=\"https:\/\/www.facebook.com\/GlamourShopProfessionalNails\" \/>\n<meta property=\"article:modified_time\" content=\"2026-04-05T23:37:06+00:00\" \/>\n<meta property=\"og:image\" content=\"https:\/\/glamourshop.co.il\/wp-content\/uploads\/2025\/07\/\u05e7\u05e8\u05dd-\u05d4\u05e7\u05e1\u05dd-\u05d9\u05d3\u05d9\u05d9\u05dd-\u05e8\u05d2\u05dc\u05d9\u05d9\u05dd.jpg\" \/>\n\t<meta property=\"og:image:width\" content=\"800\" \/>\n\t<meta property=\"og:image:height\" content=\"800\" \/>\n\t<meta property=\"og:image:type\" content=\"image\/jpeg\" \/>\n<meta name=\"twitter:card\" content=\"summary_large_image\" \/>\n<meta name=\"twitter:label1\" content=\"Dur\u00e9e de lecture estim\u00e9e\" \/>\n\t<meta name=\"twitter:data1\" content=\"1 minute\" \/>\n<script type=\"application\/ld+json\" class=\"yoast-schema-graph\">{\"@context\":\"https:\/\/schema.org\",\"@graph\":[{\"@type\":[\"WebPage\",\"ItemPage\"],\"@id\":\"https:\/\/glamourshop.co.il\/product\/%d7%a7%d7%a8%d7%9d-%d7%94%d7%a7%d7%a1%d7%9d-%d7%99%d7%93%d7%99%d7%99%d7%9d-%d7%a8%d7%92%d7%9c%d7%99%d7%99%d7%9d-glamour-magic-cream-hands-feet\/\",\"url\":\"https:\/\/glamourshop.co.il\/product\/%d7%a7%d7%a8%d7%9d-%d7%94%d7%a7%d7%a1%d7%9d-%d7%99%d7%93%d7%99%d7%99%d7%9d-%d7%a8%d7%92%d7%9c%d7%99%d7%99%d7%9d-glamour-magic-cream-hands-feet\/\",\"name\":\"\u05e7\u05e8\u05dd \u05d4\u05e7\u05e1\u05dd - \u05d9\u05d3\u05d9\u05d9\u05dd & \u05e8\u05d2\u05dc\u05d9\u05d9\u05dd | 1 \u05dc\u05d9\u05d8\u05e8 | Magic Cream Hands & Feet | \u05d2\u05dc\u05de\u05d5\u05e8 \u05e9\u05d5\u05e4\",\"isPartOf\":{\"@id\":\"https:\/\/glamourshop.co.il\/#website\"},\"primaryImageOfPage\":{\"@id\":\"https:\/\/glamourshop.co.il\/product\/%d7%a7%d7%a8%d7%9d-%d7%94%d7%a7%d7%a1%d7%9d-%d7%99%d7%93%d7%99%d7%99%d7%9d-%d7%a8%d7%92%d7%9c%d7%99%d7%99%d7%9d-glamour-magic-cream-hands-feet\/#primaryimage\"},\"image\":{\"@id\":\"https:\/\/glamourshop.co.il\/product\/%d7%a7%d7%a8%d7%9d-%d7%94%d7%a7%d7%a1%d7%9d-%d7%99%d7%93%d7%99%d7%99%d7%9d-%d7%a8%d7%92%d7%9c%d7%99%d7%99%d7%9d-glamour-magic-cream-hands-feet\/#primaryimage\"},\"thumbnailUrl\":\"https:\/\/glamourshop.co.il\/wp-content\/uploads\/2025\/07\/\u05e7\u05e8\u05dd-\u05d4\u05e7\u05e1\u05dd-\u05d9\u05d3\u05d9\u05d9\u05dd-\u05e8\u05d2\u05dc\u05d9\u05d9\u05dd.jpg\",\"datePublished\":\"2025-07-08T11:33:07+00:00\",\"dateModified\":\"2026-04-05T23:37:06+00:00\",\"description\":\"\u05e7\u05e8\u05dd \u05d4\u05e7\u05e1\u05dd - \u05d9\u05d3\u05d9\u05d9\u05dd &amp; \u05e8\u05d2\u05dc\u05d9\u05d9\u05dd | Glamour - Magic Cream Hands &amp; Feet \u05e7\u05e8\u05dd \u05dc\u05d9\u05d3\u05d9\u05d9\u05dd \u05d5\u05e8\u05d2\u05dc\u05d9\u05dd \u05d1\u05e0\u05d9\u05d7\u05d5\u05d7 \u05d9\u05d9\u05d7\u05d5\u05d3\u05d9 \u05e9\u05dc \u05d2\u05dc\u05de\u05d5\u05e8 , \u05de\u05e2\u05e0\u05d9\u05e7 \u05ea\u05d7\u05d5\u05e9\u05d4 \u05e0\u05e2\u05d9\u05de\u05d4 \u05dc\u05e2\u05d5\u05e8 \u05dc\u05d0\u05d7\u05e8 \u05d4\u05d7\u05d3\u05e8\u05ea\u05d5 , \u05d1\u05e2\u05dc \u05de\u05e8\u05e7\u05dd \u05de\u05d6\u05d9\u05df \u05d5\u05e2\u05e9\u05d9\u05e8 . \u05de\u05db\u05d9\u05dc : 1 \u05dc\u05d9\u05d8\u05e8\u00a0\",\"breadcrumb\":{\"@id\":\"https:\/\/glamourshop.co.il\/product\/%d7%a7%d7%a8%d7%9d-%d7%94%d7%a7%d7%a1%d7%9d-%d7%99%d7%93%d7%99%d7%99%d7%9d-%d7%a8%d7%92%d7%9c%d7%99%d7%99%d7%9d-glamour-magic-cream-hands-feet\/#breadcrumb\"},\"inLanguage\":\"fr-FR\",\"potentialAction\":[{\"@type\":\"ReadAction\",\"target\":[\"https:\/\/glamourshop.co.il\/product\/%d7%a7%d7%a8%d7%9d-%d7%94%d7%a7%d7%a1%d7%9d-%d7%99%d7%93%d7%99%d7%99%d7%9d-%d7%a8%d7%92%d7%9c%d7%99%d7%99%d7%9d-glamour-magic-cream-hands-feet\/\"]}]},{\"@type\":\"ImageObject\",\"inLanguage\":\"fr-FR\",\"@id\":\"https:\/\/glamourshop.co.il\/product\/%d7%a7%d7%a8%d7%9d-%d7%94%d7%a7%d7%a1%d7%9d-%d7%99%d7%93%d7%99%d7%99%d7%9d-%d7%a8%d7%92%d7%9c%d7%99%d7%99%d7%9d-glamour-magic-cream-hands-feet\/#primaryimage\",\"url\":\"https:\/\/glamourshop.co.il\/wp-content\/uploads\/2025\/07\/\u05e7\u05e8\u05dd-\u05d4\u05e7\u05e1\u05dd-\u05d9\u05d3\u05d9\u05d9\u05dd-\u05e8\u05d2\u05dc\u05d9\u05d9\u05dd.jpg\",\"contentUrl\":\"https:\/\/glamourshop.co.il\/wp-content\/uploads\/2025\/07\/\u05e7\u05e8\u05dd-\u05d4\u05e7\u05e1\u05dd-\u05d9\u05d3\u05d9\u05d9\u05dd-\u05e8\u05d2\u05dc\u05d9\u05d9\u05dd.jpg\",\"width\":800,\"height\":800},{\"@type\":\"BreadcrumbList\",\"@id\":\"https:\/\/glamourshop.co.il\/product\/%d7%a7%d7%a8%d7%9d-%d7%94%d7%a7%d7%a1%d7%9d-%d7%99%d7%93%d7%99%d7%99%d7%9d-%d7%a8%d7%92%d7%9c%d7%99%d7%99%d7%9d-glamour-magic-cream-hands-feet\/#breadcrumb\",\"itemListElement\":[{\"@type\":\"ListItem\",\"position\":1,\"name\":\"\u05d3\u05e3 \u05d4\u05d1\u05d9\u05ea\",\"item\":\"https:\/\/glamourshop.co.il\/\"},{\"@type\":\"ListItem\",\"position\":2,\"name\":\"\u05de\u05d5\u05e6\u05e8\u05d9\u05dd\",\"item\":\"https:\/\/glamourshop.co.il\/shop\/\"},{\"@type\":\"ListItem\",\"position\":3,\"name\":\"\u05e7\u05e8\u05dd \u05d4\u05e7\u05e1\u05dd &#8211; \u05d9\u05d3\u05d9\u05d9\u05dd &#038; \u05e8\u05d2\u05dc\u05d9\u05d9\u05dd | 1 \u05dc\u05d9\u05d8\u05e8 | Magic Cream Hands &#038; Feet\"}]},{\"@type\":\"WebSite\",\"@id\":\"https:\/\/glamourshop.co.il\/#website\",\"url\":\"https:\/\/glamourshop.co.il\/\",\"name\":\"\u05d2\u05dc\u05de\u05d5\u05e8 \u05e9\u05d5\u05e4\",\"description\":\"\u201c\u05d2\u05dc\u05de\u05d5\u05e8\u201d \u05d4\u05d9\u05e0\u05d5 \u05de\u05d5\u05ea\u05d2 \u05d9\u05e9\u05e8\u05d0\u05dc\u05d9 \u05d4\u05de\u05ea\u05de\u05d7\u05d4 \u05d1\u05d9\u05d9\u05e6\u05d5\u05e8 \u05d5\u05e9\u05d9\u05d5\u05d5\u05e7 \u05de\u05d5\u05e6\u05e8\u05d9 \u05d1\u05e0\u05d9\u05d9\u05ea \u05e6\u05d9\u05e4\u05d5\u05e8\u05e0\u05d9\u05d9\u05dd, \u05dc\u05e7 \u05d2\u2019\u05dc \u05d5\u05e6\u05d9\u05d5\u05d3 \u05dc\u05de\u05e0\u05d9\u05e7\u05d5\u05e8.\",\"publisher\":{\"@id\":\"https:\/\/glamourshop.co.il\/#organization\"},\"potentialAction\":[{\"@type\":\"SearchAction\",\"target\":{\"@type\":\"EntryPoint\",\"urlTemplate\":\"https:\/\/glamourshop.co.il\/?s={search_term_string}\"},\"query-input\":{\"@type\":\"PropertyValueSpecification\",\"valueRequired\":true,\"valueName\":\"search_term_string\"}}],\"inLanguage\":\"fr-FR\"},{\"@type\":\"Organization\",\"@id\":\"https:\/\/glamourshop.co.il\/#organization\",\"name\":\"Glamour Shop\",\"url\":\"https:\/\/glamourshop.co.il\/\",\"logo\":{\"@type\":\"ImageObject\",\"inLanguage\":\"fr-FR\",\"@id\":\"https:\/\/glamourshop.co.il\/#\/schema\/logo\/image\/\",\"url\":\"https:\/\/glamourshop.co.il\/wp-content\/uploads\/2022\/04\/seo-logo.jpg\",\"contentUrl\":\"https:\/\/glamourshop.co.il\/wp-content\/uploads\/2022\/04\/seo-logo.jpg\",\"width\":1080,\"height\":631,\"caption\":\"Glamour Shop\"},\"image\":{\"@id\":\"https:\/\/glamourshop.co.il\/#\/schema\/logo\/image\/\"},\"sameAs\":[\"https:\/\/www.facebook.com\/GlamourShopProfessionalNails\",\"https:\/\/www.instagram.com\/glamour_professional_nails\/\"]}]}<\/script>\n<!-- \/ Yoast SEO plugin. -->","yoast_head_json":{"title":"\u05e7\u05e8\u05dd \u05d4\u05e7\u05e1\u05dd - \u05d9\u05d3\u05d9\u05d9\u05dd & \u05e8\u05d2\u05dc\u05d9\u05d9\u05dd | 1 \u05dc\u05d9\u05d8\u05e8 | Magic Cream Hands & Feet | \u05d2\u05dc\u05de\u05d5\u05e8 \u05e9\u05d5\u05e4","description":"\u05e7\u05e8\u05dd \u05d4\u05e7\u05e1\u05dd - \u05d9\u05d3\u05d9\u05d9\u05dd &amp; \u05e8\u05d2\u05dc\u05d9\u05d9\u05dd | Glamour - Magic Cream Hands &amp; Feet \u05e7\u05e8\u05dd \u05dc\u05d9\u05d3\u05d9\u05d9\u05dd \u05d5\u05e8\u05d2\u05dc\u05d9\u05dd \u05d1\u05e0\u05d9\u05d7\u05d5\u05d7 \u05d9\u05d9\u05d7\u05d5\u05d3\u05d9 \u05e9\u05dc \u05d2\u05dc\u05de\u05d5\u05e8 , \u05de\u05e2\u05e0\u05d9\u05e7 \u05ea\u05d7\u05d5\u05e9\u05d4 \u05e0\u05e2\u05d9\u05de\u05d4 \u05dc\u05e2\u05d5\u05e8 \u05dc\u05d0\u05d7\u05e8 \u05d4\u05d7\u05d3\u05e8\u05ea\u05d5 , \u05d1\u05e2\u05dc \u05de\u05e8\u05e7\u05dd \u05de\u05d6\u05d9\u05df \u05d5\u05e2\u05e9\u05d9\u05e8 . \u05de\u05db\u05d9\u05dc : 1 \u05dc\u05d9\u05d8\u05e8\u00a0","robots":{"index":"index","follow":"follow","max-snippet":"max-snippet:-1","max-image-preview":"max-image-preview:large","max-video-preview":"max-video-preview:-1"},"canonical":"https:\/\/glamourshop.co.il\/fr\/produit\/\u05e7\u05e8\u05dd-\u05d4\u05e7\u05e1\u05dd-\u05d9\u05d3\u05d9\u05d9\u05dd-\u05e8\u05d2\u05dc\u05d9\u05d9\u05dd-glamour-magic-cream-hands-feet\/","og_locale":"fr_FR","og_type":"article","og_title":"\u05e7\u05e8\u05dd \u05d4\u05e7\u05e1\u05dd - \u05d9\u05d3\u05d9\u05d9\u05dd & \u05e8\u05d2\u05dc\u05d9\u05d9\u05dd | 1 \u05dc\u05d9\u05d8\u05e8 | Magic Cream Hands & Feet | \u05d2\u05dc\u05de\u05d5\u05e8 \u05e9\u05d5\u05e4","og_description":"\u05e7\u05e8\u05dd \u05d4\u05e7\u05e1\u05dd - \u05d9\u05d3\u05d9\u05d9\u05dd &amp; \u05e8\u05d2\u05dc\u05d9\u05d9\u05dd | Glamour - Magic Cream Hands &amp; Feet \u05e7\u05e8\u05dd \u05dc\u05d9\u05d3\u05d9\u05d9\u05dd \u05d5\u05e8\u05d2\u05dc\u05d9\u05dd \u05d1\u05e0\u05d9\u05d7\u05d5\u05d7 \u05d9\u05d9\u05d7\u05d5\u05d3\u05d9 \u05e9\u05dc \u05d2\u05dc\u05de\u05d5\u05e8 , \u05de\u05e2\u05e0\u05d9\u05e7 \u05ea\u05d7\u05d5\u05e9\u05d4 \u05e0\u05e2\u05d9\u05de\u05d4 \u05dc\u05e2\u05d5\u05e8 \u05dc\u05d0\u05d7\u05e8 \u05d4\u05d7\u05d3\u05e8\u05ea\u05d5 , \u05d1\u05e2\u05dc \u05de\u05e8\u05e7\u05dd \u05de\u05d6\u05d9\u05df \u05d5\u05e2\u05e9\u05d9\u05e8 . \u05de\u05db\u05d9\u05dc : 1 \u05dc\u05d9\u05d8\u05e8\u00a0","og_url":"https:\/\/glamourshop.co.il\/fr\/produit\/\u05e7\u05e8\u05dd-\u05d4\u05e7\u05e1\u05dd-\u05d9\u05d3\u05d9\u05d9\u05dd-\u05e8\u05d2\u05dc\u05d9\u05d9\u05dd-glamour-magic-cream-hands-feet\/","og_site_name":"\u05d2\u05dc\u05de\u05d5\u05e8 \u05e9\u05d5\u05e4","article_publisher":"https:\/\/www.facebook.com\/GlamourShopProfessionalNails","article_modified_time":"2026-04-05T23:37:06+00:00","og_image":[{"width":800,"height":800,"url":"https:\/\/glamourshop.co.il\/wp-content\/uploads\/2025\/07\/\u05e7\u05e8\u05dd-\u05d4\u05e7\u05e1\u05dd-\u05d9\u05d3\u05d9\u05d9\u05dd-\u05e8\u05d2\u05dc\u05d9\u05d9\u05dd.jpg","type":"image\/jpeg"}],"twitter_card":"summary_large_image","twitter_misc":{"Dur\u00e9e de lecture estim\u00e9e":"1 minute"},"schema":{"@context":"https:\/\/schema.org","@graph":[{"@type":["WebPage","ItemPage"],"@id":"https:\/\/glamourshop.co.il\/product\/%d7%a7%d7%a8%d7%9d-%d7%94%d7%a7%d7%a1%d7%9d-%d7%99%d7%93%d7%99%d7%99%d7%9d-%d7%a8%d7%92%d7%9c%d7%99%d7%99%d7%9d-glamour-magic-cream-hands-feet\/","url":"https:\/\/glamourshop.co.il\/product\/%d7%a7%d7%a8%d7%9d-%d7%94%d7%a7%d7%a1%d7%9d-%d7%99%d7%93%d7%99%d7%99%d7%9d-%d7%a8%d7%92%d7%9c%d7%99%d7%99%d7%9d-glamour-magic-cream-hands-feet\/","name":"\u05e7\u05e8\u05dd \u05d4\u05e7\u05e1\u05dd - \u05d9\u05d3\u05d9\u05d9\u05dd & \u05e8\u05d2\u05dc\u05d9\u05d9\u05dd | 1 \u05dc\u05d9\u05d8\u05e8 | Magic Cream Hands & Feet | \u05d2\u05dc\u05de\u05d5\u05e8 \u05e9\u05d5\u05e4","isPartOf":{"@id":"https:\/\/glamourshop.co.il\/#website"},"primaryImageOfPage":{"@id":"https:\/\/glamourshop.co.il\/product\/%d7%a7%d7%a8%d7%9d-%d7%94%d7%a7%d7%a1%d7%9d-%d7%99%d7%93%d7%99%d7%99%d7%9d-%d7%a8%d7%92%d7%9c%d7%99%d7%99%d7%9d-glamour-magic-cream-hands-feet\/#primaryimage"},"image":{"@id":"https:\/\/glamourshop.co.il\/product\/%d7%a7%d7%a8%d7%9d-%d7%94%d7%a7%d7%a1%d7%9d-%d7%99%d7%93%d7%99%d7%99%d7%9d-%d7%a8%d7%92%d7%9c%d7%99%d7%99%d7%9d-glamour-magic-cream-hands-feet\/#primaryimage"},"thumbnailUrl":"https:\/\/glamourshop.co.il\/wp-content\/uploads\/2025\/07\/\u05e7\u05e8\u05dd-\u05d4\u05e7\u05e1\u05dd-\u05d9\u05d3\u05d9\u05d9\u05dd-\u05e8\u05d2\u05dc\u05d9\u05d9\u05dd.jpg","datePublished":"2025-07-08T11:33:07+00:00","dateModified":"2026-04-05T23:37:06+00:00","description":"\u05e7\u05e8\u05dd \u05d4\u05e7\u05e1\u05dd - \u05d9\u05d3\u05d9\u05d9\u05dd &amp; \u05e8\u05d2\u05dc\u05d9\u05d9\u05dd | Glamour - Magic Cream Hands &amp; Feet \u05e7\u05e8\u05dd \u05dc\u05d9\u05d3\u05d9\u05d9\u05dd \u05d5\u05e8\u05d2\u05dc\u05d9\u05dd \u05d1\u05e0\u05d9\u05d7\u05d5\u05d7 \u05d9\u05d9\u05d7\u05d5\u05d3\u05d9 \u05e9\u05dc \u05d2\u05dc\u05de\u05d5\u05e8 , \u05de\u05e2\u05e0\u05d9\u05e7 \u05ea\u05d7\u05d5\u05e9\u05d4 \u05e0\u05e2\u05d9\u05de\u05d4 \u05dc\u05e2\u05d5\u05e8 \u05dc\u05d0\u05d7\u05e8 \u05d4\u05d7\u05d3\u05e8\u05ea\u05d5 , \u05d1\u05e2\u05dc \u05de\u05e8\u05e7\u05dd \u05de\u05d6\u05d9\u05df \u05d5\u05e2\u05e9\u05d9\u05e8 . \u05de\u05db\u05d9\u05dc : 1 \u05dc\u05d9\u05d8\u05e8\u00a0","breadcrumb":{"@id":"https:\/\/glamourshop.co.il\/product\/%d7%a7%d7%a8%d7%9d-%d7%94%d7%a7%d7%a1%d7%9d-%d7%99%d7%93%d7%99%d7%99%d7%9d-%d7%a8%d7%92%d7%9c%d7%99%d7%99%d7%9d-glamour-magic-cream-hands-feet\/#breadcrumb"},"inLanguage":"fr-FR","potentialAction":[{"@type":"ReadAction","target":["https:\/\/glamourshop.co.il\/product\/%d7%a7%d7%a8%d7%9d-%d7%94%d7%a7%d7%a1%d7%9d-%d7%99%d7%93%d7%99%d7%99%d7%9d-%d7%a8%d7%92%d7%9c%d7%99%d7%99%d7%9d-glamour-magic-cream-hands-feet\/"]}]},{"@type":"ImageObject","inLanguage":"fr-FR","@id":"https:\/\/glamourshop.co.il\/product\/%d7%a7%d7%a8%d7%9d-%d7%94%d7%a7%d7%a1%d7%9d-%d7%99%d7%93%d7%99%d7%99%d7%9d-%d7%a8%d7%92%d7%9c%d7%99%d7%99%d7%9d-glamour-magic-cream-hands-feet\/#primaryimage","url":"https:\/\/glamourshop.co.il\/wp-content\/uploads\/2025\/07\/\u05e7\u05e8\u05dd-\u05d4\u05e7\u05e1\u05dd-\u05d9\u05d3\u05d9\u05d9\u05dd-\u05e8\u05d2\u05dc\u05d9\u05d9\u05dd.jpg","contentUrl":"https:\/\/glamourshop.co.il\/wp-content\/uploads\/2025\/07\/\u05e7\u05e8\u05dd-\u05d4\u05e7\u05e1\u05dd-\u05d9\u05d3\u05d9\u05d9\u05dd-\u05e8\u05d2\u05dc\u05d9\u05d9\u05dd.jpg","width":800,"height":800},{"@type":"BreadcrumbList","@id":"https:\/\/glamourshop.co.il\/product\/%d7%a7%d7%a8%d7%9d-%d7%94%d7%a7%d7%a1%d7%9d-%d7%99%d7%93%d7%99%d7%99%d7%9d-%d7%a8%d7%92%d7%9c%d7%99%d7%99%d7%9d-glamour-magic-cream-hands-feet\/#breadcrumb","itemListElement":[{"@type":"ListItem","position":1,"name":"\u05d3\u05e3 \u05d4\u05d1\u05d9\u05ea","item":"https:\/\/glamourshop.co.il\/"},{"@type":"ListItem","position":2,"name":"\u05de\u05d5\u05e6\u05e8\u05d9\u05dd","item":"https:\/\/glamourshop.co.il\/shop\/"},{"@type":"ListItem","position":3,"name":"\u05e7\u05e8\u05dd \u05d4\u05e7\u05e1\u05dd &#8211; \u05d9\u05d3\u05d9\u05d9\u05dd &#038; \u05e8\u05d2\u05dc\u05d9\u05d9\u05dd | 1 \u05dc\u05d9\u05d8\u05e8 | Magic Cream Hands &#038; Feet"}]},{"@type":"WebSite","@id":"https:\/\/glamourshop.co.il\/#website","url":"https:\/\/glamourshop.co.il\/","name":"Galmore Shop","description":"\u201c Galmor \u201d est une marque isra\u00e9lienne sp\u00e9cialis\u00e9e dans la fabrication et la commercialisation de produits pour la construction d'ongles, de vernis gel et d'\u00e9quipements pour manucure.","publisher":{"@id":"https:\/\/glamourshop.co.il\/#organization"},"potentialAction":[{"@type":"SearchAction","target":{"@type":"EntryPoint","urlTemplate":"https:\/\/glamourshop.co.il\/?s={search_term_string}"},"query-input":{"@type":"PropertyValueSpecification","valueRequired":true,"valueName":"search_term_string"}}],"inLanguage":"fr-FR"},{"@type":"Organization","@id":"https:\/\/glamourshop.co.il\/#organization","name":"Boutique Glamour","url":"https:\/\/glamourshop.co.il\/","logo":{"@type":"ImageObject","inLanguage":"fr-FR","@id":"https:\/\/glamourshop.co.il\/#\/schema\/logo\/image\/","url":"https:\/\/glamourshop.co.il\/wp-content\/uploads\/2022\/04\/seo-logo.jpg","contentUrl":"https:\/\/glamourshop.co.il\/wp-content\/uploads\/2022\/04\/seo-logo.jpg","width":1080,"height":631,"caption":"Glamour Shop"},"image":{"@id":"https:\/\/glamourshop.co.il\/#\/schema\/logo\/image\/"},"sameAs":["https:\/\/www.facebook.com\/GlamourShopProfessionalNails","https:\/\/www.instagram.com\/glamour_professional_nails\/"]}]}},"uagb_featured_image_src":{"full":["https:\/\/glamourshop.co.il\/wp-content\/uploads\/2025\/07\/\u05e7\u05e8\u05dd-\u05d4\u05e7\u05e1\u05dd-\u05d9\u05d3\u05d9\u05d9\u05dd-\u05e8\u05d2\u05dc\u05d9\u05d9\u05dd.jpg",800,800,false],"thumbnail":["https:\/\/glamourshop.co.il\/wp-content\/uploads\/2025\/07\/\u05e7\u05e8\u05dd-\u05d4\u05e7\u05e1\u05dd-\u05d9\u05d3\u05d9\u05d9\u05dd-\u05e8\u05d2\u05dc\u05d9\u05d9\u05dd-300x300.jpg",300,300,true],"medium":["https:\/\/glamourshop.co.il\/wp-content\/uploads\/2025\/07\/\u05e7\u05e8\u05dd-\u05d4\u05e7\u05e1\u05dd-\u05d9\u05d3\u05d9\u05d9\u05dd-\u05e8\u05d2\u05dc\u05d9\u05d9\u05dd-400x400.jpg",400,400,true],"medium_large":["https:\/\/glamourshop.co.il\/wp-content\/uploads\/2025\/07\/\u05e7\u05e8\u05dd-\u05d4\u05e7\u05e1\u05dd-\u05d9\u05d3\u05d9\u05d9\u05dd-\u05e8\u05d2\u05dc\u05d9\u05d9\u05dd-768x768.jpg",768,768,true],"large":["https:\/\/glamourshop.co.il\/wp-content\/uploads\/2025\/07\/\u05e7\u05e8\u05dd-\u05d4\u05e7\u05e1\u05dd-\u05d9\u05d3\u05d9\u05d9\u05dd-\u05e8\u05d2\u05dc\u05d9\u05d9\u05dd.jpg",800,800,false],"1536x1536":["https:\/\/glamourshop.co.il\/wp-content\/uploads\/2025\/07\/\u05e7\u05e8\u05dd-\u05d4\u05e7\u05e1\u05dd-\u05d9\u05d3\u05d9\u05d9\u05dd-\u05e8\u05d2\u05dc\u05d9\u05d9\u05dd.jpg",800,800,false],"2048x2048":["https:\/\/glamourshop.co.il\/wp-content\/uploads\/2025\/07\/\u05e7\u05e8\u05dd-\u05d4\u05e7\u05e1\u05dd-\u05d9\u05d3\u05d9\u05d9\u05dd-\u05e8\u05d2\u05dc\u05d9\u05d9\u05dd.jpg",800,800,false],"trp-custom-language-flag":["https:\/\/glamourshop.co.il\/wp-content\/uploads\/2025\/07\/\u05e7\u05e8\u05dd-\u05d4\u05e7\u05e1\u05dd-\u05d9\u05d3\u05d9\u05d9\u05dd-\u05e8\u05d2\u05dc\u05d9\u05d9\u05dd.jpg",12,12,false],"icon":["https:\/\/glamourshop.co.il\/wp-content\/uploads\/2025\/07\/\u05e7\u05e8\u05dd-\u05d4\u05e7\u05e1\u05dd-\u05d9\u05d3\u05d9\u05d9\u05dd-\u05e8\u05d2\u05dc\u05d9\u05d9\u05dd.jpg",800,800,false],"oc-product-thumbnail":["https:\/\/glamourshop.co.il\/wp-content\/uploads\/2025\/07\/\u05e7\u05e8\u05dd-\u05d4\u05e7\u05e1\u05dd-\u05d9\u05d3\u05d9\u05d9\u05dd-\u05e8\u05d2\u05dc\u05d9\u05d9\u05dd-149x149.jpg",149,149,true],"oc-product-single-image":["https:\/\/glamourshop.co.il\/wp-content\/uploads\/2025\/07\/\u05e7\u05e8\u05dd-\u05d4\u05e7\u05e1\u05dd-\u05d9\u05d3\u05d9\u05d9\u05dd-\u05e8\u05d2\u05dc\u05d9\u05d9\u05dd-727x800.jpg",727,800,true],"oc-product-archive-thumbnail":["https:\/\/glamourshop.co.il\/wp-content\/uploads\/2025\/07\/\u05e7\u05e8\u05dd-\u05d4\u05e7\u05e1\u05dd-\u05d9\u05d3\u05d9\u05d9\u05dd-\u05e8\u05d2\u05dc\u05d9\u05d9\u05dd-422x422.jpg",422,422,true],"woocommerce_thumbnail":["https:\/\/glamourshop.co.il\/wp-content\/uploads\/2025\/07\/\u05e7\u05e8\u05dd-\u05d4\u05e7\u05e1\u05dd-\u05d9\u05d3\u05d9\u05d9\u05dd-\u05e8\u05d2\u05dc\u05d9\u05d9\u05dd-500x500.jpg",500,500,true],"woocommerce_single":["https:\/\/glamourshop.co.il\/wp-content\/uploads\/2025\/07\/\u05e7\u05e8\u05dd-\u05d4\u05e7\u05e1\u05dd-\u05d9\u05d3\u05d9\u05d9\u05dd-\u05e8\u05d2\u05dc\u05d9\u05d9\u05dd-600x600.jpg",600,600,true],"woocommerce_gallery_thumbnail":["https:\/\/glamourshop.co.il\/wp-content\/uploads\/2025\/07\/\u05e7\u05e8\u05dd-\u05d4\u05e7\u05e1\u05dd-\u05d9\u05d3\u05d9\u05d9\u05dd-\u05e8\u05d2\u05dc\u05d9\u05d9\u05dd-100x100.jpg",100,100,true]},"uagb_author_info":{"display_name":"\u05e0\u05d8\u05dc\u05d9 \u05d7\u05d1\u05d9\u05d1","author_link":"https:\/\/glamourshop.co.il\/fr\/author\/"},"uagb_comment_info":0,"uagb_excerpt":"\u05e7\u05e8\u05dd \u05d4\u05e7\u05e1\u05dd - \u05d9\u05d3\u05d9\u05d9\u05dd &amp; \u05e8\u05d2\u05dc\u05d9\u05d9\u05dd | Glamour - Magic Cream Hands &amp; Feet \u05e7\u05e8\u05dd \u05dc\u05d9\u05d3\u05d9\u05d9\u05dd \u05d5\u05e8\u05d2\u05dc\u05d9\u05dd \u05d1\u05e0\u05d9\u05d7\u05d5\u05d7 \u05d9\u05d9\u05d7\u05d5\u05d3\u05d9 \u05e9\u05dc \u05d2\u05dc\u05de\u05d5\u05e8 , \u05de\u05e2\u05e0\u05d9\u05e7 \u05ea\u05d7\u05d5\u05e9\u05d4 \u05e0\u05e2\u05d9\u05de\u05d4 \u05dc\u05e2\u05d5\u05e8 \u05dc\u05d0\u05d7\u05e8 \u05d4\u05d7\u05d3\u05e8\u05ea\u05d5 , \u05d1\u05e2\u05dc \u05de\u05e8\u05e7\u05dd \u05de\u05d6\u05d9\u05df \u05d5\u05e2\u05e9\u05d9\u05e8 . \u05de\u05db\u05d9\u05dc : 1 \u05dc\u05d9\u05d8\u05e8\u00a0","_links":{"self":[{"href":"https:\/\/glamourshop.co.il\/fr\/wp-json\/wp\/v2\/product\/44255","targetHints":{"allow":["GET"]}}],"collection":[{"href":"https:\/\/glamourshop.co.il\/fr\/wp-json\/wp\/v2\/product"}],"about":[{"href":"https:\/\/glamourshop.co.il\/fr\/wp-json\/wp\/v2\/types\/product"}],"replies":[{"embeddable":true,"href":"https:\/\/glamourshop.co.il\/fr\/wp-json\/wp\/v2\/comments?post=44255"}],"wp:featuredmedia":[{"embeddable":true,"href":"https:\/\/glamourshop.co.il\/fr\/wp-json\/wp\/v2\/media\/46086"}],"wp:attachment":[{"href":"https:\/\/glamourshop.co.il\/fr\/wp-json\/wp\/v2\/media?parent=44255"}],"wp:term":[{"taxonomy":"product_brand","embeddable":true,"href":"https:\/\/glamourshop.co.il\/fr\/wp-json\/wp\/v2\/product_brand?post=44255"},{"taxonomy":"product_cat","embeddable":true,"href":"https:\/\/glamourshop.co.il\/fr\/wp-json\/wp\/v2\/product_cat?post=44255"},{"taxonomy":"product_tag","embeddable":true,"href":"https:\/\/glamourshop.co.il\/fr\/wp-json\/wp\/v2\/product_tag?post=44255"}],"curies":[{"name":"wp","href":"https:\/\/api.w.org\/{rel}","templated":true}]}}