
{"id":6129,"date":"2021-10-13T15:16:42","date_gmt":"2021-10-13T12:16:42","guid":{"rendered":"https:\/\/devbee1.glamourshop.co.il.bee1.cloud\/?post_type=product&#038;p=6129"},"modified":"2026-04-30T16:47:12","modified_gmt":"2026-04-30T13:47:12","slug":"skin-pusher-05-staleks-expert-30","status":"publish","type":"product","link":"https:\/\/glamourshop.co.il\/fr\/produit\/skin-pusher-05-staleks-expert-30\/","title":{"rendered":"Poussoir \u00e0 peau 05 \u2013 30 Staleks Expert"},"content":{"rendered":"","protected":false},"excerpt":{"rendered":"<p>Pousse-peau - 30 Staleks EXPERT<\/p>\n<p>Type 5<\/p>\n<p>Poussoir \u00e0 cuticules de qualit\u00e9 pour manucure de la soci\u00e9t\u00e9 Stalks.<br \/>\nCet outil est con\u00e7u pour pr\u00e9parer la cuticule et l'exc\u00e8s de peau \u00e0 retirer.<br \/>\nFabriqu\u00e9 en acier inoxydable m\u00e9dical et aff\u00fbt\u00e9 \u00e0 la main pour un travail facile et professionnel.<\/p>","protected":false},"featured_media":6331,"comment_status":"open","ping_status":"closed","template":"","meta":{"_uag_custom_page_level_css":""},"product_brand":[],"product_cat":[158,165,659],"product_tag":[322,325],"class_list":{"0":"post-6129","1":"product","2":"type-product","3":"status-publish","4":"has-post-thumbnail","6":"product_cat-manicure-accessories","7":"product_cat-nippers","8":"product_cat-skin-pusher","9":"product_tag-skin-push","10":"product_tag-staleks","11":"desktop","13":"first","14":"instock","15":"shipping-taxable","16":"purchasable","17":"product-type-simple"},"acf":[],"yoast_head":"<!-- This site is optimized with the Yoast SEO plugin v26.0 - https:\/\/yoast.com\/wordpress\/plugins\/seo\/ -->\n<title>\u05d3\u05d5\u05d7\u05e3 \u05e2\u05d5\u05e8 05 - 30 Staleks Expert | \u05d2\u05dc\u05de\u05d5\u05e8 \u05e9\u05d5\u05e4<\/title>\n<meta name=\"description\" content=\"\u05d3\u05d5\u05d7\u05e3 \u05e2\u05d5\u05e8- 30 Staleks EXPERT  Type 5  \u05d3\u05d5\u05d7\u05e3 \u05e2\u05d5\u05e8 \u05d0\u05d9\u05db\u05d5\u05ea\u05d9 \u05dc\u05de\u05e0\u05d9\u05e7\u05d5\u05e8 \u05e9\u05dc \u05d7\u05d1\u05e8\u05ea \u05e1\u05d8\u05d0\u05dc\u05e7\u05e1. \u05d4\u05db\u05dc\u05d9 \u05de\u05d9\u05d5\u05e2\u05d3 \u05dc\u05d4\u05db\u05e0\u05ea \u05d4\u05e7\u05d5\u05d8\u05d9\u05e7\u05d5\u05dc\u05d4 \u05d5\u05d4\u05e2\u05d5\u05e8 \u05d4\u05e2\u05d5\u05d3\u05e3- \u05dc\u05d4\u05e1\u05e8\u05d4. \u05de\u05d9\u05d5\u05e6\u05e8 \u05de\u05e4\u05dc\u05d3\u05ea \u05d0\u05dc-\u05d7\u05dc\u05d3 \u05e8\u05e4\u05d5\u05d0\u05d9\u05ea \u05d5\u05d1\u05e2\u05dc \u05d4\u05e9\u05d7\u05d6\u05d4 \u05d9\u05d3\u05e0\u05d9\u05ea \u05dc\u05e2\u05d1\u05d5\u05d3\u05d4 \u05e7\u05dc\u05d4 \u05d5\u05de\u05e7\u05e6\u05d5\u05e2\u05d9\u05ea.\" \/>\n<meta name=\"robots\" content=\"index, follow, max-snippet:-1, max-image-preview:large, max-video-preview:-1\" \/>\n<link rel=\"canonical\" href=\"https:\/\/glamourshop.co.il\/fr\/produit\/skin-pusher-05-staleks-expert-30\/\" \/>\n<meta property=\"og:locale\" content=\"fr_FR\" \/>\n<meta property=\"og:type\" content=\"article\" \/>\n<meta property=\"og:title\" content=\"\u05d3\u05d5\u05d7\u05e3 \u05e2\u05d5\u05e8 05 - 30 Staleks Expert | \u05d2\u05dc\u05de\u05d5\u05e8 \u05e9\u05d5\u05e4\" \/>\n<meta property=\"og:description\" content=\"\u05d3\u05d5\u05d7\u05e3 \u05e2\u05d5\u05e8- 30 Staleks EXPERT  Type 5  \u05d3\u05d5\u05d7\u05e3 \u05e2\u05d5\u05e8 \u05d0\u05d9\u05db\u05d5\u05ea\u05d9 \u05dc\u05de\u05e0\u05d9\u05e7\u05d5\u05e8 \u05e9\u05dc \u05d7\u05d1\u05e8\u05ea \u05e1\u05d8\u05d0\u05dc\u05e7\u05e1. \u05d4\u05db\u05dc\u05d9 \u05de\u05d9\u05d5\u05e2\u05d3 \u05dc\u05d4\u05db\u05e0\u05ea \u05d4\u05e7\u05d5\u05d8\u05d9\u05e7\u05d5\u05dc\u05d4 \u05d5\u05d4\u05e2\u05d5\u05e8 \u05d4\u05e2\u05d5\u05d3\u05e3- \u05dc\u05d4\u05e1\u05e8\u05d4. \u05de\u05d9\u05d5\u05e6\u05e8 \u05de\u05e4\u05dc\u05d3\u05ea \u05d0\u05dc-\u05d7\u05dc\u05d3 \u05e8\u05e4\u05d5\u05d0\u05d9\u05ea \u05d5\u05d1\u05e2\u05dc \u05d4\u05e9\u05d7\u05d6\u05d4 \u05d9\u05d3\u05e0\u05d9\u05ea \u05dc\u05e2\u05d1\u05d5\u05d3\u05d4 \u05e7\u05dc\u05d4 \u05d5\u05de\u05e7\u05e6\u05d5\u05e2\u05d9\u05ea.\" \/>\n<meta property=\"og:url\" content=\"https:\/\/glamourshop.co.il\/fr\/produit\/skin-pusher-05-staleks-expert-30\/\" \/>\n<meta property=\"og:site_name\" content=\"\u05d2\u05dc\u05de\u05d5\u05e8 \u05e9\u05d5\u05e4\" \/>\n<meta property=\"article:publisher\" content=\"https:\/\/www.facebook.com\/GlamourShopProfessionalNails\" \/>\n<meta property=\"article:modified_time\" content=\"2026-04-30T13:47:12+00:00\" \/>\n<meta property=\"og:image\" content=\"https:\/\/glamourshop.co.il\/wp-content\/uploads\/2021\/10\/pusher-staleks-30-5.png\" \/>\n\t<meta property=\"og:image:width\" content=\"1302\" \/>\n\t<meta property=\"og:image:height\" content=\"1302\" \/>\n\t<meta property=\"og:image:type\" content=\"image\/png\" \/>\n<meta name=\"twitter:card\" content=\"summary_large_image\" \/>\n<script type=\"application\/ld+json\" class=\"yoast-schema-graph\">{\"@context\":\"https:\/\/schema.org\",\"@graph\":[{\"@type\":[\"WebPage\",\"ItemPage\"],\"@id\":\"https:\/\/glamourshop.co.il\/product\/skin-pusher-05-staleks-expert-30\/\",\"url\":\"https:\/\/glamourshop.co.il\/product\/skin-pusher-05-staleks-expert-30\/\",\"name\":\"\u05d3\u05d5\u05d7\u05e3 \u05e2\u05d5\u05e8 05 - 30 Staleks Expert | \u05d2\u05dc\u05de\u05d5\u05e8 \u05e9\u05d5\u05e4\",\"isPartOf\":{\"@id\":\"https:\/\/glamourshop.co.il\/#website\"},\"primaryImageOfPage\":{\"@id\":\"https:\/\/glamourshop.co.il\/product\/skin-pusher-05-staleks-expert-30\/#primaryimage\"},\"image\":{\"@id\":\"https:\/\/glamourshop.co.il\/product\/skin-pusher-05-staleks-expert-30\/#primaryimage\"},\"thumbnailUrl\":\"https:\/\/glamourshop.co.il\/wp-content\/uploads\/2021\/10\/pusher-staleks-30-5.png\",\"datePublished\":\"2021-10-13T12:16:42+00:00\",\"dateModified\":\"2026-04-30T13:47:12+00:00\",\"description\":\"\u05d3\u05d5\u05d7\u05e3 \u05e2\u05d5\u05e8- 30 Staleks EXPERT Type 5 \u05d3\u05d5\u05d7\u05e3 \u05e2\u05d5\u05e8 \u05d0\u05d9\u05db\u05d5\u05ea\u05d9 \u05dc\u05de\u05e0\u05d9\u05e7\u05d5\u05e8 \u05e9\u05dc \u05d7\u05d1\u05e8\u05ea \u05e1\u05d8\u05d0\u05dc\u05e7\u05e1. \u05d4\u05db\u05dc\u05d9 \u05de\u05d9\u05d5\u05e2\u05d3 \u05dc\u05d4\u05db\u05e0\u05ea \u05d4\u05e7\u05d5\u05d8\u05d9\u05e7\u05d5\u05dc\u05d4 \u05d5\u05d4\u05e2\u05d5\u05e8 \u05d4\u05e2\u05d5\u05d3\u05e3- \u05dc\u05d4\u05e1\u05e8\u05d4. \u05de\u05d9\u05d5\u05e6\u05e8 \u05de\u05e4\u05dc\u05d3\u05ea \u05d0\u05dc-\u05d7\u05dc\u05d3 \u05e8\u05e4\u05d5\u05d0\u05d9\u05ea \u05d5\u05d1\u05e2\u05dc \u05d4\u05e9\u05d7\u05d6\u05d4 \u05d9\u05d3\u05e0\u05d9\u05ea \u05dc\u05e2\u05d1\u05d5\u05d3\u05d4 \u05e7\u05dc\u05d4 \u05d5\u05de\u05e7\u05e6\u05d5\u05e2\u05d9\u05ea.\",\"breadcrumb\":{\"@id\":\"https:\/\/glamourshop.co.il\/product\/skin-pusher-05-staleks-expert-30\/#breadcrumb\"},\"inLanguage\":\"fr-FR\",\"potentialAction\":[{\"@type\":\"ReadAction\",\"target\":[\"https:\/\/glamourshop.co.il\/product\/skin-pusher-05-staleks-expert-30\/\"]}]},{\"@type\":\"ImageObject\",\"inLanguage\":\"fr-FR\",\"@id\":\"https:\/\/glamourshop.co.il\/product\/skin-pusher-05-staleks-expert-30\/#primaryimage\",\"url\":\"https:\/\/glamourshop.co.il\/wp-content\/uploads\/2021\/10\/pusher-staleks-30-5.png\",\"contentUrl\":\"https:\/\/glamourshop.co.il\/wp-content\/uploads\/2021\/10\/pusher-staleks-30-5.png\",\"width\":1302,\"height\":1302,\"caption\":\"pusher staleks 30 5\"},{\"@type\":\"BreadcrumbList\",\"@id\":\"https:\/\/glamourshop.co.il\/product\/skin-pusher-05-staleks-expert-30\/#breadcrumb\",\"itemListElement\":[{\"@type\":\"ListItem\",\"position\":1,\"name\":\"\u05d3\u05e3 \u05d4\u05d1\u05d9\u05ea\",\"item\":\"https:\/\/glamourshop.co.il\/\"},{\"@type\":\"ListItem\",\"position\":2,\"name\":\"\u05de\u05d5\u05e6\u05e8\u05d9\u05dd\",\"item\":\"https:\/\/glamourshop.co.il\/shop\/\"},{\"@type\":\"ListItem\",\"position\":3,\"name\":\"\u05d3\u05d5\u05d7\u05e3 \u05e2\u05d5\u05e8 05 &#8211; 30 Staleks Expert\"}]},{\"@type\":\"WebSite\",\"@id\":\"https:\/\/glamourshop.co.il\/#website\",\"url\":\"https:\/\/glamourshop.co.il\/\",\"name\":\"\u05d2\u05dc\u05de\u05d5\u05e8 \u05e9\u05d5\u05e4\",\"description\":\"\u201c\u05d2\u05dc\u05de\u05d5\u05e8\u201d \u05d4\u05d9\u05e0\u05d5 \u05de\u05d5\u05ea\u05d2 \u05d9\u05e9\u05e8\u05d0\u05dc\u05d9 \u05d4\u05de\u05ea\u05de\u05d7\u05d4 \u05d1\u05d9\u05d9\u05e6\u05d5\u05e8 \u05d5\u05e9\u05d9\u05d5\u05d5\u05e7 \u05de\u05d5\u05e6\u05e8\u05d9 \u05d1\u05e0\u05d9\u05d9\u05ea \u05e6\u05d9\u05e4\u05d5\u05e8\u05e0\u05d9\u05d9\u05dd, \u05dc\u05e7 \u05d2\u2019\u05dc \u05d5\u05e6\u05d9\u05d5\u05d3 \u05dc\u05de\u05e0\u05d9\u05e7\u05d5\u05e8.\",\"publisher\":{\"@id\":\"https:\/\/glamourshop.co.il\/#organization\"},\"potentialAction\":[{\"@type\":\"SearchAction\",\"target\":{\"@type\":\"EntryPoint\",\"urlTemplate\":\"https:\/\/glamourshop.co.il\/?s={search_term_string}\"},\"query-input\":{\"@type\":\"PropertyValueSpecification\",\"valueRequired\":true,\"valueName\":\"search_term_string\"}}],\"inLanguage\":\"fr-FR\"},{\"@type\":\"Organization\",\"@id\":\"https:\/\/glamourshop.co.il\/#organization\",\"name\":\"Glamour Shop\",\"url\":\"https:\/\/glamourshop.co.il\/\",\"logo\":{\"@type\":\"ImageObject\",\"inLanguage\":\"fr-FR\",\"@id\":\"https:\/\/glamourshop.co.il\/#\/schema\/logo\/image\/\",\"url\":\"https:\/\/glamourshop.co.il\/wp-content\/uploads\/2022\/04\/seo-logo.jpg\",\"contentUrl\":\"https:\/\/glamourshop.co.il\/wp-content\/uploads\/2022\/04\/seo-logo.jpg\",\"width\":1080,\"height\":631,\"caption\":\"Glamour Shop\"},\"image\":{\"@id\":\"https:\/\/glamourshop.co.il\/#\/schema\/logo\/image\/\"},\"sameAs\":[\"https:\/\/www.facebook.com\/GlamourShopProfessionalNails\",\"https:\/\/www.instagram.com\/glamour_professional_nails\/\"]}]}<\/script>\n<!-- \/ Yoast SEO plugin. -->","yoast_head_json":{"title":"\u05d3\u05d5\u05d7\u05e3 \u05e2\u05d5\u05e8 05 - 30 Staleks Expert | \u05d2\u05dc\u05de\u05d5\u05e8 \u05e9\u05d5\u05e4","description":"\u05d3\u05d5\u05d7\u05e3 \u05e2\u05d5\u05e8- 30 Staleks EXPERT  Type 5  \u05d3\u05d5\u05d7\u05e3 \u05e2\u05d5\u05e8 \u05d0\u05d9\u05db\u05d5\u05ea\u05d9 \u05dc\u05de\u05e0\u05d9\u05e7\u05d5\u05e8 \u05e9\u05dc \u05d7\u05d1\u05e8\u05ea \u05e1\u05d8\u05d0\u05dc\u05e7\u05e1. \u05d4\u05db\u05dc\u05d9 \u05de\u05d9\u05d5\u05e2\u05d3 \u05dc\u05d4\u05db\u05e0\u05ea \u05d4\u05e7\u05d5\u05d8\u05d9\u05e7\u05d5\u05dc\u05d4 \u05d5\u05d4\u05e2\u05d5\u05e8 \u05d4\u05e2\u05d5\u05d3\u05e3- \u05dc\u05d4\u05e1\u05e8\u05d4. \u05de\u05d9\u05d5\u05e6\u05e8 \u05de\u05e4\u05dc\u05d3\u05ea \u05d0\u05dc-\u05d7\u05dc\u05d3 \u05e8\u05e4\u05d5\u05d0\u05d9\u05ea \u05d5\u05d1\u05e2\u05dc \u05d4\u05e9\u05d7\u05d6\u05d4 \u05d9\u05d3\u05e0\u05d9\u05ea \u05dc\u05e2\u05d1\u05d5\u05d3\u05d4 \u05e7\u05dc\u05d4 \u05d5\u05de\u05e7\u05e6\u05d5\u05e2\u05d9\u05ea.","robots":{"index":"index","follow":"follow","max-snippet":"max-snippet:-1","max-image-preview":"max-image-preview:large","max-video-preview":"max-video-preview:-1"},"canonical":"https:\/\/glamourshop.co.il\/fr\/produit\/skin-pusher-05-staleks-expert-30\/","og_locale":"fr_FR","og_type":"article","og_title":"\u05d3\u05d5\u05d7\u05e3 \u05e2\u05d5\u05e8 05 - 30 Staleks Expert | \u05d2\u05dc\u05de\u05d5\u05e8 \u05e9\u05d5\u05e4","og_description":"\u05d3\u05d5\u05d7\u05e3 \u05e2\u05d5\u05e8- 30 Staleks EXPERT  Type 5  \u05d3\u05d5\u05d7\u05e3 \u05e2\u05d5\u05e8 \u05d0\u05d9\u05db\u05d5\u05ea\u05d9 \u05dc\u05de\u05e0\u05d9\u05e7\u05d5\u05e8 \u05e9\u05dc \u05d7\u05d1\u05e8\u05ea \u05e1\u05d8\u05d0\u05dc\u05e7\u05e1. \u05d4\u05db\u05dc\u05d9 \u05de\u05d9\u05d5\u05e2\u05d3 \u05dc\u05d4\u05db\u05e0\u05ea \u05d4\u05e7\u05d5\u05d8\u05d9\u05e7\u05d5\u05dc\u05d4 \u05d5\u05d4\u05e2\u05d5\u05e8 \u05d4\u05e2\u05d5\u05d3\u05e3- \u05dc\u05d4\u05e1\u05e8\u05d4. \u05de\u05d9\u05d5\u05e6\u05e8 \u05de\u05e4\u05dc\u05d3\u05ea \u05d0\u05dc-\u05d7\u05dc\u05d3 \u05e8\u05e4\u05d5\u05d0\u05d9\u05ea \u05d5\u05d1\u05e2\u05dc \u05d4\u05e9\u05d7\u05d6\u05d4 \u05d9\u05d3\u05e0\u05d9\u05ea \u05dc\u05e2\u05d1\u05d5\u05d3\u05d4 \u05e7\u05dc\u05d4 \u05d5\u05de\u05e7\u05e6\u05d5\u05e2\u05d9\u05ea.","og_url":"https:\/\/glamourshop.co.il\/fr\/produit\/skin-pusher-05-staleks-expert-30\/","og_site_name":"\u05d2\u05dc\u05de\u05d5\u05e8 \u05e9\u05d5\u05e4","article_publisher":"https:\/\/www.facebook.com\/GlamourShopProfessionalNails","article_modified_time":"2026-04-30T13:47:12+00:00","og_image":[{"width":1302,"height":1302,"url":"https:\/\/glamourshop.co.il\/wp-content\/uploads\/2021\/10\/pusher-staleks-30-5.png","type":"image\/png"}],"twitter_card":"summary_large_image","schema":{"@context":"https:\/\/schema.org","@graph":[{"@type":["WebPage","ItemPage"],"@id":"https:\/\/glamourshop.co.il\/product\/skin-pusher-05-staleks-expert-30\/","url":"https:\/\/glamourshop.co.il\/product\/skin-pusher-05-staleks-expert-30\/","name":"\u05d3\u05d5\u05d7\u05e3 \u05e2\u05d5\u05e8 05 - 30 Staleks Expert | \u05d2\u05dc\u05de\u05d5\u05e8 \u05e9\u05d5\u05e4","isPartOf":{"@id":"https:\/\/glamourshop.co.il\/#website"},"primaryImageOfPage":{"@id":"https:\/\/glamourshop.co.il\/product\/skin-pusher-05-staleks-expert-30\/#primaryimage"},"image":{"@id":"https:\/\/glamourshop.co.il\/product\/skin-pusher-05-staleks-expert-30\/#primaryimage"},"thumbnailUrl":"https:\/\/glamourshop.co.il\/wp-content\/uploads\/2021\/10\/pusher-staleks-30-5.png","datePublished":"2021-10-13T12:16:42+00:00","dateModified":"2026-04-30T13:47:12+00:00","description":"\u05d3\u05d5\u05d7\u05e3 \u05e2\u05d5\u05e8- 30 Staleks EXPERT Type 5 \u05d3\u05d5\u05d7\u05e3 \u05e2\u05d5\u05e8 \u05d0\u05d9\u05db\u05d5\u05ea\u05d9 \u05dc\u05de\u05e0\u05d9\u05e7\u05d5\u05e8 \u05e9\u05dc \u05d7\u05d1\u05e8\u05ea \u05e1\u05d8\u05d0\u05dc\u05e7\u05e1. \u05d4\u05db\u05dc\u05d9 \u05de\u05d9\u05d5\u05e2\u05d3 \u05dc\u05d4\u05db\u05e0\u05ea \u05d4\u05e7\u05d5\u05d8\u05d9\u05e7\u05d5\u05dc\u05d4 \u05d5\u05d4\u05e2\u05d5\u05e8 \u05d4\u05e2\u05d5\u05d3\u05e3- \u05dc\u05d4\u05e1\u05e8\u05d4. \u05de\u05d9\u05d5\u05e6\u05e8 \u05de\u05e4\u05dc\u05d3\u05ea \u05d0\u05dc-\u05d7\u05dc\u05d3 \u05e8\u05e4\u05d5\u05d0\u05d9\u05ea \u05d5\u05d1\u05e2\u05dc \u05d4\u05e9\u05d7\u05d6\u05d4 \u05d9\u05d3\u05e0\u05d9\u05ea \u05dc\u05e2\u05d1\u05d5\u05d3\u05d4 \u05e7\u05dc\u05d4 \u05d5\u05de\u05e7\u05e6\u05d5\u05e2\u05d9\u05ea.","breadcrumb":{"@id":"https:\/\/glamourshop.co.il\/product\/skin-pusher-05-staleks-expert-30\/#breadcrumb"},"inLanguage":"fr-FR","potentialAction":[{"@type":"ReadAction","target":["https:\/\/glamourshop.co.il\/product\/skin-pusher-05-staleks-expert-30\/"]}]},{"@type":"ImageObject","inLanguage":"fr-FR","@id":"https:\/\/glamourshop.co.il\/product\/skin-pusher-05-staleks-expert-30\/#primaryimage","url":"https:\/\/glamourshop.co.il\/wp-content\/uploads\/2021\/10\/pusher-staleks-30-5.png","contentUrl":"https:\/\/glamourshop.co.il\/wp-content\/uploads\/2021\/10\/pusher-staleks-30-5.png","width":1302,"height":1302,"caption":"pusher staleks 30 5"},{"@type":"BreadcrumbList","@id":"https:\/\/glamourshop.co.il\/product\/skin-pusher-05-staleks-expert-30\/#breadcrumb","itemListElement":[{"@type":"ListItem","position":1,"name":"\u05d3\u05e3 \u05d4\u05d1\u05d9\u05ea","item":"https:\/\/glamourshop.co.il\/"},{"@type":"ListItem","position":2,"name":"\u05de\u05d5\u05e6\u05e8\u05d9\u05dd","item":"https:\/\/glamourshop.co.il\/shop\/"},{"@type":"ListItem","position":3,"name":"\u05d3\u05d5\u05d7\u05e3 \u05e2\u05d5\u05e8 05 &#8211; 30 Staleks Expert"}]},{"@type":"WebSite","@id":"https:\/\/glamourshop.co.il\/#website","url":"https:\/\/glamourshop.co.il\/","name":"Galmore Shop","description":"\u201c Galmor \u201d est une marque isra\u00e9lienne sp\u00e9cialis\u00e9e dans la fabrication et la commercialisation de produits pour la construction d'ongles, de vernis gel et d'\u00e9quipements pour manucure.","publisher":{"@id":"https:\/\/glamourshop.co.il\/#organization"},"potentialAction":[{"@type":"SearchAction","target":{"@type":"EntryPoint","urlTemplate":"https:\/\/glamourshop.co.il\/?s={search_term_string}"},"query-input":{"@type":"PropertyValueSpecification","valueRequired":true,"valueName":"search_term_string"}}],"inLanguage":"fr-FR"},{"@type":"Organization","@id":"https:\/\/glamourshop.co.il\/#organization","name":"Boutique Glamour","url":"https:\/\/glamourshop.co.il\/","logo":{"@type":"ImageObject","inLanguage":"fr-FR","@id":"https:\/\/glamourshop.co.il\/#\/schema\/logo\/image\/","url":"https:\/\/glamourshop.co.il\/wp-content\/uploads\/2022\/04\/seo-logo.jpg","contentUrl":"https:\/\/glamourshop.co.il\/wp-content\/uploads\/2022\/04\/seo-logo.jpg","width":1080,"height":631,"caption":"Glamour Shop"},"image":{"@id":"https:\/\/glamourshop.co.il\/#\/schema\/logo\/image\/"},"sameAs":["https:\/\/www.facebook.com\/GlamourShopProfessionalNails","https:\/\/www.instagram.com\/glamour_professional_nails\/"]}]}},"uagb_featured_image_src":{"full":["https:\/\/glamourshop.co.il\/wp-content\/uploads\/2021\/10\/pusher-staleks-30-5.png",1302,1302,false],"thumbnail":["https:\/\/glamourshop.co.il\/wp-content\/uploads\/2021\/10\/pusher-staleks-30-5-300x300.png",300,300,true],"medium":["https:\/\/glamourshop.co.il\/wp-content\/uploads\/2021\/10\/pusher-staleks-30-5-400x400.png",400,400,true],"medium_large":["https:\/\/glamourshop.co.il\/wp-content\/uploads\/2021\/10\/pusher-staleks-30-5-768x768.png",768,768,true],"large":["https:\/\/glamourshop.co.il\/wp-content\/uploads\/2021\/10\/pusher-staleks-30-5-800x800.png",800,800,true],"1536x1536":["https:\/\/glamourshop.co.il\/wp-content\/uploads\/2021\/10\/pusher-staleks-30-5-1536x1536.png",1536,1536,true],"2048x2048":["https:\/\/glamourshop.co.il\/wp-content\/uploads\/2021\/10\/pusher-staleks-30-5-2048x2048.png",2048,2048,true],"trp-custom-language-flag":["https:\/\/glamourshop.co.il\/wp-content\/uploads\/2021\/10\/pusher-staleks-30-5.png",12,12,false],"icon":["https:\/\/glamourshop.co.il\/wp-content\/uploads\/2021\/10\/pusher-staleks-30-5.png",1302,1302,false],"oc-product-thumbnail":["https:\/\/glamourshop.co.il\/wp-content\/uploads\/2021\/10\/pusher-staleks-30-5.png",149,149,false],"oc-product-single-image":["https:\/\/glamourshop.co.il\/wp-content\/uploads\/2021\/10\/pusher-staleks-30-5.png",727,727,false],"oc-product-archive-thumbnail":["https:\/\/glamourshop.co.il\/wp-content\/uploads\/2021\/10\/pusher-staleks-30-5.png",422,422,false],"woocommerce_thumbnail":["https:\/\/glamourshop.co.il\/wp-content\/uploads\/2021\/10\/pusher-staleks-30-5-500x500.png",500,500,true],"woocommerce_single":["https:\/\/glamourshop.co.il\/wp-content\/uploads\/2021\/10\/pusher-staleks-30-5-600x600.png",600,600,true],"woocommerce_gallery_thumbnail":["https:\/\/glamourshop.co.il\/wp-content\/uploads\/2021\/10\/pusher-staleks-30-5-100x100.png",100,100,true]},"uagb_author_info":{"display_name":"\u05e0\u05d8\u05dc\u05d9","author_link":"https:\/\/glamourshop.co.il\/fr\/author\/"},"uagb_comment_info":0,"uagb_excerpt":"\u05d3\u05d5\u05d7\u05e3 \u05e2\u05d5\u05e8- 30 Staleks EXPERT Type 5 \u05d3\u05d5\u05d7\u05e3 \u05e2\u05d5\u05e8 \u05d0\u05d9\u05db\u05d5\u05ea\u05d9 \u05dc\u05de\u05e0\u05d9\u05e7\u05d5\u05e8 \u05e9\u05dc \u05d7\u05d1\u05e8\u05ea \u05e1\u05d8\u05d0\u05dc\u05e7\u05e1. \u05d4\u05db\u05dc\u05d9 \u05de\u05d9\u05d5\u05e2\u05d3 \u05dc\u05d4\u05db\u05e0\u05ea \u05d4\u05e7\u05d5\u05d8\u05d9\u05e7\u05d5\u05dc\u05d4 \u05d5\u05d4\u05e2\u05d5\u05e8 \u05d4\u05e2\u05d5\u05d3\u05e3- \u05dc\u05d4\u05e1\u05e8\u05d4. \u05de\u05d9\u05d5\u05e6\u05e8 \u05de\u05e4\u05dc\u05d3\u05ea \u05d0\u05dc-\u05d7\u05dc\u05d3 \u05e8\u05e4\u05d5\u05d0\u05d9\u05ea \u05d5\u05d1\u05e2\u05dc \u05d4\u05e9\u05d7\u05d6\u05d4 \u05d9\u05d3\u05e0\u05d9\u05ea \u05dc\u05e2\u05d1\u05d5\u05d3\u05d4 \u05e7\u05dc\u05d4 \u05d5\u05de\u05e7\u05e6\u05d5\u05e2\u05d9\u05ea.","_links":{"self":[{"href":"https:\/\/glamourshop.co.il\/fr\/wp-json\/wp\/v2\/product\/6129","targetHints":{"allow":["GET"]}}],"collection":[{"href":"https:\/\/glamourshop.co.il\/fr\/wp-json\/wp\/v2\/product"}],"about":[{"href":"https:\/\/glamourshop.co.il\/fr\/wp-json\/wp\/v2\/types\/product"}],"replies":[{"embeddable":true,"href":"https:\/\/glamourshop.co.il\/fr\/wp-json\/wp\/v2\/comments?post=6129"}],"wp:featuredmedia":[{"embeddable":true,"href":"https:\/\/glamourshop.co.il\/fr\/wp-json\/wp\/v2\/media\/6331"}],"wp:attachment":[{"href":"https:\/\/glamourshop.co.il\/fr\/wp-json\/wp\/v2\/media?parent=6129"}],"wp:term":[{"taxonomy":"product_brand","embeddable":true,"href":"https:\/\/glamourshop.co.il\/fr\/wp-json\/wp\/v2\/product_brand?post=6129"},{"taxonomy":"product_cat","embeddable":true,"href":"https:\/\/glamourshop.co.il\/fr\/wp-json\/wp\/v2\/product_cat?post=6129"},{"taxonomy":"product_tag","embeddable":true,"href":"https:\/\/glamourshop.co.il\/fr\/wp-json\/wp\/v2\/product_tag?post=6129"}],"curies":[{"name":"wp","href":"https:\/\/api.w.org\/{rel}","templated":true}]}}