
{"id":728,"date":"2020-08-20T13:54:34","date_gmt":"2020-08-20T10:54:34","guid":{"rendered":"https:\/\/devbee1.glamourshop.co.il.bee1.cloud\/shop\/%d7%91%d7%99%d7%99%d7%a1-%d7%a4%d7%a8%d7%99%d7%9e%d7%99%d7%95%d7%9d-glamour\/"},"modified":"2026-04-09T11:46:44","modified_gmt":"2026-04-09T08:46:44","slug":"premium-base-17ml-glamour","status":"publish","type":"product","link":"https:\/\/glamourshop.co.il\/fr\/produit\/premium-base-17ml-glamour\/","title":{"rendered":"Base Premium 17 ml \u2013 Glamour | Base Premium"},"content":{"rendered":"<p>Avez-vous d\u00e9j\u00e0 essay\u00e9 les pigments Glamour ?<br \/>\n\u2714Formule et pigments riches.<br \/>\n\u2714Application agr\u00e9able et facile gr\u00e2ce \u00e0 la texture du gel et \u00e0 la brosse en silicone unique.<br \/>\n\u2714Les gels conviennent aux personnes allergiques et sensibles.<br \/>\n\u2714Flacon luxueux de 17 ml.<br \/>\n\u2714Non test\u00e9 sur les animaux.<\/p>","protected":false},"excerpt":{"rendered":"<p>Gel de base premium de la soci\u00e9t\u00e9 Glamour, dot\u00e9 d'une forte adh\u00e9rence. Ce gel de viscosit\u00e9 moyenne permet d'\u00e9paissir l'ongle naturel. Il permet de lisser la surface de l'ongle pour obtenir un aspect parfait et lisse. Il est \u00e9galement recommand\u00e9 de l'utiliser comme premi\u00e8re \u00e9tape\/base dans toutes les m\u00e9thodes de pose de gel (gel vernis, gel de construction et polygel). Flacon de 17 ml.<br \/>\nTous nos bases n\u00e9cessitent l'application du primer Glamour.<\/p>","protected":false},"featured_media":6605,"comment_status":"open","ping_status":"closed","template":"","meta":{"_uag_custom_page_level_css":""},"product_brand":[],"product_cat":[821,835,832,817,815],"product_tag":[151,739,425,426],"class_list":{"0":"post-728","1":"product","2":"type-product","3":"status-publish","4":"has-post-thumbnail","6":"product_cat-821","7":"product_cat-835","8":"product_cat-832","9":"product_cat-base-top","10":"product_cat--glamour","11":"product_tag-glamour","12":"product_tag-739","13":"product_tag-sale","14":"product_tag-manicure-gel","15":"desktop","17":"first","18":"instock","19":"sale","20":"shipping-taxable","21":"purchasable","22":"product-type-simple"},"acf":[],"yoast_head":"<!-- This site is optimized with the Yoast SEO plugin v26.0 - https:\/\/yoast.com\/wordpress\/plugins\/seo\/ -->\n<title>\u05d1\u05d9\u05d9\u05e1 \u05e4\u05e8\u05d9\u05de\u05d9\u05d5\u05dd 17 \u05de&quot;\u05dc - Glamour | Premium Base | \u05d2\u05dc\u05de\u05d5\u05e8 \u05e9\u05d5\u05e4<\/title>\n<meta name=\"description\" content=\"\u05d2\u05dc \u05d1\u05e1\u05d9\u05e1 \u05e4\u05e8\u05d9\u05de\u05d9\u05d5\u05dd \u05e9\u05dc \u05d7\u05d1\u05e8\u05ea Glamour \u05d1\u05e2\u05dc \u05d9\u05db\u05d5\u05dc\u05ea \u05d4\u05d9\u05e6\u05de\u05d3\u05d5\u05ea \u05d2\u05d1\u05d5\u05d4. \u05d4\u05d2&#039;\u05dc \u05d1\u05e2\u05dc \u05e1\u05de\u05d9\u05db\u05d5\u05ea \u05d1\u05d9\u05e0\u05d5\u05e0\u05d9\u05ea \u05d4\u05de\u05d0\u05e4\u05e9\u05e8 \u05dc\u05e2\u05d1\u05d5\u05ea \u05d0\u05ea \u05d4\u05e6\u05d9\u05e4\u05d5\u05e8\u05df \u05d4\u05d8\u05d1\u05e2\u05d9\u05ea. \u05d1\u05e2\u05d6\u05e8\u05ea \u05d2&#039;\u05dc \u05d6\u05d4 \u05e0\u05d9\u05ea\u05df \u05dc\u05d9\u05d9\u05e9\u05e8 \u05d0\u05ea \u05de\u05e9\u05d8\u05d7 \u05d4\u05e6\u05d9\u05e4\u05d5\u05e8\u05df \u05e2\u05d3 \u05dc\u05de\u05e8\u05d0\u05d4 \u05de\u05d5\u05e9\u05dc\u05dd \u05d5\u05d7\u05dc\u05e7. \u05db\u05de\u05d5 \u05db\u05df \u05de\u05d5\u05de\u05dc\u05e5 \u05dc\u05d4\u05e9\u05ea\u05de\u05e9 \u05d1\u05d5 \u05db\u05e9\u05dc\u05d1 \u05e8\u05d0\u05e9\u05d5\u05df\/\u05d1\u05e1\u05d9\u05e1 \u05d1\u05db\u05dc \u05e9\u05d9\u05d8\u05d5\u05ea \u05d4\u05d2&#039;\u05dc (\u05dc\u05e7 \u05d2&#039;\u05dc, \u05d2&#039;\u05dc \u05d1\u05e0\u05d9\u05d4 \u05d5\u05e4\u05d5\u05dc\u05d9\u05d2&#039;\u05dc). \u05d1\u05e7\u05d1\u05d5\u05e7 17 \u05de&quot;\u05dc \u05db\u05dc \u05d4\u05d1\u05d9\u05d9\u05e1\u05d9\u05dd \u05e9\u05dc\u05e0\u05d5 \u05de\u05e6\u05e8\u05d9\u05db\u05d9\u05dd \u05d0\u05ea \u05d4\u05e4\u05e8\u05d9\u05d9\u05de\u05e8 \u05e9\u05dc \u05d2\u05dc\u05d0\u05de\u05d5\u05e8\" \/>\n<meta name=\"robots\" content=\"index, follow, max-snippet:-1, max-image-preview:large, max-video-preview:-1\" \/>\n<link rel=\"canonical\" href=\"https:\/\/glamourshop.co.il\/fr\/produit\/premium-base-17ml-glamour\/\" \/>\n<meta property=\"og:locale\" content=\"fr_FR\" \/>\n<meta property=\"og:type\" content=\"article\" \/>\n<meta property=\"og:title\" content=\"\u05d1\u05d9\u05d9\u05e1 \u05e4\u05e8\u05d9\u05de\u05d9\u05d5\u05dd 17 \u05de&quot;\u05dc - Glamour | Premium Base | \u05d2\u05dc\u05de\u05d5\u05e8 \u05e9\u05d5\u05e4\" \/>\n<meta property=\"og:description\" content=\"\u05d2\u05dc \u05d1\u05e1\u05d9\u05e1 \u05e4\u05e8\u05d9\u05de\u05d9\u05d5\u05dd \u05e9\u05dc \u05d7\u05d1\u05e8\u05ea Glamour \u05d1\u05e2\u05dc \u05d9\u05db\u05d5\u05dc\u05ea \u05d4\u05d9\u05e6\u05de\u05d3\u05d5\u05ea \u05d2\u05d1\u05d5\u05d4. \u05d4\u05d2&#039;\u05dc \u05d1\u05e2\u05dc \u05e1\u05de\u05d9\u05db\u05d5\u05ea \u05d1\u05d9\u05e0\u05d5\u05e0\u05d9\u05ea \u05d4\u05de\u05d0\u05e4\u05e9\u05e8 \u05dc\u05e2\u05d1\u05d5\u05ea \u05d0\u05ea \u05d4\u05e6\u05d9\u05e4\u05d5\u05e8\u05df \u05d4\u05d8\u05d1\u05e2\u05d9\u05ea. \u05d1\u05e2\u05d6\u05e8\u05ea \u05d2&#039;\u05dc \u05d6\u05d4 \u05e0\u05d9\u05ea\u05df \u05dc\u05d9\u05d9\u05e9\u05e8 \u05d0\u05ea \u05de\u05e9\u05d8\u05d7 \u05d4\u05e6\u05d9\u05e4\u05d5\u05e8\u05df \u05e2\u05d3 \u05dc\u05de\u05e8\u05d0\u05d4 \u05de\u05d5\u05e9\u05dc\u05dd \u05d5\u05d7\u05dc\u05e7. \u05db\u05de\u05d5 \u05db\u05df \u05de\u05d5\u05de\u05dc\u05e5 \u05dc\u05d4\u05e9\u05ea\u05de\u05e9 \u05d1\u05d5 \u05db\u05e9\u05dc\u05d1 \u05e8\u05d0\u05e9\u05d5\u05df\/\u05d1\u05e1\u05d9\u05e1 \u05d1\u05db\u05dc \u05e9\u05d9\u05d8\u05d5\u05ea \u05d4\u05d2&#039;\u05dc (\u05dc\u05e7 \u05d2&#039;\u05dc, \u05d2&#039;\u05dc \u05d1\u05e0\u05d9\u05d4 \u05d5\u05e4\u05d5\u05dc\u05d9\u05d2&#039;\u05dc). \u05d1\u05e7\u05d1\u05d5\u05e7 17 \u05de&quot;\u05dc \u05db\u05dc \u05d4\u05d1\u05d9\u05d9\u05e1\u05d9\u05dd \u05e9\u05dc\u05e0\u05d5 \u05de\u05e6\u05e8\u05d9\u05db\u05d9\u05dd \u05d0\u05ea \u05d4\u05e4\u05e8\u05d9\u05d9\u05de\u05e8 \u05e9\u05dc \u05d2\u05dc\u05d0\u05de\u05d5\u05e8\" \/>\n<meta property=\"og:url\" content=\"https:\/\/glamourshop.co.il\/fr\/produit\/premium-base-17ml-glamour\/\" \/>\n<meta property=\"og:site_name\" content=\"\u05d2\u05dc\u05de\u05d5\u05e8 \u05e9\u05d5\u05e4\" \/>\n<meta property=\"article:publisher\" content=\"https:\/\/www.facebook.com\/GlamourShopProfessionalNails\" \/>\n<meta property=\"article:modified_time\" content=\"2026-04-09T08:46:44+00:00\" \/>\n<meta property=\"og:image\" content=\"https:\/\/glamourshop.co.il\/wp-content\/uploads\/2020\/08\/Base-Premium.jpg\" \/>\n\t<meta property=\"og:image:width\" content=\"512\" \/>\n\t<meta property=\"og:image:height\" content=\"512\" \/>\n\t<meta property=\"og:image:type\" content=\"image\/jpeg\" \/>\n<meta name=\"twitter:card\" content=\"summary_large_image\" \/>\n<meta name=\"twitter:label1\" content=\"Dur\u00e9e de lecture estim\u00e9e\" \/>\n\t<meta name=\"twitter:data1\" content=\"1 minute\" \/>\n<script type=\"application\/ld+json\" class=\"yoast-schema-graph\">{\"@context\":\"https:\/\/schema.org\",\"@graph\":[{\"@type\":[\"WebPage\",\"ItemPage\"],\"@id\":\"https:\/\/glamourshop.co.il\/product\/premium-base-17ml-glamour\/\",\"url\":\"https:\/\/glamourshop.co.il\/product\/premium-base-17ml-glamour\/\",\"name\":\"\u05d1\u05d9\u05d9\u05e1 \u05e4\u05e8\u05d9\u05de\u05d9\u05d5\u05dd 17 \u05de\\\"\u05dc - Glamour | Premium Base | \u05d2\u05dc\u05de\u05d5\u05e8 \u05e9\u05d5\u05e4\",\"isPartOf\":{\"@id\":\"https:\/\/glamourshop.co.il\/#website\"},\"primaryImageOfPage\":{\"@id\":\"https:\/\/glamourshop.co.il\/product\/premium-base-17ml-glamour\/#primaryimage\"},\"image\":{\"@id\":\"https:\/\/glamourshop.co.il\/product\/premium-base-17ml-glamour\/#primaryimage\"},\"thumbnailUrl\":\"https:\/\/glamourshop.co.il\/wp-content\/uploads\/2020\/08\/Base-Premium.jpg\",\"datePublished\":\"2020-08-20T10:54:34+00:00\",\"dateModified\":\"2026-04-09T08:46:44+00:00\",\"description\":\"\u05d2\u05dc \u05d1\u05e1\u05d9\u05e1 \u05e4\u05e8\u05d9\u05de\u05d9\u05d5\u05dd \u05e9\u05dc \u05d7\u05d1\u05e8\u05ea Glamour \u05d1\u05e2\u05dc \u05d9\u05db\u05d5\u05dc\u05ea \u05d4\u05d9\u05e6\u05de\u05d3\u05d5\u05ea \u05d2\u05d1\u05d5\u05d4. \u05d4\u05d2'\u05dc \u05d1\u05e2\u05dc \u05e1\u05de\u05d9\u05db\u05d5\u05ea \u05d1\u05d9\u05e0\u05d5\u05e0\u05d9\u05ea \u05d4\u05de\u05d0\u05e4\u05e9\u05e8 \u05dc\u05e2\u05d1\u05d5\u05ea \u05d0\u05ea \u05d4\u05e6\u05d9\u05e4\u05d5\u05e8\u05df \u05d4\u05d8\u05d1\u05e2\u05d9\u05ea. \u05d1\u05e2\u05d6\u05e8\u05ea \u05d2'\u05dc \u05d6\u05d4 \u05e0\u05d9\u05ea\u05df \u05dc\u05d9\u05d9\u05e9\u05e8 \u05d0\u05ea \u05de\u05e9\u05d8\u05d7 \u05d4\u05e6\u05d9\u05e4\u05d5\u05e8\u05df \u05e2\u05d3 \u05dc\u05de\u05e8\u05d0\u05d4 \u05de\u05d5\u05e9\u05dc\u05dd \u05d5\u05d7\u05dc\u05e7. \u05db\u05de\u05d5 \u05db\u05df \u05de\u05d5\u05de\u05dc\u05e5 \u05dc\u05d4\u05e9\u05ea\u05de\u05e9 \u05d1\u05d5 \u05db\u05e9\u05dc\u05d1 \u05e8\u05d0\u05e9\u05d5\u05df\/\u05d1\u05e1\u05d9\u05e1 \u05d1\u05db\u05dc \u05e9\u05d9\u05d8\u05d5\u05ea \u05d4\u05d2'\u05dc (\u05dc\u05e7 \u05d2'\u05dc, \u05d2'\u05dc \u05d1\u05e0\u05d9\u05d4 \u05d5\u05e4\u05d5\u05dc\u05d9\u05d2'\u05dc). \u05d1\u05e7\u05d1\u05d5\u05e7 17 \u05de\\\"\u05dc \u05db\u05dc \u05d4\u05d1\u05d9\u05d9\u05e1\u05d9\u05dd \u05e9\u05dc\u05e0\u05d5 \u05de\u05e6\u05e8\u05d9\u05db\u05d9\u05dd \u05d0\u05ea \u05d4\u05e4\u05e8\u05d9\u05d9\u05de\u05e8 \u05e9\u05dc \u05d2\u05dc\u05d0\u05de\u05d5\u05e8\",\"breadcrumb\":{\"@id\":\"https:\/\/glamourshop.co.il\/product\/premium-base-17ml-glamour\/#breadcrumb\"},\"inLanguage\":\"fr-FR\",\"potentialAction\":[{\"@type\":\"ReadAction\",\"target\":[\"https:\/\/glamourshop.co.il\/product\/premium-base-17ml-glamour\/\"]}]},{\"@type\":\"ImageObject\",\"inLanguage\":\"fr-FR\",\"@id\":\"https:\/\/glamourshop.co.il\/product\/premium-base-17ml-glamour\/#primaryimage\",\"url\":\"https:\/\/glamourshop.co.il\/wp-content\/uploads\/2020\/08\/Base-Premium.jpg\",\"contentUrl\":\"https:\/\/glamourshop.co.il\/wp-content\/uploads\/2020\/08\/Base-Premium.jpg\",\"width\":512,\"height\":512,\"caption\":\"Base Premium\"},{\"@type\":\"BreadcrumbList\",\"@id\":\"https:\/\/glamourshop.co.il\/product\/premium-base-17ml-glamour\/#breadcrumb\",\"itemListElement\":[{\"@type\":\"ListItem\",\"position\":1,\"name\":\"\u05d3\u05e3 \u05d4\u05d1\u05d9\u05ea\",\"item\":\"https:\/\/glamourshop.co.il\/\"},{\"@type\":\"ListItem\",\"position\":2,\"name\":\"\u05de\u05d5\u05e6\u05e8\u05d9\u05dd\",\"item\":\"https:\/\/glamourshop.co.il\/shop\/\"},{\"@type\":\"ListItem\",\"position\":3,\"name\":\"\u05d1\u05d9\u05d9\u05e1 \u05e4\u05e8\u05d9\u05de\u05d9\u05d5\u05dd 17 \u05de&quot;\u05dc &#8211; Glamour | Premium Base\"}]},{\"@type\":\"WebSite\",\"@id\":\"https:\/\/glamourshop.co.il\/#website\",\"url\":\"https:\/\/glamourshop.co.il\/\",\"name\":\"\u05d2\u05dc\u05de\u05d5\u05e8 \u05e9\u05d5\u05e4\",\"description\":\"\u201c\u05d2\u05dc\u05de\u05d5\u05e8\u201d \u05d4\u05d9\u05e0\u05d5 \u05de\u05d5\u05ea\u05d2 \u05d9\u05e9\u05e8\u05d0\u05dc\u05d9 \u05d4\u05de\u05ea\u05de\u05d7\u05d4 \u05d1\u05d9\u05d9\u05e6\u05d5\u05e8 \u05d5\u05e9\u05d9\u05d5\u05d5\u05e7 \u05de\u05d5\u05e6\u05e8\u05d9 \u05d1\u05e0\u05d9\u05d9\u05ea \u05e6\u05d9\u05e4\u05d5\u05e8\u05e0\u05d9\u05d9\u05dd, \u05dc\u05e7 \u05d2\u2019\u05dc \u05d5\u05e6\u05d9\u05d5\u05d3 \u05dc\u05de\u05e0\u05d9\u05e7\u05d5\u05e8.\",\"publisher\":{\"@id\":\"https:\/\/glamourshop.co.il\/#organization\"},\"potentialAction\":[{\"@type\":\"SearchAction\",\"target\":{\"@type\":\"EntryPoint\",\"urlTemplate\":\"https:\/\/glamourshop.co.il\/?s={search_term_string}\"},\"query-input\":{\"@type\":\"PropertyValueSpecification\",\"valueRequired\":true,\"valueName\":\"search_term_string\"}}],\"inLanguage\":\"fr-FR\"},{\"@type\":\"Organization\",\"@id\":\"https:\/\/glamourshop.co.il\/#organization\",\"name\":\"Glamour Shop\",\"url\":\"https:\/\/glamourshop.co.il\/\",\"logo\":{\"@type\":\"ImageObject\",\"inLanguage\":\"fr-FR\",\"@id\":\"https:\/\/glamourshop.co.il\/#\/schema\/logo\/image\/\",\"url\":\"https:\/\/glamourshop.co.il\/wp-content\/uploads\/2022\/04\/seo-logo.jpg\",\"contentUrl\":\"https:\/\/glamourshop.co.il\/wp-content\/uploads\/2022\/04\/seo-logo.jpg\",\"width\":1080,\"height\":631,\"caption\":\"Glamour Shop\"},\"image\":{\"@id\":\"https:\/\/glamourshop.co.il\/#\/schema\/logo\/image\/\"},\"sameAs\":[\"https:\/\/www.facebook.com\/GlamourShopProfessionalNails\",\"https:\/\/www.instagram.com\/glamour_professional_nails\/\"]}]}<\/script>\n<!-- \/ Yoast SEO plugin. -->","yoast_head_json":{"title":"\u05d1\u05d9\u05d9\u05e1 \u05e4\u05e8\u05d9\u05de\u05d9\u05d5\u05dd 17 \u05de\"\u05dc - Glamour | Premium Base | \u05d2\u05dc\u05de\u05d5\u05e8 \u05e9\u05d5\u05e4","description":"\u05d2\u05dc \u05d1\u05e1\u05d9\u05e1 \u05e4\u05e8\u05d9\u05de\u05d9\u05d5\u05dd \u05e9\u05dc \u05d7\u05d1\u05e8\u05ea Glamour \u05d1\u05e2\u05dc \u05d9\u05db\u05d5\u05dc\u05ea \u05d4\u05d9\u05e6\u05de\u05d3\u05d5\u05ea \u05d2\u05d1\u05d5\u05d4. \u05d4\u05d2'\u05dc \u05d1\u05e2\u05dc \u05e1\u05de\u05d9\u05db\u05d5\u05ea \u05d1\u05d9\u05e0\u05d5\u05e0\u05d9\u05ea \u05d4\u05de\u05d0\u05e4\u05e9\u05e8 \u05dc\u05e2\u05d1\u05d5\u05ea \u05d0\u05ea \u05d4\u05e6\u05d9\u05e4\u05d5\u05e8\u05df \u05d4\u05d8\u05d1\u05e2\u05d9\u05ea. \u05d1\u05e2\u05d6\u05e8\u05ea \u05d2'\u05dc \u05d6\u05d4 \u05e0\u05d9\u05ea\u05df \u05dc\u05d9\u05d9\u05e9\u05e8 \u05d0\u05ea \u05de\u05e9\u05d8\u05d7 \u05d4\u05e6\u05d9\u05e4\u05d5\u05e8\u05df \u05e2\u05d3 \u05dc\u05de\u05e8\u05d0\u05d4 \u05de\u05d5\u05e9\u05dc\u05dd \u05d5\u05d7\u05dc\u05e7. \u05db\u05de\u05d5 \u05db\u05df \u05de\u05d5\u05de\u05dc\u05e5 \u05dc\u05d4\u05e9\u05ea\u05de\u05e9 \u05d1\u05d5 \u05db\u05e9\u05dc\u05d1 \u05e8\u05d0\u05e9\u05d5\u05df\/\u05d1\u05e1\u05d9\u05e1 \u05d1\u05db\u05dc \u05e9\u05d9\u05d8\u05d5\u05ea \u05d4\u05d2'\u05dc (\u05dc\u05e7 \u05d2'\u05dc, \u05d2'\u05dc \u05d1\u05e0\u05d9\u05d4 \u05d5\u05e4\u05d5\u05dc\u05d9\u05d2'\u05dc). \u05d1\u05e7\u05d1\u05d5\u05e7 17 \u05de\"\u05dc \u05db\u05dc \u05d4\u05d1\u05d9\u05d9\u05e1\u05d9\u05dd \u05e9\u05dc\u05e0\u05d5 \u05de\u05e6\u05e8\u05d9\u05db\u05d9\u05dd \u05d0\u05ea \u05d4\u05e4\u05e8\u05d9\u05d9\u05de\u05e8 \u05e9\u05dc \u05d2\u05dc\u05d0\u05de\u05d5\u05e8","robots":{"index":"index","follow":"follow","max-snippet":"max-snippet:-1","max-image-preview":"max-image-preview:large","max-video-preview":"max-video-preview:-1"},"canonical":"https:\/\/glamourshop.co.il\/fr\/produit\/premium-base-17ml-glamour\/","og_locale":"fr_FR","og_type":"article","og_title":"\u05d1\u05d9\u05d9\u05e1 \u05e4\u05e8\u05d9\u05de\u05d9\u05d5\u05dd 17 \u05de\"\u05dc - Glamour | Premium Base | \u05d2\u05dc\u05de\u05d5\u05e8 \u05e9\u05d5\u05e4","og_description":"\u05d2\u05dc \u05d1\u05e1\u05d9\u05e1 \u05e4\u05e8\u05d9\u05de\u05d9\u05d5\u05dd \u05e9\u05dc \u05d7\u05d1\u05e8\u05ea Glamour \u05d1\u05e2\u05dc \u05d9\u05db\u05d5\u05dc\u05ea \u05d4\u05d9\u05e6\u05de\u05d3\u05d5\u05ea \u05d2\u05d1\u05d5\u05d4. \u05d4\u05d2'\u05dc \u05d1\u05e2\u05dc \u05e1\u05de\u05d9\u05db\u05d5\u05ea \u05d1\u05d9\u05e0\u05d5\u05e0\u05d9\u05ea \u05d4\u05de\u05d0\u05e4\u05e9\u05e8 \u05dc\u05e2\u05d1\u05d5\u05ea \u05d0\u05ea \u05d4\u05e6\u05d9\u05e4\u05d5\u05e8\u05df \u05d4\u05d8\u05d1\u05e2\u05d9\u05ea. \u05d1\u05e2\u05d6\u05e8\u05ea \u05d2'\u05dc \u05d6\u05d4 \u05e0\u05d9\u05ea\u05df \u05dc\u05d9\u05d9\u05e9\u05e8 \u05d0\u05ea \u05de\u05e9\u05d8\u05d7 \u05d4\u05e6\u05d9\u05e4\u05d5\u05e8\u05df \u05e2\u05d3 \u05dc\u05de\u05e8\u05d0\u05d4 \u05de\u05d5\u05e9\u05dc\u05dd \u05d5\u05d7\u05dc\u05e7. \u05db\u05de\u05d5 \u05db\u05df \u05de\u05d5\u05de\u05dc\u05e5 \u05dc\u05d4\u05e9\u05ea\u05de\u05e9 \u05d1\u05d5 \u05db\u05e9\u05dc\u05d1 \u05e8\u05d0\u05e9\u05d5\u05df\/\u05d1\u05e1\u05d9\u05e1 \u05d1\u05db\u05dc \u05e9\u05d9\u05d8\u05d5\u05ea \u05d4\u05d2'\u05dc (\u05dc\u05e7 \u05d2'\u05dc, \u05d2'\u05dc \u05d1\u05e0\u05d9\u05d4 \u05d5\u05e4\u05d5\u05dc\u05d9\u05d2'\u05dc). \u05d1\u05e7\u05d1\u05d5\u05e7 17 \u05de\"\u05dc \u05db\u05dc \u05d4\u05d1\u05d9\u05d9\u05e1\u05d9\u05dd \u05e9\u05dc\u05e0\u05d5 \u05de\u05e6\u05e8\u05d9\u05db\u05d9\u05dd \u05d0\u05ea \u05d4\u05e4\u05e8\u05d9\u05d9\u05de\u05e8 \u05e9\u05dc \u05d2\u05dc\u05d0\u05de\u05d5\u05e8","og_url":"https:\/\/glamourshop.co.il\/fr\/produit\/premium-base-17ml-glamour\/","og_site_name":"\u05d2\u05dc\u05de\u05d5\u05e8 \u05e9\u05d5\u05e4","article_publisher":"https:\/\/www.facebook.com\/GlamourShopProfessionalNails","article_modified_time":"2026-04-09T08:46:44+00:00","og_image":[{"width":512,"height":512,"url":"https:\/\/glamourshop.co.il\/wp-content\/uploads\/2020\/08\/Base-Premium.jpg","type":"image\/jpeg"}],"twitter_card":"summary_large_image","twitter_misc":{"Dur\u00e9e de lecture estim\u00e9e":"1 minute"},"schema":{"@context":"https:\/\/schema.org","@graph":[{"@type":["WebPage","ItemPage"],"@id":"https:\/\/glamourshop.co.il\/product\/premium-base-17ml-glamour\/","url":"https:\/\/glamourshop.co.il\/product\/premium-base-17ml-glamour\/","name":"\u05d1\u05d9\u05d9\u05e1 \u05e4\u05e8\u05d9\u05de\u05d9\u05d5\u05dd 17 \u05de\"\u05dc - Glamour | Premium Base | \u05d2\u05dc\u05de\u05d5\u05e8 \u05e9\u05d5\u05e4","isPartOf":{"@id":"https:\/\/glamourshop.co.il\/#website"},"primaryImageOfPage":{"@id":"https:\/\/glamourshop.co.il\/product\/premium-base-17ml-glamour\/#primaryimage"},"image":{"@id":"https:\/\/glamourshop.co.il\/product\/premium-base-17ml-glamour\/#primaryimage"},"thumbnailUrl":"https:\/\/glamourshop.co.il\/wp-content\/uploads\/2020\/08\/Base-Premium.jpg","datePublished":"2020-08-20T10:54:34+00:00","dateModified":"2026-04-09T08:46:44+00:00","description":"\u05d2\u05dc \u05d1\u05e1\u05d9\u05e1 \u05e4\u05e8\u05d9\u05de\u05d9\u05d5\u05dd \u05e9\u05dc \u05d7\u05d1\u05e8\u05ea Glamour \u05d1\u05e2\u05dc \u05d9\u05db\u05d5\u05dc\u05ea \u05d4\u05d9\u05e6\u05de\u05d3\u05d5\u05ea \u05d2\u05d1\u05d5\u05d4. \u05d4\u05d2'\u05dc \u05d1\u05e2\u05dc \u05e1\u05de\u05d9\u05db\u05d5\u05ea \u05d1\u05d9\u05e0\u05d5\u05e0\u05d9\u05ea \u05d4\u05de\u05d0\u05e4\u05e9\u05e8 \u05dc\u05e2\u05d1\u05d5\u05ea \u05d0\u05ea \u05d4\u05e6\u05d9\u05e4\u05d5\u05e8\u05df \u05d4\u05d8\u05d1\u05e2\u05d9\u05ea. \u05d1\u05e2\u05d6\u05e8\u05ea \u05d2'\u05dc \u05d6\u05d4 \u05e0\u05d9\u05ea\u05df \u05dc\u05d9\u05d9\u05e9\u05e8 \u05d0\u05ea \u05de\u05e9\u05d8\u05d7 \u05d4\u05e6\u05d9\u05e4\u05d5\u05e8\u05df \u05e2\u05d3 \u05dc\u05de\u05e8\u05d0\u05d4 \u05de\u05d5\u05e9\u05dc\u05dd \u05d5\u05d7\u05dc\u05e7. \u05db\u05de\u05d5 \u05db\u05df \u05de\u05d5\u05de\u05dc\u05e5 \u05dc\u05d4\u05e9\u05ea\u05de\u05e9 \u05d1\u05d5 \u05db\u05e9\u05dc\u05d1 \u05e8\u05d0\u05e9\u05d5\u05df\/\u05d1\u05e1\u05d9\u05e1 \u05d1\u05db\u05dc \u05e9\u05d9\u05d8\u05d5\u05ea \u05d4\u05d2'\u05dc (\u05dc\u05e7 \u05d2'\u05dc, \u05d2'\u05dc \u05d1\u05e0\u05d9\u05d4 \u05d5\u05e4\u05d5\u05dc\u05d9\u05d2'\u05dc). \u05d1\u05e7\u05d1\u05d5\u05e7 17 \u05de\"\u05dc \u05db\u05dc \u05d4\u05d1\u05d9\u05d9\u05e1\u05d9\u05dd \u05e9\u05dc\u05e0\u05d5 \u05de\u05e6\u05e8\u05d9\u05db\u05d9\u05dd \u05d0\u05ea \u05d4\u05e4\u05e8\u05d9\u05d9\u05de\u05e8 \u05e9\u05dc \u05d2\u05dc\u05d0\u05de\u05d5\u05e8","breadcrumb":{"@id":"https:\/\/glamourshop.co.il\/product\/premium-base-17ml-glamour\/#breadcrumb"},"inLanguage":"fr-FR","potentialAction":[{"@type":"ReadAction","target":["https:\/\/glamourshop.co.il\/product\/premium-base-17ml-glamour\/"]}]},{"@type":"ImageObject","inLanguage":"fr-FR","@id":"https:\/\/glamourshop.co.il\/product\/premium-base-17ml-glamour\/#primaryimage","url":"https:\/\/glamourshop.co.il\/wp-content\/uploads\/2020\/08\/Base-Premium.jpg","contentUrl":"https:\/\/glamourshop.co.il\/wp-content\/uploads\/2020\/08\/Base-Premium.jpg","width":512,"height":512,"caption":"Base Premium"},{"@type":"BreadcrumbList","@id":"https:\/\/glamourshop.co.il\/product\/premium-base-17ml-glamour\/#breadcrumb","itemListElement":[{"@type":"ListItem","position":1,"name":"\u05d3\u05e3 \u05d4\u05d1\u05d9\u05ea","item":"https:\/\/glamourshop.co.il\/"},{"@type":"ListItem","position":2,"name":"\u05de\u05d5\u05e6\u05e8\u05d9\u05dd","item":"https:\/\/glamourshop.co.il\/shop\/"},{"@type":"ListItem","position":3,"name":"\u05d1\u05d9\u05d9\u05e1 \u05e4\u05e8\u05d9\u05de\u05d9\u05d5\u05dd 17 \u05de&quot;\u05dc &#8211; Glamour | Premium Base"}]},{"@type":"WebSite","@id":"https:\/\/glamourshop.co.il\/#website","url":"https:\/\/glamourshop.co.il\/","name":"Galmore Shop","description":"\u201c Galmor \u201d est une marque isra\u00e9lienne sp\u00e9cialis\u00e9e dans la fabrication et la commercialisation de produits pour la construction d'ongles, de vernis gel et d'\u00e9quipements pour manucure.","publisher":{"@id":"https:\/\/glamourshop.co.il\/#organization"},"potentialAction":[{"@type":"SearchAction","target":{"@type":"EntryPoint","urlTemplate":"https:\/\/glamourshop.co.il\/?s={search_term_string}"},"query-input":{"@type":"PropertyValueSpecification","valueRequired":true,"valueName":"search_term_string"}}],"inLanguage":"fr-FR"},{"@type":"Organization","@id":"https:\/\/glamourshop.co.il\/#organization","name":"Boutique Glamour","url":"https:\/\/glamourshop.co.il\/","logo":{"@type":"ImageObject","inLanguage":"fr-FR","@id":"https:\/\/glamourshop.co.il\/#\/schema\/logo\/image\/","url":"https:\/\/glamourshop.co.il\/wp-content\/uploads\/2022\/04\/seo-logo.jpg","contentUrl":"https:\/\/glamourshop.co.il\/wp-content\/uploads\/2022\/04\/seo-logo.jpg","width":1080,"height":631,"caption":"Glamour Shop"},"image":{"@id":"https:\/\/glamourshop.co.il\/#\/schema\/logo\/image\/"},"sameAs":["https:\/\/www.facebook.com\/GlamourShopProfessionalNails","https:\/\/www.instagram.com\/glamour_professional_nails\/"]}]}},"uagb_featured_image_src":{"full":["https:\/\/glamourshop.co.il\/wp-content\/uploads\/2020\/08\/Base-Premium.jpg",512,512,false],"thumbnail":["https:\/\/glamourshop.co.il\/wp-content\/uploads\/2020\/08\/Base-Premium-300x300.jpg",300,300,true],"medium":["https:\/\/glamourshop.co.il\/wp-content\/uploads\/2020\/08\/Base-Premium-400x400.jpg",400,400,true],"medium_large":["https:\/\/glamourshop.co.il\/wp-content\/uploads\/2020\/08\/Base-Premium.jpg",512,512,false],"large":["https:\/\/glamourshop.co.il\/wp-content\/uploads\/2020\/08\/Base-Premium.jpg",512,512,false],"1536x1536":["https:\/\/glamourshop.co.il\/wp-content\/uploads\/2020\/08\/Base-Premium.jpg",512,512,false],"2048x2048":["https:\/\/glamourshop.co.il\/wp-content\/uploads\/2020\/08\/Base-Premium.jpg",512,512,false],"trp-custom-language-flag":["https:\/\/glamourshop.co.il\/wp-content\/uploads\/2020\/08\/Base-Premium.jpg",12,12,false],"icon":["https:\/\/glamourshop.co.il\/wp-content\/uploads\/2020\/08\/Base-Premium.jpg",512,512,false],"oc-product-thumbnail":["https:\/\/glamourshop.co.il\/wp-content\/uploads\/2020\/08\/Base-Premium.jpg",149,149,false],"oc-product-single-image":["https:\/\/glamourshop.co.il\/wp-content\/uploads\/2020\/08\/Base-Premium.jpg",512,512,false],"oc-product-archive-thumbnail":["https:\/\/glamourshop.co.il\/wp-content\/uploads\/2020\/08\/Base-Premium.jpg",422,422,false],"woocommerce_thumbnail":["https:\/\/glamourshop.co.il\/wp-content\/uploads\/2020\/08\/Base-Premium-500x500.jpg",500,500,true],"woocommerce_single":["https:\/\/glamourshop.co.il\/wp-content\/uploads\/2020\/08\/Base-Premium.jpg",512,512,false],"woocommerce_gallery_thumbnail":["https:\/\/glamourshop.co.il\/wp-content\/uploads\/2020\/08\/Base-Premium-100x100.jpg",100,100,true]},"uagb_author_info":{"display_name":"\u05e0\u05d9\u05e1\u05df \u05de\u05d9\u05db\u05d0\u05dc\u05d5\u05d1","author_link":"https:\/\/glamourshop.co.il\/fr\/author\/"},"uagb_comment_info":0,"uagb_excerpt":"\u05d2\u05dc \u05d1\u05e1\u05d9\u05e1 \u05e4\u05e8\u05d9\u05de\u05d9\u05d5\u05dd \u05e9\u05dc \u05d7\u05d1\u05e8\u05ea Glamour \u05d1\u05e2\u05dc \u05d9\u05db\u05d5\u05dc\u05ea \u05d4\u05d9\u05e6\u05de\u05d3\u05d5\u05ea \u05d2\u05d1\u05d5\u05d4. \u05d4\u05d2'\u05dc \u05d1\u05e2\u05dc \u05e1\u05de\u05d9\u05db\u05d5\u05ea \u05d1\u05d9\u05e0\u05d5\u05e0\u05d9\u05ea \u05d4\u05de\u05d0\u05e4\u05e9\u05e8 \u05dc\u05e2\u05d1\u05d5\u05ea \u05d0\u05ea \u05d4\u05e6\u05d9\u05e4\u05d5\u05e8\u05df \u05d4\u05d8\u05d1\u05e2\u05d9\u05ea. \u05d1\u05e2\u05d6\u05e8\u05ea \u05d2'\u05dc \u05d6\u05d4 \u05e0\u05d9\u05ea\u05df \u05dc\u05d9\u05d9\u05e9\u05e8 \u05d0\u05ea \u05de\u05e9\u05d8\u05d7 \u05d4\u05e6\u05d9\u05e4\u05d5\u05e8\u05df \u05e2\u05d3 \u05dc\u05de\u05e8\u05d0\u05d4 \u05de\u05d5\u05e9\u05dc\u05dd \u05d5\u05d7\u05dc\u05e7. \u05db\u05de\u05d5 \u05db\u05df \u05de\u05d5\u05de\u05dc\u05e5 \u05dc\u05d4\u05e9\u05ea\u05de\u05e9 \u05d1\u05d5 \u05db\u05e9\u05dc\u05d1 \u05e8\u05d0\u05e9\u05d5\u05df\/\u05d1\u05e1\u05d9\u05e1 \u05d1\u05db\u05dc \u05e9\u05d9\u05d8\u05d5\u05ea \u05d4\u05d2'\u05dc (\u05dc\u05e7 \u05d2'\u05dc, \u05d2'\u05dc \u05d1\u05e0\u05d9\u05d4 \u05d5\u05e4\u05d5\u05dc\u05d9\u05d2'\u05dc). \u05d1\u05e7\u05d1\u05d5\u05e7 17 \u05de\"\u05dc \u05db\u05dc \u05d4\u05d1\u05d9\u05d9\u05e1\u05d9\u05dd \u05e9\u05dc\u05e0\u05d5 \u05de\u05e6\u05e8\u05d9\u05db\u05d9\u05dd \u05d0\u05ea \u05d4\u05e4\u05e8\u05d9\u05d9\u05de\u05e8\u2026","_links":{"self":[{"href":"https:\/\/glamourshop.co.il\/fr\/wp-json\/wp\/v2\/product\/728","targetHints":{"allow":["GET"]}}],"collection":[{"href":"https:\/\/glamourshop.co.il\/fr\/wp-json\/wp\/v2\/product"}],"about":[{"href":"https:\/\/glamourshop.co.il\/fr\/wp-json\/wp\/v2\/types\/product"}],"replies":[{"embeddable":true,"href":"https:\/\/glamourshop.co.il\/fr\/wp-json\/wp\/v2\/comments?post=728"}],"wp:featuredmedia":[{"embeddable":true,"href":"https:\/\/glamourshop.co.il\/fr\/wp-json\/wp\/v2\/media\/6605"}],"wp:attachment":[{"href":"https:\/\/glamourshop.co.il\/fr\/wp-json\/wp\/v2\/media?parent=728"}],"wp:term":[{"taxonomy":"product_brand","embeddable":true,"href":"https:\/\/glamourshop.co.il\/fr\/wp-json\/wp\/v2\/product_brand?post=728"},{"taxonomy":"product_cat","embeddable":true,"href":"https:\/\/glamourshop.co.il\/fr\/wp-json\/wp\/v2\/product_cat?post=728"},{"taxonomy":"product_tag","embeddable":true,"href":"https:\/\/glamourshop.co.il\/fr\/wp-json\/wp\/v2\/product_tag?post=728"}],"curies":[{"name":"wp","href":"https:\/\/api.w.org\/{rel}","templated":true}]}}