
{"id":7708,"date":"2022-01-10T18:26:17","date_gmt":"2022-01-10T16:26:17","guid":{"rendered":"https:\/\/devbee1.glamourshop.co.il.bee1.cloud\/?post_type=product&#038;p=7708"},"modified":"2026-04-08T02:32:44","modified_gmt":"2026-04-07T23:32:44","slug":"transparent-silicone-stamp-plate","status":"publish","type":"product","link":"https:\/\/glamourshop.co.il\/fr\/produit\/transparent-silicone-stamp-plate\/","title":{"rendered":"Tampon en silicone transparent + plaque"},"content":{"rendered":"","protected":false},"excerpt":{"rendered":"<p>Tampon en silicone transparent + plaque<\/p>","protected":false},"featured_media":21630,"comment_status":"open","ping_status":"closed","template":"","meta":{"_uag_custom_page_level_css":""},"product_brand":[],"product_cat":[158,142],"product_tag":[157,76,321,430,424,422,419,175,186],"class_list":{"0":"post-7708","1":"product","2":"type-product","3":"status-publish","4":"has-post-thumbnail","6":"product_cat-manicure-accessories","7":"product_cat-polish-builder-accessories","8":"product_tag-acrygel","9":"product_tag-nail-construction","10":"product_tag-tools","11":"product_tag-utilities","12":"product_tag-manicure-aids","13":"product_tag-manicure-tools","14":"product_tag-nail-tools","15":"product_tag-related-products","16":"product_tag-gel-painting","17":"desktop","19":"first","20":"instock","21":"sale","22":"shipping-taxable","23":"purchasable","24":"product-type-simple"},"acf":[],"yoast_head":"<!-- This site is optimized with the Yoast SEO plugin v26.0 - https:\/\/yoast.com\/wordpress\/plugins\/seo\/ -->\n<title>\u05d7\u05d5\u05ea\u05de\u05ea \u05e1\u05d9\u05dc\u05d9\u05e7\u05d5\u05df \u05e9\u05e7\u05d5\u05e4\u05d4 + \u05dc\u05d5\u05d7\u05d9\u05ea | \u05d2\u05dc\u05de\u05d5\u05e8 \u05e9\u05d5\u05e4<\/title>\n<meta name=\"description\" content=\"\u05d7\u05d5\u05ea\u05de\u05ea \u05e1\u05d9\u05dc\u05d9\u05e7\u05d5\u05df \u05e9\u05e7\u05d5\u05e4\u05d4 + \u05dc\u05d5\u05d7\u05d9\u05ea\" \/>\n<meta name=\"robots\" content=\"index, follow, max-snippet:-1, max-image-preview:large, max-video-preview:-1\" \/>\n<link rel=\"canonical\" href=\"https:\/\/glamourshop.co.il\/fr\/produit\/transparent-silicone-stamp-plate\/\" \/>\n<meta property=\"og:locale\" content=\"fr_FR\" \/>\n<meta property=\"og:type\" content=\"article\" \/>\n<meta property=\"og:title\" content=\"\u05d7\u05d5\u05ea\u05de\u05ea \u05e1\u05d9\u05dc\u05d9\u05e7\u05d5\u05df \u05e9\u05e7\u05d5\u05e4\u05d4 + \u05dc\u05d5\u05d7\u05d9\u05ea | \u05d2\u05dc\u05de\u05d5\u05e8 \u05e9\u05d5\u05e4\" \/>\n<meta property=\"og:description\" content=\"\u05d7\u05d5\u05ea\u05de\u05ea \u05e1\u05d9\u05dc\u05d9\u05e7\u05d5\u05df \u05e9\u05e7\u05d5\u05e4\u05d4 + \u05dc\u05d5\u05d7\u05d9\u05ea\" \/>\n<meta property=\"og:url\" content=\"https:\/\/glamourshop.co.il\/fr\/produit\/transparent-silicone-stamp-plate\/\" \/>\n<meta property=\"og:site_name\" content=\"\u05d2\u05dc\u05de\u05d5\u05e8 \u05e9\u05d5\u05e4\" \/>\n<meta property=\"article:publisher\" content=\"https:\/\/www.facebook.com\/GlamourShopProfessionalNails\" \/>\n<meta property=\"article:modified_time\" content=\"2026-04-07T23:32:44+00:00\" \/>\n<meta property=\"og:image\" content=\"https:\/\/glamourshop.co.il\/wp-content\/uploads\/2023\/08\/\u05d7\u05d5\u05ea\u05de\u05ea-\u05e1\u05d9\u05dc\u05d9\u05e7\u05d5\u05df-\u05e9\u05e7\u05d5\u05e4\u05d4\u05dc\u05d5\u05d7\u05d9\u05ea.jpg\" \/>\n\t<meta property=\"og:image:width\" content=\"810\" \/>\n\t<meta property=\"og:image:height\" content=\"810\" \/>\n\t<meta property=\"og:image:type\" content=\"image\/jpeg\" \/>\n<meta name=\"twitter:card\" content=\"summary_large_image\" \/>\n<script type=\"application\/ld+json\" class=\"yoast-schema-graph\">{\"@context\":\"https:\/\/schema.org\",\"@graph\":[{\"@type\":[\"WebPage\",\"ItemPage\"],\"@id\":\"https:\/\/glamourshop.co.il\/product\/transparent-silicone-stamp-plate\/\",\"url\":\"https:\/\/glamourshop.co.il\/product\/transparent-silicone-stamp-plate\/\",\"name\":\"\u05d7\u05d5\u05ea\u05de\u05ea \u05e1\u05d9\u05dc\u05d9\u05e7\u05d5\u05df \u05e9\u05e7\u05d5\u05e4\u05d4 + \u05dc\u05d5\u05d7\u05d9\u05ea | \u05d2\u05dc\u05de\u05d5\u05e8 \u05e9\u05d5\u05e4\",\"isPartOf\":{\"@id\":\"https:\/\/glamourshop.co.il\/#website\"},\"primaryImageOfPage\":{\"@id\":\"https:\/\/glamourshop.co.il\/product\/transparent-silicone-stamp-plate\/#primaryimage\"},\"image\":{\"@id\":\"https:\/\/glamourshop.co.il\/product\/transparent-silicone-stamp-plate\/#primaryimage\"},\"thumbnailUrl\":\"https:\/\/glamourshop.co.il\/wp-content\/uploads\/2023\/08\/\u05d7\u05d5\u05ea\u05de\u05ea-\u05e1\u05d9\u05dc\u05d9\u05e7\u05d5\u05df-\u05e9\u05e7\u05d5\u05e4\u05d4\u05dc\u05d5\u05d7\u05d9\u05ea.jpg\",\"datePublished\":\"2022-01-10T16:26:17+00:00\",\"dateModified\":\"2026-04-07T23:32:44+00:00\",\"description\":\"\u05d7\u05d5\u05ea\u05de\u05ea \u05e1\u05d9\u05dc\u05d9\u05e7\u05d5\u05df \u05e9\u05e7\u05d5\u05e4\u05d4 + \u05dc\u05d5\u05d7\u05d9\u05ea\",\"breadcrumb\":{\"@id\":\"https:\/\/glamourshop.co.il\/product\/transparent-silicone-stamp-plate\/#breadcrumb\"},\"inLanguage\":\"fr-FR\",\"potentialAction\":[{\"@type\":\"ReadAction\",\"target\":[\"https:\/\/glamourshop.co.il\/product\/transparent-silicone-stamp-plate\/\"]}]},{\"@type\":\"ImageObject\",\"inLanguage\":\"fr-FR\",\"@id\":\"https:\/\/glamourshop.co.il\/product\/transparent-silicone-stamp-plate\/#primaryimage\",\"url\":\"https:\/\/glamourshop.co.il\/wp-content\/uploads\/2023\/08\/\u05d7\u05d5\u05ea\u05de\u05ea-\u05e1\u05d9\u05dc\u05d9\u05e7\u05d5\u05df-\u05e9\u05e7\u05d5\u05e4\u05d4\u05dc\u05d5\u05d7\u05d9\u05ea.jpg\",\"contentUrl\":\"https:\/\/glamourshop.co.il\/wp-content\/uploads\/2023\/08\/\u05d7\u05d5\u05ea\u05de\u05ea-\u05e1\u05d9\u05dc\u05d9\u05e7\u05d5\u05df-\u05e9\u05e7\u05d5\u05e4\u05d4\u05dc\u05d5\u05d7\u05d9\u05ea.jpg\",\"width\":810,\"height\":810,\"caption\":\"\u05e1\u05d9\u05dc\u05d9\u05e7\u05d5\u05df \u05e9\u05e7\u05d5\u05e4\u05d4\u05dc\u05d5\u05d7\u05d9\u05ea\"},{\"@type\":\"BreadcrumbList\",\"@id\":\"https:\/\/glamourshop.co.il\/product\/transparent-silicone-stamp-plate\/#breadcrumb\",\"itemListElement\":[{\"@type\":\"ListItem\",\"position\":1,\"name\":\"\u05d3\u05e3 \u05d4\u05d1\u05d9\u05ea\",\"item\":\"https:\/\/glamourshop.co.il\/\"},{\"@type\":\"ListItem\",\"position\":2,\"name\":\"\u05de\u05d5\u05e6\u05e8\u05d9\u05dd\",\"item\":\"https:\/\/glamourshop.co.il\/shop\/\"},{\"@type\":\"ListItem\",\"position\":3,\"name\":\"\u05d7\u05d5\u05ea\u05de\u05ea \u05e1\u05d9\u05dc\u05d9\u05e7\u05d5\u05df \u05e9\u05e7\u05d5\u05e4\u05d4 + \u05dc\u05d5\u05d7\u05d9\u05ea\"}]},{\"@type\":\"WebSite\",\"@id\":\"https:\/\/glamourshop.co.il\/#website\",\"url\":\"https:\/\/glamourshop.co.il\/\",\"name\":\"\u05d2\u05dc\u05de\u05d5\u05e8 \u05e9\u05d5\u05e4\",\"description\":\"\u201c\u05d2\u05dc\u05de\u05d5\u05e8\u201d \u05d4\u05d9\u05e0\u05d5 \u05de\u05d5\u05ea\u05d2 \u05d9\u05e9\u05e8\u05d0\u05dc\u05d9 \u05d4\u05de\u05ea\u05de\u05d7\u05d4 \u05d1\u05d9\u05d9\u05e6\u05d5\u05e8 \u05d5\u05e9\u05d9\u05d5\u05d5\u05e7 \u05de\u05d5\u05e6\u05e8\u05d9 \u05d1\u05e0\u05d9\u05d9\u05ea \u05e6\u05d9\u05e4\u05d5\u05e8\u05e0\u05d9\u05d9\u05dd, \u05dc\u05e7 \u05d2\u2019\u05dc \u05d5\u05e6\u05d9\u05d5\u05d3 \u05dc\u05de\u05e0\u05d9\u05e7\u05d5\u05e8.\",\"publisher\":{\"@id\":\"https:\/\/glamourshop.co.il\/#organization\"},\"potentialAction\":[{\"@type\":\"SearchAction\",\"target\":{\"@type\":\"EntryPoint\",\"urlTemplate\":\"https:\/\/glamourshop.co.il\/?s={search_term_string}\"},\"query-input\":{\"@type\":\"PropertyValueSpecification\",\"valueRequired\":true,\"valueName\":\"search_term_string\"}}],\"inLanguage\":\"fr-FR\"},{\"@type\":\"Organization\",\"@id\":\"https:\/\/glamourshop.co.il\/#organization\",\"name\":\"Glamour Shop\",\"url\":\"https:\/\/glamourshop.co.il\/\",\"logo\":{\"@type\":\"ImageObject\",\"inLanguage\":\"fr-FR\",\"@id\":\"https:\/\/glamourshop.co.il\/#\/schema\/logo\/image\/\",\"url\":\"https:\/\/glamourshop.co.il\/wp-content\/uploads\/2022\/04\/seo-logo.jpg\",\"contentUrl\":\"https:\/\/glamourshop.co.il\/wp-content\/uploads\/2022\/04\/seo-logo.jpg\",\"width\":1080,\"height\":631,\"caption\":\"Glamour Shop\"},\"image\":{\"@id\":\"https:\/\/glamourshop.co.il\/#\/schema\/logo\/image\/\"},\"sameAs\":[\"https:\/\/www.facebook.com\/GlamourShopProfessionalNails\",\"https:\/\/www.instagram.com\/glamour_professional_nails\/\"]}]}<\/script>\n<!-- \/ Yoast SEO plugin. -->","yoast_head_json":{"title":"\u05d7\u05d5\u05ea\u05de\u05ea \u05e1\u05d9\u05dc\u05d9\u05e7\u05d5\u05df \u05e9\u05e7\u05d5\u05e4\u05d4 + \u05dc\u05d5\u05d7\u05d9\u05ea | \u05d2\u05dc\u05de\u05d5\u05e8 \u05e9\u05d5\u05e4","description":"Tampon en silicone transparent + plaque","robots":{"index":"index","follow":"follow","max-snippet":"max-snippet:-1","max-image-preview":"max-image-preview:large","max-video-preview":"max-video-preview:-1"},"canonical":"https:\/\/glamourshop.co.il\/fr\/produit\/transparent-silicone-stamp-plate\/","og_locale":"fr_FR","og_type":"article","og_title":"\u05d7\u05d5\u05ea\u05de\u05ea \u05e1\u05d9\u05dc\u05d9\u05e7\u05d5\u05df \u05e9\u05e7\u05d5\u05e4\u05d4 + \u05dc\u05d5\u05d7\u05d9\u05ea | \u05d2\u05dc\u05de\u05d5\u05e8 \u05e9\u05d5\u05e4","og_description":"\u05d7\u05d5\u05ea\u05de\u05ea \u05e1\u05d9\u05dc\u05d9\u05e7\u05d5\u05df \u05e9\u05e7\u05d5\u05e4\u05d4 + \u05dc\u05d5\u05d7\u05d9\u05ea","og_url":"https:\/\/glamourshop.co.il\/fr\/produit\/transparent-silicone-stamp-plate\/","og_site_name":"\u05d2\u05dc\u05de\u05d5\u05e8 \u05e9\u05d5\u05e4","article_publisher":"https:\/\/www.facebook.com\/GlamourShopProfessionalNails","article_modified_time":"2026-04-07T23:32:44+00:00","og_image":[{"width":810,"height":810,"url":"https:\/\/glamourshop.co.il\/wp-content\/uploads\/2023\/08\/\u05d7\u05d5\u05ea\u05de\u05ea-\u05e1\u05d9\u05dc\u05d9\u05e7\u05d5\u05df-\u05e9\u05e7\u05d5\u05e4\u05d4\u05dc\u05d5\u05d7\u05d9\u05ea.jpg","type":"image\/jpeg"}],"twitter_card":"summary_large_image","schema":{"@context":"https:\/\/schema.org","@graph":[{"@type":["WebPage","ItemPage"],"@id":"https:\/\/glamourshop.co.il\/product\/transparent-silicone-stamp-plate\/","url":"https:\/\/glamourshop.co.il\/product\/transparent-silicone-stamp-plate\/","name":"\u05d7\u05d5\u05ea\u05de\u05ea \u05e1\u05d9\u05dc\u05d9\u05e7\u05d5\u05df \u05e9\u05e7\u05d5\u05e4\u05d4 + \u05dc\u05d5\u05d7\u05d9\u05ea | \u05d2\u05dc\u05de\u05d5\u05e8 \u05e9\u05d5\u05e4","isPartOf":{"@id":"https:\/\/glamourshop.co.il\/#website"},"primaryImageOfPage":{"@id":"https:\/\/glamourshop.co.il\/product\/transparent-silicone-stamp-plate\/#primaryimage"},"image":{"@id":"https:\/\/glamourshop.co.il\/product\/transparent-silicone-stamp-plate\/#primaryimage"},"thumbnailUrl":"https:\/\/glamourshop.co.il\/wp-content\/uploads\/2023\/08\/\u05d7\u05d5\u05ea\u05de\u05ea-\u05e1\u05d9\u05dc\u05d9\u05e7\u05d5\u05df-\u05e9\u05e7\u05d5\u05e4\u05d4\u05dc\u05d5\u05d7\u05d9\u05ea.jpg","datePublished":"2022-01-10T16:26:17+00:00","dateModified":"2026-04-07T23:32:44+00:00","description":"Tampon en silicone transparent + plaque","breadcrumb":{"@id":"https:\/\/glamourshop.co.il\/product\/transparent-silicone-stamp-plate\/#breadcrumb"},"inLanguage":"fr-FR","potentialAction":[{"@type":"ReadAction","target":["https:\/\/glamourshop.co.il\/product\/transparent-silicone-stamp-plate\/"]}]},{"@type":"ImageObject","inLanguage":"fr-FR","@id":"https:\/\/glamourshop.co.il\/product\/transparent-silicone-stamp-plate\/#primaryimage","url":"https:\/\/glamourshop.co.il\/wp-content\/uploads\/2023\/08\/\u05d7\u05d5\u05ea\u05de\u05ea-\u05e1\u05d9\u05dc\u05d9\u05e7\u05d5\u05df-\u05e9\u05e7\u05d5\u05e4\u05d4\u05dc\u05d5\u05d7\u05d9\u05ea.jpg","contentUrl":"https:\/\/glamourshop.co.il\/wp-content\/uploads\/2023\/08\/\u05d7\u05d5\u05ea\u05de\u05ea-\u05e1\u05d9\u05dc\u05d9\u05e7\u05d5\u05df-\u05e9\u05e7\u05d5\u05e4\u05d4\u05dc\u05d5\u05d7\u05d9\u05ea.jpg","width":810,"height":810,"caption":"\u05e1\u05d9\u05dc\u05d9\u05e7\u05d5\u05df \u05e9\u05e7\u05d5\u05e4\u05d4\u05dc\u05d5\u05d7\u05d9\u05ea"},{"@type":"BreadcrumbList","@id":"https:\/\/glamourshop.co.il\/product\/transparent-silicone-stamp-plate\/#breadcrumb","itemListElement":[{"@type":"ListItem","position":1,"name":"\u05d3\u05e3 \u05d4\u05d1\u05d9\u05ea","item":"https:\/\/glamourshop.co.il\/"},{"@type":"ListItem","position":2,"name":"\u05de\u05d5\u05e6\u05e8\u05d9\u05dd","item":"https:\/\/glamourshop.co.il\/shop\/"},{"@type":"ListItem","position":3,"name":"\u05d7\u05d5\u05ea\u05de\u05ea \u05e1\u05d9\u05dc\u05d9\u05e7\u05d5\u05df \u05e9\u05e7\u05d5\u05e4\u05d4 + \u05dc\u05d5\u05d7\u05d9\u05ea"}]},{"@type":"WebSite","@id":"https:\/\/glamourshop.co.il\/#website","url":"https:\/\/glamourshop.co.il\/","name":"Galmore Shop","description":"\u201c Galmor \u201d est une marque isra\u00e9lienne sp\u00e9cialis\u00e9e dans la fabrication et la commercialisation de produits pour la construction d'ongles, de vernis gel et d'\u00e9quipements pour manucure.","publisher":{"@id":"https:\/\/glamourshop.co.il\/#organization"},"potentialAction":[{"@type":"SearchAction","target":{"@type":"EntryPoint","urlTemplate":"https:\/\/glamourshop.co.il\/?s={search_term_string}"},"query-input":{"@type":"PropertyValueSpecification","valueRequired":true,"valueName":"search_term_string"}}],"inLanguage":"fr-FR"},{"@type":"Organization","@id":"https:\/\/glamourshop.co.il\/#organization","name":"Boutique Glamour","url":"https:\/\/glamourshop.co.il\/","logo":{"@type":"ImageObject","inLanguage":"fr-FR","@id":"https:\/\/glamourshop.co.il\/#\/schema\/logo\/image\/","url":"https:\/\/glamourshop.co.il\/wp-content\/uploads\/2022\/04\/seo-logo.jpg","contentUrl":"https:\/\/glamourshop.co.il\/wp-content\/uploads\/2022\/04\/seo-logo.jpg","width":1080,"height":631,"caption":"Glamour Shop"},"image":{"@id":"https:\/\/glamourshop.co.il\/#\/schema\/logo\/image\/"},"sameAs":["https:\/\/www.facebook.com\/GlamourShopProfessionalNails","https:\/\/www.instagram.com\/glamour_professional_nails\/"]}]}},"uagb_featured_image_src":{"full":["https:\/\/glamourshop.co.il\/wp-content\/uploads\/2023\/08\/\u05d7\u05d5\u05ea\u05de\u05ea-\u05e1\u05d9\u05dc\u05d9\u05e7\u05d5\u05df-\u05e9\u05e7\u05d5\u05e4\u05d4\u05dc\u05d5\u05d7\u05d9\u05ea.jpg",810,810,false],"thumbnail":["https:\/\/glamourshop.co.il\/wp-content\/uploads\/2023\/08\/\u05d7\u05d5\u05ea\u05de\u05ea-\u05e1\u05d9\u05dc\u05d9\u05e7\u05d5\u05df-\u05e9\u05e7\u05d5\u05e4\u05d4\u05dc\u05d5\u05d7\u05d9\u05ea-300x300.jpg",300,300,true],"medium":["https:\/\/glamourshop.co.il\/wp-content\/uploads\/2023\/08\/\u05d7\u05d5\u05ea\u05de\u05ea-\u05e1\u05d9\u05dc\u05d9\u05e7\u05d5\u05df-\u05e9\u05e7\u05d5\u05e4\u05d4\u05dc\u05d5\u05d7\u05d9\u05ea-400x400.jpg",400,400,true],"medium_large":["https:\/\/glamourshop.co.il\/wp-content\/uploads\/2023\/08\/\u05d7\u05d5\u05ea\u05de\u05ea-\u05e1\u05d9\u05dc\u05d9\u05e7\u05d5\u05df-\u05e9\u05e7\u05d5\u05e4\u05d4\u05dc\u05d5\u05d7\u05d9\u05ea-768x768.jpg",768,768,true],"large":["https:\/\/glamourshop.co.il\/wp-content\/uploads\/2023\/08\/\u05d7\u05d5\u05ea\u05de\u05ea-\u05e1\u05d9\u05dc\u05d9\u05e7\u05d5\u05df-\u05e9\u05e7\u05d5\u05e4\u05d4\u05dc\u05d5\u05d7\u05d9\u05ea-800x800.jpg",800,800,true],"1536x1536":["https:\/\/glamourshop.co.il\/wp-content\/uploads\/2023\/08\/\u05d7\u05d5\u05ea\u05de\u05ea-\u05e1\u05d9\u05dc\u05d9\u05e7\u05d5\u05df-\u05e9\u05e7\u05d5\u05e4\u05d4\u05dc\u05d5\u05d7\u05d9\u05ea.jpg",810,810,false],"2048x2048":["https:\/\/glamourshop.co.il\/wp-content\/uploads\/2023\/08\/\u05d7\u05d5\u05ea\u05de\u05ea-\u05e1\u05d9\u05dc\u05d9\u05e7\u05d5\u05df-\u05e9\u05e7\u05d5\u05e4\u05d4\u05dc\u05d5\u05d7\u05d9\u05ea.jpg",810,810,false],"trp-custom-language-flag":["https:\/\/glamourshop.co.il\/wp-content\/uploads\/2023\/08\/\u05d7\u05d5\u05ea\u05de\u05ea-\u05e1\u05d9\u05dc\u05d9\u05e7\u05d5\u05df-\u05e9\u05e7\u05d5\u05e4\u05d4\u05dc\u05d5\u05d7\u05d9\u05ea.jpg",12,12,false],"icon":["https:\/\/glamourshop.co.il\/wp-content\/uploads\/2023\/08\/\u05d7\u05d5\u05ea\u05de\u05ea-\u05e1\u05d9\u05dc\u05d9\u05e7\u05d5\u05df-\u05e9\u05e7\u05d5\u05e4\u05d4\u05dc\u05d5\u05d7\u05d9\u05ea.jpg",810,810,false],"oc-product-thumbnail":["https:\/\/glamourshop.co.il\/wp-content\/uploads\/2023\/08\/\u05d7\u05d5\u05ea\u05de\u05ea-\u05e1\u05d9\u05dc\u05d9\u05e7\u05d5\u05df-\u05e9\u05e7\u05d5\u05e4\u05d4\u05dc\u05d5\u05d7\u05d9\u05ea.jpg",149,149,false],"oc-product-single-image":["https:\/\/glamourshop.co.il\/wp-content\/uploads\/2023\/08\/\u05d7\u05d5\u05ea\u05de\u05ea-\u05e1\u05d9\u05dc\u05d9\u05e7\u05d5\u05df-\u05e9\u05e7\u05d5\u05e4\u05d4\u05dc\u05d5\u05d7\u05d9\u05ea.jpg",727,727,false],"oc-product-archive-thumbnail":["https:\/\/glamourshop.co.il\/wp-content\/uploads\/2023\/08\/\u05d7\u05d5\u05ea\u05de\u05ea-\u05e1\u05d9\u05dc\u05d9\u05e7\u05d5\u05df-\u05e9\u05e7\u05d5\u05e4\u05d4\u05dc\u05d5\u05d7\u05d9\u05ea.jpg",422,422,false],"woocommerce_thumbnail":["https:\/\/glamourshop.co.il\/wp-content\/uploads\/2023\/08\/\u05d7\u05d5\u05ea\u05de\u05ea-\u05e1\u05d9\u05dc\u05d9\u05e7\u05d5\u05df-\u05e9\u05e7\u05d5\u05e4\u05d4\u05dc\u05d5\u05d7\u05d9\u05ea-500x500.jpg",500,500,true],"woocommerce_single":["https:\/\/glamourshop.co.il\/wp-content\/uploads\/2023\/08\/\u05d7\u05d5\u05ea\u05de\u05ea-\u05e1\u05d9\u05dc\u05d9\u05e7\u05d5\u05df-\u05e9\u05e7\u05d5\u05e4\u05d4\u05dc\u05d5\u05d7\u05d9\u05ea-600x600.jpg",600,600,true],"woocommerce_gallery_thumbnail":["https:\/\/glamourshop.co.il\/wp-content\/uploads\/2023\/08\/\u05d7\u05d5\u05ea\u05de\u05ea-\u05e1\u05d9\u05dc\u05d9\u05e7\u05d5\u05df-\u05e9\u05e7\u05d5\u05e4\u05d4\u05dc\u05d5\u05d7\u05d9\u05ea-100x100.jpg",100,100,true]},"uagb_author_info":{"display_name":"","author_link":"https:\/\/glamourshop.co.il\/fr\/author\/"},"uagb_comment_info":0,"uagb_excerpt":"\u05d7\u05d5\u05ea\u05de\u05ea \u05e1\u05d9\u05dc\u05d9\u05e7\u05d5\u05df \u05e9\u05e7\u05d5\u05e4\u05d4 + \u05dc\u05d5\u05d7\u05d9\u05ea","_links":{"self":[{"href":"https:\/\/glamourshop.co.il\/fr\/wp-json\/wp\/v2\/product\/7708","targetHints":{"allow":["GET"]}}],"collection":[{"href":"https:\/\/glamourshop.co.il\/fr\/wp-json\/wp\/v2\/product"}],"about":[{"href":"https:\/\/glamourshop.co.il\/fr\/wp-json\/wp\/v2\/types\/product"}],"replies":[{"embeddable":true,"href":"https:\/\/glamourshop.co.il\/fr\/wp-json\/wp\/v2\/comments?post=7708"}],"wp:featuredmedia":[{"embeddable":true,"href":"https:\/\/glamourshop.co.il\/fr\/wp-json\/wp\/v2\/media\/21630"}],"wp:attachment":[{"href":"https:\/\/glamourshop.co.il\/fr\/wp-json\/wp\/v2\/media?parent=7708"}],"wp:term":[{"taxonomy":"product_brand","embeddable":true,"href":"https:\/\/glamourshop.co.il\/fr\/wp-json\/wp\/v2\/product_brand?post=7708"},{"taxonomy":"product_cat","embeddable":true,"href":"https:\/\/glamourshop.co.il\/fr\/wp-json\/wp\/v2\/product_cat?post=7708"},{"taxonomy":"product_tag","embeddable":true,"href":"https:\/\/glamourshop.co.il\/fr\/wp-json\/wp\/v2\/product_tag?post=7708"}],"curies":[{"name":"wp","href":"https:\/\/api.w.org\/{rel}","templated":true}]}}