
{"id":836,"date":"2020-08-20T13:58:20","date_gmt":"2020-08-20T10:58:20","guid":{"rendered":"https:\/\/devbee1.glamourshop.co.il.bee1.cloud\/shop\/glamour-%d7%90%d7%a7%d7%a8%d7%99%d7%92%d7%9c-60-%d7%92-%d7%a9%d7%a7%d7%95%d7%a3\/"},"modified":"2026-04-09T17:02:38","modified_gmt":"2026-04-09T14:02:38","slug":"acrigel-60g-glamour-clear","status":"publish","type":"product","link":"https:\/\/glamourshop.co.il\/fr\/produit\/acrigel-60g-glamour-clear\/","title":{"rendered":"\u05d0\u05e7\u05e8\u05d9\u05d2'\u05dc 60 \u05d2' &#8211; Glamour (Clear)"},"content":{"rendered":"<p style=\"direction: rtl\">L'Acrigel de Glamour est un mat\u00e9riau de nouvelle g\u00e9n\u00e9ration,<br \/>\nIl combine les meilleures propri\u00e9t\u00e9s de l'acrylique et du gel.<\/p>\n<p style=\"direction: rtl\">\u2714 Sans odeur d'acrylique, mais avec la m\u00eame r\u00e9sistance<br \/>\n\u2714 Sa texture semblable \u00e0 celle de la p\u00e2te \u00e0 modeler permet de le modeler sans limite et sans coulures.<br \/>\n\u2714 S\u00e9chage uniquement \u00e0 la lampe<br \/>\n\u2714 R\u00e9sistance et solidit\u00e9 garanties<\/p>\n<p style=\"direction: rtl\">Comprend :<br \/>\nTube de 60 g<\/p>","protected":false},"excerpt":{"rendered":"<p style=\"direction: rtl\">Pour un look d\u00e9licat et naturel, id\u00e9al comme base pour des coiffures sp\u00e9ciales et des tresses !<\/p>","protected":false},"featured_media":5289,"comment_status":"open","ping_status":"closed","template":"","meta":{"_uag_custom_page_level_css":""},"product_brand":[],"product_cat":[170],"product_tag":[157,76,151],"class_list":{"0":"post-836","1":"product","2":"type-product","3":"status-publish","4":"has-post-thumbnail","6":"product_cat-acrigel-glamour","7":"product_tag-acrygel","8":"product_tag-nail-construction","9":"product_tag-glamour","10":"desktop","12":"first","13":"instock","14":"sale","15":"shipping-taxable","16":"purchasable","17":"product-type-simple"},"acf":[],"yoast_head":"<!-- This site is optimized with the Yoast SEO plugin v26.0 - https:\/\/yoast.com\/wordpress\/plugins\/seo\/ -->\n<title>\u05d0\u05e7\u05e8\u05d9\u05d2&#039;\u05dc 60 \u05d2&#039; - Glamour (Clear) | \u05d2\u05dc\u05de\u05d5\u05e8 \u05e9\u05d5\u05e4<\/title>\n<meta name=\"description\" content=\"\u05dc\u05de\u05e8\u05d0\u05d4 \u05e2\u05d3\u05d9\u05df, \u05d8\u05d1\u05e2\u05d9, \u05de\u05e2\u05d5\u05dc\u05d4 \u05db\u05d1\u05e1\u05d9\u05e1 \u05dc\u05e2\u05d9\u05e6\u05d5\u05d1\u05d9\u05dd \u05de\u05d9\u05d5\u05d7\u05d3\u05d9\u05dd \u05d5\u05e4\u05e8\u05e0\u05e5!\" \/>\n<meta name=\"robots\" content=\"index, follow, max-snippet:-1, max-image-preview:large, max-video-preview:-1\" \/>\n<link rel=\"canonical\" href=\"https:\/\/glamourshop.co.il\/fr\/produit\/acrigel-60g-glamour-clear\/\" \/>\n<meta property=\"og:locale\" content=\"fr_FR\" \/>\n<meta property=\"og:type\" content=\"article\" \/>\n<meta property=\"og:title\" content=\"\u05d0\u05e7\u05e8\u05d9\u05d2&#039;\u05dc 60 \u05d2&#039; - Glamour (Clear) | \u05d2\u05dc\u05de\u05d5\u05e8 \u05e9\u05d5\u05e4\" \/>\n<meta property=\"og:description\" content=\"\u05dc\u05de\u05e8\u05d0\u05d4 \u05e2\u05d3\u05d9\u05df, \u05d8\u05d1\u05e2\u05d9, \u05de\u05e2\u05d5\u05dc\u05d4 \u05db\u05d1\u05e1\u05d9\u05e1 \u05dc\u05e2\u05d9\u05e6\u05d5\u05d1\u05d9\u05dd \u05de\u05d9\u05d5\u05d7\u05d3\u05d9\u05dd \u05d5\u05e4\u05e8\u05e0\u05e5!\" \/>\n<meta property=\"og:url\" content=\"https:\/\/glamourshop.co.il\/fr\/produit\/acrigel-60g-glamour-clear\/\" \/>\n<meta property=\"og:site_name\" content=\"\u05d2\u05dc\u05de\u05d5\u05e8 \u05e9\u05d5\u05e4\" \/>\n<meta property=\"article:publisher\" content=\"https:\/\/www.facebook.com\/GlamourShopProfessionalNails\" \/>\n<meta property=\"article:modified_time\" content=\"2026-04-09T14:02:38+00:00\" \/>\n<meta property=\"og:image\" content=\"https:\/\/glamourshop.co.il\/wp-content\/uploads\/2021\/06\/IMG-20210624-WA0188.jpg\" \/>\n\t<meta property=\"og:image:width\" content=\"819\" \/>\n\t<meta property=\"og:image:height\" content=\"1024\" \/>\n\t<meta property=\"og:image:type\" content=\"image\/jpeg\" \/>\n<meta name=\"twitter:card\" content=\"summary_large_image\" \/>\n<meta name=\"twitter:label1\" content=\"Dur\u00e9e de lecture estim\u00e9e\" \/>\n\t<meta name=\"twitter:data1\" content=\"1 minute\" \/>\n<script type=\"application\/ld+json\" class=\"yoast-schema-graph\">{\"@context\":\"https:\/\/schema.org\",\"@graph\":[{\"@type\":[\"WebPage\",\"ItemPage\"],\"@id\":\"https:\/\/glamourshop.co.il\/product\/acrigel-60g-glamour-clear\/\",\"url\":\"https:\/\/glamourshop.co.il\/product\/acrigel-60g-glamour-clear\/\",\"name\":\"\u05d0\u05e7\u05e8\u05d9\u05d2'\u05dc 60 \u05d2' - Glamour (Clear) | \u05d2\u05dc\u05de\u05d5\u05e8 \u05e9\u05d5\u05e4\",\"isPartOf\":{\"@id\":\"https:\/\/glamourshop.co.il\/#website\"},\"primaryImageOfPage\":{\"@id\":\"https:\/\/glamourshop.co.il\/product\/acrigel-60g-glamour-clear\/#primaryimage\"},\"image\":{\"@id\":\"https:\/\/glamourshop.co.il\/product\/acrigel-60g-glamour-clear\/#primaryimage\"},\"thumbnailUrl\":\"https:\/\/glamourshop.co.il\/wp-content\/uploads\/2021\/06\/IMG-20210624-WA0188.jpg\",\"datePublished\":\"2020-08-20T10:58:20+00:00\",\"dateModified\":\"2026-04-09T14:02:38+00:00\",\"description\":\"\u05dc\u05de\u05e8\u05d0\u05d4 \u05e2\u05d3\u05d9\u05df, \u05d8\u05d1\u05e2\u05d9, \u05de\u05e2\u05d5\u05dc\u05d4 \u05db\u05d1\u05e1\u05d9\u05e1 \u05dc\u05e2\u05d9\u05e6\u05d5\u05d1\u05d9\u05dd \u05de\u05d9\u05d5\u05d7\u05d3\u05d9\u05dd \u05d5\u05e4\u05e8\u05e0\u05e5!\",\"breadcrumb\":{\"@id\":\"https:\/\/glamourshop.co.il\/product\/acrigel-60g-glamour-clear\/#breadcrumb\"},\"inLanguage\":\"fr-FR\",\"potentialAction\":[{\"@type\":\"ReadAction\",\"target\":[\"https:\/\/glamourshop.co.il\/product\/acrigel-60g-glamour-clear\/\"]}]},{\"@type\":\"ImageObject\",\"inLanguage\":\"fr-FR\",\"@id\":\"https:\/\/glamourshop.co.il\/product\/acrigel-60g-glamour-clear\/#primaryimage\",\"url\":\"https:\/\/glamourshop.co.il\/wp-content\/uploads\/2021\/06\/IMG-20210624-WA0188.jpg\",\"contentUrl\":\"https:\/\/glamourshop.co.il\/wp-content\/uploads\/2021\/06\/IMG-20210624-WA0188.jpg\",\"width\":819,\"height\":1024,\"caption\":\"IMG 20210624 WA0188\"},{\"@type\":\"BreadcrumbList\",\"@id\":\"https:\/\/glamourshop.co.il\/product\/acrigel-60g-glamour-clear\/#breadcrumb\",\"itemListElement\":[{\"@type\":\"ListItem\",\"position\":1,\"name\":\"\u05d3\u05e3 \u05d4\u05d1\u05d9\u05ea\",\"item\":\"https:\/\/glamourshop.co.il\/\"},{\"@type\":\"ListItem\",\"position\":2,\"name\":\"\u05de\u05d5\u05e6\u05e8\u05d9\u05dd\",\"item\":\"https:\/\/glamourshop.co.il\/shop\/\"},{\"@type\":\"ListItem\",\"position\":3,\"name\":\"\u05d0\u05e7\u05e8\u05d9\u05d2'\u05dc 60 \u05d2' &#8211; Glamour (Clear)\"}]},{\"@type\":\"WebSite\",\"@id\":\"https:\/\/glamourshop.co.il\/#website\",\"url\":\"https:\/\/glamourshop.co.il\/\",\"name\":\"\u05d2\u05dc\u05de\u05d5\u05e8 \u05e9\u05d5\u05e4\",\"description\":\"\u201c\u05d2\u05dc\u05de\u05d5\u05e8\u201d \u05d4\u05d9\u05e0\u05d5 \u05de\u05d5\u05ea\u05d2 \u05d9\u05e9\u05e8\u05d0\u05dc\u05d9 \u05d4\u05de\u05ea\u05de\u05d7\u05d4 \u05d1\u05d9\u05d9\u05e6\u05d5\u05e8 \u05d5\u05e9\u05d9\u05d5\u05d5\u05e7 \u05de\u05d5\u05e6\u05e8\u05d9 \u05d1\u05e0\u05d9\u05d9\u05ea \u05e6\u05d9\u05e4\u05d5\u05e8\u05e0\u05d9\u05d9\u05dd, \u05dc\u05e7 \u05d2\u2019\u05dc \u05d5\u05e6\u05d9\u05d5\u05d3 \u05dc\u05de\u05e0\u05d9\u05e7\u05d5\u05e8.\",\"publisher\":{\"@id\":\"https:\/\/glamourshop.co.il\/#organization\"},\"potentialAction\":[{\"@type\":\"SearchAction\",\"target\":{\"@type\":\"EntryPoint\",\"urlTemplate\":\"https:\/\/glamourshop.co.il\/?s={search_term_string}\"},\"query-input\":{\"@type\":\"PropertyValueSpecification\",\"valueRequired\":true,\"valueName\":\"search_term_string\"}}],\"inLanguage\":\"fr-FR\"},{\"@type\":\"Organization\",\"@id\":\"https:\/\/glamourshop.co.il\/#organization\",\"name\":\"Glamour Shop\",\"url\":\"https:\/\/glamourshop.co.il\/\",\"logo\":{\"@type\":\"ImageObject\",\"inLanguage\":\"fr-FR\",\"@id\":\"https:\/\/glamourshop.co.il\/#\/schema\/logo\/image\/\",\"url\":\"https:\/\/glamourshop.co.il\/wp-content\/uploads\/2022\/04\/seo-logo.jpg\",\"contentUrl\":\"https:\/\/glamourshop.co.il\/wp-content\/uploads\/2022\/04\/seo-logo.jpg\",\"width\":1080,\"height\":631,\"caption\":\"Glamour Shop\"},\"image\":{\"@id\":\"https:\/\/glamourshop.co.il\/#\/schema\/logo\/image\/\"},\"sameAs\":[\"https:\/\/www.facebook.com\/GlamourShopProfessionalNails\",\"https:\/\/www.instagram.com\/glamour_professional_nails\/\"]}]}<\/script>\n<!-- \/ Yoast SEO plugin. -->","yoast_head_json":{"title":"\u05d0\u05e7\u05e8\u05d9\u05d2'\u05dc 60 \u05d2' - Glamour (Clear) | \u05d2\u05dc\u05de\u05d5\u05e8 \u05e9\u05d5\u05e4","description":"Pour un look d\u00e9licat et naturel, id\u00e9al comme base pour des coiffures sp\u00e9ciales et des tresses !","robots":{"index":"index","follow":"follow","max-snippet":"max-snippet:-1","max-image-preview":"max-image-preview:large","max-video-preview":"max-video-preview:-1"},"canonical":"https:\/\/glamourshop.co.il\/fr\/produit\/acrigel-60g-glamour-clear\/","og_locale":"fr_FR","og_type":"article","og_title":"\u05d0\u05e7\u05e8\u05d9\u05d2'\u05dc 60 \u05d2' - Glamour (Clear) | \u05d2\u05dc\u05de\u05d5\u05e8 \u05e9\u05d5\u05e4","og_description":"\u05dc\u05de\u05e8\u05d0\u05d4 \u05e2\u05d3\u05d9\u05df, \u05d8\u05d1\u05e2\u05d9, \u05de\u05e2\u05d5\u05dc\u05d4 \u05db\u05d1\u05e1\u05d9\u05e1 \u05dc\u05e2\u05d9\u05e6\u05d5\u05d1\u05d9\u05dd \u05de\u05d9\u05d5\u05d7\u05d3\u05d9\u05dd \u05d5\u05e4\u05e8\u05e0\u05e5!","og_url":"https:\/\/glamourshop.co.il\/fr\/produit\/acrigel-60g-glamour-clear\/","og_site_name":"\u05d2\u05dc\u05de\u05d5\u05e8 \u05e9\u05d5\u05e4","article_publisher":"https:\/\/www.facebook.com\/GlamourShopProfessionalNails","article_modified_time":"2026-04-09T14:02:38+00:00","og_image":[{"width":819,"height":1024,"url":"https:\/\/glamourshop.co.il\/wp-content\/uploads\/2021\/06\/IMG-20210624-WA0188.jpg","type":"image\/jpeg"}],"twitter_card":"summary_large_image","twitter_misc":{"Dur\u00e9e de lecture estim\u00e9e":"1 minute"},"schema":{"@context":"https:\/\/schema.org","@graph":[{"@type":["WebPage","ItemPage"],"@id":"https:\/\/glamourshop.co.il\/product\/acrigel-60g-glamour-clear\/","url":"https:\/\/glamourshop.co.il\/product\/acrigel-60g-glamour-clear\/","name":"\u05d0\u05e7\u05e8\u05d9\u05d2'\u05dc 60 \u05d2' - Glamour (Clear) | \u05d2\u05dc\u05de\u05d5\u05e8 \u05e9\u05d5\u05e4","isPartOf":{"@id":"https:\/\/glamourshop.co.il\/#website"},"primaryImageOfPage":{"@id":"https:\/\/glamourshop.co.il\/product\/acrigel-60g-glamour-clear\/#primaryimage"},"image":{"@id":"https:\/\/glamourshop.co.il\/product\/acrigel-60g-glamour-clear\/#primaryimage"},"thumbnailUrl":"https:\/\/glamourshop.co.il\/wp-content\/uploads\/2021\/06\/IMG-20210624-WA0188.jpg","datePublished":"2020-08-20T10:58:20+00:00","dateModified":"2026-04-09T14:02:38+00:00","description":"Pour un look d\u00e9licat et naturel, id\u00e9al comme base pour des coiffures sp\u00e9ciales et des tresses !","breadcrumb":{"@id":"https:\/\/glamourshop.co.il\/product\/acrigel-60g-glamour-clear\/#breadcrumb"},"inLanguage":"fr-FR","potentialAction":[{"@type":"ReadAction","target":["https:\/\/glamourshop.co.il\/product\/acrigel-60g-glamour-clear\/"]}]},{"@type":"ImageObject","inLanguage":"fr-FR","@id":"https:\/\/glamourshop.co.il\/product\/acrigel-60g-glamour-clear\/#primaryimage","url":"https:\/\/glamourshop.co.il\/wp-content\/uploads\/2021\/06\/IMG-20210624-WA0188.jpg","contentUrl":"https:\/\/glamourshop.co.il\/wp-content\/uploads\/2021\/06\/IMG-20210624-WA0188.jpg","width":819,"height":1024,"caption":"IMG 20210624 WA0188"},{"@type":"BreadcrumbList","@id":"https:\/\/glamourshop.co.il\/product\/acrigel-60g-glamour-clear\/#breadcrumb","itemListElement":[{"@type":"ListItem","position":1,"name":"\u05d3\u05e3 \u05d4\u05d1\u05d9\u05ea","item":"https:\/\/glamourshop.co.il\/"},{"@type":"ListItem","position":2,"name":"\u05de\u05d5\u05e6\u05e8\u05d9\u05dd","item":"https:\/\/glamourshop.co.il\/shop\/"},{"@type":"ListItem","position":3,"name":"\u05d0\u05e7\u05e8\u05d9\u05d2'\u05dc 60 \u05d2' &#8211; Glamour (Clear)"}]},{"@type":"WebSite","@id":"https:\/\/glamourshop.co.il\/#website","url":"https:\/\/glamourshop.co.il\/","name":"Galmore Shop","description":"\u201c Galmor \u201d est une marque isra\u00e9lienne sp\u00e9cialis\u00e9e dans la fabrication et la commercialisation de produits pour la construction d'ongles, de vernis gel et d'\u00e9quipements pour manucure.","publisher":{"@id":"https:\/\/glamourshop.co.il\/#organization"},"potentialAction":[{"@type":"SearchAction","target":{"@type":"EntryPoint","urlTemplate":"https:\/\/glamourshop.co.il\/?s={search_term_string}"},"query-input":{"@type":"PropertyValueSpecification","valueRequired":true,"valueName":"search_term_string"}}],"inLanguage":"fr-FR"},{"@type":"Organization","@id":"https:\/\/glamourshop.co.il\/#organization","name":"Boutique Glamour","url":"https:\/\/glamourshop.co.il\/","logo":{"@type":"ImageObject","inLanguage":"fr-FR","@id":"https:\/\/glamourshop.co.il\/#\/schema\/logo\/image\/","url":"https:\/\/glamourshop.co.il\/wp-content\/uploads\/2022\/04\/seo-logo.jpg","contentUrl":"https:\/\/glamourshop.co.il\/wp-content\/uploads\/2022\/04\/seo-logo.jpg","width":1080,"height":631,"caption":"Glamour Shop"},"image":{"@id":"https:\/\/glamourshop.co.il\/#\/schema\/logo\/image\/"},"sameAs":["https:\/\/www.facebook.com\/GlamourShopProfessionalNails","https:\/\/www.instagram.com\/glamour_professional_nails\/"]}]}},"uagb_featured_image_src":{"full":["https:\/\/glamourshop.co.il\/wp-content\/uploads\/2021\/06\/IMG-20210624-WA0188.jpg",819,1024,false],"thumbnail":["https:\/\/glamourshop.co.il\/wp-content\/uploads\/2021\/06\/IMG-20210624-WA0188-240x300.jpg",240,300,true],"medium":["https:\/\/glamourshop.co.il\/wp-content\/uploads\/2021\/06\/IMG-20210624-WA0188-320x400.jpg",320,400,true],"medium_large":["https:\/\/glamourshop.co.il\/wp-content\/uploads\/2021\/06\/IMG-20210624-WA0188-768x960.jpg",768,960,true],"large":["https:\/\/glamourshop.co.il\/wp-content\/uploads\/2021\/06\/IMG-20210624-WA0188-640x800.jpg",640,800,true],"1536x1536":["https:\/\/glamourshop.co.il\/wp-content\/uploads\/2021\/06\/IMG-20210624-WA0188.jpg",819,1024,false],"2048x2048":["https:\/\/glamourshop.co.il\/wp-content\/uploads\/2021\/06\/IMG-20210624-WA0188.jpg",819,1024,false],"trp-custom-language-flag":["https:\/\/glamourshop.co.il\/wp-content\/uploads\/2021\/06\/IMG-20210624-WA0188.jpg",10,12,false],"icon":["https:\/\/glamourshop.co.il\/wp-content\/uploads\/2021\/06\/IMG-20210624-WA0188.jpg",819,1024,false],"oc-product-thumbnail":["https:\/\/glamourshop.co.il\/wp-content\/uploads\/2021\/06\/IMG-20210624-WA0188.jpg",119,149,false],"oc-product-single-image":["https:\/\/glamourshop.co.il\/wp-content\/uploads\/2021\/06\/IMG-20210624-WA0188.jpg",640,800,false],"oc-product-archive-thumbnail":["https:\/\/glamourshop.co.il\/wp-content\/uploads\/2021\/06\/IMG-20210624-WA0188.jpg",338,422,false],"woocommerce_thumbnail":["https:\/\/glamourshop.co.il\/wp-content\/uploads\/2021\/06\/IMG-20210624-WA0188-500x500.jpg",500,500,true],"woocommerce_single":["https:\/\/glamourshop.co.il\/wp-content\/uploads\/2021\/06\/IMG-20210624-WA0188-600x750.jpg",600,750,true],"woocommerce_gallery_thumbnail":["https:\/\/glamourshop.co.il\/wp-content\/uploads\/2021\/06\/IMG-20210624-WA0188-100x100.jpg",100,100,true]},"uagb_author_info":{"display_name":"\u05e0\u05d9\u05e1\u05df \u05de\u05d9\u05db\u05d0\u05dc\u05d5\u05d1","author_link":"https:\/\/glamourshop.co.il\/fr\/author\/"},"uagb_comment_info":0,"uagb_excerpt":"\u05dc\u05de\u05e8\u05d0\u05d4 \u05e2\u05d3\u05d9\u05df, \u05d8\u05d1\u05e2\u05d9, \u05de\u05e2\u05d5\u05dc\u05d4 \u05db\u05d1\u05e1\u05d9\u05e1 \u05dc\u05e2\u05d9\u05e6\u05d5\u05d1\u05d9\u05dd \u05de\u05d9\u05d5\u05d7\u05d3\u05d9\u05dd \u05d5\u05e4\u05e8\u05e0\u05e5!","_links":{"self":[{"href":"https:\/\/glamourshop.co.il\/fr\/wp-json\/wp\/v2\/product\/836","targetHints":{"allow":["GET"]}}],"collection":[{"href":"https:\/\/glamourshop.co.il\/fr\/wp-json\/wp\/v2\/product"}],"about":[{"href":"https:\/\/glamourshop.co.il\/fr\/wp-json\/wp\/v2\/types\/product"}],"replies":[{"embeddable":true,"href":"https:\/\/glamourshop.co.il\/fr\/wp-json\/wp\/v2\/comments?post=836"}],"wp:featuredmedia":[{"embeddable":true,"href":"https:\/\/glamourshop.co.il\/fr\/wp-json\/wp\/v2\/media\/5289"}],"wp:attachment":[{"href":"https:\/\/glamourshop.co.il\/fr\/wp-json\/wp\/v2\/media?parent=836"}],"wp:term":[{"taxonomy":"product_brand","embeddable":true,"href":"https:\/\/glamourshop.co.il\/fr\/wp-json\/wp\/v2\/product_brand?post=836"},{"taxonomy":"product_cat","embeddable":true,"href":"https:\/\/glamourshop.co.il\/fr\/wp-json\/wp\/v2\/product_cat?post=836"},{"taxonomy":"product_tag","embeddable":true,"href":"https:\/\/glamourshop.co.il\/fr\/wp-json\/wp\/v2\/product_tag?post=836"}],"curies":[{"name":"wp","href":"https:\/\/api.w.org\/{rel}","templated":true}]}}