
{"id":840,"date":"2020-08-20T13:58:25","date_gmt":"2020-08-20T10:58:25","guid":{"rendered":"https:\/\/devbee1.glamourshop.co.il.bee1.cloud\/shop\/%d7%a0%d7%95%d7%96%d7%9c-%d7%a0%d7%99%d7%99%d7%9c-%d7%a4%d7%a8%d7%a9-240-%d7%9e%d7%9c\/"},"modified":"2026-04-05T14:15:27","modified_gmt":"2026-04-05T11:15:27","slug":"nail-fresh-liquid-240ml","status":"publish","type":"product","link":"https:\/\/glamourshop.co.il\/fr\/produit\/nail-fresh-liquid-240ml\/","title":{"rendered":"Liquide Nail Fresh (pressable) 240 ml"},"content":{"rendered":"","protected":false},"excerpt":{"rendered":"<p style=\"direction: rtl;\">Liquide pour pr\u00e9parer l'ongle avant la pose du mat\u00e9riau (\u00e0 utiliser avec toutes les m\u00e9thodes)<\/p>\n<p style=\"direction: rtl;\"><span style=\"color: #000000;\">\u2714 <\/span>\u00c9quilibre le niveau de pH<br \/>\n<span style=\"color: #000000;\">\u2714 <\/span>\u00c9limine le gras des ongles<br \/>\n<span style=\"color: #000000;\">\u2714 <\/span>Nettoie et dissout efficacement les r\u00e9sidus de poussi\u00e8re<\/p>\n<p style=\"direction: rtl;\">Bouteille de 240 ml<\/p>","protected":false},"featured_media":21462,"comment_status":"open","ping_status":"closed","template":"","meta":{"_uag_custom_page_level_css":""},"product_brand":[],"product_cat":[832,831,770,759],"product_tag":[157,76,151,423,425,426,427],"class_list":{"0":"post-840","1":"product","2":"type-product","3":"status-publish","4":"has-post-thumbnail","6":"product_cat-832","7":"product_cat-831","8":"product_cat-770","9":"product_cat-759","10":"product_tag-acrygel","11":"product_tag-nail-construction","12":"product_tag-glamour","13":"product_tag-gel-nail-polish","14":"product_tag-sale","15":"product_tag-manicure-gel","16":"product_tag-absorbs-moisture-and-fat","17":"desktop","19":"first","20":"instock","21":"sale","22":"shipping-taxable","23":"purchasable","24":"product-type-simple"},"acf":[],"yoast_head":"<!-- This site is optimized with the Yoast SEO plugin v26.0 - https:\/\/yoast.com\/wordpress\/plugins\/seo\/ -->\n<title>\u05e0\u05d5\u05d6\u05dc \u05e0\u05d9\u05d9\u05dc \u05e4\u05e8\u05e9 (\u05dc\u05d7\u05d9\u05e5) 240 \u05de&quot;\u05dc | \u05d2\u05dc\u05de\u05d5\u05e8 \u05e9\u05d5\u05e4<\/title>\n<meta name=\"description\" content=\"\u05e0\u05d5\u05d6\u05dc \u05dc\u05d4\u05db\u05e0\u05ea \u05d4\u05e6\u05d9\u05e4\u05d5\u05e8\u05df \u05dc\u05e4\u05e0\u05d9 \u05d4\u05e0\u05d7\u05ea \u05d4\u05d7\u05d5\u05de\u05e8 (\u05dc\u05e9\u05d9\u05de\u05d5\u05e9 \u05d1\u05db\u05dc \u05d4\u05e9\u05d9\u05d8\u05d5\u05ea) \u2714 \u05de\u05d0\u05d6\u05df \u05d0\u05ea \u05e8\u05de\u05ea \u05d4-pH \u2714 \u05de\u05e1\u05d9\u05e8 \u05e9\u05d5\u05de\u05e0\u05d9\u05d5\u05ea \u05de\u05d4\u05e6\u05d9\u05e4\u05d5\u05e8\u05df \u2714 \u05de\u05e0\u05e7\u05d4 \u05d5\u05de\u05de\u05d9\u05e1 \u05d4\u05d9\u05d8\u05d1 \u05e9\u05d0\u05e8\u05d9\u05d5\u05ea \u05d0\u05d1\u05e7 \u05d1\u05e7\u05d1\u05d5\u05e7 240 \u05de&quot;\u05dc\" \/>\n<meta name=\"robots\" content=\"index, follow, max-snippet:-1, max-image-preview:large, max-video-preview:-1\" \/>\n<link rel=\"canonical\" href=\"https:\/\/glamourshop.co.il\/fr\/produit\/nail-fresh-liquid-240ml\/\" \/>\n<meta property=\"og:locale\" content=\"fr_FR\" \/>\n<meta property=\"og:type\" content=\"article\" \/>\n<meta property=\"og:title\" content=\"\u05e0\u05d5\u05d6\u05dc \u05e0\u05d9\u05d9\u05dc \u05e4\u05e8\u05e9 (\u05dc\u05d7\u05d9\u05e5) 240 \u05de&quot;\u05dc | \u05d2\u05dc\u05de\u05d5\u05e8 \u05e9\u05d5\u05e4\" \/>\n<meta property=\"og:description\" content=\"\u05e0\u05d5\u05d6\u05dc \u05dc\u05d4\u05db\u05e0\u05ea \u05d4\u05e6\u05d9\u05e4\u05d5\u05e8\u05df \u05dc\u05e4\u05e0\u05d9 \u05d4\u05e0\u05d7\u05ea \u05d4\u05d7\u05d5\u05de\u05e8 (\u05dc\u05e9\u05d9\u05de\u05d5\u05e9 \u05d1\u05db\u05dc \u05d4\u05e9\u05d9\u05d8\u05d5\u05ea) \u2714 \u05de\u05d0\u05d6\u05df \u05d0\u05ea \u05e8\u05de\u05ea \u05d4-pH \u2714 \u05de\u05e1\u05d9\u05e8 \u05e9\u05d5\u05de\u05e0\u05d9\u05d5\u05ea \u05de\u05d4\u05e6\u05d9\u05e4\u05d5\u05e8\u05df \u2714 \u05de\u05e0\u05e7\u05d4 \u05d5\u05de\u05de\u05d9\u05e1 \u05d4\u05d9\u05d8\u05d1 \u05e9\u05d0\u05e8\u05d9\u05d5\u05ea \u05d0\u05d1\u05e7 \u05d1\u05e7\u05d1\u05d5\u05e7 240 \u05de&quot;\u05dc\" \/>\n<meta property=\"og:url\" content=\"https:\/\/glamourshop.co.il\/fr\/produit\/nail-fresh-liquid-240ml\/\" \/>\n<meta property=\"og:site_name\" content=\"\u05d2\u05dc\u05de\u05d5\u05e8 \u05e9\u05d5\u05e4\" \/>\n<meta property=\"article:publisher\" content=\"https:\/\/www.facebook.com\/GlamourShopProfessionalNails\" \/>\n<meta property=\"article:modified_time\" content=\"2026-04-05T11:15:27+00:00\" \/>\n<meta property=\"og:image\" content=\"https:\/\/glamourshop.co.il\/wp-content\/uploads\/2023\/08\/\u05e0\u05d5\u05d6\u05dc-\u05e0\u05d9\u05d9\u05dc-\u05e4\u05e8\u05e9-\u05d2\u05dc\u05de\u05d5\u05e8-240-\u05de\u05dc-\u05dc\u05d7\u05d9\u05e5.jpg\" \/>\n\t<meta property=\"og:image:width\" content=\"1080\" \/>\n\t<meta property=\"og:image:height\" content=\"1080\" \/>\n\t<meta property=\"og:image:type\" content=\"image\/jpeg\" \/>\n<meta name=\"twitter:card\" content=\"summary_large_image\" \/>\n<meta name=\"twitter:label1\" content=\"Dur\u00e9e de lecture estim\u00e9e\" \/>\n\t<meta name=\"twitter:data1\" content=\"1 minute\" \/>\n<script type=\"application\/ld+json\" class=\"yoast-schema-graph\">{\"@context\":\"https:\/\/schema.org\",\"@graph\":[{\"@type\":[\"WebPage\",\"ItemPage\"],\"@id\":\"https:\/\/glamourshop.co.il\/product\/nail-fresh-liquid-240ml\/\",\"url\":\"https:\/\/glamourshop.co.il\/product\/nail-fresh-liquid-240ml\/\",\"name\":\"\u05e0\u05d5\u05d6\u05dc \u05e0\u05d9\u05d9\u05dc \u05e4\u05e8\u05e9 (\u05dc\u05d7\u05d9\u05e5) 240 \u05de\\\"\u05dc | \u05d2\u05dc\u05de\u05d5\u05e8 \u05e9\u05d5\u05e4\",\"isPartOf\":{\"@id\":\"https:\/\/glamourshop.co.il\/#website\"},\"primaryImageOfPage\":{\"@id\":\"https:\/\/glamourshop.co.il\/product\/nail-fresh-liquid-240ml\/#primaryimage\"},\"image\":{\"@id\":\"https:\/\/glamourshop.co.il\/product\/nail-fresh-liquid-240ml\/#primaryimage\"},\"thumbnailUrl\":\"https:\/\/glamourshop.co.il\/wp-content\/uploads\/2023\/08\/\u05e0\u05d5\u05d6\u05dc-\u05e0\u05d9\u05d9\u05dc-\u05e4\u05e8\u05e9-\u05d2\u05dc\u05de\u05d5\u05e8-240-\u05de\u05dc-\u05dc\u05d7\u05d9\u05e5.jpg\",\"datePublished\":\"2020-08-20T10:58:25+00:00\",\"dateModified\":\"2026-04-05T11:15:27+00:00\",\"description\":\"\u05e0\u05d5\u05d6\u05dc \u05dc\u05d4\u05db\u05e0\u05ea \u05d4\u05e6\u05d9\u05e4\u05d5\u05e8\u05df \u05dc\u05e4\u05e0\u05d9 \u05d4\u05e0\u05d7\u05ea \u05d4\u05d7\u05d5\u05de\u05e8 (\u05dc\u05e9\u05d9\u05de\u05d5\u05e9 \u05d1\u05db\u05dc \u05d4\u05e9\u05d9\u05d8\u05d5\u05ea) \u2714 \u05de\u05d0\u05d6\u05df \u05d0\u05ea \u05e8\u05de\u05ea \u05d4-pH \u2714 \u05de\u05e1\u05d9\u05e8 \u05e9\u05d5\u05de\u05e0\u05d9\u05d5\u05ea \u05de\u05d4\u05e6\u05d9\u05e4\u05d5\u05e8\u05df \u2714 \u05de\u05e0\u05e7\u05d4 \u05d5\u05de\u05de\u05d9\u05e1 \u05d4\u05d9\u05d8\u05d1 \u05e9\u05d0\u05e8\u05d9\u05d5\u05ea \u05d0\u05d1\u05e7 \u05d1\u05e7\u05d1\u05d5\u05e7 240 \u05de\\\"\u05dc\",\"breadcrumb\":{\"@id\":\"https:\/\/glamourshop.co.il\/product\/nail-fresh-liquid-240ml\/#breadcrumb\"},\"inLanguage\":\"fr-FR\",\"potentialAction\":[{\"@type\":\"ReadAction\",\"target\":[\"https:\/\/glamourshop.co.il\/product\/nail-fresh-liquid-240ml\/\"]}]},{\"@type\":\"ImageObject\",\"inLanguage\":\"fr-FR\",\"@id\":\"https:\/\/glamourshop.co.il\/product\/nail-fresh-liquid-240ml\/#primaryimage\",\"url\":\"https:\/\/glamourshop.co.il\/wp-content\/uploads\/2023\/08\/\u05e0\u05d5\u05d6\u05dc-\u05e0\u05d9\u05d9\u05dc-\u05e4\u05e8\u05e9-\u05d2\u05dc\u05de\u05d5\u05e8-240-\u05de\u05dc-\u05dc\u05d7\u05d9\u05e5.jpg\",\"contentUrl\":\"https:\/\/glamourshop.co.il\/wp-content\/uploads\/2023\/08\/\u05e0\u05d5\u05d6\u05dc-\u05e0\u05d9\u05d9\u05dc-\u05e4\u05e8\u05e9-\u05d2\u05dc\u05de\u05d5\u05e8-240-\u05de\u05dc-\u05dc\u05d7\u05d9\u05e5.jpg\",\"width\":1080,\"height\":1080,\"caption\":\"\u05e0\u05d9\u05d9\u05dc \u05e4\u05e8\u05e9 \u05d2\u05dc\u05de\u05d5\u05e8 240 \u05de\u05dc \u05dc\u05d7\u05d9\u05e5\"},{\"@type\":\"BreadcrumbList\",\"@id\":\"https:\/\/glamourshop.co.il\/product\/nail-fresh-liquid-240ml\/#breadcrumb\",\"itemListElement\":[{\"@type\":\"ListItem\",\"position\":1,\"name\":\"\u05d3\u05e3 \u05d4\u05d1\u05d9\u05ea\",\"item\":\"https:\/\/glamourshop.co.il\/\"},{\"@type\":\"ListItem\",\"position\":2,\"name\":\"\u05de\u05d5\u05e6\u05e8\u05d9\u05dd\",\"item\":\"https:\/\/glamourshop.co.il\/shop\/\"},{\"@type\":\"ListItem\",\"position\":3,\"name\":\"\u05e0\u05d5\u05d6\u05dc \u05e0\u05d9\u05d9\u05dc \u05e4\u05e8\u05e9 (\u05dc\u05d7\u05d9\u05e5) 240 \u05de&quot;\u05dc\"}]},{\"@type\":\"WebSite\",\"@id\":\"https:\/\/glamourshop.co.il\/#website\",\"url\":\"https:\/\/glamourshop.co.il\/\",\"name\":\"\u05d2\u05dc\u05de\u05d5\u05e8 \u05e9\u05d5\u05e4\",\"description\":\"\u201c\u05d2\u05dc\u05de\u05d5\u05e8\u201d \u05d4\u05d9\u05e0\u05d5 \u05de\u05d5\u05ea\u05d2 \u05d9\u05e9\u05e8\u05d0\u05dc\u05d9 \u05d4\u05de\u05ea\u05de\u05d7\u05d4 \u05d1\u05d9\u05d9\u05e6\u05d5\u05e8 \u05d5\u05e9\u05d9\u05d5\u05d5\u05e7 \u05de\u05d5\u05e6\u05e8\u05d9 \u05d1\u05e0\u05d9\u05d9\u05ea \u05e6\u05d9\u05e4\u05d5\u05e8\u05e0\u05d9\u05d9\u05dd, \u05dc\u05e7 \u05d2\u2019\u05dc \u05d5\u05e6\u05d9\u05d5\u05d3 \u05dc\u05de\u05e0\u05d9\u05e7\u05d5\u05e8.\",\"publisher\":{\"@id\":\"https:\/\/glamourshop.co.il\/#organization\"},\"potentialAction\":[{\"@type\":\"SearchAction\",\"target\":{\"@type\":\"EntryPoint\",\"urlTemplate\":\"https:\/\/glamourshop.co.il\/?s={search_term_string}\"},\"query-input\":{\"@type\":\"PropertyValueSpecification\",\"valueRequired\":true,\"valueName\":\"search_term_string\"}}],\"inLanguage\":\"fr-FR\"},{\"@type\":\"Organization\",\"@id\":\"https:\/\/glamourshop.co.il\/#organization\",\"name\":\"Glamour Shop\",\"url\":\"https:\/\/glamourshop.co.il\/\",\"logo\":{\"@type\":\"ImageObject\",\"inLanguage\":\"fr-FR\",\"@id\":\"https:\/\/glamourshop.co.il\/#\/schema\/logo\/image\/\",\"url\":\"https:\/\/glamourshop.co.il\/wp-content\/uploads\/2022\/04\/seo-logo.jpg\",\"contentUrl\":\"https:\/\/glamourshop.co.il\/wp-content\/uploads\/2022\/04\/seo-logo.jpg\",\"width\":1080,\"height\":631,\"caption\":\"Glamour Shop\"},\"image\":{\"@id\":\"https:\/\/glamourshop.co.il\/#\/schema\/logo\/image\/\"},\"sameAs\":[\"https:\/\/www.facebook.com\/GlamourShopProfessionalNails\",\"https:\/\/www.instagram.com\/glamour_professional_nails\/\"]}]}<\/script>\n<!-- \/ Yoast SEO plugin. -->","yoast_head_json":{"title":"\u05e0\u05d5\u05d6\u05dc \u05e0\u05d9\u05d9\u05dc \u05e4\u05e8\u05e9 (\u05dc\u05d7\u05d9\u05e5) 240 \u05de\"\u05dc | \u05d2\u05dc\u05de\u05d5\u05e8 \u05e9\u05d5\u05e4","description":"\u05e0\u05d5\u05d6\u05dc \u05dc\u05d4\u05db\u05e0\u05ea \u05d4\u05e6\u05d9\u05e4\u05d5\u05e8\u05df \u05dc\u05e4\u05e0\u05d9 \u05d4\u05e0\u05d7\u05ea \u05d4\u05d7\u05d5\u05de\u05e8 (\u05dc\u05e9\u05d9\u05de\u05d5\u05e9 \u05d1\u05db\u05dc \u05d4\u05e9\u05d9\u05d8\u05d5\u05ea) \u2714 \u05de\u05d0\u05d6\u05df \u05d0\u05ea \u05e8\u05de\u05ea \u05d4-pH \u2714 \u05de\u05e1\u05d9\u05e8 \u05e9\u05d5\u05de\u05e0\u05d9\u05d5\u05ea \u05de\u05d4\u05e6\u05d9\u05e4\u05d5\u05e8\u05df \u2714 \u05de\u05e0\u05e7\u05d4 \u05d5\u05de\u05de\u05d9\u05e1 \u05d4\u05d9\u05d8\u05d1 \u05e9\u05d0\u05e8\u05d9\u05d5\u05ea \u05d0\u05d1\u05e7 \u05d1\u05e7\u05d1\u05d5\u05e7 240 \u05de\"\u05dc","robots":{"index":"index","follow":"follow","max-snippet":"max-snippet:-1","max-image-preview":"max-image-preview:large","max-video-preview":"max-video-preview:-1"},"canonical":"https:\/\/glamourshop.co.il\/fr\/produit\/nail-fresh-liquid-240ml\/","og_locale":"fr_FR","og_type":"article","og_title":"\u05e0\u05d5\u05d6\u05dc \u05e0\u05d9\u05d9\u05dc \u05e4\u05e8\u05e9 (\u05dc\u05d7\u05d9\u05e5) 240 \u05de\"\u05dc | \u05d2\u05dc\u05de\u05d5\u05e8 \u05e9\u05d5\u05e4","og_description":"\u05e0\u05d5\u05d6\u05dc \u05dc\u05d4\u05db\u05e0\u05ea \u05d4\u05e6\u05d9\u05e4\u05d5\u05e8\u05df \u05dc\u05e4\u05e0\u05d9 \u05d4\u05e0\u05d7\u05ea \u05d4\u05d7\u05d5\u05de\u05e8 (\u05dc\u05e9\u05d9\u05de\u05d5\u05e9 \u05d1\u05db\u05dc \u05d4\u05e9\u05d9\u05d8\u05d5\u05ea) \u2714 \u05de\u05d0\u05d6\u05df \u05d0\u05ea \u05e8\u05de\u05ea \u05d4-pH \u2714 \u05de\u05e1\u05d9\u05e8 \u05e9\u05d5\u05de\u05e0\u05d9\u05d5\u05ea \u05de\u05d4\u05e6\u05d9\u05e4\u05d5\u05e8\u05df \u2714 \u05de\u05e0\u05e7\u05d4 \u05d5\u05de\u05de\u05d9\u05e1 \u05d4\u05d9\u05d8\u05d1 \u05e9\u05d0\u05e8\u05d9\u05d5\u05ea \u05d0\u05d1\u05e7 \u05d1\u05e7\u05d1\u05d5\u05e7 240 \u05de\"\u05dc","og_url":"https:\/\/glamourshop.co.il\/fr\/produit\/nail-fresh-liquid-240ml\/","og_site_name":"\u05d2\u05dc\u05de\u05d5\u05e8 \u05e9\u05d5\u05e4","article_publisher":"https:\/\/www.facebook.com\/GlamourShopProfessionalNails","article_modified_time":"2026-04-05T11:15:27+00:00","og_image":[{"width":1080,"height":1080,"url":"https:\/\/glamourshop.co.il\/wp-content\/uploads\/2023\/08\/\u05e0\u05d5\u05d6\u05dc-\u05e0\u05d9\u05d9\u05dc-\u05e4\u05e8\u05e9-\u05d2\u05dc\u05de\u05d5\u05e8-240-\u05de\u05dc-\u05dc\u05d7\u05d9\u05e5.jpg","type":"image\/jpeg"}],"twitter_card":"summary_large_image","twitter_misc":{"Dur\u00e9e de lecture estim\u00e9e":"1 minute"},"schema":{"@context":"https:\/\/schema.org","@graph":[{"@type":["WebPage","ItemPage"],"@id":"https:\/\/glamourshop.co.il\/product\/nail-fresh-liquid-240ml\/","url":"https:\/\/glamourshop.co.il\/product\/nail-fresh-liquid-240ml\/","name":"\u05e0\u05d5\u05d6\u05dc \u05e0\u05d9\u05d9\u05dc \u05e4\u05e8\u05e9 (\u05dc\u05d7\u05d9\u05e5) 240 \u05de\"\u05dc | \u05d2\u05dc\u05de\u05d5\u05e8 \u05e9\u05d5\u05e4","isPartOf":{"@id":"https:\/\/glamourshop.co.il\/#website"},"primaryImageOfPage":{"@id":"https:\/\/glamourshop.co.il\/product\/nail-fresh-liquid-240ml\/#primaryimage"},"image":{"@id":"https:\/\/glamourshop.co.il\/product\/nail-fresh-liquid-240ml\/#primaryimage"},"thumbnailUrl":"https:\/\/glamourshop.co.il\/wp-content\/uploads\/2023\/08\/\u05e0\u05d5\u05d6\u05dc-\u05e0\u05d9\u05d9\u05dc-\u05e4\u05e8\u05e9-\u05d2\u05dc\u05de\u05d5\u05e8-240-\u05de\u05dc-\u05dc\u05d7\u05d9\u05e5.jpg","datePublished":"2020-08-20T10:58:25+00:00","dateModified":"2026-04-05T11:15:27+00:00","description":"\u05e0\u05d5\u05d6\u05dc \u05dc\u05d4\u05db\u05e0\u05ea \u05d4\u05e6\u05d9\u05e4\u05d5\u05e8\u05df \u05dc\u05e4\u05e0\u05d9 \u05d4\u05e0\u05d7\u05ea \u05d4\u05d7\u05d5\u05de\u05e8 (\u05dc\u05e9\u05d9\u05de\u05d5\u05e9 \u05d1\u05db\u05dc \u05d4\u05e9\u05d9\u05d8\u05d5\u05ea) \u2714 \u05de\u05d0\u05d6\u05df \u05d0\u05ea \u05e8\u05de\u05ea \u05d4-pH \u2714 \u05de\u05e1\u05d9\u05e8 \u05e9\u05d5\u05de\u05e0\u05d9\u05d5\u05ea \u05de\u05d4\u05e6\u05d9\u05e4\u05d5\u05e8\u05df \u2714 \u05de\u05e0\u05e7\u05d4 \u05d5\u05de\u05de\u05d9\u05e1 \u05d4\u05d9\u05d8\u05d1 \u05e9\u05d0\u05e8\u05d9\u05d5\u05ea \u05d0\u05d1\u05e7 \u05d1\u05e7\u05d1\u05d5\u05e7 240 \u05de\"\u05dc","breadcrumb":{"@id":"https:\/\/glamourshop.co.il\/product\/nail-fresh-liquid-240ml\/#breadcrumb"},"inLanguage":"fr-FR","potentialAction":[{"@type":"ReadAction","target":["https:\/\/glamourshop.co.il\/product\/nail-fresh-liquid-240ml\/"]}]},{"@type":"ImageObject","inLanguage":"fr-FR","@id":"https:\/\/glamourshop.co.il\/product\/nail-fresh-liquid-240ml\/#primaryimage","url":"https:\/\/glamourshop.co.il\/wp-content\/uploads\/2023\/08\/\u05e0\u05d5\u05d6\u05dc-\u05e0\u05d9\u05d9\u05dc-\u05e4\u05e8\u05e9-\u05d2\u05dc\u05de\u05d5\u05e8-240-\u05de\u05dc-\u05dc\u05d7\u05d9\u05e5.jpg","contentUrl":"https:\/\/glamourshop.co.il\/wp-content\/uploads\/2023\/08\/\u05e0\u05d5\u05d6\u05dc-\u05e0\u05d9\u05d9\u05dc-\u05e4\u05e8\u05e9-\u05d2\u05dc\u05de\u05d5\u05e8-240-\u05de\u05dc-\u05dc\u05d7\u05d9\u05e5.jpg","width":1080,"height":1080,"caption":"\u05e0\u05d9\u05d9\u05dc \u05e4\u05e8\u05e9 \u05d2\u05dc\u05de\u05d5\u05e8 240 \u05de\u05dc \u05dc\u05d7\u05d9\u05e5"},{"@type":"BreadcrumbList","@id":"https:\/\/glamourshop.co.il\/product\/nail-fresh-liquid-240ml\/#breadcrumb","itemListElement":[{"@type":"ListItem","position":1,"name":"\u05d3\u05e3 \u05d4\u05d1\u05d9\u05ea","item":"https:\/\/glamourshop.co.il\/"},{"@type":"ListItem","position":2,"name":"\u05de\u05d5\u05e6\u05e8\u05d9\u05dd","item":"https:\/\/glamourshop.co.il\/shop\/"},{"@type":"ListItem","position":3,"name":"\u05e0\u05d5\u05d6\u05dc \u05e0\u05d9\u05d9\u05dc \u05e4\u05e8\u05e9 (\u05dc\u05d7\u05d9\u05e5) 240 \u05de&quot;\u05dc"}]},{"@type":"WebSite","@id":"https:\/\/glamourshop.co.il\/#website","url":"https:\/\/glamourshop.co.il\/","name":"Galmore Shop","description":"\u201c Galmor \u201d est une marque isra\u00e9lienne sp\u00e9cialis\u00e9e dans la fabrication et la commercialisation de produits pour la construction d'ongles, de vernis gel et d'\u00e9quipements pour manucure.","publisher":{"@id":"https:\/\/glamourshop.co.il\/#organization"},"potentialAction":[{"@type":"SearchAction","target":{"@type":"EntryPoint","urlTemplate":"https:\/\/glamourshop.co.il\/?s={search_term_string}"},"query-input":{"@type":"PropertyValueSpecification","valueRequired":true,"valueName":"search_term_string"}}],"inLanguage":"fr-FR"},{"@type":"Organization","@id":"https:\/\/glamourshop.co.il\/#organization","name":"Boutique Glamour","url":"https:\/\/glamourshop.co.il\/","logo":{"@type":"ImageObject","inLanguage":"fr-FR","@id":"https:\/\/glamourshop.co.il\/#\/schema\/logo\/image\/","url":"https:\/\/glamourshop.co.il\/wp-content\/uploads\/2022\/04\/seo-logo.jpg","contentUrl":"https:\/\/glamourshop.co.il\/wp-content\/uploads\/2022\/04\/seo-logo.jpg","width":1080,"height":631,"caption":"Glamour Shop"},"image":{"@id":"https:\/\/glamourshop.co.il\/#\/schema\/logo\/image\/"},"sameAs":["https:\/\/www.facebook.com\/GlamourShopProfessionalNails","https:\/\/www.instagram.com\/glamour_professional_nails\/"]}]}},"uagb_featured_image_src":{"full":["https:\/\/glamourshop.co.il\/wp-content\/uploads\/2023\/08\/\u05e0\u05d5\u05d6\u05dc-\u05e0\u05d9\u05d9\u05dc-\u05e4\u05e8\u05e9-\u05d2\u05dc\u05de\u05d5\u05e8-240-\u05de\u05dc-\u05dc\u05d7\u05d9\u05e5.jpg",1080,1080,false],"thumbnail":["https:\/\/glamourshop.co.il\/wp-content\/uploads\/2023\/08\/\u05e0\u05d5\u05d6\u05dc-\u05e0\u05d9\u05d9\u05dc-\u05e4\u05e8\u05e9-\u05d2\u05dc\u05de\u05d5\u05e8-240-\u05de\u05dc-\u05dc\u05d7\u05d9\u05e5-300x300.jpg",300,300,true],"medium":["https:\/\/glamourshop.co.il\/wp-content\/uploads\/2023\/08\/\u05e0\u05d5\u05d6\u05dc-\u05e0\u05d9\u05d9\u05dc-\u05e4\u05e8\u05e9-\u05d2\u05dc\u05de\u05d5\u05e8-240-\u05de\u05dc-\u05dc\u05d7\u05d9\u05e5-400x400.jpg",400,400,true],"medium_large":["https:\/\/glamourshop.co.il\/wp-content\/uploads\/2023\/08\/\u05e0\u05d5\u05d6\u05dc-\u05e0\u05d9\u05d9\u05dc-\u05e4\u05e8\u05e9-\u05d2\u05dc\u05de\u05d5\u05e8-240-\u05de\u05dc-\u05dc\u05d7\u05d9\u05e5-768x768.jpg",768,768,true],"large":["https:\/\/glamourshop.co.il\/wp-content\/uploads\/2023\/08\/\u05e0\u05d5\u05d6\u05dc-\u05e0\u05d9\u05d9\u05dc-\u05e4\u05e8\u05e9-\u05d2\u05dc\u05de\u05d5\u05e8-240-\u05de\u05dc-\u05dc\u05d7\u05d9\u05e5-800x800.jpg",800,800,true],"1536x1536":["https:\/\/glamourshop.co.il\/wp-content\/uploads\/2023\/08\/\u05e0\u05d5\u05d6\u05dc-\u05e0\u05d9\u05d9\u05dc-\u05e4\u05e8\u05e9-\u05d2\u05dc\u05de\u05d5\u05e8-240-\u05de\u05dc-\u05dc\u05d7\u05d9\u05e5.jpg",1080,1080,false],"2048x2048":["https:\/\/glamourshop.co.il\/wp-content\/uploads\/2023\/08\/\u05e0\u05d5\u05d6\u05dc-\u05e0\u05d9\u05d9\u05dc-\u05e4\u05e8\u05e9-\u05d2\u05dc\u05de\u05d5\u05e8-240-\u05de\u05dc-\u05dc\u05d7\u05d9\u05e5.jpg",1080,1080,false],"trp-custom-language-flag":["https:\/\/glamourshop.co.il\/wp-content\/uploads\/2023\/08\/\u05e0\u05d5\u05d6\u05dc-\u05e0\u05d9\u05d9\u05dc-\u05e4\u05e8\u05e9-\u05d2\u05dc\u05de\u05d5\u05e8-240-\u05de\u05dc-\u05dc\u05d7\u05d9\u05e5.jpg",12,12,false],"icon":["https:\/\/glamourshop.co.il\/wp-content\/uploads\/2023\/08\/\u05e0\u05d5\u05d6\u05dc-\u05e0\u05d9\u05d9\u05dc-\u05e4\u05e8\u05e9-\u05d2\u05dc\u05de\u05d5\u05e8-240-\u05de\u05dc-\u05dc\u05d7\u05d9\u05e5.jpg",1080,1080,false],"oc-product-thumbnail":["https:\/\/glamourshop.co.il\/wp-content\/uploads\/2023\/08\/\u05e0\u05d5\u05d6\u05dc-\u05e0\u05d9\u05d9\u05dc-\u05e4\u05e8\u05e9-\u05d2\u05dc\u05de\u05d5\u05e8-240-\u05de\u05dc-\u05dc\u05d7\u05d9\u05e5.jpg",149,149,false],"oc-product-single-image":["https:\/\/glamourshop.co.il\/wp-content\/uploads\/2023\/08\/\u05e0\u05d5\u05d6\u05dc-\u05e0\u05d9\u05d9\u05dc-\u05e4\u05e8\u05e9-\u05d2\u05dc\u05de\u05d5\u05e8-240-\u05de\u05dc-\u05dc\u05d7\u05d9\u05e5.jpg",727,727,false],"oc-product-archive-thumbnail":["https:\/\/glamourshop.co.il\/wp-content\/uploads\/2023\/08\/\u05e0\u05d5\u05d6\u05dc-\u05e0\u05d9\u05d9\u05dc-\u05e4\u05e8\u05e9-\u05d2\u05dc\u05de\u05d5\u05e8-240-\u05de\u05dc-\u05dc\u05d7\u05d9\u05e5.jpg",422,422,false],"woocommerce_thumbnail":["https:\/\/glamourshop.co.il\/wp-content\/uploads\/2023\/08\/\u05e0\u05d5\u05d6\u05dc-\u05e0\u05d9\u05d9\u05dc-\u05e4\u05e8\u05e9-\u05d2\u05dc\u05de\u05d5\u05e8-240-\u05de\u05dc-\u05dc\u05d7\u05d9\u05e5-500x500.jpg",500,500,true],"woocommerce_single":["https:\/\/glamourshop.co.il\/wp-content\/uploads\/2023\/08\/\u05e0\u05d5\u05d6\u05dc-\u05e0\u05d9\u05d9\u05dc-\u05e4\u05e8\u05e9-\u05d2\u05dc\u05de\u05d5\u05e8-240-\u05de\u05dc-\u05dc\u05d7\u05d9\u05e5-600x600.jpg",600,600,true],"woocommerce_gallery_thumbnail":["https:\/\/glamourshop.co.il\/wp-content\/uploads\/2023\/08\/\u05e0\u05d5\u05d6\u05dc-\u05e0\u05d9\u05d9\u05dc-\u05e4\u05e8\u05e9-\u05d2\u05dc\u05de\u05d5\u05e8-240-\u05de\u05dc-\u05dc\u05d7\u05d9\u05e5-100x100.jpg",100,100,true]},"uagb_author_info":{"display_name":"\u05e0\u05d9\u05e1\u05df \u05de\u05d9\u05db\u05d0\u05dc\u05d5\u05d1","author_link":"https:\/\/glamourshop.co.il\/fr\/author\/"},"uagb_comment_info":2,"uagb_excerpt":"\u05e0\u05d5\u05d6\u05dc \u05dc\u05d4\u05db\u05e0\u05ea \u05d4\u05e6\u05d9\u05e4\u05d5\u05e8\u05df \u05dc\u05e4\u05e0\u05d9 \u05d4\u05e0\u05d7\u05ea \u05d4\u05d7\u05d5\u05de\u05e8 (\u05dc\u05e9\u05d9\u05de\u05d5\u05e9 \u05d1\u05db\u05dc \u05d4\u05e9\u05d9\u05d8\u05d5\u05ea) \u2714 \u05de\u05d0\u05d6\u05df \u05d0\u05ea \u05e8\u05de\u05ea \u05d4-pH \u2714 \u05de\u05e1\u05d9\u05e8 \u05e9\u05d5\u05de\u05e0\u05d9\u05d5\u05ea \u05de\u05d4\u05e6\u05d9\u05e4\u05d5\u05e8\u05df \u2714 \u05de\u05e0\u05e7\u05d4 \u05d5\u05de\u05de\u05d9\u05e1 \u05d4\u05d9\u05d8\u05d1 \u05e9\u05d0\u05e8\u05d9\u05d5\u05ea \u05d0\u05d1\u05e7 \u05d1\u05e7\u05d1\u05d5\u05e7 240 \u05de\"\u05dc","_links":{"self":[{"href":"https:\/\/glamourshop.co.il\/fr\/wp-json\/wp\/v2\/product\/840","targetHints":{"allow":["GET"]}}],"collection":[{"href":"https:\/\/glamourshop.co.il\/fr\/wp-json\/wp\/v2\/product"}],"about":[{"href":"https:\/\/glamourshop.co.il\/fr\/wp-json\/wp\/v2\/types\/product"}],"replies":[{"embeddable":true,"href":"https:\/\/glamourshop.co.il\/fr\/wp-json\/wp\/v2\/comments?post=840"}],"wp:featuredmedia":[{"embeddable":true,"href":"https:\/\/glamourshop.co.il\/fr\/wp-json\/wp\/v2\/media\/21462"}],"wp:attachment":[{"href":"https:\/\/glamourshop.co.il\/fr\/wp-json\/wp\/v2\/media?parent=840"}],"wp:term":[{"taxonomy":"product_brand","embeddable":true,"href":"https:\/\/glamourshop.co.il\/fr\/wp-json\/wp\/v2\/product_brand?post=840"},{"taxonomy":"product_cat","embeddable":true,"href":"https:\/\/glamourshop.co.il\/fr\/wp-json\/wp\/v2\/product_cat?post=840"},{"taxonomy":"product_tag","embeddable":true,"href":"https:\/\/glamourshop.co.il\/fr\/wp-json\/wp\/v2\/product_tag?post=840"}],"curies":[{"name":"wp","href":"https:\/\/api.w.org\/{rel}","templated":true}]}}